{"id":742817,"date":"2022-02-08T15:59:04","date_gmt":"2022-02-08T14:59:04","guid":{"rendered":"https:\/\/hubsch-interior.com\/product\/product\/"},"modified":"2026-04-05T05:19:58","modified_gmt":"2026-04-05T03:19:58","slug":"swing-crochet-noir","status":"publish","type":"product","link":"https:\/\/hubsch-interior.com\/fr\/produit\/swing-crochet-noir\/","title":{"rendered":"Swing Crochet Noir"},"content":{"rendered":"<p>Doux et graphique \u00e0 la fois. Le crochet Swing blanc apportera une touche de modernit\u00e9 \u00e0 toutes les pi\u00e8ces de votre habitat ! Dans votre cuisine, votre salle de bain ou votre chambre, vous n&#8217;aurez qu&#8217;\u00e0 choisir la couleur que vous aimez. Le crochet Swing est disponible en trois couleurs : blanc, noir ou couleur laiton. Associez-le avec une ou plusieurs couleurs et accrochez-en trois ou cinq d&#8217;affil\u00e9e pour un effet visuel remarqu\u00e9 !<\/p>\n","protected":false},"excerpt":{"rendered":"<p>Doux et graphique \u00e0 la fois. Le crochet Swing blanc apportera une touche de modernit\u00e9 \u00e0 toutes les pi\u00e8ces de votre habitat ! Dans votre cuisine, votre salle de bain ou votre chambre, vous n&#8217;aurez qu&#8217;\u00e0 choisir la couleur que vous aimez. Le crochet Swing est disponible en trois couleurs : blanc, noir ou couleur [&hellip;]<\/p>\n","protected":false},"featured_media":1110169,"template":"","meta":{"_acf_changed":false,"inline_featured_image":false},"product_brand":[],"product_cat":[7071,7066,4041,4107,5026],"product_tag":[],"class_list":{"0":"post-742817","1":"product","2":"type-product","3":"status-publish","4":"has-post-thumbnail","6":"product_cat-crochets-et-etageres-fr","7":"product_cat-cuisine-etageres-fr","8":"product_cat-pateres-porte-manteaux-fr","9":"product_cat-pateres-fr","10":"product_cat-bestsellers-fr","11":"product_shipping_class-pk","12":"pa_color-noir","13":"pa_material-fer-fr","15":"first","16":"outofstock","17":"featured","18":"taxable","19":"shipping-taxable","20":"purchasable","21":"product-type-simple"},"exclude_global_add_ons":[],"addons":[],"acf":[],"yoast_head":"<!-- This site is optimized with the Yoast SEO plugin v26.4 - https:\/\/yoast.com\/wordpress\/plugins\/seo\/ -->\n<title>Swing Crochet Noir - H\u00fcbsch<\/title>\n<meta name=\"description\" content=\"Doux et graphique \u00e0 la fois. Le crochet Swing blanc apportera une touche de modernit\u00e9 \u00e0 toutes les pi\u00e8ces de votre habitat ! Dans votre cuisine, votre\" \/>\n<meta name=\"robots\" content=\"index, follow, max-snippet:-1, max-image-preview:large, max-video-preview:-1\" \/>\n<link rel=\"canonical\" href=\"https:\/\/hubsch-interior.com\/fr\/wp-json\/wp\/v2\/product\/742817\" \/>\n<meta property=\"og:locale\" content=\"fr_FR\" \/>\n<meta property=\"og:type\" content=\"article\" \/>\n<meta property=\"og:title\" content=\"Swing Crochet Noir - H\u00fcbsch\" \/>\n<meta property=\"og:description\" content=\"Doux et graphique \u00e0 la fois. Le crochet Swing blanc apportera une touche de modernit\u00e9 \u00e0 toutes les pi\u00e8ces de votre habitat ! Dans votre cuisine, votre\" \/>\n<meta property=\"og:url\" content=\"https:\/\/hubsch-interior.com\/fr\/produit\/swing-crochet-noir\/\" \/>\n<meta property=\"og:site_name\" content=\"H\u00fcbsch\" \/>\n<meta property=\"article:modified_time\" content=\"2026-04-05T03:19:58+00:00\" \/>\n<meta property=\"og:image\" content=\"https:\/\/hubsch-interior.com\/wp-content\/uploads\/2024\/01\/swing-hook-black-724c1a58e7e321828d68839d47db33e4.jpg\" \/>\n\t<meta property=\"og:image:width\" content=\"1200\" \/>\n\t<meta property=\"og:image:height\" content=\"1200\" \/>\n\t<meta property=\"og:image:type\" content=\"image\/jpeg\" \/>\n<meta name=\"twitter:card\" content=\"summary_large_image\" \/>\n<script type=\"application\/ld+json\" class=\"yoast-schema-graph\">{\"@context\":\"https:\/\/schema.org\",\"@graph\":[{\"@type\":\"WebPage\",\"@id\":\"https:\/\/hubsch-interior.com\/fr\/produit\/swing-crochet-noir\/\",\"url\":\"https:\/\/hubsch-interior.com\/fr\/produit\/swing-crochet-noir\/\",\"name\":\"Swing Crochet Noir - H\u00fcbsch\",\"isPartOf\":{\"@id\":\"https:\/\/hubsch-interior.com\/fr\/#website\"},\"primaryImageOfPage\":{\"@id\":\"https:\/\/hubsch-interior.com\/fr\/produit\/swing-crochet-noir\/#primaryimage\"},\"image\":{\"@id\":\"https:\/\/hubsch-interior.com\/fr\/produit\/swing-crochet-noir\/#primaryimage\"},\"thumbnailUrl\":\"https:\/\/hubsch-interior.com\/wp-content\/uploads\/2026\/02\/swing-hook-black-500682070b18ad95401e6dab8f023428.jpg\",\"datePublished\":\"2022-02-08T14:59:04+00:00\",\"dateModified\":\"2026-04-05T03:19:58+00:00\",\"description\":\"Doux et graphique \u00e0 la fois. Le crochet Swing blanc apportera une touche de modernit\u00e9 \u00e0 toutes les pi\u00e8ces de votre habitat ! Dans votre cuisine, votre\",\"breadcrumb\":{\"@id\":\"https:\/\/hubsch-interior.com\/fr\/produit\/swing-crochet-noir\/#breadcrumb\"},\"inLanguage\":\"fr-FR\",\"potentialAction\":[{\"@type\":\"ReadAction\",\"target\":[\"https:\/\/hubsch-interior.com\/fr\/produit\/swing-crochet-noir\/\"]}]},{\"@type\":\"ImageObject\",\"inLanguage\":\"fr-FR\",\"@id\":\"https:\/\/hubsch-interior.com\/fr\/produit\/swing-crochet-noir\/#primaryimage\",\"url\":\"https:\/\/hubsch-interior.com\/wp-content\/uploads\/2026\/02\/swing-hook-black-500682070b18ad95401e6dab8f023428.jpg\",\"contentUrl\":\"https:\/\/hubsch-interior.com\/wp-content\/uploads\/2026\/02\/swing-hook-black-500682070b18ad95401e6dab8f023428.jpg\",\"width\":1024,\"height\":1024},{\"@type\":\"BreadcrumbList\",\"@id\":\"https:\/\/hubsch-interior.com\/fr\/produit\/swing-crochet-noir\/#breadcrumb\",\"itemListElement\":[{\"@type\":\"ListItem\",\"position\":1,\"name\":\"Page d'accueil\",\"item\":\"https:\/\/hubsch-interior.com\/fr\/\"},{\"@type\":\"ListItem\",\"position\":2,\"name\":\"Produits\",\"item\":\"https:\/\/hubsch-interior.com\/fr\/shop-2\/\"},{\"@type\":\"ListItem\",\"position\":3,\"name\":\"Accessoires maison\",\"item\":\"https:\/\/hubsch-interior.com\/fr\/categorie-produit\/accessoires-maison\/\"},{\"@type\":\"ListItem\",\"position\":4,\"name\":\"Pat&egrave;res &amp; porte-manteaux\",\"item\":\"https:\/\/hubsch-interior.com\/fr\/categorie-produit\/accessoires-maison\/pateres-porte-manteaux-fr\/\"},{\"@type\":\"ListItem\",\"position\":5,\"name\":\"Pat&egrave;res\",\"item\":\"https:\/\/hubsch-interior.com\/fr\/categorie-produit\/accessoires-maison\/pateres-porte-manteaux-fr\/pateres-fr\/\"},{\"@type\":\"ListItem\",\"position\":6,\"name\":\"Swing Crochet Noir\"}]},{\"@type\":\"WebSite\",\"@id\":\"https:\/\/hubsch-interior.com\/fr\/#website\",\"url\":\"https:\/\/hubsch-interior.com\/fr\/\",\"name\":\"H\u00fcbsch\",\"description\":\"Danish Home Interior and Design\",\"publisher\":{\"@id\":\"https:\/\/hubsch-interior.com\/fr\/#organization\"},\"potentialAction\":[{\"@type\":\"SearchAction\",\"target\":{\"@type\":\"EntryPoint\",\"urlTemplate\":\"https:\/\/hubsch-interior.com\/fr\/?s={search_term_string}\"},\"query-input\":{\"@type\":\"PropertyValueSpecification\",\"valueRequired\":true,\"valueName\":\"search_term_string\"}}],\"inLanguage\":\"fr-FR\"},{\"@type\":\"Organization\",\"@id\":\"https:\/\/hubsch-interior.com\/fr\/#organization\",\"name\":\"H\u00fcbsch\",\"url\":\"https:\/\/hubsch-interior.com\/fr\/\",\"logo\":{\"@type\":\"ImageObject\",\"inLanguage\":\"fr-FR\",\"@id\":\"https:\/\/hubsch-interior.com\/fr\/#\/schema\/logo\/image\/\",\"url\":\"https:\/\/hubsch-interior.com\/wp-content\/uploads\/2022\/12\/Hubsch_logo_black_one_line.svg\",\"contentUrl\":\"https:\/\/hubsch-interior.com\/wp-content\/uploads\/2022\/12\/Hubsch_logo_black_one_line.svg\",\"caption\":\"H\u00fcbsch\"},\"image\":{\"@id\":\"https:\/\/hubsch-interior.com\/fr\/#\/schema\/logo\/image\/\"}}]}<\/script>\n<!-- \/ Yoast SEO plugin. -->","yoast_head_json":{"title":"Swing Crochet Noir - H\u00fcbsch","description":"Doux et graphique \u00e0 la fois. Le crochet Swing blanc apportera une touche de modernit\u00e9 \u00e0 toutes les pi\u00e8ces de votre habitat ! Dans votre cuisine, votre","robots":{"index":"index","follow":"follow","max-snippet":"max-snippet:-1","max-image-preview":"max-image-preview:large","max-video-preview":"max-video-preview:-1"},"canonical":"https:\/\/hubsch-interior.com\/fr\/wp-json\/wp\/v2\/product\/742817","og_locale":"fr_FR","og_type":"article","og_title":"Swing Crochet Noir - H\u00fcbsch","og_description":"Doux et graphique \u00e0 la fois. Le crochet Swing blanc apportera une touche de modernit\u00e9 \u00e0 toutes les pi\u00e8ces de votre habitat ! Dans votre cuisine, votre","og_url":"https:\/\/hubsch-interior.com\/fr\/produit\/swing-crochet-noir\/","og_site_name":"H\u00fcbsch","article_modified_time":"2026-04-05T03:19:58+00:00","og_image":[{"width":1200,"height":1200,"url":"https:\/\/hubsch-interior.com\/wp-content\/uploads\/2024\/01\/swing-hook-black-724c1a58e7e321828d68839d47db33e4.jpg","type":"image\/jpeg"}],"twitter_card":"summary_large_image","schema":{"@context":"https:\/\/schema.org","@graph":[{"@type":"WebPage","@id":"https:\/\/hubsch-interior.com\/fr\/produit\/swing-crochet-noir\/","url":"https:\/\/hubsch-interior.com\/fr\/produit\/swing-crochet-noir\/","name":"Swing Crochet Noir - H\u00fcbsch","isPartOf":{"@id":"https:\/\/hubsch-interior.com\/fr\/#website"},"primaryImageOfPage":{"@id":"https:\/\/hubsch-interior.com\/fr\/produit\/swing-crochet-noir\/#primaryimage"},"image":{"@id":"https:\/\/hubsch-interior.com\/fr\/produit\/swing-crochet-noir\/#primaryimage"},"thumbnailUrl":"https:\/\/hubsch-interior.com\/wp-content\/uploads\/2026\/02\/swing-hook-black-500682070b18ad95401e6dab8f023428.jpg","datePublished":"2022-02-08T14:59:04+00:00","dateModified":"2026-04-05T03:19:58+00:00","description":"Doux et graphique \u00e0 la fois. Le crochet Swing blanc apportera une touche de modernit\u00e9 \u00e0 toutes les pi\u00e8ces de votre habitat ! Dans votre cuisine, votre","breadcrumb":{"@id":"https:\/\/hubsch-interior.com\/fr\/produit\/swing-crochet-noir\/#breadcrumb"},"inLanguage":"fr-FR","potentialAction":[{"@type":"ReadAction","target":["https:\/\/hubsch-interior.com\/fr\/produit\/swing-crochet-noir\/"]}]},{"@type":"ImageObject","inLanguage":"fr-FR","@id":"https:\/\/hubsch-interior.com\/fr\/produit\/swing-crochet-noir\/#primaryimage","url":"https:\/\/hubsch-interior.com\/wp-content\/uploads\/2026\/02\/swing-hook-black-500682070b18ad95401e6dab8f023428.jpg","contentUrl":"https:\/\/hubsch-interior.com\/wp-content\/uploads\/2026\/02\/swing-hook-black-500682070b18ad95401e6dab8f023428.jpg","width":1024,"height":1024},{"@type":"BreadcrumbList","@id":"https:\/\/hubsch-interior.com\/fr\/produit\/swing-crochet-noir\/#breadcrumb","itemListElement":[{"@type":"ListItem","position":1,"name":"Page d'accueil","item":"https:\/\/hubsch-interior.com\/fr\/"},{"@type":"ListItem","position":2,"name":"Produits","item":"https:\/\/hubsch-interior.com\/fr\/shop-2\/"},{"@type":"ListItem","position":3,"name":"Accessoires maison","item":"https:\/\/hubsch-interior.com\/fr\/categorie-produit\/accessoires-maison\/"},{"@type":"ListItem","position":4,"name":"Pat&egrave;res &amp; porte-manteaux","item":"https:\/\/hubsch-interior.com\/fr\/categorie-produit\/accessoires-maison\/pateres-porte-manteaux-fr\/"},{"@type":"ListItem","position":5,"name":"Pat&egrave;res","item":"https:\/\/hubsch-interior.com\/fr\/categorie-produit\/accessoires-maison\/pateres-porte-manteaux-fr\/pateres-fr\/"},{"@type":"ListItem","position":6,"name":"Swing Crochet Noir"}]},{"@type":"WebSite","@id":"https:\/\/hubsch-interior.com\/fr\/#website","url":"https:\/\/hubsch-interior.com\/fr\/","name":"H\u00fcbsch","description":"Danish Home Interior and Design","publisher":{"@id":"https:\/\/hubsch-interior.com\/fr\/#organization"},"potentialAction":[{"@type":"SearchAction","target":{"@type":"EntryPoint","urlTemplate":"https:\/\/hubsch-interior.com\/fr\/?s={search_term_string}"},"query-input":{"@type":"PropertyValueSpecification","valueRequired":true,"valueName":"search_term_string"}}],"inLanguage":"fr-FR"},{"@type":"Organization","@id":"https:\/\/hubsch-interior.com\/fr\/#organization","name":"H\u00fcbsch","url":"https:\/\/hubsch-interior.com\/fr\/","logo":{"@type":"ImageObject","inLanguage":"fr-FR","@id":"https:\/\/hubsch-interior.com\/fr\/#\/schema\/logo\/image\/","url":"https:\/\/hubsch-interior.com\/wp-content\/uploads\/2022\/12\/Hubsch_logo_black_one_line.svg","contentUrl":"https:\/\/hubsch-interior.com\/wp-content\/uploads\/2022\/12\/Hubsch_logo_black_one_line.svg","caption":"H\u00fcbsch"},"image":{"@id":"https:\/\/hubsch-interior.com\/fr\/#\/schema\/logo\/image\/"}}]}},"_links":{"self":[{"href":"https:\/\/hubsch-interior.com\/fr\/wp-json\/wp\/v2\/product\/742817","targetHints":{"allow":["GET"]}}],"collection":[{"href":"https:\/\/hubsch-interior.com\/fr\/wp-json\/wp\/v2\/product"}],"about":[{"href":"https:\/\/hubsch-interior.com\/fr\/wp-json\/wp\/v2\/types\/product"}],"wp:featuredmedia":[{"embeddable":true,"href":"https:\/\/hubsch-interior.com\/fr\/wp-json\/wp\/v2\/media\/1110169"}],"wp:attachment":[{"href":"https:\/\/hubsch-interior.com\/fr\/wp-json\/wp\/v2\/media?parent=742817"}],"wp:term":[{"taxonomy":"product_brand","embeddable":true,"href":"https:\/\/hubsch-interior.com\/fr\/wp-json\/wp\/v2\/product_brand?post=742817"},{"taxonomy":"product_cat","embeddable":true,"href":"https:\/\/hubsch-interior.com\/fr\/wp-json\/wp\/v2\/product_cat?post=742817"},{"taxonomy":"product_tag","embeddable":true,"href":"https:\/\/hubsch-interior.com\/fr\/wp-json\/wp\/v2\/product_tag?post=742817"}],"curies":[{"name":"wp","href":"https:\/\/api.w.org\/{rel}","templated":true}]}}