{"id":742838,"date":"2022-02-08T15:59:17","date_gmt":"2022-02-08T14:59:17","guid":{"rendered":"https:\/\/hubsch-interior.com\/product\/product\/"},"modified":"2026-04-05T05:20:06","modified_gmt":"2026-04-05T03:20:06","slug":"flare-crochet-sable","status":"publish","type":"product","link":"https:\/\/hubsch-interior.com\/fr\/produit\/flare-crochet-sable\/","title":{"rendered":"Flare Crochet Sable"},"content":{"rendered":"<p>Pat\u00e8re murale absolument magnifique pour accrocher vos torchons ou vos serviettes. La forme ronde est simple et moderne et se marrie avec tous les styles d&#8217;int\u00e9rieurs. Extr\u00eamement facile \u00e0 monter avec une seule vis, elle se pose partout o\u00f9 vous avez envie. Osez l&#8217;ensemble avec trois et cinq pat\u00e8res d&#8217;affil\u00e9e pour un alignement parfait, mais bien entendu, la pat\u00e8re Flare couleur sable s&#8217;impose aussi toute seule. Disponible en trois couleurs.<\/p>\n","protected":false},"excerpt":{"rendered":"<p>Pat\u00e8re murale absolument magnifique pour accrocher vos torchons ou vos serviettes. La forme ronde est simple et moderne et se marrie avec tous les styles d&#8217;int\u00e9rieurs. Extr\u00eamement facile \u00e0 monter avec une seule vis, elle se pose partout o\u00f9 vous avez envie. Osez l&#8217;ensemble avec trois et cinq pat\u00e8res d&#8217;affil\u00e9e pour un alignement parfait, mais [&hellip;]<\/p>\n","protected":false},"featured_media":1110193,"template":"","meta":{"_acf_changed":false,"inline_featured_image":false},"product_brand":[],"product_cat":[7071,7066,4041,4107,5026],"product_tag":[],"class_list":{"0":"post-742838","1":"product","2":"type-product","3":"status-publish","4":"has-post-thumbnail","6":"product_cat-crochets-et-etageres-fr","7":"product_cat-cuisine-etageres-fr","8":"product_cat-pateres-porte-manteaux-fr","9":"product_cat-pateres-fr","10":"product_cat-bestsellers-fr","11":"product_shipping_class-pk","13":"pa_color-sable","14":"pa_material-fer-fr","16":"first","17":"instock","18":"featured","19":"taxable","20":"shipping-taxable","21":"purchasable","22":"product-type-simple"},"exclude_global_add_ons":[],"addons":[],"acf":[],"yoast_head":"<!-- This site is optimized with the Yoast SEO plugin v26.4 - https:\/\/yoast.com\/wordpress\/plugins\/seo\/ -->\n<title>Flare Crochet Sable - H\u00fcbsch<\/title>\n<meta name=\"description\" content=\"Pat\u00e8re murale absolument magnifique pour accrocher vos torchons ou vos serviettes. La forme ronde est simple et moderne et se marrie avec tous les styles\" \/>\n<meta name=\"robots\" content=\"index, follow, max-snippet:-1, max-image-preview:large, max-video-preview:-1\" \/>\n<link rel=\"canonical\" href=\"https:\/\/hubsch-interior.com\/fr\/wp-json\/wp\/v2\/product\/742838\" \/>\n<meta property=\"og:locale\" content=\"fr_FR\" \/>\n<meta property=\"og:type\" content=\"article\" \/>\n<meta property=\"og:title\" content=\"Flare Crochet Sable - H\u00fcbsch\" \/>\n<meta property=\"og:description\" content=\"Pat\u00e8re murale absolument magnifique pour accrocher vos torchons ou vos serviettes. La forme ronde est simple et moderne et se marrie avec tous les styles\" \/>\n<meta property=\"og:url\" content=\"https:\/\/hubsch-interior.com\/fr\/produit\/flare-crochet-sable\/\" \/>\n<meta property=\"og:site_name\" content=\"H\u00fcbsch\" \/>\n<meta property=\"article:modified_time\" content=\"2026-04-05T03:20:06+00:00\" \/>\n<meta property=\"og:image\" content=\"https:\/\/hubsch-interior.com\/wp-content\/uploads\/2024\/01\/flare-hook-sand-2df6989c454689bdcc931f64a66912ba.jpg\" \/>\n\t<meta property=\"og:image:width\" content=\"1200\" \/>\n\t<meta property=\"og:image:height\" content=\"1200\" \/>\n\t<meta property=\"og:image:type\" content=\"image\/jpeg\" \/>\n<meta name=\"twitter:card\" content=\"summary_large_image\" \/>\n<script type=\"application\/ld+json\" class=\"yoast-schema-graph\">{\"@context\":\"https:\/\/schema.org\",\"@graph\":[{\"@type\":\"WebPage\",\"@id\":\"https:\/\/hubsch-interior.com\/fr\/produit\/flare-crochet-sable\/\",\"url\":\"https:\/\/hubsch-interior.com\/fr\/produit\/flare-crochet-sable\/\",\"name\":\"Flare Crochet Sable - H\u00fcbsch\",\"isPartOf\":{\"@id\":\"https:\/\/hubsch-interior.com\/fr\/#website\"},\"primaryImageOfPage\":{\"@id\":\"https:\/\/hubsch-interior.com\/fr\/produit\/flare-crochet-sable\/#primaryimage\"},\"image\":{\"@id\":\"https:\/\/hubsch-interior.com\/fr\/produit\/flare-crochet-sable\/#primaryimage\"},\"thumbnailUrl\":\"https:\/\/hubsch-interior.com\/wp-content\/uploads\/2026\/02\/flare-hook-sand-92306fe3717e41310f583ef379dbd907.jpg\",\"datePublished\":\"2022-02-08T14:59:17+00:00\",\"dateModified\":\"2026-04-05T03:20:06+00:00\",\"description\":\"Pat\u00e8re murale absolument magnifique pour accrocher vos torchons ou vos serviettes. La forme ronde est simple et moderne et se marrie avec tous les styles\",\"breadcrumb\":{\"@id\":\"https:\/\/hubsch-interior.com\/fr\/produit\/flare-crochet-sable\/#breadcrumb\"},\"inLanguage\":\"fr-FR\",\"potentialAction\":[{\"@type\":\"ReadAction\",\"target\":[\"https:\/\/hubsch-interior.com\/fr\/produit\/flare-crochet-sable\/\"]}]},{\"@type\":\"ImageObject\",\"inLanguage\":\"fr-FR\",\"@id\":\"https:\/\/hubsch-interior.com\/fr\/produit\/flare-crochet-sable\/#primaryimage\",\"url\":\"https:\/\/hubsch-interior.com\/wp-content\/uploads\/2026\/02\/flare-hook-sand-92306fe3717e41310f583ef379dbd907.jpg\",\"contentUrl\":\"https:\/\/hubsch-interior.com\/wp-content\/uploads\/2026\/02\/flare-hook-sand-92306fe3717e41310f583ef379dbd907.jpg\",\"width\":1024,\"height\":1024},{\"@type\":\"BreadcrumbList\",\"@id\":\"https:\/\/hubsch-interior.com\/fr\/produit\/flare-crochet-sable\/#breadcrumb\",\"itemListElement\":[{\"@type\":\"ListItem\",\"position\":1,\"name\":\"Page d'accueil\",\"item\":\"https:\/\/hubsch-interior.com\/fr\/\"},{\"@type\":\"ListItem\",\"position\":2,\"name\":\"Produits\",\"item\":\"https:\/\/hubsch-interior.com\/fr\/shop-2\/\"},{\"@type\":\"ListItem\",\"position\":3,\"name\":\"Accessoires maison\",\"item\":\"https:\/\/hubsch-interior.com\/fr\/categorie-produit\/accessoires-maison\/\"},{\"@type\":\"ListItem\",\"position\":4,\"name\":\"Pat&egrave;res &amp; porte-manteaux\",\"item\":\"https:\/\/hubsch-interior.com\/fr\/categorie-produit\/accessoires-maison\/pateres-porte-manteaux-fr\/\"},{\"@type\":\"ListItem\",\"position\":5,\"name\":\"Pat&egrave;res\",\"item\":\"https:\/\/hubsch-interior.com\/fr\/categorie-produit\/accessoires-maison\/pateres-porte-manteaux-fr\/pateres-fr\/\"},{\"@type\":\"ListItem\",\"position\":6,\"name\":\"Flare Crochet Sable\"}]},{\"@type\":\"WebSite\",\"@id\":\"https:\/\/hubsch-interior.com\/fr\/#website\",\"url\":\"https:\/\/hubsch-interior.com\/fr\/\",\"name\":\"H\u00fcbsch\",\"description\":\"Danish Home Interior and Design\",\"publisher\":{\"@id\":\"https:\/\/hubsch-interior.com\/fr\/#organization\"},\"potentialAction\":[{\"@type\":\"SearchAction\",\"target\":{\"@type\":\"EntryPoint\",\"urlTemplate\":\"https:\/\/hubsch-interior.com\/fr\/?s={search_term_string}\"},\"query-input\":{\"@type\":\"PropertyValueSpecification\",\"valueRequired\":true,\"valueName\":\"search_term_string\"}}],\"inLanguage\":\"fr-FR\"},{\"@type\":\"Organization\",\"@id\":\"https:\/\/hubsch-interior.com\/fr\/#organization\",\"name\":\"H\u00fcbsch\",\"url\":\"https:\/\/hubsch-interior.com\/fr\/\",\"logo\":{\"@type\":\"ImageObject\",\"inLanguage\":\"fr-FR\",\"@id\":\"https:\/\/hubsch-interior.com\/fr\/#\/schema\/logo\/image\/\",\"url\":\"https:\/\/hubsch-interior.com\/wp-content\/uploads\/2022\/12\/Hubsch_logo_black_one_line.svg\",\"contentUrl\":\"https:\/\/hubsch-interior.com\/wp-content\/uploads\/2022\/12\/Hubsch_logo_black_one_line.svg\",\"caption\":\"H\u00fcbsch\"},\"image\":{\"@id\":\"https:\/\/hubsch-interior.com\/fr\/#\/schema\/logo\/image\/\"}}]}<\/script>\n<!-- \/ Yoast SEO plugin. -->","yoast_head_json":{"title":"Flare Crochet Sable - H\u00fcbsch","description":"Pat\u00e8re murale absolument magnifique pour accrocher vos torchons ou vos serviettes. La forme ronde est simple et moderne et se marrie avec tous les styles","robots":{"index":"index","follow":"follow","max-snippet":"max-snippet:-1","max-image-preview":"max-image-preview:large","max-video-preview":"max-video-preview:-1"},"canonical":"https:\/\/hubsch-interior.com\/fr\/wp-json\/wp\/v2\/product\/742838","og_locale":"fr_FR","og_type":"article","og_title":"Flare Crochet Sable - H\u00fcbsch","og_description":"Pat\u00e8re murale absolument magnifique pour accrocher vos torchons ou vos serviettes. La forme ronde est simple et moderne et se marrie avec tous les styles","og_url":"https:\/\/hubsch-interior.com\/fr\/produit\/flare-crochet-sable\/","og_site_name":"H\u00fcbsch","article_modified_time":"2026-04-05T03:20:06+00:00","og_image":[{"width":1200,"height":1200,"url":"https:\/\/hubsch-interior.com\/wp-content\/uploads\/2024\/01\/flare-hook-sand-2df6989c454689bdcc931f64a66912ba.jpg","type":"image\/jpeg"}],"twitter_card":"summary_large_image","schema":{"@context":"https:\/\/schema.org","@graph":[{"@type":"WebPage","@id":"https:\/\/hubsch-interior.com\/fr\/produit\/flare-crochet-sable\/","url":"https:\/\/hubsch-interior.com\/fr\/produit\/flare-crochet-sable\/","name":"Flare Crochet Sable - H\u00fcbsch","isPartOf":{"@id":"https:\/\/hubsch-interior.com\/fr\/#website"},"primaryImageOfPage":{"@id":"https:\/\/hubsch-interior.com\/fr\/produit\/flare-crochet-sable\/#primaryimage"},"image":{"@id":"https:\/\/hubsch-interior.com\/fr\/produit\/flare-crochet-sable\/#primaryimage"},"thumbnailUrl":"https:\/\/hubsch-interior.com\/wp-content\/uploads\/2026\/02\/flare-hook-sand-92306fe3717e41310f583ef379dbd907.jpg","datePublished":"2022-02-08T14:59:17+00:00","dateModified":"2026-04-05T03:20:06+00:00","description":"Pat\u00e8re murale absolument magnifique pour accrocher vos torchons ou vos serviettes. La forme ronde est simple et moderne et se marrie avec tous les styles","breadcrumb":{"@id":"https:\/\/hubsch-interior.com\/fr\/produit\/flare-crochet-sable\/#breadcrumb"},"inLanguage":"fr-FR","potentialAction":[{"@type":"ReadAction","target":["https:\/\/hubsch-interior.com\/fr\/produit\/flare-crochet-sable\/"]}]},{"@type":"ImageObject","inLanguage":"fr-FR","@id":"https:\/\/hubsch-interior.com\/fr\/produit\/flare-crochet-sable\/#primaryimage","url":"https:\/\/hubsch-interior.com\/wp-content\/uploads\/2026\/02\/flare-hook-sand-92306fe3717e41310f583ef379dbd907.jpg","contentUrl":"https:\/\/hubsch-interior.com\/wp-content\/uploads\/2026\/02\/flare-hook-sand-92306fe3717e41310f583ef379dbd907.jpg","width":1024,"height":1024},{"@type":"BreadcrumbList","@id":"https:\/\/hubsch-interior.com\/fr\/produit\/flare-crochet-sable\/#breadcrumb","itemListElement":[{"@type":"ListItem","position":1,"name":"Page d'accueil","item":"https:\/\/hubsch-interior.com\/fr\/"},{"@type":"ListItem","position":2,"name":"Produits","item":"https:\/\/hubsch-interior.com\/fr\/shop-2\/"},{"@type":"ListItem","position":3,"name":"Accessoires maison","item":"https:\/\/hubsch-interior.com\/fr\/categorie-produit\/accessoires-maison\/"},{"@type":"ListItem","position":4,"name":"Pat&egrave;res &amp; porte-manteaux","item":"https:\/\/hubsch-interior.com\/fr\/categorie-produit\/accessoires-maison\/pateres-porte-manteaux-fr\/"},{"@type":"ListItem","position":5,"name":"Pat&egrave;res","item":"https:\/\/hubsch-interior.com\/fr\/categorie-produit\/accessoires-maison\/pateres-porte-manteaux-fr\/pateres-fr\/"},{"@type":"ListItem","position":6,"name":"Flare Crochet Sable"}]},{"@type":"WebSite","@id":"https:\/\/hubsch-interior.com\/fr\/#website","url":"https:\/\/hubsch-interior.com\/fr\/","name":"H\u00fcbsch","description":"Danish Home Interior and Design","publisher":{"@id":"https:\/\/hubsch-interior.com\/fr\/#organization"},"potentialAction":[{"@type":"SearchAction","target":{"@type":"EntryPoint","urlTemplate":"https:\/\/hubsch-interior.com\/fr\/?s={search_term_string}"},"query-input":{"@type":"PropertyValueSpecification","valueRequired":true,"valueName":"search_term_string"}}],"inLanguage":"fr-FR"},{"@type":"Organization","@id":"https:\/\/hubsch-interior.com\/fr\/#organization","name":"H\u00fcbsch","url":"https:\/\/hubsch-interior.com\/fr\/","logo":{"@type":"ImageObject","inLanguage":"fr-FR","@id":"https:\/\/hubsch-interior.com\/fr\/#\/schema\/logo\/image\/","url":"https:\/\/hubsch-interior.com\/wp-content\/uploads\/2022\/12\/Hubsch_logo_black_one_line.svg","contentUrl":"https:\/\/hubsch-interior.com\/wp-content\/uploads\/2022\/12\/Hubsch_logo_black_one_line.svg","caption":"H\u00fcbsch"},"image":{"@id":"https:\/\/hubsch-interior.com\/fr\/#\/schema\/logo\/image\/"}}]}},"_links":{"self":[{"href":"https:\/\/hubsch-interior.com\/fr\/wp-json\/wp\/v2\/product\/742838","targetHints":{"allow":["GET"]}}],"collection":[{"href":"https:\/\/hubsch-interior.com\/fr\/wp-json\/wp\/v2\/product"}],"about":[{"href":"https:\/\/hubsch-interior.com\/fr\/wp-json\/wp\/v2\/types\/product"}],"wp:featuredmedia":[{"embeddable":true,"href":"https:\/\/hubsch-interior.com\/fr\/wp-json\/wp\/v2\/media\/1110193"}],"wp:attachment":[{"href":"https:\/\/hubsch-interior.com\/fr\/wp-json\/wp\/v2\/media?parent=742838"}],"wp:term":[{"taxonomy":"product_brand","embeddable":true,"href":"https:\/\/hubsch-interior.com\/fr\/wp-json\/wp\/v2\/product_brand?post=742838"},{"taxonomy":"product_cat","embeddable":true,"href":"https:\/\/hubsch-interior.com\/fr\/wp-json\/wp\/v2\/product_cat?post=742838"},{"taxonomy":"product_tag","embeddable":true,"href":"https:\/\/hubsch-interior.com\/fr\/wp-json\/wp\/v2\/product_tag?post=742838"}],"curies":[{"name":"wp","href":"https:\/\/api.w.org\/{rel}","templated":true}]}}