{"id":742914,"date":"2022-02-08T15:59:37","date_gmt":"2022-02-08T14:59:37","guid":{"rendered":"https:\/\/hubsch-interior.com\/product\/product\/"},"modified":"2026-04-05T05:20:21","modified_gmt":"2026-04-05T03:20:21","slug":"comet-bougeoirs-ambre-set-de-2","status":"publish","type":"product","link":"https:\/\/hubsch-interior.com\/fr\/produit\/comet-bougeoirs-ambre-set-de-2\/","title":{"rendered":"Comet Bougeoirs Ambre (set de 2)"},"content":{"rendered":"<p>Bienvenue \u00e0 Comet ! Ces chandeliers magnifiques en cristal de verre sont originaux et color\u00e9s comme on les aime ! Le vintage est l\u00e0 et assum\u00e9. Et ces objets reviennent avec style dans nos int\u00e9rieurs avec un design vintage des ann\u00e9es 50. Les bougeoirs Comet couleur ambre s&#8217;accordent tr\u00e8s bien avec n&#8217;importe quel int\u00e9rieur vintage ou moderne. Ils sont juste tr\u00e8s beaux ! <\/p>\n","protected":false},"excerpt":{"rendered":"<p>Bienvenue \u00e0 Comet ! Ces chandeliers magnifiques en cristal de verre sont originaux et color\u00e9s comme on les aime ! Le vintage est l\u00e0 et assum\u00e9. Et ces objets reviennent avec style dans nos int\u00e9rieurs avec un design vintage des ann\u00e9es 50. Les bougeoirs Comet couleur ambre s&#8217;accordent tr\u00e8s bien avec n&#8217;importe quel int\u00e9rieur vintage [&hellip;]<\/p>\n","protected":false},"featured_media":1110237,"template":"","meta":{"_acf_changed":false,"inline_featured_image":false},"product_brand":[],"product_cat":[6971,4065,4066,6535],"product_tag":[],"class_list":{"0":"post-742914","1":"product","2":"type-product","3":"status-publish","4":"has-post-thumbnail","6":"product_cat-paques","7":"product_cat-bougeoirs-lanternes-fr","8":"product_cat-bougeoirs-et-photophores-fr","9":"product_cat-outlet-fr","10":"product_shipping_class-pk","12":"pa_color-ambre","13":"pa_material-cristal-fr","15":"first","16":"instock","17":"sale","18":"taxable","19":"shipping-taxable","20":"purchasable","21":"product-type-simple"},"exclude_global_add_ons":[],"addons":[],"acf":[],"yoast_head":"<!-- This site is optimized with the Yoast SEO plugin v26.4 - https:\/\/yoast.com\/wordpress\/plugins\/seo\/ -->\n<title>Comet Bougeoirs Ambre (set de 2) - H\u00fcbsch<\/title>\n<meta name=\"description\" content=\"Bienvenue \u00e0 Comet ! Ces chandeliers magnifiques en cristal de verre sont originaux et color\u00e9s comme on les aime ! Le vintage est l\u00e0 et assum\u00e9. Et ces\" \/>\n<meta name=\"robots\" content=\"index, follow, max-snippet:-1, max-image-preview:large, max-video-preview:-1\" \/>\n<link rel=\"canonical\" href=\"https:\/\/hubsch-interior.com\/fr\/wp-json\/wp\/v2\/product\/742914\" \/>\n<meta property=\"og:locale\" content=\"fr_FR\" \/>\n<meta property=\"og:type\" content=\"article\" \/>\n<meta property=\"og:title\" content=\"Comet Bougeoirs Ambre (set de 2) - H\u00fcbsch\" \/>\n<meta property=\"og:description\" content=\"Bienvenue \u00e0 Comet ! Ces chandeliers magnifiques en cristal de verre sont originaux et color\u00e9s comme on les aime ! Le vintage est l\u00e0 et assum\u00e9. Et ces\" \/>\n<meta property=\"og:url\" content=\"https:\/\/hubsch-interior.com\/fr\/produit\/comet-bougeoirs-ambre-set-de-2\/\" \/>\n<meta property=\"og:site_name\" content=\"H\u00fcbsch\" \/>\n<meta property=\"article:modified_time\" content=\"2026-04-05T03:20:21+00:00\" \/>\n<meta property=\"og:image\" content=\"https:\/\/hubsch-interior.com\/wp-content\/uploads\/2024\/01\/comet-candlesticks-amber-set-of-2-379b34089837f2d8da4717b7ba957340.jpg\" \/>\n\t<meta property=\"og:image:width\" content=\"1200\" \/>\n\t<meta property=\"og:image:height\" content=\"1200\" \/>\n\t<meta property=\"og:image:type\" content=\"image\/jpeg\" \/>\n<meta name=\"twitter:card\" content=\"summary_large_image\" \/>\n<script type=\"application\/ld+json\" class=\"yoast-schema-graph\">{\"@context\":\"https:\/\/schema.org\",\"@graph\":[{\"@type\":\"WebPage\",\"@id\":\"https:\/\/hubsch-interior.com\/fr\/produit\/comet-bougeoirs-ambre-set-de-2\/\",\"url\":\"https:\/\/hubsch-interior.com\/fr\/produit\/comet-bougeoirs-ambre-set-de-2\/\",\"name\":\"Comet Bougeoirs Ambre (set de 2) - H\u00fcbsch\",\"isPartOf\":{\"@id\":\"https:\/\/hubsch-interior.com\/fr\/#website\"},\"primaryImageOfPage\":{\"@id\":\"https:\/\/hubsch-interior.com\/fr\/produit\/comet-bougeoirs-ambre-set-de-2\/#primaryimage\"},\"image\":{\"@id\":\"https:\/\/hubsch-interior.com\/fr\/produit\/comet-bougeoirs-ambre-set-de-2\/#primaryimage\"},\"thumbnailUrl\":\"https:\/\/hubsch-interior.com\/wp-content\/uploads\/2026\/02\/comet-candlesticks-amber-set-of-2-e93bebc324e36c6ffbf0cf72a49e9009.jpg\",\"datePublished\":\"2022-02-08T14:59:37+00:00\",\"dateModified\":\"2026-04-05T03:20:21+00:00\",\"description\":\"Bienvenue \u00e0 Comet ! Ces chandeliers magnifiques en cristal de verre sont originaux et color\u00e9s comme on les aime ! Le vintage est l\u00e0 et assum\u00e9. Et ces\",\"breadcrumb\":{\"@id\":\"https:\/\/hubsch-interior.com\/fr\/produit\/comet-bougeoirs-ambre-set-de-2\/#breadcrumb\"},\"inLanguage\":\"fr-FR\",\"potentialAction\":[{\"@type\":\"ReadAction\",\"target\":[\"https:\/\/hubsch-interior.com\/fr\/produit\/comet-bougeoirs-ambre-set-de-2\/\"]}]},{\"@type\":\"ImageObject\",\"inLanguage\":\"fr-FR\",\"@id\":\"https:\/\/hubsch-interior.com\/fr\/produit\/comet-bougeoirs-ambre-set-de-2\/#primaryimage\",\"url\":\"https:\/\/hubsch-interior.com\/wp-content\/uploads\/2026\/02\/comet-candlesticks-amber-set-of-2-e93bebc324e36c6ffbf0cf72a49e9009.jpg\",\"contentUrl\":\"https:\/\/hubsch-interior.com\/wp-content\/uploads\/2026\/02\/comet-candlesticks-amber-set-of-2-e93bebc324e36c6ffbf0cf72a49e9009.jpg\",\"width\":1024,\"height\":1024},{\"@type\":\"BreadcrumbList\",\"@id\":\"https:\/\/hubsch-interior.com\/fr\/produit\/comet-bougeoirs-ambre-set-de-2\/#breadcrumb\",\"itemListElement\":[{\"@type\":\"ListItem\",\"position\":1,\"name\":\"Page d'accueil\",\"item\":\"https:\/\/hubsch-interior.com\/fr\/\"},{\"@type\":\"ListItem\",\"position\":2,\"name\":\"Produits\",\"item\":\"https:\/\/hubsch-interior.com\/fr\/shop-2\/\"},{\"@type\":\"ListItem\",\"position\":3,\"name\":\"Accessoires maison\",\"item\":\"https:\/\/hubsch-interior.com\/fr\/categorie-produit\/accessoires-maison\/\"},{\"@type\":\"ListItem\",\"position\":4,\"name\":\"Bougeoirs &amp; lanternes\",\"item\":\"https:\/\/hubsch-interior.com\/fr\/categorie-produit\/accessoires-maison\/bougeoirs-lanternes-fr\/\"},{\"@type\":\"ListItem\",\"position\":5,\"name\":\"Bougeoirs et photophores\",\"item\":\"https:\/\/hubsch-interior.com\/fr\/categorie-produit\/accessoires-maison\/bougeoirs-lanternes-fr\/bougeoirs-et-photophores-fr\/\"},{\"@type\":\"ListItem\",\"position\":6,\"name\":\"Comet Bougeoirs Ambre (set de 2)\"}]},{\"@type\":\"WebSite\",\"@id\":\"https:\/\/hubsch-interior.com\/fr\/#website\",\"url\":\"https:\/\/hubsch-interior.com\/fr\/\",\"name\":\"H\u00fcbsch\",\"description\":\"Danish Home Interior and Design\",\"publisher\":{\"@id\":\"https:\/\/hubsch-interior.com\/fr\/#organization\"},\"potentialAction\":[{\"@type\":\"SearchAction\",\"target\":{\"@type\":\"EntryPoint\",\"urlTemplate\":\"https:\/\/hubsch-interior.com\/fr\/?s={search_term_string}\"},\"query-input\":{\"@type\":\"PropertyValueSpecification\",\"valueRequired\":true,\"valueName\":\"search_term_string\"}}],\"inLanguage\":\"fr-FR\"},{\"@type\":\"Organization\",\"@id\":\"https:\/\/hubsch-interior.com\/fr\/#organization\",\"name\":\"H\u00fcbsch\",\"url\":\"https:\/\/hubsch-interior.com\/fr\/\",\"logo\":{\"@type\":\"ImageObject\",\"inLanguage\":\"fr-FR\",\"@id\":\"https:\/\/hubsch-interior.com\/fr\/#\/schema\/logo\/image\/\",\"url\":\"https:\/\/hubsch-interior.com\/wp-content\/uploads\/2022\/12\/Hubsch_logo_black_one_line.svg\",\"contentUrl\":\"https:\/\/hubsch-interior.com\/wp-content\/uploads\/2022\/12\/Hubsch_logo_black_one_line.svg\",\"caption\":\"H\u00fcbsch\"},\"image\":{\"@id\":\"https:\/\/hubsch-interior.com\/fr\/#\/schema\/logo\/image\/\"}}]}<\/script>\n<!-- \/ Yoast SEO plugin. -->","yoast_head_json":{"title":"Comet Bougeoirs Ambre (set de 2) - H\u00fcbsch","description":"Bienvenue \u00e0 Comet ! Ces chandeliers magnifiques en cristal de verre sont originaux et color\u00e9s comme on les aime ! Le vintage est l\u00e0 et assum\u00e9. Et ces","robots":{"index":"index","follow":"follow","max-snippet":"max-snippet:-1","max-image-preview":"max-image-preview:large","max-video-preview":"max-video-preview:-1"},"canonical":"https:\/\/hubsch-interior.com\/fr\/wp-json\/wp\/v2\/product\/742914","og_locale":"fr_FR","og_type":"article","og_title":"Comet Bougeoirs Ambre (set de 2) - H\u00fcbsch","og_description":"Bienvenue \u00e0 Comet ! Ces chandeliers magnifiques en cristal de verre sont originaux et color\u00e9s comme on les aime ! Le vintage est l\u00e0 et assum\u00e9. Et ces","og_url":"https:\/\/hubsch-interior.com\/fr\/produit\/comet-bougeoirs-ambre-set-de-2\/","og_site_name":"H\u00fcbsch","article_modified_time":"2026-04-05T03:20:21+00:00","og_image":[{"width":1200,"height":1200,"url":"https:\/\/hubsch-interior.com\/wp-content\/uploads\/2024\/01\/comet-candlesticks-amber-set-of-2-379b34089837f2d8da4717b7ba957340.jpg","type":"image\/jpeg"}],"twitter_card":"summary_large_image","schema":{"@context":"https:\/\/schema.org","@graph":[{"@type":"WebPage","@id":"https:\/\/hubsch-interior.com\/fr\/produit\/comet-bougeoirs-ambre-set-de-2\/","url":"https:\/\/hubsch-interior.com\/fr\/produit\/comet-bougeoirs-ambre-set-de-2\/","name":"Comet Bougeoirs Ambre (set de 2) - H\u00fcbsch","isPartOf":{"@id":"https:\/\/hubsch-interior.com\/fr\/#website"},"primaryImageOfPage":{"@id":"https:\/\/hubsch-interior.com\/fr\/produit\/comet-bougeoirs-ambre-set-de-2\/#primaryimage"},"image":{"@id":"https:\/\/hubsch-interior.com\/fr\/produit\/comet-bougeoirs-ambre-set-de-2\/#primaryimage"},"thumbnailUrl":"https:\/\/hubsch-interior.com\/wp-content\/uploads\/2026\/02\/comet-candlesticks-amber-set-of-2-e93bebc324e36c6ffbf0cf72a49e9009.jpg","datePublished":"2022-02-08T14:59:37+00:00","dateModified":"2026-04-05T03:20:21+00:00","description":"Bienvenue \u00e0 Comet ! Ces chandeliers magnifiques en cristal de verre sont originaux et color\u00e9s comme on les aime ! Le vintage est l\u00e0 et assum\u00e9. Et ces","breadcrumb":{"@id":"https:\/\/hubsch-interior.com\/fr\/produit\/comet-bougeoirs-ambre-set-de-2\/#breadcrumb"},"inLanguage":"fr-FR","potentialAction":[{"@type":"ReadAction","target":["https:\/\/hubsch-interior.com\/fr\/produit\/comet-bougeoirs-ambre-set-de-2\/"]}]},{"@type":"ImageObject","inLanguage":"fr-FR","@id":"https:\/\/hubsch-interior.com\/fr\/produit\/comet-bougeoirs-ambre-set-de-2\/#primaryimage","url":"https:\/\/hubsch-interior.com\/wp-content\/uploads\/2026\/02\/comet-candlesticks-amber-set-of-2-e93bebc324e36c6ffbf0cf72a49e9009.jpg","contentUrl":"https:\/\/hubsch-interior.com\/wp-content\/uploads\/2026\/02\/comet-candlesticks-amber-set-of-2-e93bebc324e36c6ffbf0cf72a49e9009.jpg","width":1024,"height":1024},{"@type":"BreadcrumbList","@id":"https:\/\/hubsch-interior.com\/fr\/produit\/comet-bougeoirs-ambre-set-de-2\/#breadcrumb","itemListElement":[{"@type":"ListItem","position":1,"name":"Page d'accueil","item":"https:\/\/hubsch-interior.com\/fr\/"},{"@type":"ListItem","position":2,"name":"Produits","item":"https:\/\/hubsch-interior.com\/fr\/shop-2\/"},{"@type":"ListItem","position":3,"name":"Accessoires maison","item":"https:\/\/hubsch-interior.com\/fr\/categorie-produit\/accessoires-maison\/"},{"@type":"ListItem","position":4,"name":"Bougeoirs &amp; lanternes","item":"https:\/\/hubsch-interior.com\/fr\/categorie-produit\/accessoires-maison\/bougeoirs-lanternes-fr\/"},{"@type":"ListItem","position":5,"name":"Bougeoirs et photophores","item":"https:\/\/hubsch-interior.com\/fr\/categorie-produit\/accessoires-maison\/bougeoirs-lanternes-fr\/bougeoirs-et-photophores-fr\/"},{"@type":"ListItem","position":6,"name":"Comet Bougeoirs Ambre (set de 2)"}]},{"@type":"WebSite","@id":"https:\/\/hubsch-interior.com\/fr\/#website","url":"https:\/\/hubsch-interior.com\/fr\/","name":"H\u00fcbsch","description":"Danish Home Interior and Design","publisher":{"@id":"https:\/\/hubsch-interior.com\/fr\/#organization"},"potentialAction":[{"@type":"SearchAction","target":{"@type":"EntryPoint","urlTemplate":"https:\/\/hubsch-interior.com\/fr\/?s={search_term_string}"},"query-input":{"@type":"PropertyValueSpecification","valueRequired":true,"valueName":"search_term_string"}}],"inLanguage":"fr-FR"},{"@type":"Organization","@id":"https:\/\/hubsch-interior.com\/fr\/#organization","name":"H\u00fcbsch","url":"https:\/\/hubsch-interior.com\/fr\/","logo":{"@type":"ImageObject","inLanguage":"fr-FR","@id":"https:\/\/hubsch-interior.com\/fr\/#\/schema\/logo\/image\/","url":"https:\/\/hubsch-interior.com\/wp-content\/uploads\/2022\/12\/Hubsch_logo_black_one_line.svg","contentUrl":"https:\/\/hubsch-interior.com\/wp-content\/uploads\/2022\/12\/Hubsch_logo_black_one_line.svg","caption":"H\u00fcbsch"},"image":{"@id":"https:\/\/hubsch-interior.com\/fr\/#\/schema\/logo\/image\/"}}]}},"_links":{"self":[{"href":"https:\/\/hubsch-interior.com\/fr\/wp-json\/wp\/v2\/product\/742914","targetHints":{"allow":["GET"]}}],"collection":[{"href":"https:\/\/hubsch-interior.com\/fr\/wp-json\/wp\/v2\/product"}],"about":[{"href":"https:\/\/hubsch-interior.com\/fr\/wp-json\/wp\/v2\/types\/product"}],"wp:featuredmedia":[{"embeddable":true,"href":"https:\/\/hubsch-interior.com\/fr\/wp-json\/wp\/v2\/media\/1110237"}],"wp:attachment":[{"href":"https:\/\/hubsch-interior.com\/fr\/wp-json\/wp\/v2\/media?parent=742914"}],"wp:term":[{"taxonomy":"product_brand","embeddable":true,"href":"https:\/\/hubsch-interior.com\/fr\/wp-json\/wp\/v2\/product_brand?post=742914"},{"taxonomy":"product_cat","embeddable":true,"href":"https:\/\/hubsch-interior.com\/fr\/wp-json\/wp\/v2\/product_cat?post=742914"},{"taxonomy":"product_tag","embeddable":true,"href":"https:\/\/hubsch-interior.com\/fr\/wp-json\/wp\/v2\/product_tag?post=742914"}],"curies":[{"name":"wp","href":"https:\/\/api.w.org\/{rel}","templated":true}]}}