{"id":742938,"date":"2022-02-08T15:59:43","date_gmt":"2022-02-08T14:59:43","guid":{"rendered":"https:\/\/hubsch-interior.com\/product\/product\/"},"modified":"2026-04-05T05:20:25","modified_gmt":"2026-04-05T03:20:25","slug":"dust-bougeoir-rouge-pale","status":"publish","type":"product","link":"https:\/\/hubsch-interior.com\/fr\/produit\/dust-bougeoir-rouge-pale\/","title":{"rendered":"Dust Bougeoir Rouge P\u00e2le"},"content":{"rendered":"<p>Ce bougeoir Dust est unique et polyvalent. En verre de cristal rose avec une base rouge, il se pose l\u00e0 o\u00f9 vous avez envie ! Sur le rebord de fen\u00eatre ou sur une \u00e9tag\u00e8re &#8230; L&#8217;association des couleurs rouge et rose suscitera la curiosit\u00e9 tandis que l&#8217;objet sera superbement int\u00e9gr\u00e9 \u00e0 un int\u00e9rieur moderne et contemporain. De toute \u00e9vidence, le mariage de ces couleurs audacieuses fait de vous une personne qui ose en d\u00e9coration et nous avons le sentiment que vous l&#8217;\u00eates !<\/p>\n","protected":false},"excerpt":{"rendered":"<p>Ce bougeoir Dust est unique et polyvalent. En verre de cristal rose avec une base rouge, il se pose l\u00e0 o\u00f9 vous avez envie ! Sur le rebord de fen\u00eatre ou sur une \u00e9tag\u00e8re &#8230; L&#8217;association des couleurs rouge et rose suscitera la curiosit\u00e9 tandis que l&#8217;objet sera superbement int\u00e9gr\u00e9 \u00e0 un int\u00e9rieur moderne et [&hellip;]<\/p>\n","protected":false},"featured_media":1110249,"template":"","meta":{"_acf_changed":false,"inline_featured_image":false},"product_brand":[],"product_cat":[6971,4065,4066,5026,6535],"product_tag":[],"class_list":{"0":"post-742938","1":"product","2":"type-product","3":"status-publish","4":"has-post-thumbnail","6":"product_cat-paques","7":"product_cat-bougeoirs-lanternes-fr","8":"product_cat-bougeoirs-et-photophores-fr","9":"product_cat-bestsellers-fr","10":"product_cat-outlet-fr","11":"product_shipping_class-pk","13":"pa_color-rouge-ple-2","14":"pa_material-cristal-fr","16":"first","17":"instock","18":"sale","19":"featured","20":"taxable","21":"shipping-taxable","22":"purchasable","23":"product-type-simple"},"exclude_global_add_ons":[],"addons":[],"acf":[],"yoast_head":"<!-- This site is optimized with the Yoast SEO plugin v26.4 - https:\/\/yoast.com\/wordpress\/plugins\/seo\/ -->\n<title>Dust Bougeoir Rouge P\u00e2le - H\u00fcbsch<\/title>\n<meta name=\"description\" content=\"Ce bougeoir Dust est unique et polyvalent. En verre de cristal rose avec une base rouge, il se pose l\u00e0 o\u00f9 vous avez envie ! Sur le rebord de fen\u00eatre ou\" \/>\n<meta name=\"robots\" content=\"index, follow, max-snippet:-1, max-image-preview:large, max-video-preview:-1\" \/>\n<link rel=\"canonical\" href=\"https:\/\/hubsch-interior.com\/fr\/wp-json\/wp\/v2\/product\/742938\" \/>\n<meta property=\"og:locale\" content=\"fr_FR\" \/>\n<meta property=\"og:type\" content=\"article\" \/>\n<meta property=\"og:title\" content=\"Dust Bougeoir Rouge P\u00e2le - H\u00fcbsch\" \/>\n<meta property=\"og:description\" content=\"Ce bougeoir Dust est unique et polyvalent. En verre de cristal rose avec une base rouge, il se pose l\u00e0 o\u00f9 vous avez envie ! Sur le rebord de fen\u00eatre ou\" \/>\n<meta property=\"og:url\" content=\"https:\/\/hubsch-interior.com\/fr\/produit\/dust-bougeoir-rouge-pale\/\" \/>\n<meta property=\"og:site_name\" content=\"H\u00fcbsch\" \/>\n<meta property=\"article:modified_time\" content=\"2026-04-05T03:20:25+00:00\" \/>\n<meta property=\"og:image\" content=\"https:\/\/hubsch-interior.com\/wp-content\/uploads\/2024\/01\/dust-candlestick-pink-c6a486b8d59d698e72bf082b1c16a6c3.jpg\" \/>\n\t<meta property=\"og:image:width\" content=\"1200\" \/>\n\t<meta property=\"og:image:height\" content=\"1200\" \/>\n\t<meta property=\"og:image:type\" content=\"image\/jpeg\" \/>\n<meta name=\"twitter:card\" content=\"summary_large_image\" \/>\n<script type=\"application\/ld+json\" class=\"yoast-schema-graph\">{\"@context\":\"https:\/\/schema.org\",\"@graph\":[{\"@type\":\"WebPage\",\"@id\":\"https:\/\/hubsch-interior.com\/fr\/produit\/dust-bougeoir-rouge-pale\/\",\"url\":\"https:\/\/hubsch-interior.com\/fr\/produit\/dust-bougeoir-rouge-pale\/\",\"name\":\"Dust Bougeoir Rouge P\u00e2le - H\u00fcbsch\",\"isPartOf\":{\"@id\":\"https:\/\/hubsch-interior.com\/fr\/#website\"},\"primaryImageOfPage\":{\"@id\":\"https:\/\/hubsch-interior.com\/fr\/produit\/dust-bougeoir-rouge-pale\/#primaryimage\"},\"image\":{\"@id\":\"https:\/\/hubsch-interior.com\/fr\/produit\/dust-bougeoir-rouge-pale\/#primaryimage\"},\"thumbnailUrl\":\"https:\/\/hubsch-interior.com\/wp-content\/uploads\/2026\/02\/dust-candlestick-pink-a127b8c66eb4a51dd5b4e2cd643cecbd.jpg\",\"datePublished\":\"2022-02-08T14:59:43+00:00\",\"dateModified\":\"2026-04-05T03:20:25+00:00\",\"description\":\"Ce bougeoir Dust est unique et polyvalent. En verre de cristal rose avec une base rouge, il se pose l\u00e0 o\u00f9 vous avez envie ! Sur le rebord de fen\u00eatre ou\",\"breadcrumb\":{\"@id\":\"https:\/\/hubsch-interior.com\/fr\/produit\/dust-bougeoir-rouge-pale\/#breadcrumb\"},\"inLanguage\":\"fr-FR\",\"potentialAction\":[{\"@type\":\"ReadAction\",\"target\":[\"https:\/\/hubsch-interior.com\/fr\/produit\/dust-bougeoir-rouge-pale\/\"]}]},{\"@type\":\"ImageObject\",\"inLanguage\":\"fr-FR\",\"@id\":\"https:\/\/hubsch-interior.com\/fr\/produit\/dust-bougeoir-rouge-pale\/#primaryimage\",\"url\":\"https:\/\/hubsch-interior.com\/wp-content\/uploads\/2026\/02\/dust-candlestick-pink-a127b8c66eb4a51dd5b4e2cd643cecbd.jpg\",\"contentUrl\":\"https:\/\/hubsch-interior.com\/wp-content\/uploads\/2026\/02\/dust-candlestick-pink-a127b8c66eb4a51dd5b4e2cd643cecbd.jpg\",\"width\":1024,\"height\":1024},{\"@type\":\"BreadcrumbList\",\"@id\":\"https:\/\/hubsch-interior.com\/fr\/produit\/dust-bougeoir-rouge-pale\/#breadcrumb\",\"itemListElement\":[{\"@type\":\"ListItem\",\"position\":1,\"name\":\"Page d'accueil\",\"item\":\"https:\/\/hubsch-interior.com\/fr\/\"},{\"@type\":\"ListItem\",\"position\":2,\"name\":\"Produits\",\"item\":\"https:\/\/hubsch-interior.com\/fr\/shop-2\/\"},{\"@type\":\"ListItem\",\"position\":3,\"name\":\"Accessoires maison\",\"item\":\"https:\/\/hubsch-interior.com\/fr\/categorie-produit\/accessoires-maison\/\"},{\"@type\":\"ListItem\",\"position\":4,\"name\":\"Bougeoirs &amp; lanternes\",\"item\":\"https:\/\/hubsch-interior.com\/fr\/categorie-produit\/accessoires-maison\/bougeoirs-lanternes-fr\/\"},{\"@type\":\"ListItem\",\"position\":5,\"name\":\"Bougeoirs et photophores\",\"item\":\"https:\/\/hubsch-interior.com\/fr\/categorie-produit\/accessoires-maison\/bougeoirs-lanternes-fr\/bougeoirs-et-photophores-fr\/\"},{\"@type\":\"ListItem\",\"position\":6,\"name\":\"Dust Bougeoir Rouge P\u00e2le\"}]},{\"@type\":\"WebSite\",\"@id\":\"https:\/\/hubsch-interior.com\/fr\/#website\",\"url\":\"https:\/\/hubsch-interior.com\/fr\/\",\"name\":\"H\u00fcbsch\",\"description\":\"Danish Home Interior and Design\",\"publisher\":{\"@id\":\"https:\/\/hubsch-interior.com\/fr\/#organization\"},\"potentialAction\":[{\"@type\":\"SearchAction\",\"target\":{\"@type\":\"EntryPoint\",\"urlTemplate\":\"https:\/\/hubsch-interior.com\/fr\/?s={search_term_string}\"},\"query-input\":{\"@type\":\"PropertyValueSpecification\",\"valueRequired\":true,\"valueName\":\"search_term_string\"}}],\"inLanguage\":\"fr-FR\"},{\"@type\":\"Organization\",\"@id\":\"https:\/\/hubsch-interior.com\/fr\/#organization\",\"name\":\"H\u00fcbsch\",\"url\":\"https:\/\/hubsch-interior.com\/fr\/\",\"logo\":{\"@type\":\"ImageObject\",\"inLanguage\":\"fr-FR\",\"@id\":\"https:\/\/hubsch-interior.com\/fr\/#\/schema\/logo\/image\/\",\"url\":\"https:\/\/hubsch-interior.com\/wp-content\/uploads\/2022\/12\/Hubsch_logo_black_one_line.svg\",\"contentUrl\":\"https:\/\/hubsch-interior.com\/wp-content\/uploads\/2022\/12\/Hubsch_logo_black_one_line.svg\",\"caption\":\"H\u00fcbsch\"},\"image\":{\"@id\":\"https:\/\/hubsch-interior.com\/fr\/#\/schema\/logo\/image\/\"}}]}<\/script>\n<!-- \/ Yoast SEO plugin. -->","yoast_head_json":{"title":"Dust Bougeoir Rouge P\u00e2le - H\u00fcbsch","description":"Ce bougeoir Dust est unique et polyvalent. En verre de cristal rose avec une base rouge, il se pose l\u00e0 o\u00f9 vous avez envie ! Sur le rebord de fen\u00eatre ou","robots":{"index":"index","follow":"follow","max-snippet":"max-snippet:-1","max-image-preview":"max-image-preview:large","max-video-preview":"max-video-preview:-1"},"canonical":"https:\/\/hubsch-interior.com\/fr\/wp-json\/wp\/v2\/product\/742938","og_locale":"fr_FR","og_type":"article","og_title":"Dust Bougeoir Rouge P\u00e2le - H\u00fcbsch","og_description":"Ce bougeoir Dust est unique et polyvalent. En verre de cristal rose avec une base rouge, il se pose l\u00e0 o\u00f9 vous avez envie ! Sur le rebord de fen\u00eatre ou","og_url":"https:\/\/hubsch-interior.com\/fr\/produit\/dust-bougeoir-rouge-pale\/","og_site_name":"H\u00fcbsch","article_modified_time":"2026-04-05T03:20:25+00:00","og_image":[{"width":1200,"height":1200,"url":"https:\/\/hubsch-interior.com\/wp-content\/uploads\/2024\/01\/dust-candlestick-pink-c6a486b8d59d698e72bf082b1c16a6c3.jpg","type":"image\/jpeg"}],"twitter_card":"summary_large_image","schema":{"@context":"https:\/\/schema.org","@graph":[{"@type":"WebPage","@id":"https:\/\/hubsch-interior.com\/fr\/produit\/dust-bougeoir-rouge-pale\/","url":"https:\/\/hubsch-interior.com\/fr\/produit\/dust-bougeoir-rouge-pale\/","name":"Dust Bougeoir Rouge P\u00e2le - H\u00fcbsch","isPartOf":{"@id":"https:\/\/hubsch-interior.com\/fr\/#website"},"primaryImageOfPage":{"@id":"https:\/\/hubsch-interior.com\/fr\/produit\/dust-bougeoir-rouge-pale\/#primaryimage"},"image":{"@id":"https:\/\/hubsch-interior.com\/fr\/produit\/dust-bougeoir-rouge-pale\/#primaryimage"},"thumbnailUrl":"https:\/\/hubsch-interior.com\/wp-content\/uploads\/2026\/02\/dust-candlestick-pink-a127b8c66eb4a51dd5b4e2cd643cecbd.jpg","datePublished":"2022-02-08T14:59:43+00:00","dateModified":"2026-04-05T03:20:25+00:00","description":"Ce bougeoir Dust est unique et polyvalent. En verre de cristal rose avec une base rouge, il se pose l\u00e0 o\u00f9 vous avez envie ! Sur le rebord de fen\u00eatre ou","breadcrumb":{"@id":"https:\/\/hubsch-interior.com\/fr\/produit\/dust-bougeoir-rouge-pale\/#breadcrumb"},"inLanguage":"fr-FR","potentialAction":[{"@type":"ReadAction","target":["https:\/\/hubsch-interior.com\/fr\/produit\/dust-bougeoir-rouge-pale\/"]}]},{"@type":"ImageObject","inLanguage":"fr-FR","@id":"https:\/\/hubsch-interior.com\/fr\/produit\/dust-bougeoir-rouge-pale\/#primaryimage","url":"https:\/\/hubsch-interior.com\/wp-content\/uploads\/2026\/02\/dust-candlestick-pink-a127b8c66eb4a51dd5b4e2cd643cecbd.jpg","contentUrl":"https:\/\/hubsch-interior.com\/wp-content\/uploads\/2026\/02\/dust-candlestick-pink-a127b8c66eb4a51dd5b4e2cd643cecbd.jpg","width":1024,"height":1024},{"@type":"BreadcrumbList","@id":"https:\/\/hubsch-interior.com\/fr\/produit\/dust-bougeoir-rouge-pale\/#breadcrumb","itemListElement":[{"@type":"ListItem","position":1,"name":"Page d'accueil","item":"https:\/\/hubsch-interior.com\/fr\/"},{"@type":"ListItem","position":2,"name":"Produits","item":"https:\/\/hubsch-interior.com\/fr\/shop-2\/"},{"@type":"ListItem","position":3,"name":"Accessoires maison","item":"https:\/\/hubsch-interior.com\/fr\/categorie-produit\/accessoires-maison\/"},{"@type":"ListItem","position":4,"name":"Bougeoirs &amp; lanternes","item":"https:\/\/hubsch-interior.com\/fr\/categorie-produit\/accessoires-maison\/bougeoirs-lanternes-fr\/"},{"@type":"ListItem","position":5,"name":"Bougeoirs et photophores","item":"https:\/\/hubsch-interior.com\/fr\/categorie-produit\/accessoires-maison\/bougeoirs-lanternes-fr\/bougeoirs-et-photophores-fr\/"},{"@type":"ListItem","position":6,"name":"Dust Bougeoir Rouge P\u00e2le"}]},{"@type":"WebSite","@id":"https:\/\/hubsch-interior.com\/fr\/#website","url":"https:\/\/hubsch-interior.com\/fr\/","name":"H\u00fcbsch","description":"Danish Home Interior and Design","publisher":{"@id":"https:\/\/hubsch-interior.com\/fr\/#organization"},"potentialAction":[{"@type":"SearchAction","target":{"@type":"EntryPoint","urlTemplate":"https:\/\/hubsch-interior.com\/fr\/?s={search_term_string}"},"query-input":{"@type":"PropertyValueSpecification","valueRequired":true,"valueName":"search_term_string"}}],"inLanguage":"fr-FR"},{"@type":"Organization","@id":"https:\/\/hubsch-interior.com\/fr\/#organization","name":"H\u00fcbsch","url":"https:\/\/hubsch-interior.com\/fr\/","logo":{"@type":"ImageObject","inLanguage":"fr-FR","@id":"https:\/\/hubsch-interior.com\/fr\/#\/schema\/logo\/image\/","url":"https:\/\/hubsch-interior.com\/wp-content\/uploads\/2022\/12\/Hubsch_logo_black_one_line.svg","contentUrl":"https:\/\/hubsch-interior.com\/wp-content\/uploads\/2022\/12\/Hubsch_logo_black_one_line.svg","caption":"H\u00fcbsch"},"image":{"@id":"https:\/\/hubsch-interior.com\/fr\/#\/schema\/logo\/image\/"}}]}},"_links":{"self":[{"href":"https:\/\/hubsch-interior.com\/fr\/wp-json\/wp\/v2\/product\/742938","targetHints":{"allow":["GET"]}}],"collection":[{"href":"https:\/\/hubsch-interior.com\/fr\/wp-json\/wp\/v2\/product"}],"about":[{"href":"https:\/\/hubsch-interior.com\/fr\/wp-json\/wp\/v2\/types\/product"}],"wp:featuredmedia":[{"embeddable":true,"href":"https:\/\/hubsch-interior.com\/fr\/wp-json\/wp\/v2\/media\/1110249"}],"wp:attachment":[{"href":"https:\/\/hubsch-interior.com\/fr\/wp-json\/wp\/v2\/media?parent=742938"}],"wp:term":[{"taxonomy":"product_brand","embeddable":true,"href":"https:\/\/hubsch-interior.com\/fr\/wp-json\/wp\/v2\/product_brand?post=742938"},{"taxonomy":"product_cat","embeddable":true,"href":"https:\/\/hubsch-interior.com\/fr\/wp-json\/wp\/v2\/product_cat?post=742938"},{"taxonomy":"product_tag","embeddable":true,"href":"https:\/\/hubsch-interior.com\/fr\/wp-json\/wp\/v2\/product_tag?post=742938"}],"curies":[{"name":"wp","href":"https:\/\/api.w.org\/{rel}","templated":true}]}}