{"id":742978,"date":"2022-02-08T15:59:53","date_gmt":"2022-02-08T14:59:53","guid":{"rendered":"https:\/\/hubsch-interior.com\/product\/product\/"},"modified":"2026-04-09T05:17:03","modified_gmt":"2026-04-09T03:17:03","slug":"flux-photophore-rouge-pale-orange","status":"publish","type":"product","link":"https:\/\/hubsch-interior.com\/fr\/produit\/flux-photophore-rouge-pale-orange\/","title":{"rendered":"Flux Photophore Rouge P\u00e2le\/Orange"},"content":{"rendered":"<p>Le look de ce photophore Flux est tout droit sorti d&#8217;un d\u00e9cor de cin\u00e9ma des ann\u00e9es 70. Et son poids le confirme ! Mais l&#8217;association des couleurs rose et orange affirme le ton du 21e si\u00e8cle, ce qui fait de cet objet un de nos coups de c\u0153ur ! Ce petit bijou est une occasion subtile et \u00e9l\u00e9gante pour ajouter des touches de couleur \u00e0 votre int\u00e9rieur &#8211; quelle que soit la saison ! Disponible en trois superbes autres associations de couleurs qui ensemble, cr\u00e9ent un effet waouh !<\/p>\n","protected":false},"excerpt":{"rendered":"<p>Le look de ce photophore Flux est tout droit sorti d&#8217;un d\u00e9cor de cin\u00e9ma des ann\u00e9es 70. Et son poids le confirme ! Mais l&#8217;association des couleurs rose et orange affirme le ton du 21e si\u00e8cle, ce qui fait de cet objet un de nos coups de c\u0153ur ! Ce petit bijou est une occasion [&hellip;]<\/p>\n","protected":false},"featured_media":1110281,"template":"","meta":{"_acf_changed":false,"inline_featured_image":false},"product_brand":[],"product_cat":[6971,4065,4066,5026,6535],"product_tag":[],"class_list":{"0":"post-742978","1":"product","2":"type-product","3":"status-publish","4":"has-post-thumbnail","6":"product_cat-paques","7":"product_cat-bougeoirs-lanternes-fr","8":"product_cat-bougeoirs-et-photophores-fr","9":"product_cat-bestsellers-fr","10":"product_cat-outlet-fr","11":"product_shipping_class-pk","13":"pa_color-orange-fr","14":"pa_color-rouge-ple-2","15":"pa_material-cristal-fr","17":"first","18":"instock","19":"sale","20":"featured","21":"taxable","22":"shipping-taxable","23":"purchasable","24":"product-type-simple"},"exclude_global_add_ons":[],"addons":[],"acf":[],"yoast_head":"<!-- This site is optimized with the Yoast SEO plugin v26.4 - https:\/\/yoast.com\/wordpress\/plugins\/seo\/ -->\n<title>Flux Photophore Rouge P\u00e2le\/Orange - H\u00fcbsch<\/title>\n<meta name=\"description\" content=\"Le look de ce photophore Flux est tout droit sorti d&#039;un d\u00e9cor de cin\u00e9ma des ann\u00e9es 70. Et son poids le confirme ! Mais l&#039;association des couleurs rose et\" \/>\n<meta name=\"robots\" content=\"index, follow, max-snippet:-1, max-image-preview:large, max-video-preview:-1\" \/>\n<link rel=\"canonical\" href=\"https:\/\/hubsch-interior.com\/fr\/wp-json\/wp\/v2\/product\/742978\" \/>\n<meta property=\"og:locale\" content=\"fr_FR\" \/>\n<meta property=\"og:type\" content=\"article\" \/>\n<meta property=\"og:title\" content=\"Flux Photophore Rouge P\u00e2le\/Orange - H\u00fcbsch\" \/>\n<meta property=\"og:description\" content=\"Le look de ce photophore Flux est tout droit sorti d&#039;un d\u00e9cor de cin\u00e9ma des ann\u00e9es 70. Et son poids le confirme ! Mais l&#039;association des couleurs rose et\" \/>\n<meta property=\"og:url\" content=\"https:\/\/hubsch-interior.com\/fr\/produit\/flux-photophore-rouge-pale-orange\/\" \/>\n<meta property=\"og:site_name\" content=\"H\u00fcbsch\" \/>\n<meta property=\"article:modified_time\" content=\"2026-04-09T03:17:03+00:00\" \/>\n<meta property=\"og:image\" content=\"https:\/\/hubsch-interior.com\/wp-content\/uploads\/2024\/01\/flux-tealight-holder-pinkorange-f8bb3145073977eb8aedfab270b006f8.jpg\" \/>\n\t<meta property=\"og:image:width\" content=\"1200\" \/>\n\t<meta property=\"og:image:height\" content=\"1200\" \/>\n\t<meta property=\"og:image:type\" content=\"image\/jpeg\" \/>\n<meta name=\"twitter:card\" content=\"summary_large_image\" \/>\n<script type=\"application\/ld+json\" class=\"yoast-schema-graph\">{\"@context\":\"https:\/\/schema.org\",\"@graph\":[{\"@type\":\"WebPage\",\"@id\":\"https:\/\/hubsch-interior.com\/fr\/produit\/flux-photophore-rouge-pale-orange\/\",\"url\":\"https:\/\/hubsch-interior.com\/fr\/produit\/flux-photophore-rouge-pale-orange\/\",\"name\":\"Flux Photophore Rouge P\u00e2le\/Orange - H\u00fcbsch\",\"isPartOf\":{\"@id\":\"https:\/\/hubsch-interior.com\/fr\/#website\"},\"primaryImageOfPage\":{\"@id\":\"https:\/\/hubsch-interior.com\/fr\/produit\/flux-photophore-rouge-pale-orange\/#primaryimage\"},\"image\":{\"@id\":\"https:\/\/hubsch-interior.com\/fr\/produit\/flux-photophore-rouge-pale-orange\/#primaryimage\"},\"thumbnailUrl\":\"https:\/\/hubsch-interior.com\/wp-content\/uploads\/2026\/02\/flux-tealight-holder-pinkorange-9766dccd5e0c184ddfb24bb9338ef754.jpg\",\"datePublished\":\"2022-02-08T14:59:53+00:00\",\"dateModified\":\"2026-04-09T03:17:03+00:00\",\"description\":\"Le look de ce photophore Flux est tout droit sorti d'un d\u00e9cor de cin\u00e9ma des ann\u00e9es 70. Et son poids le confirme ! Mais l'association des couleurs rose et\",\"breadcrumb\":{\"@id\":\"https:\/\/hubsch-interior.com\/fr\/produit\/flux-photophore-rouge-pale-orange\/#breadcrumb\"},\"inLanguage\":\"fr-FR\",\"potentialAction\":[{\"@type\":\"ReadAction\",\"target\":[\"https:\/\/hubsch-interior.com\/fr\/produit\/flux-photophore-rouge-pale-orange\/\"]}]},{\"@type\":\"ImageObject\",\"inLanguage\":\"fr-FR\",\"@id\":\"https:\/\/hubsch-interior.com\/fr\/produit\/flux-photophore-rouge-pale-orange\/#primaryimage\",\"url\":\"https:\/\/hubsch-interior.com\/wp-content\/uploads\/2026\/02\/flux-tealight-holder-pinkorange-9766dccd5e0c184ddfb24bb9338ef754.jpg\",\"contentUrl\":\"https:\/\/hubsch-interior.com\/wp-content\/uploads\/2026\/02\/flux-tealight-holder-pinkorange-9766dccd5e0c184ddfb24bb9338ef754.jpg\",\"width\":1024,\"height\":1024},{\"@type\":\"BreadcrumbList\",\"@id\":\"https:\/\/hubsch-interior.com\/fr\/produit\/flux-photophore-rouge-pale-orange\/#breadcrumb\",\"itemListElement\":[{\"@type\":\"ListItem\",\"position\":1,\"name\":\"Page d'accueil\",\"item\":\"https:\/\/hubsch-interior.com\/fr\/\"},{\"@type\":\"ListItem\",\"position\":2,\"name\":\"Produits\",\"item\":\"https:\/\/hubsch-interior.com\/fr\/shop-2\/\"},{\"@type\":\"ListItem\",\"position\":3,\"name\":\"Accessoires maison\",\"item\":\"https:\/\/hubsch-interior.com\/fr\/categorie-produit\/accessoires-maison\/\"},{\"@type\":\"ListItem\",\"position\":4,\"name\":\"Bougeoirs &amp; lanternes\",\"item\":\"https:\/\/hubsch-interior.com\/fr\/categorie-produit\/accessoires-maison\/bougeoirs-lanternes-fr\/\"},{\"@type\":\"ListItem\",\"position\":5,\"name\":\"Bougeoirs et photophores\",\"item\":\"https:\/\/hubsch-interior.com\/fr\/categorie-produit\/accessoires-maison\/bougeoirs-lanternes-fr\/bougeoirs-et-photophores-fr\/\"},{\"@type\":\"ListItem\",\"position\":6,\"name\":\"Flux Photophore Rouge P\u00e2le\/Orange\"}]},{\"@type\":\"WebSite\",\"@id\":\"https:\/\/hubsch-interior.com\/fr\/#website\",\"url\":\"https:\/\/hubsch-interior.com\/fr\/\",\"name\":\"H\u00fcbsch\",\"description\":\"Danish Home Interior and Design\",\"publisher\":{\"@id\":\"https:\/\/hubsch-interior.com\/fr\/#organization\"},\"potentialAction\":[{\"@type\":\"SearchAction\",\"target\":{\"@type\":\"EntryPoint\",\"urlTemplate\":\"https:\/\/hubsch-interior.com\/fr\/?s={search_term_string}\"},\"query-input\":{\"@type\":\"PropertyValueSpecification\",\"valueRequired\":true,\"valueName\":\"search_term_string\"}}],\"inLanguage\":\"fr-FR\"},{\"@type\":\"Organization\",\"@id\":\"https:\/\/hubsch-interior.com\/fr\/#organization\",\"name\":\"H\u00fcbsch\",\"url\":\"https:\/\/hubsch-interior.com\/fr\/\",\"logo\":{\"@type\":\"ImageObject\",\"inLanguage\":\"fr-FR\",\"@id\":\"https:\/\/hubsch-interior.com\/fr\/#\/schema\/logo\/image\/\",\"url\":\"https:\/\/hubsch-interior.com\/wp-content\/uploads\/2022\/12\/Hubsch_logo_black_one_line.svg\",\"contentUrl\":\"https:\/\/hubsch-interior.com\/wp-content\/uploads\/2022\/12\/Hubsch_logo_black_one_line.svg\",\"caption\":\"H\u00fcbsch\"},\"image\":{\"@id\":\"https:\/\/hubsch-interior.com\/fr\/#\/schema\/logo\/image\/\"}}]}<\/script>\n<!-- \/ Yoast SEO plugin. -->","yoast_head_json":{"title":"Flux Photophore Rouge P\u00e2le\/Orange - H\u00fcbsch","description":"Le look de ce photophore Flux est tout droit sorti d'un d\u00e9cor de cin\u00e9ma des ann\u00e9es 70. Et son poids le confirme ! Mais l'association des couleurs rose et","robots":{"index":"index","follow":"follow","max-snippet":"max-snippet:-1","max-image-preview":"max-image-preview:large","max-video-preview":"max-video-preview:-1"},"canonical":"https:\/\/hubsch-interior.com\/fr\/wp-json\/wp\/v2\/product\/742978","og_locale":"fr_FR","og_type":"article","og_title":"Flux Photophore Rouge P\u00e2le\/Orange - H\u00fcbsch","og_description":"Le look de ce photophore Flux est tout droit sorti d'un d\u00e9cor de cin\u00e9ma des ann\u00e9es 70. Et son poids le confirme ! Mais l'association des couleurs rose et","og_url":"https:\/\/hubsch-interior.com\/fr\/produit\/flux-photophore-rouge-pale-orange\/","og_site_name":"H\u00fcbsch","article_modified_time":"2026-04-09T03:17:03+00:00","og_image":[{"width":1200,"height":1200,"url":"https:\/\/hubsch-interior.com\/wp-content\/uploads\/2024\/01\/flux-tealight-holder-pinkorange-f8bb3145073977eb8aedfab270b006f8.jpg","type":"image\/jpeg"}],"twitter_card":"summary_large_image","schema":{"@context":"https:\/\/schema.org","@graph":[{"@type":"WebPage","@id":"https:\/\/hubsch-interior.com\/fr\/produit\/flux-photophore-rouge-pale-orange\/","url":"https:\/\/hubsch-interior.com\/fr\/produit\/flux-photophore-rouge-pale-orange\/","name":"Flux Photophore Rouge P\u00e2le\/Orange - H\u00fcbsch","isPartOf":{"@id":"https:\/\/hubsch-interior.com\/fr\/#website"},"primaryImageOfPage":{"@id":"https:\/\/hubsch-interior.com\/fr\/produit\/flux-photophore-rouge-pale-orange\/#primaryimage"},"image":{"@id":"https:\/\/hubsch-interior.com\/fr\/produit\/flux-photophore-rouge-pale-orange\/#primaryimage"},"thumbnailUrl":"https:\/\/hubsch-interior.com\/wp-content\/uploads\/2026\/02\/flux-tealight-holder-pinkorange-9766dccd5e0c184ddfb24bb9338ef754.jpg","datePublished":"2022-02-08T14:59:53+00:00","dateModified":"2026-04-09T03:17:03+00:00","description":"Le look de ce photophore Flux est tout droit sorti d'un d\u00e9cor de cin\u00e9ma des ann\u00e9es 70. Et son poids le confirme ! Mais l'association des couleurs rose et","breadcrumb":{"@id":"https:\/\/hubsch-interior.com\/fr\/produit\/flux-photophore-rouge-pale-orange\/#breadcrumb"},"inLanguage":"fr-FR","potentialAction":[{"@type":"ReadAction","target":["https:\/\/hubsch-interior.com\/fr\/produit\/flux-photophore-rouge-pale-orange\/"]}]},{"@type":"ImageObject","inLanguage":"fr-FR","@id":"https:\/\/hubsch-interior.com\/fr\/produit\/flux-photophore-rouge-pale-orange\/#primaryimage","url":"https:\/\/hubsch-interior.com\/wp-content\/uploads\/2026\/02\/flux-tealight-holder-pinkorange-9766dccd5e0c184ddfb24bb9338ef754.jpg","contentUrl":"https:\/\/hubsch-interior.com\/wp-content\/uploads\/2026\/02\/flux-tealight-holder-pinkorange-9766dccd5e0c184ddfb24bb9338ef754.jpg","width":1024,"height":1024},{"@type":"BreadcrumbList","@id":"https:\/\/hubsch-interior.com\/fr\/produit\/flux-photophore-rouge-pale-orange\/#breadcrumb","itemListElement":[{"@type":"ListItem","position":1,"name":"Page d'accueil","item":"https:\/\/hubsch-interior.com\/fr\/"},{"@type":"ListItem","position":2,"name":"Produits","item":"https:\/\/hubsch-interior.com\/fr\/shop-2\/"},{"@type":"ListItem","position":3,"name":"Accessoires maison","item":"https:\/\/hubsch-interior.com\/fr\/categorie-produit\/accessoires-maison\/"},{"@type":"ListItem","position":4,"name":"Bougeoirs &amp; lanternes","item":"https:\/\/hubsch-interior.com\/fr\/categorie-produit\/accessoires-maison\/bougeoirs-lanternes-fr\/"},{"@type":"ListItem","position":5,"name":"Bougeoirs et photophores","item":"https:\/\/hubsch-interior.com\/fr\/categorie-produit\/accessoires-maison\/bougeoirs-lanternes-fr\/bougeoirs-et-photophores-fr\/"},{"@type":"ListItem","position":6,"name":"Flux Photophore Rouge P\u00e2le\/Orange"}]},{"@type":"WebSite","@id":"https:\/\/hubsch-interior.com\/fr\/#website","url":"https:\/\/hubsch-interior.com\/fr\/","name":"H\u00fcbsch","description":"Danish Home Interior and Design","publisher":{"@id":"https:\/\/hubsch-interior.com\/fr\/#organization"},"potentialAction":[{"@type":"SearchAction","target":{"@type":"EntryPoint","urlTemplate":"https:\/\/hubsch-interior.com\/fr\/?s={search_term_string}"},"query-input":{"@type":"PropertyValueSpecification","valueRequired":true,"valueName":"search_term_string"}}],"inLanguage":"fr-FR"},{"@type":"Organization","@id":"https:\/\/hubsch-interior.com\/fr\/#organization","name":"H\u00fcbsch","url":"https:\/\/hubsch-interior.com\/fr\/","logo":{"@type":"ImageObject","inLanguage":"fr-FR","@id":"https:\/\/hubsch-interior.com\/fr\/#\/schema\/logo\/image\/","url":"https:\/\/hubsch-interior.com\/wp-content\/uploads\/2022\/12\/Hubsch_logo_black_one_line.svg","contentUrl":"https:\/\/hubsch-interior.com\/wp-content\/uploads\/2022\/12\/Hubsch_logo_black_one_line.svg","caption":"H\u00fcbsch"},"image":{"@id":"https:\/\/hubsch-interior.com\/fr\/#\/schema\/logo\/image\/"}}]}},"_links":{"self":[{"href":"https:\/\/hubsch-interior.com\/fr\/wp-json\/wp\/v2\/product\/742978","targetHints":{"allow":["GET"]}}],"collection":[{"href":"https:\/\/hubsch-interior.com\/fr\/wp-json\/wp\/v2\/product"}],"about":[{"href":"https:\/\/hubsch-interior.com\/fr\/wp-json\/wp\/v2\/types\/product"}],"wp:featuredmedia":[{"embeddable":true,"href":"https:\/\/hubsch-interior.com\/fr\/wp-json\/wp\/v2\/media\/1110281"}],"wp:attachment":[{"href":"https:\/\/hubsch-interior.com\/fr\/wp-json\/wp\/v2\/media?parent=742978"}],"wp:term":[{"taxonomy":"product_brand","embeddable":true,"href":"https:\/\/hubsch-interior.com\/fr\/wp-json\/wp\/v2\/product_brand?post=742978"},{"taxonomy":"product_cat","embeddable":true,"href":"https:\/\/hubsch-interior.com\/fr\/wp-json\/wp\/v2\/product_cat?post=742978"},{"taxonomy":"product_tag","embeddable":true,"href":"https:\/\/hubsch-interior.com\/fr\/wp-json\/wp\/v2\/product_tag?post=742978"}],"curies":[{"name":"wp","href":"https:\/\/api.w.org\/{rel}","templated":true}]}}