{"id":743066,"date":"2022-02-08T16:00:24","date_gmt":"2022-02-08T15:00:24","guid":{"rendered":"https:\/\/hubsch-interior.com\/product\/product\/"},"modified":"2026-04-09T05:17:12","modified_gmt":"2026-04-09T03:17:12","slug":"apply-cintre-bleu","status":"publish","type":"product","link":"https:\/\/hubsch-interior.com\/fr\/produit\/apply-cintre-bleu\/","title":{"rendered":"Apply Cintre Bleu"},"content":{"rendered":"<p>Vos plus beaux v\u00eatements m\u00e9ritent toujours ce qu&#8217;il y a de mieux ! La forme et la magnifique couleur bleue de ce cintre lui conf\u00e8rent un aspect classe et \u00e9l\u00e9gant. L&#8217;id\u00e9e est d&#8217;ouvrir le design et l&#8217;esth\u00e9tisme dans d&#8217;autres endroits que le salon seul, et votre garde-robe est un r\u00e9el lieu o\u00f9 le beau s&#8217;invite aussi. Exposez votre chemise pr\u00e9f\u00e9r\u00e9e sur ce cintre pour une touche tr\u00e8s personnelle dans votre chambre ou dans votre salle de bain.<\/p>\n","protected":false},"excerpt":{"rendered":"<p>Vos plus beaux v\u00eatements m\u00e9ritent toujours ce qu&#8217;il y a de mieux ! La forme et la magnifique couleur bleue de ce cintre lui conf\u00e8rent un aspect classe et \u00e9l\u00e9gant. L&#8217;id\u00e9e est d&#8217;ouvrir le design et l&#8217;esth\u00e9tisme dans d&#8217;autres endroits que le salon seul, et votre garde-robe est un r\u00e9el lieu o\u00f9 le beau s&#8217;invite [&hellip;]<\/p>\n","protected":false},"featured_media":1113221,"template":"","meta":{"_acf_changed":false,"inline_featured_image":false},"product_brand":[],"product_cat":[4041,4183],"product_tag":[],"class_list":{"0":"post-743066","1":"product","2":"type-product","3":"status-publish","4":"has-post-thumbnail","6":"product_cat-pateres-porte-manteaux-fr","7":"product_cat-cintres-fr","8":"product_shipping_class-pk","10":"pa_color-bleu-2","11":"pa_material-fer-fr","13":"first","14":"instock","15":"taxable","16":"shipping-taxable","17":"purchasable","18":"product-type-simple"},"exclude_global_add_ons":[],"addons":[],"acf":[],"yoast_head":"<!-- This site is optimized with the Yoast SEO plugin v26.4 - https:\/\/yoast.com\/wordpress\/plugins\/seo\/ -->\n<title>Apply Cintre Bleu - H\u00fcbsch<\/title>\n<meta name=\"description\" content=\"Vos plus beaux v\u00eatements m\u00e9ritent toujours ce qu&#039;il y a de mieux ! La forme et la magnifique couleur bleue de ce cintre lui conf\u00e8rent un aspect classe et\" \/>\n<meta name=\"robots\" content=\"index, follow, max-snippet:-1, max-image-preview:large, max-video-preview:-1\" \/>\n<link rel=\"canonical\" href=\"https:\/\/hubsch-interior.com\/fr\/wp-json\/wp\/v2\/product\/743066\" \/>\n<meta property=\"og:locale\" content=\"fr_FR\" \/>\n<meta property=\"og:type\" content=\"article\" \/>\n<meta property=\"og:title\" content=\"Apply Cintre Bleu - H\u00fcbsch\" \/>\n<meta property=\"og:description\" content=\"Vos plus beaux v\u00eatements m\u00e9ritent toujours ce qu&#039;il y a de mieux ! La forme et la magnifique couleur bleue de ce cintre lui conf\u00e8rent un aspect classe et\" \/>\n<meta property=\"og:url\" content=\"https:\/\/hubsch-interior.com\/fr\/produit\/apply-cintre-bleu\/\" \/>\n<meta property=\"og:site_name\" content=\"H\u00fcbsch\" \/>\n<meta property=\"article:modified_time\" content=\"2026-04-09T03:17:12+00:00\" \/>\n<meta property=\"og:image\" content=\"https:\/\/hubsch-interior.com\/wp-content\/uploads\/2024\/01\/apply-hanger-blue-569f6b195288e20cfea96941e958d109.jpg\" \/>\n\t<meta property=\"og:image:width\" content=\"1200\" \/>\n\t<meta property=\"og:image:height\" content=\"1200\" \/>\n\t<meta property=\"og:image:type\" content=\"image\/jpeg\" \/>\n<meta name=\"twitter:card\" content=\"summary_large_image\" \/>\n<script type=\"application\/ld+json\" class=\"yoast-schema-graph\">{\"@context\":\"https:\/\/schema.org\",\"@graph\":[{\"@type\":\"WebPage\",\"@id\":\"https:\/\/hubsch-interior.com\/fr\/produit\/apply-cintre-bleu\/\",\"url\":\"https:\/\/hubsch-interior.com\/fr\/produit\/apply-cintre-bleu\/\",\"name\":\"Apply Cintre Bleu - H\u00fcbsch\",\"isPartOf\":{\"@id\":\"https:\/\/hubsch-interior.com\/fr\/#website\"},\"primaryImageOfPage\":{\"@id\":\"https:\/\/hubsch-interior.com\/fr\/produit\/apply-cintre-bleu\/#primaryimage\"},\"image\":{\"@id\":\"https:\/\/hubsch-interior.com\/fr\/produit\/apply-cintre-bleu\/#primaryimage\"},\"thumbnailUrl\":\"https:\/\/hubsch-interior.com\/wp-content\/uploads\/2026\/02\/apply-hanger-blue-7690ee44a6856e0be5db4918f844bc78.jpg\",\"datePublished\":\"2022-02-08T15:00:24+00:00\",\"dateModified\":\"2026-04-09T03:17:12+00:00\",\"description\":\"Vos plus beaux v\u00eatements m\u00e9ritent toujours ce qu'il y a de mieux ! La forme et la magnifique couleur bleue de ce cintre lui conf\u00e8rent un aspect classe et\",\"breadcrumb\":{\"@id\":\"https:\/\/hubsch-interior.com\/fr\/produit\/apply-cintre-bleu\/#breadcrumb\"},\"inLanguage\":\"fr-FR\",\"potentialAction\":[{\"@type\":\"ReadAction\",\"target\":[\"https:\/\/hubsch-interior.com\/fr\/produit\/apply-cintre-bleu\/\"]}]},{\"@type\":\"ImageObject\",\"inLanguage\":\"fr-FR\",\"@id\":\"https:\/\/hubsch-interior.com\/fr\/produit\/apply-cintre-bleu\/#primaryimage\",\"url\":\"https:\/\/hubsch-interior.com\/wp-content\/uploads\/2026\/02\/apply-hanger-blue-7690ee44a6856e0be5db4918f844bc78.jpg\",\"contentUrl\":\"https:\/\/hubsch-interior.com\/wp-content\/uploads\/2026\/02\/apply-hanger-blue-7690ee44a6856e0be5db4918f844bc78.jpg\",\"width\":1024,\"height\":1024},{\"@type\":\"BreadcrumbList\",\"@id\":\"https:\/\/hubsch-interior.com\/fr\/produit\/apply-cintre-bleu\/#breadcrumb\",\"itemListElement\":[{\"@type\":\"ListItem\",\"position\":1,\"name\":\"Page d'accueil\",\"item\":\"https:\/\/hubsch-interior.com\/fr\/\"},{\"@type\":\"ListItem\",\"position\":2,\"name\":\"Produits\",\"item\":\"https:\/\/hubsch-interior.com\/fr\/shop-2\/\"},{\"@type\":\"ListItem\",\"position\":3,\"name\":\"Accessoires maison\",\"item\":\"https:\/\/hubsch-interior.com\/fr\/categorie-produit\/accessoires-maison\/\"},{\"@type\":\"ListItem\",\"position\":4,\"name\":\"Pat&egrave;res &amp; porte-manteaux\",\"item\":\"https:\/\/hubsch-interior.com\/fr\/categorie-produit\/accessoires-maison\/pateres-porte-manteaux-fr\/\"},{\"@type\":\"ListItem\",\"position\":5,\"name\":\"Cintres\",\"item\":\"https:\/\/hubsch-interior.com\/fr\/categorie-produit\/accessoires-maison\/pateres-porte-manteaux-fr\/cintres-fr\/\"},{\"@type\":\"ListItem\",\"position\":6,\"name\":\"Apply Cintre Bleu\"}]},{\"@type\":\"WebSite\",\"@id\":\"https:\/\/hubsch-interior.com\/fr\/#website\",\"url\":\"https:\/\/hubsch-interior.com\/fr\/\",\"name\":\"H\u00fcbsch\",\"description\":\"Danish Home Interior and Design\",\"publisher\":{\"@id\":\"https:\/\/hubsch-interior.com\/fr\/#organization\"},\"potentialAction\":[{\"@type\":\"SearchAction\",\"target\":{\"@type\":\"EntryPoint\",\"urlTemplate\":\"https:\/\/hubsch-interior.com\/fr\/?s={search_term_string}\"},\"query-input\":{\"@type\":\"PropertyValueSpecification\",\"valueRequired\":true,\"valueName\":\"search_term_string\"}}],\"inLanguage\":\"fr-FR\"},{\"@type\":\"Organization\",\"@id\":\"https:\/\/hubsch-interior.com\/fr\/#organization\",\"name\":\"H\u00fcbsch\",\"url\":\"https:\/\/hubsch-interior.com\/fr\/\",\"logo\":{\"@type\":\"ImageObject\",\"inLanguage\":\"fr-FR\",\"@id\":\"https:\/\/hubsch-interior.com\/fr\/#\/schema\/logo\/image\/\",\"url\":\"https:\/\/hubsch-interior.com\/wp-content\/uploads\/2022\/12\/Hubsch_logo_black_one_line.svg\",\"contentUrl\":\"https:\/\/hubsch-interior.com\/wp-content\/uploads\/2022\/12\/Hubsch_logo_black_one_line.svg\",\"caption\":\"H\u00fcbsch\"},\"image\":{\"@id\":\"https:\/\/hubsch-interior.com\/fr\/#\/schema\/logo\/image\/\"}}]}<\/script>\n<!-- \/ Yoast SEO plugin. -->","yoast_head_json":{"title":"Apply Cintre Bleu - H\u00fcbsch","description":"Vos plus beaux v\u00eatements m\u00e9ritent toujours ce qu'il y a de mieux ! La forme et la magnifique couleur bleue de ce cintre lui conf\u00e8rent un aspect classe et","robots":{"index":"index","follow":"follow","max-snippet":"max-snippet:-1","max-image-preview":"max-image-preview:large","max-video-preview":"max-video-preview:-1"},"canonical":"https:\/\/hubsch-interior.com\/fr\/wp-json\/wp\/v2\/product\/743066","og_locale":"fr_FR","og_type":"article","og_title":"Apply Cintre Bleu - H\u00fcbsch","og_description":"Vos plus beaux v\u00eatements m\u00e9ritent toujours ce qu'il y a de mieux ! La forme et la magnifique couleur bleue de ce cintre lui conf\u00e8rent un aspect classe et","og_url":"https:\/\/hubsch-interior.com\/fr\/produit\/apply-cintre-bleu\/","og_site_name":"H\u00fcbsch","article_modified_time":"2026-04-09T03:17:12+00:00","og_image":[{"width":1200,"height":1200,"url":"https:\/\/hubsch-interior.com\/wp-content\/uploads\/2024\/01\/apply-hanger-blue-569f6b195288e20cfea96941e958d109.jpg","type":"image\/jpeg"}],"twitter_card":"summary_large_image","schema":{"@context":"https:\/\/schema.org","@graph":[{"@type":"WebPage","@id":"https:\/\/hubsch-interior.com\/fr\/produit\/apply-cintre-bleu\/","url":"https:\/\/hubsch-interior.com\/fr\/produit\/apply-cintre-bleu\/","name":"Apply Cintre Bleu - H\u00fcbsch","isPartOf":{"@id":"https:\/\/hubsch-interior.com\/fr\/#website"},"primaryImageOfPage":{"@id":"https:\/\/hubsch-interior.com\/fr\/produit\/apply-cintre-bleu\/#primaryimage"},"image":{"@id":"https:\/\/hubsch-interior.com\/fr\/produit\/apply-cintre-bleu\/#primaryimage"},"thumbnailUrl":"https:\/\/hubsch-interior.com\/wp-content\/uploads\/2026\/02\/apply-hanger-blue-7690ee44a6856e0be5db4918f844bc78.jpg","datePublished":"2022-02-08T15:00:24+00:00","dateModified":"2026-04-09T03:17:12+00:00","description":"Vos plus beaux v\u00eatements m\u00e9ritent toujours ce qu'il y a de mieux ! La forme et la magnifique couleur bleue de ce cintre lui conf\u00e8rent un aspect classe et","breadcrumb":{"@id":"https:\/\/hubsch-interior.com\/fr\/produit\/apply-cintre-bleu\/#breadcrumb"},"inLanguage":"fr-FR","potentialAction":[{"@type":"ReadAction","target":["https:\/\/hubsch-interior.com\/fr\/produit\/apply-cintre-bleu\/"]}]},{"@type":"ImageObject","inLanguage":"fr-FR","@id":"https:\/\/hubsch-interior.com\/fr\/produit\/apply-cintre-bleu\/#primaryimage","url":"https:\/\/hubsch-interior.com\/wp-content\/uploads\/2026\/02\/apply-hanger-blue-7690ee44a6856e0be5db4918f844bc78.jpg","contentUrl":"https:\/\/hubsch-interior.com\/wp-content\/uploads\/2026\/02\/apply-hanger-blue-7690ee44a6856e0be5db4918f844bc78.jpg","width":1024,"height":1024},{"@type":"BreadcrumbList","@id":"https:\/\/hubsch-interior.com\/fr\/produit\/apply-cintre-bleu\/#breadcrumb","itemListElement":[{"@type":"ListItem","position":1,"name":"Page d'accueil","item":"https:\/\/hubsch-interior.com\/fr\/"},{"@type":"ListItem","position":2,"name":"Produits","item":"https:\/\/hubsch-interior.com\/fr\/shop-2\/"},{"@type":"ListItem","position":3,"name":"Accessoires maison","item":"https:\/\/hubsch-interior.com\/fr\/categorie-produit\/accessoires-maison\/"},{"@type":"ListItem","position":4,"name":"Pat&egrave;res &amp; porte-manteaux","item":"https:\/\/hubsch-interior.com\/fr\/categorie-produit\/accessoires-maison\/pateres-porte-manteaux-fr\/"},{"@type":"ListItem","position":5,"name":"Cintres","item":"https:\/\/hubsch-interior.com\/fr\/categorie-produit\/accessoires-maison\/pateres-porte-manteaux-fr\/cintres-fr\/"},{"@type":"ListItem","position":6,"name":"Apply Cintre Bleu"}]},{"@type":"WebSite","@id":"https:\/\/hubsch-interior.com\/fr\/#website","url":"https:\/\/hubsch-interior.com\/fr\/","name":"H\u00fcbsch","description":"Danish Home Interior and Design","publisher":{"@id":"https:\/\/hubsch-interior.com\/fr\/#organization"},"potentialAction":[{"@type":"SearchAction","target":{"@type":"EntryPoint","urlTemplate":"https:\/\/hubsch-interior.com\/fr\/?s={search_term_string}"},"query-input":{"@type":"PropertyValueSpecification","valueRequired":true,"valueName":"search_term_string"}}],"inLanguage":"fr-FR"},{"@type":"Organization","@id":"https:\/\/hubsch-interior.com\/fr\/#organization","name":"H\u00fcbsch","url":"https:\/\/hubsch-interior.com\/fr\/","logo":{"@type":"ImageObject","inLanguage":"fr-FR","@id":"https:\/\/hubsch-interior.com\/fr\/#\/schema\/logo\/image\/","url":"https:\/\/hubsch-interior.com\/wp-content\/uploads\/2022\/12\/Hubsch_logo_black_one_line.svg","contentUrl":"https:\/\/hubsch-interior.com\/wp-content\/uploads\/2022\/12\/Hubsch_logo_black_one_line.svg","caption":"H\u00fcbsch"},"image":{"@id":"https:\/\/hubsch-interior.com\/fr\/#\/schema\/logo\/image\/"}}]}},"_links":{"self":[{"href":"https:\/\/hubsch-interior.com\/fr\/wp-json\/wp\/v2\/product\/743066","targetHints":{"allow":["GET"]}}],"collection":[{"href":"https:\/\/hubsch-interior.com\/fr\/wp-json\/wp\/v2\/product"}],"about":[{"href":"https:\/\/hubsch-interior.com\/fr\/wp-json\/wp\/v2\/types\/product"}],"wp:featuredmedia":[{"embeddable":true,"href":"https:\/\/hubsch-interior.com\/fr\/wp-json\/wp\/v2\/media\/1113221"}],"wp:attachment":[{"href":"https:\/\/hubsch-interior.com\/fr\/wp-json\/wp\/v2\/media?parent=743066"}],"wp:term":[{"taxonomy":"product_brand","embeddable":true,"href":"https:\/\/hubsch-interior.com\/fr\/wp-json\/wp\/v2\/product_brand?post=743066"},{"taxonomy":"product_cat","embeddable":true,"href":"https:\/\/hubsch-interior.com\/fr\/wp-json\/wp\/v2\/product_cat?post=743066"},{"taxonomy":"product_tag","embeddable":true,"href":"https:\/\/hubsch-interior.com\/fr\/wp-json\/wp\/v2\/product_tag?post=743066"}],"curies":[{"name":"wp","href":"https:\/\/api.w.org\/{rel}","templated":true}]}}