{"id":743163,"date":"2022-02-08T16:01:01","date_gmt":"2022-02-08T15:01:01","guid":{"rendered":"https:\/\/hubsch-interior.com\/product\/product\/"},"modified":"2026-04-11T05:14:23","modified_gmt":"2026-04-11T03:14:23","slug":"chand-pendule-ronde-naturel","status":"publish","type":"product","link":"https:\/\/hubsch-interior.com\/fr\/produit\/chand-pendule-ronde-naturel\/","title":{"rendered":"Chand Pendule Ronde Naturel"},"content":{"rendered":"<p>Les lampes en rotin sont des \u00e9l\u00e9ments cl\u00e9s dans un d\u00e9cor boh\u00e8me. Mais le fait est que notre suspension s&#8217;associe facilement dans tous les habitats. Que vous ayez un int\u00e9rieur moderne, boh\u00e8me ou romantique, cette lampe en rotin apportera de la douceur \u00e0 une ambiance contemporaine et \u00e9pur\u00e9e et ajoutera une note personnelle \u00e0 la pi\u00e8ce.<\/p>\n","protected":false},"excerpt":{"rendered":"<p>Les lampes en rotin sont des \u00e9l\u00e9ments cl\u00e9s dans un d\u00e9cor boh\u00e8me. Mais le fait est que notre suspension s&#8217;associe facilement dans tous les habitats. Que vous ayez un int\u00e9rieur moderne, boh\u00e8me ou romantique, cette lampe en rotin apportera de la douceur \u00e0 une ambiance contemporaine et \u00e9pur\u00e9e et ajoutera une note personnelle \u00e0 la [&hellip;]<\/p>\n","protected":false},"featured_media":1113237,"template":"","meta":{"_acf_changed":false,"inline_featured_image":false},"product_brand":[],"product_cat":[6322,3810,4147,5026],"product_tag":[],"class_list":{"0":"post-743163","1":"product","2":"type-product","3":"status-publish","4":"has-post-thumbnail","6":"product_cat-fsc-fr","7":"product_cat-luminaires","8":"product_cat-suspensions-fr","9":"product_cat-bestsellers-fr","10":"product_shipping_class-pk","12":"pa_color-naturel-2","13":"pa_material-rotin-fr","15":"first","16":"instock","17":"featured","18":"taxable","19":"shipping-taxable","20":"purchasable","21":"product-type-simple"},"exclude_global_add_ons":[],"addons":[],"acf":[],"yoast_head":"<!-- This site is optimized with the Yoast SEO plugin v26.4 - https:\/\/yoast.com\/wordpress\/plugins\/seo\/ -->\n<title>Chand Pendule Ronde Naturel - H\u00fcbsch<\/title>\n<meta name=\"description\" content=\"Les lampes en rotin sont des \u00e9l\u00e9ments cl\u00e9s dans un d\u00e9cor boh\u00e8me. Mais le fait est que notre suspension s&#039;associe facilement dans tous les habitats. Que\" \/>\n<meta name=\"robots\" content=\"index, follow, max-snippet:-1, max-image-preview:large, max-video-preview:-1\" \/>\n<link rel=\"canonical\" href=\"https:\/\/hubsch-interior.com\/fr\/wp-json\/wp\/v2\/product\/743163\" \/>\n<meta property=\"og:locale\" content=\"fr_FR\" \/>\n<meta property=\"og:type\" content=\"article\" \/>\n<meta property=\"og:title\" content=\"Chand Pendule Ronde Naturel - H\u00fcbsch\" \/>\n<meta property=\"og:description\" content=\"Les lampes en rotin sont des \u00e9l\u00e9ments cl\u00e9s dans un d\u00e9cor boh\u00e8me. Mais le fait est que notre suspension s&#039;associe facilement dans tous les habitats. Que\" \/>\n<meta property=\"og:url\" content=\"https:\/\/hubsch-interior.com\/fr\/produit\/chand-pendule-ronde-naturel\/\" \/>\n<meta property=\"og:site_name\" content=\"H\u00fcbsch\" \/>\n<meta property=\"article:modified_time\" content=\"2026-04-11T03:14:23+00:00\" \/>\n<meta property=\"og:image\" content=\"https:\/\/hubsch-interior.com\/wp-content\/uploads\/2024\/01\/chand-pendant-round-natural-9f3163ecbf8c19912ae0840ab1d0a482.jpg\" \/>\n\t<meta property=\"og:image:width\" content=\"1200\" \/>\n\t<meta property=\"og:image:height\" content=\"1200\" \/>\n\t<meta property=\"og:image:type\" content=\"image\/jpeg\" \/>\n<meta name=\"twitter:card\" content=\"summary_large_image\" \/>\n<script type=\"application\/ld+json\" class=\"yoast-schema-graph\">{\"@context\":\"https:\/\/schema.org\",\"@graph\":[{\"@type\":\"WebPage\",\"@id\":\"https:\/\/hubsch-interior.com\/fr\/produit\/chand-pendule-ronde-naturel\/\",\"url\":\"https:\/\/hubsch-interior.com\/fr\/produit\/chand-pendule-ronde-naturel\/\",\"name\":\"Chand Pendule Ronde Naturel - H\u00fcbsch\",\"isPartOf\":{\"@id\":\"https:\/\/hubsch-interior.com\/fr\/#website\"},\"primaryImageOfPage\":{\"@id\":\"https:\/\/hubsch-interior.com\/fr\/produit\/chand-pendule-ronde-naturel\/#primaryimage\"},\"image\":{\"@id\":\"https:\/\/hubsch-interior.com\/fr\/produit\/chand-pendule-ronde-naturel\/#primaryimage\"},\"thumbnailUrl\":\"https:\/\/hubsch-interior.com\/wp-content\/uploads\/2026\/02\/chand-pendant-round-natural-e6923581ecd1b2b33ec94c90a2d48a91.jpg\",\"datePublished\":\"2022-02-08T15:01:01+00:00\",\"dateModified\":\"2026-04-11T03:14:23+00:00\",\"description\":\"Les lampes en rotin sont des \u00e9l\u00e9ments cl\u00e9s dans un d\u00e9cor boh\u00e8me. Mais le fait est que notre suspension s'associe facilement dans tous les habitats. Que\",\"breadcrumb\":{\"@id\":\"https:\/\/hubsch-interior.com\/fr\/produit\/chand-pendule-ronde-naturel\/#breadcrumb\"},\"inLanguage\":\"fr-FR\",\"potentialAction\":[{\"@type\":\"ReadAction\",\"target\":[\"https:\/\/hubsch-interior.com\/fr\/produit\/chand-pendule-ronde-naturel\/\"]}]},{\"@type\":\"ImageObject\",\"inLanguage\":\"fr-FR\",\"@id\":\"https:\/\/hubsch-interior.com\/fr\/produit\/chand-pendule-ronde-naturel\/#primaryimage\",\"url\":\"https:\/\/hubsch-interior.com\/wp-content\/uploads\/2026\/02\/chand-pendant-round-natural-e6923581ecd1b2b33ec94c90a2d48a91.jpg\",\"contentUrl\":\"https:\/\/hubsch-interior.com\/wp-content\/uploads\/2026\/02\/chand-pendant-round-natural-e6923581ecd1b2b33ec94c90a2d48a91.jpg\",\"width\":1024,\"height\":1024},{\"@type\":\"BreadcrumbList\",\"@id\":\"https:\/\/hubsch-interior.com\/fr\/produit\/chand-pendule-ronde-naturel\/#breadcrumb\",\"itemListElement\":[{\"@type\":\"ListItem\",\"position\":1,\"name\":\"Page d'accueil\",\"item\":\"https:\/\/hubsch-interior.com\/fr\/\"},{\"@type\":\"ListItem\",\"position\":2,\"name\":\"Produits\",\"item\":\"https:\/\/hubsch-interior.com\/fr\/shop-2\/\"},{\"@type\":\"ListItem\",\"position\":3,\"name\":\"Luminaires\",\"item\":\"https:\/\/hubsch-interior.com\/fr\/categorie-produit\/luminaires\/\"},{\"@type\":\"ListItem\",\"position\":4,\"name\":\"Suspensions\",\"item\":\"https:\/\/hubsch-interior.com\/fr\/categorie-produit\/luminaires\/suspensions-fr\/\"},{\"@type\":\"ListItem\",\"position\":5,\"name\":\"Chand Pendule Ronde Naturel\"}]},{\"@type\":\"WebSite\",\"@id\":\"https:\/\/hubsch-interior.com\/fr\/#website\",\"url\":\"https:\/\/hubsch-interior.com\/fr\/\",\"name\":\"H\u00fcbsch\",\"description\":\"Danish Home Interior and Design\",\"publisher\":{\"@id\":\"https:\/\/hubsch-interior.com\/fr\/#organization\"},\"potentialAction\":[{\"@type\":\"SearchAction\",\"target\":{\"@type\":\"EntryPoint\",\"urlTemplate\":\"https:\/\/hubsch-interior.com\/fr\/?s={search_term_string}\"},\"query-input\":{\"@type\":\"PropertyValueSpecification\",\"valueRequired\":true,\"valueName\":\"search_term_string\"}}],\"inLanguage\":\"fr-FR\"},{\"@type\":\"Organization\",\"@id\":\"https:\/\/hubsch-interior.com\/fr\/#organization\",\"name\":\"H\u00fcbsch\",\"url\":\"https:\/\/hubsch-interior.com\/fr\/\",\"logo\":{\"@type\":\"ImageObject\",\"inLanguage\":\"fr-FR\",\"@id\":\"https:\/\/hubsch-interior.com\/fr\/#\/schema\/logo\/image\/\",\"url\":\"https:\/\/hubsch-interior.com\/wp-content\/uploads\/2022\/12\/Hubsch_logo_black_one_line.svg\",\"contentUrl\":\"https:\/\/hubsch-interior.com\/wp-content\/uploads\/2022\/12\/Hubsch_logo_black_one_line.svg\",\"caption\":\"H\u00fcbsch\"},\"image\":{\"@id\":\"https:\/\/hubsch-interior.com\/fr\/#\/schema\/logo\/image\/\"}}]}<\/script>\n<!-- \/ Yoast SEO plugin. -->","yoast_head_json":{"title":"Chand Pendule Ronde Naturel - H\u00fcbsch","description":"Les lampes en rotin sont des \u00e9l\u00e9ments cl\u00e9s dans un d\u00e9cor boh\u00e8me. Mais le fait est que notre suspension s'associe facilement dans tous les habitats. Que","robots":{"index":"index","follow":"follow","max-snippet":"max-snippet:-1","max-image-preview":"max-image-preview:large","max-video-preview":"max-video-preview:-1"},"canonical":"https:\/\/hubsch-interior.com\/fr\/wp-json\/wp\/v2\/product\/743163","og_locale":"fr_FR","og_type":"article","og_title":"Chand Pendule Ronde Naturel - H\u00fcbsch","og_description":"Les lampes en rotin sont des \u00e9l\u00e9ments cl\u00e9s dans un d\u00e9cor boh\u00e8me. Mais le fait est que notre suspension s'associe facilement dans tous les habitats. Que","og_url":"https:\/\/hubsch-interior.com\/fr\/produit\/chand-pendule-ronde-naturel\/","og_site_name":"H\u00fcbsch","article_modified_time":"2026-04-11T03:14:23+00:00","og_image":[{"width":1200,"height":1200,"url":"https:\/\/hubsch-interior.com\/wp-content\/uploads\/2024\/01\/chand-pendant-round-natural-9f3163ecbf8c19912ae0840ab1d0a482.jpg","type":"image\/jpeg"}],"twitter_card":"summary_large_image","schema":{"@context":"https:\/\/schema.org","@graph":[{"@type":"WebPage","@id":"https:\/\/hubsch-interior.com\/fr\/produit\/chand-pendule-ronde-naturel\/","url":"https:\/\/hubsch-interior.com\/fr\/produit\/chand-pendule-ronde-naturel\/","name":"Chand Pendule Ronde Naturel - H\u00fcbsch","isPartOf":{"@id":"https:\/\/hubsch-interior.com\/fr\/#website"},"primaryImageOfPage":{"@id":"https:\/\/hubsch-interior.com\/fr\/produit\/chand-pendule-ronde-naturel\/#primaryimage"},"image":{"@id":"https:\/\/hubsch-interior.com\/fr\/produit\/chand-pendule-ronde-naturel\/#primaryimage"},"thumbnailUrl":"https:\/\/hubsch-interior.com\/wp-content\/uploads\/2026\/02\/chand-pendant-round-natural-e6923581ecd1b2b33ec94c90a2d48a91.jpg","datePublished":"2022-02-08T15:01:01+00:00","dateModified":"2026-04-11T03:14:23+00:00","description":"Les lampes en rotin sont des \u00e9l\u00e9ments cl\u00e9s dans un d\u00e9cor boh\u00e8me. Mais le fait est que notre suspension s'associe facilement dans tous les habitats. Que","breadcrumb":{"@id":"https:\/\/hubsch-interior.com\/fr\/produit\/chand-pendule-ronde-naturel\/#breadcrumb"},"inLanguage":"fr-FR","potentialAction":[{"@type":"ReadAction","target":["https:\/\/hubsch-interior.com\/fr\/produit\/chand-pendule-ronde-naturel\/"]}]},{"@type":"ImageObject","inLanguage":"fr-FR","@id":"https:\/\/hubsch-interior.com\/fr\/produit\/chand-pendule-ronde-naturel\/#primaryimage","url":"https:\/\/hubsch-interior.com\/wp-content\/uploads\/2026\/02\/chand-pendant-round-natural-e6923581ecd1b2b33ec94c90a2d48a91.jpg","contentUrl":"https:\/\/hubsch-interior.com\/wp-content\/uploads\/2026\/02\/chand-pendant-round-natural-e6923581ecd1b2b33ec94c90a2d48a91.jpg","width":1024,"height":1024},{"@type":"BreadcrumbList","@id":"https:\/\/hubsch-interior.com\/fr\/produit\/chand-pendule-ronde-naturel\/#breadcrumb","itemListElement":[{"@type":"ListItem","position":1,"name":"Page d'accueil","item":"https:\/\/hubsch-interior.com\/fr\/"},{"@type":"ListItem","position":2,"name":"Produits","item":"https:\/\/hubsch-interior.com\/fr\/shop-2\/"},{"@type":"ListItem","position":3,"name":"Luminaires","item":"https:\/\/hubsch-interior.com\/fr\/categorie-produit\/luminaires\/"},{"@type":"ListItem","position":4,"name":"Suspensions","item":"https:\/\/hubsch-interior.com\/fr\/categorie-produit\/luminaires\/suspensions-fr\/"},{"@type":"ListItem","position":5,"name":"Chand Pendule Ronde Naturel"}]},{"@type":"WebSite","@id":"https:\/\/hubsch-interior.com\/fr\/#website","url":"https:\/\/hubsch-interior.com\/fr\/","name":"H\u00fcbsch","description":"Danish Home Interior and Design","publisher":{"@id":"https:\/\/hubsch-interior.com\/fr\/#organization"},"potentialAction":[{"@type":"SearchAction","target":{"@type":"EntryPoint","urlTemplate":"https:\/\/hubsch-interior.com\/fr\/?s={search_term_string}"},"query-input":{"@type":"PropertyValueSpecification","valueRequired":true,"valueName":"search_term_string"}}],"inLanguage":"fr-FR"},{"@type":"Organization","@id":"https:\/\/hubsch-interior.com\/fr\/#organization","name":"H\u00fcbsch","url":"https:\/\/hubsch-interior.com\/fr\/","logo":{"@type":"ImageObject","inLanguage":"fr-FR","@id":"https:\/\/hubsch-interior.com\/fr\/#\/schema\/logo\/image\/","url":"https:\/\/hubsch-interior.com\/wp-content\/uploads\/2022\/12\/Hubsch_logo_black_one_line.svg","contentUrl":"https:\/\/hubsch-interior.com\/wp-content\/uploads\/2022\/12\/Hubsch_logo_black_one_line.svg","caption":"H\u00fcbsch"},"image":{"@id":"https:\/\/hubsch-interior.com\/fr\/#\/schema\/logo\/image\/"}}]}},"_links":{"self":[{"href":"https:\/\/hubsch-interior.com\/fr\/wp-json\/wp\/v2\/product\/743163","targetHints":{"allow":["GET"]}}],"collection":[{"href":"https:\/\/hubsch-interior.com\/fr\/wp-json\/wp\/v2\/product"}],"about":[{"href":"https:\/\/hubsch-interior.com\/fr\/wp-json\/wp\/v2\/types\/product"}],"wp:featuredmedia":[{"embeddable":true,"href":"https:\/\/hubsch-interior.com\/fr\/wp-json\/wp\/v2\/media\/1113237"}],"wp:attachment":[{"href":"https:\/\/hubsch-interior.com\/fr\/wp-json\/wp\/v2\/media?parent=743163"}],"wp:term":[{"taxonomy":"product_brand","embeddable":true,"href":"https:\/\/hubsch-interior.com\/fr\/wp-json\/wp\/v2\/product_brand?post=743163"},{"taxonomy":"product_cat","embeddable":true,"href":"https:\/\/hubsch-interior.com\/fr\/wp-json\/wp\/v2\/product_cat?post=743163"},{"taxonomy":"product_tag","embeddable":true,"href":"https:\/\/hubsch-interior.com\/fr\/wp-json\/wp\/v2\/product_tag?post=743163"}],"curies":[{"name":"wp","href":"https:\/\/api.w.org\/{rel}","templated":true}]}}