{"id":78200,"date":"2021-01-27T14:33:16","date_gmt":"2021-01-27T13:33:16","guid":{"rendered":"https:\/\/hubsch-interior.com\/product\/product-56\/"},"modified":"2026-04-09T05:11:41","modified_gmt":"2026-04-09T03:11:41","slug":"pipe-lampe-de-table-bleu","status":"publish","type":"product","link":"https:\/\/hubsch-interior.com\/fr\/produit\/pipe-lampe-de-table-bleu\/","title":{"rendered":"Pipe Lampe de table Bleu"},"content":{"rendered":"<p>Pipe Lampe de table Bleu P\u00e9trole est un produit innovant et \u00e9l\u00e9gant. Fabriqu\u00e9e en m\u00e9tal, cette lampe de table se distingue par son style unique et classique. La couleur bleu p\u00e9trole ajoute une touche de sophistication \u00e0 votre d\u00e9cor. Facile \u00e0 installer, cette lampe s&#8217;int\u00e8gre parfaitement \u00e0 tout type d&#8217;int\u00e9rieur. Elle \u00e9clairera parfaitement votre pi\u00e8ce et vous offrira une ambiance chaleureuse et conviviale.<\/p>\n","protected":false},"excerpt":{"rendered":"<p>Pipe Lampe de table Bleu P\u00e9trole est un produit innovant et \u00e9l\u00e9gant. Fabriqu\u00e9e en m\u00e9tal, cette lampe de table se distingue par son style unique et classique. La couleur bleu p\u00e9trole ajoute une touche de sophistication \u00e0 votre d\u00e9cor. Facile \u00e0 installer, cette lampe s&#8217;int\u00e8gre parfaitement \u00e0 tout type d&#8217;int\u00e9rieur. Elle \u00e9clairera parfaitement votre pi\u00e8ce [&hellip;]<\/p>\n","protected":false},"featured_media":1108625,"template":"","meta":{"_acf_changed":false,"inline_featured_image":false},"product_brand":[],"product_cat":[3810,3500,5026],"product_tag":[],"class_list":{"0":"post-78200","1":"product","2":"type-product","3":"status-publish","4":"has-post-thumbnail","6":"product_cat-luminaires","7":"product_cat-lampes-a-poser-fr","8":"product_cat-bestsellers-fr","9":"product_shipping_class-pk","11":"pa_color-bleu-2","12":"pa_material-fer-fr","14":"first","15":"instock","16":"featured","17":"taxable","18":"shipping-taxable","19":"purchasable","20":"product-type-simple"},"exclude_global_add_ons":[],"addons":[],"acf":[],"yoast_head":"<!-- This site is optimized with the Yoast SEO plugin v26.4 - https:\/\/yoast.com\/wordpress\/plugins\/seo\/ -->\n<title>Pipe Lampe de table Bleu - H\u00fcbsch<\/title>\n<meta name=\"description\" content=\"Pipe Lampe de table Bleu P\u00e9trole est un produit innovant et \u00e9l\u00e9gant. Fabriqu\u00e9e en m\u00e9tal, cette lampe de table se distingue par son style unique et\" \/>\n<meta name=\"robots\" content=\"index, follow, max-snippet:-1, max-image-preview:large, max-video-preview:-1\" \/>\n<link rel=\"canonical\" href=\"https:\/\/hubsch-interior.com\/fr\/wp-json\/wp\/v2\/product\/78200\" \/>\n<meta property=\"og:locale\" content=\"fr_FR\" \/>\n<meta property=\"og:type\" content=\"article\" \/>\n<meta property=\"og:title\" content=\"Pipe Lampe de table Bleu - H\u00fcbsch\" \/>\n<meta property=\"og:description\" content=\"Pipe Lampe de table Bleu P\u00e9trole est un produit innovant et \u00e9l\u00e9gant. Fabriqu\u00e9e en m\u00e9tal, cette lampe de table se distingue par son style unique et\" \/>\n<meta property=\"og:url\" content=\"https:\/\/hubsch-interior.com\/fr\/produit\/pipe-lampe-de-table-bleu\/\" \/>\n<meta property=\"og:site_name\" content=\"H\u00fcbsch\" \/>\n<meta property=\"article:modified_time\" content=\"2026-04-09T03:11:41+00:00\" \/>\n<meta property=\"og:image\" content=\"https:\/\/hubsch-interior.com\/wp-content\/uploads\/2024\/01\/pipe-table-lamp-blue-ed357bd964d5960229fd40e4c0602127.jpg\" \/>\n\t<meta property=\"og:image:width\" content=\"1200\" \/>\n\t<meta property=\"og:image:height\" content=\"1200\" \/>\n\t<meta property=\"og:image:type\" content=\"image\/jpeg\" \/>\n<meta name=\"twitter:card\" content=\"summary_large_image\" \/>\n<script type=\"application\/ld+json\" class=\"yoast-schema-graph\">{\"@context\":\"https:\/\/schema.org\",\"@graph\":[{\"@type\":\"WebPage\",\"@id\":\"https:\/\/hubsch-interior.com\/fr\/produit\/pipe-lampe-de-table-bleu\/\",\"url\":\"https:\/\/hubsch-interior.com\/fr\/produit\/pipe-lampe-de-table-bleu\/\",\"name\":\"Pipe Lampe de table Bleu - H\u00fcbsch\",\"isPartOf\":{\"@id\":\"https:\/\/hubsch-interior.com\/fr\/#website\"},\"primaryImageOfPage\":{\"@id\":\"https:\/\/hubsch-interior.com\/fr\/produit\/pipe-lampe-de-table-bleu\/#primaryimage\"},\"image\":{\"@id\":\"https:\/\/hubsch-interior.com\/fr\/produit\/pipe-lampe-de-table-bleu\/#primaryimage\"},\"thumbnailUrl\":\"https:\/\/hubsch-interior.com\/wp-content\/uploads\/2026\/02\/pipe-table-lamp-blue-a04367cf0fc87a48cdbcaf3f75d07270.jpg\",\"datePublished\":\"2021-01-27T13:33:16+00:00\",\"dateModified\":\"2026-04-09T03:11:41+00:00\",\"description\":\"Pipe Lampe de table Bleu P\u00e9trole est un produit innovant et \u00e9l\u00e9gant. Fabriqu\u00e9e en m\u00e9tal, cette lampe de table se distingue par son style unique et\",\"breadcrumb\":{\"@id\":\"https:\/\/hubsch-interior.com\/fr\/produit\/pipe-lampe-de-table-bleu\/#breadcrumb\"},\"inLanguage\":\"fr-FR\",\"potentialAction\":[{\"@type\":\"ReadAction\",\"target\":[\"https:\/\/hubsch-interior.com\/fr\/produit\/pipe-lampe-de-table-bleu\/\"]}]},{\"@type\":\"ImageObject\",\"inLanguage\":\"fr-FR\",\"@id\":\"https:\/\/hubsch-interior.com\/fr\/produit\/pipe-lampe-de-table-bleu\/#primaryimage\",\"url\":\"https:\/\/hubsch-interior.com\/wp-content\/uploads\/2026\/02\/pipe-table-lamp-blue-a04367cf0fc87a48cdbcaf3f75d07270.jpg\",\"contentUrl\":\"https:\/\/hubsch-interior.com\/wp-content\/uploads\/2026\/02\/pipe-table-lamp-blue-a04367cf0fc87a48cdbcaf3f75d07270.jpg\",\"width\":1024,\"height\":1024},{\"@type\":\"BreadcrumbList\",\"@id\":\"https:\/\/hubsch-interior.com\/fr\/produit\/pipe-lampe-de-table-bleu\/#breadcrumb\",\"itemListElement\":[{\"@type\":\"ListItem\",\"position\":1,\"name\":\"Page d'accueil\",\"item\":\"https:\/\/hubsch-interior.com\/fr\/\"},{\"@type\":\"ListItem\",\"position\":2,\"name\":\"Produits\",\"item\":\"https:\/\/hubsch-interior.com\/fr\/shop-2\/\"},{\"@type\":\"ListItem\",\"position\":3,\"name\":\"Luminaires\",\"item\":\"https:\/\/hubsch-interior.com\/fr\/categorie-produit\/luminaires\/\"},{\"@type\":\"ListItem\",\"position\":4,\"name\":\"Lampes &agrave; poser\",\"item\":\"https:\/\/hubsch-interior.com\/fr\/categorie-produit\/luminaires\/lampes-a-poser-fr\/\"},{\"@type\":\"ListItem\",\"position\":5,\"name\":\"Pipe Lampe de table Bleu\"}]},{\"@type\":\"WebSite\",\"@id\":\"https:\/\/hubsch-interior.com\/fr\/#website\",\"url\":\"https:\/\/hubsch-interior.com\/fr\/\",\"name\":\"H\u00fcbsch\",\"description\":\"Danish Home Interior and Design\",\"publisher\":{\"@id\":\"https:\/\/hubsch-interior.com\/fr\/#organization\"},\"potentialAction\":[{\"@type\":\"SearchAction\",\"target\":{\"@type\":\"EntryPoint\",\"urlTemplate\":\"https:\/\/hubsch-interior.com\/fr\/?s={search_term_string}\"},\"query-input\":{\"@type\":\"PropertyValueSpecification\",\"valueRequired\":true,\"valueName\":\"search_term_string\"}}],\"inLanguage\":\"fr-FR\"},{\"@type\":\"Organization\",\"@id\":\"https:\/\/hubsch-interior.com\/fr\/#organization\",\"name\":\"H\u00fcbsch\",\"url\":\"https:\/\/hubsch-interior.com\/fr\/\",\"logo\":{\"@type\":\"ImageObject\",\"inLanguage\":\"fr-FR\",\"@id\":\"https:\/\/hubsch-interior.com\/fr\/#\/schema\/logo\/image\/\",\"url\":\"https:\/\/hubsch-interior.com\/wp-content\/uploads\/2022\/12\/Hubsch_logo_black_one_line.svg\",\"contentUrl\":\"https:\/\/hubsch-interior.com\/wp-content\/uploads\/2022\/12\/Hubsch_logo_black_one_line.svg\",\"caption\":\"H\u00fcbsch\"},\"image\":{\"@id\":\"https:\/\/hubsch-interior.com\/fr\/#\/schema\/logo\/image\/\"}}]}<\/script>\n<!-- \/ Yoast SEO plugin. -->","yoast_head_json":{"title":"Pipe Lampe de table Bleu - H\u00fcbsch","description":"Pipe Lampe de table Bleu P\u00e9trole est un produit innovant et \u00e9l\u00e9gant. Fabriqu\u00e9e en m\u00e9tal, cette lampe de table se distingue par son style unique et","robots":{"index":"index","follow":"follow","max-snippet":"max-snippet:-1","max-image-preview":"max-image-preview:large","max-video-preview":"max-video-preview:-1"},"canonical":"https:\/\/hubsch-interior.com\/fr\/wp-json\/wp\/v2\/product\/78200","og_locale":"fr_FR","og_type":"article","og_title":"Pipe Lampe de table Bleu - H\u00fcbsch","og_description":"Pipe Lampe de table Bleu P\u00e9trole est un produit innovant et \u00e9l\u00e9gant. Fabriqu\u00e9e en m\u00e9tal, cette lampe de table se distingue par son style unique et","og_url":"https:\/\/hubsch-interior.com\/fr\/produit\/pipe-lampe-de-table-bleu\/","og_site_name":"H\u00fcbsch","article_modified_time":"2026-04-09T03:11:41+00:00","og_image":[{"width":1200,"height":1200,"url":"https:\/\/hubsch-interior.com\/wp-content\/uploads\/2024\/01\/pipe-table-lamp-blue-ed357bd964d5960229fd40e4c0602127.jpg","type":"image\/jpeg"}],"twitter_card":"summary_large_image","schema":{"@context":"https:\/\/schema.org","@graph":[{"@type":"WebPage","@id":"https:\/\/hubsch-interior.com\/fr\/produit\/pipe-lampe-de-table-bleu\/","url":"https:\/\/hubsch-interior.com\/fr\/produit\/pipe-lampe-de-table-bleu\/","name":"Pipe Lampe de table Bleu - H\u00fcbsch","isPartOf":{"@id":"https:\/\/hubsch-interior.com\/fr\/#website"},"primaryImageOfPage":{"@id":"https:\/\/hubsch-interior.com\/fr\/produit\/pipe-lampe-de-table-bleu\/#primaryimage"},"image":{"@id":"https:\/\/hubsch-interior.com\/fr\/produit\/pipe-lampe-de-table-bleu\/#primaryimage"},"thumbnailUrl":"https:\/\/hubsch-interior.com\/wp-content\/uploads\/2026\/02\/pipe-table-lamp-blue-a04367cf0fc87a48cdbcaf3f75d07270.jpg","datePublished":"2021-01-27T13:33:16+00:00","dateModified":"2026-04-09T03:11:41+00:00","description":"Pipe Lampe de table Bleu P\u00e9trole est un produit innovant et \u00e9l\u00e9gant. Fabriqu\u00e9e en m\u00e9tal, cette lampe de table se distingue par son style unique et","breadcrumb":{"@id":"https:\/\/hubsch-interior.com\/fr\/produit\/pipe-lampe-de-table-bleu\/#breadcrumb"},"inLanguage":"fr-FR","potentialAction":[{"@type":"ReadAction","target":["https:\/\/hubsch-interior.com\/fr\/produit\/pipe-lampe-de-table-bleu\/"]}]},{"@type":"ImageObject","inLanguage":"fr-FR","@id":"https:\/\/hubsch-interior.com\/fr\/produit\/pipe-lampe-de-table-bleu\/#primaryimage","url":"https:\/\/hubsch-interior.com\/wp-content\/uploads\/2026\/02\/pipe-table-lamp-blue-a04367cf0fc87a48cdbcaf3f75d07270.jpg","contentUrl":"https:\/\/hubsch-interior.com\/wp-content\/uploads\/2026\/02\/pipe-table-lamp-blue-a04367cf0fc87a48cdbcaf3f75d07270.jpg","width":1024,"height":1024},{"@type":"BreadcrumbList","@id":"https:\/\/hubsch-interior.com\/fr\/produit\/pipe-lampe-de-table-bleu\/#breadcrumb","itemListElement":[{"@type":"ListItem","position":1,"name":"Page d'accueil","item":"https:\/\/hubsch-interior.com\/fr\/"},{"@type":"ListItem","position":2,"name":"Produits","item":"https:\/\/hubsch-interior.com\/fr\/shop-2\/"},{"@type":"ListItem","position":3,"name":"Luminaires","item":"https:\/\/hubsch-interior.com\/fr\/categorie-produit\/luminaires\/"},{"@type":"ListItem","position":4,"name":"Lampes &agrave; poser","item":"https:\/\/hubsch-interior.com\/fr\/categorie-produit\/luminaires\/lampes-a-poser-fr\/"},{"@type":"ListItem","position":5,"name":"Pipe Lampe de table Bleu"}]},{"@type":"WebSite","@id":"https:\/\/hubsch-interior.com\/fr\/#website","url":"https:\/\/hubsch-interior.com\/fr\/","name":"H\u00fcbsch","description":"Danish Home Interior and Design","publisher":{"@id":"https:\/\/hubsch-interior.com\/fr\/#organization"},"potentialAction":[{"@type":"SearchAction","target":{"@type":"EntryPoint","urlTemplate":"https:\/\/hubsch-interior.com\/fr\/?s={search_term_string}"},"query-input":{"@type":"PropertyValueSpecification","valueRequired":true,"valueName":"search_term_string"}}],"inLanguage":"fr-FR"},{"@type":"Organization","@id":"https:\/\/hubsch-interior.com\/fr\/#organization","name":"H\u00fcbsch","url":"https:\/\/hubsch-interior.com\/fr\/","logo":{"@type":"ImageObject","inLanguage":"fr-FR","@id":"https:\/\/hubsch-interior.com\/fr\/#\/schema\/logo\/image\/","url":"https:\/\/hubsch-interior.com\/wp-content\/uploads\/2022\/12\/Hubsch_logo_black_one_line.svg","contentUrl":"https:\/\/hubsch-interior.com\/wp-content\/uploads\/2022\/12\/Hubsch_logo_black_one_line.svg","caption":"H\u00fcbsch"},"image":{"@id":"https:\/\/hubsch-interior.com\/fr\/#\/schema\/logo\/image\/"}}]}},"_links":{"self":[{"href":"https:\/\/hubsch-interior.com\/fr\/wp-json\/wp\/v2\/product\/78200","targetHints":{"allow":["GET"]}}],"collection":[{"href":"https:\/\/hubsch-interior.com\/fr\/wp-json\/wp\/v2\/product"}],"about":[{"href":"https:\/\/hubsch-interior.com\/fr\/wp-json\/wp\/v2\/types\/product"}],"wp:featuredmedia":[{"embeddable":true,"href":"https:\/\/hubsch-interior.com\/fr\/wp-json\/wp\/v2\/media\/1108625"}],"wp:attachment":[{"href":"https:\/\/hubsch-interior.com\/fr\/wp-json\/wp\/v2\/media?parent=78200"}],"wp:term":[{"taxonomy":"product_brand","embeddable":true,"href":"https:\/\/hubsch-interior.com\/fr\/wp-json\/wp\/v2\/product_brand?post=78200"},{"taxonomy":"product_cat","embeddable":true,"href":"https:\/\/hubsch-interior.com\/fr\/wp-json\/wp\/v2\/product_cat?post=78200"},{"taxonomy":"product_tag","embeddable":true,"href":"https:\/\/hubsch-interior.com\/fr\/wp-json\/wp\/v2\/product_tag?post=78200"}],"curies":[{"name":"wp","href":"https:\/\/api.w.org\/{rel}","templated":true}]}}