{"id":801625,"date":"2022-08-11T13:13:55","date_gmt":"2022-08-11T11:13:55","guid":{"rendered":"https:\/\/hubsch-interior.com\/product\/product-2\/"},"modified":"2026-04-09T04:26:16","modified_gmt":"2026-04-09T02:26:16","slug":"carry-plateaux-blanc-set-de-3","status":"publish","type":"product","link":"https:\/\/hubsch-interior.com\/fr\/produit\/carry-plateaux-blanc-set-de-3\/","title":{"rendered":"Carry Plateaux Blanc (set de 3)"},"content":{"rendered":"<p>Ce set de 3 plateaux en m\u00e9tal blanc Carry Plateaux est parfait pour d\u00e9corer votre int\u00e9rieur. Gr\u00e2ce \u00e0 sa couleur \u00e9l\u00e9gante, il s&#8217;harmonisera \u00e0 n&#8217;importe quelle d\u00e9coration. Ils sont tr\u00e8s pratiques et peuvent \u00eatre utilis\u00e9s pour d\u00e9poser objets et mets. De plus, ils sont l\u00e9gers et faciles \u00e0 d\u00e9placer. Profitez d&#8217;un look simple et \u00e9l\u00e9gant avec ce set de 3 plateaux Carry Plateaux.<\/p>\n","protected":false},"excerpt":{"rendered":"<p>Ce set de 3 plateaux en m\u00e9tal blanc Carry Plateaux est parfait pour d\u00e9corer votre int\u00e9rieur. Gr\u00e2ce \u00e0 sa couleur \u00e9l\u00e9gante, il s&#8217;harmonisera \u00e0 n&#8217;importe quelle d\u00e9coration. Ils sont tr\u00e8s pratiques et peuvent \u00eatre utilis\u00e9s pour d\u00e9poser objets et mets. De plus, ils sont l\u00e9gers et faciles \u00e0 d\u00e9placer. Profitez d&#8217;un look simple et \u00e9l\u00e9gant [&hellip;]<\/p>\n","protected":false},"featured_media":1096014,"template":"","meta":{"_acf_changed":false,"inline_featured_image":false},"product_brand":[],"product_cat":[7039,7027,3110,4075,5026],"product_tag":[],"class_list":{"0":"post-801625","1":"product","2":"type-product","3":"status-publish","4":"has-post-thumbnail","6":"product_cat-cuisine-plateaux-fr","7":"product_cat-vaisselle-fr-2","8":"product_cat-espace-de-rangement-fr","9":"product_cat-paniers-fr","10":"product_cat-bestsellers-fr","11":"product_shipping_class-pk","13":"pa_color-blanc","14":"pa_material-fer-fr","16":"first","17":"instock","18":"featured","19":"taxable","20":"shipping-taxable","21":"purchasable","22":"product-type-simple"},"exclude_global_add_ons":[],"addons":[],"acf":[],"yoast_head":"<!-- This site is optimized with the Yoast SEO plugin v26.4 - https:\/\/yoast.com\/wordpress\/plugins\/seo\/ -->\n<title>Carry Plateaux Blanc (set de 3) - H\u00fcbsch<\/title>\n<meta name=\"description\" content=\"Ce set de 3 plateaux en m\u00e9tal blanc Carry Plateaux est parfait pour d\u00e9corer votre int\u00e9rieur. Gr\u00e2ce \u00e0 sa couleur \u00e9l\u00e9gante, il s&#039;harmonisera \u00e0 n&#039;importe\" \/>\n<meta name=\"robots\" content=\"index, follow, max-snippet:-1, max-image-preview:large, max-video-preview:-1\" \/>\n<link rel=\"canonical\" href=\"https:\/\/hubsch-interior.com\/fr\/wp-json\/wp\/v2\/product\/801625\" \/>\n<meta property=\"og:locale\" content=\"fr_FR\" \/>\n<meta property=\"og:type\" content=\"article\" \/>\n<meta property=\"og:title\" content=\"Carry Plateaux Blanc (set de 3) - H\u00fcbsch\" \/>\n<meta property=\"og:description\" content=\"Ce set de 3 plateaux en m\u00e9tal blanc Carry Plateaux est parfait pour d\u00e9corer votre int\u00e9rieur. Gr\u00e2ce \u00e0 sa couleur \u00e9l\u00e9gante, il s&#039;harmonisera \u00e0 n&#039;importe\" \/>\n<meta property=\"og:url\" content=\"https:\/\/hubsch-interior.com\/fr\/produit\/carry-plateaux-blanc-set-de-3\/\" \/>\n<meta property=\"og:site_name\" content=\"H\u00fcbsch\" \/>\n<meta property=\"article:modified_time\" content=\"2026-04-09T02:26:16+00:00\" \/>\n<meta property=\"og:image\" content=\"https:\/\/hubsch-interior.com\/wp-content\/uploads\/2023\/08\/carry-trays-white-set-of-3-d2e0d03f911140b63292351ebdc8868f.jpg\" \/>\n\t<meta property=\"og:image:width\" content=\"1200\" \/>\n\t<meta property=\"og:image:height\" content=\"1200\" \/>\n\t<meta property=\"og:image:type\" content=\"image\/jpeg\" \/>\n<meta name=\"twitter:card\" content=\"summary_large_image\" \/>\n<script type=\"application\/ld+json\" class=\"yoast-schema-graph\">{\"@context\":\"https:\/\/schema.org\",\"@graph\":[{\"@type\":\"WebPage\",\"@id\":\"https:\/\/hubsch-interior.com\/fr\/produit\/carry-plateaux-blanc-set-de-3\/\",\"url\":\"https:\/\/hubsch-interior.com\/fr\/produit\/carry-plateaux-blanc-set-de-3\/\",\"name\":\"Carry Plateaux Blanc (set de 3) - H\u00fcbsch\",\"isPartOf\":{\"@id\":\"https:\/\/hubsch-interior.com\/fr\/#website\"},\"primaryImageOfPage\":{\"@id\":\"https:\/\/hubsch-interior.com\/fr\/produit\/carry-plateaux-blanc-set-de-3\/#primaryimage\"},\"image\":{\"@id\":\"https:\/\/hubsch-interior.com\/fr\/produit\/carry-plateaux-blanc-set-de-3\/#primaryimage\"},\"thumbnailUrl\":\"https:\/\/hubsch-interior.com\/wp-content\/uploads\/2026\/02\/carry-trays-white-set-of-3-3fc1b44b226d0a92459369a033b2cc71.jpg\",\"datePublished\":\"2022-08-11T11:13:55+00:00\",\"dateModified\":\"2026-04-09T02:26:16+00:00\",\"description\":\"Ce set de 3 plateaux en m\u00e9tal blanc Carry Plateaux est parfait pour d\u00e9corer votre int\u00e9rieur. Gr\u00e2ce \u00e0 sa couleur \u00e9l\u00e9gante, il s'harmonisera \u00e0 n'importe\",\"breadcrumb\":{\"@id\":\"https:\/\/hubsch-interior.com\/fr\/produit\/carry-plateaux-blanc-set-de-3\/#breadcrumb\"},\"inLanguage\":\"fr-FR\",\"potentialAction\":[{\"@type\":\"ReadAction\",\"target\":[\"https:\/\/hubsch-interior.com\/fr\/produit\/carry-plateaux-blanc-set-de-3\/\"]}]},{\"@type\":\"ImageObject\",\"inLanguage\":\"fr-FR\",\"@id\":\"https:\/\/hubsch-interior.com\/fr\/produit\/carry-plateaux-blanc-set-de-3\/#primaryimage\",\"url\":\"https:\/\/hubsch-interior.com\/wp-content\/uploads\/2026\/02\/carry-trays-white-set-of-3-3fc1b44b226d0a92459369a033b2cc71.jpg\",\"contentUrl\":\"https:\/\/hubsch-interior.com\/wp-content\/uploads\/2026\/02\/carry-trays-white-set-of-3-3fc1b44b226d0a92459369a033b2cc71.jpg\",\"width\":1024,\"height\":1024},{\"@type\":\"BreadcrumbList\",\"@id\":\"https:\/\/hubsch-interior.com\/fr\/produit\/carry-plateaux-blanc-set-de-3\/#breadcrumb\",\"itemListElement\":[{\"@type\":\"ListItem\",\"position\":1,\"name\":\"Page d'accueil\",\"item\":\"https:\/\/hubsch-interior.com\/fr\/\"},{\"@type\":\"ListItem\",\"position\":2,\"name\":\"Produits\",\"item\":\"https:\/\/hubsch-interior.com\/fr\/shop-2\/\"},{\"@type\":\"ListItem\",\"position\":3,\"name\":\"Cuisine\",\"item\":\"https:\/\/hubsch-interior.com\/fr\/categorie-produit\/cuisine\/\"},{\"@type\":\"ListItem\",\"position\":4,\"name\":\"Vaisselle\",\"item\":\"https:\/\/hubsch-interior.com\/fr\/categorie-produit\/cuisine\/vaisselle-fr-2\/\"},{\"@type\":\"ListItem\",\"position\":5,\"name\":\"Plateaux\",\"item\":\"https:\/\/hubsch-interior.com\/fr\/categorie-produit\/cuisine\/vaisselle-fr-2\/cuisine-plateaux-fr\/\"},{\"@type\":\"ListItem\",\"position\":6,\"name\":\"Carry Plateaux Blanc (set de 3)\"}]},{\"@type\":\"WebSite\",\"@id\":\"https:\/\/hubsch-interior.com\/fr\/#website\",\"url\":\"https:\/\/hubsch-interior.com\/fr\/\",\"name\":\"H\u00fcbsch\",\"description\":\"Danish Home Interior and Design\",\"publisher\":{\"@id\":\"https:\/\/hubsch-interior.com\/fr\/#organization\"},\"potentialAction\":[{\"@type\":\"SearchAction\",\"target\":{\"@type\":\"EntryPoint\",\"urlTemplate\":\"https:\/\/hubsch-interior.com\/fr\/?s={search_term_string}\"},\"query-input\":{\"@type\":\"PropertyValueSpecification\",\"valueRequired\":true,\"valueName\":\"search_term_string\"}}],\"inLanguage\":\"fr-FR\"},{\"@type\":\"Organization\",\"@id\":\"https:\/\/hubsch-interior.com\/fr\/#organization\",\"name\":\"H\u00fcbsch\",\"url\":\"https:\/\/hubsch-interior.com\/fr\/\",\"logo\":{\"@type\":\"ImageObject\",\"inLanguage\":\"fr-FR\",\"@id\":\"https:\/\/hubsch-interior.com\/fr\/#\/schema\/logo\/image\/\",\"url\":\"https:\/\/hubsch-interior.com\/wp-content\/uploads\/2022\/12\/Hubsch_logo_black_one_line.svg\",\"contentUrl\":\"https:\/\/hubsch-interior.com\/wp-content\/uploads\/2022\/12\/Hubsch_logo_black_one_line.svg\",\"caption\":\"H\u00fcbsch\"},\"image\":{\"@id\":\"https:\/\/hubsch-interior.com\/fr\/#\/schema\/logo\/image\/\"}}]}<\/script>\n<!-- \/ Yoast SEO plugin. -->","yoast_head_json":{"title":"Carry Plateaux Blanc (set de 3) - H\u00fcbsch","description":"Ce set de 3 plateaux en m\u00e9tal blanc Carry Plateaux est parfait pour d\u00e9corer votre int\u00e9rieur. Gr\u00e2ce \u00e0 sa couleur \u00e9l\u00e9gante, il s'harmonisera \u00e0 n'importe","robots":{"index":"index","follow":"follow","max-snippet":"max-snippet:-1","max-image-preview":"max-image-preview:large","max-video-preview":"max-video-preview:-1"},"canonical":"https:\/\/hubsch-interior.com\/fr\/wp-json\/wp\/v2\/product\/801625","og_locale":"fr_FR","og_type":"article","og_title":"Carry Plateaux Blanc (set de 3) - H\u00fcbsch","og_description":"Ce set de 3 plateaux en m\u00e9tal blanc Carry Plateaux est parfait pour d\u00e9corer votre int\u00e9rieur. Gr\u00e2ce \u00e0 sa couleur \u00e9l\u00e9gante, il s'harmonisera \u00e0 n'importe","og_url":"https:\/\/hubsch-interior.com\/fr\/produit\/carry-plateaux-blanc-set-de-3\/","og_site_name":"H\u00fcbsch","article_modified_time":"2026-04-09T02:26:16+00:00","og_image":[{"width":1200,"height":1200,"url":"https:\/\/hubsch-interior.com\/wp-content\/uploads\/2023\/08\/carry-trays-white-set-of-3-d2e0d03f911140b63292351ebdc8868f.jpg","type":"image\/jpeg"}],"twitter_card":"summary_large_image","schema":{"@context":"https:\/\/schema.org","@graph":[{"@type":"WebPage","@id":"https:\/\/hubsch-interior.com\/fr\/produit\/carry-plateaux-blanc-set-de-3\/","url":"https:\/\/hubsch-interior.com\/fr\/produit\/carry-plateaux-blanc-set-de-3\/","name":"Carry Plateaux Blanc (set de 3) - H\u00fcbsch","isPartOf":{"@id":"https:\/\/hubsch-interior.com\/fr\/#website"},"primaryImageOfPage":{"@id":"https:\/\/hubsch-interior.com\/fr\/produit\/carry-plateaux-blanc-set-de-3\/#primaryimage"},"image":{"@id":"https:\/\/hubsch-interior.com\/fr\/produit\/carry-plateaux-blanc-set-de-3\/#primaryimage"},"thumbnailUrl":"https:\/\/hubsch-interior.com\/wp-content\/uploads\/2026\/02\/carry-trays-white-set-of-3-3fc1b44b226d0a92459369a033b2cc71.jpg","datePublished":"2022-08-11T11:13:55+00:00","dateModified":"2026-04-09T02:26:16+00:00","description":"Ce set de 3 plateaux en m\u00e9tal blanc Carry Plateaux est parfait pour d\u00e9corer votre int\u00e9rieur. Gr\u00e2ce \u00e0 sa couleur \u00e9l\u00e9gante, il s'harmonisera \u00e0 n'importe","breadcrumb":{"@id":"https:\/\/hubsch-interior.com\/fr\/produit\/carry-plateaux-blanc-set-de-3\/#breadcrumb"},"inLanguage":"fr-FR","potentialAction":[{"@type":"ReadAction","target":["https:\/\/hubsch-interior.com\/fr\/produit\/carry-plateaux-blanc-set-de-3\/"]}]},{"@type":"ImageObject","inLanguage":"fr-FR","@id":"https:\/\/hubsch-interior.com\/fr\/produit\/carry-plateaux-blanc-set-de-3\/#primaryimage","url":"https:\/\/hubsch-interior.com\/wp-content\/uploads\/2026\/02\/carry-trays-white-set-of-3-3fc1b44b226d0a92459369a033b2cc71.jpg","contentUrl":"https:\/\/hubsch-interior.com\/wp-content\/uploads\/2026\/02\/carry-trays-white-set-of-3-3fc1b44b226d0a92459369a033b2cc71.jpg","width":1024,"height":1024},{"@type":"BreadcrumbList","@id":"https:\/\/hubsch-interior.com\/fr\/produit\/carry-plateaux-blanc-set-de-3\/#breadcrumb","itemListElement":[{"@type":"ListItem","position":1,"name":"Page d'accueil","item":"https:\/\/hubsch-interior.com\/fr\/"},{"@type":"ListItem","position":2,"name":"Produits","item":"https:\/\/hubsch-interior.com\/fr\/shop-2\/"},{"@type":"ListItem","position":3,"name":"Cuisine","item":"https:\/\/hubsch-interior.com\/fr\/categorie-produit\/cuisine\/"},{"@type":"ListItem","position":4,"name":"Vaisselle","item":"https:\/\/hubsch-interior.com\/fr\/categorie-produit\/cuisine\/vaisselle-fr-2\/"},{"@type":"ListItem","position":5,"name":"Plateaux","item":"https:\/\/hubsch-interior.com\/fr\/categorie-produit\/cuisine\/vaisselle-fr-2\/cuisine-plateaux-fr\/"},{"@type":"ListItem","position":6,"name":"Carry Plateaux Blanc (set de 3)"}]},{"@type":"WebSite","@id":"https:\/\/hubsch-interior.com\/fr\/#website","url":"https:\/\/hubsch-interior.com\/fr\/","name":"H\u00fcbsch","description":"Danish Home Interior and Design","publisher":{"@id":"https:\/\/hubsch-interior.com\/fr\/#organization"},"potentialAction":[{"@type":"SearchAction","target":{"@type":"EntryPoint","urlTemplate":"https:\/\/hubsch-interior.com\/fr\/?s={search_term_string}"},"query-input":{"@type":"PropertyValueSpecification","valueRequired":true,"valueName":"search_term_string"}}],"inLanguage":"fr-FR"},{"@type":"Organization","@id":"https:\/\/hubsch-interior.com\/fr\/#organization","name":"H\u00fcbsch","url":"https:\/\/hubsch-interior.com\/fr\/","logo":{"@type":"ImageObject","inLanguage":"fr-FR","@id":"https:\/\/hubsch-interior.com\/fr\/#\/schema\/logo\/image\/","url":"https:\/\/hubsch-interior.com\/wp-content\/uploads\/2022\/12\/Hubsch_logo_black_one_line.svg","contentUrl":"https:\/\/hubsch-interior.com\/wp-content\/uploads\/2022\/12\/Hubsch_logo_black_one_line.svg","caption":"H\u00fcbsch"},"image":{"@id":"https:\/\/hubsch-interior.com\/fr\/#\/schema\/logo\/image\/"}}]}},"_links":{"self":[{"href":"https:\/\/hubsch-interior.com\/fr\/wp-json\/wp\/v2\/product\/801625","targetHints":{"allow":["GET"]}}],"collection":[{"href":"https:\/\/hubsch-interior.com\/fr\/wp-json\/wp\/v2\/product"}],"about":[{"href":"https:\/\/hubsch-interior.com\/fr\/wp-json\/wp\/v2\/types\/product"}],"wp:featuredmedia":[{"embeddable":true,"href":"https:\/\/hubsch-interior.com\/fr\/wp-json\/wp\/v2\/media\/1096014"}],"wp:attachment":[{"href":"https:\/\/hubsch-interior.com\/fr\/wp-json\/wp\/v2\/media?parent=801625"}],"wp:term":[{"taxonomy":"product_brand","embeddable":true,"href":"https:\/\/hubsch-interior.com\/fr\/wp-json\/wp\/v2\/product_brand?post=801625"},{"taxonomy":"product_cat","embeddable":true,"href":"https:\/\/hubsch-interior.com\/fr\/wp-json\/wp\/v2\/product_cat?post=801625"},{"taxonomy":"product_tag","embeddable":true,"href":"https:\/\/hubsch-interior.com\/fr\/wp-json\/wp\/v2\/product_tag?post=801625"}],"curies":[{"name":"wp","href":"https:\/\/api.w.org\/{rel}","templated":true}]}}