{"id":801709,"date":"2022-08-11T13:15:38","date_gmt":"2022-08-11T11:15:38","guid":{"rendered":"https:\/\/hubsch-interior.com\/product\/product-2\/"},"modified":"2026-04-09T04:29:45","modified_gmt":"2026-04-09T02:29:45","slug":"clarien-vases-multicolore-set-de-4","status":"publish","type":"product","link":"https:\/\/hubsch-interior.com\/fr\/produit\/clarien-vases-multicolore-set-de-4\/","title":{"rendered":"Clarien Vases \u00a0Multicolor\u00e9 (set de 4)"},"content":{"rendered":"<p>Ces magnifiques vases Clarien Multicolor\u00e9s de verre sont parfaits pour ajouter une touche de couleur \u00e0 votre int\u00e9rieur. Ce set de 4 vases offre une vari\u00e9t\u00e9 de couleurs et de formes pour s&#8217;adapter \u00e0 votre d\u00e9cor. Le rose, le bleu, le gris et le cristal cr\u00e9eront une atmosph\u00e8re contemporaine et ensoleill\u00e9e. Chaque vase est unique et ajoutera une touche d&#8217;\u00e9l\u00e9gance \u00e0 votre d\u00e9coration int\u00e9rieure. Vous adorerez leur design original et la vari\u00e9t\u00e9 de couleurs. Faites de votre maison un endroit chaleureux et accueillant avec le set de vases Clarien Multicolor\u00e9s.<\/p>\n","protected":false},"excerpt":{"rendered":"<p>Ces magnifiques vases Clarien Multicolor\u00e9s de verre sont parfaits pour ajouter une touche de couleur \u00e0 votre int\u00e9rieur. Ce set de 4 vases offre une vari\u00e9t\u00e9 de couleurs et de formes pour s&#8217;adapter \u00e0 votre d\u00e9cor. Le rose, le bleu, le gris et le cristal cr\u00e9eront une atmosph\u00e8re contemporaine et ensoleill\u00e9e. Chaque vase est unique [&hellip;]<\/p>\n","protected":false},"featured_media":1096783,"template":"","meta":{"_acf_changed":false,"inline_featured_image":false},"product_brand":[],"product_cat":[3154,6535],"product_tag":[],"class_list":{"0":"post-801709","1":"product","2":"type-product","3":"status-publish","4":"has-post-thumbnail","6":"product_cat-vases-fr","7":"product_cat-outlet-fr","8":"product_shipping_class-pk","10":"pa_color-multicolor-2","11":"pa_material-verre-fr","13":"first","14":"instock","15":"sale","16":"taxable","17":"shipping-taxable","18":"purchasable","19":"product-type-simple"},"exclude_global_add_ons":[],"addons":[],"acf":[],"yoast_head":"<!-- This site is optimized with the Yoast SEO plugin v26.4 - https:\/\/yoast.com\/wordpress\/plugins\/seo\/ -->\n<title>Clarien Vases \u00a0Multicolor\u00e9 (set de 4) - H\u00fcbsch<\/title>\n<meta name=\"description\" content=\"Ces magnifiques vases Clarien Multicolor\u00e9s de verre sont parfaits pour ajouter une touche de couleur \u00e0 votre int\u00e9rieur. Ce set de 4 vases offre une\" \/>\n<meta name=\"robots\" content=\"index, follow, max-snippet:-1, max-image-preview:large, max-video-preview:-1\" \/>\n<link rel=\"canonical\" href=\"https:\/\/hubsch-interior.com\/fr\/wp-json\/wp\/v2\/product\/801709\" \/>\n<meta property=\"og:locale\" content=\"fr_FR\" \/>\n<meta property=\"og:type\" content=\"article\" \/>\n<meta property=\"og:title\" content=\"Clarien Vases \u00a0Multicolor\u00e9 (set de 4) - H\u00fcbsch\" \/>\n<meta property=\"og:description\" content=\"Ces magnifiques vases Clarien Multicolor\u00e9s de verre sont parfaits pour ajouter une touche de couleur \u00e0 votre int\u00e9rieur. Ce set de 4 vases offre une\" \/>\n<meta property=\"og:url\" content=\"https:\/\/hubsch-interior.com\/fr\/produit\/clarien-vases-multicolore-set-de-4\/\" \/>\n<meta property=\"og:site_name\" content=\"H\u00fcbsch\" \/>\n<meta property=\"article:modified_time\" content=\"2026-04-09T02:29:45+00:00\" \/>\n<meta property=\"og:image\" content=\"https:\/\/hubsch-interior.com\/wp-content\/uploads\/2023\/08\/clarien-vases-multicolour-set-of-4-609895b96699201f615ca0823a1ce267.jpg\" \/>\n\t<meta property=\"og:image:width\" content=\"1200\" \/>\n\t<meta property=\"og:image:height\" content=\"1200\" \/>\n\t<meta property=\"og:image:type\" content=\"image\/jpeg\" \/>\n<meta name=\"twitter:card\" content=\"summary_large_image\" \/>\n<script type=\"application\/ld+json\" class=\"yoast-schema-graph\">{\"@context\":\"https:\/\/schema.org\",\"@graph\":[{\"@type\":\"WebPage\",\"@id\":\"https:\/\/hubsch-interior.com\/fr\/produit\/clarien-vases-multicolore-set-de-4\/\",\"url\":\"https:\/\/hubsch-interior.com\/fr\/produit\/clarien-vases-multicolore-set-de-4\/\",\"name\":\"Clarien Vases \u00a0Multicolor\u00e9 (set de 4) - H\u00fcbsch\",\"isPartOf\":{\"@id\":\"https:\/\/hubsch-interior.com\/fr\/#website\"},\"primaryImageOfPage\":{\"@id\":\"https:\/\/hubsch-interior.com\/fr\/produit\/clarien-vases-multicolore-set-de-4\/#primaryimage\"},\"image\":{\"@id\":\"https:\/\/hubsch-interior.com\/fr\/produit\/clarien-vases-multicolore-set-de-4\/#primaryimage\"},\"thumbnailUrl\":\"https:\/\/hubsch-interior.com\/wp-content\/uploads\/2026\/02\/clarien-vases-multicolour-set-of-4-1bcca70fd41eb40e21cd1121a6eff273.jpg\",\"datePublished\":\"2022-08-11T11:15:38+00:00\",\"dateModified\":\"2026-04-09T02:29:45+00:00\",\"description\":\"Ces magnifiques vases Clarien Multicolor\u00e9s de verre sont parfaits pour ajouter une touche de couleur \u00e0 votre int\u00e9rieur. Ce set de 4 vases offre une\",\"breadcrumb\":{\"@id\":\"https:\/\/hubsch-interior.com\/fr\/produit\/clarien-vases-multicolore-set-de-4\/#breadcrumb\"},\"inLanguage\":\"fr-FR\",\"potentialAction\":[{\"@type\":\"ReadAction\",\"target\":[\"https:\/\/hubsch-interior.com\/fr\/produit\/clarien-vases-multicolore-set-de-4\/\"]}]},{\"@type\":\"ImageObject\",\"inLanguage\":\"fr-FR\",\"@id\":\"https:\/\/hubsch-interior.com\/fr\/produit\/clarien-vases-multicolore-set-de-4\/#primaryimage\",\"url\":\"https:\/\/hubsch-interior.com\/wp-content\/uploads\/2026\/02\/clarien-vases-multicolour-set-of-4-1bcca70fd41eb40e21cd1121a6eff273.jpg\",\"contentUrl\":\"https:\/\/hubsch-interior.com\/wp-content\/uploads\/2026\/02\/clarien-vases-multicolour-set-of-4-1bcca70fd41eb40e21cd1121a6eff273.jpg\",\"width\":1024,\"height\":1024},{\"@type\":\"BreadcrumbList\",\"@id\":\"https:\/\/hubsch-interior.com\/fr\/produit\/clarien-vases-multicolore-set-de-4\/#breadcrumb\",\"itemListElement\":[{\"@type\":\"ListItem\",\"position\":1,\"name\":\"Page d'accueil\",\"item\":\"https:\/\/hubsch-interior.com\/fr\/\"},{\"@type\":\"ListItem\",\"position\":2,\"name\":\"Produits\",\"item\":\"https:\/\/hubsch-interior.com\/fr\/shop-2\/\"},{\"@type\":\"ListItem\",\"position\":3,\"name\":\"Accessoires maison\",\"item\":\"https:\/\/hubsch-interior.com\/fr\/categorie-produit\/accessoires-maison\/\"},{\"@type\":\"ListItem\",\"position\":4,\"name\":\"Vases\",\"item\":\"https:\/\/hubsch-interior.com\/fr\/categorie-produit\/accessoires-maison\/vases-fr\/\"},{\"@type\":\"ListItem\",\"position\":5,\"name\":\"Clarien Vases \u00a0Multicolor\u00e9 (set de 4)\"}]},{\"@type\":\"WebSite\",\"@id\":\"https:\/\/hubsch-interior.com\/fr\/#website\",\"url\":\"https:\/\/hubsch-interior.com\/fr\/\",\"name\":\"H\u00fcbsch\",\"description\":\"Danish Home Interior and Design\",\"publisher\":{\"@id\":\"https:\/\/hubsch-interior.com\/fr\/#organization\"},\"potentialAction\":[{\"@type\":\"SearchAction\",\"target\":{\"@type\":\"EntryPoint\",\"urlTemplate\":\"https:\/\/hubsch-interior.com\/fr\/?s={search_term_string}\"},\"query-input\":{\"@type\":\"PropertyValueSpecification\",\"valueRequired\":true,\"valueName\":\"search_term_string\"}}],\"inLanguage\":\"fr-FR\"},{\"@type\":\"Organization\",\"@id\":\"https:\/\/hubsch-interior.com\/fr\/#organization\",\"name\":\"H\u00fcbsch\",\"url\":\"https:\/\/hubsch-interior.com\/fr\/\",\"logo\":{\"@type\":\"ImageObject\",\"inLanguage\":\"fr-FR\",\"@id\":\"https:\/\/hubsch-interior.com\/fr\/#\/schema\/logo\/image\/\",\"url\":\"https:\/\/hubsch-interior.com\/wp-content\/uploads\/2022\/12\/Hubsch_logo_black_one_line.svg\",\"contentUrl\":\"https:\/\/hubsch-interior.com\/wp-content\/uploads\/2022\/12\/Hubsch_logo_black_one_line.svg\",\"caption\":\"H\u00fcbsch\"},\"image\":{\"@id\":\"https:\/\/hubsch-interior.com\/fr\/#\/schema\/logo\/image\/\"}}]}<\/script>\n<!-- \/ Yoast SEO plugin. -->","yoast_head_json":{"title":"Clarien Vases \u00a0Multicolor\u00e9 (set de 4) - H\u00fcbsch","description":"Ces magnifiques vases Clarien Multicolor\u00e9s de verre sont parfaits pour ajouter une touche de couleur \u00e0 votre int\u00e9rieur. Ce set de 4 vases offre une","robots":{"index":"index","follow":"follow","max-snippet":"max-snippet:-1","max-image-preview":"max-image-preview:large","max-video-preview":"max-video-preview:-1"},"canonical":"https:\/\/hubsch-interior.com\/fr\/wp-json\/wp\/v2\/product\/801709","og_locale":"fr_FR","og_type":"article","og_title":"Clarien Vases \u00a0Multicolor\u00e9 (set de 4) - H\u00fcbsch","og_description":"Ces magnifiques vases Clarien Multicolor\u00e9s de verre sont parfaits pour ajouter une touche de couleur \u00e0 votre int\u00e9rieur. Ce set de 4 vases offre une","og_url":"https:\/\/hubsch-interior.com\/fr\/produit\/clarien-vases-multicolore-set-de-4\/","og_site_name":"H\u00fcbsch","article_modified_time":"2026-04-09T02:29:45+00:00","og_image":[{"width":1200,"height":1200,"url":"https:\/\/hubsch-interior.com\/wp-content\/uploads\/2023\/08\/clarien-vases-multicolour-set-of-4-609895b96699201f615ca0823a1ce267.jpg","type":"image\/jpeg"}],"twitter_card":"summary_large_image","schema":{"@context":"https:\/\/schema.org","@graph":[{"@type":"WebPage","@id":"https:\/\/hubsch-interior.com\/fr\/produit\/clarien-vases-multicolore-set-de-4\/","url":"https:\/\/hubsch-interior.com\/fr\/produit\/clarien-vases-multicolore-set-de-4\/","name":"Clarien Vases \u00a0Multicolor\u00e9 (set de 4) - H\u00fcbsch","isPartOf":{"@id":"https:\/\/hubsch-interior.com\/fr\/#website"},"primaryImageOfPage":{"@id":"https:\/\/hubsch-interior.com\/fr\/produit\/clarien-vases-multicolore-set-de-4\/#primaryimage"},"image":{"@id":"https:\/\/hubsch-interior.com\/fr\/produit\/clarien-vases-multicolore-set-de-4\/#primaryimage"},"thumbnailUrl":"https:\/\/hubsch-interior.com\/wp-content\/uploads\/2026\/02\/clarien-vases-multicolour-set-of-4-1bcca70fd41eb40e21cd1121a6eff273.jpg","datePublished":"2022-08-11T11:15:38+00:00","dateModified":"2026-04-09T02:29:45+00:00","description":"Ces magnifiques vases Clarien Multicolor\u00e9s de verre sont parfaits pour ajouter une touche de couleur \u00e0 votre int\u00e9rieur. Ce set de 4 vases offre une","breadcrumb":{"@id":"https:\/\/hubsch-interior.com\/fr\/produit\/clarien-vases-multicolore-set-de-4\/#breadcrumb"},"inLanguage":"fr-FR","potentialAction":[{"@type":"ReadAction","target":["https:\/\/hubsch-interior.com\/fr\/produit\/clarien-vases-multicolore-set-de-4\/"]}]},{"@type":"ImageObject","inLanguage":"fr-FR","@id":"https:\/\/hubsch-interior.com\/fr\/produit\/clarien-vases-multicolore-set-de-4\/#primaryimage","url":"https:\/\/hubsch-interior.com\/wp-content\/uploads\/2026\/02\/clarien-vases-multicolour-set-of-4-1bcca70fd41eb40e21cd1121a6eff273.jpg","contentUrl":"https:\/\/hubsch-interior.com\/wp-content\/uploads\/2026\/02\/clarien-vases-multicolour-set-of-4-1bcca70fd41eb40e21cd1121a6eff273.jpg","width":1024,"height":1024},{"@type":"BreadcrumbList","@id":"https:\/\/hubsch-interior.com\/fr\/produit\/clarien-vases-multicolore-set-de-4\/#breadcrumb","itemListElement":[{"@type":"ListItem","position":1,"name":"Page d'accueil","item":"https:\/\/hubsch-interior.com\/fr\/"},{"@type":"ListItem","position":2,"name":"Produits","item":"https:\/\/hubsch-interior.com\/fr\/shop-2\/"},{"@type":"ListItem","position":3,"name":"Accessoires maison","item":"https:\/\/hubsch-interior.com\/fr\/categorie-produit\/accessoires-maison\/"},{"@type":"ListItem","position":4,"name":"Vases","item":"https:\/\/hubsch-interior.com\/fr\/categorie-produit\/accessoires-maison\/vases-fr\/"},{"@type":"ListItem","position":5,"name":"Clarien Vases \u00a0Multicolor\u00e9 (set de 4)"}]},{"@type":"WebSite","@id":"https:\/\/hubsch-interior.com\/fr\/#website","url":"https:\/\/hubsch-interior.com\/fr\/","name":"H\u00fcbsch","description":"Danish Home Interior and Design","publisher":{"@id":"https:\/\/hubsch-interior.com\/fr\/#organization"},"potentialAction":[{"@type":"SearchAction","target":{"@type":"EntryPoint","urlTemplate":"https:\/\/hubsch-interior.com\/fr\/?s={search_term_string}"},"query-input":{"@type":"PropertyValueSpecification","valueRequired":true,"valueName":"search_term_string"}}],"inLanguage":"fr-FR"},{"@type":"Organization","@id":"https:\/\/hubsch-interior.com\/fr\/#organization","name":"H\u00fcbsch","url":"https:\/\/hubsch-interior.com\/fr\/","logo":{"@type":"ImageObject","inLanguage":"fr-FR","@id":"https:\/\/hubsch-interior.com\/fr\/#\/schema\/logo\/image\/","url":"https:\/\/hubsch-interior.com\/wp-content\/uploads\/2022\/12\/Hubsch_logo_black_one_line.svg","contentUrl":"https:\/\/hubsch-interior.com\/wp-content\/uploads\/2022\/12\/Hubsch_logo_black_one_line.svg","caption":"H\u00fcbsch"},"image":{"@id":"https:\/\/hubsch-interior.com\/fr\/#\/schema\/logo\/image\/"}}]}},"_links":{"self":[{"href":"https:\/\/hubsch-interior.com\/fr\/wp-json\/wp\/v2\/product\/801709","targetHints":{"allow":["GET"]}}],"collection":[{"href":"https:\/\/hubsch-interior.com\/fr\/wp-json\/wp\/v2\/product"}],"about":[{"href":"https:\/\/hubsch-interior.com\/fr\/wp-json\/wp\/v2\/types\/product"}],"wp:featuredmedia":[{"embeddable":true,"href":"https:\/\/hubsch-interior.com\/fr\/wp-json\/wp\/v2\/media\/1096783"}],"wp:attachment":[{"href":"https:\/\/hubsch-interior.com\/fr\/wp-json\/wp\/v2\/media?parent=801709"}],"wp:term":[{"taxonomy":"product_brand","embeddable":true,"href":"https:\/\/hubsch-interior.com\/fr\/wp-json\/wp\/v2\/product_brand?post=801709"},{"taxonomy":"product_cat","embeddable":true,"href":"https:\/\/hubsch-interior.com\/fr\/wp-json\/wp\/v2\/product_cat?post=801709"},{"taxonomy":"product_tag","embeddable":true,"href":"https:\/\/hubsch-interior.com\/fr\/wp-json\/wp\/v2\/product_tag?post=801709"}],"curies":[{"name":"wp","href":"https:\/\/api.w.org\/{rel}","templated":true}]}}