{"id":801770,"date":"2022-08-11T13:16:45","date_gmt":"2022-08-11T11:16:45","guid":{"rendered":"https:\/\/hubsch-interior.com\/product\/product-2\/"},"modified":"2026-04-30T04:30:19","modified_gmt":"2026-04-30T02:30:19","slug":"glacier-boules-multicolore-set-de-4","status":"publish","type":"product","link":"https:\/\/hubsch-interior.com\/fr\/produit\/glacier-boules-multicolore-set-de-4\/","title":{"rendered":"Glacier Boules \u00a0Multicolor\u00e9 (set de 4)"},"content":{"rendered":"<p>Le Glacier Boules Gris\/Blanc\/Bleu\/Rose est un set de 4 bol en porcelaine de 4 couleurs diff\u00e9rentes. Les couleurs sont chacune distinctes et font ressortir la beaut\u00e9 de la porcelaine. Ils sont parfaits pour manger ou servir des aliments, et sont assez grands pour contenir une grande vari\u00e9t\u00e9 de plats. Leur conception \u00e9l\u00e9gante et intemporelle s&#8217;int\u00e9grera \u00e0 n&#8217;importe quelle d\u00e9coration int\u00e9rieure. Vous serez s\u00fbr de trouver l&#8217;utilisation de ces magnifiques bols pour de multiples occasions.<\/p>\n","protected":false},"excerpt":{"rendered":"<p>Le Glacier Boules Gris\/Blanc\/Bleu\/Rose est un set de 4 bol en porcelaine de 4 couleurs diff\u00e9rentes. Les couleurs sont chacune distinctes et font ressortir la beaut\u00e9 de la porcelaine. Ils sont parfaits pour manger ou servir des aliments, et sont assez grands pour contenir une grande vari\u00e9t\u00e9 de plats. Leur conception \u00e9l\u00e9gante et intemporelle s&#8217;int\u00e9grera [&hellip;]<\/p>\n","protected":false},"featured_media":1097060,"template":"","meta":{"_acf_changed":false,"inline_featured_image":false},"product_brand":[],"product_cat":[7043,7027,4053,4095],"product_tag":[],"class_list":{"0":"post-801770","1":"product","2":"type-product","3":"status-publish","4":"has-post-thumbnail","6":"product_cat-bols-de-service-fr","7":"product_cat-vaisselle-fr-2","8":"product_cat-accessoires-de-cuisine-fr","9":"product_cat-vaisselle-fr","10":"product_shipping_class-pk","11":"pa_color-multicolor-2","12":"pa_material-porcelaine-fr","14":"first","15":"instock","16":"taxable","17":"shipping-taxable","18":"purchasable","19":"product-type-simple"},"exclude_global_add_ons":[],"addons":[],"acf":[],"yoast_head":"<!-- This site is optimized with the Yoast SEO plugin v26.4 - https:\/\/yoast.com\/wordpress\/plugins\/seo\/ -->\n<title>Glacier Boules \u00a0Multicolor\u00e9 (set de 4) - H\u00fcbsch<\/title>\n<meta name=\"description\" content=\"Le Glacier Boules Gris\/Blanc\/Bleu\/Rose est un set de 4 bol en porcelaine de 4 couleurs diff\u00e9rentes. Les couleurs sont chacune distinctes et font ressortir\" \/>\n<meta name=\"robots\" content=\"index, follow, max-snippet:-1, max-image-preview:large, max-video-preview:-1\" \/>\n<link rel=\"canonical\" href=\"https:\/\/hubsch-interior.com\/fr\/wp-json\/wp\/v2\/product\/801770\" \/>\n<meta property=\"og:locale\" content=\"fr_FR\" \/>\n<meta property=\"og:type\" content=\"article\" \/>\n<meta property=\"og:title\" content=\"Glacier Boules \u00a0Multicolor\u00e9 (set de 4) - H\u00fcbsch\" \/>\n<meta property=\"og:description\" content=\"Le Glacier Boules Gris\/Blanc\/Bleu\/Rose est un set de 4 bol en porcelaine de 4 couleurs diff\u00e9rentes. Les couleurs sont chacune distinctes et font ressortir\" \/>\n<meta property=\"og:url\" content=\"https:\/\/hubsch-interior.com\/fr\/produit\/glacier-boules-multicolore-set-de-4\/\" \/>\n<meta property=\"og:site_name\" content=\"H\u00fcbsch\" \/>\n<meta property=\"article:modified_time\" content=\"2026-04-30T02:30:19+00:00\" \/>\n<meta property=\"og:image\" content=\"https:\/\/hubsch-interior.com\/wp-content\/uploads\/2024\/08\/glacier-bowls-multicolour-set-of-4-c15dbced9b6d9c1c8423cd2f31d7359e.jpg\" \/>\n\t<meta property=\"og:image:width\" content=\"1200\" \/>\n\t<meta property=\"og:image:height\" content=\"1200\" \/>\n\t<meta property=\"og:image:type\" content=\"image\/jpeg\" \/>\n<meta name=\"twitter:card\" content=\"summary_large_image\" \/>\n<script type=\"application\/ld+json\" class=\"yoast-schema-graph\">{\"@context\":\"https:\/\/schema.org\",\"@graph\":[{\"@type\":\"WebPage\",\"@id\":\"https:\/\/hubsch-interior.com\/fr\/produit\/glacier-boules-multicolore-set-de-4\/\",\"url\":\"https:\/\/hubsch-interior.com\/fr\/produit\/glacier-boules-multicolore-set-de-4\/\",\"name\":\"Glacier Boules \u00a0Multicolor\u00e9 (set de 4) - H\u00fcbsch\",\"isPartOf\":{\"@id\":\"https:\/\/hubsch-interior.com\/fr\/#website\"},\"primaryImageOfPage\":{\"@id\":\"https:\/\/hubsch-interior.com\/fr\/produit\/glacier-boules-multicolore-set-de-4\/#primaryimage\"},\"image\":{\"@id\":\"https:\/\/hubsch-interior.com\/fr\/produit\/glacier-boules-multicolore-set-de-4\/#primaryimage\"},\"thumbnailUrl\":\"https:\/\/hubsch-interior.com\/wp-content\/uploads\/2026\/02\/glacier-bowls-multicolour-set-of-4-d9e603e78290fbce0e761e97ec3d21fb.jpg\",\"datePublished\":\"2022-08-11T11:16:45+00:00\",\"dateModified\":\"2026-04-30T02:30:19+00:00\",\"description\":\"Le Glacier Boules Gris\/Blanc\/Bleu\/Rose est un set de 4 bol en porcelaine de 4 couleurs diff\u00e9rentes. Les couleurs sont chacune distinctes et font ressortir\",\"breadcrumb\":{\"@id\":\"https:\/\/hubsch-interior.com\/fr\/produit\/glacier-boules-multicolore-set-de-4\/#breadcrumb\"},\"inLanguage\":\"fr-FR\",\"potentialAction\":[{\"@type\":\"ReadAction\",\"target\":[\"https:\/\/hubsch-interior.com\/fr\/produit\/glacier-boules-multicolore-set-de-4\/\"]}]},{\"@type\":\"ImageObject\",\"inLanguage\":\"fr-FR\",\"@id\":\"https:\/\/hubsch-interior.com\/fr\/produit\/glacier-boules-multicolore-set-de-4\/#primaryimage\",\"url\":\"https:\/\/hubsch-interior.com\/wp-content\/uploads\/2026\/02\/glacier-bowls-multicolour-set-of-4-d9e603e78290fbce0e761e97ec3d21fb.jpg\",\"contentUrl\":\"https:\/\/hubsch-interior.com\/wp-content\/uploads\/2026\/02\/glacier-bowls-multicolour-set-of-4-d9e603e78290fbce0e761e97ec3d21fb.jpg\",\"width\":1024,\"height\":1024},{\"@type\":\"BreadcrumbList\",\"@id\":\"https:\/\/hubsch-interior.com\/fr\/produit\/glacier-boules-multicolore-set-de-4\/#breadcrumb\",\"itemListElement\":[{\"@type\":\"ListItem\",\"position\":1,\"name\":\"Page d'accueil\",\"item\":\"https:\/\/hubsch-interior.com\/fr\/\"},{\"@type\":\"ListItem\",\"position\":2,\"name\":\"Produits\",\"item\":\"https:\/\/hubsch-interior.com\/fr\/shop-2\/\"},{\"@type\":\"ListItem\",\"position\":3,\"name\":\"Cuisine\",\"item\":\"https:\/\/hubsch-interior.com\/fr\/categorie-produit\/cuisine\/\"},{\"@type\":\"ListItem\",\"position\":4,\"name\":\"Vaisselle\",\"item\":\"https:\/\/hubsch-interior.com\/fr\/categorie-produit\/cuisine\/vaisselle-fr-2\/\"},{\"@type\":\"ListItem\",\"position\":5,\"name\":\"Bols de service\",\"item\":\"https:\/\/hubsch-interior.com\/fr\/categorie-produit\/cuisine\/vaisselle-fr-2\/bols-de-service-fr\/\"},{\"@type\":\"ListItem\",\"position\":6,\"name\":\"Glacier Boules \u00a0Multicolor\u00e9 (set de 4)\"}]},{\"@type\":\"WebSite\",\"@id\":\"https:\/\/hubsch-interior.com\/fr\/#website\",\"url\":\"https:\/\/hubsch-interior.com\/fr\/\",\"name\":\"H\u00fcbsch\",\"description\":\"Danish Home Interior and Design\",\"publisher\":{\"@id\":\"https:\/\/hubsch-interior.com\/fr\/#organization\"},\"potentialAction\":[{\"@type\":\"SearchAction\",\"target\":{\"@type\":\"EntryPoint\",\"urlTemplate\":\"https:\/\/hubsch-interior.com\/fr\/?s={search_term_string}\"},\"query-input\":{\"@type\":\"PropertyValueSpecification\",\"valueRequired\":true,\"valueName\":\"search_term_string\"}}],\"inLanguage\":\"fr-FR\"},{\"@type\":\"Organization\",\"@id\":\"https:\/\/hubsch-interior.com\/fr\/#organization\",\"name\":\"H\u00fcbsch\",\"url\":\"https:\/\/hubsch-interior.com\/fr\/\",\"logo\":{\"@type\":\"ImageObject\",\"inLanguage\":\"fr-FR\",\"@id\":\"https:\/\/hubsch-interior.com\/fr\/#\/schema\/logo\/image\/\",\"url\":\"https:\/\/hubsch-interior.com\/wp-content\/uploads\/2022\/12\/Hubsch_logo_black_one_line.svg\",\"contentUrl\":\"https:\/\/hubsch-interior.com\/wp-content\/uploads\/2022\/12\/Hubsch_logo_black_one_line.svg\",\"caption\":\"H\u00fcbsch\"},\"image\":{\"@id\":\"https:\/\/hubsch-interior.com\/fr\/#\/schema\/logo\/image\/\"}}]}<\/script>\n<!-- \/ Yoast SEO plugin. -->","yoast_head_json":{"title":"Glacier Boules \u00a0Multicolor\u00e9 (set de 4) - H\u00fcbsch","description":"Le Glacier Boules Gris\/Blanc\/Bleu\/Rose est un set de 4 bol en porcelaine de 4 couleurs diff\u00e9rentes. Les couleurs sont chacune distinctes et font ressortir","robots":{"index":"index","follow":"follow","max-snippet":"max-snippet:-1","max-image-preview":"max-image-preview:large","max-video-preview":"max-video-preview:-1"},"canonical":"https:\/\/hubsch-interior.com\/fr\/wp-json\/wp\/v2\/product\/801770","og_locale":"fr_FR","og_type":"article","og_title":"Glacier Boules \u00a0Multicolor\u00e9 (set de 4) - H\u00fcbsch","og_description":"Le Glacier Boules Gris\/Blanc\/Bleu\/Rose est un set de 4 bol en porcelaine de 4 couleurs diff\u00e9rentes. Les couleurs sont chacune distinctes et font ressortir","og_url":"https:\/\/hubsch-interior.com\/fr\/produit\/glacier-boules-multicolore-set-de-4\/","og_site_name":"H\u00fcbsch","article_modified_time":"2026-04-30T02:30:19+00:00","og_image":[{"width":1200,"height":1200,"url":"https:\/\/hubsch-interior.com\/wp-content\/uploads\/2024\/08\/glacier-bowls-multicolour-set-of-4-c15dbced9b6d9c1c8423cd2f31d7359e.jpg","type":"image\/jpeg"}],"twitter_card":"summary_large_image","schema":{"@context":"https:\/\/schema.org","@graph":[{"@type":"WebPage","@id":"https:\/\/hubsch-interior.com\/fr\/produit\/glacier-boules-multicolore-set-de-4\/","url":"https:\/\/hubsch-interior.com\/fr\/produit\/glacier-boules-multicolore-set-de-4\/","name":"Glacier Boules \u00a0Multicolor\u00e9 (set de 4) - H\u00fcbsch","isPartOf":{"@id":"https:\/\/hubsch-interior.com\/fr\/#website"},"primaryImageOfPage":{"@id":"https:\/\/hubsch-interior.com\/fr\/produit\/glacier-boules-multicolore-set-de-4\/#primaryimage"},"image":{"@id":"https:\/\/hubsch-interior.com\/fr\/produit\/glacier-boules-multicolore-set-de-4\/#primaryimage"},"thumbnailUrl":"https:\/\/hubsch-interior.com\/wp-content\/uploads\/2026\/02\/glacier-bowls-multicolour-set-of-4-d9e603e78290fbce0e761e97ec3d21fb.jpg","datePublished":"2022-08-11T11:16:45+00:00","dateModified":"2026-04-30T02:30:19+00:00","description":"Le Glacier Boules Gris\/Blanc\/Bleu\/Rose est un set de 4 bol en porcelaine de 4 couleurs diff\u00e9rentes. Les couleurs sont chacune distinctes et font ressortir","breadcrumb":{"@id":"https:\/\/hubsch-interior.com\/fr\/produit\/glacier-boules-multicolore-set-de-4\/#breadcrumb"},"inLanguage":"fr-FR","potentialAction":[{"@type":"ReadAction","target":["https:\/\/hubsch-interior.com\/fr\/produit\/glacier-boules-multicolore-set-de-4\/"]}]},{"@type":"ImageObject","inLanguage":"fr-FR","@id":"https:\/\/hubsch-interior.com\/fr\/produit\/glacier-boules-multicolore-set-de-4\/#primaryimage","url":"https:\/\/hubsch-interior.com\/wp-content\/uploads\/2026\/02\/glacier-bowls-multicolour-set-of-4-d9e603e78290fbce0e761e97ec3d21fb.jpg","contentUrl":"https:\/\/hubsch-interior.com\/wp-content\/uploads\/2026\/02\/glacier-bowls-multicolour-set-of-4-d9e603e78290fbce0e761e97ec3d21fb.jpg","width":1024,"height":1024},{"@type":"BreadcrumbList","@id":"https:\/\/hubsch-interior.com\/fr\/produit\/glacier-boules-multicolore-set-de-4\/#breadcrumb","itemListElement":[{"@type":"ListItem","position":1,"name":"Page d'accueil","item":"https:\/\/hubsch-interior.com\/fr\/"},{"@type":"ListItem","position":2,"name":"Produits","item":"https:\/\/hubsch-interior.com\/fr\/shop-2\/"},{"@type":"ListItem","position":3,"name":"Cuisine","item":"https:\/\/hubsch-interior.com\/fr\/categorie-produit\/cuisine\/"},{"@type":"ListItem","position":4,"name":"Vaisselle","item":"https:\/\/hubsch-interior.com\/fr\/categorie-produit\/cuisine\/vaisselle-fr-2\/"},{"@type":"ListItem","position":5,"name":"Bols de service","item":"https:\/\/hubsch-interior.com\/fr\/categorie-produit\/cuisine\/vaisselle-fr-2\/bols-de-service-fr\/"},{"@type":"ListItem","position":6,"name":"Glacier Boules \u00a0Multicolor\u00e9 (set de 4)"}]},{"@type":"WebSite","@id":"https:\/\/hubsch-interior.com\/fr\/#website","url":"https:\/\/hubsch-interior.com\/fr\/","name":"H\u00fcbsch","description":"Danish Home Interior and Design","publisher":{"@id":"https:\/\/hubsch-interior.com\/fr\/#organization"},"potentialAction":[{"@type":"SearchAction","target":{"@type":"EntryPoint","urlTemplate":"https:\/\/hubsch-interior.com\/fr\/?s={search_term_string}"},"query-input":{"@type":"PropertyValueSpecification","valueRequired":true,"valueName":"search_term_string"}}],"inLanguage":"fr-FR"},{"@type":"Organization","@id":"https:\/\/hubsch-interior.com\/fr\/#organization","name":"H\u00fcbsch","url":"https:\/\/hubsch-interior.com\/fr\/","logo":{"@type":"ImageObject","inLanguage":"fr-FR","@id":"https:\/\/hubsch-interior.com\/fr\/#\/schema\/logo\/image\/","url":"https:\/\/hubsch-interior.com\/wp-content\/uploads\/2022\/12\/Hubsch_logo_black_one_line.svg","contentUrl":"https:\/\/hubsch-interior.com\/wp-content\/uploads\/2022\/12\/Hubsch_logo_black_one_line.svg","caption":"H\u00fcbsch"},"image":{"@id":"https:\/\/hubsch-interior.com\/fr\/#\/schema\/logo\/image\/"}}]}},"_links":{"self":[{"href":"https:\/\/hubsch-interior.com\/fr\/wp-json\/wp\/v2\/product\/801770","targetHints":{"allow":["GET"]}}],"collection":[{"href":"https:\/\/hubsch-interior.com\/fr\/wp-json\/wp\/v2\/product"}],"about":[{"href":"https:\/\/hubsch-interior.com\/fr\/wp-json\/wp\/v2\/types\/product"}],"wp:featuredmedia":[{"embeddable":true,"href":"https:\/\/hubsch-interior.com\/fr\/wp-json\/wp\/v2\/media\/1097060"}],"wp:attachment":[{"href":"https:\/\/hubsch-interior.com\/fr\/wp-json\/wp\/v2\/media?parent=801770"}],"wp:term":[{"taxonomy":"product_brand","embeddable":true,"href":"https:\/\/hubsch-interior.com\/fr\/wp-json\/wp\/v2\/product_brand?post=801770"},{"taxonomy":"product_cat","embeddable":true,"href":"https:\/\/hubsch-interior.com\/fr\/wp-json\/wp\/v2\/product_cat?post=801770"},{"taxonomy":"product_tag","embeddable":true,"href":"https:\/\/hubsch-interior.com\/fr\/wp-json\/wp\/v2\/product_tag?post=801770"}],"curies":[{"name":"wp","href":"https:\/\/api.w.org\/{rel}","templated":true}]}}