{"id":802033,"date":"2022-08-11T13:23:36","date_gmt":"2022-08-11T11:23:36","guid":{"rendered":"https:\/\/hubsch-interior.com\/product\/product-2\/"},"modified":"2026-04-14T04:36:22","modified_gmt":"2026-04-14T02:36:22","slug":"grip-agrafe-noir","status":"publish","type":"product","link":"https:\/\/hubsch-interior.com\/fr\/produit\/grip-agrafe-noir\/","title":{"rendered":"Grip Agrafe Noir"},"content":{"rendered":"<p>Grip Agrafe Noir est un clip en m\u00e9tal noir robuste et durable qui r\u00e9pond \u00e0 tous vos besoins. Sa conception en m\u00e9tal le rend tr\u00e8s r\u00e9sistant, ce qui en fait un produit de qualit\u00e9. Il est parfait pour un usage int\u00e9rieur, pour fixer des papiers et des documents. Il est disponible en diff\u00e9rentes tailles pour r\u00e9pondre \u00e0 vos besoins. Le Grip Agrafe Noir est le produit id\u00e9al pour une utilisation professionnelle et personnelle.<\/p>\n","protected":false},"excerpt":{"rendered":"<p>Grip Agrafe Noir est un clip en m\u00e9tal noir robuste et durable qui r\u00e9pond \u00e0 tous vos besoins. Sa conception en m\u00e9tal le rend tr\u00e8s r\u00e9sistant, ce qui en fait un produit de qualit\u00e9. Il est parfait pour un usage int\u00e9rieur, pour fixer des papiers et des documents. Il est disponible en diff\u00e9rentes tailles pour [&hellip;]<\/p>\n","protected":false},"featured_media":1098542,"template":"","meta":{"_acf_changed":false,"inline_featured_image":false},"product_brand":[],"product_cat":[4153,4154],"product_tag":[],"class_list":{"0":"post-802033","1":"product","2":"type-product","3":"status-publish","4":"has-post-thumbnail","6":"product_cat-espace-de-travail-fr","7":"product_cat-fournitures-de-bureau-fr","8":"product_shipping_class-pk","10":"pa_color-noir","11":"pa_material-fer-fr","13":"first","14":"instock","15":"taxable","16":"shipping-taxable","17":"purchasable","18":"product-type-simple"},"exclude_global_add_ons":[],"addons":[],"acf":[],"yoast_head":"<!-- This site is optimized with the Yoast SEO plugin v26.4 - https:\/\/yoast.com\/wordpress\/plugins\/seo\/ -->\n<title>Grip Agrafe Noir - H\u00fcbsch<\/title>\n<meta name=\"description\" content=\"Grip Agrafe Noir est un clip en m\u00e9tal noir robuste et durable qui r\u00e9pond \u00e0 tous vos besoins. Sa conception en m\u00e9tal le rend tr\u00e8s r\u00e9sistant, ce qui en fait\" \/>\n<meta name=\"robots\" content=\"index, follow, max-snippet:-1, max-image-preview:large, max-video-preview:-1\" \/>\n<link rel=\"canonical\" href=\"https:\/\/hubsch-interior.com\/fr\/wp-json\/wp\/v2\/product\/802033\" \/>\n<meta property=\"og:locale\" content=\"fr_FR\" \/>\n<meta property=\"og:type\" content=\"article\" \/>\n<meta property=\"og:title\" content=\"Grip Agrafe Noir - H\u00fcbsch\" \/>\n<meta property=\"og:description\" content=\"Grip Agrafe Noir est un clip en m\u00e9tal noir robuste et durable qui r\u00e9pond \u00e0 tous vos besoins. Sa conception en m\u00e9tal le rend tr\u00e8s r\u00e9sistant, ce qui en fait\" \/>\n<meta property=\"og:url\" content=\"https:\/\/hubsch-interior.com\/fr\/produit\/grip-agrafe-noir\/\" \/>\n<meta property=\"og:site_name\" content=\"H\u00fcbsch\" \/>\n<meta property=\"article:modified_time\" content=\"2026-04-14T02:36:22+00:00\" \/>\n<meta property=\"og:image\" content=\"https:\/\/hubsch-interior.com\/wp-content\/uploads\/2024\/01\/grip-clip-black-78c4fcc77a5ed00d3f2ce7b325124891.jpg\" \/>\n\t<meta property=\"og:image:width\" content=\"1200\" \/>\n\t<meta property=\"og:image:height\" content=\"1200\" \/>\n\t<meta property=\"og:image:type\" content=\"image\/jpeg\" \/>\n<meta name=\"twitter:card\" content=\"summary_large_image\" \/>\n<script type=\"application\/ld+json\" class=\"yoast-schema-graph\">{\"@context\":\"https:\/\/schema.org\",\"@graph\":[{\"@type\":\"WebPage\",\"@id\":\"https:\/\/hubsch-interior.com\/fr\/produit\/grip-agrafe-noir\/\",\"url\":\"https:\/\/hubsch-interior.com\/fr\/produit\/grip-agrafe-noir\/\",\"name\":\"Grip Agrafe Noir - H\u00fcbsch\",\"isPartOf\":{\"@id\":\"https:\/\/hubsch-interior.com\/fr\/#website\"},\"primaryImageOfPage\":{\"@id\":\"https:\/\/hubsch-interior.com\/fr\/produit\/grip-agrafe-noir\/#primaryimage\"},\"image\":{\"@id\":\"https:\/\/hubsch-interior.com\/fr\/produit\/grip-agrafe-noir\/#primaryimage\"},\"thumbnailUrl\":\"https:\/\/hubsch-interior.com\/wp-content\/uploads\/2026\/02\/grip-clip-black-ed1294268856556aa282df54729c0dfe.jpg\",\"datePublished\":\"2022-08-11T11:23:36+00:00\",\"dateModified\":\"2026-04-14T02:36:22+00:00\",\"description\":\"Grip Agrafe Noir est un clip en m\u00e9tal noir robuste et durable qui r\u00e9pond \u00e0 tous vos besoins. Sa conception en m\u00e9tal le rend tr\u00e8s r\u00e9sistant, ce qui en fait\",\"breadcrumb\":{\"@id\":\"https:\/\/hubsch-interior.com\/fr\/produit\/grip-agrafe-noir\/#breadcrumb\"},\"inLanguage\":\"fr-FR\",\"potentialAction\":[{\"@type\":\"ReadAction\",\"target\":[\"https:\/\/hubsch-interior.com\/fr\/produit\/grip-agrafe-noir\/\"]}]},{\"@type\":\"ImageObject\",\"inLanguage\":\"fr-FR\",\"@id\":\"https:\/\/hubsch-interior.com\/fr\/produit\/grip-agrafe-noir\/#primaryimage\",\"url\":\"https:\/\/hubsch-interior.com\/wp-content\/uploads\/2026\/02\/grip-clip-black-ed1294268856556aa282df54729c0dfe.jpg\",\"contentUrl\":\"https:\/\/hubsch-interior.com\/wp-content\/uploads\/2026\/02\/grip-clip-black-ed1294268856556aa282df54729c0dfe.jpg\",\"width\":1024,\"height\":1024},{\"@type\":\"BreadcrumbList\",\"@id\":\"https:\/\/hubsch-interior.com\/fr\/produit\/grip-agrafe-noir\/#breadcrumb\",\"itemListElement\":[{\"@type\":\"ListItem\",\"position\":1,\"name\":\"Page d'accueil\",\"item\":\"https:\/\/hubsch-interior.com\/fr\/\"},{\"@type\":\"ListItem\",\"position\":2,\"name\":\"Produits\",\"item\":\"https:\/\/hubsch-interior.com\/fr\/shop-2\/\"},{\"@type\":\"ListItem\",\"position\":3,\"name\":\"Accessoires maison\",\"item\":\"https:\/\/hubsch-interior.com\/fr\/categorie-produit\/accessoires-maison\/\"},{\"@type\":\"ListItem\",\"position\":4,\"name\":\"Espace de travail\",\"item\":\"https:\/\/hubsch-interior.com\/fr\/categorie-produit\/accessoires-maison\/espace-de-travail-fr\/\"},{\"@type\":\"ListItem\",\"position\":5,\"name\":\"Fournitures de bureau\",\"item\":\"https:\/\/hubsch-interior.com\/fr\/categorie-produit\/accessoires-maison\/espace-de-travail-fr\/fournitures-de-bureau-fr\/\"},{\"@type\":\"ListItem\",\"position\":6,\"name\":\"Grip Agrafe Noir\"}]},{\"@type\":\"WebSite\",\"@id\":\"https:\/\/hubsch-interior.com\/fr\/#website\",\"url\":\"https:\/\/hubsch-interior.com\/fr\/\",\"name\":\"H\u00fcbsch\",\"description\":\"Danish Home Interior and Design\",\"publisher\":{\"@id\":\"https:\/\/hubsch-interior.com\/fr\/#organization\"},\"potentialAction\":[{\"@type\":\"SearchAction\",\"target\":{\"@type\":\"EntryPoint\",\"urlTemplate\":\"https:\/\/hubsch-interior.com\/fr\/?s={search_term_string}\"},\"query-input\":{\"@type\":\"PropertyValueSpecification\",\"valueRequired\":true,\"valueName\":\"search_term_string\"}}],\"inLanguage\":\"fr-FR\"},{\"@type\":\"Organization\",\"@id\":\"https:\/\/hubsch-interior.com\/fr\/#organization\",\"name\":\"H\u00fcbsch\",\"url\":\"https:\/\/hubsch-interior.com\/fr\/\",\"logo\":{\"@type\":\"ImageObject\",\"inLanguage\":\"fr-FR\",\"@id\":\"https:\/\/hubsch-interior.com\/fr\/#\/schema\/logo\/image\/\",\"url\":\"https:\/\/hubsch-interior.com\/wp-content\/uploads\/2022\/12\/Hubsch_logo_black_one_line.svg\",\"contentUrl\":\"https:\/\/hubsch-interior.com\/wp-content\/uploads\/2022\/12\/Hubsch_logo_black_one_line.svg\",\"caption\":\"H\u00fcbsch\"},\"image\":{\"@id\":\"https:\/\/hubsch-interior.com\/fr\/#\/schema\/logo\/image\/\"}}]}<\/script>\n<!-- \/ Yoast SEO plugin. -->","yoast_head_json":{"title":"Grip Agrafe Noir - H\u00fcbsch","description":"Grip Agrafe Noir est un clip en m\u00e9tal noir robuste et durable qui r\u00e9pond \u00e0 tous vos besoins. Sa conception en m\u00e9tal le rend tr\u00e8s r\u00e9sistant, ce qui en fait","robots":{"index":"index","follow":"follow","max-snippet":"max-snippet:-1","max-image-preview":"max-image-preview:large","max-video-preview":"max-video-preview:-1"},"canonical":"https:\/\/hubsch-interior.com\/fr\/wp-json\/wp\/v2\/product\/802033","og_locale":"fr_FR","og_type":"article","og_title":"Grip Agrafe Noir - H\u00fcbsch","og_description":"Grip Agrafe Noir est un clip en m\u00e9tal noir robuste et durable qui r\u00e9pond \u00e0 tous vos besoins. Sa conception en m\u00e9tal le rend tr\u00e8s r\u00e9sistant, ce qui en fait","og_url":"https:\/\/hubsch-interior.com\/fr\/produit\/grip-agrafe-noir\/","og_site_name":"H\u00fcbsch","article_modified_time":"2026-04-14T02:36:22+00:00","og_image":[{"width":1200,"height":1200,"url":"https:\/\/hubsch-interior.com\/wp-content\/uploads\/2024\/01\/grip-clip-black-78c4fcc77a5ed00d3f2ce7b325124891.jpg","type":"image\/jpeg"}],"twitter_card":"summary_large_image","schema":{"@context":"https:\/\/schema.org","@graph":[{"@type":"WebPage","@id":"https:\/\/hubsch-interior.com\/fr\/produit\/grip-agrafe-noir\/","url":"https:\/\/hubsch-interior.com\/fr\/produit\/grip-agrafe-noir\/","name":"Grip Agrafe Noir - H\u00fcbsch","isPartOf":{"@id":"https:\/\/hubsch-interior.com\/fr\/#website"},"primaryImageOfPage":{"@id":"https:\/\/hubsch-interior.com\/fr\/produit\/grip-agrafe-noir\/#primaryimage"},"image":{"@id":"https:\/\/hubsch-interior.com\/fr\/produit\/grip-agrafe-noir\/#primaryimage"},"thumbnailUrl":"https:\/\/hubsch-interior.com\/wp-content\/uploads\/2026\/02\/grip-clip-black-ed1294268856556aa282df54729c0dfe.jpg","datePublished":"2022-08-11T11:23:36+00:00","dateModified":"2026-04-14T02:36:22+00:00","description":"Grip Agrafe Noir est un clip en m\u00e9tal noir robuste et durable qui r\u00e9pond \u00e0 tous vos besoins. Sa conception en m\u00e9tal le rend tr\u00e8s r\u00e9sistant, ce qui en fait","breadcrumb":{"@id":"https:\/\/hubsch-interior.com\/fr\/produit\/grip-agrafe-noir\/#breadcrumb"},"inLanguage":"fr-FR","potentialAction":[{"@type":"ReadAction","target":["https:\/\/hubsch-interior.com\/fr\/produit\/grip-agrafe-noir\/"]}]},{"@type":"ImageObject","inLanguage":"fr-FR","@id":"https:\/\/hubsch-interior.com\/fr\/produit\/grip-agrafe-noir\/#primaryimage","url":"https:\/\/hubsch-interior.com\/wp-content\/uploads\/2026\/02\/grip-clip-black-ed1294268856556aa282df54729c0dfe.jpg","contentUrl":"https:\/\/hubsch-interior.com\/wp-content\/uploads\/2026\/02\/grip-clip-black-ed1294268856556aa282df54729c0dfe.jpg","width":1024,"height":1024},{"@type":"BreadcrumbList","@id":"https:\/\/hubsch-interior.com\/fr\/produit\/grip-agrafe-noir\/#breadcrumb","itemListElement":[{"@type":"ListItem","position":1,"name":"Page d'accueil","item":"https:\/\/hubsch-interior.com\/fr\/"},{"@type":"ListItem","position":2,"name":"Produits","item":"https:\/\/hubsch-interior.com\/fr\/shop-2\/"},{"@type":"ListItem","position":3,"name":"Accessoires maison","item":"https:\/\/hubsch-interior.com\/fr\/categorie-produit\/accessoires-maison\/"},{"@type":"ListItem","position":4,"name":"Espace de travail","item":"https:\/\/hubsch-interior.com\/fr\/categorie-produit\/accessoires-maison\/espace-de-travail-fr\/"},{"@type":"ListItem","position":5,"name":"Fournitures de bureau","item":"https:\/\/hubsch-interior.com\/fr\/categorie-produit\/accessoires-maison\/espace-de-travail-fr\/fournitures-de-bureau-fr\/"},{"@type":"ListItem","position":6,"name":"Grip Agrafe Noir"}]},{"@type":"WebSite","@id":"https:\/\/hubsch-interior.com\/fr\/#website","url":"https:\/\/hubsch-interior.com\/fr\/","name":"H\u00fcbsch","description":"Danish Home Interior and Design","publisher":{"@id":"https:\/\/hubsch-interior.com\/fr\/#organization"},"potentialAction":[{"@type":"SearchAction","target":{"@type":"EntryPoint","urlTemplate":"https:\/\/hubsch-interior.com\/fr\/?s={search_term_string}"},"query-input":{"@type":"PropertyValueSpecification","valueRequired":true,"valueName":"search_term_string"}}],"inLanguage":"fr-FR"},{"@type":"Organization","@id":"https:\/\/hubsch-interior.com\/fr\/#organization","name":"H\u00fcbsch","url":"https:\/\/hubsch-interior.com\/fr\/","logo":{"@type":"ImageObject","inLanguage":"fr-FR","@id":"https:\/\/hubsch-interior.com\/fr\/#\/schema\/logo\/image\/","url":"https:\/\/hubsch-interior.com\/wp-content\/uploads\/2022\/12\/Hubsch_logo_black_one_line.svg","contentUrl":"https:\/\/hubsch-interior.com\/wp-content\/uploads\/2022\/12\/Hubsch_logo_black_one_line.svg","caption":"H\u00fcbsch"},"image":{"@id":"https:\/\/hubsch-interior.com\/fr\/#\/schema\/logo\/image\/"}}]}},"_links":{"self":[{"href":"https:\/\/hubsch-interior.com\/fr\/wp-json\/wp\/v2\/product\/802033","targetHints":{"allow":["GET"]}}],"collection":[{"href":"https:\/\/hubsch-interior.com\/fr\/wp-json\/wp\/v2\/product"}],"about":[{"href":"https:\/\/hubsch-interior.com\/fr\/wp-json\/wp\/v2\/types\/product"}],"wp:featuredmedia":[{"embeddable":true,"href":"https:\/\/hubsch-interior.com\/fr\/wp-json\/wp\/v2\/media\/1098542"}],"wp:attachment":[{"href":"https:\/\/hubsch-interior.com\/fr\/wp-json\/wp\/v2\/media?parent=802033"}],"wp:term":[{"taxonomy":"product_brand","embeddable":true,"href":"https:\/\/hubsch-interior.com\/fr\/wp-json\/wp\/v2\/product_brand?post=802033"},{"taxonomy":"product_cat","embeddable":true,"href":"https:\/\/hubsch-interior.com\/fr\/wp-json\/wp\/v2\/product_cat?post=802033"},{"taxonomy":"product_tag","embeddable":true,"href":"https:\/\/hubsch-interior.com\/fr\/wp-json\/wp\/v2\/product_tag?post=802033"}],"curies":[{"name":"wp","href":"https:\/\/api.w.org\/{rel}","templated":true}]}}