{"id":802469,"date":"2022-08-11T13:36:07","date_gmt":"2022-08-11T11:36:07","guid":{"rendered":"https:\/\/hubsch-interior.com\/product\/produkt\/"},"modified":"2026-04-09T05:11:55","modified_gmt":"2026-04-09T03:11:55","slug":"emosh-bougeoir-burgundy","status":"publish","type":"product","link":"https:\/\/hubsch-interior.com\/fr\/produit\/emosh-bougeoir-burgundy\/","title":{"rendered":"Emosh Bougeoir Burgundy"},"content":{"rendered":"<p>Ce magnifique bougeoir en m\u00e9tal de couleur bordeaux Emosh Burgundy est une merveille pour votre int\u00e9rieur. Il est \u00e9l\u00e9gant et intemporel, et vous offrira une d\u00e9coration unique et raffin\u00e9e. La forme et la couleur sont parfaites pour s&#8217;int\u00e9grer \u00e0 n&#8217;importe quel d\u00e9cor. Il est parfait pour cr\u00e9er une ambiance intime et festive, et est aussi tr\u00e8s pratique pour \u00e9clairer une pi\u00e8ce. Une d\u00e9coration int\u00e9rieure incontournable !<\/p>\n","protected":false},"excerpt":{"rendered":"<p>Ce magnifique bougeoir en m\u00e9tal de couleur bordeaux Emosh Burgundy est une merveille pour votre int\u00e9rieur. Il est \u00e9l\u00e9gant et intemporel, et vous offrira une d\u00e9coration unique et raffin\u00e9e. La forme et la couleur sont parfaites pour s&#8217;int\u00e9grer \u00e0 n&#8217;importe quel d\u00e9cor. Il est parfait pour cr\u00e9er une ambiance intime et festive, et est aussi [&hellip;]<\/p>\n","protected":false},"featured_media":1108685,"template":"","meta":{"_acf_changed":false,"inline_featured_image":false},"product_brand":[],"product_cat":[4065,4066],"product_tag":[],"class_list":{"0":"post-802469","1":"product","2":"type-product","3":"status-publish","4":"has-post-thumbnail","6":"product_cat-bougeoirs-lanternes-fr","7":"product_cat-bougeoirs-et-photophores-fr","8":"product_shipping_class-pk","10":"pa_color-burgundy-fr","11":"pa_material-fer-fr","13":"first","14":"instock","15":"taxable","16":"shipping-taxable","17":"purchasable","18":"product-type-simple"},"exclude_global_add_ons":[],"addons":[],"acf":[],"yoast_head":"<!-- This site is optimized with the Yoast SEO plugin v26.4 - https:\/\/yoast.com\/wordpress\/plugins\/seo\/ -->\n<title>Emosh Bougeoir Burgundy - H\u00fcbsch<\/title>\n<meta name=\"description\" content=\"Ce magnifique bougeoir en m\u00e9tal de couleur bordeaux Emosh Burgundy est une merveille pour votre int\u00e9rieur. Il est \u00e9l\u00e9gant et intemporel, et vous offrira\" \/>\n<meta name=\"robots\" content=\"index, follow, max-snippet:-1, max-image-preview:large, max-video-preview:-1\" \/>\n<link rel=\"canonical\" href=\"https:\/\/hubsch-interior.com\/fr\/wp-json\/wp\/v2\/product\/802469\" \/>\n<meta property=\"og:locale\" content=\"fr_FR\" \/>\n<meta property=\"og:type\" content=\"article\" \/>\n<meta property=\"og:title\" content=\"Emosh Bougeoir Burgundy - H\u00fcbsch\" \/>\n<meta property=\"og:description\" content=\"Ce magnifique bougeoir en m\u00e9tal de couleur bordeaux Emosh Burgundy est une merveille pour votre int\u00e9rieur. Il est \u00e9l\u00e9gant et intemporel, et vous offrira\" \/>\n<meta property=\"og:url\" content=\"https:\/\/hubsch-interior.com\/fr\/produit\/emosh-bougeoir-burgundy\/\" \/>\n<meta property=\"og:site_name\" content=\"H\u00fcbsch\" \/>\n<meta property=\"article:modified_time\" content=\"2026-04-09T03:11:55+00:00\" \/>\n<meta property=\"og:image\" content=\"https:\/\/hubsch-interior.com\/wp-content\/uploads\/2025\/05\/emosh-candlestick-burgundy-764e64ecaec1eae46aeb6af9ee440262.jpg\" \/>\n\t<meta property=\"og:image:width\" content=\"1200\" \/>\n\t<meta property=\"og:image:height\" content=\"1200\" \/>\n\t<meta property=\"og:image:type\" content=\"image\/jpeg\" \/>\n<meta name=\"twitter:card\" content=\"summary_large_image\" \/>\n<script type=\"application\/ld+json\" class=\"yoast-schema-graph\">{\"@context\":\"https:\/\/schema.org\",\"@graph\":[{\"@type\":\"WebPage\",\"@id\":\"https:\/\/hubsch-interior.com\/fr\/produit\/emosh-bougeoir-burgundy\/\",\"url\":\"https:\/\/hubsch-interior.com\/fr\/produit\/emosh-bougeoir-burgundy\/\",\"name\":\"Emosh Bougeoir Burgundy - H\u00fcbsch\",\"isPartOf\":{\"@id\":\"https:\/\/hubsch-interior.com\/fr\/#website\"},\"primaryImageOfPage\":{\"@id\":\"https:\/\/hubsch-interior.com\/fr\/produit\/emosh-bougeoir-burgundy\/#primaryimage\"},\"image\":{\"@id\":\"https:\/\/hubsch-interior.com\/fr\/produit\/emosh-bougeoir-burgundy\/#primaryimage\"},\"thumbnailUrl\":\"https:\/\/hubsch-interior.com\/wp-content\/uploads\/2026\/02\/emosh-candlestick-burgundy-16ab2023b3c9f3b0d4fc2cecf927e625.jpg\",\"datePublished\":\"2022-08-11T11:36:07+00:00\",\"dateModified\":\"2026-04-09T03:11:55+00:00\",\"description\":\"Ce magnifique bougeoir en m\u00e9tal de couleur bordeaux Emosh Burgundy est une merveille pour votre int\u00e9rieur. Il est \u00e9l\u00e9gant et intemporel, et vous offrira\",\"breadcrumb\":{\"@id\":\"https:\/\/hubsch-interior.com\/fr\/produit\/emosh-bougeoir-burgundy\/#breadcrumb\"},\"inLanguage\":\"fr-FR\",\"potentialAction\":[{\"@type\":\"ReadAction\",\"target\":[\"https:\/\/hubsch-interior.com\/fr\/produit\/emosh-bougeoir-burgundy\/\"]}]},{\"@type\":\"ImageObject\",\"inLanguage\":\"fr-FR\",\"@id\":\"https:\/\/hubsch-interior.com\/fr\/produit\/emosh-bougeoir-burgundy\/#primaryimage\",\"url\":\"https:\/\/hubsch-interior.com\/wp-content\/uploads\/2026\/02\/emosh-candlestick-burgundy-16ab2023b3c9f3b0d4fc2cecf927e625.jpg\",\"contentUrl\":\"https:\/\/hubsch-interior.com\/wp-content\/uploads\/2026\/02\/emosh-candlestick-burgundy-16ab2023b3c9f3b0d4fc2cecf927e625.jpg\",\"width\":1024,\"height\":1024},{\"@type\":\"BreadcrumbList\",\"@id\":\"https:\/\/hubsch-interior.com\/fr\/produit\/emosh-bougeoir-burgundy\/#breadcrumb\",\"itemListElement\":[{\"@type\":\"ListItem\",\"position\":1,\"name\":\"Page d'accueil\",\"item\":\"https:\/\/hubsch-interior.com\/fr\/\"},{\"@type\":\"ListItem\",\"position\":2,\"name\":\"Produits\",\"item\":\"https:\/\/hubsch-interior.com\/fr\/shop-2\/\"},{\"@type\":\"ListItem\",\"position\":3,\"name\":\"Accessoires maison\",\"item\":\"https:\/\/hubsch-interior.com\/fr\/categorie-produit\/accessoires-maison\/\"},{\"@type\":\"ListItem\",\"position\":4,\"name\":\"Bougeoirs &amp; lanternes\",\"item\":\"https:\/\/hubsch-interior.com\/fr\/categorie-produit\/accessoires-maison\/bougeoirs-lanternes-fr\/\"},{\"@type\":\"ListItem\",\"position\":5,\"name\":\"Bougeoirs et photophores\",\"item\":\"https:\/\/hubsch-interior.com\/fr\/categorie-produit\/accessoires-maison\/bougeoirs-lanternes-fr\/bougeoirs-et-photophores-fr\/\"},{\"@type\":\"ListItem\",\"position\":6,\"name\":\"Emosh Bougeoir Burgundy\"}]},{\"@type\":\"WebSite\",\"@id\":\"https:\/\/hubsch-interior.com\/fr\/#website\",\"url\":\"https:\/\/hubsch-interior.com\/fr\/\",\"name\":\"H\u00fcbsch\",\"description\":\"Danish Home Interior and Design\",\"publisher\":{\"@id\":\"https:\/\/hubsch-interior.com\/fr\/#organization\"},\"potentialAction\":[{\"@type\":\"SearchAction\",\"target\":{\"@type\":\"EntryPoint\",\"urlTemplate\":\"https:\/\/hubsch-interior.com\/fr\/?s={search_term_string}\"},\"query-input\":{\"@type\":\"PropertyValueSpecification\",\"valueRequired\":true,\"valueName\":\"search_term_string\"}}],\"inLanguage\":\"fr-FR\"},{\"@type\":\"Organization\",\"@id\":\"https:\/\/hubsch-interior.com\/fr\/#organization\",\"name\":\"H\u00fcbsch\",\"url\":\"https:\/\/hubsch-interior.com\/fr\/\",\"logo\":{\"@type\":\"ImageObject\",\"inLanguage\":\"fr-FR\",\"@id\":\"https:\/\/hubsch-interior.com\/fr\/#\/schema\/logo\/image\/\",\"url\":\"https:\/\/hubsch-interior.com\/wp-content\/uploads\/2022\/12\/Hubsch_logo_black_one_line.svg\",\"contentUrl\":\"https:\/\/hubsch-interior.com\/wp-content\/uploads\/2022\/12\/Hubsch_logo_black_one_line.svg\",\"caption\":\"H\u00fcbsch\"},\"image\":{\"@id\":\"https:\/\/hubsch-interior.com\/fr\/#\/schema\/logo\/image\/\"}}]}<\/script>\n<!-- \/ Yoast SEO plugin. -->","yoast_head_json":{"title":"Emosh Bougeoir Burgundy - H\u00fcbsch","description":"Ce magnifique bougeoir en m\u00e9tal de couleur bordeaux Emosh Burgundy est une merveille pour votre int\u00e9rieur. Il est \u00e9l\u00e9gant et intemporel, et vous offrira","robots":{"index":"index","follow":"follow","max-snippet":"max-snippet:-1","max-image-preview":"max-image-preview:large","max-video-preview":"max-video-preview:-1"},"canonical":"https:\/\/hubsch-interior.com\/fr\/wp-json\/wp\/v2\/product\/802469","og_locale":"fr_FR","og_type":"article","og_title":"Emosh Bougeoir Burgundy - H\u00fcbsch","og_description":"Ce magnifique bougeoir en m\u00e9tal de couleur bordeaux Emosh Burgundy est une merveille pour votre int\u00e9rieur. Il est \u00e9l\u00e9gant et intemporel, et vous offrira","og_url":"https:\/\/hubsch-interior.com\/fr\/produit\/emosh-bougeoir-burgundy\/","og_site_name":"H\u00fcbsch","article_modified_time":"2026-04-09T03:11:55+00:00","og_image":[{"width":1200,"height":1200,"url":"https:\/\/hubsch-interior.com\/wp-content\/uploads\/2025\/05\/emosh-candlestick-burgundy-764e64ecaec1eae46aeb6af9ee440262.jpg","type":"image\/jpeg"}],"twitter_card":"summary_large_image","schema":{"@context":"https:\/\/schema.org","@graph":[{"@type":"WebPage","@id":"https:\/\/hubsch-interior.com\/fr\/produit\/emosh-bougeoir-burgundy\/","url":"https:\/\/hubsch-interior.com\/fr\/produit\/emosh-bougeoir-burgundy\/","name":"Emosh Bougeoir Burgundy - H\u00fcbsch","isPartOf":{"@id":"https:\/\/hubsch-interior.com\/fr\/#website"},"primaryImageOfPage":{"@id":"https:\/\/hubsch-interior.com\/fr\/produit\/emosh-bougeoir-burgundy\/#primaryimage"},"image":{"@id":"https:\/\/hubsch-interior.com\/fr\/produit\/emosh-bougeoir-burgundy\/#primaryimage"},"thumbnailUrl":"https:\/\/hubsch-interior.com\/wp-content\/uploads\/2026\/02\/emosh-candlestick-burgundy-16ab2023b3c9f3b0d4fc2cecf927e625.jpg","datePublished":"2022-08-11T11:36:07+00:00","dateModified":"2026-04-09T03:11:55+00:00","description":"Ce magnifique bougeoir en m\u00e9tal de couleur bordeaux Emosh Burgundy est une merveille pour votre int\u00e9rieur. Il est \u00e9l\u00e9gant et intemporel, et vous offrira","breadcrumb":{"@id":"https:\/\/hubsch-interior.com\/fr\/produit\/emosh-bougeoir-burgundy\/#breadcrumb"},"inLanguage":"fr-FR","potentialAction":[{"@type":"ReadAction","target":["https:\/\/hubsch-interior.com\/fr\/produit\/emosh-bougeoir-burgundy\/"]}]},{"@type":"ImageObject","inLanguage":"fr-FR","@id":"https:\/\/hubsch-interior.com\/fr\/produit\/emosh-bougeoir-burgundy\/#primaryimage","url":"https:\/\/hubsch-interior.com\/wp-content\/uploads\/2026\/02\/emosh-candlestick-burgundy-16ab2023b3c9f3b0d4fc2cecf927e625.jpg","contentUrl":"https:\/\/hubsch-interior.com\/wp-content\/uploads\/2026\/02\/emosh-candlestick-burgundy-16ab2023b3c9f3b0d4fc2cecf927e625.jpg","width":1024,"height":1024},{"@type":"BreadcrumbList","@id":"https:\/\/hubsch-interior.com\/fr\/produit\/emosh-bougeoir-burgundy\/#breadcrumb","itemListElement":[{"@type":"ListItem","position":1,"name":"Page d'accueil","item":"https:\/\/hubsch-interior.com\/fr\/"},{"@type":"ListItem","position":2,"name":"Produits","item":"https:\/\/hubsch-interior.com\/fr\/shop-2\/"},{"@type":"ListItem","position":3,"name":"Accessoires maison","item":"https:\/\/hubsch-interior.com\/fr\/categorie-produit\/accessoires-maison\/"},{"@type":"ListItem","position":4,"name":"Bougeoirs &amp; lanternes","item":"https:\/\/hubsch-interior.com\/fr\/categorie-produit\/accessoires-maison\/bougeoirs-lanternes-fr\/"},{"@type":"ListItem","position":5,"name":"Bougeoirs et photophores","item":"https:\/\/hubsch-interior.com\/fr\/categorie-produit\/accessoires-maison\/bougeoirs-lanternes-fr\/bougeoirs-et-photophores-fr\/"},{"@type":"ListItem","position":6,"name":"Emosh Bougeoir Burgundy"}]},{"@type":"WebSite","@id":"https:\/\/hubsch-interior.com\/fr\/#website","url":"https:\/\/hubsch-interior.com\/fr\/","name":"H\u00fcbsch","description":"Danish Home Interior and Design","publisher":{"@id":"https:\/\/hubsch-interior.com\/fr\/#organization"},"potentialAction":[{"@type":"SearchAction","target":{"@type":"EntryPoint","urlTemplate":"https:\/\/hubsch-interior.com\/fr\/?s={search_term_string}"},"query-input":{"@type":"PropertyValueSpecification","valueRequired":true,"valueName":"search_term_string"}}],"inLanguage":"fr-FR"},{"@type":"Organization","@id":"https:\/\/hubsch-interior.com\/fr\/#organization","name":"H\u00fcbsch","url":"https:\/\/hubsch-interior.com\/fr\/","logo":{"@type":"ImageObject","inLanguage":"fr-FR","@id":"https:\/\/hubsch-interior.com\/fr\/#\/schema\/logo\/image\/","url":"https:\/\/hubsch-interior.com\/wp-content\/uploads\/2022\/12\/Hubsch_logo_black_one_line.svg","contentUrl":"https:\/\/hubsch-interior.com\/wp-content\/uploads\/2022\/12\/Hubsch_logo_black_one_line.svg","caption":"H\u00fcbsch"},"image":{"@id":"https:\/\/hubsch-interior.com\/fr\/#\/schema\/logo\/image\/"}}]}},"_links":{"self":[{"href":"https:\/\/hubsch-interior.com\/fr\/wp-json\/wp\/v2\/product\/802469","targetHints":{"allow":["GET"]}}],"collection":[{"href":"https:\/\/hubsch-interior.com\/fr\/wp-json\/wp\/v2\/product"}],"about":[{"href":"https:\/\/hubsch-interior.com\/fr\/wp-json\/wp\/v2\/types\/product"}],"wp:featuredmedia":[{"embeddable":true,"href":"https:\/\/hubsch-interior.com\/fr\/wp-json\/wp\/v2\/media\/1108685"}],"wp:attachment":[{"href":"https:\/\/hubsch-interior.com\/fr\/wp-json\/wp\/v2\/media?parent=802469"}],"wp:term":[{"taxonomy":"product_brand","embeddable":true,"href":"https:\/\/hubsch-interior.com\/fr\/wp-json\/wp\/v2\/product_brand?post=802469"},{"taxonomy":"product_cat","embeddable":true,"href":"https:\/\/hubsch-interior.com\/fr\/wp-json\/wp\/v2\/product_cat?post=802469"},{"taxonomy":"product_tag","embeddable":true,"href":"https:\/\/hubsch-interior.com\/fr\/wp-json\/wp\/v2\/product_tag?post=802469"}],"curies":[{"name":"wp","href":"https:\/\/api.w.org\/{rel}","templated":true}]}}