{"id":807519,"date":"2022-08-23T12:21:58","date_gmt":"2022-08-23T10:21:58","guid":{"rendered":"https:\/\/hubsch-interior.com\/product\/product\/"},"modified":"2026-04-09T04:17:38","modified_gmt":"2026-04-09T02:17:38","slug":"shack-tablette-rouge","status":"publish","type":"product","link":"https:\/\/hubsch-interior.com\/fr\/produit\/shack-tablette-rouge\/","title":{"rendered":"Shack Tablette Rouge"},"content":{"rendered":"<p>Un ensemble \u00e9tag\u00e8re et rack \u00e0 accrocher sur le mur, plut\u00f4t sympa comme combinaison n&#8217;est ce pas ? Et nous savons pertinemment que vous allez tomber sous le charme de cet \u00e9l\u00e9ment de d\u00e9coration. L&#8217;\u00e9tag\u00e8re Shack est en effet parfaite pour exposer tous vos livres de cuisine pr\u00e9f\u00e9r\u00e9s et accrocher vos plus jolis torchons. A vous maintenant d&#8217;y ajouter votre touche personnelle. Avoir plusieurs fonctions pour un \u00e9l\u00e9ment est toujours une bonne id\u00e9e, on est tous d&#8217;accord !<\/p>\n","protected":false},"excerpt":{"rendered":"<p>Un ensemble \u00e9tag\u00e8re et rack \u00e0 accrocher sur le mur, plut\u00f4t sympa comme combinaison n&#8217;est ce pas ? Et nous savons pertinemment que vous allez tomber sous le charme de cet \u00e9l\u00e9ment de d\u00e9coration. L&#8217;\u00e9tag\u00e8re Shack est en effet parfaite pour exposer tous vos livres de cuisine pr\u00e9f\u00e9r\u00e9s et accrocher vos plus jolis torchons. A [&hellip;]<\/p>\n","protected":false},"featured_media":1092913,"template":"","meta":{"_acf_changed":false,"inline_featured_image":false},"product_brand":[],"product_cat":[7071,7066,6379,4001,4023,4041,4042],"product_tag":[],"class_list":{"0":"post-807519","1":"product","2":"type-product","3":"status-publish","4":"has-post-thumbnail","6":"product_cat-crochets-et-etageres-fr","7":"product_cat-cuisine-etageres-fr","8":"product_cat-always-a-twist-fr","9":"product_cat-etageres-et-meubles-de-rangement-fr","10":"product_cat-etageres-murales-fr","11":"product_cat-pateres-porte-manteaux-fr","12":"product_cat-porte-manteaux-fr","13":"product_shipping_class-pk","15":"pa_color-rouge-2","16":"pa_material-fer-fr","17":"pa_material-verre-fr","19":"first","20":"instock","21":"taxable","22":"shipping-taxable","23":"purchasable","24":"product-type-simple"},"exclude_global_add_ons":[],"addons":[],"acf":[],"yoast_head":"<!-- This site is optimized with the Yoast SEO plugin v26.4 - https:\/\/yoast.com\/wordpress\/plugins\/seo\/ -->\n<title>Shack Tablette Rouge - H\u00fcbsch<\/title>\n<meta name=\"description\" content=\"Un ensemble \u00e9tag\u00e8re et rack \u00e0 accrocher sur le mur, plut\u00f4t sympa comme combinaison n&#039;est ce pas ? Et nous savons pertinemment que vous allez tomber sous\" \/>\n<meta name=\"robots\" content=\"index, follow, max-snippet:-1, max-image-preview:large, max-video-preview:-1\" \/>\n<link rel=\"canonical\" href=\"https:\/\/hubsch-interior.com\/fr\/wp-json\/wp\/v2\/product\/807519\" \/>\n<meta property=\"og:locale\" content=\"fr_FR\" \/>\n<meta property=\"og:type\" content=\"article\" \/>\n<meta property=\"og:title\" content=\"Shack Tablette Rouge - H\u00fcbsch\" \/>\n<meta property=\"og:description\" content=\"Un ensemble \u00e9tag\u00e8re et rack \u00e0 accrocher sur le mur, plut\u00f4t sympa comme combinaison n&#039;est ce pas ? Et nous savons pertinemment que vous allez tomber sous\" \/>\n<meta property=\"og:url\" content=\"https:\/\/hubsch-interior.com\/fr\/produit\/shack-tablette-rouge\/\" \/>\n<meta property=\"og:site_name\" content=\"H\u00fcbsch\" \/>\n<meta property=\"article:modified_time\" content=\"2026-04-09T02:17:38+00:00\" \/>\n<meta property=\"og:image\" content=\"https:\/\/hubsch-interior.com\/wp-content\/uploads\/2023\/08\/shack-shelf-texturedred-81c023592faa2271bee46f7afcd21408.jpg\" \/>\n\t<meta property=\"og:image:width\" content=\"1200\" \/>\n\t<meta property=\"og:image:height\" content=\"1200\" \/>\n\t<meta property=\"og:image:type\" content=\"image\/jpeg\" \/>\n<meta name=\"twitter:card\" content=\"summary_large_image\" \/>\n<script type=\"application\/ld+json\" class=\"yoast-schema-graph\">{\"@context\":\"https:\/\/schema.org\",\"@graph\":[{\"@type\":\"WebPage\",\"@id\":\"https:\/\/hubsch-interior.com\/fr\/produit\/shack-tablette-rouge\/\",\"url\":\"https:\/\/hubsch-interior.com\/fr\/produit\/shack-tablette-rouge\/\",\"name\":\"Shack Tablette Rouge - H\u00fcbsch\",\"isPartOf\":{\"@id\":\"https:\/\/hubsch-interior.com\/fr\/#website\"},\"primaryImageOfPage\":{\"@id\":\"https:\/\/hubsch-interior.com\/fr\/produit\/shack-tablette-rouge\/#primaryimage\"},\"image\":{\"@id\":\"https:\/\/hubsch-interior.com\/fr\/produit\/shack-tablette-rouge\/#primaryimage\"},\"thumbnailUrl\":\"https:\/\/hubsch-interior.com\/wp-content\/uploads\/2026\/02\/shack-shelf-red-cc4b1844f3e55b63ba9b3f365c2bd9b6.jpg\",\"datePublished\":\"2022-08-23T10:21:58+00:00\",\"dateModified\":\"2026-04-09T02:17:38+00:00\",\"description\":\"Un ensemble \u00e9tag\u00e8re et rack \u00e0 accrocher sur le mur, plut\u00f4t sympa comme combinaison n'est ce pas ? Et nous savons pertinemment que vous allez tomber sous\",\"breadcrumb\":{\"@id\":\"https:\/\/hubsch-interior.com\/fr\/produit\/shack-tablette-rouge\/#breadcrumb\"},\"inLanguage\":\"fr-FR\",\"potentialAction\":[{\"@type\":\"ReadAction\",\"target\":[\"https:\/\/hubsch-interior.com\/fr\/produit\/shack-tablette-rouge\/\"]}]},{\"@type\":\"ImageObject\",\"inLanguage\":\"fr-FR\",\"@id\":\"https:\/\/hubsch-interior.com\/fr\/produit\/shack-tablette-rouge\/#primaryimage\",\"url\":\"https:\/\/hubsch-interior.com\/wp-content\/uploads\/2026\/02\/shack-shelf-red-cc4b1844f3e55b63ba9b3f365c2bd9b6.jpg\",\"contentUrl\":\"https:\/\/hubsch-interior.com\/wp-content\/uploads\/2026\/02\/shack-shelf-red-cc4b1844f3e55b63ba9b3f365c2bd9b6.jpg\",\"width\":1024,\"height\":1024},{\"@type\":\"BreadcrumbList\",\"@id\":\"https:\/\/hubsch-interior.com\/fr\/produit\/shack-tablette-rouge\/#breadcrumb\",\"itemListElement\":[{\"@type\":\"ListItem\",\"position\":1,\"name\":\"Page d'accueil\",\"item\":\"https:\/\/hubsch-interior.com\/fr\/\"},{\"@type\":\"ListItem\",\"position\":2,\"name\":\"Produits\",\"item\":\"https:\/\/hubsch-interior.com\/fr\/shop-2\/\"},{\"@type\":\"ListItem\",\"position\":3,\"name\":\"Meubles\",\"item\":\"https:\/\/hubsch-interior.com\/fr\/categorie-produit\/meubles\/\"},{\"@type\":\"ListItem\",\"position\":4,\"name\":\"Etag&egrave;res et meubles de rangement\",\"item\":\"https:\/\/hubsch-interior.com\/fr\/categorie-produit\/meubles\/etageres-et-meubles-de-rangement-fr\/\"},{\"@type\":\"ListItem\",\"position\":5,\"name\":\"Etag&egrave;res murales\",\"item\":\"https:\/\/hubsch-interior.com\/fr\/categorie-produit\/meubles\/etageres-et-meubles-de-rangement-fr\/etageres-murales-fr\/\"},{\"@type\":\"ListItem\",\"position\":6,\"name\":\"Shack Tablette Rouge\"}]},{\"@type\":\"WebSite\",\"@id\":\"https:\/\/hubsch-interior.com\/fr\/#website\",\"url\":\"https:\/\/hubsch-interior.com\/fr\/\",\"name\":\"H\u00fcbsch\",\"description\":\"Danish Home Interior and Design\",\"publisher\":{\"@id\":\"https:\/\/hubsch-interior.com\/fr\/#organization\"},\"potentialAction\":[{\"@type\":\"SearchAction\",\"target\":{\"@type\":\"EntryPoint\",\"urlTemplate\":\"https:\/\/hubsch-interior.com\/fr\/?s={search_term_string}\"},\"query-input\":{\"@type\":\"PropertyValueSpecification\",\"valueRequired\":true,\"valueName\":\"search_term_string\"}}],\"inLanguage\":\"fr-FR\"},{\"@type\":\"Organization\",\"@id\":\"https:\/\/hubsch-interior.com\/fr\/#organization\",\"name\":\"H\u00fcbsch\",\"url\":\"https:\/\/hubsch-interior.com\/fr\/\",\"logo\":{\"@type\":\"ImageObject\",\"inLanguage\":\"fr-FR\",\"@id\":\"https:\/\/hubsch-interior.com\/fr\/#\/schema\/logo\/image\/\",\"url\":\"https:\/\/hubsch-interior.com\/wp-content\/uploads\/2022\/12\/Hubsch_logo_black_one_line.svg\",\"contentUrl\":\"https:\/\/hubsch-interior.com\/wp-content\/uploads\/2022\/12\/Hubsch_logo_black_one_line.svg\",\"caption\":\"H\u00fcbsch\"},\"image\":{\"@id\":\"https:\/\/hubsch-interior.com\/fr\/#\/schema\/logo\/image\/\"}}]}<\/script>\n<!-- \/ Yoast SEO plugin. -->","yoast_head_json":{"title":"Shack Tablette Rouge - H\u00fcbsch","description":"Un ensemble \u00e9tag\u00e8re et rack \u00e0 accrocher sur le mur, plut\u00f4t sympa comme combinaison n'est ce pas ? Et nous savons pertinemment que vous allez tomber sous","robots":{"index":"index","follow":"follow","max-snippet":"max-snippet:-1","max-image-preview":"max-image-preview:large","max-video-preview":"max-video-preview:-1"},"canonical":"https:\/\/hubsch-interior.com\/fr\/wp-json\/wp\/v2\/product\/807519","og_locale":"fr_FR","og_type":"article","og_title":"Shack Tablette Rouge - H\u00fcbsch","og_description":"Un ensemble \u00e9tag\u00e8re et rack \u00e0 accrocher sur le mur, plut\u00f4t sympa comme combinaison n'est ce pas ? Et nous savons pertinemment que vous allez tomber sous","og_url":"https:\/\/hubsch-interior.com\/fr\/produit\/shack-tablette-rouge\/","og_site_name":"H\u00fcbsch","article_modified_time":"2026-04-09T02:17:38+00:00","og_image":[{"width":1200,"height":1200,"url":"https:\/\/hubsch-interior.com\/wp-content\/uploads\/2023\/08\/shack-shelf-texturedred-81c023592faa2271bee46f7afcd21408.jpg","type":"image\/jpeg"}],"twitter_card":"summary_large_image","schema":{"@context":"https:\/\/schema.org","@graph":[{"@type":"WebPage","@id":"https:\/\/hubsch-interior.com\/fr\/produit\/shack-tablette-rouge\/","url":"https:\/\/hubsch-interior.com\/fr\/produit\/shack-tablette-rouge\/","name":"Shack Tablette Rouge - H\u00fcbsch","isPartOf":{"@id":"https:\/\/hubsch-interior.com\/fr\/#website"},"primaryImageOfPage":{"@id":"https:\/\/hubsch-interior.com\/fr\/produit\/shack-tablette-rouge\/#primaryimage"},"image":{"@id":"https:\/\/hubsch-interior.com\/fr\/produit\/shack-tablette-rouge\/#primaryimage"},"thumbnailUrl":"https:\/\/hubsch-interior.com\/wp-content\/uploads\/2026\/02\/shack-shelf-red-cc4b1844f3e55b63ba9b3f365c2bd9b6.jpg","datePublished":"2022-08-23T10:21:58+00:00","dateModified":"2026-04-09T02:17:38+00:00","description":"Un ensemble \u00e9tag\u00e8re et rack \u00e0 accrocher sur le mur, plut\u00f4t sympa comme combinaison n'est ce pas ? Et nous savons pertinemment que vous allez tomber sous","breadcrumb":{"@id":"https:\/\/hubsch-interior.com\/fr\/produit\/shack-tablette-rouge\/#breadcrumb"},"inLanguage":"fr-FR","potentialAction":[{"@type":"ReadAction","target":["https:\/\/hubsch-interior.com\/fr\/produit\/shack-tablette-rouge\/"]}]},{"@type":"ImageObject","inLanguage":"fr-FR","@id":"https:\/\/hubsch-interior.com\/fr\/produit\/shack-tablette-rouge\/#primaryimage","url":"https:\/\/hubsch-interior.com\/wp-content\/uploads\/2026\/02\/shack-shelf-red-cc4b1844f3e55b63ba9b3f365c2bd9b6.jpg","contentUrl":"https:\/\/hubsch-interior.com\/wp-content\/uploads\/2026\/02\/shack-shelf-red-cc4b1844f3e55b63ba9b3f365c2bd9b6.jpg","width":1024,"height":1024},{"@type":"BreadcrumbList","@id":"https:\/\/hubsch-interior.com\/fr\/produit\/shack-tablette-rouge\/#breadcrumb","itemListElement":[{"@type":"ListItem","position":1,"name":"Page d'accueil","item":"https:\/\/hubsch-interior.com\/fr\/"},{"@type":"ListItem","position":2,"name":"Produits","item":"https:\/\/hubsch-interior.com\/fr\/shop-2\/"},{"@type":"ListItem","position":3,"name":"Meubles","item":"https:\/\/hubsch-interior.com\/fr\/categorie-produit\/meubles\/"},{"@type":"ListItem","position":4,"name":"Etag&egrave;res et meubles de rangement","item":"https:\/\/hubsch-interior.com\/fr\/categorie-produit\/meubles\/etageres-et-meubles-de-rangement-fr\/"},{"@type":"ListItem","position":5,"name":"Etag&egrave;res murales","item":"https:\/\/hubsch-interior.com\/fr\/categorie-produit\/meubles\/etageres-et-meubles-de-rangement-fr\/etageres-murales-fr\/"},{"@type":"ListItem","position":6,"name":"Shack Tablette Rouge"}]},{"@type":"WebSite","@id":"https:\/\/hubsch-interior.com\/fr\/#website","url":"https:\/\/hubsch-interior.com\/fr\/","name":"H\u00fcbsch","description":"Danish Home Interior and Design","publisher":{"@id":"https:\/\/hubsch-interior.com\/fr\/#organization"},"potentialAction":[{"@type":"SearchAction","target":{"@type":"EntryPoint","urlTemplate":"https:\/\/hubsch-interior.com\/fr\/?s={search_term_string}"},"query-input":{"@type":"PropertyValueSpecification","valueRequired":true,"valueName":"search_term_string"}}],"inLanguage":"fr-FR"},{"@type":"Organization","@id":"https:\/\/hubsch-interior.com\/fr\/#organization","name":"H\u00fcbsch","url":"https:\/\/hubsch-interior.com\/fr\/","logo":{"@type":"ImageObject","inLanguage":"fr-FR","@id":"https:\/\/hubsch-interior.com\/fr\/#\/schema\/logo\/image\/","url":"https:\/\/hubsch-interior.com\/wp-content\/uploads\/2022\/12\/Hubsch_logo_black_one_line.svg","contentUrl":"https:\/\/hubsch-interior.com\/wp-content\/uploads\/2022\/12\/Hubsch_logo_black_one_line.svg","caption":"H\u00fcbsch"},"image":{"@id":"https:\/\/hubsch-interior.com\/fr\/#\/schema\/logo\/image\/"}}]}},"_links":{"self":[{"href":"https:\/\/hubsch-interior.com\/fr\/wp-json\/wp\/v2\/product\/807519","targetHints":{"allow":["GET"]}}],"collection":[{"href":"https:\/\/hubsch-interior.com\/fr\/wp-json\/wp\/v2\/product"}],"about":[{"href":"https:\/\/hubsch-interior.com\/fr\/wp-json\/wp\/v2\/types\/product"}],"wp:featuredmedia":[{"embeddable":true,"href":"https:\/\/hubsch-interior.com\/fr\/wp-json\/wp\/v2\/media\/1092913"}],"wp:attachment":[{"href":"https:\/\/hubsch-interior.com\/fr\/wp-json\/wp\/v2\/media?parent=807519"}],"wp:term":[{"taxonomy":"product_brand","embeddable":true,"href":"https:\/\/hubsch-interior.com\/fr\/wp-json\/wp\/v2\/product_brand?post=807519"},{"taxonomy":"product_cat","embeddable":true,"href":"https:\/\/hubsch-interior.com\/fr\/wp-json\/wp\/v2\/product_cat?post=807519"},{"taxonomy":"product_tag","embeddable":true,"href":"https:\/\/hubsch-interior.com\/fr\/wp-json\/wp\/v2\/product_tag?post=807519"}],"curies":[{"name":"wp","href":"https:\/\/api.w.org\/{rel}","templated":true}]}}