{"id":807603,"date":"2022-08-23T12:23:16","date_gmt":"2022-08-23T10:23:16","guid":{"rendered":"https:\/\/hubsch-interior.com\/product\/product\/"},"modified":"2026-04-05T04:17:56","modified_gmt":"2026-04-05T02:17:56","slug":"fresh-chariot-multicolore","status":"publish","type":"product","link":"https:\/\/hubsch-interior.com\/fr\/produit\/fresh-chariot-multicolore\/","title":{"rendered":"Fresh Chariot \u00a0Multicolor\u00e9"},"content":{"rendered":"<p>Les dessertes pour le bureau cr\u00e9ent un espace de bureau suppl\u00e9mentaire fonctionnel et inspirant. Afin de faciliter vos journ\u00e9es de travail, il est essentiel que les objets que vous gardez dans votre bureau soient utiles avant tout. C&#8217;est pour cette raison que nous avons imagin\u00e9  cette nouvelle desserte qui offre de la place pour ranger, avec un look color\u00e9 audacieux pour r\u00e9inventer un rangement classique et apporter de l&#8217;\u00e9l\u00e9gance. Fabriqu\u00e9 avec un bois certifi\u00e9 FSC\u00ae bien s\u00fbr !<\/p>\n","protected":false},"excerpt":{"rendered":"<p>Les dessertes pour le bureau cr\u00e9ent un espace de bureau suppl\u00e9mentaire fonctionnel et inspirant. Afin de faciliter vos journ\u00e9es de travail, il est essentiel que les objets que vous gardez dans votre bureau soient utiles avant tout. C&#8217;est pour cette raison que nous avons imagin\u00e9 cette nouvelle desserte qui offre de la place pour ranger, [&hellip;]<\/p>\n","protected":false},"featured_media":1093063,"template":"","meta":{"_acf_changed":false,"inline_featured_image":false},"product_brand":[],"product_cat":[6379,2859,6359,4153,4960,5026],"product_tag":[],"class_list":{"0":"post-807603","1":"product","2":"type-product","3":"status-publish","4":"has-post-thumbnail","6":"product_cat-always-a-twist-fr","7":"product_cat-tables-fr","8":"product_cat-dessertes-fr","9":"product_cat-espace-de-travail-fr","10":"product_cat-rangement-fr","11":"product_cat-bestsellers-fr","12":"product_shipping_class-pk","13":"pa_color-multicolor-2","14":"pa_material-mdf-fr","15":"pa_material-bois-de-frne","17":"first","18":"outofstock","19":"featured","20":"taxable","21":"shipping-taxable","22":"purchasable","23":"product-type-simple"},"exclude_global_add_ons":[],"addons":[],"acf":[],"yoast_head":"<!-- This site is optimized with the Yoast SEO plugin v26.4 - https:\/\/yoast.com\/wordpress\/plugins\/seo\/ -->\n<title>Fresh Chariot \u00a0Multicolor\u00e9 - H\u00fcbsch<\/title>\n<meta name=\"description\" content=\"Les dessertes pour le bureau cr\u00e9ent un espace de bureau suppl\u00e9mentaire fonctionnel et inspirant. Afin de faciliter vos journ\u00e9es de travail, il est\" \/>\n<meta name=\"robots\" content=\"index, follow, max-snippet:-1, max-image-preview:large, max-video-preview:-1\" \/>\n<link rel=\"canonical\" href=\"https:\/\/hubsch-interior.com\/fr\/wp-json\/wp\/v2\/product\/807603\" \/>\n<meta property=\"og:locale\" content=\"fr_FR\" \/>\n<meta property=\"og:type\" content=\"article\" \/>\n<meta property=\"og:title\" content=\"Fresh Chariot \u00a0Multicolor\u00e9 - H\u00fcbsch\" \/>\n<meta property=\"og:description\" content=\"Les dessertes pour le bureau cr\u00e9ent un espace de bureau suppl\u00e9mentaire fonctionnel et inspirant. Afin de faciliter vos journ\u00e9es de travail, il est\" \/>\n<meta property=\"og:url\" content=\"https:\/\/hubsch-interior.com\/fr\/produit\/fresh-chariot-multicolore\/\" \/>\n<meta property=\"og:site_name\" content=\"H\u00fcbsch\" \/>\n<meta property=\"article:modified_time\" content=\"2026-04-05T02:17:56+00:00\" \/>\n<meta property=\"og:image\" content=\"https:\/\/hubsch-interior.com\/wp-content\/uploads\/2023\/08\/fresh-trolley-khakiburgundy-60537486d1fbc1b8f90a72bbe4be2173.jpg\" \/>\n\t<meta property=\"og:image:width\" content=\"1200\" \/>\n\t<meta property=\"og:image:height\" content=\"1200\" \/>\n\t<meta property=\"og:image:type\" content=\"image\/jpeg\" \/>\n<meta name=\"twitter:card\" content=\"summary_large_image\" \/>\n<script type=\"application\/ld+json\" class=\"yoast-schema-graph\">{\"@context\":\"https:\/\/schema.org\",\"@graph\":[{\"@type\":\"WebPage\",\"@id\":\"https:\/\/hubsch-interior.com\/fr\/produit\/fresh-chariot-multicolore\/\",\"url\":\"https:\/\/hubsch-interior.com\/fr\/produit\/fresh-chariot-multicolore\/\",\"name\":\"Fresh Chariot \u00a0Multicolor\u00e9 - H\u00fcbsch\",\"isPartOf\":{\"@id\":\"https:\/\/hubsch-interior.com\/fr\/#website\"},\"primaryImageOfPage\":{\"@id\":\"https:\/\/hubsch-interior.com\/fr\/produit\/fresh-chariot-multicolore\/#primaryimage\"},\"image\":{\"@id\":\"https:\/\/hubsch-interior.com\/fr\/produit\/fresh-chariot-multicolore\/#primaryimage\"},\"thumbnailUrl\":\"https:\/\/hubsch-interior.com\/wp-content\/uploads\/2026\/02\/fresh-trolley-multicolour-5ec02f2d9bdc19ac0ce70077af6e645c.jpg\",\"datePublished\":\"2022-08-23T10:23:16+00:00\",\"dateModified\":\"2026-04-05T02:17:56+00:00\",\"description\":\"Les dessertes pour le bureau cr\u00e9ent un espace de bureau suppl\u00e9mentaire fonctionnel et inspirant. Afin de faciliter vos journ\u00e9es de travail, il est\",\"breadcrumb\":{\"@id\":\"https:\/\/hubsch-interior.com\/fr\/produit\/fresh-chariot-multicolore\/#breadcrumb\"},\"inLanguage\":\"fr-FR\",\"potentialAction\":[{\"@type\":\"ReadAction\",\"target\":[\"https:\/\/hubsch-interior.com\/fr\/produit\/fresh-chariot-multicolore\/\"]}]},{\"@type\":\"ImageObject\",\"inLanguage\":\"fr-FR\",\"@id\":\"https:\/\/hubsch-interior.com\/fr\/produit\/fresh-chariot-multicolore\/#primaryimage\",\"url\":\"https:\/\/hubsch-interior.com\/wp-content\/uploads\/2026\/02\/fresh-trolley-multicolour-5ec02f2d9bdc19ac0ce70077af6e645c.jpg\",\"contentUrl\":\"https:\/\/hubsch-interior.com\/wp-content\/uploads\/2026\/02\/fresh-trolley-multicolour-5ec02f2d9bdc19ac0ce70077af6e645c.jpg\",\"width\":1024,\"height\":1024},{\"@type\":\"BreadcrumbList\",\"@id\":\"https:\/\/hubsch-interior.com\/fr\/produit\/fresh-chariot-multicolore\/#breadcrumb\",\"itemListElement\":[{\"@type\":\"ListItem\",\"position\":1,\"name\":\"Page d'accueil\",\"item\":\"https:\/\/hubsch-interior.com\/fr\/\"},{\"@type\":\"ListItem\",\"position\":2,\"name\":\"Produits\",\"item\":\"https:\/\/hubsch-interior.com\/fr\/shop-2\/\"},{\"@type\":\"ListItem\",\"position\":3,\"name\":\"Meubles\",\"item\":\"https:\/\/hubsch-interior.com\/fr\/categorie-produit\/meubles\/\"},{\"@type\":\"ListItem\",\"position\":4,\"name\":\"Tables\",\"item\":\"https:\/\/hubsch-interior.com\/fr\/categorie-produit\/meubles\/tables-fr\/\"},{\"@type\":\"ListItem\",\"position\":5,\"name\":\"Dessertes\",\"item\":\"https:\/\/hubsch-interior.com\/fr\/categorie-produit\/meubles\/tables-fr\/dessertes-fr\/\"},{\"@type\":\"ListItem\",\"position\":6,\"name\":\"Fresh Chariot \u00a0Multicolor\u00e9\"}]},{\"@type\":\"WebSite\",\"@id\":\"https:\/\/hubsch-interior.com\/fr\/#website\",\"url\":\"https:\/\/hubsch-interior.com\/fr\/\",\"name\":\"H\u00fcbsch\",\"description\":\"Danish Home Interior and Design\",\"publisher\":{\"@id\":\"https:\/\/hubsch-interior.com\/fr\/#organization\"},\"potentialAction\":[{\"@type\":\"SearchAction\",\"target\":{\"@type\":\"EntryPoint\",\"urlTemplate\":\"https:\/\/hubsch-interior.com\/fr\/?s={search_term_string}\"},\"query-input\":{\"@type\":\"PropertyValueSpecification\",\"valueRequired\":true,\"valueName\":\"search_term_string\"}}],\"inLanguage\":\"fr-FR\"},{\"@type\":\"Organization\",\"@id\":\"https:\/\/hubsch-interior.com\/fr\/#organization\",\"name\":\"H\u00fcbsch\",\"url\":\"https:\/\/hubsch-interior.com\/fr\/\",\"logo\":{\"@type\":\"ImageObject\",\"inLanguage\":\"fr-FR\",\"@id\":\"https:\/\/hubsch-interior.com\/fr\/#\/schema\/logo\/image\/\",\"url\":\"https:\/\/hubsch-interior.com\/wp-content\/uploads\/2022\/12\/Hubsch_logo_black_one_line.svg\",\"contentUrl\":\"https:\/\/hubsch-interior.com\/wp-content\/uploads\/2022\/12\/Hubsch_logo_black_one_line.svg\",\"caption\":\"H\u00fcbsch\"},\"image\":{\"@id\":\"https:\/\/hubsch-interior.com\/fr\/#\/schema\/logo\/image\/\"}}]}<\/script>\n<!-- \/ Yoast SEO plugin. -->","yoast_head_json":{"title":"Fresh Chariot \u00a0Multicolor\u00e9 - H\u00fcbsch","description":"Les dessertes pour le bureau cr\u00e9ent un espace de bureau suppl\u00e9mentaire fonctionnel et inspirant. Afin de faciliter vos journ\u00e9es de travail, il est","robots":{"index":"index","follow":"follow","max-snippet":"max-snippet:-1","max-image-preview":"max-image-preview:large","max-video-preview":"max-video-preview:-1"},"canonical":"https:\/\/hubsch-interior.com\/fr\/wp-json\/wp\/v2\/product\/807603","og_locale":"fr_FR","og_type":"article","og_title":"Fresh Chariot \u00a0Multicolor\u00e9 - H\u00fcbsch","og_description":"Les dessertes pour le bureau cr\u00e9ent un espace de bureau suppl\u00e9mentaire fonctionnel et inspirant. Afin de faciliter vos journ\u00e9es de travail, il est","og_url":"https:\/\/hubsch-interior.com\/fr\/produit\/fresh-chariot-multicolore\/","og_site_name":"H\u00fcbsch","article_modified_time":"2026-04-05T02:17:56+00:00","og_image":[{"width":1200,"height":1200,"url":"https:\/\/hubsch-interior.com\/wp-content\/uploads\/2023\/08\/fresh-trolley-khakiburgundy-60537486d1fbc1b8f90a72bbe4be2173.jpg","type":"image\/jpeg"}],"twitter_card":"summary_large_image","schema":{"@context":"https:\/\/schema.org","@graph":[{"@type":"WebPage","@id":"https:\/\/hubsch-interior.com\/fr\/produit\/fresh-chariot-multicolore\/","url":"https:\/\/hubsch-interior.com\/fr\/produit\/fresh-chariot-multicolore\/","name":"Fresh Chariot \u00a0Multicolor\u00e9 - H\u00fcbsch","isPartOf":{"@id":"https:\/\/hubsch-interior.com\/fr\/#website"},"primaryImageOfPage":{"@id":"https:\/\/hubsch-interior.com\/fr\/produit\/fresh-chariot-multicolore\/#primaryimage"},"image":{"@id":"https:\/\/hubsch-interior.com\/fr\/produit\/fresh-chariot-multicolore\/#primaryimage"},"thumbnailUrl":"https:\/\/hubsch-interior.com\/wp-content\/uploads\/2026\/02\/fresh-trolley-multicolour-5ec02f2d9bdc19ac0ce70077af6e645c.jpg","datePublished":"2022-08-23T10:23:16+00:00","dateModified":"2026-04-05T02:17:56+00:00","description":"Les dessertes pour le bureau cr\u00e9ent un espace de bureau suppl\u00e9mentaire fonctionnel et inspirant. Afin de faciliter vos journ\u00e9es de travail, il est","breadcrumb":{"@id":"https:\/\/hubsch-interior.com\/fr\/produit\/fresh-chariot-multicolore\/#breadcrumb"},"inLanguage":"fr-FR","potentialAction":[{"@type":"ReadAction","target":["https:\/\/hubsch-interior.com\/fr\/produit\/fresh-chariot-multicolore\/"]}]},{"@type":"ImageObject","inLanguage":"fr-FR","@id":"https:\/\/hubsch-interior.com\/fr\/produit\/fresh-chariot-multicolore\/#primaryimage","url":"https:\/\/hubsch-interior.com\/wp-content\/uploads\/2026\/02\/fresh-trolley-multicolour-5ec02f2d9bdc19ac0ce70077af6e645c.jpg","contentUrl":"https:\/\/hubsch-interior.com\/wp-content\/uploads\/2026\/02\/fresh-trolley-multicolour-5ec02f2d9bdc19ac0ce70077af6e645c.jpg","width":1024,"height":1024},{"@type":"BreadcrumbList","@id":"https:\/\/hubsch-interior.com\/fr\/produit\/fresh-chariot-multicolore\/#breadcrumb","itemListElement":[{"@type":"ListItem","position":1,"name":"Page d'accueil","item":"https:\/\/hubsch-interior.com\/fr\/"},{"@type":"ListItem","position":2,"name":"Produits","item":"https:\/\/hubsch-interior.com\/fr\/shop-2\/"},{"@type":"ListItem","position":3,"name":"Meubles","item":"https:\/\/hubsch-interior.com\/fr\/categorie-produit\/meubles\/"},{"@type":"ListItem","position":4,"name":"Tables","item":"https:\/\/hubsch-interior.com\/fr\/categorie-produit\/meubles\/tables-fr\/"},{"@type":"ListItem","position":5,"name":"Dessertes","item":"https:\/\/hubsch-interior.com\/fr\/categorie-produit\/meubles\/tables-fr\/dessertes-fr\/"},{"@type":"ListItem","position":6,"name":"Fresh Chariot \u00a0Multicolor\u00e9"}]},{"@type":"WebSite","@id":"https:\/\/hubsch-interior.com\/fr\/#website","url":"https:\/\/hubsch-interior.com\/fr\/","name":"H\u00fcbsch","description":"Danish Home Interior and Design","publisher":{"@id":"https:\/\/hubsch-interior.com\/fr\/#organization"},"potentialAction":[{"@type":"SearchAction","target":{"@type":"EntryPoint","urlTemplate":"https:\/\/hubsch-interior.com\/fr\/?s={search_term_string}"},"query-input":{"@type":"PropertyValueSpecification","valueRequired":true,"valueName":"search_term_string"}}],"inLanguage":"fr-FR"},{"@type":"Organization","@id":"https:\/\/hubsch-interior.com\/fr\/#organization","name":"H\u00fcbsch","url":"https:\/\/hubsch-interior.com\/fr\/","logo":{"@type":"ImageObject","inLanguage":"fr-FR","@id":"https:\/\/hubsch-interior.com\/fr\/#\/schema\/logo\/image\/","url":"https:\/\/hubsch-interior.com\/wp-content\/uploads\/2022\/12\/Hubsch_logo_black_one_line.svg","contentUrl":"https:\/\/hubsch-interior.com\/wp-content\/uploads\/2022\/12\/Hubsch_logo_black_one_line.svg","caption":"H\u00fcbsch"},"image":{"@id":"https:\/\/hubsch-interior.com\/fr\/#\/schema\/logo\/image\/"}}]}},"_links":{"self":[{"href":"https:\/\/hubsch-interior.com\/fr\/wp-json\/wp\/v2\/product\/807603","targetHints":{"allow":["GET"]}}],"collection":[{"href":"https:\/\/hubsch-interior.com\/fr\/wp-json\/wp\/v2\/product"}],"about":[{"href":"https:\/\/hubsch-interior.com\/fr\/wp-json\/wp\/v2\/types\/product"}],"wp:featuredmedia":[{"embeddable":true,"href":"https:\/\/hubsch-interior.com\/fr\/wp-json\/wp\/v2\/media\/1093063"}],"wp:attachment":[{"href":"https:\/\/hubsch-interior.com\/fr\/wp-json\/wp\/v2\/media?parent=807603"}],"wp:term":[{"taxonomy":"product_brand","embeddable":true,"href":"https:\/\/hubsch-interior.com\/fr\/wp-json\/wp\/v2\/product_brand?post=807603"},{"taxonomy":"product_cat","embeddable":true,"href":"https:\/\/hubsch-interior.com\/fr\/wp-json\/wp\/v2\/product_cat?post=807603"},{"taxonomy":"product_tag","embeddable":true,"href":"https:\/\/hubsch-interior.com\/fr\/wp-json\/wp\/v2\/product_tag?post=807603"}],"curies":[{"name":"wp","href":"https:\/\/api.w.org\/{rel}","templated":true}]}}