{"id":807736,"date":"2022-08-23T14:22:54","date_gmt":"2022-08-23T12:22:54","guid":{"rendered":"https:\/\/hubsch-interior.com\/product\/product\/"},"modified":"2026-04-09T04:17:57","modified_gmt":"2026-04-09T02:17:57","slug":"sortit-bac-a-papier-gris-clair","status":"publish","type":"product","link":"https:\/\/hubsch-interior.com\/fr\/produit\/sortit-bac-a-papier-gris-clair\/","title":{"rendered":"Sortit Bac \u00e0 papier Gris clair"},"content":{"rendered":"<p>Vous souvenez-vous de ces bacs \u00e0 papier des ann\u00e9es 70 en plastique color\u00e9 ? Le bac \u00e0 papier Sortit en est la version revisit\u00e9e du 21e si\u00e8cle. En m\u00e9tal de couleur gris clair, il est tr\u00e8s pratique et \u00e9l\u00e9gant avec ses deux \u00e9tag\u00e8res. Il vous permettra de remettre un peu d&#8217;ordre dans vos p\u00e9riodes cr\u00e9atives, et vous permettra de ranger vos stylos et vos papiers, d&#8217;y poser votre plus belle papeterie avec vos cahiers importants. Donc, si vous \u00eates \u00e0 la recherche de nouveaux accessoires de bureau fonctionnels et intemporels, ne cherchez pas plus loin. Et profitez-en pour faire un peu de tri.<\/p>\n","protected":false},"excerpt":{"rendered":"<p>Vous souvenez-vous de ces bacs \u00e0 papier des ann\u00e9es 70 en plastique color\u00e9 ? Le bac \u00e0 papier Sortit en est la version revisit\u00e9e du 21e si\u00e8cle. En m\u00e9tal de couleur gris clair, il est tr\u00e8s pratique et \u00e9l\u00e9gant avec ses deux \u00e9tag\u00e8res. Il vous permettra de remettre un peu d&#8217;ordre dans vos p\u00e9riodes cr\u00e9atives, [&hellip;]<\/p>\n","protected":false},"featured_media":1093091,"template":"","meta":{"_acf_changed":false,"inline_featured_image":false},"product_brand":[],"product_cat":[6379,4153,4960,4154],"product_tag":[],"class_list":{"0":"post-807736","1":"product","2":"type-product","3":"status-publish","4":"has-post-thumbnail","6":"product_cat-always-a-twist-fr","7":"product_cat-espace-de-travail-fr","8":"product_cat-rangement-fr","9":"product_cat-fournitures-de-bureau-fr","10":"product_shipping_class-pk","12":"pa_color-gris-clair-2","13":"pa_material-fer-fr","15":"first","16":"instock","17":"taxable","18":"shipping-taxable","19":"purchasable","20":"product-type-simple"},"exclude_global_add_ons":[],"addons":[],"acf":[],"yoast_head":"<!-- This site is optimized with the Yoast SEO plugin v26.4 - https:\/\/yoast.com\/wordpress\/plugins\/seo\/ -->\n<title>Sortit Bac \u00e0 papier Gris clair - H\u00fcbsch<\/title>\n<meta name=\"description\" content=\"Vous souvenez-vous de ces bacs \u00e0 papier des ann\u00e9es 70 en plastique color\u00e9 ? Le bac \u00e0 papier Sortit en est la version revisit\u00e9e du 21e si\u00e8cle. En m\u00e9tal de\" \/>\n<meta name=\"robots\" content=\"index, follow, max-snippet:-1, max-image-preview:large, max-video-preview:-1\" \/>\n<link rel=\"canonical\" href=\"https:\/\/hubsch-interior.com\/fr\/wp-json\/wp\/v2\/product\/807736\" \/>\n<meta property=\"og:locale\" content=\"fr_FR\" \/>\n<meta property=\"og:type\" content=\"article\" \/>\n<meta property=\"og:title\" content=\"Sortit Bac \u00e0 papier Gris clair - H\u00fcbsch\" \/>\n<meta property=\"og:description\" content=\"Vous souvenez-vous de ces bacs \u00e0 papier des ann\u00e9es 70 en plastique color\u00e9 ? Le bac \u00e0 papier Sortit en est la version revisit\u00e9e du 21e si\u00e8cle. En m\u00e9tal de\" \/>\n<meta property=\"og:url\" content=\"https:\/\/hubsch-interior.com\/fr\/produit\/sortit-bac-a-papier-gris-clair\/\" \/>\n<meta property=\"og:site_name\" content=\"H\u00fcbsch\" \/>\n<meta property=\"article:modified_time\" content=\"2026-04-09T02:17:57+00:00\" \/>\n<meta property=\"og:image\" content=\"https:\/\/hubsch-interior.com\/wp-content\/uploads\/2023\/08\/sortit-paper-tray-light-grey-31070d399deb526c97b16c09f267a08c.jpg\" \/>\n\t<meta property=\"og:image:width\" content=\"1200\" \/>\n\t<meta property=\"og:image:height\" content=\"1200\" \/>\n\t<meta property=\"og:image:type\" content=\"image\/jpeg\" \/>\n<meta name=\"twitter:card\" content=\"summary_large_image\" \/>\n<meta name=\"twitter:label1\" content=\"Dur\u00e9e de lecture estim\u00e9e\" \/>\n\t<meta name=\"twitter:data1\" content=\"1 minute\" \/>\n<script type=\"application\/ld+json\" class=\"yoast-schema-graph\">{\"@context\":\"https:\/\/schema.org\",\"@graph\":[{\"@type\":\"WebPage\",\"@id\":\"https:\/\/hubsch-interior.com\/fr\/produit\/sortit-bac-a-papier-gris-clair\/\",\"url\":\"https:\/\/hubsch-interior.com\/fr\/produit\/sortit-bac-a-papier-gris-clair\/\",\"name\":\"Sortit Bac \u00e0 papier Gris clair - H\u00fcbsch\",\"isPartOf\":{\"@id\":\"https:\/\/hubsch-interior.com\/fr\/#website\"},\"primaryImageOfPage\":{\"@id\":\"https:\/\/hubsch-interior.com\/fr\/produit\/sortit-bac-a-papier-gris-clair\/#primaryimage\"},\"image\":{\"@id\":\"https:\/\/hubsch-interior.com\/fr\/produit\/sortit-bac-a-papier-gris-clair\/#primaryimage\"},\"thumbnailUrl\":\"https:\/\/hubsch-interior.com\/wp-content\/uploads\/2026\/02\/sortit-paper-tray-light-grey-f9f17fc14f0fa3c3fe85f5e1b86145bf.jpg\",\"datePublished\":\"2022-08-23T12:22:54+00:00\",\"dateModified\":\"2026-04-09T02:17:57+00:00\",\"description\":\"Vous souvenez-vous de ces bacs \u00e0 papier des ann\u00e9es 70 en plastique color\u00e9 ? Le bac \u00e0 papier Sortit en est la version revisit\u00e9e du 21e si\u00e8cle. En m\u00e9tal de\",\"breadcrumb\":{\"@id\":\"https:\/\/hubsch-interior.com\/fr\/produit\/sortit-bac-a-papier-gris-clair\/#breadcrumb\"},\"inLanguage\":\"fr-FR\",\"potentialAction\":[{\"@type\":\"ReadAction\",\"target\":[\"https:\/\/hubsch-interior.com\/fr\/produit\/sortit-bac-a-papier-gris-clair\/\"]}]},{\"@type\":\"ImageObject\",\"inLanguage\":\"fr-FR\",\"@id\":\"https:\/\/hubsch-interior.com\/fr\/produit\/sortit-bac-a-papier-gris-clair\/#primaryimage\",\"url\":\"https:\/\/hubsch-interior.com\/wp-content\/uploads\/2026\/02\/sortit-paper-tray-light-grey-f9f17fc14f0fa3c3fe85f5e1b86145bf.jpg\",\"contentUrl\":\"https:\/\/hubsch-interior.com\/wp-content\/uploads\/2026\/02\/sortit-paper-tray-light-grey-f9f17fc14f0fa3c3fe85f5e1b86145bf.jpg\",\"width\":1024,\"height\":1024},{\"@type\":\"BreadcrumbList\",\"@id\":\"https:\/\/hubsch-interior.com\/fr\/produit\/sortit-bac-a-papier-gris-clair\/#breadcrumb\",\"itemListElement\":[{\"@type\":\"ListItem\",\"position\":1,\"name\":\"Page d'accueil\",\"item\":\"https:\/\/hubsch-interior.com\/fr\/\"},{\"@type\":\"ListItem\",\"position\":2,\"name\":\"Produits\",\"item\":\"https:\/\/hubsch-interior.com\/fr\/shop-2\/\"},{\"@type\":\"ListItem\",\"position\":3,\"name\":\"Accessoires maison\",\"item\":\"https:\/\/hubsch-interior.com\/fr\/categorie-produit\/accessoires-maison\/\"},{\"@type\":\"ListItem\",\"position\":4,\"name\":\"Espace de travail\",\"item\":\"https:\/\/hubsch-interior.com\/fr\/categorie-produit\/accessoires-maison\/espace-de-travail-fr\/\"},{\"@type\":\"ListItem\",\"position\":5,\"name\":\"Rangement\",\"item\":\"https:\/\/hubsch-interior.com\/fr\/categorie-produit\/accessoires-maison\/espace-de-travail-fr\/rangement-fr\/\"},{\"@type\":\"ListItem\",\"position\":6,\"name\":\"Sortit Bac \u00e0 papier Gris clair\"}]},{\"@type\":\"WebSite\",\"@id\":\"https:\/\/hubsch-interior.com\/fr\/#website\",\"url\":\"https:\/\/hubsch-interior.com\/fr\/\",\"name\":\"H\u00fcbsch\",\"description\":\"Danish Home Interior and Design\",\"publisher\":{\"@id\":\"https:\/\/hubsch-interior.com\/fr\/#organization\"},\"potentialAction\":[{\"@type\":\"SearchAction\",\"target\":{\"@type\":\"EntryPoint\",\"urlTemplate\":\"https:\/\/hubsch-interior.com\/fr\/?s={search_term_string}\"},\"query-input\":{\"@type\":\"PropertyValueSpecification\",\"valueRequired\":true,\"valueName\":\"search_term_string\"}}],\"inLanguage\":\"fr-FR\"},{\"@type\":\"Organization\",\"@id\":\"https:\/\/hubsch-interior.com\/fr\/#organization\",\"name\":\"H\u00fcbsch\",\"url\":\"https:\/\/hubsch-interior.com\/fr\/\",\"logo\":{\"@type\":\"ImageObject\",\"inLanguage\":\"fr-FR\",\"@id\":\"https:\/\/hubsch-interior.com\/fr\/#\/schema\/logo\/image\/\",\"url\":\"https:\/\/hubsch-interior.com\/wp-content\/uploads\/2022\/12\/Hubsch_logo_black_one_line.svg\",\"contentUrl\":\"https:\/\/hubsch-interior.com\/wp-content\/uploads\/2022\/12\/Hubsch_logo_black_one_line.svg\",\"caption\":\"H\u00fcbsch\"},\"image\":{\"@id\":\"https:\/\/hubsch-interior.com\/fr\/#\/schema\/logo\/image\/\"}}]}<\/script>\n<!-- \/ Yoast SEO plugin. -->","yoast_head_json":{"title":"Sortit Bac \u00e0 papier Gris clair - H\u00fcbsch","description":"Vous souvenez-vous de ces bacs \u00e0 papier des ann\u00e9es 70 en plastique color\u00e9 ? Le bac \u00e0 papier Sortit en est la version revisit\u00e9e du 21e si\u00e8cle. En m\u00e9tal de","robots":{"index":"index","follow":"follow","max-snippet":"max-snippet:-1","max-image-preview":"max-image-preview:large","max-video-preview":"max-video-preview:-1"},"canonical":"https:\/\/hubsch-interior.com\/fr\/wp-json\/wp\/v2\/product\/807736","og_locale":"fr_FR","og_type":"article","og_title":"Sortit Bac \u00e0 papier Gris clair - H\u00fcbsch","og_description":"Vous souvenez-vous de ces bacs \u00e0 papier des ann\u00e9es 70 en plastique color\u00e9 ? Le bac \u00e0 papier Sortit en est la version revisit\u00e9e du 21e si\u00e8cle. En m\u00e9tal de","og_url":"https:\/\/hubsch-interior.com\/fr\/produit\/sortit-bac-a-papier-gris-clair\/","og_site_name":"H\u00fcbsch","article_modified_time":"2026-04-09T02:17:57+00:00","og_image":[{"width":1200,"height":1200,"url":"https:\/\/hubsch-interior.com\/wp-content\/uploads\/2023\/08\/sortit-paper-tray-light-grey-31070d399deb526c97b16c09f267a08c.jpg","type":"image\/jpeg"}],"twitter_card":"summary_large_image","twitter_misc":{"Dur\u00e9e de lecture estim\u00e9e":"1 minute"},"schema":{"@context":"https:\/\/schema.org","@graph":[{"@type":"WebPage","@id":"https:\/\/hubsch-interior.com\/fr\/produit\/sortit-bac-a-papier-gris-clair\/","url":"https:\/\/hubsch-interior.com\/fr\/produit\/sortit-bac-a-papier-gris-clair\/","name":"Sortit Bac \u00e0 papier Gris clair - H\u00fcbsch","isPartOf":{"@id":"https:\/\/hubsch-interior.com\/fr\/#website"},"primaryImageOfPage":{"@id":"https:\/\/hubsch-interior.com\/fr\/produit\/sortit-bac-a-papier-gris-clair\/#primaryimage"},"image":{"@id":"https:\/\/hubsch-interior.com\/fr\/produit\/sortit-bac-a-papier-gris-clair\/#primaryimage"},"thumbnailUrl":"https:\/\/hubsch-interior.com\/wp-content\/uploads\/2026\/02\/sortit-paper-tray-light-grey-f9f17fc14f0fa3c3fe85f5e1b86145bf.jpg","datePublished":"2022-08-23T12:22:54+00:00","dateModified":"2026-04-09T02:17:57+00:00","description":"Vous souvenez-vous de ces bacs \u00e0 papier des ann\u00e9es 70 en plastique color\u00e9 ? Le bac \u00e0 papier Sortit en est la version revisit\u00e9e du 21e si\u00e8cle. En m\u00e9tal de","breadcrumb":{"@id":"https:\/\/hubsch-interior.com\/fr\/produit\/sortit-bac-a-papier-gris-clair\/#breadcrumb"},"inLanguage":"fr-FR","potentialAction":[{"@type":"ReadAction","target":["https:\/\/hubsch-interior.com\/fr\/produit\/sortit-bac-a-papier-gris-clair\/"]}]},{"@type":"ImageObject","inLanguage":"fr-FR","@id":"https:\/\/hubsch-interior.com\/fr\/produit\/sortit-bac-a-papier-gris-clair\/#primaryimage","url":"https:\/\/hubsch-interior.com\/wp-content\/uploads\/2026\/02\/sortit-paper-tray-light-grey-f9f17fc14f0fa3c3fe85f5e1b86145bf.jpg","contentUrl":"https:\/\/hubsch-interior.com\/wp-content\/uploads\/2026\/02\/sortit-paper-tray-light-grey-f9f17fc14f0fa3c3fe85f5e1b86145bf.jpg","width":1024,"height":1024},{"@type":"BreadcrumbList","@id":"https:\/\/hubsch-interior.com\/fr\/produit\/sortit-bac-a-papier-gris-clair\/#breadcrumb","itemListElement":[{"@type":"ListItem","position":1,"name":"Page d'accueil","item":"https:\/\/hubsch-interior.com\/fr\/"},{"@type":"ListItem","position":2,"name":"Produits","item":"https:\/\/hubsch-interior.com\/fr\/shop-2\/"},{"@type":"ListItem","position":3,"name":"Accessoires maison","item":"https:\/\/hubsch-interior.com\/fr\/categorie-produit\/accessoires-maison\/"},{"@type":"ListItem","position":4,"name":"Espace de travail","item":"https:\/\/hubsch-interior.com\/fr\/categorie-produit\/accessoires-maison\/espace-de-travail-fr\/"},{"@type":"ListItem","position":5,"name":"Rangement","item":"https:\/\/hubsch-interior.com\/fr\/categorie-produit\/accessoires-maison\/espace-de-travail-fr\/rangement-fr\/"},{"@type":"ListItem","position":6,"name":"Sortit Bac \u00e0 papier Gris clair"}]},{"@type":"WebSite","@id":"https:\/\/hubsch-interior.com\/fr\/#website","url":"https:\/\/hubsch-interior.com\/fr\/","name":"H\u00fcbsch","description":"Danish Home Interior and Design","publisher":{"@id":"https:\/\/hubsch-interior.com\/fr\/#organization"},"potentialAction":[{"@type":"SearchAction","target":{"@type":"EntryPoint","urlTemplate":"https:\/\/hubsch-interior.com\/fr\/?s={search_term_string}"},"query-input":{"@type":"PropertyValueSpecification","valueRequired":true,"valueName":"search_term_string"}}],"inLanguage":"fr-FR"},{"@type":"Organization","@id":"https:\/\/hubsch-interior.com\/fr\/#organization","name":"H\u00fcbsch","url":"https:\/\/hubsch-interior.com\/fr\/","logo":{"@type":"ImageObject","inLanguage":"fr-FR","@id":"https:\/\/hubsch-interior.com\/fr\/#\/schema\/logo\/image\/","url":"https:\/\/hubsch-interior.com\/wp-content\/uploads\/2022\/12\/Hubsch_logo_black_one_line.svg","contentUrl":"https:\/\/hubsch-interior.com\/wp-content\/uploads\/2022\/12\/Hubsch_logo_black_one_line.svg","caption":"H\u00fcbsch"},"image":{"@id":"https:\/\/hubsch-interior.com\/fr\/#\/schema\/logo\/image\/"}}]}},"_links":{"self":[{"href":"https:\/\/hubsch-interior.com\/fr\/wp-json\/wp\/v2\/product\/807736","targetHints":{"allow":["GET"]}}],"collection":[{"href":"https:\/\/hubsch-interior.com\/fr\/wp-json\/wp\/v2\/product"}],"about":[{"href":"https:\/\/hubsch-interior.com\/fr\/wp-json\/wp\/v2\/types\/product"}],"wp:featuredmedia":[{"embeddable":true,"href":"https:\/\/hubsch-interior.com\/fr\/wp-json\/wp\/v2\/media\/1093091"}],"wp:attachment":[{"href":"https:\/\/hubsch-interior.com\/fr\/wp-json\/wp\/v2\/media?parent=807736"}],"wp:term":[{"taxonomy":"product_brand","embeddable":true,"href":"https:\/\/hubsch-interior.com\/fr\/wp-json\/wp\/v2\/product_brand?post=807736"},{"taxonomy":"product_cat","embeddable":true,"href":"https:\/\/hubsch-interior.com\/fr\/wp-json\/wp\/v2\/product_cat?post=807736"},{"taxonomy":"product_tag","embeddable":true,"href":"https:\/\/hubsch-interior.com\/fr\/wp-json\/wp\/v2\/product_tag?post=807736"}],"curies":[{"name":"wp","href":"https:\/\/api.w.org\/{rel}","templated":true}]}}