{"id":807776,"date":"2022-08-23T14:24:00","date_gmt":"2022-08-23T12:24:00","guid":{"rendered":"https:\/\/hubsch-interior.com\/product\/product\/"},"modified":"2026-04-05T04:18:05","modified_gmt":"2026-04-05T02:18:05","slug":"care-porte-photo-small-gris-clair","status":"publish","type":"product","link":"https:\/\/hubsch-interior.com\/fr\/produit\/care-porte-photo-small-gris-clair\/","title":{"rendered":"Care Porte-photo Small Gris clair"},"content":{"rendered":"<p>Livres, tirages photos, souvenirs et photos personnelles s&#8217;accordent parfaitement avec cette \u00e9tag\u00e8re murale en m\u00e9tal gris clair. Simple et minimaliste avec une \u00e9l\u00e9gante touche industrielle, cette \u00e9tag\u00e8re est un \u00e9l\u00e9ment qui va sublimer votre d\u00e9coration. Et son rebord est plut\u00f4t rassurant afin que tous vos objets restent stables sur l&#8217;\u00e9tag\u00e8re. Si vous \u00eates une personne qui aimez changer souvent d&#8217;ambiance, comme nous chez H\u00fcbsch, une \u00e9tag\u00e8re photo est un accessoire facile \u00e0 poser pour cr\u00e9er de petits changements dans votre int\u00e9rieur qui auront un effet tr\u00e8s sympa sur votre d\u00e9co.<\/p>\n","protected":false},"excerpt":{"rendered":"<p>Livres, tirages photos, souvenirs et photos personnelles s&#8217;accordent parfaitement avec cette \u00e9tag\u00e8re murale en m\u00e9tal gris clair. Simple et minimaliste avec une \u00e9l\u00e9gante touche industrielle, cette \u00e9tag\u00e8re est un \u00e9l\u00e9ment qui va sublimer votre d\u00e9coration. Et son rebord est plut\u00f4t rassurant afin que tous vos objets restent stables sur l&#8217;\u00e9tag\u00e8re. Si vous \u00eates une personne [&hellip;]<\/p>\n","protected":false},"featured_media":1093342,"template":"","meta":{"_acf_changed":false,"inline_featured_image":false},"product_brand":[],"product_cat":[6379,7071,7072,4001,4023,6535],"product_tag":[],"class_list":{"0":"post-807776","1":"product","2":"type-product","3":"status-publish","4":"has-post-thumbnail","6":"product_cat-always-a-twist-fr","7":"product_cat-crochets-et-etageres-fr","8":"product_cat-cuisine-crochets-fr","9":"product_cat-etageres-et-meubles-de-rangement-fr","10":"product_cat-etageres-murales-fr","11":"product_cat-outlet-fr","12":"product_shipping_class-pk","14":"pa_color-gris-clair-2","15":"pa_material-fer-fr","17":"first","18":"instock","19":"sale","20":"taxable","21":"shipping-taxable","22":"purchasable","23":"product-type-simple"},"exclude_global_add_ons":[],"addons":[],"acf":[],"yoast_head":"<!-- This site is optimized with the Yoast SEO plugin v26.4 - https:\/\/yoast.com\/wordpress\/plugins\/seo\/ -->\n<title>Care Porte-photo Small Gris clair - H\u00fcbsch<\/title>\n<meta name=\"description\" content=\"Livres, tirages photos, souvenirs et photos personnelles s&#039;accordent parfaitement avec cette \u00e9tag\u00e8re murale en m\u00e9tal gris clair. Simple et minimaliste\" \/>\n<meta name=\"robots\" content=\"index, follow, max-snippet:-1, max-image-preview:large, max-video-preview:-1\" \/>\n<link rel=\"canonical\" href=\"https:\/\/hubsch-interior.com\/fr\/wp-json\/wp\/v2\/product\/807776\" \/>\n<meta property=\"og:locale\" content=\"fr_FR\" \/>\n<meta property=\"og:type\" content=\"article\" \/>\n<meta property=\"og:title\" content=\"Care Porte-photo Small Gris clair - H\u00fcbsch\" \/>\n<meta property=\"og:description\" content=\"Livres, tirages photos, souvenirs et photos personnelles s&#039;accordent parfaitement avec cette \u00e9tag\u00e8re murale en m\u00e9tal gris clair. Simple et minimaliste\" \/>\n<meta property=\"og:url\" content=\"https:\/\/hubsch-interior.com\/fr\/produit\/care-porte-photo-small-gris-clair\/\" \/>\n<meta property=\"og:site_name\" content=\"H\u00fcbsch\" \/>\n<meta property=\"article:modified_time\" content=\"2026-04-05T02:18:05+00:00\" \/>\n<meta property=\"og:image\" content=\"https:\/\/hubsch-interior.com\/wp-content\/uploads\/2023\/08\/care-photo-shelf-small-light-grey-70fdd61ec816ee808e6fd9a822a86d40.jpg\" \/>\n\t<meta property=\"og:image:width\" content=\"1200\" \/>\n\t<meta property=\"og:image:height\" content=\"1200\" \/>\n\t<meta property=\"og:image:type\" content=\"image\/jpeg\" \/>\n<meta name=\"twitter:card\" content=\"summary_large_image\" \/>\n<meta name=\"twitter:label1\" content=\"Dur\u00e9e de lecture estim\u00e9e\" \/>\n\t<meta name=\"twitter:data1\" content=\"1 minute\" \/>\n<script type=\"application\/ld+json\" class=\"yoast-schema-graph\">{\"@context\":\"https:\/\/schema.org\",\"@graph\":[{\"@type\":\"WebPage\",\"@id\":\"https:\/\/hubsch-interior.com\/fr\/produit\/care-porte-photo-small-gris-clair\/\",\"url\":\"https:\/\/hubsch-interior.com\/fr\/produit\/care-porte-photo-small-gris-clair\/\",\"name\":\"Care Porte-photo Small Gris clair - H\u00fcbsch\",\"isPartOf\":{\"@id\":\"https:\/\/hubsch-interior.com\/fr\/#website\"},\"primaryImageOfPage\":{\"@id\":\"https:\/\/hubsch-interior.com\/fr\/produit\/care-porte-photo-small-gris-clair\/#primaryimage\"},\"image\":{\"@id\":\"https:\/\/hubsch-interior.com\/fr\/produit\/care-porte-photo-small-gris-clair\/#primaryimage\"},\"thumbnailUrl\":\"https:\/\/hubsch-interior.com\/wp-content\/uploads\/2026\/02\/care-photo-shelf-small-light-grey-2ce6cef799eb51bd2134b08737536f11.jpg\",\"datePublished\":\"2022-08-23T12:24:00+00:00\",\"dateModified\":\"2026-04-05T02:18:05+00:00\",\"description\":\"Livres, tirages photos, souvenirs et photos personnelles s'accordent parfaitement avec cette \u00e9tag\u00e8re murale en m\u00e9tal gris clair. Simple et minimaliste\",\"breadcrumb\":{\"@id\":\"https:\/\/hubsch-interior.com\/fr\/produit\/care-porte-photo-small-gris-clair\/#breadcrumb\"},\"inLanguage\":\"fr-FR\",\"potentialAction\":[{\"@type\":\"ReadAction\",\"target\":[\"https:\/\/hubsch-interior.com\/fr\/produit\/care-porte-photo-small-gris-clair\/\"]}]},{\"@type\":\"ImageObject\",\"inLanguage\":\"fr-FR\",\"@id\":\"https:\/\/hubsch-interior.com\/fr\/produit\/care-porte-photo-small-gris-clair\/#primaryimage\",\"url\":\"https:\/\/hubsch-interior.com\/wp-content\/uploads\/2026\/02\/care-photo-shelf-small-light-grey-2ce6cef799eb51bd2134b08737536f11.jpg\",\"contentUrl\":\"https:\/\/hubsch-interior.com\/wp-content\/uploads\/2026\/02\/care-photo-shelf-small-light-grey-2ce6cef799eb51bd2134b08737536f11.jpg\",\"width\":1024,\"height\":1024},{\"@type\":\"BreadcrumbList\",\"@id\":\"https:\/\/hubsch-interior.com\/fr\/produit\/care-porte-photo-small-gris-clair\/#breadcrumb\",\"itemListElement\":[{\"@type\":\"ListItem\",\"position\":1,\"name\":\"Page d'accueil\",\"item\":\"https:\/\/hubsch-interior.com\/fr\/\"},{\"@type\":\"ListItem\",\"position\":2,\"name\":\"Produits\",\"item\":\"https:\/\/hubsch-interior.com\/fr\/shop-2\/\"},{\"@type\":\"ListItem\",\"position\":3,\"name\":\"Meubles\",\"item\":\"https:\/\/hubsch-interior.com\/fr\/categorie-produit\/meubles\/\"},{\"@type\":\"ListItem\",\"position\":4,\"name\":\"Etag&egrave;res et meubles de rangement\",\"item\":\"https:\/\/hubsch-interior.com\/fr\/categorie-produit\/meubles\/etageres-et-meubles-de-rangement-fr\/\"},{\"@type\":\"ListItem\",\"position\":5,\"name\":\"Etag&egrave;res murales\",\"item\":\"https:\/\/hubsch-interior.com\/fr\/categorie-produit\/meubles\/etageres-et-meubles-de-rangement-fr\/etageres-murales-fr\/\"},{\"@type\":\"ListItem\",\"position\":6,\"name\":\"Care Porte-photo Small Gris clair\"}]},{\"@type\":\"WebSite\",\"@id\":\"https:\/\/hubsch-interior.com\/fr\/#website\",\"url\":\"https:\/\/hubsch-interior.com\/fr\/\",\"name\":\"H\u00fcbsch\",\"description\":\"Danish Home Interior and Design\",\"publisher\":{\"@id\":\"https:\/\/hubsch-interior.com\/fr\/#organization\"},\"potentialAction\":[{\"@type\":\"SearchAction\",\"target\":{\"@type\":\"EntryPoint\",\"urlTemplate\":\"https:\/\/hubsch-interior.com\/fr\/?s={search_term_string}\"},\"query-input\":{\"@type\":\"PropertyValueSpecification\",\"valueRequired\":true,\"valueName\":\"search_term_string\"}}],\"inLanguage\":\"fr-FR\"},{\"@type\":\"Organization\",\"@id\":\"https:\/\/hubsch-interior.com\/fr\/#organization\",\"name\":\"H\u00fcbsch\",\"url\":\"https:\/\/hubsch-interior.com\/fr\/\",\"logo\":{\"@type\":\"ImageObject\",\"inLanguage\":\"fr-FR\",\"@id\":\"https:\/\/hubsch-interior.com\/fr\/#\/schema\/logo\/image\/\",\"url\":\"https:\/\/hubsch-interior.com\/wp-content\/uploads\/2022\/12\/Hubsch_logo_black_one_line.svg\",\"contentUrl\":\"https:\/\/hubsch-interior.com\/wp-content\/uploads\/2022\/12\/Hubsch_logo_black_one_line.svg\",\"caption\":\"H\u00fcbsch\"},\"image\":{\"@id\":\"https:\/\/hubsch-interior.com\/fr\/#\/schema\/logo\/image\/\"}}]}<\/script>\n<!-- \/ Yoast SEO plugin. -->","yoast_head_json":{"title":"Care Porte-photo Small Gris clair - H\u00fcbsch","description":"Livres, tirages photos, souvenirs et photos personnelles s'accordent parfaitement avec cette \u00e9tag\u00e8re murale en m\u00e9tal gris clair. Simple et minimaliste","robots":{"index":"index","follow":"follow","max-snippet":"max-snippet:-1","max-image-preview":"max-image-preview:large","max-video-preview":"max-video-preview:-1"},"canonical":"https:\/\/hubsch-interior.com\/fr\/wp-json\/wp\/v2\/product\/807776","og_locale":"fr_FR","og_type":"article","og_title":"Care Porte-photo Small Gris clair - H\u00fcbsch","og_description":"Livres, tirages photos, souvenirs et photos personnelles s'accordent parfaitement avec cette \u00e9tag\u00e8re murale en m\u00e9tal gris clair. Simple et minimaliste","og_url":"https:\/\/hubsch-interior.com\/fr\/produit\/care-porte-photo-small-gris-clair\/","og_site_name":"H\u00fcbsch","article_modified_time":"2026-04-05T02:18:05+00:00","og_image":[{"width":1200,"height":1200,"url":"https:\/\/hubsch-interior.com\/wp-content\/uploads\/2023\/08\/care-photo-shelf-small-light-grey-70fdd61ec816ee808e6fd9a822a86d40.jpg","type":"image\/jpeg"}],"twitter_card":"summary_large_image","twitter_misc":{"Dur\u00e9e de lecture estim\u00e9e":"1 minute"},"schema":{"@context":"https:\/\/schema.org","@graph":[{"@type":"WebPage","@id":"https:\/\/hubsch-interior.com\/fr\/produit\/care-porte-photo-small-gris-clair\/","url":"https:\/\/hubsch-interior.com\/fr\/produit\/care-porte-photo-small-gris-clair\/","name":"Care Porte-photo Small Gris clair - H\u00fcbsch","isPartOf":{"@id":"https:\/\/hubsch-interior.com\/fr\/#website"},"primaryImageOfPage":{"@id":"https:\/\/hubsch-interior.com\/fr\/produit\/care-porte-photo-small-gris-clair\/#primaryimage"},"image":{"@id":"https:\/\/hubsch-interior.com\/fr\/produit\/care-porte-photo-small-gris-clair\/#primaryimage"},"thumbnailUrl":"https:\/\/hubsch-interior.com\/wp-content\/uploads\/2026\/02\/care-photo-shelf-small-light-grey-2ce6cef799eb51bd2134b08737536f11.jpg","datePublished":"2022-08-23T12:24:00+00:00","dateModified":"2026-04-05T02:18:05+00:00","description":"Livres, tirages photos, souvenirs et photos personnelles s'accordent parfaitement avec cette \u00e9tag\u00e8re murale en m\u00e9tal gris clair. Simple et minimaliste","breadcrumb":{"@id":"https:\/\/hubsch-interior.com\/fr\/produit\/care-porte-photo-small-gris-clair\/#breadcrumb"},"inLanguage":"fr-FR","potentialAction":[{"@type":"ReadAction","target":["https:\/\/hubsch-interior.com\/fr\/produit\/care-porte-photo-small-gris-clair\/"]}]},{"@type":"ImageObject","inLanguage":"fr-FR","@id":"https:\/\/hubsch-interior.com\/fr\/produit\/care-porte-photo-small-gris-clair\/#primaryimage","url":"https:\/\/hubsch-interior.com\/wp-content\/uploads\/2026\/02\/care-photo-shelf-small-light-grey-2ce6cef799eb51bd2134b08737536f11.jpg","contentUrl":"https:\/\/hubsch-interior.com\/wp-content\/uploads\/2026\/02\/care-photo-shelf-small-light-grey-2ce6cef799eb51bd2134b08737536f11.jpg","width":1024,"height":1024},{"@type":"BreadcrumbList","@id":"https:\/\/hubsch-interior.com\/fr\/produit\/care-porte-photo-small-gris-clair\/#breadcrumb","itemListElement":[{"@type":"ListItem","position":1,"name":"Page d'accueil","item":"https:\/\/hubsch-interior.com\/fr\/"},{"@type":"ListItem","position":2,"name":"Produits","item":"https:\/\/hubsch-interior.com\/fr\/shop-2\/"},{"@type":"ListItem","position":3,"name":"Meubles","item":"https:\/\/hubsch-interior.com\/fr\/categorie-produit\/meubles\/"},{"@type":"ListItem","position":4,"name":"Etag&egrave;res et meubles de rangement","item":"https:\/\/hubsch-interior.com\/fr\/categorie-produit\/meubles\/etageres-et-meubles-de-rangement-fr\/"},{"@type":"ListItem","position":5,"name":"Etag&egrave;res murales","item":"https:\/\/hubsch-interior.com\/fr\/categorie-produit\/meubles\/etageres-et-meubles-de-rangement-fr\/etageres-murales-fr\/"},{"@type":"ListItem","position":6,"name":"Care Porte-photo Small Gris clair"}]},{"@type":"WebSite","@id":"https:\/\/hubsch-interior.com\/fr\/#website","url":"https:\/\/hubsch-interior.com\/fr\/","name":"H\u00fcbsch","description":"Danish Home Interior and Design","publisher":{"@id":"https:\/\/hubsch-interior.com\/fr\/#organization"},"potentialAction":[{"@type":"SearchAction","target":{"@type":"EntryPoint","urlTemplate":"https:\/\/hubsch-interior.com\/fr\/?s={search_term_string}"},"query-input":{"@type":"PropertyValueSpecification","valueRequired":true,"valueName":"search_term_string"}}],"inLanguage":"fr-FR"},{"@type":"Organization","@id":"https:\/\/hubsch-interior.com\/fr\/#organization","name":"H\u00fcbsch","url":"https:\/\/hubsch-interior.com\/fr\/","logo":{"@type":"ImageObject","inLanguage":"fr-FR","@id":"https:\/\/hubsch-interior.com\/fr\/#\/schema\/logo\/image\/","url":"https:\/\/hubsch-interior.com\/wp-content\/uploads\/2022\/12\/Hubsch_logo_black_one_line.svg","contentUrl":"https:\/\/hubsch-interior.com\/wp-content\/uploads\/2022\/12\/Hubsch_logo_black_one_line.svg","caption":"H\u00fcbsch"},"image":{"@id":"https:\/\/hubsch-interior.com\/fr\/#\/schema\/logo\/image\/"}}]}},"_links":{"self":[{"href":"https:\/\/hubsch-interior.com\/fr\/wp-json\/wp\/v2\/product\/807776","targetHints":{"allow":["GET"]}}],"collection":[{"href":"https:\/\/hubsch-interior.com\/fr\/wp-json\/wp\/v2\/product"}],"about":[{"href":"https:\/\/hubsch-interior.com\/fr\/wp-json\/wp\/v2\/types\/product"}],"wp:featuredmedia":[{"embeddable":true,"href":"https:\/\/hubsch-interior.com\/fr\/wp-json\/wp\/v2\/media\/1093342"}],"wp:attachment":[{"href":"https:\/\/hubsch-interior.com\/fr\/wp-json\/wp\/v2\/media?parent=807776"}],"wp:term":[{"taxonomy":"product_brand","embeddable":true,"href":"https:\/\/hubsch-interior.com\/fr\/wp-json\/wp\/v2\/product_brand?post=807776"},{"taxonomy":"product_cat","embeddable":true,"href":"https:\/\/hubsch-interior.com\/fr\/wp-json\/wp\/v2\/product_cat?post=807776"},{"taxonomy":"product_tag","embeddable":true,"href":"https:\/\/hubsch-interior.com\/fr\/wp-json\/wp\/v2\/product_tag?post=807776"}],"curies":[{"name":"wp","href":"https:\/\/api.w.org\/{rel}","templated":true}]}}