{"id":807816,"date":"2022-08-23T14:24:19","date_gmt":"2022-08-23T12:24:19","guid":{"rendered":"https:\/\/hubsch-interior.com\/product\/product\/"},"modified":"2026-04-09T04:18:10","modified_gmt":"2026-04-09T02:18:10","slug":"jaunty-table-d-vert-naturel","status":"publish","type":"product","link":"https:\/\/hubsch-interior.com\/fr\/produit\/jaunty-table-d-vert-naturel\/","title":{"rendered":"Jaunty Table d Vert\/Naturel"},"content":{"rendered":"<p>Le vert et le ch\u00eane s&#8217;associent parfaitement : la preuve avec cette table d&#8217;appoint Jaunty. Ce duo parfait de bois certifi\u00e9 FSC\u00ae et de m\u00e9tal vert vous transporte directement vers une atmosph\u00e8re nordique plut\u00f4t cool avec une touche d&#8217;originalit\u00e9. Posez la table dans un endroit propice \u00e0 la d\u00e9tente, et ressentez cet \u00e9quilibre dans la pi\u00e8ce qui se cr\u00e9e autour de ces coloris vert et naturel. Et observez cet objet juste beau tel qu&#8217;il est et profitez !<\/p>\n","protected":false},"excerpt":{"rendered":"<p>Le vert et le ch\u00eane s&#8217;associent parfaitement : la preuve avec cette table d&#8217;appoint Jaunty. Ce duo parfait de bois certifi\u00e9 FSC\u00ae et de m\u00e9tal vert vous transporte directement vers une atmosph\u00e8re nordique plut\u00f4t cool avec une touche d&#8217;originalit\u00e9. Posez la table dans un endroit propice \u00e0 la d\u00e9tente, et ressentez cet \u00e9quilibre dans la [&hellip;]<\/p>\n","protected":false},"featured_media":1093359,"template":"","meta":{"_acf_changed":false,"inline_featured_image":false},"product_brand":[],"product_cat":[6379,6322,6535,2859,4027],"product_tag":[],"class_list":{"0":"post-807816","1":"product","2":"type-product","3":"status-publish","4":"has-post-thumbnail","6":"product_cat-always-a-twist-fr","7":"product_cat-fsc-fr","8":"product_cat-outlet-fr","9":"product_cat-tables-fr","10":"product_cat-tables-dappoint-fr","11":"product_shipping_class-pk","13":"pa_color-naturel-2","14":"pa_color-vert-2","15":"pa_material-fer-fr","16":"pa_material-mdf-fr","17":"pa_material-placage-de-chne-2","19":"first","20":"instock","21":"sale","22":"taxable","23":"shipping-taxable","24":"purchasable","25":"product-type-simple"},"exclude_global_add_ons":[],"addons":[],"acf":[],"yoast_head":"<!-- This site is optimized with the Yoast SEO plugin v26.4 - https:\/\/yoast.com\/wordpress\/plugins\/seo\/ -->\n<title>Jaunty Table d Vert\/Naturel - H\u00fcbsch<\/title>\n<meta name=\"description\" content=\"Le vert et le ch\u00eane s&#039;associent parfaitement : la preuve avec cette table d&#039;appoint Jaunty. Ce duo parfait de bois certifi\u00e9 FSC\u00ae et de m\u00e9tal vert vous\" \/>\n<meta name=\"robots\" content=\"index, follow, max-snippet:-1, max-image-preview:large, max-video-preview:-1\" \/>\n<link rel=\"canonical\" href=\"https:\/\/hubsch-interior.com\/fr\/wp-json\/wp\/v2\/product\/807816\" \/>\n<meta property=\"og:locale\" content=\"fr_FR\" \/>\n<meta property=\"og:type\" content=\"article\" \/>\n<meta property=\"og:title\" content=\"Jaunty Table d Vert\/Naturel - H\u00fcbsch\" \/>\n<meta property=\"og:description\" content=\"Le vert et le ch\u00eane s&#039;associent parfaitement : la preuve avec cette table d&#039;appoint Jaunty. Ce duo parfait de bois certifi\u00e9 FSC\u00ae et de m\u00e9tal vert vous\" \/>\n<meta property=\"og:url\" content=\"https:\/\/hubsch-interior.com\/fr\/produit\/jaunty-table-d-vert-naturel\/\" \/>\n<meta property=\"og:site_name\" content=\"H\u00fcbsch\" \/>\n<meta property=\"article:modified_time\" content=\"2026-04-09T02:18:10+00:00\" \/>\n<meta property=\"og:image\" content=\"https:\/\/hubsch-interior.com\/wp-content\/uploads\/2025\/05\/jaunty-side-table-greennatural-4f4d89459033da77c66d8eb29c5beb99.jpg\" \/>\n\t<meta property=\"og:image:width\" content=\"1200\" \/>\n\t<meta property=\"og:image:height\" content=\"1200\" \/>\n\t<meta property=\"og:image:type\" content=\"image\/jpeg\" \/>\n<meta name=\"twitter:card\" content=\"summary_large_image\" \/>\n<script type=\"application\/ld+json\" class=\"yoast-schema-graph\">{\"@context\":\"https:\/\/schema.org\",\"@graph\":[{\"@type\":\"WebPage\",\"@id\":\"https:\/\/hubsch-interior.com\/fr\/produit\/jaunty-table-d-vert-naturel\/\",\"url\":\"https:\/\/hubsch-interior.com\/fr\/produit\/jaunty-table-d-vert-naturel\/\",\"name\":\"Jaunty Table d Vert\/Naturel - H\u00fcbsch\",\"isPartOf\":{\"@id\":\"https:\/\/hubsch-interior.com\/fr\/#website\"},\"primaryImageOfPage\":{\"@id\":\"https:\/\/hubsch-interior.com\/fr\/produit\/jaunty-table-d-vert-naturel\/#primaryimage\"},\"image\":{\"@id\":\"https:\/\/hubsch-interior.com\/fr\/produit\/jaunty-table-d-vert-naturel\/#primaryimage\"},\"thumbnailUrl\":\"https:\/\/hubsch-interior.com\/wp-content\/uploads\/2026\/02\/jaunty-side-table-greennatural-52d0ed3cdc0155accb48ba5e75bb0f3d.jpg\",\"datePublished\":\"2022-08-23T12:24:19+00:00\",\"dateModified\":\"2026-04-09T02:18:10+00:00\",\"description\":\"Le vert et le ch\u00eane s'associent parfaitement : la preuve avec cette table d'appoint Jaunty. Ce duo parfait de bois certifi\u00e9 FSC\u00ae et de m\u00e9tal vert vous\",\"breadcrumb\":{\"@id\":\"https:\/\/hubsch-interior.com\/fr\/produit\/jaunty-table-d-vert-naturel\/#breadcrumb\"},\"inLanguage\":\"fr-FR\",\"potentialAction\":[{\"@type\":\"ReadAction\",\"target\":[\"https:\/\/hubsch-interior.com\/fr\/produit\/jaunty-table-d-vert-naturel\/\"]}]},{\"@type\":\"ImageObject\",\"inLanguage\":\"fr-FR\",\"@id\":\"https:\/\/hubsch-interior.com\/fr\/produit\/jaunty-table-d-vert-naturel\/#primaryimage\",\"url\":\"https:\/\/hubsch-interior.com\/wp-content\/uploads\/2026\/02\/jaunty-side-table-greennatural-52d0ed3cdc0155accb48ba5e75bb0f3d.jpg\",\"contentUrl\":\"https:\/\/hubsch-interior.com\/wp-content\/uploads\/2026\/02\/jaunty-side-table-greennatural-52d0ed3cdc0155accb48ba5e75bb0f3d.jpg\",\"width\":1024,\"height\":1024},{\"@type\":\"BreadcrumbList\",\"@id\":\"https:\/\/hubsch-interior.com\/fr\/produit\/jaunty-table-d-vert-naturel\/#breadcrumb\",\"itemListElement\":[{\"@type\":\"ListItem\",\"position\":1,\"name\":\"Page d'accueil\",\"item\":\"https:\/\/hubsch-interior.com\/fr\/\"},{\"@type\":\"ListItem\",\"position\":2,\"name\":\"Produits\",\"item\":\"https:\/\/hubsch-interior.com\/fr\/shop-2\/\"},{\"@type\":\"ListItem\",\"position\":3,\"name\":\"Meubles\",\"item\":\"https:\/\/hubsch-interior.com\/fr\/categorie-produit\/meubles\/\"},{\"@type\":\"ListItem\",\"position\":4,\"name\":\"Tables\",\"item\":\"https:\/\/hubsch-interior.com\/fr\/categorie-produit\/meubles\/tables-fr\/\"},{\"@type\":\"ListItem\",\"position\":5,\"name\":\"Tables d&#039;appoint\",\"item\":\"https:\/\/hubsch-interior.com\/fr\/categorie-produit\/meubles\/tables-fr\/tables-dappoint-fr\/\"},{\"@type\":\"ListItem\",\"position\":6,\"name\":\"Jaunty Table d Vert\/Naturel\"}]},{\"@type\":\"WebSite\",\"@id\":\"https:\/\/hubsch-interior.com\/fr\/#website\",\"url\":\"https:\/\/hubsch-interior.com\/fr\/\",\"name\":\"H\u00fcbsch\",\"description\":\"Danish Home Interior and Design\",\"publisher\":{\"@id\":\"https:\/\/hubsch-interior.com\/fr\/#organization\"},\"potentialAction\":[{\"@type\":\"SearchAction\",\"target\":{\"@type\":\"EntryPoint\",\"urlTemplate\":\"https:\/\/hubsch-interior.com\/fr\/?s={search_term_string}\"},\"query-input\":{\"@type\":\"PropertyValueSpecification\",\"valueRequired\":true,\"valueName\":\"search_term_string\"}}],\"inLanguage\":\"fr-FR\"},{\"@type\":\"Organization\",\"@id\":\"https:\/\/hubsch-interior.com\/fr\/#organization\",\"name\":\"H\u00fcbsch\",\"url\":\"https:\/\/hubsch-interior.com\/fr\/\",\"logo\":{\"@type\":\"ImageObject\",\"inLanguage\":\"fr-FR\",\"@id\":\"https:\/\/hubsch-interior.com\/fr\/#\/schema\/logo\/image\/\",\"url\":\"https:\/\/hubsch-interior.com\/wp-content\/uploads\/2022\/12\/Hubsch_logo_black_one_line.svg\",\"contentUrl\":\"https:\/\/hubsch-interior.com\/wp-content\/uploads\/2022\/12\/Hubsch_logo_black_one_line.svg\",\"caption\":\"H\u00fcbsch\"},\"image\":{\"@id\":\"https:\/\/hubsch-interior.com\/fr\/#\/schema\/logo\/image\/\"}}]}<\/script>\n<!-- \/ Yoast SEO plugin. -->","yoast_head_json":{"title":"Jaunty Table d Vert\/Naturel - H\u00fcbsch","description":"Le vert et le ch\u00eane s'associent parfaitement : la preuve avec cette table d'appoint Jaunty. Ce duo parfait de bois certifi\u00e9 FSC\u00ae et de m\u00e9tal vert vous","robots":{"index":"index","follow":"follow","max-snippet":"max-snippet:-1","max-image-preview":"max-image-preview:large","max-video-preview":"max-video-preview:-1"},"canonical":"https:\/\/hubsch-interior.com\/fr\/wp-json\/wp\/v2\/product\/807816","og_locale":"fr_FR","og_type":"article","og_title":"Jaunty Table d Vert\/Naturel - H\u00fcbsch","og_description":"Le vert et le ch\u00eane s'associent parfaitement : la preuve avec cette table d'appoint Jaunty. Ce duo parfait de bois certifi\u00e9 FSC\u00ae et de m\u00e9tal vert vous","og_url":"https:\/\/hubsch-interior.com\/fr\/produit\/jaunty-table-d-vert-naturel\/","og_site_name":"H\u00fcbsch","article_modified_time":"2026-04-09T02:18:10+00:00","og_image":[{"width":1200,"height":1200,"url":"https:\/\/hubsch-interior.com\/wp-content\/uploads\/2025\/05\/jaunty-side-table-greennatural-4f4d89459033da77c66d8eb29c5beb99.jpg","type":"image\/jpeg"}],"twitter_card":"summary_large_image","schema":{"@context":"https:\/\/schema.org","@graph":[{"@type":"WebPage","@id":"https:\/\/hubsch-interior.com\/fr\/produit\/jaunty-table-d-vert-naturel\/","url":"https:\/\/hubsch-interior.com\/fr\/produit\/jaunty-table-d-vert-naturel\/","name":"Jaunty Table d Vert\/Naturel - H\u00fcbsch","isPartOf":{"@id":"https:\/\/hubsch-interior.com\/fr\/#website"},"primaryImageOfPage":{"@id":"https:\/\/hubsch-interior.com\/fr\/produit\/jaunty-table-d-vert-naturel\/#primaryimage"},"image":{"@id":"https:\/\/hubsch-interior.com\/fr\/produit\/jaunty-table-d-vert-naturel\/#primaryimage"},"thumbnailUrl":"https:\/\/hubsch-interior.com\/wp-content\/uploads\/2026\/02\/jaunty-side-table-greennatural-52d0ed3cdc0155accb48ba5e75bb0f3d.jpg","datePublished":"2022-08-23T12:24:19+00:00","dateModified":"2026-04-09T02:18:10+00:00","description":"Le vert et le ch\u00eane s'associent parfaitement : la preuve avec cette table d'appoint Jaunty. Ce duo parfait de bois certifi\u00e9 FSC\u00ae et de m\u00e9tal vert vous","breadcrumb":{"@id":"https:\/\/hubsch-interior.com\/fr\/produit\/jaunty-table-d-vert-naturel\/#breadcrumb"},"inLanguage":"fr-FR","potentialAction":[{"@type":"ReadAction","target":["https:\/\/hubsch-interior.com\/fr\/produit\/jaunty-table-d-vert-naturel\/"]}]},{"@type":"ImageObject","inLanguage":"fr-FR","@id":"https:\/\/hubsch-interior.com\/fr\/produit\/jaunty-table-d-vert-naturel\/#primaryimage","url":"https:\/\/hubsch-interior.com\/wp-content\/uploads\/2026\/02\/jaunty-side-table-greennatural-52d0ed3cdc0155accb48ba5e75bb0f3d.jpg","contentUrl":"https:\/\/hubsch-interior.com\/wp-content\/uploads\/2026\/02\/jaunty-side-table-greennatural-52d0ed3cdc0155accb48ba5e75bb0f3d.jpg","width":1024,"height":1024},{"@type":"BreadcrumbList","@id":"https:\/\/hubsch-interior.com\/fr\/produit\/jaunty-table-d-vert-naturel\/#breadcrumb","itemListElement":[{"@type":"ListItem","position":1,"name":"Page d'accueil","item":"https:\/\/hubsch-interior.com\/fr\/"},{"@type":"ListItem","position":2,"name":"Produits","item":"https:\/\/hubsch-interior.com\/fr\/shop-2\/"},{"@type":"ListItem","position":3,"name":"Meubles","item":"https:\/\/hubsch-interior.com\/fr\/categorie-produit\/meubles\/"},{"@type":"ListItem","position":4,"name":"Tables","item":"https:\/\/hubsch-interior.com\/fr\/categorie-produit\/meubles\/tables-fr\/"},{"@type":"ListItem","position":5,"name":"Tables d&#039;appoint","item":"https:\/\/hubsch-interior.com\/fr\/categorie-produit\/meubles\/tables-fr\/tables-dappoint-fr\/"},{"@type":"ListItem","position":6,"name":"Jaunty Table d Vert\/Naturel"}]},{"@type":"WebSite","@id":"https:\/\/hubsch-interior.com\/fr\/#website","url":"https:\/\/hubsch-interior.com\/fr\/","name":"H\u00fcbsch","description":"Danish Home Interior and Design","publisher":{"@id":"https:\/\/hubsch-interior.com\/fr\/#organization"},"potentialAction":[{"@type":"SearchAction","target":{"@type":"EntryPoint","urlTemplate":"https:\/\/hubsch-interior.com\/fr\/?s={search_term_string}"},"query-input":{"@type":"PropertyValueSpecification","valueRequired":true,"valueName":"search_term_string"}}],"inLanguage":"fr-FR"},{"@type":"Organization","@id":"https:\/\/hubsch-interior.com\/fr\/#organization","name":"H\u00fcbsch","url":"https:\/\/hubsch-interior.com\/fr\/","logo":{"@type":"ImageObject","inLanguage":"fr-FR","@id":"https:\/\/hubsch-interior.com\/fr\/#\/schema\/logo\/image\/","url":"https:\/\/hubsch-interior.com\/wp-content\/uploads\/2022\/12\/Hubsch_logo_black_one_line.svg","contentUrl":"https:\/\/hubsch-interior.com\/wp-content\/uploads\/2022\/12\/Hubsch_logo_black_one_line.svg","caption":"H\u00fcbsch"},"image":{"@id":"https:\/\/hubsch-interior.com\/fr\/#\/schema\/logo\/image\/"}}]}},"_links":{"self":[{"href":"https:\/\/hubsch-interior.com\/fr\/wp-json\/wp\/v2\/product\/807816","targetHints":{"allow":["GET"]}}],"collection":[{"href":"https:\/\/hubsch-interior.com\/fr\/wp-json\/wp\/v2\/product"}],"about":[{"href":"https:\/\/hubsch-interior.com\/fr\/wp-json\/wp\/v2\/types\/product"}],"wp:featuredmedia":[{"embeddable":true,"href":"https:\/\/hubsch-interior.com\/fr\/wp-json\/wp\/v2\/media\/1093359"}],"wp:attachment":[{"href":"https:\/\/hubsch-interior.com\/fr\/wp-json\/wp\/v2\/media?parent=807816"}],"wp:term":[{"taxonomy":"product_brand","embeddable":true,"href":"https:\/\/hubsch-interior.com\/fr\/wp-json\/wp\/v2\/product_brand?post=807816"},{"taxonomy":"product_cat","embeddable":true,"href":"https:\/\/hubsch-interior.com\/fr\/wp-json\/wp\/v2\/product_cat?post=807816"},{"taxonomy":"product_tag","embeddable":true,"href":"https:\/\/hubsch-interior.com\/fr\/wp-json\/wp\/v2\/product_tag?post=807816"}],"curies":[{"name":"wp","href":"https:\/\/api.w.org\/{rel}","templated":true}]}}