{"id":807828,"date":"2022-08-23T14:24:45","date_gmt":"2022-08-23T12:24:45","guid":{"rendered":"https:\/\/hubsch-interior.com\/product\/product\/"},"modified":"2026-04-09T04:18:18","modified_gmt":"2026-04-09T02:18:18","slug":"norm-etagere-cylindre-gris-clair","status":"publish","type":"product","link":"https:\/\/hubsch-interior.com\/fr\/produit\/norm-etagere-cylindre-gris-clair\/","title":{"rendered":"Norm \u00c9tag\u00e8re Cylindre Gris clair"},"content":{"rendered":"<p>Il arrive souvent que vous ayez un endroit \u00e0 \u00e9gayer chez vous. Et c&#8217;est sans doute pour cette raison que nous avons imagin\u00e9 l&#8217;\u00e9tag\u00e8re Norm, parfaite pour \u00e7a. Norm est une \u00e9tag\u00e8re \u00e0 trois niveaux pour les plantes, les livres, les magazines ou tout ce que vous souhaitez y poser. Cr\u00e9ez votre propre coin personnel avec des plantes ou des objets qui vous plaisent, et mettez la sc\u00e8ne, elle m\u00e9tamorphosera votre pi\u00e8ce.<\/p>\n","protected":false},"excerpt":{"rendered":"<p>Il arrive souvent que vous ayez un endroit \u00e0 \u00e9gayer chez vous. Et c&#8217;est sans doute pour cette raison que nous avons imagin\u00e9 l&#8217;\u00e9tag\u00e8re Norm, parfaite pour \u00e7a. Norm est une \u00e9tag\u00e8re \u00e0 trois niveaux pour les plantes, les livres, les magazines ou tout ce que vous souhaitez y poser. Cr\u00e9ez votre propre coin personnel [&hellip;]<\/p>\n","protected":false},"featured_media":1093403,"template":"","meta":{"_acf_changed":false,"inline_featured_image":false},"product_brand":[],"product_cat":[6379,4001,4011,5026],"product_tag":[],"class_list":{"0":"post-807828","1":"product","2":"type-product","3":"status-publish","4":"has-post-thumbnail","6":"product_cat-always-a-twist-fr","7":"product_cat-etageres-et-meubles-de-rangement-fr","8":"product_cat-bibliotheques-fr","9":"product_cat-bestsellers-fr","10":"product_shipping_class-pk","12":"pa_color-gris-clair-2","13":"pa_material-fer-fr","15":"first","16":"instock","17":"featured","18":"taxable","19":"shipping-taxable","20":"purchasable","21":"product-type-simple"},"exclude_global_add_ons":[],"addons":[],"acf":[],"yoast_head":"<!-- This site is optimized with the Yoast SEO plugin v26.4 - https:\/\/yoast.com\/wordpress\/plugins\/seo\/ -->\n<title>Norm \u00c9tag\u00e8re Cylindre Gris clair - H\u00fcbsch<\/title>\n<meta name=\"description\" content=\"Il arrive souvent que vous ayez un endroit \u00e0 \u00e9gayer chez vous. Et c&#039;est sans doute pour cette raison que nous avons imagin\u00e9 l&#039;\u00e9tag\u00e8re Norm, parfaite pour\" \/>\n<meta name=\"robots\" content=\"index, follow, max-snippet:-1, max-image-preview:large, max-video-preview:-1\" \/>\n<link rel=\"canonical\" href=\"https:\/\/hubsch-interior.com\/fr\/wp-json\/wp\/v2\/product\/807828\" \/>\n<meta property=\"og:locale\" content=\"fr_FR\" \/>\n<meta property=\"og:type\" content=\"article\" \/>\n<meta property=\"og:title\" content=\"Norm \u00c9tag\u00e8re Cylindre Gris clair - H\u00fcbsch\" \/>\n<meta property=\"og:description\" content=\"Il arrive souvent que vous ayez un endroit \u00e0 \u00e9gayer chez vous. Et c&#039;est sans doute pour cette raison que nous avons imagin\u00e9 l&#039;\u00e9tag\u00e8re Norm, parfaite pour\" \/>\n<meta property=\"og:url\" content=\"https:\/\/hubsch-interior.com\/fr\/produit\/norm-etagere-cylindre-gris-clair\/\" \/>\n<meta property=\"og:site_name\" content=\"H\u00fcbsch\" \/>\n<meta property=\"article:modified_time\" content=\"2026-04-09T02:18:18+00:00\" \/>\n<meta property=\"og:image\" content=\"https:\/\/hubsch-interior.com\/wp-content\/uploads\/2023\/08\/norm-shelf-unit-cylinder-grey-71ab452bdf4e1cffcb27e7a43fb6df20.jpg\" \/>\n\t<meta property=\"og:image:width\" content=\"1200\" \/>\n\t<meta property=\"og:image:height\" content=\"1200\" \/>\n\t<meta property=\"og:image:type\" content=\"image\/jpeg\" \/>\n<meta name=\"twitter:card\" content=\"summary_large_image\" \/>\n<script type=\"application\/ld+json\" class=\"yoast-schema-graph\">{\"@context\":\"https:\/\/schema.org\",\"@graph\":[{\"@type\":\"WebPage\",\"@id\":\"https:\/\/hubsch-interior.com\/fr\/produit\/norm-etagere-cylindre-gris-clair\/\",\"url\":\"https:\/\/hubsch-interior.com\/fr\/produit\/norm-etagere-cylindre-gris-clair\/\",\"name\":\"Norm \u00c9tag\u00e8re Cylindre Gris clair - H\u00fcbsch\",\"isPartOf\":{\"@id\":\"https:\/\/hubsch-interior.com\/fr\/#website\"},\"primaryImageOfPage\":{\"@id\":\"https:\/\/hubsch-interior.com\/fr\/produit\/norm-etagere-cylindre-gris-clair\/#primaryimage\"},\"image\":{\"@id\":\"https:\/\/hubsch-interior.com\/fr\/produit\/norm-etagere-cylindre-gris-clair\/#primaryimage\"},\"thumbnailUrl\":\"https:\/\/hubsch-interior.com\/wp-content\/uploads\/2026\/02\/norm-shelf-unit-cylinder-light-grey-819a996e394ecf142b70642f8a2715e6.jpg\",\"datePublished\":\"2022-08-23T12:24:45+00:00\",\"dateModified\":\"2026-04-09T02:18:18+00:00\",\"description\":\"Il arrive souvent que vous ayez un endroit \u00e0 \u00e9gayer chez vous. Et c'est sans doute pour cette raison que nous avons imagin\u00e9 l'\u00e9tag\u00e8re Norm, parfaite pour\",\"breadcrumb\":{\"@id\":\"https:\/\/hubsch-interior.com\/fr\/produit\/norm-etagere-cylindre-gris-clair\/#breadcrumb\"},\"inLanguage\":\"fr-FR\",\"potentialAction\":[{\"@type\":\"ReadAction\",\"target\":[\"https:\/\/hubsch-interior.com\/fr\/produit\/norm-etagere-cylindre-gris-clair\/\"]}]},{\"@type\":\"ImageObject\",\"inLanguage\":\"fr-FR\",\"@id\":\"https:\/\/hubsch-interior.com\/fr\/produit\/norm-etagere-cylindre-gris-clair\/#primaryimage\",\"url\":\"https:\/\/hubsch-interior.com\/wp-content\/uploads\/2026\/02\/norm-shelf-unit-cylinder-light-grey-819a996e394ecf142b70642f8a2715e6.jpg\",\"contentUrl\":\"https:\/\/hubsch-interior.com\/wp-content\/uploads\/2026\/02\/norm-shelf-unit-cylinder-light-grey-819a996e394ecf142b70642f8a2715e6.jpg\",\"width\":1024,\"height\":1024},{\"@type\":\"BreadcrumbList\",\"@id\":\"https:\/\/hubsch-interior.com\/fr\/produit\/norm-etagere-cylindre-gris-clair\/#breadcrumb\",\"itemListElement\":[{\"@type\":\"ListItem\",\"position\":1,\"name\":\"Page d'accueil\",\"item\":\"https:\/\/hubsch-interior.com\/fr\/\"},{\"@type\":\"ListItem\",\"position\":2,\"name\":\"Produits\",\"item\":\"https:\/\/hubsch-interior.com\/fr\/shop-2\/\"},{\"@type\":\"ListItem\",\"position\":3,\"name\":\"Meubles\",\"item\":\"https:\/\/hubsch-interior.com\/fr\/categorie-produit\/meubles\/\"},{\"@type\":\"ListItem\",\"position\":4,\"name\":\"Etag&egrave;res et meubles de rangement\",\"item\":\"https:\/\/hubsch-interior.com\/fr\/categorie-produit\/meubles\/etageres-et-meubles-de-rangement-fr\/\"},{\"@type\":\"ListItem\",\"position\":5,\"name\":\"Biblioth&egrave;ques\",\"item\":\"https:\/\/hubsch-interior.com\/fr\/categorie-produit\/meubles\/etageres-et-meubles-de-rangement-fr\/bibliotheques-fr\/\"},{\"@type\":\"ListItem\",\"position\":6,\"name\":\"Norm \u00c9tag\u00e8re Cylindre Gris clair\"}]},{\"@type\":\"WebSite\",\"@id\":\"https:\/\/hubsch-interior.com\/fr\/#website\",\"url\":\"https:\/\/hubsch-interior.com\/fr\/\",\"name\":\"H\u00fcbsch\",\"description\":\"Danish Home Interior and Design\",\"publisher\":{\"@id\":\"https:\/\/hubsch-interior.com\/fr\/#organization\"},\"potentialAction\":[{\"@type\":\"SearchAction\",\"target\":{\"@type\":\"EntryPoint\",\"urlTemplate\":\"https:\/\/hubsch-interior.com\/fr\/?s={search_term_string}\"},\"query-input\":{\"@type\":\"PropertyValueSpecification\",\"valueRequired\":true,\"valueName\":\"search_term_string\"}}],\"inLanguage\":\"fr-FR\"},{\"@type\":\"Organization\",\"@id\":\"https:\/\/hubsch-interior.com\/fr\/#organization\",\"name\":\"H\u00fcbsch\",\"url\":\"https:\/\/hubsch-interior.com\/fr\/\",\"logo\":{\"@type\":\"ImageObject\",\"inLanguage\":\"fr-FR\",\"@id\":\"https:\/\/hubsch-interior.com\/fr\/#\/schema\/logo\/image\/\",\"url\":\"https:\/\/hubsch-interior.com\/wp-content\/uploads\/2022\/12\/Hubsch_logo_black_one_line.svg\",\"contentUrl\":\"https:\/\/hubsch-interior.com\/wp-content\/uploads\/2022\/12\/Hubsch_logo_black_one_line.svg\",\"caption\":\"H\u00fcbsch\"},\"image\":{\"@id\":\"https:\/\/hubsch-interior.com\/fr\/#\/schema\/logo\/image\/\"}}]}<\/script>\n<!-- \/ Yoast SEO plugin. -->","yoast_head_json":{"title":"Norm \u00c9tag\u00e8re Cylindre Gris clair - H\u00fcbsch","description":"Il arrive souvent que vous ayez un endroit \u00e0 \u00e9gayer chez vous. Et c'est sans doute pour cette raison que nous avons imagin\u00e9 l'\u00e9tag\u00e8re Norm, parfaite pour","robots":{"index":"index","follow":"follow","max-snippet":"max-snippet:-1","max-image-preview":"max-image-preview:large","max-video-preview":"max-video-preview:-1"},"canonical":"https:\/\/hubsch-interior.com\/fr\/wp-json\/wp\/v2\/product\/807828","og_locale":"fr_FR","og_type":"article","og_title":"Norm \u00c9tag\u00e8re Cylindre Gris clair - H\u00fcbsch","og_description":"Il arrive souvent que vous ayez un endroit \u00e0 \u00e9gayer chez vous. Et c'est sans doute pour cette raison que nous avons imagin\u00e9 l'\u00e9tag\u00e8re Norm, parfaite pour","og_url":"https:\/\/hubsch-interior.com\/fr\/produit\/norm-etagere-cylindre-gris-clair\/","og_site_name":"H\u00fcbsch","article_modified_time":"2026-04-09T02:18:18+00:00","og_image":[{"width":1200,"height":1200,"url":"https:\/\/hubsch-interior.com\/wp-content\/uploads\/2023\/08\/norm-shelf-unit-cylinder-grey-71ab452bdf4e1cffcb27e7a43fb6df20.jpg","type":"image\/jpeg"}],"twitter_card":"summary_large_image","schema":{"@context":"https:\/\/schema.org","@graph":[{"@type":"WebPage","@id":"https:\/\/hubsch-interior.com\/fr\/produit\/norm-etagere-cylindre-gris-clair\/","url":"https:\/\/hubsch-interior.com\/fr\/produit\/norm-etagere-cylindre-gris-clair\/","name":"Norm \u00c9tag\u00e8re Cylindre Gris clair - H\u00fcbsch","isPartOf":{"@id":"https:\/\/hubsch-interior.com\/fr\/#website"},"primaryImageOfPage":{"@id":"https:\/\/hubsch-interior.com\/fr\/produit\/norm-etagere-cylindre-gris-clair\/#primaryimage"},"image":{"@id":"https:\/\/hubsch-interior.com\/fr\/produit\/norm-etagere-cylindre-gris-clair\/#primaryimage"},"thumbnailUrl":"https:\/\/hubsch-interior.com\/wp-content\/uploads\/2026\/02\/norm-shelf-unit-cylinder-light-grey-819a996e394ecf142b70642f8a2715e6.jpg","datePublished":"2022-08-23T12:24:45+00:00","dateModified":"2026-04-09T02:18:18+00:00","description":"Il arrive souvent que vous ayez un endroit \u00e0 \u00e9gayer chez vous. Et c'est sans doute pour cette raison que nous avons imagin\u00e9 l'\u00e9tag\u00e8re Norm, parfaite pour","breadcrumb":{"@id":"https:\/\/hubsch-interior.com\/fr\/produit\/norm-etagere-cylindre-gris-clair\/#breadcrumb"},"inLanguage":"fr-FR","potentialAction":[{"@type":"ReadAction","target":["https:\/\/hubsch-interior.com\/fr\/produit\/norm-etagere-cylindre-gris-clair\/"]}]},{"@type":"ImageObject","inLanguage":"fr-FR","@id":"https:\/\/hubsch-interior.com\/fr\/produit\/norm-etagere-cylindre-gris-clair\/#primaryimage","url":"https:\/\/hubsch-interior.com\/wp-content\/uploads\/2026\/02\/norm-shelf-unit-cylinder-light-grey-819a996e394ecf142b70642f8a2715e6.jpg","contentUrl":"https:\/\/hubsch-interior.com\/wp-content\/uploads\/2026\/02\/norm-shelf-unit-cylinder-light-grey-819a996e394ecf142b70642f8a2715e6.jpg","width":1024,"height":1024},{"@type":"BreadcrumbList","@id":"https:\/\/hubsch-interior.com\/fr\/produit\/norm-etagere-cylindre-gris-clair\/#breadcrumb","itemListElement":[{"@type":"ListItem","position":1,"name":"Page d'accueil","item":"https:\/\/hubsch-interior.com\/fr\/"},{"@type":"ListItem","position":2,"name":"Produits","item":"https:\/\/hubsch-interior.com\/fr\/shop-2\/"},{"@type":"ListItem","position":3,"name":"Meubles","item":"https:\/\/hubsch-interior.com\/fr\/categorie-produit\/meubles\/"},{"@type":"ListItem","position":4,"name":"Etag&egrave;res et meubles de rangement","item":"https:\/\/hubsch-interior.com\/fr\/categorie-produit\/meubles\/etageres-et-meubles-de-rangement-fr\/"},{"@type":"ListItem","position":5,"name":"Biblioth&egrave;ques","item":"https:\/\/hubsch-interior.com\/fr\/categorie-produit\/meubles\/etageres-et-meubles-de-rangement-fr\/bibliotheques-fr\/"},{"@type":"ListItem","position":6,"name":"Norm \u00c9tag\u00e8re Cylindre Gris clair"}]},{"@type":"WebSite","@id":"https:\/\/hubsch-interior.com\/fr\/#website","url":"https:\/\/hubsch-interior.com\/fr\/","name":"H\u00fcbsch","description":"Danish Home Interior and Design","publisher":{"@id":"https:\/\/hubsch-interior.com\/fr\/#organization"},"potentialAction":[{"@type":"SearchAction","target":{"@type":"EntryPoint","urlTemplate":"https:\/\/hubsch-interior.com\/fr\/?s={search_term_string}"},"query-input":{"@type":"PropertyValueSpecification","valueRequired":true,"valueName":"search_term_string"}}],"inLanguage":"fr-FR"},{"@type":"Organization","@id":"https:\/\/hubsch-interior.com\/fr\/#organization","name":"H\u00fcbsch","url":"https:\/\/hubsch-interior.com\/fr\/","logo":{"@type":"ImageObject","inLanguage":"fr-FR","@id":"https:\/\/hubsch-interior.com\/fr\/#\/schema\/logo\/image\/","url":"https:\/\/hubsch-interior.com\/wp-content\/uploads\/2022\/12\/Hubsch_logo_black_one_line.svg","contentUrl":"https:\/\/hubsch-interior.com\/wp-content\/uploads\/2022\/12\/Hubsch_logo_black_one_line.svg","caption":"H\u00fcbsch"},"image":{"@id":"https:\/\/hubsch-interior.com\/fr\/#\/schema\/logo\/image\/"}}]}},"_links":{"self":[{"href":"https:\/\/hubsch-interior.com\/fr\/wp-json\/wp\/v2\/product\/807828","targetHints":{"allow":["GET"]}}],"collection":[{"href":"https:\/\/hubsch-interior.com\/fr\/wp-json\/wp\/v2\/product"}],"about":[{"href":"https:\/\/hubsch-interior.com\/fr\/wp-json\/wp\/v2\/types\/product"}],"wp:featuredmedia":[{"embeddable":true,"href":"https:\/\/hubsch-interior.com\/fr\/wp-json\/wp\/v2\/media\/1093403"}],"wp:attachment":[{"href":"https:\/\/hubsch-interior.com\/fr\/wp-json\/wp\/v2\/media?parent=807828"}],"wp:term":[{"taxonomy":"product_brand","embeddable":true,"href":"https:\/\/hubsch-interior.com\/fr\/wp-json\/wp\/v2\/product_brand?post=807828"},{"taxonomy":"product_cat","embeddable":true,"href":"https:\/\/hubsch-interior.com\/fr\/wp-json\/wp\/v2\/product_cat?post=807828"},{"taxonomy":"product_tag","embeddable":true,"href":"https:\/\/hubsch-interior.com\/fr\/wp-json\/wp\/v2\/product_tag?post=807828"}],"curies":[{"name":"wp","href":"https:\/\/api.w.org\/{rel}","templated":true}]}}