{"id":808128,"date":"2022-08-23T14:29:05","date_gmt":"2022-08-23T12:29:05","guid":{"rendered":"https:\/\/hubsch-interior.com\/product\/product\/"},"modified":"2026-04-09T04:31:08","modified_gmt":"2026-04-09T02:31:08","slug":"oblique-fauteuil-lounge-siege-naturel","status":"publish","type":"product","link":"https:\/\/hubsch-interior.com\/fr\/produit\/oblique-fauteuil-lounge-siege-naturel\/","title":{"rendered":"Oblique Fauteuil lounge Si\u00e8ge Naturel"},"content":{"rendered":"<p>La r\u00e9action instinctive \u00e0 l&#8217;Oblique Lounge Chair est : juste wow ! Fabriqu\u00e9e \u00e0 partir de bois certifi\u00e9 FSC\u00ae et de cuir aniline sans chrome, la chaise longue Oblique subit un attrait esth\u00e9tique intemporel plut\u00f4t qu&#8217;une expression tendance : cette magnifique chaise longue Oblique en ch\u00eane sera un \u00e9l\u00e9ment g\u00e9n\u00e9rationnel. De plus, la chaise Oblique incarne \u00e0 merveille la fa\u00e7on dont les d\u00e9cisions de conception et de fonction sont \u00e9tudi\u00e9es de fa\u00e7on responsables.<\/p>\n","protected":false},"excerpt":{"rendered":"<p>La r\u00e9action instinctive \u00e0 l&#8217;Oblique Lounge Chair est : juste wow ! Fabriqu\u00e9e \u00e0 partir de bois certifi\u00e9 FSC\u00ae et de cuir aniline sans chrome, la chaise longue Oblique subit un attrait esth\u00e9tique intemporel plut\u00f4t qu&#8217;une expression tendance : cette magnifique chaise longue Oblique en ch\u00eane sera un \u00e9l\u00e9ment g\u00e9n\u00e9rationnel. De plus, la chaise Oblique [&hellip;]<\/p>\n","protected":false},"featured_media":1097130,"template":"","meta":{"_acf_changed":false,"inline_featured_image":false},"product_brand":[],"product_cat":[6379,6322,2843,3023],"product_tag":[],"class_list":{"0":"post-808128","1":"product","2":"type-product","3":"status-publish","4":"has-post-thumbnail","6":"product_cat-always-a-twist-fr","7":"product_cat-fsc-fr","8":"product_cat-assises-fr","9":"product_cat-fauteuils-lounge-fr","10":"product_shipping_class-p05","12":"pa_color-naturel-2","13":"pa_material-bois-de-chne-2","14":"pa_material-cuir","15":"pa_material-htre","16":"pa_material-placage-de-chne-2","18":"first","19":"instock","20":"taxable","21":"shipping-taxable","22":"purchasable","23":"product-type-simple"},"exclude_global_add_ons":[],"addons":[],"acf":[],"yoast_head":"<!-- This site is optimized with the Yoast SEO plugin v26.4 - https:\/\/yoast.com\/wordpress\/plugins\/seo\/ -->\n<title>Oblique Fauteuil lounge Si\u00e8ge Naturel - H\u00fcbsch<\/title>\n<meta name=\"description\" content=\"La r\u00e9action instinctive \u00e0 l&#039;Oblique Lounge Chair est : juste wow ! Fabriqu\u00e9e \u00e0 partir de bois certifi\u00e9 FSC\u00ae et de cuir aniline sans chrome, la chaise\" \/>\n<meta name=\"robots\" content=\"index, follow, max-snippet:-1, max-image-preview:large, max-video-preview:-1\" \/>\n<link rel=\"canonical\" href=\"https:\/\/hubsch-interior.com\/fr\/wp-json\/wp\/v2\/product\/808128\" \/>\n<meta property=\"og:locale\" content=\"fr_FR\" \/>\n<meta property=\"og:type\" content=\"article\" \/>\n<meta property=\"og:title\" content=\"Oblique Fauteuil lounge Si\u00e8ge Naturel - H\u00fcbsch\" \/>\n<meta property=\"og:description\" content=\"La r\u00e9action instinctive \u00e0 l&#039;Oblique Lounge Chair est : juste wow ! Fabriqu\u00e9e \u00e0 partir de bois certifi\u00e9 FSC\u00ae et de cuir aniline sans chrome, la chaise\" \/>\n<meta property=\"og:url\" content=\"https:\/\/hubsch-interior.com\/fr\/produit\/oblique-fauteuil-lounge-siege-naturel\/\" \/>\n<meta property=\"og:site_name\" content=\"H\u00fcbsch\" \/>\n<meta property=\"article:modified_time\" content=\"2026-04-09T02:31:08+00:00\" \/>\n<meta property=\"og:image\" content=\"https:\/\/hubsch-interior.com\/wp-content\/uploads\/2023\/08\/oblique-lounge-chair-seat-natural-39b0f4b95571c014f949d32b9f1bd7a3.jpg\" \/>\n\t<meta property=\"og:image:width\" content=\"1200\" \/>\n\t<meta property=\"og:image:height\" content=\"1200\" \/>\n\t<meta property=\"og:image:type\" content=\"image\/jpeg\" \/>\n<meta name=\"twitter:card\" content=\"summary_large_image\" \/>\n<script type=\"application\/ld+json\" class=\"yoast-schema-graph\">{\"@context\":\"https:\/\/schema.org\",\"@graph\":[{\"@type\":\"WebPage\",\"@id\":\"https:\/\/hubsch-interior.com\/fr\/produit\/oblique-fauteuil-lounge-siege-naturel\/\",\"url\":\"https:\/\/hubsch-interior.com\/fr\/produit\/oblique-fauteuil-lounge-siege-naturel\/\",\"name\":\"Oblique Fauteuil lounge Si\u00e8ge Naturel - H\u00fcbsch\",\"isPartOf\":{\"@id\":\"https:\/\/hubsch-interior.com\/fr\/#website\"},\"primaryImageOfPage\":{\"@id\":\"https:\/\/hubsch-interior.com\/fr\/produit\/oblique-fauteuil-lounge-siege-naturel\/#primaryimage\"},\"image\":{\"@id\":\"https:\/\/hubsch-interior.com\/fr\/produit\/oblique-fauteuil-lounge-siege-naturel\/#primaryimage\"},\"thumbnailUrl\":\"https:\/\/hubsch-interior.com\/wp-content\/uploads\/2026\/02\/oblique-lounge-chair-seat-natural-6f4dc6accdab07f281ceb8317c29a83f.jpg\",\"datePublished\":\"2022-08-23T12:29:05+00:00\",\"dateModified\":\"2026-04-09T02:31:08+00:00\",\"description\":\"La r\u00e9action instinctive \u00e0 l'Oblique Lounge Chair est : juste wow ! Fabriqu\u00e9e \u00e0 partir de bois certifi\u00e9 FSC\u00ae et de cuir aniline sans chrome, la chaise\",\"breadcrumb\":{\"@id\":\"https:\/\/hubsch-interior.com\/fr\/produit\/oblique-fauteuil-lounge-siege-naturel\/#breadcrumb\"},\"inLanguage\":\"fr-FR\",\"potentialAction\":[{\"@type\":\"ReadAction\",\"target\":[\"https:\/\/hubsch-interior.com\/fr\/produit\/oblique-fauteuil-lounge-siege-naturel\/\"]}]},{\"@type\":\"ImageObject\",\"inLanguage\":\"fr-FR\",\"@id\":\"https:\/\/hubsch-interior.com\/fr\/produit\/oblique-fauteuil-lounge-siege-naturel\/#primaryimage\",\"url\":\"https:\/\/hubsch-interior.com\/wp-content\/uploads\/2026\/02\/oblique-lounge-chair-seat-natural-6f4dc6accdab07f281ceb8317c29a83f.jpg\",\"contentUrl\":\"https:\/\/hubsch-interior.com\/wp-content\/uploads\/2026\/02\/oblique-lounge-chair-seat-natural-6f4dc6accdab07f281ceb8317c29a83f.jpg\",\"width\":1024,\"height\":1024},{\"@type\":\"BreadcrumbList\",\"@id\":\"https:\/\/hubsch-interior.com\/fr\/produit\/oblique-fauteuil-lounge-siege-naturel\/#breadcrumb\",\"itemListElement\":[{\"@type\":\"ListItem\",\"position\":1,\"name\":\"Page d'accueil\",\"item\":\"https:\/\/hubsch-interior.com\/fr\/\"},{\"@type\":\"ListItem\",\"position\":2,\"name\":\"Produits\",\"item\":\"https:\/\/hubsch-interior.com\/fr\/shop-2\/\"},{\"@type\":\"ListItem\",\"position\":3,\"name\":\"Meubles\",\"item\":\"https:\/\/hubsch-interior.com\/fr\/categorie-produit\/meubles\/\"},{\"@type\":\"ListItem\",\"position\":4,\"name\":\"Assises\",\"item\":\"https:\/\/hubsch-interior.com\/fr\/categorie-produit\/meubles\/assises-fr\/\"},{\"@type\":\"ListItem\",\"position\":5,\"name\":\"Fauteuils lounge\",\"item\":\"https:\/\/hubsch-interior.com\/fr\/categorie-produit\/meubles\/assises-fr\/fauteuils-lounge-fr\/\"},{\"@type\":\"ListItem\",\"position\":6,\"name\":\"Oblique Fauteuil lounge Si\u00e8ge Naturel\"}]},{\"@type\":\"WebSite\",\"@id\":\"https:\/\/hubsch-interior.com\/fr\/#website\",\"url\":\"https:\/\/hubsch-interior.com\/fr\/\",\"name\":\"H\u00fcbsch\",\"description\":\"Danish Home Interior and Design\",\"publisher\":{\"@id\":\"https:\/\/hubsch-interior.com\/fr\/#organization\"},\"potentialAction\":[{\"@type\":\"SearchAction\",\"target\":{\"@type\":\"EntryPoint\",\"urlTemplate\":\"https:\/\/hubsch-interior.com\/fr\/?s={search_term_string}\"},\"query-input\":{\"@type\":\"PropertyValueSpecification\",\"valueRequired\":true,\"valueName\":\"search_term_string\"}}],\"inLanguage\":\"fr-FR\"},{\"@type\":\"Organization\",\"@id\":\"https:\/\/hubsch-interior.com\/fr\/#organization\",\"name\":\"H\u00fcbsch\",\"url\":\"https:\/\/hubsch-interior.com\/fr\/\",\"logo\":{\"@type\":\"ImageObject\",\"inLanguage\":\"fr-FR\",\"@id\":\"https:\/\/hubsch-interior.com\/fr\/#\/schema\/logo\/image\/\",\"url\":\"https:\/\/hubsch-interior.com\/wp-content\/uploads\/2022\/12\/Hubsch_logo_black_one_line.svg\",\"contentUrl\":\"https:\/\/hubsch-interior.com\/wp-content\/uploads\/2022\/12\/Hubsch_logo_black_one_line.svg\",\"caption\":\"H\u00fcbsch\"},\"image\":{\"@id\":\"https:\/\/hubsch-interior.com\/fr\/#\/schema\/logo\/image\/\"}}]}<\/script>\n<!-- \/ Yoast SEO plugin. -->","yoast_head_json":{"title":"Oblique Fauteuil lounge Si\u00e8ge Naturel - H\u00fcbsch","description":"La r\u00e9action instinctive \u00e0 l'Oblique Lounge Chair est : juste wow ! Fabriqu\u00e9e \u00e0 partir de bois certifi\u00e9 FSC\u00ae et de cuir aniline sans chrome, la chaise","robots":{"index":"index","follow":"follow","max-snippet":"max-snippet:-1","max-image-preview":"max-image-preview:large","max-video-preview":"max-video-preview:-1"},"canonical":"https:\/\/hubsch-interior.com\/fr\/wp-json\/wp\/v2\/product\/808128","og_locale":"fr_FR","og_type":"article","og_title":"Oblique Fauteuil lounge Si\u00e8ge Naturel - H\u00fcbsch","og_description":"La r\u00e9action instinctive \u00e0 l'Oblique Lounge Chair est : juste wow ! Fabriqu\u00e9e \u00e0 partir de bois certifi\u00e9 FSC\u00ae et de cuir aniline sans chrome, la chaise","og_url":"https:\/\/hubsch-interior.com\/fr\/produit\/oblique-fauteuil-lounge-siege-naturel\/","og_site_name":"H\u00fcbsch","article_modified_time":"2026-04-09T02:31:08+00:00","og_image":[{"width":1200,"height":1200,"url":"https:\/\/hubsch-interior.com\/wp-content\/uploads\/2023\/08\/oblique-lounge-chair-seat-natural-39b0f4b95571c014f949d32b9f1bd7a3.jpg","type":"image\/jpeg"}],"twitter_card":"summary_large_image","schema":{"@context":"https:\/\/schema.org","@graph":[{"@type":"WebPage","@id":"https:\/\/hubsch-interior.com\/fr\/produit\/oblique-fauteuil-lounge-siege-naturel\/","url":"https:\/\/hubsch-interior.com\/fr\/produit\/oblique-fauteuil-lounge-siege-naturel\/","name":"Oblique Fauteuil lounge Si\u00e8ge Naturel - H\u00fcbsch","isPartOf":{"@id":"https:\/\/hubsch-interior.com\/fr\/#website"},"primaryImageOfPage":{"@id":"https:\/\/hubsch-interior.com\/fr\/produit\/oblique-fauteuil-lounge-siege-naturel\/#primaryimage"},"image":{"@id":"https:\/\/hubsch-interior.com\/fr\/produit\/oblique-fauteuil-lounge-siege-naturel\/#primaryimage"},"thumbnailUrl":"https:\/\/hubsch-interior.com\/wp-content\/uploads\/2026\/02\/oblique-lounge-chair-seat-natural-6f4dc6accdab07f281ceb8317c29a83f.jpg","datePublished":"2022-08-23T12:29:05+00:00","dateModified":"2026-04-09T02:31:08+00:00","description":"La r\u00e9action instinctive \u00e0 l'Oblique Lounge Chair est : juste wow ! Fabriqu\u00e9e \u00e0 partir de bois certifi\u00e9 FSC\u00ae et de cuir aniline sans chrome, la chaise","breadcrumb":{"@id":"https:\/\/hubsch-interior.com\/fr\/produit\/oblique-fauteuil-lounge-siege-naturel\/#breadcrumb"},"inLanguage":"fr-FR","potentialAction":[{"@type":"ReadAction","target":["https:\/\/hubsch-interior.com\/fr\/produit\/oblique-fauteuil-lounge-siege-naturel\/"]}]},{"@type":"ImageObject","inLanguage":"fr-FR","@id":"https:\/\/hubsch-interior.com\/fr\/produit\/oblique-fauteuil-lounge-siege-naturel\/#primaryimage","url":"https:\/\/hubsch-interior.com\/wp-content\/uploads\/2026\/02\/oblique-lounge-chair-seat-natural-6f4dc6accdab07f281ceb8317c29a83f.jpg","contentUrl":"https:\/\/hubsch-interior.com\/wp-content\/uploads\/2026\/02\/oblique-lounge-chair-seat-natural-6f4dc6accdab07f281ceb8317c29a83f.jpg","width":1024,"height":1024},{"@type":"BreadcrumbList","@id":"https:\/\/hubsch-interior.com\/fr\/produit\/oblique-fauteuil-lounge-siege-naturel\/#breadcrumb","itemListElement":[{"@type":"ListItem","position":1,"name":"Page d'accueil","item":"https:\/\/hubsch-interior.com\/fr\/"},{"@type":"ListItem","position":2,"name":"Produits","item":"https:\/\/hubsch-interior.com\/fr\/shop-2\/"},{"@type":"ListItem","position":3,"name":"Meubles","item":"https:\/\/hubsch-interior.com\/fr\/categorie-produit\/meubles\/"},{"@type":"ListItem","position":4,"name":"Assises","item":"https:\/\/hubsch-interior.com\/fr\/categorie-produit\/meubles\/assises-fr\/"},{"@type":"ListItem","position":5,"name":"Fauteuils lounge","item":"https:\/\/hubsch-interior.com\/fr\/categorie-produit\/meubles\/assises-fr\/fauteuils-lounge-fr\/"},{"@type":"ListItem","position":6,"name":"Oblique Fauteuil lounge Si\u00e8ge Naturel"}]},{"@type":"WebSite","@id":"https:\/\/hubsch-interior.com\/fr\/#website","url":"https:\/\/hubsch-interior.com\/fr\/","name":"H\u00fcbsch","description":"Danish Home Interior and Design","publisher":{"@id":"https:\/\/hubsch-interior.com\/fr\/#organization"},"potentialAction":[{"@type":"SearchAction","target":{"@type":"EntryPoint","urlTemplate":"https:\/\/hubsch-interior.com\/fr\/?s={search_term_string}"},"query-input":{"@type":"PropertyValueSpecification","valueRequired":true,"valueName":"search_term_string"}}],"inLanguage":"fr-FR"},{"@type":"Organization","@id":"https:\/\/hubsch-interior.com\/fr\/#organization","name":"H\u00fcbsch","url":"https:\/\/hubsch-interior.com\/fr\/","logo":{"@type":"ImageObject","inLanguage":"fr-FR","@id":"https:\/\/hubsch-interior.com\/fr\/#\/schema\/logo\/image\/","url":"https:\/\/hubsch-interior.com\/wp-content\/uploads\/2022\/12\/Hubsch_logo_black_one_line.svg","contentUrl":"https:\/\/hubsch-interior.com\/wp-content\/uploads\/2022\/12\/Hubsch_logo_black_one_line.svg","caption":"H\u00fcbsch"},"image":{"@id":"https:\/\/hubsch-interior.com\/fr\/#\/schema\/logo\/image\/"}}]}},"_links":{"self":[{"href":"https:\/\/hubsch-interior.com\/fr\/wp-json\/wp\/v2\/product\/808128","targetHints":{"allow":["GET"]}}],"collection":[{"href":"https:\/\/hubsch-interior.com\/fr\/wp-json\/wp\/v2\/product"}],"about":[{"href":"https:\/\/hubsch-interior.com\/fr\/wp-json\/wp\/v2\/types\/product"}],"wp:featuredmedia":[{"embeddable":true,"href":"https:\/\/hubsch-interior.com\/fr\/wp-json\/wp\/v2\/media\/1097130"}],"wp:attachment":[{"href":"https:\/\/hubsch-interior.com\/fr\/wp-json\/wp\/v2\/media?parent=808128"}],"wp:term":[{"taxonomy":"product_brand","embeddable":true,"href":"https:\/\/hubsch-interior.com\/fr\/wp-json\/wp\/v2\/product_brand?post=808128"},{"taxonomy":"product_cat","embeddable":true,"href":"https:\/\/hubsch-interior.com\/fr\/wp-json\/wp\/v2\/product_cat?post=808128"},{"taxonomy":"product_tag","embeddable":true,"href":"https:\/\/hubsch-interior.com\/fr\/wp-json\/wp\/v2\/product_tag?post=808128"}],"curies":[{"name":"wp","href":"https:\/\/api.w.org\/{rel}","templated":true}]}}