{"id":808196,"date":"2022-08-23T14:30:19","date_gmt":"2022-08-23T12:30:19","guid":{"rendered":"https:\/\/hubsch-interior.com\/product\/product\/"},"modified":"2026-04-09T04:31:16","modified_gmt":"2026-04-09T02:31:16","slug":"oblique-tabouret-de-bar-naturel","status":"publish","type":"product","link":"https:\/\/hubsch-interior.com\/fr\/produit\/oblique-tabouret-de-bar-naturel\/","title":{"rendered":"Oblique Tabouret de bar Naturel"},"content":{"rendered":"<p>Ce tabouret de bar en bois est une perfection de design responsable et d&#8217;esth\u00e9tisme entrem\u00eal\u00e9. Ce tabouret de bar est fabriqu\u00e9 \u00e0 partir de bois certifi\u00e9 FSC\u00ae, et il est \u00e9galement d\u00e9montable. Avec son dossier incurv\u00e9, son assise confortable et son repose-pieds, il vous assure des heures de d\u00e9tente et de bien-\u00eatre. Il s&#8217;av\u00e8re \u00eatre \u00e9galement une tr\u00e8s bonne id\u00e9e pour votre \u00eelot de cuisine ou votre salle \u00e0 manger. Il appartient \u00e0 la gamme des chaises Oblique, et est \u00e9galement disponible en version laqu\u00e9e noire.<\/p>\n","protected":false},"excerpt":{"rendered":"<p>Ce tabouret de bar en bois est une perfection de design responsable et d&#8217;esth\u00e9tisme entrem\u00eal\u00e9. Ce tabouret de bar est fabriqu\u00e9 \u00e0 partir de bois certifi\u00e9 FSC\u00ae, et il est \u00e9galement d\u00e9montable. Avec son dossier incurv\u00e9, son assise confortable et son repose-pieds, il vous assure des heures de d\u00e9tente et de bien-\u00eatre. Il s&#8217;av\u00e8re \u00eatre [&hellip;]<\/p>\n","protected":false},"featured_media":1097186,"template":"","meta":{"_acf_changed":false,"inline_featured_image":false},"product_brand":[],"product_cat":[6379,6322,2843,4195,5030],"product_tag":[],"class_list":{"0":"post-808196","1":"product","2":"type-product","3":"status-publish","4":"has-post-thumbnail","6":"product_cat-always-a-twist-fr","7":"product_cat-fsc-fr","8":"product_cat-assises-fr","9":"product_cat-tabourets-de-bar-fr","10":"product_cat-de-nouveau-en-stock-fr","11":"product_shipping_class-p05","13":"pa_color-naturel-2","14":"pa_material-bois-de-chne-2","15":"pa_material-htre","16":"pa_material-placage-de-chne-2","18":"first","19":"instock","20":"taxable","21":"shipping-taxable","22":"purchasable","23":"product-type-simple"},"exclude_global_add_ons":[],"addons":[],"acf":[],"yoast_head":"<!-- This site is optimized with the Yoast SEO plugin v26.4 - https:\/\/yoast.com\/wordpress\/plugins\/seo\/ -->\n<title>Oblique Tabouret de bar Naturel - H\u00fcbsch<\/title>\n<meta name=\"description\" content=\"Ce tabouret de bar en bois est une perfection de design responsable et d&#039;esth\u00e9tisme entrem\u00eal\u00e9. Ce tabouret de bar est fabriqu\u00e9 \u00e0 partir de bois certifi\u00e9\" \/>\n<meta name=\"robots\" content=\"index, follow, max-snippet:-1, max-image-preview:large, max-video-preview:-1\" \/>\n<link rel=\"canonical\" href=\"https:\/\/hubsch-interior.com\/fr\/wp-json\/wp\/v2\/product\/808196\" \/>\n<meta property=\"og:locale\" content=\"fr_FR\" \/>\n<meta property=\"og:type\" content=\"article\" \/>\n<meta property=\"og:title\" content=\"Oblique Tabouret de bar Naturel - H\u00fcbsch\" \/>\n<meta property=\"og:description\" content=\"Ce tabouret de bar en bois est une perfection de design responsable et d&#039;esth\u00e9tisme entrem\u00eal\u00e9. Ce tabouret de bar est fabriqu\u00e9 \u00e0 partir de bois certifi\u00e9\" \/>\n<meta property=\"og:url\" content=\"https:\/\/hubsch-interior.com\/fr\/produit\/oblique-tabouret-de-bar-naturel\/\" \/>\n<meta property=\"og:site_name\" content=\"H\u00fcbsch\" \/>\n<meta property=\"article:modified_time\" content=\"2026-04-09T02:31:16+00:00\" \/>\n<meta property=\"og:image\" content=\"https:\/\/hubsch-interior.com\/wp-content\/uploads\/2025\/05\/oblique-bar-stool-natural-c13d1b51c3945d64af1c97952e729fad.jpg\" \/>\n\t<meta property=\"og:image:width\" content=\"1200\" \/>\n\t<meta property=\"og:image:height\" content=\"1200\" \/>\n\t<meta property=\"og:image:type\" content=\"image\/jpeg\" \/>\n<meta name=\"twitter:card\" content=\"summary_large_image\" \/>\n<script type=\"application\/ld+json\" class=\"yoast-schema-graph\">{\"@context\":\"https:\/\/schema.org\",\"@graph\":[{\"@type\":\"WebPage\",\"@id\":\"https:\/\/hubsch-interior.com\/fr\/produit\/oblique-tabouret-de-bar-naturel\/\",\"url\":\"https:\/\/hubsch-interior.com\/fr\/produit\/oblique-tabouret-de-bar-naturel\/\",\"name\":\"Oblique Tabouret de bar Naturel - H\u00fcbsch\",\"isPartOf\":{\"@id\":\"https:\/\/hubsch-interior.com\/fr\/#website\"},\"primaryImageOfPage\":{\"@id\":\"https:\/\/hubsch-interior.com\/fr\/produit\/oblique-tabouret-de-bar-naturel\/#primaryimage\"},\"image\":{\"@id\":\"https:\/\/hubsch-interior.com\/fr\/produit\/oblique-tabouret-de-bar-naturel\/#primaryimage\"},\"thumbnailUrl\":\"https:\/\/hubsch-interior.com\/wp-content\/uploads\/2026\/02\/oblique-bar-stool-natural-0d32d429dbee57639486fa9c07f39321.jpg\",\"datePublished\":\"2022-08-23T12:30:19+00:00\",\"dateModified\":\"2026-04-09T02:31:16+00:00\",\"description\":\"Ce tabouret de bar en bois est une perfection de design responsable et d'esth\u00e9tisme entrem\u00eal\u00e9. Ce tabouret de bar est fabriqu\u00e9 \u00e0 partir de bois certifi\u00e9\",\"breadcrumb\":{\"@id\":\"https:\/\/hubsch-interior.com\/fr\/produit\/oblique-tabouret-de-bar-naturel\/#breadcrumb\"},\"inLanguage\":\"fr-FR\",\"potentialAction\":[{\"@type\":\"ReadAction\",\"target\":[\"https:\/\/hubsch-interior.com\/fr\/produit\/oblique-tabouret-de-bar-naturel\/\"]}]},{\"@type\":\"ImageObject\",\"inLanguage\":\"fr-FR\",\"@id\":\"https:\/\/hubsch-interior.com\/fr\/produit\/oblique-tabouret-de-bar-naturel\/#primaryimage\",\"url\":\"https:\/\/hubsch-interior.com\/wp-content\/uploads\/2026\/02\/oblique-bar-stool-natural-0d32d429dbee57639486fa9c07f39321.jpg\",\"contentUrl\":\"https:\/\/hubsch-interior.com\/wp-content\/uploads\/2026\/02\/oblique-bar-stool-natural-0d32d429dbee57639486fa9c07f39321.jpg\",\"width\":1024,\"height\":1024},{\"@type\":\"BreadcrumbList\",\"@id\":\"https:\/\/hubsch-interior.com\/fr\/produit\/oblique-tabouret-de-bar-naturel\/#breadcrumb\",\"itemListElement\":[{\"@type\":\"ListItem\",\"position\":1,\"name\":\"Page d'accueil\",\"item\":\"https:\/\/hubsch-interior.com\/fr\/\"},{\"@type\":\"ListItem\",\"position\":2,\"name\":\"Produits\",\"item\":\"https:\/\/hubsch-interior.com\/fr\/shop-2\/\"},{\"@type\":\"ListItem\",\"position\":3,\"name\":\"Meubles\",\"item\":\"https:\/\/hubsch-interior.com\/fr\/categorie-produit\/meubles\/\"},{\"@type\":\"ListItem\",\"position\":4,\"name\":\"Assises\",\"item\":\"https:\/\/hubsch-interior.com\/fr\/categorie-produit\/meubles\/assises-fr\/\"},{\"@type\":\"ListItem\",\"position\":5,\"name\":\"Tabourets de bar\",\"item\":\"https:\/\/hubsch-interior.com\/fr\/categorie-produit\/meubles\/assises-fr\/tabourets-de-bar-fr\/\"},{\"@type\":\"ListItem\",\"position\":6,\"name\":\"Oblique Tabouret de bar Naturel\"}]},{\"@type\":\"WebSite\",\"@id\":\"https:\/\/hubsch-interior.com\/fr\/#website\",\"url\":\"https:\/\/hubsch-interior.com\/fr\/\",\"name\":\"H\u00fcbsch\",\"description\":\"Danish Home Interior and Design\",\"publisher\":{\"@id\":\"https:\/\/hubsch-interior.com\/fr\/#organization\"},\"potentialAction\":[{\"@type\":\"SearchAction\",\"target\":{\"@type\":\"EntryPoint\",\"urlTemplate\":\"https:\/\/hubsch-interior.com\/fr\/?s={search_term_string}\"},\"query-input\":{\"@type\":\"PropertyValueSpecification\",\"valueRequired\":true,\"valueName\":\"search_term_string\"}}],\"inLanguage\":\"fr-FR\"},{\"@type\":\"Organization\",\"@id\":\"https:\/\/hubsch-interior.com\/fr\/#organization\",\"name\":\"H\u00fcbsch\",\"url\":\"https:\/\/hubsch-interior.com\/fr\/\",\"logo\":{\"@type\":\"ImageObject\",\"inLanguage\":\"fr-FR\",\"@id\":\"https:\/\/hubsch-interior.com\/fr\/#\/schema\/logo\/image\/\",\"url\":\"https:\/\/hubsch-interior.com\/wp-content\/uploads\/2022\/12\/Hubsch_logo_black_one_line.svg\",\"contentUrl\":\"https:\/\/hubsch-interior.com\/wp-content\/uploads\/2022\/12\/Hubsch_logo_black_one_line.svg\",\"caption\":\"H\u00fcbsch\"},\"image\":{\"@id\":\"https:\/\/hubsch-interior.com\/fr\/#\/schema\/logo\/image\/\"}}]}<\/script>\n<!-- \/ Yoast SEO plugin. -->","yoast_head_json":{"title":"Oblique Tabouret de bar Naturel - H\u00fcbsch","description":"Ce tabouret de bar en bois est une perfection de design responsable et d'esth\u00e9tisme entrem\u00eal\u00e9. Ce tabouret de bar est fabriqu\u00e9 \u00e0 partir de bois certifi\u00e9","robots":{"index":"index","follow":"follow","max-snippet":"max-snippet:-1","max-image-preview":"max-image-preview:large","max-video-preview":"max-video-preview:-1"},"canonical":"https:\/\/hubsch-interior.com\/fr\/wp-json\/wp\/v2\/product\/808196","og_locale":"fr_FR","og_type":"article","og_title":"Oblique Tabouret de bar Naturel - H\u00fcbsch","og_description":"Ce tabouret de bar en bois est une perfection de design responsable et d'esth\u00e9tisme entrem\u00eal\u00e9. Ce tabouret de bar est fabriqu\u00e9 \u00e0 partir de bois certifi\u00e9","og_url":"https:\/\/hubsch-interior.com\/fr\/produit\/oblique-tabouret-de-bar-naturel\/","og_site_name":"H\u00fcbsch","article_modified_time":"2026-04-09T02:31:16+00:00","og_image":[{"width":1200,"height":1200,"url":"https:\/\/hubsch-interior.com\/wp-content\/uploads\/2025\/05\/oblique-bar-stool-natural-c13d1b51c3945d64af1c97952e729fad.jpg","type":"image\/jpeg"}],"twitter_card":"summary_large_image","schema":{"@context":"https:\/\/schema.org","@graph":[{"@type":"WebPage","@id":"https:\/\/hubsch-interior.com\/fr\/produit\/oblique-tabouret-de-bar-naturel\/","url":"https:\/\/hubsch-interior.com\/fr\/produit\/oblique-tabouret-de-bar-naturel\/","name":"Oblique Tabouret de bar Naturel - H\u00fcbsch","isPartOf":{"@id":"https:\/\/hubsch-interior.com\/fr\/#website"},"primaryImageOfPage":{"@id":"https:\/\/hubsch-interior.com\/fr\/produit\/oblique-tabouret-de-bar-naturel\/#primaryimage"},"image":{"@id":"https:\/\/hubsch-interior.com\/fr\/produit\/oblique-tabouret-de-bar-naturel\/#primaryimage"},"thumbnailUrl":"https:\/\/hubsch-interior.com\/wp-content\/uploads\/2026\/02\/oblique-bar-stool-natural-0d32d429dbee57639486fa9c07f39321.jpg","datePublished":"2022-08-23T12:30:19+00:00","dateModified":"2026-04-09T02:31:16+00:00","description":"Ce tabouret de bar en bois est une perfection de design responsable et d'esth\u00e9tisme entrem\u00eal\u00e9. Ce tabouret de bar est fabriqu\u00e9 \u00e0 partir de bois certifi\u00e9","breadcrumb":{"@id":"https:\/\/hubsch-interior.com\/fr\/produit\/oblique-tabouret-de-bar-naturel\/#breadcrumb"},"inLanguage":"fr-FR","potentialAction":[{"@type":"ReadAction","target":["https:\/\/hubsch-interior.com\/fr\/produit\/oblique-tabouret-de-bar-naturel\/"]}]},{"@type":"ImageObject","inLanguage":"fr-FR","@id":"https:\/\/hubsch-interior.com\/fr\/produit\/oblique-tabouret-de-bar-naturel\/#primaryimage","url":"https:\/\/hubsch-interior.com\/wp-content\/uploads\/2026\/02\/oblique-bar-stool-natural-0d32d429dbee57639486fa9c07f39321.jpg","contentUrl":"https:\/\/hubsch-interior.com\/wp-content\/uploads\/2026\/02\/oblique-bar-stool-natural-0d32d429dbee57639486fa9c07f39321.jpg","width":1024,"height":1024},{"@type":"BreadcrumbList","@id":"https:\/\/hubsch-interior.com\/fr\/produit\/oblique-tabouret-de-bar-naturel\/#breadcrumb","itemListElement":[{"@type":"ListItem","position":1,"name":"Page d'accueil","item":"https:\/\/hubsch-interior.com\/fr\/"},{"@type":"ListItem","position":2,"name":"Produits","item":"https:\/\/hubsch-interior.com\/fr\/shop-2\/"},{"@type":"ListItem","position":3,"name":"Meubles","item":"https:\/\/hubsch-interior.com\/fr\/categorie-produit\/meubles\/"},{"@type":"ListItem","position":4,"name":"Assises","item":"https:\/\/hubsch-interior.com\/fr\/categorie-produit\/meubles\/assises-fr\/"},{"@type":"ListItem","position":5,"name":"Tabourets de bar","item":"https:\/\/hubsch-interior.com\/fr\/categorie-produit\/meubles\/assises-fr\/tabourets-de-bar-fr\/"},{"@type":"ListItem","position":6,"name":"Oblique Tabouret de bar Naturel"}]},{"@type":"WebSite","@id":"https:\/\/hubsch-interior.com\/fr\/#website","url":"https:\/\/hubsch-interior.com\/fr\/","name":"H\u00fcbsch","description":"Danish Home Interior and Design","publisher":{"@id":"https:\/\/hubsch-interior.com\/fr\/#organization"},"potentialAction":[{"@type":"SearchAction","target":{"@type":"EntryPoint","urlTemplate":"https:\/\/hubsch-interior.com\/fr\/?s={search_term_string}"},"query-input":{"@type":"PropertyValueSpecification","valueRequired":true,"valueName":"search_term_string"}}],"inLanguage":"fr-FR"},{"@type":"Organization","@id":"https:\/\/hubsch-interior.com\/fr\/#organization","name":"H\u00fcbsch","url":"https:\/\/hubsch-interior.com\/fr\/","logo":{"@type":"ImageObject","inLanguage":"fr-FR","@id":"https:\/\/hubsch-interior.com\/fr\/#\/schema\/logo\/image\/","url":"https:\/\/hubsch-interior.com\/wp-content\/uploads\/2022\/12\/Hubsch_logo_black_one_line.svg","contentUrl":"https:\/\/hubsch-interior.com\/wp-content\/uploads\/2022\/12\/Hubsch_logo_black_one_line.svg","caption":"H\u00fcbsch"},"image":{"@id":"https:\/\/hubsch-interior.com\/fr\/#\/schema\/logo\/image\/"}}]}},"_links":{"self":[{"href":"https:\/\/hubsch-interior.com\/fr\/wp-json\/wp\/v2\/product\/808196","targetHints":{"allow":["GET"]}}],"collection":[{"href":"https:\/\/hubsch-interior.com\/fr\/wp-json\/wp\/v2\/product"}],"about":[{"href":"https:\/\/hubsch-interior.com\/fr\/wp-json\/wp\/v2\/types\/product"}],"wp:featuredmedia":[{"embeddable":true,"href":"https:\/\/hubsch-interior.com\/fr\/wp-json\/wp\/v2\/media\/1097186"}],"wp:attachment":[{"href":"https:\/\/hubsch-interior.com\/fr\/wp-json\/wp\/v2\/media?parent=808196"}],"wp:term":[{"taxonomy":"product_brand","embeddable":true,"href":"https:\/\/hubsch-interior.com\/fr\/wp-json\/wp\/v2\/product_brand?post=808196"},{"taxonomy":"product_cat","embeddable":true,"href":"https:\/\/hubsch-interior.com\/fr\/wp-json\/wp\/v2\/product_cat?post=808196"},{"taxonomy":"product_tag","embeddable":true,"href":"https:\/\/hubsch-interior.com\/fr\/wp-json\/wp\/v2\/product_tag?post=808196"}],"curies":[{"name":"wp","href":"https:\/\/api.w.org\/{rel}","templated":true}]}}