{"id":808316,"date":"2022-08-23T14:32:50","date_gmt":"2022-08-23T12:32:50","guid":{"rendered":"https:\/\/hubsch-interior.com\/product\/product\/"},"modified":"2026-04-23T04:37:11","modified_gmt":"2026-04-23T02:37:11","slug":"flora-globe-aquatique-rouge-pale-vert","status":"publish","type":"product","link":"https:\/\/hubsch-interior.com\/fr\/produit\/flora-globe-aquatique-rouge-pale-vert\/","title":{"rendered":"Flora Globe Aquatique Rouge P\u00e2le\/Vert"},"content":{"rendered":"<p>Si vous aimez les plantes d&#8217;int\u00e9rieur autant que nous, vous allez adorer ce fantastique globe aqua ! Car il s&#8217;agit l\u00e0 d&#8217;un accessoire d&#8217;exception. Cette boule d&#8217;arrosage automatique de fleurs, de couleur rose et verte, magnifiera vos fleurs naturellement et prendra \u00e9galement soin de vos plantes lorsque vous \u00eates absent. Ce globe aqua v\u00e9g\u00e9tal vous permettra de garder la main verte tr\u00e8s longtemps !<\/p>\n","protected":false},"excerpt":{"rendered":"<p>Si vous aimez les plantes d&#8217;int\u00e9rieur autant que nous, vous allez adorer ce fantastique globe aqua ! Car il s&#8217;agit l\u00e0 d&#8217;un accessoire d&#8217;exception. Cette boule d&#8217;arrosage automatique de fleurs, de couleur rose et verte, magnifiera vos fleurs naturellement et prendra \u00e9galement soin de vos plantes lorsque vous \u00eates absent. Ce globe aqua v\u00e9g\u00e9tal vous [&hellip;]<\/p>\n","protected":false},"featured_media":1099111,"template":"","meta":{"_acf_changed":false,"inline_featured_image":false},"product_brand":[],"product_cat":[6943,6379,4914,5016,5026,5030],"product_tag":[],"class_list":{"0":"post-808316","1":"product","2":"type-product","3":"status-publish","4":"has-post-thumbnail","6":"product_cat-bestseller-2025-fr","7":"product_cat-always-a-twist-fr","8":"product_cat-pots-de-fleur-et-arrosior-fr","9":"product_cat-arrosior-fr","10":"product_cat-bestsellers-fr","11":"product_cat-de-nouveau-en-stock-fr","12":"product_shipping_class-pk","14":"pa_color-rouge-ple-2","15":"pa_color-vert-2","16":"pa_material-verre-fr","18":"first","19":"instock","20":"featured","21":"taxable","22":"shipping-taxable","23":"purchasable","24":"product-type-simple"},"exclude_global_add_ons":[],"addons":[],"acf":[],"yoast_head":"<!-- This site is optimized with the Yoast SEO plugin v26.4 - https:\/\/yoast.com\/wordpress\/plugins\/seo\/ -->\n<title>Flora Globe Aquatique Rouge P\u00e2le\/Vert - H\u00fcbsch<\/title>\n<meta name=\"description\" content=\"Si vous aimez les plantes d&#039;int\u00e9rieur autant que nous, vous allez adorer ce fantastique globe aqua ! Car il s&#039;agit l\u00e0 d&#039;un accessoire d&#039;exception. Cette\" \/>\n<meta name=\"robots\" content=\"index, follow, max-snippet:-1, max-image-preview:large, max-video-preview:-1\" \/>\n<link rel=\"canonical\" href=\"https:\/\/hubsch-interior.com\/fr\/wp-json\/wp\/v2\/product\/808316\" \/>\n<meta property=\"og:locale\" content=\"fr_FR\" \/>\n<meta property=\"og:type\" content=\"article\" \/>\n<meta property=\"og:title\" content=\"Flora Globe Aquatique Rouge P\u00e2le\/Vert - H\u00fcbsch\" \/>\n<meta property=\"og:description\" content=\"Si vous aimez les plantes d&#039;int\u00e9rieur autant que nous, vous allez adorer ce fantastique globe aqua ! Car il s&#039;agit l\u00e0 d&#039;un accessoire d&#039;exception. Cette\" \/>\n<meta property=\"og:url\" content=\"https:\/\/hubsch-interior.com\/fr\/produit\/flora-globe-aquatique-rouge-pale-vert\/\" \/>\n<meta property=\"og:site_name\" content=\"H\u00fcbsch\" \/>\n<meta property=\"article:modified_time\" content=\"2026-04-23T02:37:11+00:00\" \/>\n<meta property=\"og:image\" content=\"https:\/\/hubsch-interior.com\/wp-content\/uploads\/2024\/05\/flora-aqua-globe-pinkgreen-3a149eeb8cb879858d31415fe29a6b7b.jpg\" \/>\n\t<meta property=\"og:image:width\" content=\"1200\" \/>\n\t<meta property=\"og:image:height\" content=\"1200\" \/>\n\t<meta property=\"og:image:type\" content=\"image\/jpeg\" \/>\n<meta name=\"twitter:card\" content=\"summary_large_image\" \/>\n<script type=\"application\/ld+json\" class=\"yoast-schema-graph\">{\"@context\":\"https:\/\/schema.org\",\"@graph\":[{\"@type\":\"WebPage\",\"@id\":\"https:\/\/hubsch-interior.com\/fr\/produit\/flora-globe-aquatique-rouge-pale-vert\/\",\"url\":\"https:\/\/hubsch-interior.com\/fr\/produit\/flora-globe-aquatique-rouge-pale-vert\/\",\"name\":\"Flora Globe Aquatique Rouge P\u00e2le\/Vert - H\u00fcbsch\",\"isPartOf\":{\"@id\":\"https:\/\/hubsch-interior.com\/fr\/#website\"},\"primaryImageOfPage\":{\"@id\":\"https:\/\/hubsch-interior.com\/fr\/produit\/flora-globe-aquatique-rouge-pale-vert\/#primaryimage\"},\"image\":{\"@id\":\"https:\/\/hubsch-interior.com\/fr\/produit\/flora-globe-aquatique-rouge-pale-vert\/#primaryimage\"},\"thumbnailUrl\":\"https:\/\/hubsch-interior.com\/wp-content\/uploads\/2026\/02\/flora-aqua-globe-pinkgreen-ad01871085ef4b7d7997300299f62bda.jpg\",\"datePublished\":\"2022-08-23T12:32:50+00:00\",\"dateModified\":\"2026-04-23T02:37:11+00:00\",\"description\":\"Si vous aimez les plantes d'int\u00e9rieur autant que nous, vous allez adorer ce fantastique globe aqua ! Car il s'agit l\u00e0 d'un accessoire d'exception. Cette\",\"breadcrumb\":{\"@id\":\"https:\/\/hubsch-interior.com\/fr\/produit\/flora-globe-aquatique-rouge-pale-vert\/#breadcrumb\"},\"inLanguage\":\"fr-FR\",\"potentialAction\":[{\"@type\":\"ReadAction\",\"target\":[\"https:\/\/hubsch-interior.com\/fr\/produit\/flora-globe-aquatique-rouge-pale-vert\/\"]}]},{\"@type\":\"ImageObject\",\"inLanguage\":\"fr-FR\",\"@id\":\"https:\/\/hubsch-interior.com\/fr\/produit\/flora-globe-aquatique-rouge-pale-vert\/#primaryimage\",\"url\":\"https:\/\/hubsch-interior.com\/wp-content\/uploads\/2026\/02\/flora-aqua-globe-pinkgreen-ad01871085ef4b7d7997300299f62bda.jpg\",\"contentUrl\":\"https:\/\/hubsch-interior.com\/wp-content\/uploads\/2026\/02\/flora-aqua-globe-pinkgreen-ad01871085ef4b7d7997300299f62bda.jpg\",\"width\":1024,\"height\":1024},{\"@type\":\"BreadcrumbList\",\"@id\":\"https:\/\/hubsch-interior.com\/fr\/produit\/flora-globe-aquatique-rouge-pale-vert\/#breadcrumb\",\"itemListElement\":[{\"@type\":\"ListItem\",\"position\":1,\"name\":\"Page d'accueil\",\"item\":\"https:\/\/hubsch-interior.com\/fr\/\"},{\"@type\":\"ListItem\",\"position\":2,\"name\":\"Produits\",\"item\":\"https:\/\/hubsch-interior.com\/fr\/shop-2\/\"},{\"@type\":\"ListItem\",\"position\":3,\"name\":\"Accessoires maison\",\"item\":\"https:\/\/hubsch-interior.com\/fr\/categorie-produit\/accessoires-maison\/\"},{\"@type\":\"ListItem\",\"position\":4,\"name\":\"Pots de fleur et arrosior\",\"item\":\"https:\/\/hubsch-interior.com\/fr\/categorie-produit\/accessoires-maison\/pots-de-fleur-et-arrosior-fr\/\"},{\"@type\":\"ListItem\",\"position\":5,\"name\":\"Arrosior\",\"item\":\"https:\/\/hubsch-interior.com\/fr\/categorie-produit\/accessoires-maison\/pots-de-fleur-et-arrosior-fr\/arrosior-fr\/\"},{\"@type\":\"ListItem\",\"position\":6,\"name\":\"Flora Globe Aquatique Rouge P\u00e2le\/Vert\"}]},{\"@type\":\"WebSite\",\"@id\":\"https:\/\/hubsch-interior.com\/fr\/#website\",\"url\":\"https:\/\/hubsch-interior.com\/fr\/\",\"name\":\"H\u00fcbsch\",\"description\":\"Danish Home Interior and Design\",\"publisher\":{\"@id\":\"https:\/\/hubsch-interior.com\/fr\/#organization\"},\"potentialAction\":[{\"@type\":\"SearchAction\",\"target\":{\"@type\":\"EntryPoint\",\"urlTemplate\":\"https:\/\/hubsch-interior.com\/fr\/?s={search_term_string}\"},\"query-input\":{\"@type\":\"PropertyValueSpecification\",\"valueRequired\":true,\"valueName\":\"search_term_string\"}}],\"inLanguage\":\"fr-FR\"},{\"@type\":\"Organization\",\"@id\":\"https:\/\/hubsch-interior.com\/fr\/#organization\",\"name\":\"H\u00fcbsch\",\"url\":\"https:\/\/hubsch-interior.com\/fr\/\",\"logo\":{\"@type\":\"ImageObject\",\"inLanguage\":\"fr-FR\",\"@id\":\"https:\/\/hubsch-interior.com\/fr\/#\/schema\/logo\/image\/\",\"url\":\"https:\/\/hubsch-interior.com\/wp-content\/uploads\/2022\/12\/Hubsch_logo_black_one_line.svg\",\"contentUrl\":\"https:\/\/hubsch-interior.com\/wp-content\/uploads\/2022\/12\/Hubsch_logo_black_one_line.svg\",\"caption\":\"H\u00fcbsch\"},\"image\":{\"@id\":\"https:\/\/hubsch-interior.com\/fr\/#\/schema\/logo\/image\/\"}}]}<\/script>\n<!-- \/ Yoast SEO plugin. -->","yoast_head_json":{"title":"Flora Globe Aquatique Rouge P\u00e2le\/Vert - H\u00fcbsch","description":"Si vous aimez les plantes d'int\u00e9rieur autant que nous, vous allez adorer ce fantastique globe aqua ! Car il s'agit l\u00e0 d'un accessoire d'exception. Cette","robots":{"index":"index","follow":"follow","max-snippet":"max-snippet:-1","max-image-preview":"max-image-preview:large","max-video-preview":"max-video-preview:-1"},"canonical":"https:\/\/hubsch-interior.com\/fr\/wp-json\/wp\/v2\/product\/808316","og_locale":"fr_FR","og_type":"article","og_title":"Flora Globe Aquatique Rouge P\u00e2le\/Vert - H\u00fcbsch","og_description":"Si vous aimez les plantes d'int\u00e9rieur autant que nous, vous allez adorer ce fantastique globe aqua ! Car il s'agit l\u00e0 d'un accessoire d'exception. Cette","og_url":"https:\/\/hubsch-interior.com\/fr\/produit\/flora-globe-aquatique-rouge-pale-vert\/","og_site_name":"H\u00fcbsch","article_modified_time":"2026-04-23T02:37:11+00:00","og_image":[{"width":1200,"height":1200,"url":"https:\/\/hubsch-interior.com\/wp-content\/uploads\/2024\/05\/flora-aqua-globe-pinkgreen-3a149eeb8cb879858d31415fe29a6b7b.jpg","type":"image\/jpeg"}],"twitter_card":"summary_large_image","schema":{"@context":"https:\/\/schema.org","@graph":[{"@type":"WebPage","@id":"https:\/\/hubsch-interior.com\/fr\/produit\/flora-globe-aquatique-rouge-pale-vert\/","url":"https:\/\/hubsch-interior.com\/fr\/produit\/flora-globe-aquatique-rouge-pale-vert\/","name":"Flora Globe Aquatique Rouge P\u00e2le\/Vert - H\u00fcbsch","isPartOf":{"@id":"https:\/\/hubsch-interior.com\/fr\/#website"},"primaryImageOfPage":{"@id":"https:\/\/hubsch-interior.com\/fr\/produit\/flora-globe-aquatique-rouge-pale-vert\/#primaryimage"},"image":{"@id":"https:\/\/hubsch-interior.com\/fr\/produit\/flora-globe-aquatique-rouge-pale-vert\/#primaryimage"},"thumbnailUrl":"https:\/\/hubsch-interior.com\/wp-content\/uploads\/2026\/02\/flora-aqua-globe-pinkgreen-ad01871085ef4b7d7997300299f62bda.jpg","datePublished":"2022-08-23T12:32:50+00:00","dateModified":"2026-04-23T02:37:11+00:00","description":"Si vous aimez les plantes d'int\u00e9rieur autant que nous, vous allez adorer ce fantastique globe aqua ! Car il s'agit l\u00e0 d'un accessoire d'exception. Cette","breadcrumb":{"@id":"https:\/\/hubsch-interior.com\/fr\/produit\/flora-globe-aquatique-rouge-pale-vert\/#breadcrumb"},"inLanguage":"fr-FR","potentialAction":[{"@type":"ReadAction","target":["https:\/\/hubsch-interior.com\/fr\/produit\/flora-globe-aquatique-rouge-pale-vert\/"]}]},{"@type":"ImageObject","inLanguage":"fr-FR","@id":"https:\/\/hubsch-interior.com\/fr\/produit\/flora-globe-aquatique-rouge-pale-vert\/#primaryimage","url":"https:\/\/hubsch-interior.com\/wp-content\/uploads\/2026\/02\/flora-aqua-globe-pinkgreen-ad01871085ef4b7d7997300299f62bda.jpg","contentUrl":"https:\/\/hubsch-interior.com\/wp-content\/uploads\/2026\/02\/flora-aqua-globe-pinkgreen-ad01871085ef4b7d7997300299f62bda.jpg","width":1024,"height":1024},{"@type":"BreadcrumbList","@id":"https:\/\/hubsch-interior.com\/fr\/produit\/flora-globe-aquatique-rouge-pale-vert\/#breadcrumb","itemListElement":[{"@type":"ListItem","position":1,"name":"Page d'accueil","item":"https:\/\/hubsch-interior.com\/fr\/"},{"@type":"ListItem","position":2,"name":"Produits","item":"https:\/\/hubsch-interior.com\/fr\/shop-2\/"},{"@type":"ListItem","position":3,"name":"Accessoires maison","item":"https:\/\/hubsch-interior.com\/fr\/categorie-produit\/accessoires-maison\/"},{"@type":"ListItem","position":4,"name":"Pots de fleur et arrosior","item":"https:\/\/hubsch-interior.com\/fr\/categorie-produit\/accessoires-maison\/pots-de-fleur-et-arrosior-fr\/"},{"@type":"ListItem","position":5,"name":"Arrosior","item":"https:\/\/hubsch-interior.com\/fr\/categorie-produit\/accessoires-maison\/pots-de-fleur-et-arrosior-fr\/arrosior-fr\/"},{"@type":"ListItem","position":6,"name":"Flora Globe Aquatique Rouge P\u00e2le\/Vert"}]},{"@type":"WebSite","@id":"https:\/\/hubsch-interior.com\/fr\/#website","url":"https:\/\/hubsch-interior.com\/fr\/","name":"H\u00fcbsch","description":"Danish Home Interior and Design","publisher":{"@id":"https:\/\/hubsch-interior.com\/fr\/#organization"},"potentialAction":[{"@type":"SearchAction","target":{"@type":"EntryPoint","urlTemplate":"https:\/\/hubsch-interior.com\/fr\/?s={search_term_string}"},"query-input":{"@type":"PropertyValueSpecification","valueRequired":true,"valueName":"search_term_string"}}],"inLanguage":"fr-FR"},{"@type":"Organization","@id":"https:\/\/hubsch-interior.com\/fr\/#organization","name":"H\u00fcbsch","url":"https:\/\/hubsch-interior.com\/fr\/","logo":{"@type":"ImageObject","inLanguage":"fr-FR","@id":"https:\/\/hubsch-interior.com\/fr\/#\/schema\/logo\/image\/","url":"https:\/\/hubsch-interior.com\/wp-content\/uploads\/2022\/12\/Hubsch_logo_black_one_line.svg","contentUrl":"https:\/\/hubsch-interior.com\/wp-content\/uploads\/2022\/12\/Hubsch_logo_black_one_line.svg","caption":"H\u00fcbsch"},"image":{"@id":"https:\/\/hubsch-interior.com\/fr\/#\/schema\/logo\/image\/"}}]}},"_links":{"self":[{"href":"https:\/\/hubsch-interior.com\/fr\/wp-json\/wp\/v2\/product\/808316","targetHints":{"allow":["GET"]}}],"collection":[{"href":"https:\/\/hubsch-interior.com\/fr\/wp-json\/wp\/v2\/product"}],"about":[{"href":"https:\/\/hubsch-interior.com\/fr\/wp-json\/wp\/v2\/types\/product"}],"wp:featuredmedia":[{"embeddable":true,"href":"https:\/\/hubsch-interior.com\/fr\/wp-json\/wp\/v2\/media\/1099111"}],"wp:attachment":[{"href":"https:\/\/hubsch-interior.com\/fr\/wp-json\/wp\/v2\/media?parent=808316"}],"wp:term":[{"taxonomy":"product_brand","embeddable":true,"href":"https:\/\/hubsch-interior.com\/fr\/wp-json\/wp\/v2\/product_brand?post=808316"},{"taxonomy":"product_cat","embeddable":true,"href":"https:\/\/hubsch-interior.com\/fr\/wp-json\/wp\/v2\/product_cat?post=808316"},{"taxonomy":"product_tag","embeddable":true,"href":"https:\/\/hubsch-interior.com\/fr\/wp-json\/wp\/v2\/product_tag?post=808316"}],"curies":[{"name":"wp","href":"https:\/\/api.w.org\/{rel}","templated":true}]}}