{"id":808460,"date":"2022-08-23T14:35:26","date_gmt":"2022-08-23T12:35:26","guid":{"rendered":"https:\/\/hubsch-interior.com\/product\/product\/"},"modified":"2026-04-12T04:52:11","modified_gmt":"2026-04-12T02:52:11","slug":"solution-etagere-naturel","status":"publish","type":"product","link":"https:\/\/hubsch-interior.com\/fr\/produit\/solution-etagere-naturel\/","title":{"rendered":"Solution \u00c9tag\u00e8re Naturel"},"content":{"rendered":"<p>Parfois dans votre habitat, il arrive que vous ayez des lieux un peu vide ou triste. C&#8217;est sans doute pour cette raison que ces \u00e9tag\u00e8res ont \u00e9t\u00e9 imagin\u00e9es. Cet \u00e9l\u00e9ment de mobilier Solution est une \u00e9tag\u00e8re avec trois niveaux pour les plantes, les livres, les magazines ou tout ce qui vous inspire ! Am\u00e9nagez ces \u00e9tag\u00e8res, donnez leur vie et profitez de ce nouvel am\u00e9nagement !<\/p>\n","protected":false},"excerpt":{"rendered":"<p>Parfois dans votre habitat, il arrive que vous ayez des lieux un peu vide ou triste. C&#8217;est sans doute pour cette raison que ces \u00e9tag\u00e8res ont \u00e9t\u00e9 imagin\u00e9es. Cet \u00e9l\u00e9ment de mobilier Solution est une \u00e9tag\u00e8re avec trois niveaux pour les plantes, les livres, les magazines ou tout ce qui vous inspire ! Am\u00e9nagez ces [&hellip;]<\/p>\n","protected":false},"featured_media":1103063,"template":"","meta":{"_acf_changed":false,"inline_featured_image":false},"product_brand":[],"product_cat":[6379,4011,5030,4001,6322],"product_tag":[],"class_list":{"0":"post-808460","1":"product","2":"type-product","3":"status-publish","4":"has-post-thumbnail","6":"product_cat-always-a-twist-fr","7":"product_cat-bibliotheques-fr","8":"product_cat-de-nouveau-en-stock-fr","9":"product_cat-etageres-et-meubles-de-rangement-fr","10":"product_cat-fsc-fr","11":"product_shipping_class-pk","13":"pa_color-naturel-2","14":"pa_material-bois-de-chne-2","15":"pa_material-mdf-fr","16":"pa_material-placage-de-chne-2","18":"first","19":"instock","20":"taxable","21":"shipping-taxable","22":"purchasable","23":"product-type-simple"},"exclude_global_add_ons":[],"addons":[],"acf":[],"yoast_head":"<!-- This site is optimized with the Yoast SEO plugin v26.4 - https:\/\/yoast.com\/wordpress\/plugins\/seo\/ -->\n<title>Solution \u00c9tag\u00e8re Naturel - H\u00fcbsch<\/title>\n<meta name=\"description\" content=\"Parfois dans votre habitat, il arrive que vous ayez des lieux un peu vide ou triste. C&#039;est sans doute pour cette raison que ces \u00e9tag\u00e8res ont \u00e9t\u00e9\" \/>\n<meta name=\"robots\" content=\"index, follow, max-snippet:-1, max-image-preview:large, max-video-preview:-1\" \/>\n<link rel=\"canonical\" href=\"https:\/\/hubsch-interior.com\/fr\/wp-json\/wp\/v2\/product\/808460\" \/>\n<meta property=\"og:locale\" content=\"fr_FR\" \/>\n<meta property=\"og:type\" content=\"article\" \/>\n<meta property=\"og:title\" content=\"Solution \u00c9tag\u00e8re Naturel - H\u00fcbsch\" \/>\n<meta property=\"og:description\" content=\"Parfois dans votre habitat, il arrive que vous ayez des lieux un peu vide ou triste. C&#039;est sans doute pour cette raison que ces \u00e9tag\u00e8res ont \u00e9t\u00e9\" \/>\n<meta property=\"og:url\" content=\"https:\/\/hubsch-interior.com\/fr\/produit\/solution-etagere-naturel\/\" \/>\n<meta property=\"og:site_name\" content=\"H\u00fcbsch\" \/>\n<meta property=\"article:modified_time\" content=\"2026-04-12T02:52:11+00:00\" \/>\n<meta property=\"og:image\" content=\"https:\/\/hubsch-interior.com\/wp-content\/uploads\/2023\/08\/solution-shelf-unit-natural-be81e29b219eda9fc745269b46b7bd35.jpg\" \/>\n\t<meta property=\"og:image:width\" content=\"1200\" \/>\n\t<meta property=\"og:image:height\" content=\"1200\" \/>\n\t<meta property=\"og:image:type\" content=\"image\/jpeg\" \/>\n<meta name=\"twitter:card\" content=\"summary_large_image\" \/>\n<script type=\"application\/ld+json\" class=\"yoast-schema-graph\">{\"@context\":\"https:\/\/schema.org\",\"@graph\":[{\"@type\":\"WebPage\",\"@id\":\"https:\/\/hubsch-interior.com\/fr\/produit\/solution-etagere-naturel\/\",\"url\":\"https:\/\/hubsch-interior.com\/fr\/produit\/solution-etagere-naturel\/\",\"name\":\"Solution \u00c9tag\u00e8re Naturel - H\u00fcbsch\",\"isPartOf\":{\"@id\":\"https:\/\/hubsch-interior.com\/fr\/#website\"},\"primaryImageOfPage\":{\"@id\":\"https:\/\/hubsch-interior.com\/fr\/produit\/solution-etagere-naturel\/#primaryimage\"},\"image\":{\"@id\":\"https:\/\/hubsch-interior.com\/fr\/produit\/solution-etagere-naturel\/#primaryimage\"},\"thumbnailUrl\":\"https:\/\/hubsch-interior.com\/wp-content\/uploads\/2026\/02\/solution-shelf-unit-natural-619f3ec45d0455b0a03e7941b9b7fff7.jpg\",\"datePublished\":\"2022-08-23T12:35:26+00:00\",\"dateModified\":\"2026-04-12T02:52:11+00:00\",\"description\":\"Parfois dans votre habitat, il arrive que vous ayez des lieux un peu vide ou triste. C'est sans doute pour cette raison que ces \u00e9tag\u00e8res ont \u00e9t\u00e9\",\"breadcrumb\":{\"@id\":\"https:\/\/hubsch-interior.com\/fr\/produit\/solution-etagere-naturel\/#breadcrumb\"},\"inLanguage\":\"fr-FR\",\"potentialAction\":[{\"@type\":\"ReadAction\",\"target\":[\"https:\/\/hubsch-interior.com\/fr\/produit\/solution-etagere-naturel\/\"]}]},{\"@type\":\"ImageObject\",\"inLanguage\":\"fr-FR\",\"@id\":\"https:\/\/hubsch-interior.com\/fr\/produit\/solution-etagere-naturel\/#primaryimage\",\"url\":\"https:\/\/hubsch-interior.com\/wp-content\/uploads\/2026\/02\/solution-shelf-unit-natural-619f3ec45d0455b0a03e7941b9b7fff7.jpg\",\"contentUrl\":\"https:\/\/hubsch-interior.com\/wp-content\/uploads\/2026\/02\/solution-shelf-unit-natural-619f3ec45d0455b0a03e7941b9b7fff7.jpg\",\"width\":1024,\"height\":1024},{\"@type\":\"BreadcrumbList\",\"@id\":\"https:\/\/hubsch-interior.com\/fr\/produit\/solution-etagere-naturel\/#breadcrumb\",\"itemListElement\":[{\"@type\":\"ListItem\",\"position\":1,\"name\":\"Page d'accueil\",\"item\":\"https:\/\/hubsch-interior.com\/fr\/\"},{\"@type\":\"ListItem\",\"position\":2,\"name\":\"Produits\",\"item\":\"https:\/\/hubsch-interior.com\/fr\/shop-2\/\"},{\"@type\":\"ListItem\",\"position\":3,\"name\":\"Meubles\",\"item\":\"https:\/\/hubsch-interior.com\/fr\/categorie-produit\/meubles\/\"},{\"@type\":\"ListItem\",\"position\":4,\"name\":\"Etag&egrave;res et meubles de rangement\",\"item\":\"https:\/\/hubsch-interior.com\/fr\/categorie-produit\/meubles\/etageres-et-meubles-de-rangement-fr\/\"},{\"@type\":\"ListItem\",\"position\":5,\"name\":\"Biblioth&egrave;ques\",\"item\":\"https:\/\/hubsch-interior.com\/fr\/categorie-produit\/meubles\/etageres-et-meubles-de-rangement-fr\/bibliotheques-fr\/\"},{\"@type\":\"ListItem\",\"position\":6,\"name\":\"Solution \u00c9tag\u00e8re Naturel\"}]},{\"@type\":\"WebSite\",\"@id\":\"https:\/\/hubsch-interior.com\/fr\/#website\",\"url\":\"https:\/\/hubsch-interior.com\/fr\/\",\"name\":\"H\u00fcbsch\",\"description\":\"Danish Home Interior and Design\",\"publisher\":{\"@id\":\"https:\/\/hubsch-interior.com\/fr\/#organization\"},\"potentialAction\":[{\"@type\":\"SearchAction\",\"target\":{\"@type\":\"EntryPoint\",\"urlTemplate\":\"https:\/\/hubsch-interior.com\/fr\/?s={search_term_string}\"},\"query-input\":{\"@type\":\"PropertyValueSpecification\",\"valueRequired\":true,\"valueName\":\"search_term_string\"}}],\"inLanguage\":\"fr-FR\"},{\"@type\":\"Organization\",\"@id\":\"https:\/\/hubsch-interior.com\/fr\/#organization\",\"name\":\"H\u00fcbsch\",\"url\":\"https:\/\/hubsch-interior.com\/fr\/\",\"logo\":{\"@type\":\"ImageObject\",\"inLanguage\":\"fr-FR\",\"@id\":\"https:\/\/hubsch-interior.com\/fr\/#\/schema\/logo\/image\/\",\"url\":\"https:\/\/hubsch-interior.com\/wp-content\/uploads\/2022\/12\/Hubsch_logo_black_one_line.svg\",\"contentUrl\":\"https:\/\/hubsch-interior.com\/wp-content\/uploads\/2022\/12\/Hubsch_logo_black_one_line.svg\",\"caption\":\"H\u00fcbsch\"},\"image\":{\"@id\":\"https:\/\/hubsch-interior.com\/fr\/#\/schema\/logo\/image\/\"}}]}<\/script>\n<!-- \/ Yoast SEO plugin. -->","yoast_head_json":{"title":"Solution \u00c9tag\u00e8re Naturel - H\u00fcbsch","description":"Parfois dans votre habitat, il arrive que vous ayez des lieux un peu vide ou triste. C'est sans doute pour cette raison que ces \u00e9tag\u00e8res ont \u00e9t\u00e9","robots":{"index":"index","follow":"follow","max-snippet":"max-snippet:-1","max-image-preview":"max-image-preview:large","max-video-preview":"max-video-preview:-1"},"canonical":"https:\/\/hubsch-interior.com\/fr\/wp-json\/wp\/v2\/product\/808460","og_locale":"fr_FR","og_type":"article","og_title":"Solution \u00c9tag\u00e8re Naturel - H\u00fcbsch","og_description":"Parfois dans votre habitat, il arrive que vous ayez des lieux un peu vide ou triste. C'est sans doute pour cette raison que ces \u00e9tag\u00e8res ont \u00e9t\u00e9","og_url":"https:\/\/hubsch-interior.com\/fr\/produit\/solution-etagere-naturel\/","og_site_name":"H\u00fcbsch","article_modified_time":"2026-04-12T02:52:11+00:00","og_image":[{"width":1200,"height":1200,"url":"https:\/\/hubsch-interior.com\/wp-content\/uploads\/2023\/08\/solution-shelf-unit-natural-be81e29b219eda9fc745269b46b7bd35.jpg","type":"image\/jpeg"}],"twitter_card":"summary_large_image","schema":{"@context":"https:\/\/schema.org","@graph":[{"@type":"WebPage","@id":"https:\/\/hubsch-interior.com\/fr\/produit\/solution-etagere-naturel\/","url":"https:\/\/hubsch-interior.com\/fr\/produit\/solution-etagere-naturel\/","name":"Solution \u00c9tag\u00e8re Naturel - H\u00fcbsch","isPartOf":{"@id":"https:\/\/hubsch-interior.com\/fr\/#website"},"primaryImageOfPage":{"@id":"https:\/\/hubsch-interior.com\/fr\/produit\/solution-etagere-naturel\/#primaryimage"},"image":{"@id":"https:\/\/hubsch-interior.com\/fr\/produit\/solution-etagere-naturel\/#primaryimage"},"thumbnailUrl":"https:\/\/hubsch-interior.com\/wp-content\/uploads\/2026\/02\/solution-shelf-unit-natural-619f3ec45d0455b0a03e7941b9b7fff7.jpg","datePublished":"2022-08-23T12:35:26+00:00","dateModified":"2026-04-12T02:52:11+00:00","description":"Parfois dans votre habitat, il arrive que vous ayez des lieux un peu vide ou triste. C'est sans doute pour cette raison que ces \u00e9tag\u00e8res ont \u00e9t\u00e9","breadcrumb":{"@id":"https:\/\/hubsch-interior.com\/fr\/produit\/solution-etagere-naturel\/#breadcrumb"},"inLanguage":"fr-FR","potentialAction":[{"@type":"ReadAction","target":["https:\/\/hubsch-interior.com\/fr\/produit\/solution-etagere-naturel\/"]}]},{"@type":"ImageObject","inLanguage":"fr-FR","@id":"https:\/\/hubsch-interior.com\/fr\/produit\/solution-etagere-naturel\/#primaryimage","url":"https:\/\/hubsch-interior.com\/wp-content\/uploads\/2026\/02\/solution-shelf-unit-natural-619f3ec45d0455b0a03e7941b9b7fff7.jpg","contentUrl":"https:\/\/hubsch-interior.com\/wp-content\/uploads\/2026\/02\/solution-shelf-unit-natural-619f3ec45d0455b0a03e7941b9b7fff7.jpg","width":1024,"height":1024},{"@type":"BreadcrumbList","@id":"https:\/\/hubsch-interior.com\/fr\/produit\/solution-etagere-naturel\/#breadcrumb","itemListElement":[{"@type":"ListItem","position":1,"name":"Page d'accueil","item":"https:\/\/hubsch-interior.com\/fr\/"},{"@type":"ListItem","position":2,"name":"Produits","item":"https:\/\/hubsch-interior.com\/fr\/shop-2\/"},{"@type":"ListItem","position":3,"name":"Meubles","item":"https:\/\/hubsch-interior.com\/fr\/categorie-produit\/meubles\/"},{"@type":"ListItem","position":4,"name":"Etag&egrave;res et meubles de rangement","item":"https:\/\/hubsch-interior.com\/fr\/categorie-produit\/meubles\/etageres-et-meubles-de-rangement-fr\/"},{"@type":"ListItem","position":5,"name":"Biblioth&egrave;ques","item":"https:\/\/hubsch-interior.com\/fr\/categorie-produit\/meubles\/etageres-et-meubles-de-rangement-fr\/bibliotheques-fr\/"},{"@type":"ListItem","position":6,"name":"Solution \u00c9tag\u00e8re Naturel"}]},{"@type":"WebSite","@id":"https:\/\/hubsch-interior.com\/fr\/#website","url":"https:\/\/hubsch-interior.com\/fr\/","name":"H\u00fcbsch","description":"Danish Home Interior and Design","publisher":{"@id":"https:\/\/hubsch-interior.com\/fr\/#organization"},"potentialAction":[{"@type":"SearchAction","target":{"@type":"EntryPoint","urlTemplate":"https:\/\/hubsch-interior.com\/fr\/?s={search_term_string}"},"query-input":{"@type":"PropertyValueSpecification","valueRequired":true,"valueName":"search_term_string"}}],"inLanguage":"fr-FR"},{"@type":"Organization","@id":"https:\/\/hubsch-interior.com\/fr\/#organization","name":"H\u00fcbsch","url":"https:\/\/hubsch-interior.com\/fr\/","logo":{"@type":"ImageObject","inLanguage":"fr-FR","@id":"https:\/\/hubsch-interior.com\/fr\/#\/schema\/logo\/image\/","url":"https:\/\/hubsch-interior.com\/wp-content\/uploads\/2022\/12\/Hubsch_logo_black_one_line.svg","contentUrl":"https:\/\/hubsch-interior.com\/wp-content\/uploads\/2022\/12\/Hubsch_logo_black_one_line.svg","caption":"H\u00fcbsch"},"image":{"@id":"https:\/\/hubsch-interior.com\/fr\/#\/schema\/logo\/image\/"}}]}},"_links":{"self":[{"href":"https:\/\/hubsch-interior.com\/fr\/wp-json\/wp\/v2\/product\/808460","targetHints":{"allow":["GET"]}}],"collection":[{"href":"https:\/\/hubsch-interior.com\/fr\/wp-json\/wp\/v2\/product"}],"about":[{"href":"https:\/\/hubsch-interior.com\/fr\/wp-json\/wp\/v2\/types\/product"}],"wp:featuredmedia":[{"embeddable":true,"href":"https:\/\/hubsch-interior.com\/fr\/wp-json\/wp\/v2\/media\/1103063"}],"wp:attachment":[{"href":"https:\/\/hubsch-interior.com\/fr\/wp-json\/wp\/v2\/media?parent=808460"}],"wp:term":[{"taxonomy":"product_brand","embeddable":true,"href":"https:\/\/hubsch-interior.com\/fr\/wp-json\/wp\/v2\/product_brand?post=808460"},{"taxonomy":"product_cat","embeddable":true,"href":"https:\/\/hubsch-interior.com\/fr\/wp-json\/wp\/v2\/product_cat?post=808460"},{"taxonomy":"product_tag","embeddable":true,"href":"https:\/\/hubsch-interior.com\/fr\/wp-json\/wp\/v2\/product_tag?post=808460"}],"curies":[{"name":"wp","href":"https:\/\/api.w.org\/{rel}","templated":true}]}}