{"id":808684,"date":"2022-08-23T14:38:58","date_gmt":"2022-08-23T12:38:58","guid":{"rendered":"https:\/\/hubsch-interior.com\/product\/product\/"},"modified":"2026-04-09T04:51:10","modified_gmt":"2026-04-09T02:51:10","slug":"nomad-pot-de-fleurs-large-naturel","status":"publish","type":"product","link":"https:\/\/hubsch-interior.com\/fr\/produit\/nomad-pot-de-fleurs-large-naturel\/","title":{"rendered":"Nomad Pot de fleurs Large Naturel"},"content":{"rendered":"<p>Cr\u00e9er une ambiance v\u00e9g\u00e9tale avec diff\u00e9rentes plantes et succulents est tr\u00e8s tendance. Ce petit support de plantes en bois apporte un c\u00f4t\u00e9 chaleureux et aussi un certain contraste avec le vert des plantes. Fabriqu\u00e9 \u00e0 partir de bois certifi\u00e9 FSC\u00ae, ce support pour plantes sera un \u00e9l\u00e9ment \u00e0 part enti\u00e8re de votre d\u00e9coration int\u00e9rieure tout en mettant en valeur votre c\u00f4t\u00e9 v\u00e9g\u00e9tal.<\/p>\n","protected":false},"excerpt":{"rendered":"<p>Cr\u00e9er une ambiance v\u00e9g\u00e9tale avec diff\u00e9rentes plantes et succulents est tr\u00e8s tendance. Ce petit support de plantes en bois apporte un c\u00f4t\u00e9 chaleureux et aussi un certain contraste avec le vert des plantes. Fabriqu\u00e9 \u00e0 partir de bois certifi\u00e9 FSC\u00ae, ce support pour plantes sera un \u00e9l\u00e9ment \u00e0 part enti\u00e8re de votre d\u00e9coration int\u00e9rieure tout [&hellip;]<\/p>\n","protected":false},"featured_media":1103308,"template":"","meta":{"_acf_changed":false,"inline_featured_image":false},"product_brand":[],"product_cat":[6379,6322,5026,4914,4915],"product_tag":[],"class_list":{"0":"post-808684","1":"product","2":"type-product","3":"status-publish","4":"has-post-thumbnail","6":"product_cat-always-a-twist-fr","7":"product_cat-fsc-fr","8":"product_cat-bestsellers-fr","9":"product_cat-pots-de-fleur-et-arrosior-fr","10":"product_cat-pots-de-fleurs-fr","11":"product_shipping_class-pk","13":"pa_color-naturel-2","14":"pa_material-mdf-fr","15":"pa_material-placage-de-chne-2","17":"first","18":"instock","19":"featured","20":"taxable","21":"shipping-taxable","22":"purchasable","23":"product-type-simple"},"exclude_global_add_ons":[],"addons":[],"acf":[],"yoast_head":"<!-- This site is optimized with the Yoast SEO plugin v26.4 - https:\/\/yoast.com\/wordpress\/plugins\/seo\/ -->\n<title>Nomad Pot de fleurs Large Naturel - H\u00fcbsch<\/title>\n<meta name=\"description\" content=\"Cr\u00e9er une ambiance v\u00e9g\u00e9tale avec diff\u00e9rentes plantes et succulents est tr\u00e8s tendance. Ce petit support de plantes en bois apporte un c\u00f4t\u00e9 chaleureux et\" \/>\n<meta name=\"robots\" content=\"index, follow, max-snippet:-1, max-image-preview:large, max-video-preview:-1\" \/>\n<link rel=\"canonical\" href=\"https:\/\/hubsch-interior.com\/fr\/wp-json\/wp\/v2\/product\/808684\" \/>\n<meta property=\"og:locale\" content=\"fr_FR\" \/>\n<meta property=\"og:type\" content=\"article\" \/>\n<meta property=\"og:title\" content=\"Nomad Pot de fleurs Large Naturel - H\u00fcbsch\" \/>\n<meta property=\"og:description\" content=\"Cr\u00e9er une ambiance v\u00e9g\u00e9tale avec diff\u00e9rentes plantes et succulents est tr\u00e8s tendance. Ce petit support de plantes en bois apporte un c\u00f4t\u00e9 chaleureux et\" \/>\n<meta property=\"og:url\" content=\"https:\/\/hubsch-interior.com\/fr\/produit\/nomad-pot-de-fleurs-large-naturel\/\" \/>\n<meta property=\"og:site_name\" content=\"H\u00fcbsch\" \/>\n<meta property=\"article:modified_time\" content=\"2026-04-09T02:51:10+00:00\" \/>\n<meta property=\"og:image\" content=\"https:\/\/hubsch-interior.com\/wp-content\/uploads\/2023\/08\/nomad-plant-stand-low-natural-672a71bcd755dc96ffb2db420bb5da79.jpg\" \/>\n\t<meta property=\"og:image:width\" content=\"1200\" \/>\n\t<meta property=\"og:image:height\" content=\"1200\" \/>\n\t<meta property=\"og:image:type\" content=\"image\/jpeg\" \/>\n<meta name=\"twitter:card\" content=\"summary_large_image\" \/>\n<script type=\"application\/ld+json\" class=\"yoast-schema-graph\">{\"@context\":\"https:\/\/schema.org\",\"@graph\":[{\"@type\":\"WebPage\",\"@id\":\"https:\/\/hubsch-interior.com\/fr\/produit\/nomad-pot-de-fleurs-large-naturel\/\",\"url\":\"https:\/\/hubsch-interior.com\/fr\/produit\/nomad-pot-de-fleurs-large-naturel\/\",\"name\":\"Nomad Pot de fleurs Large Naturel - H\u00fcbsch\",\"isPartOf\":{\"@id\":\"https:\/\/hubsch-interior.com\/fr\/#website\"},\"primaryImageOfPage\":{\"@id\":\"https:\/\/hubsch-interior.com\/fr\/produit\/nomad-pot-de-fleurs-large-naturel\/#primaryimage\"},\"image\":{\"@id\":\"https:\/\/hubsch-interior.com\/fr\/produit\/nomad-pot-de-fleurs-large-naturel\/#primaryimage\"},\"thumbnailUrl\":\"https:\/\/hubsch-interior.com\/wp-content\/uploads\/2026\/02\/nomad-plant-stand-large-natural-a1a5defbcf5fef7c0d11fdda806bc4d4.jpg\",\"datePublished\":\"2022-08-23T12:38:58+00:00\",\"dateModified\":\"2026-04-09T02:51:10+00:00\",\"description\":\"Cr\u00e9er une ambiance v\u00e9g\u00e9tale avec diff\u00e9rentes plantes et succulents est tr\u00e8s tendance. Ce petit support de plantes en bois apporte un c\u00f4t\u00e9 chaleureux et\",\"breadcrumb\":{\"@id\":\"https:\/\/hubsch-interior.com\/fr\/produit\/nomad-pot-de-fleurs-large-naturel\/#breadcrumb\"},\"inLanguage\":\"fr-FR\",\"potentialAction\":[{\"@type\":\"ReadAction\",\"target\":[\"https:\/\/hubsch-interior.com\/fr\/produit\/nomad-pot-de-fleurs-large-naturel\/\"]}]},{\"@type\":\"ImageObject\",\"inLanguage\":\"fr-FR\",\"@id\":\"https:\/\/hubsch-interior.com\/fr\/produit\/nomad-pot-de-fleurs-large-naturel\/#primaryimage\",\"url\":\"https:\/\/hubsch-interior.com\/wp-content\/uploads\/2026\/02\/nomad-plant-stand-large-natural-a1a5defbcf5fef7c0d11fdda806bc4d4.jpg\",\"contentUrl\":\"https:\/\/hubsch-interior.com\/wp-content\/uploads\/2026\/02\/nomad-plant-stand-large-natural-a1a5defbcf5fef7c0d11fdda806bc4d4.jpg\",\"width\":1024,\"height\":1024},{\"@type\":\"BreadcrumbList\",\"@id\":\"https:\/\/hubsch-interior.com\/fr\/produit\/nomad-pot-de-fleurs-large-naturel\/#breadcrumb\",\"itemListElement\":[{\"@type\":\"ListItem\",\"position\":1,\"name\":\"Page d'accueil\",\"item\":\"https:\/\/hubsch-interior.com\/fr\/\"},{\"@type\":\"ListItem\",\"position\":2,\"name\":\"Produits\",\"item\":\"https:\/\/hubsch-interior.com\/fr\/shop-2\/\"},{\"@type\":\"ListItem\",\"position\":3,\"name\":\"Accessoires maison\",\"item\":\"https:\/\/hubsch-interior.com\/fr\/categorie-produit\/accessoires-maison\/\"},{\"@type\":\"ListItem\",\"position\":4,\"name\":\"Pots de fleur et arrosior\",\"item\":\"https:\/\/hubsch-interior.com\/fr\/categorie-produit\/accessoires-maison\/pots-de-fleur-et-arrosior-fr\/\"},{\"@type\":\"ListItem\",\"position\":5,\"name\":\"Pots de fleurs\",\"item\":\"https:\/\/hubsch-interior.com\/fr\/categorie-produit\/accessoires-maison\/pots-de-fleur-et-arrosior-fr\/pots-de-fleurs-fr\/\"},{\"@type\":\"ListItem\",\"position\":6,\"name\":\"Nomad Pot de fleurs Large Naturel\"}]},{\"@type\":\"WebSite\",\"@id\":\"https:\/\/hubsch-interior.com\/fr\/#website\",\"url\":\"https:\/\/hubsch-interior.com\/fr\/\",\"name\":\"H\u00fcbsch\",\"description\":\"Danish Home Interior and Design\",\"publisher\":{\"@id\":\"https:\/\/hubsch-interior.com\/fr\/#organization\"},\"potentialAction\":[{\"@type\":\"SearchAction\",\"target\":{\"@type\":\"EntryPoint\",\"urlTemplate\":\"https:\/\/hubsch-interior.com\/fr\/?s={search_term_string}\"},\"query-input\":{\"@type\":\"PropertyValueSpecification\",\"valueRequired\":true,\"valueName\":\"search_term_string\"}}],\"inLanguage\":\"fr-FR\"},{\"@type\":\"Organization\",\"@id\":\"https:\/\/hubsch-interior.com\/fr\/#organization\",\"name\":\"H\u00fcbsch\",\"url\":\"https:\/\/hubsch-interior.com\/fr\/\",\"logo\":{\"@type\":\"ImageObject\",\"inLanguage\":\"fr-FR\",\"@id\":\"https:\/\/hubsch-interior.com\/fr\/#\/schema\/logo\/image\/\",\"url\":\"https:\/\/hubsch-interior.com\/wp-content\/uploads\/2022\/12\/Hubsch_logo_black_one_line.svg\",\"contentUrl\":\"https:\/\/hubsch-interior.com\/wp-content\/uploads\/2022\/12\/Hubsch_logo_black_one_line.svg\",\"caption\":\"H\u00fcbsch\"},\"image\":{\"@id\":\"https:\/\/hubsch-interior.com\/fr\/#\/schema\/logo\/image\/\"}}]}<\/script>\n<!-- \/ Yoast SEO plugin. -->","yoast_head_json":{"title":"Nomad Pot de fleurs Large Naturel - H\u00fcbsch","description":"Cr\u00e9er une ambiance v\u00e9g\u00e9tale avec diff\u00e9rentes plantes et succulents est tr\u00e8s tendance. Ce petit support de plantes en bois apporte un c\u00f4t\u00e9 chaleureux et","robots":{"index":"index","follow":"follow","max-snippet":"max-snippet:-1","max-image-preview":"max-image-preview:large","max-video-preview":"max-video-preview:-1"},"canonical":"https:\/\/hubsch-interior.com\/fr\/wp-json\/wp\/v2\/product\/808684","og_locale":"fr_FR","og_type":"article","og_title":"Nomad Pot de fleurs Large Naturel - H\u00fcbsch","og_description":"Cr\u00e9er une ambiance v\u00e9g\u00e9tale avec diff\u00e9rentes plantes et succulents est tr\u00e8s tendance. Ce petit support de plantes en bois apporte un c\u00f4t\u00e9 chaleureux et","og_url":"https:\/\/hubsch-interior.com\/fr\/produit\/nomad-pot-de-fleurs-large-naturel\/","og_site_name":"H\u00fcbsch","article_modified_time":"2026-04-09T02:51:10+00:00","og_image":[{"width":1200,"height":1200,"url":"https:\/\/hubsch-interior.com\/wp-content\/uploads\/2023\/08\/nomad-plant-stand-low-natural-672a71bcd755dc96ffb2db420bb5da79.jpg","type":"image\/jpeg"}],"twitter_card":"summary_large_image","schema":{"@context":"https:\/\/schema.org","@graph":[{"@type":"WebPage","@id":"https:\/\/hubsch-interior.com\/fr\/produit\/nomad-pot-de-fleurs-large-naturel\/","url":"https:\/\/hubsch-interior.com\/fr\/produit\/nomad-pot-de-fleurs-large-naturel\/","name":"Nomad Pot de fleurs Large Naturel - H\u00fcbsch","isPartOf":{"@id":"https:\/\/hubsch-interior.com\/fr\/#website"},"primaryImageOfPage":{"@id":"https:\/\/hubsch-interior.com\/fr\/produit\/nomad-pot-de-fleurs-large-naturel\/#primaryimage"},"image":{"@id":"https:\/\/hubsch-interior.com\/fr\/produit\/nomad-pot-de-fleurs-large-naturel\/#primaryimage"},"thumbnailUrl":"https:\/\/hubsch-interior.com\/wp-content\/uploads\/2026\/02\/nomad-plant-stand-large-natural-a1a5defbcf5fef7c0d11fdda806bc4d4.jpg","datePublished":"2022-08-23T12:38:58+00:00","dateModified":"2026-04-09T02:51:10+00:00","description":"Cr\u00e9er une ambiance v\u00e9g\u00e9tale avec diff\u00e9rentes plantes et succulents est tr\u00e8s tendance. Ce petit support de plantes en bois apporte un c\u00f4t\u00e9 chaleureux et","breadcrumb":{"@id":"https:\/\/hubsch-interior.com\/fr\/produit\/nomad-pot-de-fleurs-large-naturel\/#breadcrumb"},"inLanguage":"fr-FR","potentialAction":[{"@type":"ReadAction","target":["https:\/\/hubsch-interior.com\/fr\/produit\/nomad-pot-de-fleurs-large-naturel\/"]}]},{"@type":"ImageObject","inLanguage":"fr-FR","@id":"https:\/\/hubsch-interior.com\/fr\/produit\/nomad-pot-de-fleurs-large-naturel\/#primaryimage","url":"https:\/\/hubsch-interior.com\/wp-content\/uploads\/2026\/02\/nomad-plant-stand-large-natural-a1a5defbcf5fef7c0d11fdda806bc4d4.jpg","contentUrl":"https:\/\/hubsch-interior.com\/wp-content\/uploads\/2026\/02\/nomad-plant-stand-large-natural-a1a5defbcf5fef7c0d11fdda806bc4d4.jpg","width":1024,"height":1024},{"@type":"BreadcrumbList","@id":"https:\/\/hubsch-interior.com\/fr\/produit\/nomad-pot-de-fleurs-large-naturel\/#breadcrumb","itemListElement":[{"@type":"ListItem","position":1,"name":"Page d'accueil","item":"https:\/\/hubsch-interior.com\/fr\/"},{"@type":"ListItem","position":2,"name":"Produits","item":"https:\/\/hubsch-interior.com\/fr\/shop-2\/"},{"@type":"ListItem","position":3,"name":"Accessoires maison","item":"https:\/\/hubsch-interior.com\/fr\/categorie-produit\/accessoires-maison\/"},{"@type":"ListItem","position":4,"name":"Pots de fleur et arrosior","item":"https:\/\/hubsch-interior.com\/fr\/categorie-produit\/accessoires-maison\/pots-de-fleur-et-arrosior-fr\/"},{"@type":"ListItem","position":5,"name":"Pots de fleurs","item":"https:\/\/hubsch-interior.com\/fr\/categorie-produit\/accessoires-maison\/pots-de-fleur-et-arrosior-fr\/pots-de-fleurs-fr\/"},{"@type":"ListItem","position":6,"name":"Nomad Pot de fleurs Large Naturel"}]},{"@type":"WebSite","@id":"https:\/\/hubsch-interior.com\/fr\/#website","url":"https:\/\/hubsch-interior.com\/fr\/","name":"H\u00fcbsch","description":"Danish Home Interior and Design","publisher":{"@id":"https:\/\/hubsch-interior.com\/fr\/#organization"},"potentialAction":[{"@type":"SearchAction","target":{"@type":"EntryPoint","urlTemplate":"https:\/\/hubsch-interior.com\/fr\/?s={search_term_string}"},"query-input":{"@type":"PropertyValueSpecification","valueRequired":true,"valueName":"search_term_string"}}],"inLanguage":"fr-FR"},{"@type":"Organization","@id":"https:\/\/hubsch-interior.com\/fr\/#organization","name":"H\u00fcbsch","url":"https:\/\/hubsch-interior.com\/fr\/","logo":{"@type":"ImageObject","inLanguage":"fr-FR","@id":"https:\/\/hubsch-interior.com\/fr\/#\/schema\/logo\/image\/","url":"https:\/\/hubsch-interior.com\/wp-content\/uploads\/2022\/12\/Hubsch_logo_black_one_line.svg","contentUrl":"https:\/\/hubsch-interior.com\/wp-content\/uploads\/2022\/12\/Hubsch_logo_black_one_line.svg","caption":"H\u00fcbsch"},"image":{"@id":"https:\/\/hubsch-interior.com\/fr\/#\/schema\/logo\/image\/"}}]}},"_links":{"self":[{"href":"https:\/\/hubsch-interior.com\/fr\/wp-json\/wp\/v2\/product\/808684","targetHints":{"allow":["GET"]}}],"collection":[{"href":"https:\/\/hubsch-interior.com\/fr\/wp-json\/wp\/v2\/product"}],"about":[{"href":"https:\/\/hubsch-interior.com\/fr\/wp-json\/wp\/v2\/types\/product"}],"wp:featuredmedia":[{"embeddable":true,"href":"https:\/\/hubsch-interior.com\/fr\/wp-json\/wp\/v2\/media\/1103308"}],"wp:attachment":[{"href":"https:\/\/hubsch-interior.com\/fr\/wp-json\/wp\/v2\/media?parent=808684"}],"wp:term":[{"taxonomy":"product_brand","embeddable":true,"href":"https:\/\/hubsch-interior.com\/fr\/wp-json\/wp\/v2\/product_brand?post=808684"},{"taxonomy":"product_cat","embeddable":true,"href":"https:\/\/hubsch-interior.com\/fr\/wp-json\/wp\/v2\/product_cat?post=808684"},{"taxonomy":"product_tag","embeddable":true,"href":"https:\/\/hubsch-interior.com\/fr\/wp-json\/wp\/v2\/product_tag?post=808684"}],"curies":[{"name":"wp","href":"https:\/\/api.w.org\/{rel}","templated":true}]}}