{"id":808824,"date":"2022-08-23T14:40:57","date_gmt":"2022-08-23T12:40:57","guid":{"rendered":"https:\/\/hubsch-interior.com\/product\/product\/"},"modified":"2026-04-10T05:03:09","modified_gmt":"2026-04-10T03:03:09","slug":"stage-pendule-noir","status":"publish","type":"product","link":"https:\/\/hubsch-interior.com\/fr\/produit\/stage-pendule-noir\/","title":{"rendered":"Stage Pendule Noir"},"content":{"rendered":"<p>Avec sa couleur noire, le lustre Suspension Noir de Stage s&#8217;int\u00e9grera parfaitement \u00e0 votre d\u00e9cor int\u00e9rieur. Il illuminera parfaitement vos tables \u00e0 manger et vos conversations. Une paire ou un groupe de trois lustres, peut-\u00eatre m\u00eame de couleurs diff\u00e9rentes pour un look encore plus spectaculaire. Fabriqu\u00e9 en m\u00e9tal, sa corde noire assortie apporte du modernit\u00e9 et du contemporain \u00e0 votre int\u00e9rieur. Une solution parfaite pour votre d\u00e9coration !<\/p>\n","protected":false},"excerpt":{"rendered":"<p>Avec sa couleur noire, le lustre Suspension Noir de Stage s&#8217;int\u00e9grera parfaitement \u00e0 votre d\u00e9cor int\u00e9rieur. Il illuminera parfaitement vos tables \u00e0 manger et vos conversations. Une paire ou un groupe de trois lustres, peut-\u00eatre m\u00eame de couleurs diff\u00e9rentes pour un look encore plus spectaculaire. Fabriqu\u00e9 en m\u00e9tal, sa corde noire assortie apporte du modernit\u00e9 [&hellip;]<\/p>\n","protected":false},"featured_media":1106381,"template":"","meta":{"_acf_changed":false,"inline_featured_image":false},"product_brand":[],"product_cat":[3810,4147,5026],"product_tag":[],"class_list":{"0":"post-808824","1":"product","2":"type-product","3":"status-publish","4":"has-post-thumbnail","6":"product_cat-luminaires","7":"product_cat-suspensions-fr","8":"product_cat-bestsellers-fr","9":"product_shipping_class-pk","11":"pa_color-noir","12":"pa_material-fer-fr","14":"first","15":"instock","16":"featured","17":"taxable","18":"shipping-taxable","19":"purchasable","20":"product-type-simple"},"exclude_global_add_ons":[],"addons":[],"acf":[],"yoast_head":"<!-- This site is optimized with the Yoast SEO plugin v26.4 - https:\/\/yoast.com\/wordpress\/plugins\/seo\/ -->\n<title>Stage Pendule Noir - H\u00fcbsch<\/title>\n<meta name=\"description\" content=\"Avec sa couleur noire, le lustre Suspension Noir de Stage s&#039;int\u00e9grera parfaitement \u00e0 votre d\u00e9cor int\u00e9rieur. Il illuminera parfaitement vos tables \u00e0 manger\" \/>\n<meta name=\"robots\" content=\"index, follow, max-snippet:-1, max-image-preview:large, max-video-preview:-1\" \/>\n<link rel=\"canonical\" href=\"https:\/\/hubsch-interior.com\/fr\/wp-json\/wp\/v2\/product\/808824\" \/>\n<meta property=\"og:locale\" content=\"fr_FR\" \/>\n<meta property=\"og:type\" content=\"article\" \/>\n<meta property=\"og:title\" content=\"Stage Pendule Noir - H\u00fcbsch\" \/>\n<meta property=\"og:description\" content=\"Avec sa couleur noire, le lustre Suspension Noir de Stage s&#039;int\u00e9grera parfaitement \u00e0 votre d\u00e9cor int\u00e9rieur. Il illuminera parfaitement vos tables \u00e0 manger\" \/>\n<meta property=\"og:url\" content=\"https:\/\/hubsch-interior.com\/fr\/produit\/stage-pendule-noir\/\" \/>\n<meta property=\"og:site_name\" content=\"H\u00fcbsch\" \/>\n<meta property=\"article:modified_time\" content=\"2026-04-10T03:03:09+00:00\" \/>\n<meta property=\"og:image\" content=\"https:\/\/hubsch-interior.com\/wp-content\/uploads\/2023\/10\/stage-ceiling-light-black-2b18733b7c89547f4bb040b94e347bda.jpg\" \/>\n\t<meta property=\"og:image:width\" content=\"1200\" \/>\n\t<meta property=\"og:image:height\" content=\"1200\" \/>\n\t<meta property=\"og:image:type\" content=\"image\/jpeg\" \/>\n<meta name=\"twitter:card\" content=\"summary_large_image\" \/>\n<script type=\"application\/ld+json\" class=\"yoast-schema-graph\">{\"@context\":\"https:\/\/schema.org\",\"@graph\":[{\"@type\":\"WebPage\",\"@id\":\"https:\/\/hubsch-interior.com\/fr\/produit\/stage-pendule-noir\/\",\"url\":\"https:\/\/hubsch-interior.com\/fr\/produit\/stage-pendule-noir\/\",\"name\":\"Stage Pendule Noir - H\u00fcbsch\",\"isPartOf\":{\"@id\":\"https:\/\/hubsch-interior.com\/fr\/#website\"},\"primaryImageOfPage\":{\"@id\":\"https:\/\/hubsch-interior.com\/fr\/produit\/stage-pendule-noir\/#primaryimage\"},\"image\":{\"@id\":\"https:\/\/hubsch-interior.com\/fr\/produit\/stage-pendule-noir\/#primaryimage\"},\"thumbnailUrl\":\"https:\/\/hubsch-interior.com\/wp-content\/uploads\/2026\/02\/stage-pendant-black-c8ef5a6b2a0e81ca4accae8d5ad42486.jpg\",\"datePublished\":\"2022-08-23T12:40:57+00:00\",\"dateModified\":\"2026-04-10T03:03:09+00:00\",\"description\":\"Avec sa couleur noire, le lustre Suspension Noir de Stage s'int\u00e9grera parfaitement \u00e0 votre d\u00e9cor int\u00e9rieur. Il illuminera parfaitement vos tables \u00e0 manger\",\"breadcrumb\":{\"@id\":\"https:\/\/hubsch-interior.com\/fr\/produit\/stage-pendule-noir\/#breadcrumb\"},\"inLanguage\":\"fr-FR\",\"potentialAction\":[{\"@type\":\"ReadAction\",\"target\":[\"https:\/\/hubsch-interior.com\/fr\/produit\/stage-pendule-noir\/\"]}]},{\"@type\":\"ImageObject\",\"inLanguage\":\"fr-FR\",\"@id\":\"https:\/\/hubsch-interior.com\/fr\/produit\/stage-pendule-noir\/#primaryimage\",\"url\":\"https:\/\/hubsch-interior.com\/wp-content\/uploads\/2026\/02\/stage-pendant-black-c8ef5a6b2a0e81ca4accae8d5ad42486.jpg\",\"contentUrl\":\"https:\/\/hubsch-interior.com\/wp-content\/uploads\/2026\/02\/stage-pendant-black-c8ef5a6b2a0e81ca4accae8d5ad42486.jpg\",\"width\":1024,\"height\":1024},{\"@type\":\"BreadcrumbList\",\"@id\":\"https:\/\/hubsch-interior.com\/fr\/produit\/stage-pendule-noir\/#breadcrumb\",\"itemListElement\":[{\"@type\":\"ListItem\",\"position\":1,\"name\":\"Page d'accueil\",\"item\":\"https:\/\/hubsch-interior.com\/fr\/\"},{\"@type\":\"ListItem\",\"position\":2,\"name\":\"Produits\",\"item\":\"https:\/\/hubsch-interior.com\/fr\/shop-2\/\"},{\"@type\":\"ListItem\",\"position\":3,\"name\":\"Luminaires\",\"item\":\"https:\/\/hubsch-interior.com\/fr\/categorie-produit\/luminaires\/\"},{\"@type\":\"ListItem\",\"position\":4,\"name\":\"Suspensions\",\"item\":\"https:\/\/hubsch-interior.com\/fr\/categorie-produit\/luminaires\/suspensions-fr\/\"},{\"@type\":\"ListItem\",\"position\":5,\"name\":\"Stage Pendule Noir\"}]},{\"@type\":\"WebSite\",\"@id\":\"https:\/\/hubsch-interior.com\/fr\/#website\",\"url\":\"https:\/\/hubsch-interior.com\/fr\/\",\"name\":\"H\u00fcbsch\",\"description\":\"Danish Home Interior and Design\",\"publisher\":{\"@id\":\"https:\/\/hubsch-interior.com\/fr\/#organization\"},\"potentialAction\":[{\"@type\":\"SearchAction\",\"target\":{\"@type\":\"EntryPoint\",\"urlTemplate\":\"https:\/\/hubsch-interior.com\/fr\/?s={search_term_string}\"},\"query-input\":{\"@type\":\"PropertyValueSpecification\",\"valueRequired\":true,\"valueName\":\"search_term_string\"}}],\"inLanguage\":\"fr-FR\"},{\"@type\":\"Organization\",\"@id\":\"https:\/\/hubsch-interior.com\/fr\/#organization\",\"name\":\"H\u00fcbsch\",\"url\":\"https:\/\/hubsch-interior.com\/fr\/\",\"logo\":{\"@type\":\"ImageObject\",\"inLanguage\":\"fr-FR\",\"@id\":\"https:\/\/hubsch-interior.com\/fr\/#\/schema\/logo\/image\/\",\"url\":\"https:\/\/hubsch-interior.com\/wp-content\/uploads\/2022\/12\/Hubsch_logo_black_one_line.svg\",\"contentUrl\":\"https:\/\/hubsch-interior.com\/wp-content\/uploads\/2022\/12\/Hubsch_logo_black_one_line.svg\",\"caption\":\"H\u00fcbsch\"},\"image\":{\"@id\":\"https:\/\/hubsch-interior.com\/fr\/#\/schema\/logo\/image\/\"}}]}<\/script>\n<!-- \/ Yoast SEO plugin. -->","yoast_head_json":{"title":"Stage Pendule Noir - H\u00fcbsch","description":"Avec sa couleur noire, le lustre Suspension Noir de Stage s'int\u00e9grera parfaitement \u00e0 votre d\u00e9cor int\u00e9rieur. Il illuminera parfaitement vos tables \u00e0 manger","robots":{"index":"index","follow":"follow","max-snippet":"max-snippet:-1","max-image-preview":"max-image-preview:large","max-video-preview":"max-video-preview:-1"},"canonical":"https:\/\/hubsch-interior.com\/fr\/wp-json\/wp\/v2\/product\/808824","og_locale":"fr_FR","og_type":"article","og_title":"Stage Pendule Noir - H\u00fcbsch","og_description":"Avec sa couleur noire, le lustre Suspension Noir de Stage s'int\u00e9grera parfaitement \u00e0 votre d\u00e9cor int\u00e9rieur. Il illuminera parfaitement vos tables \u00e0 manger","og_url":"https:\/\/hubsch-interior.com\/fr\/produit\/stage-pendule-noir\/","og_site_name":"H\u00fcbsch","article_modified_time":"2026-04-10T03:03:09+00:00","og_image":[{"width":1200,"height":1200,"url":"https:\/\/hubsch-interior.com\/wp-content\/uploads\/2023\/10\/stage-ceiling-light-black-2b18733b7c89547f4bb040b94e347bda.jpg","type":"image\/jpeg"}],"twitter_card":"summary_large_image","schema":{"@context":"https:\/\/schema.org","@graph":[{"@type":"WebPage","@id":"https:\/\/hubsch-interior.com\/fr\/produit\/stage-pendule-noir\/","url":"https:\/\/hubsch-interior.com\/fr\/produit\/stage-pendule-noir\/","name":"Stage Pendule Noir - H\u00fcbsch","isPartOf":{"@id":"https:\/\/hubsch-interior.com\/fr\/#website"},"primaryImageOfPage":{"@id":"https:\/\/hubsch-interior.com\/fr\/produit\/stage-pendule-noir\/#primaryimage"},"image":{"@id":"https:\/\/hubsch-interior.com\/fr\/produit\/stage-pendule-noir\/#primaryimage"},"thumbnailUrl":"https:\/\/hubsch-interior.com\/wp-content\/uploads\/2026\/02\/stage-pendant-black-c8ef5a6b2a0e81ca4accae8d5ad42486.jpg","datePublished":"2022-08-23T12:40:57+00:00","dateModified":"2026-04-10T03:03:09+00:00","description":"Avec sa couleur noire, le lustre Suspension Noir de Stage s'int\u00e9grera parfaitement \u00e0 votre d\u00e9cor int\u00e9rieur. Il illuminera parfaitement vos tables \u00e0 manger","breadcrumb":{"@id":"https:\/\/hubsch-interior.com\/fr\/produit\/stage-pendule-noir\/#breadcrumb"},"inLanguage":"fr-FR","potentialAction":[{"@type":"ReadAction","target":["https:\/\/hubsch-interior.com\/fr\/produit\/stage-pendule-noir\/"]}]},{"@type":"ImageObject","inLanguage":"fr-FR","@id":"https:\/\/hubsch-interior.com\/fr\/produit\/stage-pendule-noir\/#primaryimage","url":"https:\/\/hubsch-interior.com\/wp-content\/uploads\/2026\/02\/stage-pendant-black-c8ef5a6b2a0e81ca4accae8d5ad42486.jpg","contentUrl":"https:\/\/hubsch-interior.com\/wp-content\/uploads\/2026\/02\/stage-pendant-black-c8ef5a6b2a0e81ca4accae8d5ad42486.jpg","width":1024,"height":1024},{"@type":"BreadcrumbList","@id":"https:\/\/hubsch-interior.com\/fr\/produit\/stage-pendule-noir\/#breadcrumb","itemListElement":[{"@type":"ListItem","position":1,"name":"Page d'accueil","item":"https:\/\/hubsch-interior.com\/fr\/"},{"@type":"ListItem","position":2,"name":"Produits","item":"https:\/\/hubsch-interior.com\/fr\/shop-2\/"},{"@type":"ListItem","position":3,"name":"Luminaires","item":"https:\/\/hubsch-interior.com\/fr\/categorie-produit\/luminaires\/"},{"@type":"ListItem","position":4,"name":"Suspensions","item":"https:\/\/hubsch-interior.com\/fr\/categorie-produit\/luminaires\/suspensions-fr\/"},{"@type":"ListItem","position":5,"name":"Stage Pendule Noir"}]},{"@type":"WebSite","@id":"https:\/\/hubsch-interior.com\/fr\/#website","url":"https:\/\/hubsch-interior.com\/fr\/","name":"H\u00fcbsch","description":"Danish Home Interior and Design","publisher":{"@id":"https:\/\/hubsch-interior.com\/fr\/#organization"},"potentialAction":[{"@type":"SearchAction","target":{"@type":"EntryPoint","urlTemplate":"https:\/\/hubsch-interior.com\/fr\/?s={search_term_string}"},"query-input":{"@type":"PropertyValueSpecification","valueRequired":true,"valueName":"search_term_string"}}],"inLanguage":"fr-FR"},{"@type":"Organization","@id":"https:\/\/hubsch-interior.com\/fr\/#organization","name":"H\u00fcbsch","url":"https:\/\/hubsch-interior.com\/fr\/","logo":{"@type":"ImageObject","inLanguage":"fr-FR","@id":"https:\/\/hubsch-interior.com\/fr\/#\/schema\/logo\/image\/","url":"https:\/\/hubsch-interior.com\/wp-content\/uploads\/2022\/12\/Hubsch_logo_black_one_line.svg","contentUrl":"https:\/\/hubsch-interior.com\/wp-content\/uploads\/2022\/12\/Hubsch_logo_black_one_line.svg","caption":"H\u00fcbsch"},"image":{"@id":"https:\/\/hubsch-interior.com\/fr\/#\/schema\/logo\/image\/"}}]}},"_links":{"self":[{"href":"https:\/\/hubsch-interior.com\/fr\/wp-json\/wp\/v2\/product\/808824","targetHints":{"allow":["GET"]}}],"collection":[{"href":"https:\/\/hubsch-interior.com\/fr\/wp-json\/wp\/v2\/product"}],"about":[{"href":"https:\/\/hubsch-interior.com\/fr\/wp-json\/wp\/v2\/types\/product"}],"wp:featuredmedia":[{"embeddable":true,"href":"https:\/\/hubsch-interior.com\/fr\/wp-json\/wp\/v2\/media\/1106381"}],"wp:attachment":[{"href":"https:\/\/hubsch-interior.com\/fr\/wp-json\/wp\/v2\/media?parent=808824"}],"wp:term":[{"taxonomy":"product_brand","embeddable":true,"href":"https:\/\/hubsch-interior.com\/fr\/wp-json\/wp\/v2\/product_brand?post=808824"},{"taxonomy":"product_cat","embeddable":true,"href":"https:\/\/hubsch-interior.com\/fr\/wp-json\/wp\/v2\/product_cat?post=808824"},{"taxonomy":"product_tag","embeddable":true,"href":"https:\/\/hubsch-interior.com\/fr\/wp-json\/wp\/v2\/product_tag?post=808824"}],"curies":[{"name":"wp","href":"https:\/\/api.w.org\/{rel}","templated":true}]}}