{"id":808916,"date":"2022-08-23T14:42:38","date_gmt":"2022-08-23T12:42:38","guid":{"rendered":"https:\/\/hubsch-interior.com\/product\/product\/"},"modified":"2026-04-05T05:05:51","modified_gmt":"2026-04-05T03:05:51","slug":"ardent-lampe-de-table-noir","status":"publish","type":"product","link":"https:\/\/hubsch-interior.com\/fr\/produit\/ardent-lampe-de-table-noir\/","title":{"rendered":"Ardent Lampe de table Noir"},"content":{"rendered":"<p>Voici une jolie lampe de bureau noire au look r\u00e9solument moderne que vous pouvez poser partout ! Simple, audacieuse et \u00e9l\u00e9gante, cette lampe trouvera sa place sur le bureau, dans la chambre des parents ou des enfants. L&#8217;interrupteur est assez fascinant et a cette caract\u00e9ristique d&#8217;avoir un son de clic tr\u00e8s cool lorsque l&#8217;on allume ou \u00e9teint cette lampe, ce qui la rend encore plus irr\u00e9sistible.<\/p>\n","protected":false},"excerpt":{"rendered":"<p>Voici une jolie lampe de bureau noire au look r\u00e9solument moderne que vous pouvez poser partout ! Simple, audacieuse et \u00e9l\u00e9gante, cette lampe trouvera sa place sur le bureau, dans la chambre des parents ou des enfants. L&#8217;interrupteur est assez fascinant et a cette caract\u00e9ristique d&#8217;avoir un son de clic tr\u00e8s cool lorsque l&#8217;on allume [&hellip;]<\/p>\n","protected":false},"featured_media":1106471,"template":"","meta":{"_acf_changed":false,"inline_featured_image":false},"product_brand":[],"product_cat":[6379,3500,3810],"product_tag":[],"class_list":{"0":"post-808916","1":"product","2":"type-product","3":"status-publish","4":"has-post-thumbnail","6":"product_cat-always-a-twist-fr","7":"product_cat-lampes-a-poser-fr","8":"product_cat-luminaires","9":"product_shipping_class-pk","11":"pa_color-noir","12":"pa_material-fer-fr","14":"first","15":"instock","16":"taxable","17":"shipping-taxable","18":"purchasable","19":"product-type-simple"},"exclude_global_add_ons":[],"addons":[],"acf":[],"yoast_head":"<!-- This site is optimized with the Yoast SEO plugin v26.4 - https:\/\/yoast.com\/wordpress\/plugins\/seo\/ -->\n<title>Ardent Lampe de table Noir - H\u00fcbsch<\/title>\n<meta name=\"description\" content=\"Voici une jolie lampe de bureau noire au look r\u00e9solument moderne que vous pouvez poser partout ! Simple, audacieuse et \u00e9l\u00e9gante, cette lampe trouvera sa\" \/>\n<meta name=\"robots\" content=\"index, follow, max-snippet:-1, max-image-preview:large, max-video-preview:-1\" \/>\n<link rel=\"canonical\" href=\"https:\/\/hubsch-interior.com\/fr\/wp-json\/wp\/v2\/product\/808916\" \/>\n<meta property=\"og:locale\" content=\"fr_FR\" \/>\n<meta property=\"og:type\" content=\"article\" \/>\n<meta property=\"og:title\" content=\"Ardent Lampe de table Noir - H\u00fcbsch\" \/>\n<meta property=\"og:description\" content=\"Voici une jolie lampe de bureau noire au look r\u00e9solument moderne que vous pouvez poser partout ! Simple, audacieuse et \u00e9l\u00e9gante, cette lampe trouvera sa\" \/>\n<meta property=\"og:url\" content=\"https:\/\/hubsch-interior.com\/fr\/produit\/ardent-lampe-de-table-noir\/\" \/>\n<meta property=\"og:site_name\" content=\"H\u00fcbsch\" \/>\n<meta property=\"article:modified_time\" content=\"2026-04-05T03:05:51+00:00\" \/>\n<meta property=\"og:image\" content=\"https:\/\/hubsch-interior.com\/wp-content\/uploads\/2023\/08\/ardent-table-lamp-black-77bbfcdce11b2a3e69943bc407f04ab3.jpg\" \/>\n\t<meta property=\"og:image:width\" content=\"1200\" \/>\n\t<meta property=\"og:image:height\" content=\"1200\" \/>\n\t<meta property=\"og:image:type\" content=\"image\/jpeg\" \/>\n<meta name=\"twitter:card\" content=\"summary_large_image\" \/>\n<script type=\"application\/ld+json\" class=\"yoast-schema-graph\">{\"@context\":\"https:\/\/schema.org\",\"@graph\":[{\"@type\":\"WebPage\",\"@id\":\"https:\/\/hubsch-interior.com\/fr\/produit\/ardent-lampe-de-table-noir\/\",\"url\":\"https:\/\/hubsch-interior.com\/fr\/produit\/ardent-lampe-de-table-noir\/\",\"name\":\"Ardent Lampe de table Noir - H\u00fcbsch\",\"isPartOf\":{\"@id\":\"https:\/\/hubsch-interior.com\/fr\/#website\"},\"primaryImageOfPage\":{\"@id\":\"https:\/\/hubsch-interior.com\/fr\/produit\/ardent-lampe-de-table-noir\/#primaryimage\"},\"image\":{\"@id\":\"https:\/\/hubsch-interior.com\/fr\/produit\/ardent-lampe-de-table-noir\/#primaryimage\"},\"thumbnailUrl\":\"https:\/\/hubsch-interior.com\/wp-content\/uploads\/2026\/02\/ardent-table-lamp-black-d29d2a106f3b74b6f64e7a1387154e6d.jpg\",\"datePublished\":\"2022-08-23T12:42:38+00:00\",\"dateModified\":\"2026-04-05T03:05:51+00:00\",\"description\":\"Voici une jolie lampe de bureau noire au look r\u00e9solument moderne que vous pouvez poser partout ! Simple, audacieuse et \u00e9l\u00e9gante, cette lampe trouvera sa\",\"breadcrumb\":{\"@id\":\"https:\/\/hubsch-interior.com\/fr\/produit\/ardent-lampe-de-table-noir\/#breadcrumb\"},\"inLanguage\":\"fr-FR\",\"potentialAction\":[{\"@type\":\"ReadAction\",\"target\":[\"https:\/\/hubsch-interior.com\/fr\/produit\/ardent-lampe-de-table-noir\/\"]}]},{\"@type\":\"ImageObject\",\"inLanguage\":\"fr-FR\",\"@id\":\"https:\/\/hubsch-interior.com\/fr\/produit\/ardent-lampe-de-table-noir\/#primaryimage\",\"url\":\"https:\/\/hubsch-interior.com\/wp-content\/uploads\/2026\/02\/ardent-table-lamp-black-d29d2a106f3b74b6f64e7a1387154e6d.jpg\",\"contentUrl\":\"https:\/\/hubsch-interior.com\/wp-content\/uploads\/2026\/02\/ardent-table-lamp-black-d29d2a106f3b74b6f64e7a1387154e6d.jpg\",\"width\":1024,\"height\":1024},{\"@type\":\"BreadcrumbList\",\"@id\":\"https:\/\/hubsch-interior.com\/fr\/produit\/ardent-lampe-de-table-noir\/#breadcrumb\",\"itemListElement\":[{\"@type\":\"ListItem\",\"position\":1,\"name\":\"Page d'accueil\",\"item\":\"https:\/\/hubsch-interior.com\/fr\/\"},{\"@type\":\"ListItem\",\"position\":2,\"name\":\"Produits\",\"item\":\"https:\/\/hubsch-interior.com\/fr\/shop-2\/\"},{\"@type\":\"ListItem\",\"position\":3,\"name\":\"Luminaires\",\"item\":\"https:\/\/hubsch-interior.com\/fr\/categorie-produit\/luminaires\/\"},{\"@type\":\"ListItem\",\"position\":4,\"name\":\"Lampes &agrave; poser\",\"item\":\"https:\/\/hubsch-interior.com\/fr\/categorie-produit\/luminaires\/lampes-a-poser-fr\/\"},{\"@type\":\"ListItem\",\"position\":5,\"name\":\"Ardent Lampe de table Noir\"}]},{\"@type\":\"WebSite\",\"@id\":\"https:\/\/hubsch-interior.com\/fr\/#website\",\"url\":\"https:\/\/hubsch-interior.com\/fr\/\",\"name\":\"H\u00fcbsch\",\"description\":\"Danish Home Interior and Design\",\"publisher\":{\"@id\":\"https:\/\/hubsch-interior.com\/fr\/#organization\"},\"potentialAction\":[{\"@type\":\"SearchAction\",\"target\":{\"@type\":\"EntryPoint\",\"urlTemplate\":\"https:\/\/hubsch-interior.com\/fr\/?s={search_term_string}\"},\"query-input\":{\"@type\":\"PropertyValueSpecification\",\"valueRequired\":true,\"valueName\":\"search_term_string\"}}],\"inLanguage\":\"fr-FR\"},{\"@type\":\"Organization\",\"@id\":\"https:\/\/hubsch-interior.com\/fr\/#organization\",\"name\":\"H\u00fcbsch\",\"url\":\"https:\/\/hubsch-interior.com\/fr\/\",\"logo\":{\"@type\":\"ImageObject\",\"inLanguage\":\"fr-FR\",\"@id\":\"https:\/\/hubsch-interior.com\/fr\/#\/schema\/logo\/image\/\",\"url\":\"https:\/\/hubsch-interior.com\/wp-content\/uploads\/2022\/12\/Hubsch_logo_black_one_line.svg\",\"contentUrl\":\"https:\/\/hubsch-interior.com\/wp-content\/uploads\/2022\/12\/Hubsch_logo_black_one_line.svg\",\"caption\":\"H\u00fcbsch\"},\"image\":{\"@id\":\"https:\/\/hubsch-interior.com\/fr\/#\/schema\/logo\/image\/\"}}]}<\/script>\n<!-- \/ Yoast SEO plugin. -->","yoast_head_json":{"title":"Ardent Lampe de table Noir - H\u00fcbsch","description":"Voici une jolie lampe de bureau noire au look r\u00e9solument moderne que vous pouvez poser partout ! Simple, audacieuse et \u00e9l\u00e9gante, cette lampe trouvera sa","robots":{"index":"index","follow":"follow","max-snippet":"max-snippet:-1","max-image-preview":"max-image-preview:large","max-video-preview":"max-video-preview:-1"},"canonical":"https:\/\/hubsch-interior.com\/fr\/wp-json\/wp\/v2\/product\/808916","og_locale":"fr_FR","og_type":"article","og_title":"Ardent Lampe de table Noir - H\u00fcbsch","og_description":"Voici une jolie lampe de bureau noire au look r\u00e9solument moderne que vous pouvez poser partout ! Simple, audacieuse et \u00e9l\u00e9gante, cette lampe trouvera sa","og_url":"https:\/\/hubsch-interior.com\/fr\/produit\/ardent-lampe-de-table-noir\/","og_site_name":"H\u00fcbsch","article_modified_time":"2026-04-05T03:05:51+00:00","og_image":[{"width":1200,"height":1200,"url":"https:\/\/hubsch-interior.com\/wp-content\/uploads\/2023\/08\/ardent-table-lamp-black-77bbfcdce11b2a3e69943bc407f04ab3.jpg","type":"image\/jpeg"}],"twitter_card":"summary_large_image","schema":{"@context":"https:\/\/schema.org","@graph":[{"@type":"WebPage","@id":"https:\/\/hubsch-interior.com\/fr\/produit\/ardent-lampe-de-table-noir\/","url":"https:\/\/hubsch-interior.com\/fr\/produit\/ardent-lampe-de-table-noir\/","name":"Ardent Lampe de table Noir - H\u00fcbsch","isPartOf":{"@id":"https:\/\/hubsch-interior.com\/fr\/#website"},"primaryImageOfPage":{"@id":"https:\/\/hubsch-interior.com\/fr\/produit\/ardent-lampe-de-table-noir\/#primaryimage"},"image":{"@id":"https:\/\/hubsch-interior.com\/fr\/produit\/ardent-lampe-de-table-noir\/#primaryimage"},"thumbnailUrl":"https:\/\/hubsch-interior.com\/wp-content\/uploads\/2026\/02\/ardent-table-lamp-black-d29d2a106f3b74b6f64e7a1387154e6d.jpg","datePublished":"2022-08-23T12:42:38+00:00","dateModified":"2026-04-05T03:05:51+00:00","description":"Voici une jolie lampe de bureau noire au look r\u00e9solument moderne que vous pouvez poser partout ! Simple, audacieuse et \u00e9l\u00e9gante, cette lampe trouvera sa","breadcrumb":{"@id":"https:\/\/hubsch-interior.com\/fr\/produit\/ardent-lampe-de-table-noir\/#breadcrumb"},"inLanguage":"fr-FR","potentialAction":[{"@type":"ReadAction","target":["https:\/\/hubsch-interior.com\/fr\/produit\/ardent-lampe-de-table-noir\/"]}]},{"@type":"ImageObject","inLanguage":"fr-FR","@id":"https:\/\/hubsch-interior.com\/fr\/produit\/ardent-lampe-de-table-noir\/#primaryimage","url":"https:\/\/hubsch-interior.com\/wp-content\/uploads\/2026\/02\/ardent-table-lamp-black-d29d2a106f3b74b6f64e7a1387154e6d.jpg","contentUrl":"https:\/\/hubsch-interior.com\/wp-content\/uploads\/2026\/02\/ardent-table-lamp-black-d29d2a106f3b74b6f64e7a1387154e6d.jpg","width":1024,"height":1024},{"@type":"BreadcrumbList","@id":"https:\/\/hubsch-interior.com\/fr\/produit\/ardent-lampe-de-table-noir\/#breadcrumb","itemListElement":[{"@type":"ListItem","position":1,"name":"Page d'accueil","item":"https:\/\/hubsch-interior.com\/fr\/"},{"@type":"ListItem","position":2,"name":"Produits","item":"https:\/\/hubsch-interior.com\/fr\/shop-2\/"},{"@type":"ListItem","position":3,"name":"Luminaires","item":"https:\/\/hubsch-interior.com\/fr\/categorie-produit\/luminaires\/"},{"@type":"ListItem","position":4,"name":"Lampes &agrave; poser","item":"https:\/\/hubsch-interior.com\/fr\/categorie-produit\/luminaires\/lampes-a-poser-fr\/"},{"@type":"ListItem","position":5,"name":"Ardent Lampe de table Noir"}]},{"@type":"WebSite","@id":"https:\/\/hubsch-interior.com\/fr\/#website","url":"https:\/\/hubsch-interior.com\/fr\/","name":"H\u00fcbsch","description":"Danish Home Interior and Design","publisher":{"@id":"https:\/\/hubsch-interior.com\/fr\/#organization"},"potentialAction":[{"@type":"SearchAction","target":{"@type":"EntryPoint","urlTemplate":"https:\/\/hubsch-interior.com\/fr\/?s={search_term_string}"},"query-input":{"@type":"PropertyValueSpecification","valueRequired":true,"valueName":"search_term_string"}}],"inLanguage":"fr-FR"},{"@type":"Organization","@id":"https:\/\/hubsch-interior.com\/fr\/#organization","name":"H\u00fcbsch","url":"https:\/\/hubsch-interior.com\/fr\/","logo":{"@type":"ImageObject","inLanguage":"fr-FR","@id":"https:\/\/hubsch-interior.com\/fr\/#\/schema\/logo\/image\/","url":"https:\/\/hubsch-interior.com\/wp-content\/uploads\/2022\/12\/Hubsch_logo_black_one_line.svg","contentUrl":"https:\/\/hubsch-interior.com\/wp-content\/uploads\/2022\/12\/Hubsch_logo_black_one_line.svg","caption":"H\u00fcbsch"},"image":{"@id":"https:\/\/hubsch-interior.com\/fr\/#\/schema\/logo\/image\/"}}]}},"_links":{"self":[{"href":"https:\/\/hubsch-interior.com\/fr\/wp-json\/wp\/v2\/product\/808916","targetHints":{"allow":["GET"]}}],"collection":[{"href":"https:\/\/hubsch-interior.com\/fr\/wp-json\/wp\/v2\/product"}],"about":[{"href":"https:\/\/hubsch-interior.com\/fr\/wp-json\/wp\/v2\/types\/product"}],"wp:featuredmedia":[{"embeddable":true,"href":"https:\/\/hubsch-interior.com\/fr\/wp-json\/wp\/v2\/media\/1106471"}],"wp:attachment":[{"href":"https:\/\/hubsch-interior.com\/fr\/wp-json\/wp\/v2\/media?parent=808916"}],"wp:term":[{"taxonomy":"product_brand","embeddable":true,"href":"https:\/\/hubsch-interior.com\/fr\/wp-json\/wp\/v2\/product_brand?post=808916"},{"taxonomy":"product_cat","embeddable":true,"href":"https:\/\/hubsch-interior.com\/fr\/wp-json\/wp\/v2\/product_cat?post=808916"},{"taxonomy":"product_tag","embeddable":true,"href":"https:\/\/hubsch-interior.com\/fr\/wp-json\/wp\/v2\/product_tag?post=808916"}],"curies":[{"name":"wp","href":"https:\/\/api.w.org\/{rel}","templated":true}]}}