{"id":808952,"date":"2022-08-23T14:42:58","date_gmt":"2022-08-23T12:42:58","guid":{"rendered":"https:\/\/hubsch-interior.com\/product\/product\/"},"modified":"2026-04-19T05:04:21","modified_gmt":"2026-04-19T03:04:21","slug":"crave-lampe-de-table-vert","status":"publish","type":"product","link":"https:\/\/hubsch-interior.com\/fr\/produit\/crave-lampe-de-table-vert\/","title":{"rendered":"Crave Lampe de table Vert"},"content":{"rendered":"<p>Nous adorons vraiment les luminaires et la lampe Crave fait partie de nos coups de c\u0153ur ! Cette lampe \u00e0 la forme arrondie et \u00e9l\u00e9gante s&#8217;impose naturellement par son style, g\u00e9n\u00e8re instantan\u00e9ment de la fascination et cr\u00e9e instantan\u00e9ment un souffle d&#8217;\u00e9l\u00e9gance dans une pi\u00e8ce. Cette lampe intemporelle en verre clair et teint\u00e9 vert fonc\u00e9 cr\u00e9e une lueur douce qui \u00e9mane de cette lampe et nous rend totalement addictifs. Si vous \u00eates \u00e0 la recherche d&#8217;une lampe \u00e0 poser dans votre salon, un couloir une chambre, ne cherchez plus ! La lampe de table Crave est la lampe qui vous mettra de bonne humeur toute l&#8217;ann\u00e9e !<\/p>\n","protected":false},"excerpt":{"rendered":"<p>Nous adorons vraiment les luminaires et la lampe Crave fait partie de nos coups de c\u0153ur ! Cette lampe \u00e0 la forme arrondie et \u00e9l\u00e9gante s&#8217;impose naturellement par son style, g\u00e9n\u00e8re instantan\u00e9ment de la fascination et cr\u00e9e instantan\u00e9ment un souffle d&#8217;\u00e9l\u00e9gance dans une pi\u00e8ce. Cette lampe intemporelle en verre clair et teint\u00e9 vert fonc\u00e9 cr\u00e9e [&hellip;]<\/p>\n","protected":false},"featured_media":1106499,"template":"","meta":{"_acf_changed":false,"inline_featured_image":false},"product_brand":[],"product_cat":[6379,3810,3500,5026],"product_tag":[],"class_list":{"0":"post-808952","1":"product","2":"type-product","3":"status-publish","4":"has-post-thumbnail","6":"product_cat-always-a-twist-fr","7":"product_cat-luminaires","8":"product_cat-lampes-a-poser-fr","9":"product_cat-bestsellers-fr","10":"product_shipping_class-pk","12":"pa_color-vert-2","13":"pa_material-verre-fr","15":"first","16":"outofstock","17":"featured","18":"taxable","19":"shipping-taxable","20":"purchasable","21":"product-type-simple"},"exclude_global_add_ons":[],"addons":[],"acf":[],"yoast_head":"<!-- This site is optimized with the Yoast SEO plugin v26.4 - https:\/\/yoast.com\/wordpress\/plugins\/seo\/ -->\n<title>Crave Lampe de table Vert - H\u00fcbsch<\/title>\n<meta name=\"description\" content=\"Nous adorons vraiment les luminaires et la lampe Crave fait partie de nos coups de c\u0153ur ! Cette lampe \u00e0 la forme arrondie et \u00e9l\u00e9gante s&#039;impose\" \/>\n<meta name=\"robots\" content=\"index, follow, max-snippet:-1, max-image-preview:large, max-video-preview:-1\" \/>\n<link rel=\"canonical\" href=\"https:\/\/hubsch-interior.com\/fr\/wp-json\/wp\/v2\/product\/808952\" \/>\n<meta property=\"og:locale\" content=\"fr_FR\" \/>\n<meta property=\"og:type\" content=\"article\" \/>\n<meta property=\"og:title\" content=\"Crave Lampe de table Vert - H\u00fcbsch\" \/>\n<meta property=\"og:description\" content=\"Nous adorons vraiment les luminaires et la lampe Crave fait partie de nos coups de c\u0153ur ! Cette lampe \u00e0 la forme arrondie et \u00e9l\u00e9gante s&#039;impose\" \/>\n<meta property=\"og:url\" content=\"https:\/\/hubsch-interior.com\/fr\/produit\/crave-lampe-de-table-vert\/\" \/>\n<meta property=\"og:site_name\" content=\"H\u00fcbsch\" \/>\n<meta property=\"article:modified_time\" content=\"2026-04-19T03:04:21+00:00\" \/>\n<meta property=\"og:image\" content=\"https:\/\/hubsch-interior.com\/wp-content\/uploads\/2023\/08\/crave-table-lamp-cleardark-green-e81443337e6ba13c9fc8302ddc7d6ad6.jpg\" \/>\n\t<meta property=\"og:image:width\" content=\"1200\" \/>\n\t<meta property=\"og:image:height\" content=\"1200\" \/>\n\t<meta property=\"og:image:type\" content=\"image\/jpeg\" \/>\n<meta name=\"twitter:card\" content=\"summary_large_image\" \/>\n<meta name=\"twitter:label1\" content=\"Dur\u00e9e de lecture estim\u00e9e\" \/>\n\t<meta name=\"twitter:data1\" content=\"1 minute\" \/>\n<script type=\"application\/ld+json\" class=\"yoast-schema-graph\">{\"@context\":\"https:\/\/schema.org\",\"@graph\":[{\"@type\":\"WebPage\",\"@id\":\"https:\/\/hubsch-interior.com\/fr\/produit\/crave-lampe-de-table-vert\/\",\"url\":\"https:\/\/hubsch-interior.com\/fr\/produit\/crave-lampe-de-table-vert\/\",\"name\":\"Crave Lampe de table Vert - H\u00fcbsch\",\"isPartOf\":{\"@id\":\"https:\/\/hubsch-interior.com\/fr\/#website\"},\"primaryImageOfPage\":{\"@id\":\"https:\/\/hubsch-interior.com\/fr\/produit\/crave-lampe-de-table-vert\/#primaryimage\"},\"image\":{\"@id\":\"https:\/\/hubsch-interior.com\/fr\/produit\/crave-lampe-de-table-vert\/#primaryimage\"},\"thumbnailUrl\":\"https:\/\/hubsch-interior.com\/wp-content\/uploads\/2026\/02\/crave-table-lamp-green-ebfb71a0f76a078bd8dfa4dac429587c.jpg\",\"datePublished\":\"2022-08-23T12:42:58+00:00\",\"dateModified\":\"2026-04-19T03:04:21+00:00\",\"description\":\"Nous adorons vraiment les luminaires et la lampe Crave fait partie de nos coups de c\u0153ur ! Cette lampe \u00e0 la forme arrondie et \u00e9l\u00e9gante s'impose\",\"breadcrumb\":{\"@id\":\"https:\/\/hubsch-interior.com\/fr\/produit\/crave-lampe-de-table-vert\/#breadcrumb\"},\"inLanguage\":\"fr-FR\",\"potentialAction\":[{\"@type\":\"ReadAction\",\"target\":[\"https:\/\/hubsch-interior.com\/fr\/produit\/crave-lampe-de-table-vert\/\"]}]},{\"@type\":\"ImageObject\",\"inLanguage\":\"fr-FR\",\"@id\":\"https:\/\/hubsch-interior.com\/fr\/produit\/crave-lampe-de-table-vert\/#primaryimage\",\"url\":\"https:\/\/hubsch-interior.com\/wp-content\/uploads\/2026\/02\/crave-table-lamp-green-ebfb71a0f76a078bd8dfa4dac429587c.jpg\",\"contentUrl\":\"https:\/\/hubsch-interior.com\/wp-content\/uploads\/2026\/02\/crave-table-lamp-green-ebfb71a0f76a078bd8dfa4dac429587c.jpg\",\"width\":1024,\"height\":1024},{\"@type\":\"BreadcrumbList\",\"@id\":\"https:\/\/hubsch-interior.com\/fr\/produit\/crave-lampe-de-table-vert\/#breadcrumb\",\"itemListElement\":[{\"@type\":\"ListItem\",\"position\":1,\"name\":\"Page d'accueil\",\"item\":\"https:\/\/hubsch-interior.com\/fr\/\"},{\"@type\":\"ListItem\",\"position\":2,\"name\":\"Produits\",\"item\":\"https:\/\/hubsch-interior.com\/fr\/shop-2\/\"},{\"@type\":\"ListItem\",\"position\":3,\"name\":\"Luminaires\",\"item\":\"https:\/\/hubsch-interior.com\/fr\/categorie-produit\/luminaires\/\"},{\"@type\":\"ListItem\",\"position\":4,\"name\":\"Lampes &agrave; poser\",\"item\":\"https:\/\/hubsch-interior.com\/fr\/categorie-produit\/luminaires\/lampes-a-poser-fr\/\"},{\"@type\":\"ListItem\",\"position\":5,\"name\":\"Crave Lampe de table Vert\"}]},{\"@type\":\"WebSite\",\"@id\":\"https:\/\/hubsch-interior.com\/fr\/#website\",\"url\":\"https:\/\/hubsch-interior.com\/fr\/\",\"name\":\"H\u00fcbsch\",\"description\":\"Danish Home Interior and Design\",\"publisher\":{\"@id\":\"https:\/\/hubsch-interior.com\/fr\/#organization\"},\"potentialAction\":[{\"@type\":\"SearchAction\",\"target\":{\"@type\":\"EntryPoint\",\"urlTemplate\":\"https:\/\/hubsch-interior.com\/fr\/?s={search_term_string}\"},\"query-input\":{\"@type\":\"PropertyValueSpecification\",\"valueRequired\":true,\"valueName\":\"search_term_string\"}}],\"inLanguage\":\"fr-FR\"},{\"@type\":\"Organization\",\"@id\":\"https:\/\/hubsch-interior.com\/fr\/#organization\",\"name\":\"H\u00fcbsch\",\"url\":\"https:\/\/hubsch-interior.com\/fr\/\",\"logo\":{\"@type\":\"ImageObject\",\"inLanguage\":\"fr-FR\",\"@id\":\"https:\/\/hubsch-interior.com\/fr\/#\/schema\/logo\/image\/\",\"url\":\"https:\/\/hubsch-interior.com\/wp-content\/uploads\/2022\/12\/Hubsch_logo_black_one_line.svg\",\"contentUrl\":\"https:\/\/hubsch-interior.com\/wp-content\/uploads\/2022\/12\/Hubsch_logo_black_one_line.svg\",\"caption\":\"H\u00fcbsch\"},\"image\":{\"@id\":\"https:\/\/hubsch-interior.com\/fr\/#\/schema\/logo\/image\/\"}}]}<\/script>\n<!-- \/ Yoast SEO plugin. -->","yoast_head_json":{"title":"Crave Lampe de table Vert - H\u00fcbsch","description":"Nous adorons vraiment les luminaires et la lampe Crave fait partie de nos coups de c\u0153ur ! Cette lampe \u00e0 la forme arrondie et \u00e9l\u00e9gante s'impose","robots":{"index":"index","follow":"follow","max-snippet":"max-snippet:-1","max-image-preview":"max-image-preview:large","max-video-preview":"max-video-preview:-1"},"canonical":"https:\/\/hubsch-interior.com\/fr\/wp-json\/wp\/v2\/product\/808952","og_locale":"fr_FR","og_type":"article","og_title":"Crave Lampe de table Vert - H\u00fcbsch","og_description":"Nous adorons vraiment les luminaires et la lampe Crave fait partie de nos coups de c\u0153ur ! Cette lampe \u00e0 la forme arrondie et \u00e9l\u00e9gante s'impose","og_url":"https:\/\/hubsch-interior.com\/fr\/produit\/crave-lampe-de-table-vert\/","og_site_name":"H\u00fcbsch","article_modified_time":"2026-04-19T03:04:21+00:00","og_image":[{"width":1200,"height":1200,"url":"https:\/\/hubsch-interior.com\/wp-content\/uploads\/2023\/08\/crave-table-lamp-cleardark-green-e81443337e6ba13c9fc8302ddc7d6ad6.jpg","type":"image\/jpeg"}],"twitter_card":"summary_large_image","twitter_misc":{"Dur\u00e9e de lecture estim\u00e9e":"1 minute"},"schema":{"@context":"https:\/\/schema.org","@graph":[{"@type":"WebPage","@id":"https:\/\/hubsch-interior.com\/fr\/produit\/crave-lampe-de-table-vert\/","url":"https:\/\/hubsch-interior.com\/fr\/produit\/crave-lampe-de-table-vert\/","name":"Crave Lampe de table Vert - H\u00fcbsch","isPartOf":{"@id":"https:\/\/hubsch-interior.com\/fr\/#website"},"primaryImageOfPage":{"@id":"https:\/\/hubsch-interior.com\/fr\/produit\/crave-lampe-de-table-vert\/#primaryimage"},"image":{"@id":"https:\/\/hubsch-interior.com\/fr\/produit\/crave-lampe-de-table-vert\/#primaryimage"},"thumbnailUrl":"https:\/\/hubsch-interior.com\/wp-content\/uploads\/2026\/02\/crave-table-lamp-green-ebfb71a0f76a078bd8dfa4dac429587c.jpg","datePublished":"2022-08-23T12:42:58+00:00","dateModified":"2026-04-19T03:04:21+00:00","description":"Nous adorons vraiment les luminaires et la lampe Crave fait partie de nos coups de c\u0153ur ! Cette lampe \u00e0 la forme arrondie et \u00e9l\u00e9gante s'impose","breadcrumb":{"@id":"https:\/\/hubsch-interior.com\/fr\/produit\/crave-lampe-de-table-vert\/#breadcrumb"},"inLanguage":"fr-FR","potentialAction":[{"@type":"ReadAction","target":["https:\/\/hubsch-interior.com\/fr\/produit\/crave-lampe-de-table-vert\/"]}]},{"@type":"ImageObject","inLanguage":"fr-FR","@id":"https:\/\/hubsch-interior.com\/fr\/produit\/crave-lampe-de-table-vert\/#primaryimage","url":"https:\/\/hubsch-interior.com\/wp-content\/uploads\/2026\/02\/crave-table-lamp-green-ebfb71a0f76a078bd8dfa4dac429587c.jpg","contentUrl":"https:\/\/hubsch-interior.com\/wp-content\/uploads\/2026\/02\/crave-table-lamp-green-ebfb71a0f76a078bd8dfa4dac429587c.jpg","width":1024,"height":1024},{"@type":"BreadcrumbList","@id":"https:\/\/hubsch-interior.com\/fr\/produit\/crave-lampe-de-table-vert\/#breadcrumb","itemListElement":[{"@type":"ListItem","position":1,"name":"Page d'accueil","item":"https:\/\/hubsch-interior.com\/fr\/"},{"@type":"ListItem","position":2,"name":"Produits","item":"https:\/\/hubsch-interior.com\/fr\/shop-2\/"},{"@type":"ListItem","position":3,"name":"Luminaires","item":"https:\/\/hubsch-interior.com\/fr\/categorie-produit\/luminaires\/"},{"@type":"ListItem","position":4,"name":"Lampes &agrave; poser","item":"https:\/\/hubsch-interior.com\/fr\/categorie-produit\/luminaires\/lampes-a-poser-fr\/"},{"@type":"ListItem","position":5,"name":"Crave Lampe de table Vert"}]},{"@type":"WebSite","@id":"https:\/\/hubsch-interior.com\/fr\/#website","url":"https:\/\/hubsch-interior.com\/fr\/","name":"H\u00fcbsch","description":"Danish Home Interior and Design","publisher":{"@id":"https:\/\/hubsch-interior.com\/fr\/#organization"},"potentialAction":[{"@type":"SearchAction","target":{"@type":"EntryPoint","urlTemplate":"https:\/\/hubsch-interior.com\/fr\/?s={search_term_string}"},"query-input":{"@type":"PropertyValueSpecification","valueRequired":true,"valueName":"search_term_string"}}],"inLanguage":"fr-FR"},{"@type":"Organization","@id":"https:\/\/hubsch-interior.com\/fr\/#organization","name":"H\u00fcbsch","url":"https:\/\/hubsch-interior.com\/fr\/","logo":{"@type":"ImageObject","inLanguage":"fr-FR","@id":"https:\/\/hubsch-interior.com\/fr\/#\/schema\/logo\/image\/","url":"https:\/\/hubsch-interior.com\/wp-content\/uploads\/2022\/12\/Hubsch_logo_black_one_line.svg","contentUrl":"https:\/\/hubsch-interior.com\/wp-content\/uploads\/2022\/12\/Hubsch_logo_black_one_line.svg","caption":"H\u00fcbsch"},"image":{"@id":"https:\/\/hubsch-interior.com\/fr\/#\/schema\/logo\/image\/"}}]}},"_links":{"self":[{"href":"https:\/\/hubsch-interior.com\/fr\/wp-json\/wp\/v2\/product\/808952","targetHints":{"allow":["GET"]}}],"collection":[{"href":"https:\/\/hubsch-interior.com\/fr\/wp-json\/wp\/v2\/product"}],"about":[{"href":"https:\/\/hubsch-interior.com\/fr\/wp-json\/wp\/v2\/types\/product"}],"wp:featuredmedia":[{"embeddable":true,"href":"https:\/\/hubsch-interior.com\/fr\/wp-json\/wp\/v2\/media\/1106499"}],"wp:attachment":[{"href":"https:\/\/hubsch-interior.com\/fr\/wp-json\/wp\/v2\/media?parent=808952"}],"wp:term":[{"taxonomy":"product_brand","embeddable":true,"href":"https:\/\/hubsch-interior.com\/fr\/wp-json\/wp\/v2\/product_brand?post=808952"},{"taxonomy":"product_cat","embeddable":true,"href":"https:\/\/hubsch-interior.com\/fr\/wp-json\/wp\/v2\/product_cat?post=808952"},{"taxonomy":"product_tag","embeddable":true,"href":"https:\/\/hubsch-interior.com\/fr\/wp-json\/wp\/v2\/product_tag?post=808952"}],"curies":[{"name":"wp","href":"https:\/\/api.w.org\/{rel}","templated":true}]}}