{"id":809012,"date":"2022-08-23T14:43:49","date_gmt":"2022-08-23T12:43:49","guid":{"rendered":"https:\/\/hubsch-interior.com\/product\/product\/"},"modified":"2026-04-10T05:03:35","modified_gmt":"2026-04-10T03:03:35","slug":"contrast-pendule-laiton-bruni","status":"publish","type":"product","link":"https:\/\/hubsch-interior.com\/fr\/produit\/contrast-pendule-laiton-bruni\/","title":{"rendered":"Contrast Pendule Laiton Bruni"},"content":{"rendered":"<p>A vous de choisir l&#8217;option paire ou individuelle mais hormis ce choix qui vous appartient, cette suspension sublime apporte beaucoup de profondeur et une vraie touche design \u00e0 votre cuisine, dans un couloir ou dans votre salon. Le contraste entre le laiton bruni et le verre blanc est juste parfait. Si vous en suspendez trois sur une magnifique table \u00e0 manger en bois, elles feront le show ! Ces suspensions Contrast seront des t\u00e9moins de choix pour cr\u00e9er une ambiance agr\u00e9able autour de conversations anim\u00e9es \u00e0 l&#8217;occasion de vos d\u00eeners. Simple et \u00e9l\u00e9gante, on peut assimiler cette suspension \u00e0 un bijou de designer.<\/p>\n","protected":false},"excerpt":{"rendered":"<p>A vous de choisir l&#8217;option paire ou individuelle mais hormis ce choix qui vous appartient, cette suspension sublime apporte beaucoup de profondeur et une vraie touche design \u00e0 votre cuisine, dans un couloir ou dans votre salon. Le contraste entre le laiton bruni et le verre blanc est juste parfait. Si vous en suspendez trois [&hellip;]<\/p>\n","protected":false},"featured_media":1106545,"template":"","meta":{"_acf_changed":false,"inline_featured_image":false},"product_brand":[],"product_cat":[6379,3810,4147],"product_tag":[],"class_list":{"0":"post-809012","1":"product","2":"type-product","3":"status-publish","4":"has-post-thumbnail","6":"product_cat-always-a-twist-fr","7":"product_cat-luminaires","8":"product_cat-suspensions-fr","9":"product_shipping_class-pk","11":"pa_color-laiton-bruni","12":"pa_material-fer-fr","13":"pa_material-verre-fr","15":"first","16":"instock","17":"taxable","18":"shipping-taxable","19":"purchasable","20":"product-type-simple"},"exclude_global_add_ons":[],"addons":[],"acf":[],"yoast_head":"<!-- This site is optimized with the Yoast SEO plugin v26.4 - https:\/\/yoast.com\/wordpress\/plugins\/seo\/ -->\n<title>Contrast Pendule Laiton Bruni - H\u00fcbsch<\/title>\n<meta name=\"description\" content=\"A vous de choisir l&#039;option paire ou individuelle mais hormis ce choix qui vous appartient, cette suspension sublime apporte beaucoup de profondeur et une\" \/>\n<meta name=\"robots\" content=\"index, follow, max-snippet:-1, max-image-preview:large, max-video-preview:-1\" \/>\n<link rel=\"canonical\" href=\"https:\/\/hubsch-interior.com\/fr\/wp-json\/wp\/v2\/product\/809012\" \/>\n<meta property=\"og:locale\" content=\"fr_FR\" \/>\n<meta property=\"og:type\" content=\"article\" \/>\n<meta property=\"og:title\" content=\"Contrast Pendule Laiton Bruni - H\u00fcbsch\" \/>\n<meta property=\"og:description\" content=\"A vous de choisir l&#039;option paire ou individuelle mais hormis ce choix qui vous appartient, cette suspension sublime apporte beaucoup de profondeur et une\" \/>\n<meta property=\"og:url\" content=\"https:\/\/hubsch-interior.com\/fr\/produit\/contrast-pendule-laiton-bruni\/\" \/>\n<meta property=\"og:site_name\" content=\"H\u00fcbsch\" \/>\n<meta property=\"article:modified_time\" content=\"2026-04-10T03:03:35+00:00\" \/>\n<meta property=\"og:image\" content=\"https:\/\/hubsch-interior.com\/wp-content\/uploads\/2023\/08\/contrast-ceiling-light-burnished-brass-97afb8b5b83cd288201349e48f2bd2fb.jpg\" \/>\n\t<meta property=\"og:image:width\" content=\"1200\" \/>\n\t<meta property=\"og:image:height\" content=\"1200\" \/>\n\t<meta property=\"og:image:type\" content=\"image\/jpeg\" \/>\n<meta name=\"twitter:card\" content=\"summary_large_image\" \/>\n<meta name=\"twitter:label1\" content=\"Dur\u00e9e de lecture estim\u00e9e\" \/>\n\t<meta name=\"twitter:data1\" content=\"1 minute\" \/>\n<script type=\"application\/ld+json\" class=\"yoast-schema-graph\">{\"@context\":\"https:\/\/schema.org\",\"@graph\":[{\"@type\":\"WebPage\",\"@id\":\"https:\/\/hubsch-interior.com\/fr\/produit\/contrast-pendule-laiton-bruni\/\",\"url\":\"https:\/\/hubsch-interior.com\/fr\/produit\/contrast-pendule-laiton-bruni\/\",\"name\":\"Contrast Pendule Laiton Bruni - H\u00fcbsch\",\"isPartOf\":{\"@id\":\"https:\/\/hubsch-interior.com\/fr\/#website\"},\"primaryImageOfPage\":{\"@id\":\"https:\/\/hubsch-interior.com\/fr\/produit\/contrast-pendule-laiton-bruni\/#primaryimage\"},\"image\":{\"@id\":\"https:\/\/hubsch-interior.com\/fr\/produit\/contrast-pendule-laiton-bruni\/#primaryimage\"},\"thumbnailUrl\":\"https:\/\/hubsch-interior.com\/wp-content\/uploads\/2026\/02\/contrast-pendant-burnished-brass-e0b0993f10345304e85a89899ce45f63.jpg\",\"datePublished\":\"2022-08-23T12:43:49+00:00\",\"dateModified\":\"2026-04-10T03:03:35+00:00\",\"description\":\"A vous de choisir l'option paire ou individuelle mais hormis ce choix qui vous appartient, cette suspension sublime apporte beaucoup de profondeur et une\",\"breadcrumb\":{\"@id\":\"https:\/\/hubsch-interior.com\/fr\/produit\/contrast-pendule-laiton-bruni\/#breadcrumb\"},\"inLanguage\":\"fr-FR\",\"potentialAction\":[{\"@type\":\"ReadAction\",\"target\":[\"https:\/\/hubsch-interior.com\/fr\/produit\/contrast-pendule-laiton-bruni\/\"]}]},{\"@type\":\"ImageObject\",\"inLanguage\":\"fr-FR\",\"@id\":\"https:\/\/hubsch-interior.com\/fr\/produit\/contrast-pendule-laiton-bruni\/#primaryimage\",\"url\":\"https:\/\/hubsch-interior.com\/wp-content\/uploads\/2026\/02\/contrast-pendant-burnished-brass-e0b0993f10345304e85a89899ce45f63.jpg\",\"contentUrl\":\"https:\/\/hubsch-interior.com\/wp-content\/uploads\/2026\/02\/contrast-pendant-burnished-brass-e0b0993f10345304e85a89899ce45f63.jpg\",\"width\":1024,\"height\":1024},{\"@type\":\"BreadcrumbList\",\"@id\":\"https:\/\/hubsch-interior.com\/fr\/produit\/contrast-pendule-laiton-bruni\/#breadcrumb\",\"itemListElement\":[{\"@type\":\"ListItem\",\"position\":1,\"name\":\"Page d'accueil\",\"item\":\"https:\/\/hubsch-interior.com\/fr\/\"},{\"@type\":\"ListItem\",\"position\":2,\"name\":\"Produits\",\"item\":\"https:\/\/hubsch-interior.com\/fr\/shop-2\/\"},{\"@type\":\"ListItem\",\"position\":3,\"name\":\"Luminaires\",\"item\":\"https:\/\/hubsch-interior.com\/fr\/categorie-produit\/luminaires\/\"},{\"@type\":\"ListItem\",\"position\":4,\"name\":\"Suspensions\",\"item\":\"https:\/\/hubsch-interior.com\/fr\/categorie-produit\/luminaires\/suspensions-fr\/\"},{\"@type\":\"ListItem\",\"position\":5,\"name\":\"Contrast Pendule Laiton Bruni\"}]},{\"@type\":\"WebSite\",\"@id\":\"https:\/\/hubsch-interior.com\/fr\/#website\",\"url\":\"https:\/\/hubsch-interior.com\/fr\/\",\"name\":\"H\u00fcbsch\",\"description\":\"Danish Home Interior and Design\",\"publisher\":{\"@id\":\"https:\/\/hubsch-interior.com\/fr\/#organization\"},\"potentialAction\":[{\"@type\":\"SearchAction\",\"target\":{\"@type\":\"EntryPoint\",\"urlTemplate\":\"https:\/\/hubsch-interior.com\/fr\/?s={search_term_string}\"},\"query-input\":{\"@type\":\"PropertyValueSpecification\",\"valueRequired\":true,\"valueName\":\"search_term_string\"}}],\"inLanguage\":\"fr-FR\"},{\"@type\":\"Organization\",\"@id\":\"https:\/\/hubsch-interior.com\/fr\/#organization\",\"name\":\"H\u00fcbsch\",\"url\":\"https:\/\/hubsch-interior.com\/fr\/\",\"logo\":{\"@type\":\"ImageObject\",\"inLanguage\":\"fr-FR\",\"@id\":\"https:\/\/hubsch-interior.com\/fr\/#\/schema\/logo\/image\/\",\"url\":\"https:\/\/hubsch-interior.com\/wp-content\/uploads\/2022\/12\/Hubsch_logo_black_one_line.svg\",\"contentUrl\":\"https:\/\/hubsch-interior.com\/wp-content\/uploads\/2022\/12\/Hubsch_logo_black_one_line.svg\",\"caption\":\"H\u00fcbsch\"},\"image\":{\"@id\":\"https:\/\/hubsch-interior.com\/fr\/#\/schema\/logo\/image\/\"}}]}<\/script>\n<!-- \/ Yoast SEO plugin. -->","yoast_head_json":{"title":"Contrast Pendule Laiton Bruni - H\u00fcbsch","description":"A vous de choisir l'option paire ou individuelle mais hormis ce choix qui vous appartient, cette suspension sublime apporte beaucoup de profondeur et une","robots":{"index":"index","follow":"follow","max-snippet":"max-snippet:-1","max-image-preview":"max-image-preview:large","max-video-preview":"max-video-preview:-1"},"canonical":"https:\/\/hubsch-interior.com\/fr\/wp-json\/wp\/v2\/product\/809012","og_locale":"fr_FR","og_type":"article","og_title":"Contrast Pendule Laiton Bruni - H\u00fcbsch","og_description":"A vous de choisir l'option paire ou individuelle mais hormis ce choix qui vous appartient, cette suspension sublime apporte beaucoup de profondeur et une","og_url":"https:\/\/hubsch-interior.com\/fr\/produit\/contrast-pendule-laiton-bruni\/","og_site_name":"H\u00fcbsch","article_modified_time":"2026-04-10T03:03:35+00:00","og_image":[{"width":1200,"height":1200,"url":"https:\/\/hubsch-interior.com\/wp-content\/uploads\/2023\/08\/contrast-ceiling-light-burnished-brass-97afb8b5b83cd288201349e48f2bd2fb.jpg","type":"image\/jpeg"}],"twitter_card":"summary_large_image","twitter_misc":{"Dur\u00e9e de lecture estim\u00e9e":"1 minute"},"schema":{"@context":"https:\/\/schema.org","@graph":[{"@type":"WebPage","@id":"https:\/\/hubsch-interior.com\/fr\/produit\/contrast-pendule-laiton-bruni\/","url":"https:\/\/hubsch-interior.com\/fr\/produit\/contrast-pendule-laiton-bruni\/","name":"Contrast Pendule Laiton Bruni - H\u00fcbsch","isPartOf":{"@id":"https:\/\/hubsch-interior.com\/fr\/#website"},"primaryImageOfPage":{"@id":"https:\/\/hubsch-interior.com\/fr\/produit\/contrast-pendule-laiton-bruni\/#primaryimage"},"image":{"@id":"https:\/\/hubsch-interior.com\/fr\/produit\/contrast-pendule-laiton-bruni\/#primaryimage"},"thumbnailUrl":"https:\/\/hubsch-interior.com\/wp-content\/uploads\/2026\/02\/contrast-pendant-burnished-brass-e0b0993f10345304e85a89899ce45f63.jpg","datePublished":"2022-08-23T12:43:49+00:00","dateModified":"2026-04-10T03:03:35+00:00","description":"A vous de choisir l'option paire ou individuelle mais hormis ce choix qui vous appartient, cette suspension sublime apporte beaucoup de profondeur et une","breadcrumb":{"@id":"https:\/\/hubsch-interior.com\/fr\/produit\/contrast-pendule-laiton-bruni\/#breadcrumb"},"inLanguage":"fr-FR","potentialAction":[{"@type":"ReadAction","target":["https:\/\/hubsch-interior.com\/fr\/produit\/contrast-pendule-laiton-bruni\/"]}]},{"@type":"ImageObject","inLanguage":"fr-FR","@id":"https:\/\/hubsch-interior.com\/fr\/produit\/contrast-pendule-laiton-bruni\/#primaryimage","url":"https:\/\/hubsch-interior.com\/wp-content\/uploads\/2026\/02\/contrast-pendant-burnished-brass-e0b0993f10345304e85a89899ce45f63.jpg","contentUrl":"https:\/\/hubsch-interior.com\/wp-content\/uploads\/2026\/02\/contrast-pendant-burnished-brass-e0b0993f10345304e85a89899ce45f63.jpg","width":1024,"height":1024},{"@type":"BreadcrumbList","@id":"https:\/\/hubsch-interior.com\/fr\/produit\/contrast-pendule-laiton-bruni\/#breadcrumb","itemListElement":[{"@type":"ListItem","position":1,"name":"Page d'accueil","item":"https:\/\/hubsch-interior.com\/fr\/"},{"@type":"ListItem","position":2,"name":"Produits","item":"https:\/\/hubsch-interior.com\/fr\/shop-2\/"},{"@type":"ListItem","position":3,"name":"Luminaires","item":"https:\/\/hubsch-interior.com\/fr\/categorie-produit\/luminaires\/"},{"@type":"ListItem","position":4,"name":"Suspensions","item":"https:\/\/hubsch-interior.com\/fr\/categorie-produit\/luminaires\/suspensions-fr\/"},{"@type":"ListItem","position":5,"name":"Contrast Pendule Laiton Bruni"}]},{"@type":"WebSite","@id":"https:\/\/hubsch-interior.com\/fr\/#website","url":"https:\/\/hubsch-interior.com\/fr\/","name":"H\u00fcbsch","description":"Danish Home Interior and Design","publisher":{"@id":"https:\/\/hubsch-interior.com\/fr\/#organization"},"potentialAction":[{"@type":"SearchAction","target":{"@type":"EntryPoint","urlTemplate":"https:\/\/hubsch-interior.com\/fr\/?s={search_term_string}"},"query-input":{"@type":"PropertyValueSpecification","valueRequired":true,"valueName":"search_term_string"}}],"inLanguage":"fr-FR"},{"@type":"Organization","@id":"https:\/\/hubsch-interior.com\/fr\/#organization","name":"H\u00fcbsch","url":"https:\/\/hubsch-interior.com\/fr\/","logo":{"@type":"ImageObject","inLanguage":"fr-FR","@id":"https:\/\/hubsch-interior.com\/fr\/#\/schema\/logo\/image\/","url":"https:\/\/hubsch-interior.com\/wp-content\/uploads\/2022\/12\/Hubsch_logo_black_one_line.svg","contentUrl":"https:\/\/hubsch-interior.com\/wp-content\/uploads\/2022\/12\/Hubsch_logo_black_one_line.svg","caption":"H\u00fcbsch"},"image":{"@id":"https:\/\/hubsch-interior.com\/fr\/#\/schema\/logo\/image\/"}}]}},"_links":{"self":[{"href":"https:\/\/hubsch-interior.com\/fr\/wp-json\/wp\/v2\/product\/809012","targetHints":{"allow":["GET"]}}],"collection":[{"href":"https:\/\/hubsch-interior.com\/fr\/wp-json\/wp\/v2\/product"}],"about":[{"href":"https:\/\/hubsch-interior.com\/fr\/wp-json\/wp\/v2\/types\/product"}],"wp:featuredmedia":[{"embeddable":true,"href":"https:\/\/hubsch-interior.com\/fr\/wp-json\/wp\/v2\/media\/1106545"}],"wp:attachment":[{"href":"https:\/\/hubsch-interior.com\/fr\/wp-json\/wp\/v2\/media?parent=809012"}],"wp:term":[{"taxonomy":"product_brand","embeddable":true,"href":"https:\/\/hubsch-interior.com\/fr\/wp-json\/wp\/v2\/product_brand?post=809012"},{"taxonomy":"product_cat","embeddable":true,"href":"https:\/\/hubsch-interior.com\/fr\/wp-json\/wp\/v2\/product_cat?post=809012"},{"taxonomy":"product_tag","embeddable":true,"href":"https:\/\/hubsch-interior.com\/fr\/wp-json\/wp\/v2\/product_tag?post=809012"}],"curies":[{"name":"wp","href":"https:\/\/api.w.org\/{rel}","templated":true}]}}