{"id":809116,"date":"2022-08-23T14:45:26","date_gmt":"2022-08-23T12:45:26","guid":{"rendered":"https:\/\/hubsch-interior.com\/product\/product\/"},"modified":"2026-04-12T05:04:18","modified_gmt":"2026-04-12T03:04:18","slug":"chipper-lampe-de-table-sable-burgundy","status":"publish","type":"product","link":"https:\/\/hubsch-interior.com\/fr\/produit\/chipper-lampe-de-table-sable-burgundy\/","title":{"rendered":"Chipper Lampe de table Sable\/Burgundy"},"content":{"rendered":"<p>Ravis de vous pr\u00e9senter Chipper ! Vive et d\u00e9cal\u00e9e, cette petite lampe de table d\u00e9contract\u00e9e et color\u00e9e apporte un vrai sourire sur nos visages. La forme est douce et amusante \u00e0 la fois et les couleurs sont apaisantes. Vous pouvez la poser dans beaucoup d&#8217;endroits, comme lampe sur votre table de chevet ou lampe d&#8217;ambiance dans votre salon &#8211; osez \u00e9galement aussi dans les chambres d&#8217;enfants. C&#8217;est une lampe au temp\u00e9rament joyeux !<\/p>\n","protected":false},"excerpt":{"rendered":"<p>Ravis de vous pr\u00e9senter Chipper ! Vive et d\u00e9cal\u00e9e, cette petite lampe de table d\u00e9contract\u00e9e et color\u00e9e apporte un vrai sourire sur nos visages. La forme est douce et amusante \u00e0 la fois et les couleurs sont apaisantes. Vous pouvez la poser dans beaucoup d&#8217;endroits, comme lampe sur votre table de chevet ou lampe d&#8217;ambiance [&hellip;]<\/p>\n","protected":false},"featured_media":1106607,"template":"","meta":{"_acf_changed":false,"inline_featured_image":false},"product_brand":[],"product_cat":[6379,3810,3500],"product_tag":[],"class_list":{"0":"post-809116","1":"product","2":"type-product","3":"status-publish","4":"has-post-thumbnail","6":"product_cat-always-a-twist-fr","7":"product_cat-luminaires","8":"product_cat-lampes-a-poser-fr","9":"product_shipping_class-pk","11":"pa_color-burgundy-fr","12":"pa_color-sable","13":"pa_material-fer-fr","15":"first","16":"instock","17":"taxable","18":"shipping-taxable","19":"purchasable","20":"product-type-simple"},"exclude_global_add_ons":[],"addons":[],"acf":[],"yoast_head":"<!-- This site is optimized with the Yoast SEO plugin v26.4 - https:\/\/yoast.com\/wordpress\/plugins\/seo\/ -->\n<title>Chipper Lampe de table Sable\/Burgundy - H\u00fcbsch<\/title>\n<meta name=\"description\" content=\"Ravis de vous pr\u00e9senter Chipper ! Vive et d\u00e9cal\u00e9e, cette petite lampe de table d\u00e9contract\u00e9e et color\u00e9e apporte un vrai sourire sur nos visages. La forme\" \/>\n<meta name=\"robots\" content=\"index, follow, max-snippet:-1, max-image-preview:large, max-video-preview:-1\" \/>\n<link rel=\"canonical\" href=\"https:\/\/hubsch-interior.com\/fr\/wp-json\/wp\/v2\/product\/809116\" \/>\n<meta property=\"og:locale\" content=\"fr_FR\" \/>\n<meta property=\"og:type\" content=\"article\" \/>\n<meta property=\"og:title\" content=\"Chipper Lampe de table Sable\/Burgundy - H\u00fcbsch\" \/>\n<meta property=\"og:description\" content=\"Ravis de vous pr\u00e9senter Chipper ! Vive et d\u00e9cal\u00e9e, cette petite lampe de table d\u00e9contract\u00e9e et color\u00e9e apporte un vrai sourire sur nos visages. La forme\" \/>\n<meta property=\"og:url\" content=\"https:\/\/hubsch-interior.com\/fr\/produit\/chipper-lampe-de-table-sable-burgundy\/\" \/>\n<meta property=\"og:site_name\" content=\"H\u00fcbsch\" \/>\n<meta property=\"article:modified_time\" content=\"2026-04-12T03:04:18+00:00\" \/>\n<meta property=\"og:image\" content=\"https:\/\/hubsch-interior.com\/wp-content\/uploads\/2024\/05\/chipper-table-lamp-sandburgundy-b050da52c2910d9a30c99498f0537d28.jpg\" \/>\n\t<meta property=\"og:image:width\" content=\"1200\" \/>\n\t<meta property=\"og:image:height\" content=\"1200\" \/>\n\t<meta property=\"og:image:type\" content=\"image\/jpeg\" \/>\n<meta name=\"twitter:card\" content=\"summary_large_image\" \/>\n<script type=\"application\/ld+json\" class=\"yoast-schema-graph\">{\"@context\":\"https:\/\/schema.org\",\"@graph\":[{\"@type\":\"WebPage\",\"@id\":\"https:\/\/hubsch-interior.com\/fr\/produit\/chipper-lampe-de-table-sable-burgundy\/\",\"url\":\"https:\/\/hubsch-interior.com\/fr\/produit\/chipper-lampe-de-table-sable-burgundy\/\",\"name\":\"Chipper Lampe de table Sable\/Burgundy - H\u00fcbsch\",\"isPartOf\":{\"@id\":\"https:\/\/hubsch-interior.com\/fr\/#website\"},\"primaryImageOfPage\":{\"@id\":\"https:\/\/hubsch-interior.com\/fr\/produit\/chipper-lampe-de-table-sable-burgundy\/#primaryimage\"},\"image\":{\"@id\":\"https:\/\/hubsch-interior.com\/fr\/produit\/chipper-lampe-de-table-sable-burgundy\/#primaryimage\"},\"thumbnailUrl\":\"https:\/\/hubsch-interior.com\/wp-content\/uploads\/2026\/02\/chipper-table-lamp-sandburgundy-7b871fd2240b98397a39a459bc938122.jpg\",\"datePublished\":\"2022-08-23T12:45:26+00:00\",\"dateModified\":\"2026-04-12T03:04:18+00:00\",\"description\":\"Ravis de vous pr\u00e9senter Chipper ! Vive et d\u00e9cal\u00e9e, cette petite lampe de table d\u00e9contract\u00e9e et color\u00e9e apporte un vrai sourire sur nos visages. La forme\",\"breadcrumb\":{\"@id\":\"https:\/\/hubsch-interior.com\/fr\/produit\/chipper-lampe-de-table-sable-burgundy\/#breadcrumb\"},\"inLanguage\":\"fr-FR\",\"potentialAction\":[{\"@type\":\"ReadAction\",\"target\":[\"https:\/\/hubsch-interior.com\/fr\/produit\/chipper-lampe-de-table-sable-burgundy\/\"]}]},{\"@type\":\"ImageObject\",\"inLanguage\":\"fr-FR\",\"@id\":\"https:\/\/hubsch-interior.com\/fr\/produit\/chipper-lampe-de-table-sable-burgundy\/#primaryimage\",\"url\":\"https:\/\/hubsch-interior.com\/wp-content\/uploads\/2026\/02\/chipper-table-lamp-sandburgundy-7b871fd2240b98397a39a459bc938122.jpg\",\"contentUrl\":\"https:\/\/hubsch-interior.com\/wp-content\/uploads\/2026\/02\/chipper-table-lamp-sandburgundy-7b871fd2240b98397a39a459bc938122.jpg\",\"width\":1024,\"height\":1024},{\"@type\":\"BreadcrumbList\",\"@id\":\"https:\/\/hubsch-interior.com\/fr\/produit\/chipper-lampe-de-table-sable-burgundy\/#breadcrumb\",\"itemListElement\":[{\"@type\":\"ListItem\",\"position\":1,\"name\":\"Page d'accueil\",\"item\":\"https:\/\/hubsch-interior.com\/fr\/\"},{\"@type\":\"ListItem\",\"position\":2,\"name\":\"Produits\",\"item\":\"https:\/\/hubsch-interior.com\/fr\/shop-2\/\"},{\"@type\":\"ListItem\",\"position\":3,\"name\":\"Luminaires\",\"item\":\"https:\/\/hubsch-interior.com\/fr\/categorie-produit\/luminaires\/\"},{\"@type\":\"ListItem\",\"position\":4,\"name\":\"Lampes &agrave; poser\",\"item\":\"https:\/\/hubsch-interior.com\/fr\/categorie-produit\/luminaires\/lampes-a-poser-fr\/\"},{\"@type\":\"ListItem\",\"position\":5,\"name\":\"Chipper Lampe de table Sable\/Burgundy\"}]},{\"@type\":\"WebSite\",\"@id\":\"https:\/\/hubsch-interior.com\/fr\/#website\",\"url\":\"https:\/\/hubsch-interior.com\/fr\/\",\"name\":\"H\u00fcbsch\",\"description\":\"Danish Home Interior and Design\",\"publisher\":{\"@id\":\"https:\/\/hubsch-interior.com\/fr\/#organization\"},\"potentialAction\":[{\"@type\":\"SearchAction\",\"target\":{\"@type\":\"EntryPoint\",\"urlTemplate\":\"https:\/\/hubsch-interior.com\/fr\/?s={search_term_string}\"},\"query-input\":{\"@type\":\"PropertyValueSpecification\",\"valueRequired\":true,\"valueName\":\"search_term_string\"}}],\"inLanguage\":\"fr-FR\"},{\"@type\":\"Organization\",\"@id\":\"https:\/\/hubsch-interior.com\/fr\/#organization\",\"name\":\"H\u00fcbsch\",\"url\":\"https:\/\/hubsch-interior.com\/fr\/\",\"logo\":{\"@type\":\"ImageObject\",\"inLanguage\":\"fr-FR\",\"@id\":\"https:\/\/hubsch-interior.com\/fr\/#\/schema\/logo\/image\/\",\"url\":\"https:\/\/hubsch-interior.com\/wp-content\/uploads\/2022\/12\/Hubsch_logo_black_one_line.svg\",\"contentUrl\":\"https:\/\/hubsch-interior.com\/wp-content\/uploads\/2022\/12\/Hubsch_logo_black_one_line.svg\",\"caption\":\"H\u00fcbsch\"},\"image\":{\"@id\":\"https:\/\/hubsch-interior.com\/fr\/#\/schema\/logo\/image\/\"}}]}<\/script>\n<!-- \/ Yoast SEO plugin. -->","yoast_head_json":{"title":"Chipper Lampe de table Sable\/Burgundy - H\u00fcbsch","description":"Ravis de vous pr\u00e9senter Chipper ! Vive et d\u00e9cal\u00e9e, cette petite lampe de table d\u00e9contract\u00e9e et color\u00e9e apporte un vrai sourire sur nos visages. La forme","robots":{"index":"index","follow":"follow","max-snippet":"max-snippet:-1","max-image-preview":"max-image-preview:large","max-video-preview":"max-video-preview:-1"},"canonical":"https:\/\/hubsch-interior.com\/fr\/wp-json\/wp\/v2\/product\/809116","og_locale":"fr_FR","og_type":"article","og_title":"Chipper Lampe de table Sable\/Burgundy - H\u00fcbsch","og_description":"Ravis de vous pr\u00e9senter Chipper ! Vive et d\u00e9cal\u00e9e, cette petite lampe de table d\u00e9contract\u00e9e et color\u00e9e apporte un vrai sourire sur nos visages. La forme","og_url":"https:\/\/hubsch-interior.com\/fr\/produit\/chipper-lampe-de-table-sable-burgundy\/","og_site_name":"H\u00fcbsch","article_modified_time":"2026-04-12T03:04:18+00:00","og_image":[{"width":1200,"height":1200,"url":"https:\/\/hubsch-interior.com\/wp-content\/uploads\/2024\/05\/chipper-table-lamp-sandburgundy-b050da52c2910d9a30c99498f0537d28.jpg","type":"image\/jpeg"}],"twitter_card":"summary_large_image","schema":{"@context":"https:\/\/schema.org","@graph":[{"@type":"WebPage","@id":"https:\/\/hubsch-interior.com\/fr\/produit\/chipper-lampe-de-table-sable-burgundy\/","url":"https:\/\/hubsch-interior.com\/fr\/produit\/chipper-lampe-de-table-sable-burgundy\/","name":"Chipper Lampe de table Sable\/Burgundy - H\u00fcbsch","isPartOf":{"@id":"https:\/\/hubsch-interior.com\/fr\/#website"},"primaryImageOfPage":{"@id":"https:\/\/hubsch-interior.com\/fr\/produit\/chipper-lampe-de-table-sable-burgundy\/#primaryimage"},"image":{"@id":"https:\/\/hubsch-interior.com\/fr\/produit\/chipper-lampe-de-table-sable-burgundy\/#primaryimage"},"thumbnailUrl":"https:\/\/hubsch-interior.com\/wp-content\/uploads\/2026\/02\/chipper-table-lamp-sandburgundy-7b871fd2240b98397a39a459bc938122.jpg","datePublished":"2022-08-23T12:45:26+00:00","dateModified":"2026-04-12T03:04:18+00:00","description":"Ravis de vous pr\u00e9senter Chipper ! Vive et d\u00e9cal\u00e9e, cette petite lampe de table d\u00e9contract\u00e9e et color\u00e9e apporte un vrai sourire sur nos visages. La forme","breadcrumb":{"@id":"https:\/\/hubsch-interior.com\/fr\/produit\/chipper-lampe-de-table-sable-burgundy\/#breadcrumb"},"inLanguage":"fr-FR","potentialAction":[{"@type":"ReadAction","target":["https:\/\/hubsch-interior.com\/fr\/produit\/chipper-lampe-de-table-sable-burgundy\/"]}]},{"@type":"ImageObject","inLanguage":"fr-FR","@id":"https:\/\/hubsch-interior.com\/fr\/produit\/chipper-lampe-de-table-sable-burgundy\/#primaryimage","url":"https:\/\/hubsch-interior.com\/wp-content\/uploads\/2026\/02\/chipper-table-lamp-sandburgundy-7b871fd2240b98397a39a459bc938122.jpg","contentUrl":"https:\/\/hubsch-interior.com\/wp-content\/uploads\/2026\/02\/chipper-table-lamp-sandburgundy-7b871fd2240b98397a39a459bc938122.jpg","width":1024,"height":1024},{"@type":"BreadcrumbList","@id":"https:\/\/hubsch-interior.com\/fr\/produit\/chipper-lampe-de-table-sable-burgundy\/#breadcrumb","itemListElement":[{"@type":"ListItem","position":1,"name":"Page d'accueil","item":"https:\/\/hubsch-interior.com\/fr\/"},{"@type":"ListItem","position":2,"name":"Produits","item":"https:\/\/hubsch-interior.com\/fr\/shop-2\/"},{"@type":"ListItem","position":3,"name":"Luminaires","item":"https:\/\/hubsch-interior.com\/fr\/categorie-produit\/luminaires\/"},{"@type":"ListItem","position":4,"name":"Lampes &agrave; poser","item":"https:\/\/hubsch-interior.com\/fr\/categorie-produit\/luminaires\/lampes-a-poser-fr\/"},{"@type":"ListItem","position":5,"name":"Chipper Lampe de table Sable\/Burgundy"}]},{"@type":"WebSite","@id":"https:\/\/hubsch-interior.com\/fr\/#website","url":"https:\/\/hubsch-interior.com\/fr\/","name":"H\u00fcbsch","description":"Danish Home Interior and Design","publisher":{"@id":"https:\/\/hubsch-interior.com\/fr\/#organization"},"potentialAction":[{"@type":"SearchAction","target":{"@type":"EntryPoint","urlTemplate":"https:\/\/hubsch-interior.com\/fr\/?s={search_term_string}"},"query-input":{"@type":"PropertyValueSpecification","valueRequired":true,"valueName":"search_term_string"}}],"inLanguage":"fr-FR"},{"@type":"Organization","@id":"https:\/\/hubsch-interior.com\/fr\/#organization","name":"H\u00fcbsch","url":"https:\/\/hubsch-interior.com\/fr\/","logo":{"@type":"ImageObject","inLanguage":"fr-FR","@id":"https:\/\/hubsch-interior.com\/fr\/#\/schema\/logo\/image\/","url":"https:\/\/hubsch-interior.com\/wp-content\/uploads\/2022\/12\/Hubsch_logo_black_one_line.svg","contentUrl":"https:\/\/hubsch-interior.com\/wp-content\/uploads\/2022\/12\/Hubsch_logo_black_one_line.svg","caption":"H\u00fcbsch"},"image":{"@id":"https:\/\/hubsch-interior.com\/fr\/#\/schema\/logo\/image\/"}}]}},"_links":{"self":[{"href":"https:\/\/hubsch-interior.com\/fr\/wp-json\/wp\/v2\/product\/809116","targetHints":{"allow":["GET"]}}],"collection":[{"href":"https:\/\/hubsch-interior.com\/fr\/wp-json\/wp\/v2\/product"}],"about":[{"href":"https:\/\/hubsch-interior.com\/fr\/wp-json\/wp\/v2\/types\/product"}],"wp:featuredmedia":[{"embeddable":true,"href":"https:\/\/hubsch-interior.com\/fr\/wp-json\/wp\/v2\/media\/1106607"}],"wp:attachment":[{"href":"https:\/\/hubsch-interior.com\/fr\/wp-json\/wp\/v2\/media?parent=809116"}],"wp:term":[{"taxonomy":"product_brand","embeddable":true,"href":"https:\/\/hubsch-interior.com\/fr\/wp-json\/wp\/v2\/product_brand?post=809116"},{"taxonomy":"product_cat","embeddable":true,"href":"https:\/\/hubsch-interior.com\/fr\/wp-json\/wp\/v2\/product_cat?post=809116"},{"taxonomy":"product_tag","embeddable":true,"href":"https:\/\/hubsch-interior.com\/fr\/wp-json\/wp\/v2\/product_tag?post=809116"}],"curies":[{"name":"wp","href":"https:\/\/api.w.org\/{rel}","templated":true}]}}