{"id":809216,"date":"2022-08-23T14:47:17","date_gmt":"2022-08-23T12:47:17","guid":{"rendered":"https:\/\/hubsch-interior.com\/product\/product\/"},"modified":"2026-04-11T05:14:35","modified_gmt":"2026-04-11T03:14:35","slug":"chand-pendule-ovale-naturel","status":"publish","type":"product","link":"https:\/\/hubsch-interior.com\/fr\/produit\/chand-pendule-ovale-naturel\/","title":{"rendered":"Chand Pendule Ovale Naturel"},"content":{"rendered":"<p>A l&#8217;occasion de la derni\u00e8re saison, nous avions ajout\u00e9 \u00e0 notre gamme une s\u00e9lection de lampes en rotin haut de gamme. Pour cette nouvelle collection, nous avons travaill\u00e9 le design en allant encore plus loin sur les dimensions et les formes et nous avons ajout\u00e9 un c\u00f4t\u00e9 d\u00e9cal\u00e9 en choisissant un cordon en tissu tress\u00e9 noir. La suspension Chand cr\u00e9e ainsi beaucoup de charme dans votre pi\u00e8ce et participe \u00e9galement \u00e0 l&#8217;\u00e9quilibre d&#8217;une ambiance conviviale lors de vos soir\u00e9es. C&#8217;est une beaut\u00e9 pure, \u00e0 vous de l&#8217;adopter pour apporter de la douceur et de la joie chez vous.<\/p>\n","protected":false},"excerpt":{"rendered":"<p>A l&#8217;occasion de la derni\u00e8re saison, nous avions ajout\u00e9 \u00e0 notre gamme une s\u00e9lection de lampes en rotin haut de gamme. Pour cette nouvelle collection, nous avons travaill\u00e9 le design en allant encore plus loin sur les dimensions et les formes et nous avons ajout\u00e9 un c\u00f4t\u00e9 d\u00e9cal\u00e9 en choisissant un cordon en tissu tress\u00e9 [&hellip;]<\/p>\n","protected":false},"featured_media":1110473,"template":"","meta":{"_acf_changed":false,"inline_featured_image":false},"product_brand":[],"product_cat":[6379,6322,3810,4147],"product_tag":[],"class_list":{"0":"post-809216","1":"product","2":"type-product","3":"status-publish","4":"has-post-thumbnail","6":"product_cat-always-a-twist-fr","7":"product_cat-fsc-fr","8":"product_cat-luminaires","9":"product_cat-suspensions-fr","10":"product_shipping_class-pk","12":"pa_color-naturel-2","13":"pa_material-rotin-fr","15":"first","16":"instock","17":"taxable","18":"shipping-taxable","19":"purchasable","20":"product-type-simple"},"exclude_global_add_ons":[],"addons":[],"acf":[],"yoast_head":"<!-- This site is optimized with the Yoast SEO plugin v26.4 - https:\/\/yoast.com\/wordpress\/plugins\/seo\/ -->\n<title>Chand Pendule Ovale Naturel - H\u00fcbsch<\/title>\n<meta name=\"description\" content=\"A l&#039;occasion de la derni\u00e8re saison, nous avions ajout\u00e9 \u00e0 notre gamme une s\u00e9lection de lampes en rotin haut de gamme. Pour cette nouvelle collection, nous\" \/>\n<meta name=\"robots\" content=\"index, follow, max-snippet:-1, max-image-preview:large, max-video-preview:-1\" \/>\n<link rel=\"canonical\" href=\"https:\/\/hubsch-interior.com\/fr\/wp-json\/wp\/v2\/product\/809216\" \/>\n<meta property=\"og:locale\" content=\"fr_FR\" \/>\n<meta property=\"og:type\" content=\"article\" \/>\n<meta property=\"og:title\" content=\"Chand Pendule Ovale Naturel - H\u00fcbsch\" \/>\n<meta property=\"og:description\" content=\"A l&#039;occasion de la derni\u00e8re saison, nous avions ajout\u00e9 \u00e0 notre gamme une s\u00e9lection de lampes en rotin haut de gamme. Pour cette nouvelle collection, nous\" \/>\n<meta property=\"og:url\" content=\"https:\/\/hubsch-interior.com\/fr\/produit\/chand-pendule-ovale-naturel\/\" \/>\n<meta property=\"og:site_name\" content=\"H\u00fcbsch\" \/>\n<meta property=\"article:modified_time\" content=\"2026-04-11T03:14:35+00:00\" \/>\n<meta property=\"og:image\" content=\"https:\/\/hubsch-interior.com\/wp-content\/uploads\/2024\/01\/chand-ceiling-light-oval-natural-25b99444afad56fad58ccd3bb7779b9c.jpg\" \/>\n\t<meta property=\"og:image:width\" content=\"1200\" \/>\n\t<meta property=\"og:image:height\" content=\"1200\" \/>\n\t<meta property=\"og:image:type\" content=\"image\/jpeg\" \/>\n<meta name=\"twitter:card\" content=\"summary_large_image\" \/>\n<meta name=\"twitter:label1\" content=\"Dur\u00e9e de lecture estim\u00e9e\" \/>\n\t<meta name=\"twitter:data1\" content=\"1 minute\" \/>\n<script type=\"application\/ld+json\" class=\"yoast-schema-graph\">{\"@context\":\"https:\/\/schema.org\",\"@graph\":[{\"@type\":\"WebPage\",\"@id\":\"https:\/\/hubsch-interior.com\/fr\/produit\/chand-pendule-ovale-naturel\/\",\"url\":\"https:\/\/hubsch-interior.com\/fr\/produit\/chand-pendule-ovale-naturel\/\",\"name\":\"Chand Pendule Ovale Naturel - H\u00fcbsch\",\"isPartOf\":{\"@id\":\"https:\/\/hubsch-interior.com\/fr\/#website\"},\"primaryImageOfPage\":{\"@id\":\"https:\/\/hubsch-interior.com\/fr\/produit\/chand-pendule-ovale-naturel\/#primaryimage\"},\"image\":{\"@id\":\"https:\/\/hubsch-interior.com\/fr\/produit\/chand-pendule-ovale-naturel\/#primaryimage\"},\"thumbnailUrl\":\"https:\/\/hubsch-interior.com\/wp-content\/uploads\/2026\/02\/chand-pendant-oval-natural-91897c6d45dc6d578e7e1c0f66c868cd.jpg\",\"datePublished\":\"2022-08-23T12:47:17+00:00\",\"dateModified\":\"2026-04-11T03:14:35+00:00\",\"description\":\"A l'occasion de la derni\u00e8re saison, nous avions ajout\u00e9 \u00e0 notre gamme une s\u00e9lection de lampes en rotin haut de gamme. Pour cette nouvelle collection, nous\",\"breadcrumb\":{\"@id\":\"https:\/\/hubsch-interior.com\/fr\/produit\/chand-pendule-ovale-naturel\/#breadcrumb\"},\"inLanguage\":\"fr-FR\",\"potentialAction\":[{\"@type\":\"ReadAction\",\"target\":[\"https:\/\/hubsch-interior.com\/fr\/produit\/chand-pendule-ovale-naturel\/\"]}]},{\"@type\":\"ImageObject\",\"inLanguage\":\"fr-FR\",\"@id\":\"https:\/\/hubsch-interior.com\/fr\/produit\/chand-pendule-ovale-naturel\/#primaryimage\",\"url\":\"https:\/\/hubsch-interior.com\/wp-content\/uploads\/2026\/02\/chand-pendant-oval-natural-91897c6d45dc6d578e7e1c0f66c868cd.jpg\",\"contentUrl\":\"https:\/\/hubsch-interior.com\/wp-content\/uploads\/2026\/02\/chand-pendant-oval-natural-91897c6d45dc6d578e7e1c0f66c868cd.jpg\",\"width\":1024,\"height\":1024},{\"@type\":\"BreadcrumbList\",\"@id\":\"https:\/\/hubsch-interior.com\/fr\/produit\/chand-pendule-ovale-naturel\/#breadcrumb\",\"itemListElement\":[{\"@type\":\"ListItem\",\"position\":1,\"name\":\"Page d'accueil\",\"item\":\"https:\/\/hubsch-interior.com\/fr\/\"},{\"@type\":\"ListItem\",\"position\":2,\"name\":\"Produits\",\"item\":\"https:\/\/hubsch-interior.com\/fr\/shop-2\/\"},{\"@type\":\"ListItem\",\"position\":3,\"name\":\"Luminaires\",\"item\":\"https:\/\/hubsch-interior.com\/fr\/categorie-produit\/luminaires\/\"},{\"@type\":\"ListItem\",\"position\":4,\"name\":\"Suspensions\",\"item\":\"https:\/\/hubsch-interior.com\/fr\/categorie-produit\/luminaires\/suspensions-fr\/\"},{\"@type\":\"ListItem\",\"position\":5,\"name\":\"Chand Pendule Ovale Naturel\"}]},{\"@type\":\"WebSite\",\"@id\":\"https:\/\/hubsch-interior.com\/fr\/#website\",\"url\":\"https:\/\/hubsch-interior.com\/fr\/\",\"name\":\"H\u00fcbsch\",\"description\":\"Danish Home Interior and Design\",\"publisher\":{\"@id\":\"https:\/\/hubsch-interior.com\/fr\/#organization\"},\"potentialAction\":[{\"@type\":\"SearchAction\",\"target\":{\"@type\":\"EntryPoint\",\"urlTemplate\":\"https:\/\/hubsch-interior.com\/fr\/?s={search_term_string}\"},\"query-input\":{\"@type\":\"PropertyValueSpecification\",\"valueRequired\":true,\"valueName\":\"search_term_string\"}}],\"inLanguage\":\"fr-FR\"},{\"@type\":\"Organization\",\"@id\":\"https:\/\/hubsch-interior.com\/fr\/#organization\",\"name\":\"H\u00fcbsch\",\"url\":\"https:\/\/hubsch-interior.com\/fr\/\",\"logo\":{\"@type\":\"ImageObject\",\"inLanguage\":\"fr-FR\",\"@id\":\"https:\/\/hubsch-interior.com\/fr\/#\/schema\/logo\/image\/\",\"url\":\"https:\/\/hubsch-interior.com\/wp-content\/uploads\/2022\/12\/Hubsch_logo_black_one_line.svg\",\"contentUrl\":\"https:\/\/hubsch-interior.com\/wp-content\/uploads\/2022\/12\/Hubsch_logo_black_one_line.svg\",\"caption\":\"H\u00fcbsch\"},\"image\":{\"@id\":\"https:\/\/hubsch-interior.com\/fr\/#\/schema\/logo\/image\/\"}}]}<\/script>\n<!-- \/ Yoast SEO plugin. -->","yoast_head_json":{"title":"Chand Pendule Ovale Naturel - H\u00fcbsch","description":"A l'occasion de la derni\u00e8re saison, nous avions ajout\u00e9 \u00e0 notre gamme une s\u00e9lection de lampes en rotin haut de gamme. Pour cette nouvelle collection, nous","robots":{"index":"index","follow":"follow","max-snippet":"max-snippet:-1","max-image-preview":"max-image-preview:large","max-video-preview":"max-video-preview:-1"},"canonical":"https:\/\/hubsch-interior.com\/fr\/wp-json\/wp\/v2\/product\/809216","og_locale":"fr_FR","og_type":"article","og_title":"Chand Pendule Ovale Naturel - H\u00fcbsch","og_description":"A l'occasion de la derni\u00e8re saison, nous avions ajout\u00e9 \u00e0 notre gamme une s\u00e9lection de lampes en rotin haut de gamme. Pour cette nouvelle collection, nous","og_url":"https:\/\/hubsch-interior.com\/fr\/produit\/chand-pendule-ovale-naturel\/","og_site_name":"H\u00fcbsch","article_modified_time":"2026-04-11T03:14:35+00:00","og_image":[{"width":1200,"height":1200,"url":"https:\/\/hubsch-interior.com\/wp-content\/uploads\/2024\/01\/chand-ceiling-light-oval-natural-25b99444afad56fad58ccd3bb7779b9c.jpg","type":"image\/jpeg"}],"twitter_card":"summary_large_image","twitter_misc":{"Dur\u00e9e de lecture estim\u00e9e":"1 minute"},"schema":{"@context":"https:\/\/schema.org","@graph":[{"@type":"WebPage","@id":"https:\/\/hubsch-interior.com\/fr\/produit\/chand-pendule-ovale-naturel\/","url":"https:\/\/hubsch-interior.com\/fr\/produit\/chand-pendule-ovale-naturel\/","name":"Chand Pendule Ovale Naturel - H\u00fcbsch","isPartOf":{"@id":"https:\/\/hubsch-interior.com\/fr\/#website"},"primaryImageOfPage":{"@id":"https:\/\/hubsch-interior.com\/fr\/produit\/chand-pendule-ovale-naturel\/#primaryimage"},"image":{"@id":"https:\/\/hubsch-interior.com\/fr\/produit\/chand-pendule-ovale-naturel\/#primaryimage"},"thumbnailUrl":"https:\/\/hubsch-interior.com\/wp-content\/uploads\/2026\/02\/chand-pendant-oval-natural-91897c6d45dc6d578e7e1c0f66c868cd.jpg","datePublished":"2022-08-23T12:47:17+00:00","dateModified":"2026-04-11T03:14:35+00:00","description":"A l'occasion de la derni\u00e8re saison, nous avions ajout\u00e9 \u00e0 notre gamme une s\u00e9lection de lampes en rotin haut de gamme. Pour cette nouvelle collection, nous","breadcrumb":{"@id":"https:\/\/hubsch-interior.com\/fr\/produit\/chand-pendule-ovale-naturel\/#breadcrumb"},"inLanguage":"fr-FR","potentialAction":[{"@type":"ReadAction","target":["https:\/\/hubsch-interior.com\/fr\/produit\/chand-pendule-ovale-naturel\/"]}]},{"@type":"ImageObject","inLanguage":"fr-FR","@id":"https:\/\/hubsch-interior.com\/fr\/produit\/chand-pendule-ovale-naturel\/#primaryimage","url":"https:\/\/hubsch-interior.com\/wp-content\/uploads\/2026\/02\/chand-pendant-oval-natural-91897c6d45dc6d578e7e1c0f66c868cd.jpg","contentUrl":"https:\/\/hubsch-interior.com\/wp-content\/uploads\/2026\/02\/chand-pendant-oval-natural-91897c6d45dc6d578e7e1c0f66c868cd.jpg","width":1024,"height":1024},{"@type":"BreadcrumbList","@id":"https:\/\/hubsch-interior.com\/fr\/produit\/chand-pendule-ovale-naturel\/#breadcrumb","itemListElement":[{"@type":"ListItem","position":1,"name":"Page d'accueil","item":"https:\/\/hubsch-interior.com\/fr\/"},{"@type":"ListItem","position":2,"name":"Produits","item":"https:\/\/hubsch-interior.com\/fr\/shop-2\/"},{"@type":"ListItem","position":3,"name":"Luminaires","item":"https:\/\/hubsch-interior.com\/fr\/categorie-produit\/luminaires\/"},{"@type":"ListItem","position":4,"name":"Suspensions","item":"https:\/\/hubsch-interior.com\/fr\/categorie-produit\/luminaires\/suspensions-fr\/"},{"@type":"ListItem","position":5,"name":"Chand Pendule Ovale Naturel"}]},{"@type":"WebSite","@id":"https:\/\/hubsch-interior.com\/fr\/#website","url":"https:\/\/hubsch-interior.com\/fr\/","name":"H\u00fcbsch","description":"Danish Home Interior and Design","publisher":{"@id":"https:\/\/hubsch-interior.com\/fr\/#organization"},"potentialAction":[{"@type":"SearchAction","target":{"@type":"EntryPoint","urlTemplate":"https:\/\/hubsch-interior.com\/fr\/?s={search_term_string}"},"query-input":{"@type":"PropertyValueSpecification","valueRequired":true,"valueName":"search_term_string"}}],"inLanguage":"fr-FR"},{"@type":"Organization","@id":"https:\/\/hubsch-interior.com\/fr\/#organization","name":"H\u00fcbsch","url":"https:\/\/hubsch-interior.com\/fr\/","logo":{"@type":"ImageObject","inLanguage":"fr-FR","@id":"https:\/\/hubsch-interior.com\/fr\/#\/schema\/logo\/image\/","url":"https:\/\/hubsch-interior.com\/wp-content\/uploads\/2022\/12\/Hubsch_logo_black_one_line.svg","contentUrl":"https:\/\/hubsch-interior.com\/wp-content\/uploads\/2022\/12\/Hubsch_logo_black_one_line.svg","caption":"H\u00fcbsch"},"image":{"@id":"https:\/\/hubsch-interior.com\/fr\/#\/schema\/logo\/image\/"}}]}},"_links":{"self":[{"href":"https:\/\/hubsch-interior.com\/fr\/wp-json\/wp\/v2\/product\/809216","targetHints":{"allow":["GET"]}}],"collection":[{"href":"https:\/\/hubsch-interior.com\/fr\/wp-json\/wp\/v2\/product"}],"about":[{"href":"https:\/\/hubsch-interior.com\/fr\/wp-json\/wp\/v2\/types\/product"}],"wp:featuredmedia":[{"embeddable":true,"href":"https:\/\/hubsch-interior.com\/fr\/wp-json\/wp\/v2\/media\/1110473"}],"wp:attachment":[{"href":"https:\/\/hubsch-interior.com\/fr\/wp-json\/wp\/v2\/media?parent=809216"}],"wp:term":[{"taxonomy":"product_brand","embeddable":true,"href":"https:\/\/hubsch-interior.com\/fr\/wp-json\/wp\/v2\/product_brand?post=809216"},{"taxonomy":"product_cat","embeddable":true,"href":"https:\/\/hubsch-interior.com\/fr\/wp-json\/wp\/v2\/product_cat?post=809216"},{"taxonomy":"product_tag","embeddable":true,"href":"https:\/\/hubsch-interior.com\/fr\/wp-json\/wp\/v2\/product_tag?post=809216"}],"curies":[{"name":"wp","href":"https:\/\/api.w.org\/{rel}","templated":true}]}}