{"id":809749,"date":"2022-08-25T09:56:27","date_gmt":"2022-08-25T07:56:27","guid":{"rendered":"https:\/\/hubsch-interior.com\/product\/product\/"},"modified":"2026-04-09T04:18:14","modified_gmt":"2026-04-09T02:18:14","slug":"dapper-table-a-manger-carre-noir","status":"publish","type":"product","link":"https:\/\/hubsch-interior.com\/fr\/produit\/dapper-table-a-manger-carre-noir\/","title":{"rendered":"Dapper Table \u00e0 manger Carr\u00e9 Noir"},"content":{"rendered":"<p>Cette table est une invitation au partage et \u00e0 la vie sous toutes ses facettes ! Cette table \u00e0 manger rectangulaire noire en bois de fr\u00eane est tr\u00e8s \u00e9l\u00e9gante. Fabriqu\u00e9e \u00e0 partir de fr\u00eane certifi\u00e9 FSC\u00ae, la table est tr\u00e8s belle, solide et assez grande pour accueillir un d\u00eener agr\u00e9able avec plus ou moins d&#8217;animations autour. Et toujours avec le sourire bien entendu !<\/p>\n","protected":false},"excerpt":{"rendered":"<p>Cette table est une invitation au partage et \u00e0 la vie sous toutes ses facettes ! Cette table \u00e0 manger rectangulaire noire en bois de fr\u00eane est tr\u00e8s \u00e9l\u00e9gante. Fabriqu\u00e9e \u00e0 partir de fr\u00eane certifi\u00e9 FSC\u00ae, la table est tr\u00e8s belle, solide et assez grande pour accueillir un d\u00eener agr\u00e9able avec plus ou moins d&#8217;animations [&hellip;]<\/p>\n","protected":false},"featured_media":1093383,"template":"","meta":{"_acf_changed":false,"inline_featured_image":false},"product_brand":[],"product_cat":[6379,6322,2859,4215],"product_tag":[],"class_list":{"0":"post-809749","1":"product","2":"type-product","3":"status-publish","4":"has-post-thumbnail","6":"product_cat-always-a-twist-fr","7":"product_cat-fsc-fr","8":"product_cat-tables-fr","9":"product_cat-tables-a-manger-fr","10":"product_shipping_class-p10","12":"pa_color-noir","13":"pa_material-mdf-fr","14":"pa_material-bois-de-frne","16":"first","17":"instock","18":"taxable","19":"shipping-taxable","20":"purchasable","21":"product-type-simple"},"exclude_global_add_ons":[],"addons":[],"acf":[],"yoast_head":"<!-- This site is optimized with the Yoast SEO plugin v26.4 - https:\/\/yoast.com\/wordpress\/plugins\/seo\/ -->\n<title>Dapper Table \u00e0 manger Carr\u00e9 Noir - H\u00fcbsch<\/title>\n<meta name=\"description\" content=\"Cette table est une invitation au partage et \u00e0 la vie sous toutes ses facettes ! Cette table \u00e0 manger rectangulaire noire en bois de fr\u00eane est tr\u00e8s\" \/>\n<meta name=\"robots\" content=\"index, follow, max-snippet:-1, max-image-preview:large, max-video-preview:-1\" \/>\n<link rel=\"canonical\" href=\"https:\/\/hubsch-interior.com\/fr\/wp-json\/wp\/v2\/product\/809749\" \/>\n<meta property=\"og:locale\" content=\"fr_FR\" \/>\n<meta property=\"og:type\" content=\"article\" \/>\n<meta property=\"og:title\" content=\"Dapper Table \u00e0 manger Carr\u00e9 Noir - H\u00fcbsch\" \/>\n<meta property=\"og:description\" content=\"Cette table est une invitation au partage et \u00e0 la vie sous toutes ses facettes ! Cette table \u00e0 manger rectangulaire noire en bois de fr\u00eane est tr\u00e8s\" \/>\n<meta property=\"og:url\" content=\"https:\/\/hubsch-interior.com\/fr\/produit\/dapper-table-a-manger-carre-noir\/\" \/>\n<meta property=\"og:site_name\" content=\"H\u00fcbsch\" \/>\n<meta property=\"article:modified_time\" content=\"2026-04-09T02:18:14+00:00\" \/>\n<meta property=\"og:image\" content=\"https:\/\/hubsch-interior.com\/wp-content\/uploads\/2023\/08\/dapper-dining-table-square-black-bf62f97be5f56075ba073f1fbf7251a6.jpg\" \/>\n\t<meta property=\"og:image:width\" content=\"1200\" \/>\n\t<meta property=\"og:image:height\" content=\"1200\" \/>\n\t<meta property=\"og:image:type\" content=\"image\/jpeg\" \/>\n<meta name=\"twitter:card\" content=\"summary_large_image\" \/>\n<script type=\"application\/ld+json\" class=\"yoast-schema-graph\">{\"@context\":\"https:\/\/schema.org\",\"@graph\":[{\"@type\":\"WebPage\",\"@id\":\"https:\/\/hubsch-interior.com\/fr\/produit\/dapper-table-a-manger-carre-noir\/\",\"url\":\"https:\/\/hubsch-interior.com\/fr\/produit\/dapper-table-a-manger-carre-noir\/\",\"name\":\"Dapper Table \u00e0 manger Carr\u00e9 Noir - H\u00fcbsch\",\"isPartOf\":{\"@id\":\"https:\/\/hubsch-interior.com\/fr\/#website\"},\"primaryImageOfPage\":{\"@id\":\"https:\/\/hubsch-interior.com\/fr\/produit\/dapper-table-a-manger-carre-noir\/#primaryimage\"},\"image\":{\"@id\":\"https:\/\/hubsch-interior.com\/fr\/produit\/dapper-table-a-manger-carre-noir\/#primaryimage\"},\"thumbnailUrl\":\"https:\/\/hubsch-interior.com\/wp-content\/uploads\/2026\/02\/dapper-dining-table-square-black-86048175fb7e02e91119271e5006ab7c.jpg\",\"datePublished\":\"2022-08-25T07:56:27+00:00\",\"dateModified\":\"2026-04-09T02:18:14+00:00\",\"description\":\"Cette table est une invitation au partage et \u00e0 la vie sous toutes ses facettes ! Cette table \u00e0 manger rectangulaire noire en bois de fr\u00eane est tr\u00e8s\",\"breadcrumb\":{\"@id\":\"https:\/\/hubsch-interior.com\/fr\/produit\/dapper-table-a-manger-carre-noir\/#breadcrumb\"},\"inLanguage\":\"fr-FR\",\"potentialAction\":[{\"@type\":\"ReadAction\",\"target\":[\"https:\/\/hubsch-interior.com\/fr\/produit\/dapper-table-a-manger-carre-noir\/\"]}]},{\"@type\":\"ImageObject\",\"inLanguage\":\"fr-FR\",\"@id\":\"https:\/\/hubsch-interior.com\/fr\/produit\/dapper-table-a-manger-carre-noir\/#primaryimage\",\"url\":\"https:\/\/hubsch-interior.com\/wp-content\/uploads\/2026\/02\/dapper-dining-table-square-black-86048175fb7e02e91119271e5006ab7c.jpg\",\"contentUrl\":\"https:\/\/hubsch-interior.com\/wp-content\/uploads\/2026\/02\/dapper-dining-table-square-black-86048175fb7e02e91119271e5006ab7c.jpg\",\"width\":1024,\"height\":1024},{\"@type\":\"BreadcrumbList\",\"@id\":\"https:\/\/hubsch-interior.com\/fr\/produit\/dapper-table-a-manger-carre-noir\/#breadcrumb\",\"itemListElement\":[{\"@type\":\"ListItem\",\"position\":1,\"name\":\"Page d'accueil\",\"item\":\"https:\/\/hubsch-interior.com\/fr\/\"},{\"@type\":\"ListItem\",\"position\":2,\"name\":\"Produits\",\"item\":\"https:\/\/hubsch-interior.com\/fr\/shop-2\/\"},{\"@type\":\"ListItem\",\"position\":3,\"name\":\"Meubles\",\"item\":\"https:\/\/hubsch-interior.com\/fr\/categorie-produit\/meubles\/\"},{\"@type\":\"ListItem\",\"position\":4,\"name\":\"Tables\",\"item\":\"https:\/\/hubsch-interior.com\/fr\/categorie-produit\/meubles\/tables-fr\/\"},{\"@type\":\"ListItem\",\"position\":5,\"name\":\"Tables &agrave; manger\",\"item\":\"https:\/\/hubsch-interior.com\/fr\/categorie-produit\/meubles\/tables-fr\/tables-a-manger-fr\/\"},{\"@type\":\"ListItem\",\"position\":6,\"name\":\"Dapper Table \u00e0 manger Carr\u00e9 Noir\"}]},{\"@type\":\"WebSite\",\"@id\":\"https:\/\/hubsch-interior.com\/fr\/#website\",\"url\":\"https:\/\/hubsch-interior.com\/fr\/\",\"name\":\"H\u00fcbsch\",\"description\":\"Danish Home Interior and Design\",\"publisher\":{\"@id\":\"https:\/\/hubsch-interior.com\/fr\/#organization\"},\"potentialAction\":[{\"@type\":\"SearchAction\",\"target\":{\"@type\":\"EntryPoint\",\"urlTemplate\":\"https:\/\/hubsch-interior.com\/fr\/?s={search_term_string}\"},\"query-input\":{\"@type\":\"PropertyValueSpecification\",\"valueRequired\":true,\"valueName\":\"search_term_string\"}}],\"inLanguage\":\"fr-FR\"},{\"@type\":\"Organization\",\"@id\":\"https:\/\/hubsch-interior.com\/fr\/#organization\",\"name\":\"H\u00fcbsch\",\"url\":\"https:\/\/hubsch-interior.com\/fr\/\",\"logo\":{\"@type\":\"ImageObject\",\"inLanguage\":\"fr-FR\",\"@id\":\"https:\/\/hubsch-interior.com\/fr\/#\/schema\/logo\/image\/\",\"url\":\"https:\/\/hubsch-interior.com\/wp-content\/uploads\/2022\/12\/Hubsch_logo_black_one_line.svg\",\"contentUrl\":\"https:\/\/hubsch-interior.com\/wp-content\/uploads\/2022\/12\/Hubsch_logo_black_one_line.svg\",\"caption\":\"H\u00fcbsch\"},\"image\":{\"@id\":\"https:\/\/hubsch-interior.com\/fr\/#\/schema\/logo\/image\/\"}}]}<\/script>\n<!-- \/ Yoast SEO plugin. -->","yoast_head_json":{"title":"Dapper Table \u00e0 manger Carr\u00e9 Noir - H\u00fcbsch","description":"Cette table est une invitation au partage et \u00e0 la vie sous toutes ses facettes ! Cette table \u00e0 manger rectangulaire noire en bois de fr\u00eane est tr\u00e8s","robots":{"index":"index","follow":"follow","max-snippet":"max-snippet:-1","max-image-preview":"max-image-preview:large","max-video-preview":"max-video-preview:-1"},"canonical":"https:\/\/hubsch-interior.com\/fr\/wp-json\/wp\/v2\/product\/809749","og_locale":"fr_FR","og_type":"article","og_title":"Dapper Table \u00e0 manger Carr\u00e9 Noir - H\u00fcbsch","og_description":"Cette table est une invitation au partage et \u00e0 la vie sous toutes ses facettes ! Cette table \u00e0 manger rectangulaire noire en bois de fr\u00eane est tr\u00e8s","og_url":"https:\/\/hubsch-interior.com\/fr\/produit\/dapper-table-a-manger-carre-noir\/","og_site_name":"H\u00fcbsch","article_modified_time":"2026-04-09T02:18:14+00:00","og_image":[{"width":1200,"height":1200,"url":"https:\/\/hubsch-interior.com\/wp-content\/uploads\/2023\/08\/dapper-dining-table-square-black-bf62f97be5f56075ba073f1fbf7251a6.jpg","type":"image\/jpeg"}],"twitter_card":"summary_large_image","schema":{"@context":"https:\/\/schema.org","@graph":[{"@type":"WebPage","@id":"https:\/\/hubsch-interior.com\/fr\/produit\/dapper-table-a-manger-carre-noir\/","url":"https:\/\/hubsch-interior.com\/fr\/produit\/dapper-table-a-manger-carre-noir\/","name":"Dapper Table \u00e0 manger Carr\u00e9 Noir - H\u00fcbsch","isPartOf":{"@id":"https:\/\/hubsch-interior.com\/fr\/#website"},"primaryImageOfPage":{"@id":"https:\/\/hubsch-interior.com\/fr\/produit\/dapper-table-a-manger-carre-noir\/#primaryimage"},"image":{"@id":"https:\/\/hubsch-interior.com\/fr\/produit\/dapper-table-a-manger-carre-noir\/#primaryimage"},"thumbnailUrl":"https:\/\/hubsch-interior.com\/wp-content\/uploads\/2026\/02\/dapper-dining-table-square-black-86048175fb7e02e91119271e5006ab7c.jpg","datePublished":"2022-08-25T07:56:27+00:00","dateModified":"2026-04-09T02:18:14+00:00","description":"Cette table est une invitation au partage et \u00e0 la vie sous toutes ses facettes ! Cette table \u00e0 manger rectangulaire noire en bois de fr\u00eane est tr\u00e8s","breadcrumb":{"@id":"https:\/\/hubsch-interior.com\/fr\/produit\/dapper-table-a-manger-carre-noir\/#breadcrumb"},"inLanguage":"fr-FR","potentialAction":[{"@type":"ReadAction","target":["https:\/\/hubsch-interior.com\/fr\/produit\/dapper-table-a-manger-carre-noir\/"]}]},{"@type":"ImageObject","inLanguage":"fr-FR","@id":"https:\/\/hubsch-interior.com\/fr\/produit\/dapper-table-a-manger-carre-noir\/#primaryimage","url":"https:\/\/hubsch-interior.com\/wp-content\/uploads\/2026\/02\/dapper-dining-table-square-black-86048175fb7e02e91119271e5006ab7c.jpg","contentUrl":"https:\/\/hubsch-interior.com\/wp-content\/uploads\/2026\/02\/dapper-dining-table-square-black-86048175fb7e02e91119271e5006ab7c.jpg","width":1024,"height":1024},{"@type":"BreadcrumbList","@id":"https:\/\/hubsch-interior.com\/fr\/produit\/dapper-table-a-manger-carre-noir\/#breadcrumb","itemListElement":[{"@type":"ListItem","position":1,"name":"Page d'accueil","item":"https:\/\/hubsch-interior.com\/fr\/"},{"@type":"ListItem","position":2,"name":"Produits","item":"https:\/\/hubsch-interior.com\/fr\/shop-2\/"},{"@type":"ListItem","position":3,"name":"Meubles","item":"https:\/\/hubsch-interior.com\/fr\/categorie-produit\/meubles\/"},{"@type":"ListItem","position":4,"name":"Tables","item":"https:\/\/hubsch-interior.com\/fr\/categorie-produit\/meubles\/tables-fr\/"},{"@type":"ListItem","position":5,"name":"Tables &agrave; manger","item":"https:\/\/hubsch-interior.com\/fr\/categorie-produit\/meubles\/tables-fr\/tables-a-manger-fr\/"},{"@type":"ListItem","position":6,"name":"Dapper Table \u00e0 manger Carr\u00e9 Noir"}]},{"@type":"WebSite","@id":"https:\/\/hubsch-interior.com\/fr\/#website","url":"https:\/\/hubsch-interior.com\/fr\/","name":"H\u00fcbsch","description":"Danish Home Interior and Design","publisher":{"@id":"https:\/\/hubsch-interior.com\/fr\/#organization"},"potentialAction":[{"@type":"SearchAction","target":{"@type":"EntryPoint","urlTemplate":"https:\/\/hubsch-interior.com\/fr\/?s={search_term_string}"},"query-input":{"@type":"PropertyValueSpecification","valueRequired":true,"valueName":"search_term_string"}}],"inLanguage":"fr-FR"},{"@type":"Organization","@id":"https:\/\/hubsch-interior.com\/fr\/#organization","name":"H\u00fcbsch","url":"https:\/\/hubsch-interior.com\/fr\/","logo":{"@type":"ImageObject","inLanguage":"fr-FR","@id":"https:\/\/hubsch-interior.com\/fr\/#\/schema\/logo\/image\/","url":"https:\/\/hubsch-interior.com\/wp-content\/uploads\/2022\/12\/Hubsch_logo_black_one_line.svg","contentUrl":"https:\/\/hubsch-interior.com\/wp-content\/uploads\/2022\/12\/Hubsch_logo_black_one_line.svg","caption":"H\u00fcbsch"},"image":{"@id":"https:\/\/hubsch-interior.com\/fr\/#\/schema\/logo\/image\/"}}]}},"_links":{"self":[{"href":"https:\/\/hubsch-interior.com\/fr\/wp-json\/wp\/v2\/product\/809749","targetHints":{"allow":["GET"]}}],"collection":[{"href":"https:\/\/hubsch-interior.com\/fr\/wp-json\/wp\/v2\/product"}],"about":[{"href":"https:\/\/hubsch-interior.com\/fr\/wp-json\/wp\/v2\/types\/product"}],"wp:featuredmedia":[{"embeddable":true,"href":"https:\/\/hubsch-interior.com\/fr\/wp-json\/wp\/v2\/media\/1093383"}],"wp:attachment":[{"href":"https:\/\/hubsch-interior.com\/fr\/wp-json\/wp\/v2\/media?parent=809749"}],"wp:term":[{"taxonomy":"product_brand","embeddable":true,"href":"https:\/\/hubsch-interior.com\/fr\/wp-json\/wp\/v2\/product_brand?post=809749"},{"taxonomy":"product_cat","embeddable":true,"href":"https:\/\/hubsch-interior.com\/fr\/wp-json\/wp\/v2\/product_cat?post=809749"},{"taxonomy":"product_tag","embeddable":true,"href":"https:\/\/hubsch-interior.com\/fr\/wp-json\/wp\/v2\/product_tag?post=809749"}],"curies":[{"name":"wp","href":"https:\/\/api.w.org\/{rel}","templated":true}]}}