{"id":810002,"date":"2022-08-25T10:02:43","date_gmt":"2022-08-25T08:02:43","guid":{"rendered":"https:\/\/hubsch-interior.com\/product\/product\/"},"modified":"2026-04-05T04:53:41","modified_gmt":"2026-04-05T02:53:41","slug":"heritage-banc-large-naturel","status":"publish","type":"product","link":"https:\/\/hubsch-interior.com\/fr\/produit\/heritage-banc-large-naturel\/","title":{"rendered":"Heritage Banc Large Naturel"},"content":{"rendered":"<p>Le banc Heritage Bench Largeen version large, \u00e7a vous rappelle quelque chose ? Au vu du coup de coeur de la version plus petite de ce magnifique banc en bois, nous avons d\u00e9cid\u00e9 de le lancer avec une taille plus large. Ce banc en bois certifi\u00e9 FSC\u00ae est un \u00e9l\u00e9ment parfait pour les petits espaces, comme meuble de bout de lit ou associ\u00e9 \u00e0 une jolie table \u00e0 manger. Issu du design scandinave et des traditions culturelles, cette pi\u00e8ce classique sera appr\u00e9ci\u00e9e de g\u00e9n\u00e9ration en g\u00e9n\u00e9ration.<\/p>\n","protected":false},"excerpt":{"rendered":"<p>Le banc Heritage Bench Largeen version large, \u00e7a vous rappelle quelque chose ? Au vu du coup de coeur de la version plus petite de ce magnifique banc en bois, nous avons d\u00e9cid\u00e9 de le lancer avec une taille plus large. Ce banc en bois certifi\u00e9 FSC\u00ae est un \u00e9l\u00e9ment parfait pour les petits espaces, [&hellip;]<\/p>\n","protected":false},"featured_media":1103252,"template":"","meta":{"_acf_changed":false,"inline_featured_image":false},"product_brand":[],"product_cat":[2843,2877,5026],"product_tag":[],"class_list":{"0":"post-810002","1":"product","2":"type-product","3":"status-publish","4":"has-post-thumbnail","6":"product_cat-assises-fr","7":"product_cat-bancs-fr","8":"product_cat-bestsellers-fr","9":"product_shipping_class-p05","10":"pa_color-naturel-2","11":"pa_material-bois-de-chne-2","12":"pa_material-corde-en-papier","14":"first","15":"outofstock","16":"featured","17":"taxable","18":"shipping-taxable","19":"purchasable","20":"product-type-simple"},"exclude_global_add_ons":[],"addons":[],"acf":[],"yoast_head":"<!-- This site is optimized with the Yoast SEO plugin v26.4 - https:\/\/yoast.com\/wordpress\/plugins\/seo\/ -->\n<title>Heritage Banc Large Naturel - H\u00fcbsch<\/title>\n<meta name=\"description\" content=\"Le banc Heritage Bench Largeen version large, \u00e7a vous rappelle quelque chose ? Au vu du coup de coeur de la version plus petite de ce magnifique banc en\" \/>\n<meta name=\"robots\" content=\"index, follow, max-snippet:-1, max-image-preview:large, max-video-preview:-1\" \/>\n<link rel=\"canonical\" href=\"https:\/\/hubsch-interior.com\/fr\/wp-json\/wp\/v2\/product\/810002\" \/>\n<meta property=\"og:locale\" content=\"fr_FR\" \/>\n<meta property=\"og:type\" content=\"article\" \/>\n<meta property=\"og:title\" content=\"Heritage Banc Large Naturel - H\u00fcbsch\" \/>\n<meta property=\"og:description\" content=\"Le banc Heritage Bench Largeen version large, \u00e7a vous rappelle quelque chose ? Au vu du coup de coeur de la version plus petite de ce magnifique banc en\" \/>\n<meta property=\"og:url\" content=\"https:\/\/hubsch-interior.com\/fr\/produit\/heritage-banc-large-naturel\/\" \/>\n<meta property=\"og:site_name\" content=\"H\u00fcbsch\" \/>\n<meta property=\"article:modified_time\" content=\"2026-04-05T02:53:41+00:00\" \/>\n<meta property=\"og:image\" content=\"https:\/\/hubsch-interior.com\/wp-content\/uploads\/2024\/04\/heritage-bench-large-natural-3a39df2d311ca260ab44621d78d90159.jpg\" \/>\n\t<meta property=\"og:image:width\" content=\"1200\" \/>\n\t<meta property=\"og:image:height\" content=\"1200\" \/>\n\t<meta property=\"og:image:type\" content=\"image\/jpeg\" \/>\n<meta name=\"twitter:card\" content=\"summary_large_image\" \/>\n<script type=\"application\/ld+json\" class=\"yoast-schema-graph\">{\"@context\":\"https:\/\/schema.org\",\"@graph\":[{\"@type\":\"WebPage\",\"@id\":\"https:\/\/hubsch-interior.com\/fr\/produit\/heritage-banc-large-naturel\/\",\"url\":\"https:\/\/hubsch-interior.com\/fr\/produit\/heritage-banc-large-naturel\/\",\"name\":\"Heritage Banc Large Naturel - H\u00fcbsch\",\"isPartOf\":{\"@id\":\"https:\/\/hubsch-interior.com\/fr\/#website\"},\"primaryImageOfPage\":{\"@id\":\"https:\/\/hubsch-interior.com\/fr\/produit\/heritage-banc-large-naturel\/#primaryimage\"},\"image\":{\"@id\":\"https:\/\/hubsch-interior.com\/fr\/produit\/heritage-banc-large-naturel\/#primaryimage\"},\"thumbnailUrl\":\"https:\/\/hubsch-interior.com\/wp-content\/uploads\/2026\/02\/heritage-bench-large-natural-dc7dc4da239d2c9b9c1062652f2f0084.jpg\",\"datePublished\":\"2022-08-25T08:02:43+00:00\",\"dateModified\":\"2026-04-05T02:53:41+00:00\",\"description\":\"Le banc Heritage Bench Largeen version large, \u00e7a vous rappelle quelque chose ? Au vu du coup de coeur de la version plus petite de ce magnifique banc en\",\"breadcrumb\":{\"@id\":\"https:\/\/hubsch-interior.com\/fr\/produit\/heritage-banc-large-naturel\/#breadcrumb\"},\"inLanguage\":\"fr-FR\",\"potentialAction\":[{\"@type\":\"ReadAction\",\"target\":[\"https:\/\/hubsch-interior.com\/fr\/produit\/heritage-banc-large-naturel\/\"]}]},{\"@type\":\"ImageObject\",\"inLanguage\":\"fr-FR\",\"@id\":\"https:\/\/hubsch-interior.com\/fr\/produit\/heritage-banc-large-naturel\/#primaryimage\",\"url\":\"https:\/\/hubsch-interior.com\/wp-content\/uploads\/2026\/02\/heritage-bench-large-natural-dc7dc4da239d2c9b9c1062652f2f0084.jpg\",\"contentUrl\":\"https:\/\/hubsch-interior.com\/wp-content\/uploads\/2026\/02\/heritage-bench-large-natural-dc7dc4da239d2c9b9c1062652f2f0084.jpg\",\"width\":1024,\"height\":1024},{\"@type\":\"BreadcrumbList\",\"@id\":\"https:\/\/hubsch-interior.com\/fr\/produit\/heritage-banc-large-naturel\/#breadcrumb\",\"itemListElement\":[{\"@type\":\"ListItem\",\"position\":1,\"name\":\"Page d'accueil\",\"item\":\"https:\/\/hubsch-interior.com\/fr\/\"},{\"@type\":\"ListItem\",\"position\":2,\"name\":\"Produits\",\"item\":\"https:\/\/hubsch-interior.com\/fr\/shop-2\/\"},{\"@type\":\"ListItem\",\"position\":3,\"name\":\"Meubles\",\"item\":\"https:\/\/hubsch-interior.com\/fr\/categorie-produit\/meubles\/\"},{\"@type\":\"ListItem\",\"position\":4,\"name\":\"Assises\",\"item\":\"https:\/\/hubsch-interior.com\/fr\/categorie-produit\/meubles\/assises-fr\/\"},{\"@type\":\"ListItem\",\"position\":5,\"name\":\"Bancs\",\"item\":\"https:\/\/hubsch-interior.com\/fr\/categorie-produit\/meubles\/assises-fr\/bancs-fr\/\"},{\"@type\":\"ListItem\",\"position\":6,\"name\":\"Heritage Banc Large Naturel\"}]},{\"@type\":\"WebSite\",\"@id\":\"https:\/\/hubsch-interior.com\/fr\/#website\",\"url\":\"https:\/\/hubsch-interior.com\/fr\/\",\"name\":\"H\u00fcbsch\",\"description\":\"Danish Home Interior and Design\",\"publisher\":{\"@id\":\"https:\/\/hubsch-interior.com\/fr\/#organization\"},\"potentialAction\":[{\"@type\":\"SearchAction\",\"target\":{\"@type\":\"EntryPoint\",\"urlTemplate\":\"https:\/\/hubsch-interior.com\/fr\/?s={search_term_string}\"},\"query-input\":{\"@type\":\"PropertyValueSpecification\",\"valueRequired\":true,\"valueName\":\"search_term_string\"}}],\"inLanguage\":\"fr-FR\"},{\"@type\":\"Organization\",\"@id\":\"https:\/\/hubsch-interior.com\/fr\/#organization\",\"name\":\"H\u00fcbsch\",\"url\":\"https:\/\/hubsch-interior.com\/fr\/\",\"logo\":{\"@type\":\"ImageObject\",\"inLanguage\":\"fr-FR\",\"@id\":\"https:\/\/hubsch-interior.com\/fr\/#\/schema\/logo\/image\/\",\"url\":\"https:\/\/hubsch-interior.com\/wp-content\/uploads\/2022\/12\/Hubsch_logo_black_one_line.svg\",\"contentUrl\":\"https:\/\/hubsch-interior.com\/wp-content\/uploads\/2022\/12\/Hubsch_logo_black_one_line.svg\",\"caption\":\"H\u00fcbsch\"},\"image\":{\"@id\":\"https:\/\/hubsch-interior.com\/fr\/#\/schema\/logo\/image\/\"}}]}<\/script>\n<!-- \/ Yoast SEO plugin. -->","yoast_head_json":{"title":"Heritage Banc Large Naturel - H\u00fcbsch","description":"Le banc Heritage Bench Largeen version large, \u00e7a vous rappelle quelque chose ? Au vu du coup de coeur de la version plus petite de ce magnifique banc en","robots":{"index":"index","follow":"follow","max-snippet":"max-snippet:-1","max-image-preview":"max-image-preview:large","max-video-preview":"max-video-preview:-1"},"canonical":"https:\/\/hubsch-interior.com\/fr\/wp-json\/wp\/v2\/product\/810002","og_locale":"fr_FR","og_type":"article","og_title":"Heritage Banc Large Naturel - H\u00fcbsch","og_description":"Le banc Heritage Bench Largeen version large, \u00e7a vous rappelle quelque chose ? Au vu du coup de coeur de la version plus petite de ce magnifique banc en","og_url":"https:\/\/hubsch-interior.com\/fr\/produit\/heritage-banc-large-naturel\/","og_site_name":"H\u00fcbsch","article_modified_time":"2026-04-05T02:53:41+00:00","og_image":[{"width":1200,"height":1200,"url":"https:\/\/hubsch-interior.com\/wp-content\/uploads\/2024\/04\/heritage-bench-large-natural-3a39df2d311ca260ab44621d78d90159.jpg","type":"image\/jpeg"}],"twitter_card":"summary_large_image","schema":{"@context":"https:\/\/schema.org","@graph":[{"@type":"WebPage","@id":"https:\/\/hubsch-interior.com\/fr\/produit\/heritage-banc-large-naturel\/","url":"https:\/\/hubsch-interior.com\/fr\/produit\/heritage-banc-large-naturel\/","name":"Heritage Banc Large Naturel - H\u00fcbsch","isPartOf":{"@id":"https:\/\/hubsch-interior.com\/fr\/#website"},"primaryImageOfPage":{"@id":"https:\/\/hubsch-interior.com\/fr\/produit\/heritage-banc-large-naturel\/#primaryimage"},"image":{"@id":"https:\/\/hubsch-interior.com\/fr\/produit\/heritage-banc-large-naturel\/#primaryimage"},"thumbnailUrl":"https:\/\/hubsch-interior.com\/wp-content\/uploads\/2026\/02\/heritage-bench-large-natural-dc7dc4da239d2c9b9c1062652f2f0084.jpg","datePublished":"2022-08-25T08:02:43+00:00","dateModified":"2026-04-05T02:53:41+00:00","description":"Le banc Heritage Bench Largeen version large, \u00e7a vous rappelle quelque chose ? Au vu du coup de coeur de la version plus petite de ce magnifique banc en","breadcrumb":{"@id":"https:\/\/hubsch-interior.com\/fr\/produit\/heritage-banc-large-naturel\/#breadcrumb"},"inLanguage":"fr-FR","potentialAction":[{"@type":"ReadAction","target":["https:\/\/hubsch-interior.com\/fr\/produit\/heritage-banc-large-naturel\/"]}]},{"@type":"ImageObject","inLanguage":"fr-FR","@id":"https:\/\/hubsch-interior.com\/fr\/produit\/heritage-banc-large-naturel\/#primaryimage","url":"https:\/\/hubsch-interior.com\/wp-content\/uploads\/2026\/02\/heritage-bench-large-natural-dc7dc4da239d2c9b9c1062652f2f0084.jpg","contentUrl":"https:\/\/hubsch-interior.com\/wp-content\/uploads\/2026\/02\/heritage-bench-large-natural-dc7dc4da239d2c9b9c1062652f2f0084.jpg","width":1024,"height":1024},{"@type":"BreadcrumbList","@id":"https:\/\/hubsch-interior.com\/fr\/produit\/heritage-banc-large-naturel\/#breadcrumb","itemListElement":[{"@type":"ListItem","position":1,"name":"Page d'accueil","item":"https:\/\/hubsch-interior.com\/fr\/"},{"@type":"ListItem","position":2,"name":"Produits","item":"https:\/\/hubsch-interior.com\/fr\/shop-2\/"},{"@type":"ListItem","position":3,"name":"Meubles","item":"https:\/\/hubsch-interior.com\/fr\/categorie-produit\/meubles\/"},{"@type":"ListItem","position":4,"name":"Assises","item":"https:\/\/hubsch-interior.com\/fr\/categorie-produit\/meubles\/assises-fr\/"},{"@type":"ListItem","position":5,"name":"Bancs","item":"https:\/\/hubsch-interior.com\/fr\/categorie-produit\/meubles\/assises-fr\/bancs-fr\/"},{"@type":"ListItem","position":6,"name":"Heritage Banc Large Naturel"}]},{"@type":"WebSite","@id":"https:\/\/hubsch-interior.com\/fr\/#website","url":"https:\/\/hubsch-interior.com\/fr\/","name":"H\u00fcbsch","description":"Danish Home Interior and Design","publisher":{"@id":"https:\/\/hubsch-interior.com\/fr\/#organization"},"potentialAction":[{"@type":"SearchAction","target":{"@type":"EntryPoint","urlTemplate":"https:\/\/hubsch-interior.com\/fr\/?s={search_term_string}"},"query-input":{"@type":"PropertyValueSpecification","valueRequired":true,"valueName":"search_term_string"}}],"inLanguage":"fr-FR"},{"@type":"Organization","@id":"https:\/\/hubsch-interior.com\/fr\/#organization","name":"H\u00fcbsch","url":"https:\/\/hubsch-interior.com\/fr\/","logo":{"@type":"ImageObject","inLanguage":"fr-FR","@id":"https:\/\/hubsch-interior.com\/fr\/#\/schema\/logo\/image\/","url":"https:\/\/hubsch-interior.com\/wp-content\/uploads\/2022\/12\/Hubsch_logo_black_one_line.svg","contentUrl":"https:\/\/hubsch-interior.com\/wp-content\/uploads\/2022\/12\/Hubsch_logo_black_one_line.svg","caption":"H\u00fcbsch"},"image":{"@id":"https:\/\/hubsch-interior.com\/fr\/#\/schema\/logo\/image\/"}}]}},"_links":{"self":[{"href":"https:\/\/hubsch-interior.com\/fr\/wp-json\/wp\/v2\/product\/810002","targetHints":{"allow":["GET"]}}],"collection":[{"href":"https:\/\/hubsch-interior.com\/fr\/wp-json\/wp\/v2\/product"}],"about":[{"href":"https:\/\/hubsch-interior.com\/fr\/wp-json\/wp\/v2\/types\/product"}],"wp:featuredmedia":[{"embeddable":true,"href":"https:\/\/hubsch-interior.com\/fr\/wp-json\/wp\/v2\/media\/1103252"}],"wp:attachment":[{"href":"https:\/\/hubsch-interior.com\/fr\/wp-json\/wp\/v2\/media?parent=810002"}],"wp:term":[{"taxonomy":"product_brand","embeddable":true,"href":"https:\/\/hubsch-interior.com\/fr\/wp-json\/wp\/v2\/product_brand?post=810002"},{"taxonomy":"product_cat","embeddable":true,"href":"https:\/\/hubsch-interior.com\/fr\/wp-json\/wp\/v2\/product_cat?post=810002"},{"taxonomy":"product_tag","embeddable":true,"href":"https:\/\/hubsch-interior.com\/fr\/wp-json\/wp\/v2\/product_tag?post=810002"}],"curies":[{"name":"wp","href":"https:\/\/api.w.org\/{rel}","templated":true}]}}