{"id":837892,"date":"2022-10-04T07:54:16","date_gmt":"2022-10-04T05:54:16","guid":{"rendered":"https:\/\/hubsch-interior.com\/product\/carte-cadeau\/"},"modified":"2022-11-09T09:09:19","modified_gmt":"2022-11-09T08:09:19","slug":"carte-cadeau","status":"publish","type":"product","link":"https:\/\/hubsch-interior.com\/fr\/produit\/carte-cadeau\/","title":{"rendered":"carte-cadeau"},"content":{"rendered":"<p>Vous manquez d\u2019inspiration pour un cadeau? La carte-cadeau est le cadeau parfait \u00e0 offrir pour votre famille, vos amis ou vos partenaires commerciaux. Avec notre carte-cadeau et notre large s\u00e9lection de meubles, d&#8217;\u00e9clairage, de linges textiles ou d&#8217;accessoires pour la maison, vous \u00eates certain de faire plaisir avec un cadeau qu\u2019ils appr\u00e9cieront vraiment, car ils auront le choix. En un seul clic, s\u00e9lectionnez le montant que vous souhaitez offrir, \u00e9crivez une note personnelle et H\u00fcbsch s\u2019occupe de tout. <\/p>\n<p>Une fois votre commande valid\u00e9e, vous recevrez votre carte cadeau par email (le lendemain de la commande, jour ouvr\u00e9)<\/p>\n<p>Si vous avez besoin d\u2019information suppl\u00e9mentaire, veuillez contacter notre service client\u00e8le \u00e0 shop@hubsch-interior.com<\/p>\n","protected":false},"excerpt":{"rendered":"<p>Vous manquez d\u2019inspiration pour un cadeau? La carte-cadeau est le cadeau parfait \u00e0 offrir pour votre famille, vos amis ou vos partenaires commerciaux. Avec notre carte-cadeau et notre large s\u00e9lection de meubles, d&#8217;\u00e9clairage, de linges textiles ou d&#8217;accessoires pour la maison, vous \u00eates certain de faire plaisir avec un cadeau qu\u2019ils appr\u00e9cieront vraiment, car ils [&hellip;]<\/p>\n","protected":false},"featured_media":838453,"template":"","meta":{"_acf_changed":false,"inline_featured_image":false},"product_brand":[],"product_cat":[3531],"product_tag":[],"class_list":{"0":"post-837892","1":"product","2":"type-product","3":"status-publish","4":"has-post-thumbnail","6":"product_cat-uncategorized-fr","8":"first","9":"instock","10":"virtual","11":"taxable","12":"purchasable","13":"product-type-simple"},"exclude_global_add_ons":false,"addons":[{"name":"Salutation au destinataire","type":"custom_textarea","position":0,"required":false,"title_format":"label","description_enable":false,"description":"","placeholder_enable":false,"placeholder":"","display":"select","restrictions_type":"any_text","adjust_price":false,"price":"","price_type":"flat_fee","restrictions":false,"min":0,"max":0,"options":[]}],"acf":[],"yoast_head":"<!-- This site is optimized with the Yoast SEO plugin v26.4 - https:\/\/yoast.com\/wordpress\/plugins\/seo\/ -->\n<title>carte-cadeau - H\u00fcbsch<\/title>\n<meta name=\"description\" content=\"Vous manquez d\u2019inspiration pour un cadeau? La carte-cadeau est le cadeau parfait \u00e0 offrir pour votre famille, vos amis ou vos partenaires commerciaux.\" \/>\n<meta name=\"robots\" content=\"index, follow, max-snippet:-1, max-image-preview:large, max-video-preview:-1\" \/>\n<link rel=\"canonical\" href=\"https:\/\/hubsch-interior.com\/fr\/wp-json\/wp\/v2\/product\/837892\" \/>\n<meta property=\"og:locale\" content=\"fr_FR\" \/>\n<meta property=\"og:type\" content=\"article\" \/>\n<meta property=\"og:title\" content=\"carte-cadeau - H\u00fcbsch\" \/>\n<meta property=\"og:description\" content=\"Vous manquez d\u2019inspiration pour un cadeau? La carte-cadeau est le cadeau parfait \u00e0 offrir pour votre famille, vos amis ou vos partenaires commerciaux.\" \/>\n<meta property=\"og:url\" content=\"https:\/\/hubsch-interior.com\/fr\/produit\/carte-cadeau\/\" \/>\n<meta property=\"og:site_name\" content=\"H\u00fcbsch\" \/>\n<meta property=\"article:modified_time\" content=\"2022-11-09T08:09:19+00:00\" \/>\n<meta name=\"twitter:card\" content=\"summary_large_image\" \/>\n<meta name=\"twitter:label1\" content=\"Dur\u00e9e de lecture estim\u00e9e\" \/>\n\t<meta name=\"twitter:data1\" content=\"1 minute\" \/>\n<script type=\"application\/ld+json\" class=\"yoast-schema-graph\">{\"@context\":\"https:\/\/schema.org\",\"@graph\":[{\"@type\":\"WebPage\",\"@id\":\"https:\/\/hubsch-interior.com\/fr\/produit\/carte-cadeau\/\",\"url\":\"https:\/\/hubsch-interior.com\/fr\/produit\/carte-cadeau\/\",\"name\":\"carte-cadeau - H\u00fcbsch\",\"isPartOf\":{\"@id\":\"https:\/\/hubsch-interior.com\/fr\/#website\"},\"primaryImageOfPage\":{\"@id\":\"https:\/\/hubsch-interior.com\/fr\/produit\/carte-cadeau\/#primaryimage\"},\"image\":{\"@id\":\"https:\/\/hubsch-interior.com\/fr\/produit\/carte-cadeau\/#primaryimage\"},\"thumbnailUrl\":\"https:\/\/hubsch-interior.com\/wp-content\/uploads\/2022\/10\/Hubsch_giftcard_2022_2-scaled.jpg\",\"datePublished\":\"2022-10-04T05:54:16+00:00\",\"dateModified\":\"2022-11-09T08:09:19+00:00\",\"description\":\"Vous manquez d\u2019inspiration pour un cadeau? La carte-cadeau est le cadeau parfait \u00e0 offrir pour votre famille, vos amis ou vos partenaires commerciaux.\",\"breadcrumb\":{\"@id\":\"https:\/\/hubsch-interior.com\/fr\/produit\/carte-cadeau\/#breadcrumb\"},\"inLanguage\":\"fr-FR\",\"potentialAction\":[{\"@type\":\"ReadAction\",\"target\":[\"https:\/\/hubsch-interior.com\/fr\/produit\/carte-cadeau\/\"]}]},{\"@type\":\"ImageObject\",\"inLanguage\":\"fr-FR\",\"@id\":\"https:\/\/hubsch-interior.com\/fr\/produit\/carte-cadeau\/#primaryimage\",\"url\":\"https:\/\/hubsch-interior.com\/wp-content\/uploads\/2022\/10\/Hubsch_giftcard_2022_2-scaled.jpg\",\"contentUrl\":\"https:\/\/hubsch-interior.com\/wp-content\/uploads\/2022\/10\/Hubsch_giftcard_2022_2-scaled.jpg\",\"width\":2560,\"height\":2560},{\"@type\":\"BreadcrumbList\",\"@id\":\"https:\/\/hubsch-interior.com\/fr\/produit\/carte-cadeau\/#breadcrumb\",\"itemListElement\":[{\"@type\":\"ListItem\",\"position\":1,\"name\":\"Page d'accueil\",\"item\":\"https:\/\/hubsch-interior.com\/fr\/\"},{\"@type\":\"ListItem\",\"position\":2,\"name\":\"Produits\",\"item\":\"https:\/\/hubsch-interior.com\/fr\/shop-2\/\"},{\"@type\":\"ListItem\",\"position\":3,\"name\":\"Uncategorized\",\"item\":\"https:\/\/hubsch-interior.com\/fr\/categorie-produit\/uncategorized-fr\/\"},{\"@type\":\"ListItem\",\"position\":4,\"name\":\"carte-cadeau\"}]},{\"@type\":\"WebSite\",\"@id\":\"https:\/\/hubsch-interior.com\/fr\/#website\",\"url\":\"https:\/\/hubsch-interior.com\/fr\/\",\"name\":\"H\u00fcbsch\",\"description\":\"Danish Home Interior and Design\",\"publisher\":{\"@id\":\"https:\/\/hubsch-interior.com\/fr\/#organization\"},\"potentialAction\":[{\"@type\":\"SearchAction\",\"target\":{\"@type\":\"EntryPoint\",\"urlTemplate\":\"https:\/\/hubsch-interior.com\/fr\/?s={search_term_string}\"},\"query-input\":{\"@type\":\"PropertyValueSpecification\",\"valueRequired\":true,\"valueName\":\"search_term_string\"}}],\"inLanguage\":\"fr-FR\"},{\"@type\":\"Organization\",\"@id\":\"https:\/\/hubsch-interior.com\/fr\/#organization\",\"name\":\"H\u00fcbsch\",\"url\":\"https:\/\/hubsch-interior.com\/fr\/\",\"logo\":{\"@type\":\"ImageObject\",\"inLanguage\":\"fr-FR\",\"@id\":\"https:\/\/hubsch-interior.com\/fr\/#\/schema\/logo\/image\/\",\"url\":\"https:\/\/hubsch-interior.com\/wp-content\/uploads\/2022\/12\/Hubsch_logo_black_one_line.svg\",\"contentUrl\":\"https:\/\/hubsch-interior.com\/wp-content\/uploads\/2022\/12\/Hubsch_logo_black_one_line.svg\",\"caption\":\"H\u00fcbsch\"},\"image\":{\"@id\":\"https:\/\/hubsch-interior.com\/fr\/#\/schema\/logo\/image\/\"}}]}<\/script>\n<!-- \/ Yoast SEO plugin. -->","yoast_head_json":{"title":"carte-cadeau - H\u00fcbsch","description":"Vous manquez d\u2019inspiration pour un cadeau? La carte-cadeau est le cadeau parfait \u00e0 offrir pour votre famille, vos amis ou vos partenaires commerciaux.","robots":{"index":"index","follow":"follow","max-snippet":"max-snippet:-1","max-image-preview":"max-image-preview:large","max-video-preview":"max-video-preview:-1"},"canonical":"https:\/\/hubsch-interior.com\/fr\/wp-json\/wp\/v2\/product\/837892","og_locale":"fr_FR","og_type":"article","og_title":"carte-cadeau - H\u00fcbsch","og_description":"Vous manquez d\u2019inspiration pour un cadeau? La carte-cadeau est le cadeau parfait \u00e0 offrir pour votre famille, vos amis ou vos partenaires commerciaux.","og_url":"https:\/\/hubsch-interior.com\/fr\/produit\/carte-cadeau\/","og_site_name":"H\u00fcbsch","article_modified_time":"2022-11-09T08:09:19+00:00","twitter_card":"summary_large_image","twitter_misc":{"Dur\u00e9e de lecture estim\u00e9e":"1 minute"},"schema":{"@context":"https:\/\/schema.org","@graph":[{"@type":"WebPage","@id":"https:\/\/hubsch-interior.com\/fr\/produit\/carte-cadeau\/","url":"https:\/\/hubsch-interior.com\/fr\/produit\/carte-cadeau\/","name":"carte-cadeau - H\u00fcbsch","isPartOf":{"@id":"https:\/\/hubsch-interior.com\/fr\/#website"},"primaryImageOfPage":{"@id":"https:\/\/hubsch-interior.com\/fr\/produit\/carte-cadeau\/#primaryimage"},"image":{"@id":"https:\/\/hubsch-interior.com\/fr\/produit\/carte-cadeau\/#primaryimage"},"thumbnailUrl":"https:\/\/hubsch-interior.com\/wp-content\/uploads\/2022\/10\/Hubsch_giftcard_2022_2-scaled.jpg","datePublished":"2022-10-04T05:54:16+00:00","dateModified":"2022-11-09T08:09:19+00:00","description":"Vous manquez d\u2019inspiration pour un cadeau? La carte-cadeau est le cadeau parfait \u00e0 offrir pour votre famille, vos amis ou vos partenaires commerciaux.","breadcrumb":{"@id":"https:\/\/hubsch-interior.com\/fr\/produit\/carte-cadeau\/#breadcrumb"},"inLanguage":"fr-FR","potentialAction":[{"@type":"ReadAction","target":["https:\/\/hubsch-interior.com\/fr\/produit\/carte-cadeau\/"]}]},{"@type":"ImageObject","inLanguage":"fr-FR","@id":"https:\/\/hubsch-interior.com\/fr\/produit\/carte-cadeau\/#primaryimage","url":"https:\/\/hubsch-interior.com\/wp-content\/uploads\/2022\/10\/Hubsch_giftcard_2022_2-scaled.jpg","contentUrl":"https:\/\/hubsch-interior.com\/wp-content\/uploads\/2022\/10\/Hubsch_giftcard_2022_2-scaled.jpg","width":2560,"height":2560},{"@type":"BreadcrumbList","@id":"https:\/\/hubsch-interior.com\/fr\/produit\/carte-cadeau\/#breadcrumb","itemListElement":[{"@type":"ListItem","position":1,"name":"Page d'accueil","item":"https:\/\/hubsch-interior.com\/fr\/"},{"@type":"ListItem","position":2,"name":"Produits","item":"https:\/\/hubsch-interior.com\/fr\/shop-2\/"},{"@type":"ListItem","position":3,"name":"Uncategorized","item":"https:\/\/hubsch-interior.com\/fr\/categorie-produit\/uncategorized-fr\/"},{"@type":"ListItem","position":4,"name":"carte-cadeau"}]},{"@type":"WebSite","@id":"https:\/\/hubsch-interior.com\/fr\/#website","url":"https:\/\/hubsch-interior.com\/fr\/","name":"H\u00fcbsch","description":"Danish Home Interior and Design","publisher":{"@id":"https:\/\/hubsch-interior.com\/fr\/#organization"},"potentialAction":[{"@type":"SearchAction","target":{"@type":"EntryPoint","urlTemplate":"https:\/\/hubsch-interior.com\/fr\/?s={search_term_string}"},"query-input":{"@type":"PropertyValueSpecification","valueRequired":true,"valueName":"search_term_string"}}],"inLanguage":"fr-FR"},{"@type":"Organization","@id":"https:\/\/hubsch-interior.com\/fr\/#organization","name":"H\u00fcbsch","url":"https:\/\/hubsch-interior.com\/fr\/","logo":{"@type":"ImageObject","inLanguage":"fr-FR","@id":"https:\/\/hubsch-interior.com\/fr\/#\/schema\/logo\/image\/","url":"https:\/\/hubsch-interior.com\/wp-content\/uploads\/2022\/12\/Hubsch_logo_black_one_line.svg","contentUrl":"https:\/\/hubsch-interior.com\/wp-content\/uploads\/2022\/12\/Hubsch_logo_black_one_line.svg","caption":"H\u00fcbsch"},"image":{"@id":"https:\/\/hubsch-interior.com\/fr\/#\/schema\/logo\/image\/"}}]}},"_links":{"self":[{"href":"https:\/\/hubsch-interior.com\/fr\/wp-json\/wp\/v2\/product\/837892","targetHints":{"allow":["GET"]}}],"collection":[{"href":"https:\/\/hubsch-interior.com\/fr\/wp-json\/wp\/v2\/product"}],"about":[{"href":"https:\/\/hubsch-interior.com\/fr\/wp-json\/wp\/v2\/types\/product"}],"wp:featuredmedia":[{"embeddable":true,"href":"https:\/\/hubsch-interior.com\/fr\/wp-json\/wp\/v2\/media\/838453"}],"wp:attachment":[{"href":"https:\/\/hubsch-interior.com\/fr\/wp-json\/wp\/v2\/media?parent=837892"}],"wp:term":[{"taxonomy":"product_brand","embeddable":true,"href":"https:\/\/hubsch-interior.com\/fr\/wp-json\/wp\/v2\/product_brand?post=837892"},{"taxonomy":"product_cat","embeddable":true,"href":"https:\/\/hubsch-interior.com\/fr\/wp-json\/wp\/v2\/product_cat?post=837892"},{"taxonomy":"product_tag","embeddable":true,"href":"https:\/\/hubsch-interior.com\/fr\/wp-json\/wp\/v2\/product_tag?post=837892"}],"curies":[{"name":"wp","href":"https:\/\/api.w.org\/{rel}","templated":true}]}}