{"id":879216,"date":"2023-02-15T13:24:59","date_gmt":"2023-02-15T12:24:59","guid":{"rendered":"https:\/\/hubsch-interior.com\/product\/product\/"},"modified":"2026-04-18T05:01:12","modified_gmt":"2026-04-18T03:01:12","slug":"wiredup-paniers-bleu-set-de-2","status":"publish","type":"product","link":"https:\/\/hubsch-interior.com\/fr\/produit\/wiredup-paniers-bleu-set-de-2\/","title":{"rendered":"WiredUp Paniers Bleu (set de 2)"},"content":{"rendered":"<p>Nos beaux paniers WiredUp Bleu sont fabriqu\u00e9s en m\u00e9tal solide et sont con\u00e7us pour durer. Ils sont disponibles en un ensemble de 2, avec des couleurs bleues vives. Les paniers sont d\u00e9coup\u00e9s carr\u00e9s et leurs formes g\u00e9om\u00e9triques sont modernes et \u00e9l\u00e9gantes. Utilisez-les dans votre entr\u00e9e pour ranger vos cl\u00e9s, vos t\u00e9l\u00e9phones et d&#8217;autres petits objets ou pour d\u00e9corer votre int\u00e9rieur. Ils sont parfaits pour ajouter une touche contemporaine \u00e0 votre maison.<\/p>\n","protected":false},"excerpt":{"rendered":"<p>Nos beaux paniers WiredUp Bleu sont fabriqu\u00e9s en m\u00e9tal solide et sont con\u00e7us pour durer. Ils sont disponibles en un ensemble de 2, avec des couleurs bleues vives. Les paniers sont d\u00e9coup\u00e9s carr\u00e9s et leurs formes g\u00e9om\u00e9triques sont modernes et \u00e9l\u00e9gantes. Utilisez-les dans votre entr\u00e9e pour ranger vos cl\u00e9s, vos t\u00e9l\u00e9phones et d&#8217;autres petits objets [&hellip;]<\/p>\n","protected":false},"featured_media":1106045,"template":"","meta":{"_acf_changed":false,"inline_featured_image":false},"product_brand":[],"product_cat":[3110,4075],"product_tag":[],"class_list":{"0":"post-879216","1":"product","2":"type-product","3":"status-publish","4":"has-post-thumbnail","6":"product_cat-espace-de-rangement-fr","7":"product_cat-paniers-fr","8":"product_shipping_class-pk","10":"pa_color-bleu-2","11":"pa_material-fer-fr","13":"first","14":"instock","15":"taxable","16":"shipping-taxable","17":"purchasable","18":"product-type-simple"},"exclude_global_add_ons":[],"addons":[],"acf":[],"yoast_head":"<!-- This site is optimized with the Yoast SEO plugin v26.4 - https:\/\/yoast.com\/wordpress\/plugins\/seo\/ -->\n<title>WiredUp Paniers Bleu (set de 2) - H\u00fcbsch<\/title>\n<meta name=\"description\" content=\"Nos beaux paniers WiredUp Bleu sont fabriqu\u00e9s en m\u00e9tal solide et sont con\u00e7us pour durer. Ils sont disponibles en un ensemble de 2, avec des couleurs\" \/>\n<meta name=\"robots\" content=\"index, follow, max-snippet:-1, max-image-preview:large, max-video-preview:-1\" \/>\n<link rel=\"canonical\" href=\"https:\/\/hubsch-interior.com\/fr\/wp-json\/wp\/v2\/product\/879216\" \/>\n<meta property=\"og:locale\" content=\"fr_FR\" \/>\n<meta property=\"og:type\" content=\"article\" \/>\n<meta property=\"og:title\" content=\"WiredUp Paniers Bleu (set de 2) - H\u00fcbsch\" \/>\n<meta property=\"og:description\" content=\"Nos beaux paniers WiredUp Bleu sont fabriqu\u00e9s en m\u00e9tal solide et sont con\u00e7us pour durer. Ils sont disponibles en un ensemble de 2, avec des couleurs\" \/>\n<meta property=\"og:url\" content=\"https:\/\/hubsch-interior.com\/fr\/produit\/wiredup-paniers-bleu-set-de-2\/\" \/>\n<meta property=\"og:site_name\" content=\"H\u00fcbsch\" \/>\n<meta property=\"article:modified_time\" content=\"2026-04-18T03:01:12+00:00\" \/>\n<meta property=\"og:image\" content=\"https:\/\/hubsch-interior.com\/wp-content\/uploads\/2024\/03\/wiredup-baskets-blue-set-of-2-ccbabeb130c1f443bfd11e19935b59ff.jpg\" \/>\n\t<meta property=\"og:image:width\" content=\"1200\" \/>\n\t<meta property=\"og:image:height\" content=\"1200\" \/>\n\t<meta property=\"og:image:type\" content=\"image\/jpeg\" \/>\n<meta name=\"twitter:card\" content=\"summary_large_image\" \/>\n<script type=\"application\/ld+json\" class=\"yoast-schema-graph\">{\"@context\":\"https:\/\/schema.org\",\"@graph\":[{\"@type\":\"WebPage\",\"@id\":\"https:\/\/hubsch-interior.com\/fr\/produit\/wiredup-paniers-bleu-set-de-2\/\",\"url\":\"https:\/\/hubsch-interior.com\/fr\/produit\/wiredup-paniers-bleu-set-de-2\/\",\"name\":\"WiredUp Paniers Bleu (set de 2) - H\u00fcbsch\",\"isPartOf\":{\"@id\":\"https:\/\/hubsch-interior.com\/fr\/#website\"},\"primaryImageOfPage\":{\"@id\":\"https:\/\/hubsch-interior.com\/fr\/produit\/wiredup-paniers-bleu-set-de-2\/#primaryimage\"},\"image\":{\"@id\":\"https:\/\/hubsch-interior.com\/fr\/produit\/wiredup-paniers-bleu-set-de-2\/#primaryimage\"},\"thumbnailUrl\":\"https:\/\/hubsch-interior.com\/wp-content\/uploads\/2026\/02\/wiredup-baskets-blue-set-of-2-051a4474aab8ddb6f06359c975734a5c.jpg\",\"datePublished\":\"2023-02-15T12:24:59+00:00\",\"dateModified\":\"2026-04-18T03:01:12+00:00\",\"description\":\"Nos beaux paniers WiredUp Bleu sont fabriqu\u00e9s en m\u00e9tal solide et sont con\u00e7us pour durer. Ils sont disponibles en un ensemble de 2, avec des couleurs\",\"breadcrumb\":{\"@id\":\"https:\/\/hubsch-interior.com\/fr\/produit\/wiredup-paniers-bleu-set-de-2\/#breadcrumb\"},\"inLanguage\":\"fr-FR\",\"potentialAction\":[{\"@type\":\"ReadAction\",\"target\":[\"https:\/\/hubsch-interior.com\/fr\/produit\/wiredup-paniers-bleu-set-de-2\/\"]}]},{\"@type\":\"ImageObject\",\"inLanguage\":\"fr-FR\",\"@id\":\"https:\/\/hubsch-interior.com\/fr\/produit\/wiredup-paniers-bleu-set-de-2\/#primaryimage\",\"url\":\"https:\/\/hubsch-interior.com\/wp-content\/uploads\/2026\/02\/wiredup-baskets-blue-set-of-2-051a4474aab8ddb6f06359c975734a5c.jpg\",\"contentUrl\":\"https:\/\/hubsch-interior.com\/wp-content\/uploads\/2026\/02\/wiredup-baskets-blue-set-of-2-051a4474aab8ddb6f06359c975734a5c.jpg\",\"width\":1024,\"height\":1024},{\"@type\":\"BreadcrumbList\",\"@id\":\"https:\/\/hubsch-interior.com\/fr\/produit\/wiredup-paniers-bleu-set-de-2\/#breadcrumb\",\"itemListElement\":[{\"@type\":\"ListItem\",\"position\":1,\"name\":\"Page d'accueil\",\"item\":\"https:\/\/hubsch-interior.com\/fr\/\"},{\"@type\":\"ListItem\",\"position\":2,\"name\":\"Produits\",\"item\":\"https:\/\/hubsch-interior.com\/fr\/shop-2\/\"},{\"@type\":\"ListItem\",\"position\":3,\"name\":\"Accessoires maison\",\"item\":\"https:\/\/hubsch-interior.com\/fr\/categorie-produit\/accessoires-maison\/\"},{\"@type\":\"ListItem\",\"position\":4,\"name\":\"Espace de rangement\",\"item\":\"https:\/\/hubsch-interior.com\/fr\/categorie-produit\/accessoires-maison\/espace-de-rangement-fr\/\"},{\"@type\":\"ListItem\",\"position\":5,\"name\":\"Paniers\",\"item\":\"https:\/\/hubsch-interior.com\/fr\/categorie-produit\/accessoires-maison\/espace-de-rangement-fr\/paniers-fr\/\"},{\"@type\":\"ListItem\",\"position\":6,\"name\":\"WiredUp Paniers Bleu (set de 2)\"}]},{\"@type\":\"WebSite\",\"@id\":\"https:\/\/hubsch-interior.com\/fr\/#website\",\"url\":\"https:\/\/hubsch-interior.com\/fr\/\",\"name\":\"H\u00fcbsch\",\"description\":\"Danish Home Interior and Design\",\"publisher\":{\"@id\":\"https:\/\/hubsch-interior.com\/fr\/#organization\"},\"potentialAction\":[{\"@type\":\"SearchAction\",\"target\":{\"@type\":\"EntryPoint\",\"urlTemplate\":\"https:\/\/hubsch-interior.com\/fr\/?s={search_term_string}\"},\"query-input\":{\"@type\":\"PropertyValueSpecification\",\"valueRequired\":true,\"valueName\":\"search_term_string\"}}],\"inLanguage\":\"fr-FR\"},{\"@type\":\"Organization\",\"@id\":\"https:\/\/hubsch-interior.com\/fr\/#organization\",\"name\":\"H\u00fcbsch\",\"url\":\"https:\/\/hubsch-interior.com\/fr\/\",\"logo\":{\"@type\":\"ImageObject\",\"inLanguage\":\"fr-FR\",\"@id\":\"https:\/\/hubsch-interior.com\/fr\/#\/schema\/logo\/image\/\",\"url\":\"https:\/\/hubsch-interior.com\/wp-content\/uploads\/2022\/12\/Hubsch_logo_black_one_line.svg\",\"contentUrl\":\"https:\/\/hubsch-interior.com\/wp-content\/uploads\/2022\/12\/Hubsch_logo_black_one_line.svg\",\"caption\":\"H\u00fcbsch\"},\"image\":{\"@id\":\"https:\/\/hubsch-interior.com\/fr\/#\/schema\/logo\/image\/\"}}]}<\/script>\n<!-- \/ Yoast SEO plugin. -->","yoast_head_json":{"title":"WiredUp Paniers Bleu (set de 2) - H\u00fcbsch","description":"Nos beaux paniers WiredUp Bleu sont fabriqu\u00e9s en m\u00e9tal solide et sont con\u00e7us pour durer. Ils sont disponibles en un ensemble de 2, avec des couleurs","robots":{"index":"index","follow":"follow","max-snippet":"max-snippet:-1","max-image-preview":"max-image-preview:large","max-video-preview":"max-video-preview:-1"},"canonical":"https:\/\/hubsch-interior.com\/fr\/wp-json\/wp\/v2\/product\/879216","og_locale":"fr_FR","og_type":"article","og_title":"WiredUp Paniers Bleu (set de 2) - H\u00fcbsch","og_description":"Nos beaux paniers WiredUp Bleu sont fabriqu\u00e9s en m\u00e9tal solide et sont con\u00e7us pour durer. Ils sont disponibles en un ensemble de 2, avec des couleurs","og_url":"https:\/\/hubsch-interior.com\/fr\/produit\/wiredup-paniers-bleu-set-de-2\/","og_site_name":"H\u00fcbsch","article_modified_time":"2026-04-18T03:01:12+00:00","og_image":[{"width":1200,"height":1200,"url":"https:\/\/hubsch-interior.com\/wp-content\/uploads\/2024\/03\/wiredup-baskets-blue-set-of-2-ccbabeb130c1f443bfd11e19935b59ff.jpg","type":"image\/jpeg"}],"twitter_card":"summary_large_image","schema":{"@context":"https:\/\/schema.org","@graph":[{"@type":"WebPage","@id":"https:\/\/hubsch-interior.com\/fr\/produit\/wiredup-paniers-bleu-set-de-2\/","url":"https:\/\/hubsch-interior.com\/fr\/produit\/wiredup-paniers-bleu-set-de-2\/","name":"WiredUp Paniers Bleu (set de 2) - H\u00fcbsch","isPartOf":{"@id":"https:\/\/hubsch-interior.com\/fr\/#website"},"primaryImageOfPage":{"@id":"https:\/\/hubsch-interior.com\/fr\/produit\/wiredup-paniers-bleu-set-de-2\/#primaryimage"},"image":{"@id":"https:\/\/hubsch-interior.com\/fr\/produit\/wiredup-paniers-bleu-set-de-2\/#primaryimage"},"thumbnailUrl":"https:\/\/hubsch-interior.com\/wp-content\/uploads\/2026\/02\/wiredup-baskets-blue-set-of-2-051a4474aab8ddb6f06359c975734a5c.jpg","datePublished":"2023-02-15T12:24:59+00:00","dateModified":"2026-04-18T03:01:12+00:00","description":"Nos beaux paniers WiredUp Bleu sont fabriqu\u00e9s en m\u00e9tal solide et sont con\u00e7us pour durer. Ils sont disponibles en un ensemble de 2, avec des couleurs","breadcrumb":{"@id":"https:\/\/hubsch-interior.com\/fr\/produit\/wiredup-paniers-bleu-set-de-2\/#breadcrumb"},"inLanguage":"fr-FR","potentialAction":[{"@type":"ReadAction","target":["https:\/\/hubsch-interior.com\/fr\/produit\/wiredup-paniers-bleu-set-de-2\/"]}]},{"@type":"ImageObject","inLanguage":"fr-FR","@id":"https:\/\/hubsch-interior.com\/fr\/produit\/wiredup-paniers-bleu-set-de-2\/#primaryimage","url":"https:\/\/hubsch-interior.com\/wp-content\/uploads\/2026\/02\/wiredup-baskets-blue-set-of-2-051a4474aab8ddb6f06359c975734a5c.jpg","contentUrl":"https:\/\/hubsch-interior.com\/wp-content\/uploads\/2026\/02\/wiredup-baskets-blue-set-of-2-051a4474aab8ddb6f06359c975734a5c.jpg","width":1024,"height":1024},{"@type":"BreadcrumbList","@id":"https:\/\/hubsch-interior.com\/fr\/produit\/wiredup-paniers-bleu-set-de-2\/#breadcrumb","itemListElement":[{"@type":"ListItem","position":1,"name":"Page d'accueil","item":"https:\/\/hubsch-interior.com\/fr\/"},{"@type":"ListItem","position":2,"name":"Produits","item":"https:\/\/hubsch-interior.com\/fr\/shop-2\/"},{"@type":"ListItem","position":3,"name":"Accessoires maison","item":"https:\/\/hubsch-interior.com\/fr\/categorie-produit\/accessoires-maison\/"},{"@type":"ListItem","position":4,"name":"Espace de rangement","item":"https:\/\/hubsch-interior.com\/fr\/categorie-produit\/accessoires-maison\/espace-de-rangement-fr\/"},{"@type":"ListItem","position":5,"name":"Paniers","item":"https:\/\/hubsch-interior.com\/fr\/categorie-produit\/accessoires-maison\/espace-de-rangement-fr\/paniers-fr\/"},{"@type":"ListItem","position":6,"name":"WiredUp Paniers Bleu (set de 2)"}]},{"@type":"WebSite","@id":"https:\/\/hubsch-interior.com\/fr\/#website","url":"https:\/\/hubsch-interior.com\/fr\/","name":"H\u00fcbsch","description":"Danish Home Interior and Design","publisher":{"@id":"https:\/\/hubsch-interior.com\/fr\/#organization"},"potentialAction":[{"@type":"SearchAction","target":{"@type":"EntryPoint","urlTemplate":"https:\/\/hubsch-interior.com\/fr\/?s={search_term_string}"},"query-input":{"@type":"PropertyValueSpecification","valueRequired":true,"valueName":"search_term_string"}}],"inLanguage":"fr-FR"},{"@type":"Organization","@id":"https:\/\/hubsch-interior.com\/fr\/#organization","name":"H\u00fcbsch","url":"https:\/\/hubsch-interior.com\/fr\/","logo":{"@type":"ImageObject","inLanguage":"fr-FR","@id":"https:\/\/hubsch-interior.com\/fr\/#\/schema\/logo\/image\/","url":"https:\/\/hubsch-interior.com\/wp-content\/uploads\/2022\/12\/Hubsch_logo_black_one_line.svg","contentUrl":"https:\/\/hubsch-interior.com\/wp-content\/uploads\/2022\/12\/Hubsch_logo_black_one_line.svg","caption":"H\u00fcbsch"},"image":{"@id":"https:\/\/hubsch-interior.com\/fr\/#\/schema\/logo\/image\/"}}]}},"_links":{"self":[{"href":"https:\/\/hubsch-interior.com\/fr\/wp-json\/wp\/v2\/product\/879216","targetHints":{"allow":["GET"]}}],"collection":[{"href":"https:\/\/hubsch-interior.com\/fr\/wp-json\/wp\/v2\/product"}],"about":[{"href":"https:\/\/hubsch-interior.com\/fr\/wp-json\/wp\/v2\/types\/product"}],"wp:featuredmedia":[{"embeddable":true,"href":"https:\/\/hubsch-interior.com\/fr\/wp-json\/wp\/v2\/media\/1106045"}],"wp:attachment":[{"href":"https:\/\/hubsch-interior.com\/fr\/wp-json\/wp\/v2\/media?parent=879216"}],"wp:term":[{"taxonomy":"product_brand","embeddable":true,"href":"https:\/\/hubsch-interior.com\/fr\/wp-json\/wp\/v2\/product_brand?post=879216"},{"taxonomy":"product_cat","embeddable":true,"href":"https:\/\/hubsch-interior.com\/fr\/wp-json\/wp\/v2\/product_cat?post=879216"},{"taxonomy":"product_tag","embeddable":true,"href":"https:\/\/hubsch-interior.com\/fr\/wp-json\/wp\/v2\/product_tag?post=879216"}],"curies":[{"name":"wp","href":"https:\/\/api.w.org\/{rel}","templated":true}]}}