{"id":879418,"date":"2023-02-20T08:36:45","date_gmt":"2023-02-20T07:36:45","guid":{"rendered":"https:\/\/hubsch-interior.com\/product\/product\/"},"modified":"2026-04-11T04:18:02","modified_gmt":"2026-04-11T02:18:02","slug":"contain-pouf-large-vert","status":"publish","type":"product","link":"https:\/\/hubsch-interior.com\/fr\/produit\/contain-pouf-large-vert\/","title":{"rendered":"Contain Pouf Large Vert"},"content":{"rendered":"<p>Vous avez besoin d&#8217;un pouf de rangement astucieux ? Le voici ! Parfois, le d\u00e9sordre peut \u00eatre d\u00e9routant lorsque vous manquez de solutions de rangement appropri\u00e9es dans votre maison. Les jouets pour enfants, en particulier, peuvent tr\u00e8s vite nous envahir. Le pouf Contain est l&#8217;accessoire id\u00e9al pour ranger tous ces l\u00e9gos et autres jouets divers et servir \u00e9galement de repose-pied. Et ce pouf peut vite devenir votre endroit pr\u00e9f\u00e9r\u00e9 pour vous asseoir. Les roulettes rendent ce pouf facile \u00e0 d\u00e9placer partout o\u00f9 vous en avez besoin. Il y a toujours de la place pour en disposer un quelque part.<\/p>\n","protected":false},"excerpt":{"rendered":"<p>Vous avez besoin d&#8217;un pouf de rangement astucieux ? Le voici ! Parfois, le d\u00e9sordre peut \u00eatre d\u00e9routant lorsque vous manquez de solutions de rangement appropri\u00e9es dans votre maison. Les jouets pour enfants, en particulier, peuvent tr\u00e8s vite nous envahir. Le pouf Contain est l&#8217;accessoire id\u00e9al pour ranger tous ces l\u00e9gos et autres jouets divers [&hellip;]<\/p>\n","protected":false},"featured_media":1093431,"template":"","meta":{"_acf_changed":false,"inline_featured_image":false},"product_brand":[],"product_cat":[2843,5026,5457,6582],"product_tag":[],"class_list":{"0":"post-879418","1":"product","2":"type-product","3":"status-publish","4":"has-post-thumbnail","6":"product_cat-assises-fr","7":"product_cat-bestsellers-fr","8":"product_cat-poufs-fr","9":"product_cat-rekindle-collection-fr","10":"product_shipping_class-pk","12":"pa_color-vert-2","13":"pa_material-acier","14":"pa_material-acrylic-10-fr","15":"pa_material-polyester-90-fr","17":"first","18":"instock","19":"featured","20":"taxable","21":"shipping-taxable","22":"purchasable","23":"product-type-simple"},"exclude_global_add_ons":[],"addons":[],"acf":[],"yoast_head":"<!-- This site is optimized with the Yoast SEO plugin v26.4 - https:\/\/yoast.com\/wordpress\/plugins\/seo\/ -->\n<title>Contain Pouf Large Vert - H\u00fcbsch<\/title>\n<meta name=\"description\" content=\"Vous avez besoin d&#039;un pouf de rangement astucieux ? Le voici ! Parfois, le d\u00e9sordre peut \u00eatre d\u00e9routant lorsque vous manquez de solutions de rangement\" \/>\n<meta name=\"robots\" content=\"index, follow, max-snippet:-1, max-image-preview:large, max-video-preview:-1\" \/>\n<link rel=\"canonical\" href=\"https:\/\/hubsch-interior.com\/fr\/wp-json\/wp\/v2\/product\/879418\" \/>\n<meta property=\"og:locale\" content=\"fr_FR\" \/>\n<meta property=\"og:type\" content=\"article\" \/>\n<meta property=\"og:title\" content=\"Contain Pouf Large Vert - H\u00fcbsch\" \/>\n<meta property=\"og:description\" content=\"Vous avez besoin d&#039;un pouf de rangement astucieux ? Le voici ! Parfois, le d\u00e9sordre peut \u00eatre d\u00e9routant lorsque vous manquez de solutions de rangement\" \/>\n<meta property=\"og:url\" content=\"https:\/\/hubsch-interior.com\/fr\/produit\/contain-pouf-large-vert\/\" \/>\n<meta property=\"og:site_name\" content=\"H\u00fcbsch\" \/>\n<meta property=\"article:modified_time\" content=\"2026-04-11T02:18:02+00:00\" \/>\n<meta property=\"og:image\" content=\"https:\/\/hubsch-interior.com\/wp-content\/uploads\/2024\/03\/contain-pouffe-large-green-716b230564bcae775d4058ee60a93e22.jpg\" \/>\n\t<meta property=\"og:image:width\" content=\"1200\" \/>\n\t<meta property=\"og:image:height\" content=\"1200\" \/>\n\t<meta property=\"og:image:type\" content=\"image\/jpeg\" \/>\n<meta name=\"twitter:card\" content=\"summary_large_image\" \/>\n<meta name=\"twitter:label1\" content=\"Dur\u00e9e de lecture estim\u00e9e\" \/>\n\t<meta name=\"twitter:data1\" content=\"1 minute\" \/>\n<script type=\"application\/ld+json\" class=\"yoast-schema-graph\">{\"@context\":\"https:\/\/schema.org\",\"@graph\":[{\"@type\":\"WebPage\",\"@id\":\"https:\/\/hubsch-interior.com\/fr\/produit\/contain-pouf-large-vert\/\",\"url\":\"https:\/\/hubsch-interior.com\/fr\/produit\/contain-pouf-large-vert\/\",\"name\":\"Contain Pouf Large Vert - H\u00fcbsch\",\"isPartOf\":{\"@id\":\"https:\/\/hubsch-interior.com\/fr\/#website\"},\"primaryImageOfPage\":{\"@id\":\"https:\/\/hubsch-interior.com\/fr\/produit\/contain-pouf-large-vert\/#primaryimage\"},\"image\":{\"@id\":\"https:\/\/hubsch-interior.com\/fr\/produit\/contain-pouf-large-vert\/#primaryimage\"},\"thumbnailUrl\":\"https:\/\/hubsch-interior.com\/wp-content\/uploads\/2026\/02\/contain-pouffe-large-green-220f54ad04ed758ec21f71a5931a658f.jpg\",\"datePublished\":\"2023-02-20T07:36:45+00:00\",\"dateModified\":\"2026-04-11T02:18:02+00:00\",\"description\":\"Vous avez besoin d'un pouf de rangement astucieux ? Le voici ! Parfois, le d\u00e9sordre peut \u00eatre d\u00e9routant lorsque vous manquez de solutions de rangement\",\"breadcrumb\":{\"@id\":\"https:\/\/hubsch-interior.com\/fr\/produit\/contain-pouf-large-vert\/#breadcrumb\"},\"inLanguage\":\"fr-FR\",\"potentialAction\":[{\"@type\":\"ReadAction\",\"target\":[\"https:\/\/hubsch-interior.com\/fr\/produit\/contain-pouf-large-vert\/\"]}]},{\"@type\":\"ImageObject\",\"inLanguage\":\"fr-FR\",\"@id\":\"https:\/\/hubsch-interior.com\/fr\/produit\/contain-pouf-large-vert\/#primaryimage\",\"url\":\"https:\/\/hubsch-interior.com\/wp-content\/uploads\/2026\/02\/contain-pouffe-large-green-220f54ad04ed758ec21f71a5931a658f.jpg\",\"contentUrl\":\"https:\/\/hubsch-interior.com\/wp-content\/uploads\/2026\/02\/contain-pouffe-large-green-220f54ad04ed758ec21f71a5931a658f.jpg\",\"width\":1024,\"height\":1024},{\"@type\":\"BreadcrumbList\",\"@id\":\"https:\/\/hubsch-interior.com\/fr\/produit\/contain-pouf-large-vert\/#breadcrumb\",\"itemListElement\":[{\"@type\":\"ListItem\",\"position\":1,\"name\":\"Page d'accueil\",\"item\":\"https:\/\/hubsch-interior.com\/fr\/\"},{\"@type\":\"ListItem\",\"position\":2,\"name\":\"Produits\",\"item\":\"https:\/\/hubsch-interior.com\/fr\/shop-2\/\"},{\"@type\":\"ListItem\",\"position\":3,\"name\":\"Meubles\",\"item\":\"https:\/\/hubsch-interior.com\/fr\/categorie-produit\/meubles\/\"},{\"@type\":\"ListItem\",\"position\":4,\"name\":\"Assises\",\"item\":\"https:\/\/hubsch-interior.com\/fr\/categorie-produit\/meubles\/assises-fr\/\"},{\"@type\":\"ListItem\",\"position\":5,\"name\":\"Poufs\",\"item\":\"https:\/\/hubsch-interior.com\/fr\/categorie-produit\/meubles\/assises-fr\/poufs-fr\/\"},{\"@type\":\"ListItem\",\"position\":6,\"name\":\"Contain Pouf Large Vert\"}]},{\"@type\":\"WebSite\",\"@id\":\"https:\/\/hubsch-interior.com\/fr\/#website\",\"url\":\"https:\/\/hubsch-interior.com\/fr\/\",\"name\":\"H\u00fcbsch\",\"description\":\"Danish Home Interior and Design\",\"publisher\":{\"@id\":\"https:\/\/hubsch-interior.com\/fr\/#organization\"},\"potentialAction\":[{\"@type\":\"SearchAction\",\"target\":{\"@type\":\"EntryPoint\",\"urlTemplate\":\"https:\/\/hubsch-interior.com\/fr\/?s={search_term_string}\"},\"query-input\":{\"@type\":\"PropertyValueSpecification\",\"valueRequired\":true,\"valueName\":\"search_term_string\"}}],\"inLanguage\":\"fr-FR\"},{\"@type\":\"Organization\",\"@id\":\"https:\/\/hubsch-interior.com\/fr\/#organization\",\"name\":\"H\u00fcbsch\",\"url\":\"https:\/\/hubsch-interior.com\/fr\/\",\"logo\":{\"@type\":\"ImageObject\",\"inLanguage\":\"fr-FR\",\"@id\":\"https:\/\/hubsch-interior.com\/fr\/#\/schema\/logo\/image\/\",\"url\":\"https:\/\/hubsch-interior.com\/wp-content\/uploads\/2022\/12\/Hubsch_logo_black_one_line.svg\",\"contentUrl\":\"https:\/\/hubsch-interior.com\/wp-content\/uploads\/2022\/12\/Hubsch_logo_black_one_line.svg\",\"caption\":\"H\u00fcbsch\"},\"image\":{\"@id\":\"https:\/\/hubsch-interior.com\/fr\/#\/schema\/logo\/image\/\"}}]}<\/script>\n<!-- \/ Yoast SEO plugin. -->","yoast_head_json":{"title":"Contain Pouf Large Vert - H\u00fcbsch","description":"Vous avez besoin d'un pouf de rangement astucieux ? Le voici ! Parfois, le d\u00e9sordre peut \u00eatre d\u00e9routant lorsque vous manquez de solutions de rangement","robots":{"index":"index","follow":"follow","max-snippet":"max-snippet:-1","max-image-preview":"max-image-preview:large","max-video-preview":"max-video-preview:-1"},"canonical":"https:\/\/hubsch-interior.com\/fr\/wp-json\/wp\/v2\/product\/879418","og_locale":"fr_FR","og_type":"article","og_title":"Contain Pouf Large Vert - H\u00fcbsch","og_description":"Vous avez besoin d'un pouf de rangement astucieux ? Le voici ! Parfois, le d\u00e9sordre peut \u00eatre d\u00e9routant lorsque vous manquez de solutions de rangement","og_url":"https:\/\/hubsch-interior.com\/fr\/produit\/contain-pouf-large-vert\/","og_site_name":"H\u00fcbsch","article_modified_time":"2026-04-11T02:18:02+00:00","og_image":[{"width":1200,"height":1200,"url":"https:\/\/hubsch-interior.com\/wp-content\/uploads\/2024\/03\/contain-pouffe-large-green-716b230564bcae775d4058ee60a93e22.jpg","type":"image\/jpeg"}],"twitter_card":"summary_large_image","twitter_misc":{"Dur\u00e9e de lecture estim\u00e9e":"1 minute"},"schema":{"@context":"https:\/\/schema.org","@graph":[{"@type":"WebPage","@id":"https:\/\/hubsch-interior.com\/fr\/produit\/contain-pouf-large-vert\/","url":"https:\/\/hubsch-interior.com\/fr\/produit\/contain-pouf-large-vert\/","name":"Contain Pouf Large Vert - H\u00fcbsch","isPartOf":{"@id":"https:\/\/hubsch-interior.com\/fr\/#website"},"primaryImageOfPage":{"@id":"https:\/\/hubsch-interior.com\/fr\/produit\/contain-pouf-large-vert\/#primaryimage"},"image":{"@id":"https:\/\/hubsch-interior.com\/fr\/produit\/contain-pouf-large-vert\/#primaryimage"},"thumbnailUrl":"https:\/\/hubsch-interior.com\/wp-content\/uploads\/2026\/02\/contain-pouffe-large-green-220f54ad04ed758ec21f71a5931a658f.jpg","datePublished":"2023-02-20T07:36:45+00:00","dateModified":"2026-04-11T02:18:02+00:00","description":"Vous avez besoin d'un pouf de rangement astucieux ? Le voici ! Parfois, le d\u00e9sordre peut \u00eatre d\u00e9routant lorsque vous manquez de solutions de rangement","breadcrumb":{"@id":"https:\/\/hubsch-interior.com\/fr\/produit\/contain-pouf-large-vert\/#breadcrumb"},"inLanguage":"fr-FR","potentialAction":[{"@type":"ReadAction","target":["https:\/\/hubsch-interior.com\/fr\/produit\/contain-pouf-large-vert\/"]}]},{"@type":"ImageObject","inLanguage":"fr-FR","@id":"https:\/\/hubsch-interior.com\/fr\/produit\/contain-pouf-large-vert\/#primaryimage","url":"https:\/\/hubsch-interior.com\/wp-content\/uploads\/2026\/02\/contain-pouffe-large-green-220f54ad04ed758ec21f71a5931a658f.jpg","contentUrl":"https:\/\/hubsch-interior.com\/wp-content\/uploads\/2026\/02\/contain-pouffe-large-green-220f54ad04ed758ec21f71a5931a658f.jpg","width":1024,"height":1024},{"@type":"BreadcrumbList","@id":"https:\/\/hubsch-interior.com\/fr\/produit\/contain-pouf-large-vert\/#breadcrumb","itemListElement":[{"@type":"ListItem","position":1,"name":"Page d'accueil","item":"https:\/\/hubsch-interior.com\/fr\/"},{"@type":"ListItem","position":2,"name":"Produits","item":"https:\/\/hubsch-interior.com\/fr\/shop-2\/"},{"@type":"ListItem","position":3,"name":"Meubles","item":"https:\/\/hubsch-interior.com\/fr\/categorie-produit\/meubles\/"},{"@type":"ListItem","position":4,"name":"Assises","item":"https:\/\/hubsch-interior.com\/fr\/categorie-produit\/meubles\/assises-fr\/"},{"@type":"ListItem","position":5,"name":"Poufs","item":"https:\/\/hubsch-interior.com\/fr\/categorie-produit\/meubles\/assises-fr\/poufs-fr\/"},{"@type":"ListItem","position":6,"name":"Contain Pouf Large Vert"}]},{"@type":"WebSite","@id":"https:\/\/hubsch-interior.com\/fr\/#website","url":"https:\/\/hubsch-interior.com\/fr\/","name":"H\u00fcbsch","description":"Danish Home Interior and Design","publisher":{"@id":"https:\/\/hubsch-interior.com\/fr\/#organization"},"potentialAction":[{"@type":"SearchAction","target":{"@type":"EntryPoint","urlTemplate":"https:\/\/hubsch-interior.com\/fr\/?s={search_term_string}"},"query-input":{"@type":"PropertyValueSpecification","valueRequired":true,"valueName":"search_term_string"}}],"inLanguage":"fr-FR"},{"@type":"Organization","@id":"https:\/\/hubsch-interior.com\/fr\/#organization","name":"H\u00fcbsch","url":"https:\/\/hubsch-interior.com\/fr\/","logo":{"@type":"ImageObject","inLanguage":"fr-FR","@id":"https:\/\/hubsch-interior.com\/fr\/#\/schema\/logo\/image\/","url":"https:\/\/hubsch-interior.com\/wp-content\/uploads\/2022\/12\/Hubsch_logo_black_one_line.svg","contentUrl":"https:\/\/hubsch-interior.com\/wp-content\/uploads\/2022\/12\/Hubsch_logo_black_one_line.svg","caption":"H\u00fcbsch"},"image":{"@id":"https:\/\/hubsch-interior.com\/fr\/#\/schema\/logo\/image\/"}}]}},"_links":{"self":[{"href":"https:\/\/hubsch-interior.com\/fr\/wp-json\/wp\/v2\/product\/879418","targetHints":{"allow":["GET"]}}],"collection":[{"href":"https:\/\/hubsch-interior.com\/fr\/wp-json\/wp\/v2\/product"}],"about":[{"href":"https:\/\/hubsch-interior.com\/fr\/wp-json\/wp\/v2\/types\/product"}],"wp:featuredmedia":[{"embeddable":true,"href":"https:\/\/hubsch-interior.com\/fr\/wp-json\/wp\/v2\/media\/1093431"}],"wp:attachment":[{"href":"https:\/\/hubsch-interior.com\/fr\/wp-json\/wp\/v2\/media?parent=879418"}],"wp:term":[{"taxonomy":"product_brand","embeddable":true,"href":"https:\/\/hubsch-interior.com\/fr\/wp-json\/wp\/v2\/product_brand?post=879418"},{"taxonomy":"product_cat","embeddable":true,"href":"https:\/\/hubsch-interior.com\/fr\/wp-json\/wp\/v2\/product_cat?post=879418"},{"taxonomy":"product_tag","embeddable":true,"href":"https:\/\/hubsch-interior.com\/fr\/wp-json\/wp\/v2\/product_tag?post=879418"}],"curies":[{"name":"wp","href":"https:\/\/api.w.org\/{rel}","templated":true}]}}