{"id":879698,"date":"2023-02-20T08:37:39","date_gmt":"2023-02-20T07:37:39","guid":{"rendered":"https:\/\/hubsch-interior.com\/product\/product\/"},"modified":"2026-04-09T04:26:23","modified_gmt":"2026-04-09T02:26:23","slug":"amare-bidon-avec-couvercle-large-burgundy-rouge","status":"publish","type":"product","link":"https:\/\/hubsch-interior.com\/fr\/produit\/amare-bidon-avec-couvercle-large-burgundy-rouge\/","title":{"rendered":"Amare Bidon Avec Couvercle Large Burgundy\/Rouge"},"content":{"rendered":"<p>L&#8217;une de nos activit\u00e9s pr\u00e9f\u00e9r\u00e9es est de porter un nouveau regard sur les objets du quotidien : une nouvelle expression de style, une nouvelle couleur ou une nouvelle forme. Et c&#8217;est pour toutes ces raisons que nous avons imagin\u00e9 notre bo\u00eete Amare de couleur bordeaux et rouge. Cette \u00e9l\u00e9gante bo\u00eete avec couvercle est le r\u00e9cipient de stockage id\u00e9al pour beaucoup d&#8217;aliments comme les fruits secs, les p\u00e2tes ou les c\u00e9r\u00e9ales. Et puis, elle offre une option de rangement parfaite pour apporter du sens et de la logique \u00e0 votre espace de bureau, o\u00f9 l&#8217;ordre et le chaos cohabitent souvent dans une belle harmonie.<\/p>\n","protected":false},"excerpt":{"rendered":"<p>L&#8217;une de nos activit\u00e9s pr\u00e9f\u00e9r\u00e9es est de porter un nouveau regard sur les objets du quotidien : une nouvelle expression de style, une nouvelle couleur ou une nouvelle forme. Et c&#8217;est pour toutes ces raisons que nous avons imagin\u00e9 notre bo\u00eete Amare de couleur bordeaux et rouge. Cette \u00e9l\u00e9gante bo\u00eete avec couvercle est le r\u00e9cipient [&hellip;]<\/p>\n","protected":false},"featured_media":1096027,"template":"","meta":{"_acf_changed":false,"inline_featured_image":false},"product_brand":[],"product_cat":[4053,6673,3428,4932,3110,6535,7047,6582,6971,4095],"product_tag":[],"class_list":{"0":"post-879698","1":"product","2":"type-product","3":"status-publish","4":"has-post-thumbnail","6":"product_cat-accessoires-de-cuisine-fr","7":"product_cat-amare-vaisselle-fr","8":"product_cat-bocaux-fr","9":"product_cat-bocaux-de-cuisine-fr","10":"product_cat-espace-de-rangement-fr","11":"product_cat-outlet-fr","12":"product_cat-rangement-de-cuisine-fr","13":"product_cat-rekindle-collection-fr","14":"product_cat-paques","15":"product_cat-vaisselle-fr","16":"product_shipping_class-pk","18":"pa_color-burgundy-fr","19":"pa_color-rouge-2","20":"pa_material-stone-powder-100-3","22":"first","23":"instock","24":"sale","25":"taxable","26":"shipping-taxable","27":"purchasable","28":"product-type-simple"},"exclude_global_add_ons":[],"addons":[],"acf":[],"yoast_head":"<!-- This site is optimized with the Yoast SEO plugin v26.4 - https:\/\/yoast.com\/wordpress\/plugins\/seo\/ -->\n<title>Amare Bidon Avec Couvercle Large Burgundy\/Rouge - H\u00fcbsch<\/title>\n<meta name=\"description\" content=\"L&#039;une de nos activit\u00e9s pr\u00e9f\u00e9r\u00e9es est de porter un nouveau regard sur les objets du quotidien : une nouvelle expression de style, une nouvelle couleur ou\" \/>\n<meta name=\"robots\" content=\"index, follow, max-snippet:-1, max-image-preview:large, max-video-preview:-1\" \/>\n<link rel=\"canonical\" href=\"https:\/\/hubsch-interior.com\/fr\/wp-json\/wp\/v2\/product\/879698\" \/>\n<meta property=\"og:locale\" content=\"fr_FR\" \/>\n<meta property=\"og:type\" content=\"article\" \/>\n<meta property=\"og:title\" content=\"Amare Bidon Avec Couvercle Large Burgundy\/Rouge - H\u00fcbsch\" \/>\n<meta property=\"og:description\" content=\"L&#039;une de nos activit\u00e9s pr\u00e9f\u00e9r\u00e9es est de porter un nouveau regard sur les objets du quotidien : une nouvelle expression de style, une nouvelle couleur ou\" \/>\n<meta property=\"og:url\" content=\"https:\/\/hubsch-interior.com\/fr\/produit\/amare-bidon-avec-couvercle-large-burgundy-rouge\/\" \/>\n<meta property=\"og:site_name\" content=\"H\u00fcbsch\" \/>\n<meta property=\"article:modified_time\" content=\"2026-04-09T02:26:23+00:00\" \/>\n<meta property=\"og:image\" content=\"https:\/\/hubsch-interior.com\/wp-content\/uploads\/2023\/08\/amare-canister-with-lid-large-burgundyred-b9426e77db91088bd0bd92fa283fb563.jpg\" \/>\n\t<meta property=\"og:image:width\" content=\"1200\" \/>\n\t<meta property=\"og:image:height\" content=\"1200\" \/>\n\t<meta property=\"og:image:type\" content=\"image\/jpeg\" \/>\n<meta name=\"twitter:card\" content=\"summary_large_image\" \/>\n<meta name=\"twitter:label1\" content=\"Dur\u00e9e de lecture estim\u00e9e\" \/>\n\t<meta name=\"twitter:data1\" content=\"1 minute\" \/>\n<script type=\"application\/ld+json\" class=\"yoast-schema-graph\">{\"@context\":\"https:\/\/schema.org\",\"@graph\":[{\"@type\":\"WebPage\",\"@id\":\"https:\/\/hubsch-interior.com\/fr\/produit\/amare-bidon-avec-couvercle-large-burgundy-rouge\/\",\"url\":\"https:\/\/hubsch-interior.com\/fr\/produit\/amare-bidon-avec-couvercle-large-burgundy-rouge\/\",\"name\":\"Amare Bidon Avec Couvercle Large Burgundy\/Rouge - H\u00fcbsch\",\"isPartOf\":{\"@id\":\"https:\/\/hubsch-interior.com\/fr\/#website\"},\"primaryImageOfPage\":{\"@id\":\"https:\/\/hubsch-interior.com\/fr\/produit\/amare-bidon-avec-couvercle-large-burgundy-rouge\/#primaryimage\"},\"image\":{\"@id\":\"https:\/\/hubsch-interior.com\/fr\/produit\/amare-bidon-avec-couvercle-large-burgundy-rouge\/#primaryimage\"},\"thumbnailUrl\":\"https:\/\/hubsch-interior.com\/wp-content\/uploads\/2026\/02\/amare-canister-with-lid-large-burgundyred-42da1bdcb4973556718431642e6c85ee.jpg\",\"datePublished\":\"2023-02-20T07:37:39+00:00\",\"dateModified\":\"2026-04-09T02:26:23+00:00\",\"description\":\"L'une de nos activit\u00e9s pr\u00e9f\u00e9r\u00e9es est de porter un nouveau regard sur les objets du quotidien : une nouvelle expression de style, une nouvelle couleur ou\",\"breadcrumb\":{\"@id\":\"https:\/\/hubsch-interior.com\/fr\/produit\/amare-bidon-avec-couvercle-large-burgundy-rouge\/#breadcrumb\"},\"inLanguage\":\"fr-FR\",\"potentialAction\":[{\"@type\":\"ReadAction\",\"target\":[\"https:\/\/hubsch-interior.com\/fr\/produit\/amare-bidon-avec-couvercle-large-burgundy-rouge\/\"]}]},{\"@type\":\"ImageObject\",\"inLanguage\":\"fr-FR\",\"@id\":\"https:\/\/hubsch-interior.com\/fr\/produit\/amare-bidon-avec-couvercle-large-burgundy-rouge\/#primaryimage\",\"url\":\"https:\/\/hubsch-interior.com\/wp-content\/uploads\/2026\/02\/amare-canister-with-lid-large-burgundyred-42da1bdcb4973556718431642e6c85ee.jpg\",\"contentUrl\":\"https:\/\/hubsch-interior.com\/wp-content\/uploads\/2026\/02\/amare-canister-with-lid-large-burgundyred-42da1bdcb4973556718431642e6c85ee.jpg\",\"width\":1024,\"height\":1024},{\"@type\":\"BreadcrumbList\",\"@id\":\"https:\/\/hubsch-interior.com\/fr\/produit\/amare-bidon-avec-couvercle-large-burgundy-rouge\/#breadcrumb\",\"itemListElement\":[{\"@type\":\"ListItem\",\"position\":1,\"name\":\"Page d'accueil\",\"item\":\"https:\/\/hubsch-interior.com\/fr\/\"},{\"@type\":\"ListItem\",\"position\":2,\"name\":\"Produits\",\"item\":\"https:\/\/hubsch-interior.com\/fr\/shop-2\/\"},{\"@type\":\"ListItem\",\"position\":3,\"name\":\"Accessoires maison\",\"item\":\"https:\/\/hubsch-interior.com\/fr\/categorie-produit\/accessoires-maison\/\"},{\"@type\":\"ListItem\",\"position\":4,\"name\":\"Accessoires de cuisine\",\"item\":\"https:\/\/hubsch-interior.com\/fr\/categorie-produit\/accessoires-maison\/accessoires-de-cuisine-fr\/\"},{\"@type\":\"ListItem\",\"position\":5,\"name\":\"Vaisselle\",\"item\":\"https:\/\/hubsch-interior.com\/fr\/categorie-produit\/accessoires-maison\/accessoires-de-cuisine-fr\/vaisselle-fr\/\"},{\"@type\":\"ListItem\",\"position\":6,\"name\":\"Amare Bidon Avec Couvercle Large Burgundy\/Rouge\"}]},{\"@type\":\"WebSite\",\"@id\":\"https:\/\/hubsch-interior.com\/fr\/#website\",\"url\":\"https:\/\/hubsch-interior.com\/fr\/\",\"name\":\"H\u00fcbsch\",\"description\":\"Danish Home Interior and Design\",\"publisher\":{\"@id\":\"https:\/\/hubsch-interior.com\/fr\/#organization\"},\"potentialAction\":[{\"@type\":\"SearchAction\",\"target\":{\"@type\":\"EntryPoint\",\"urlTemplate\":\"https:\/\/hubsch-interior.com\/fr\/?s={search_term_string}\"},\"query-input\":{\"@type\":\"PropertyValueSpecification\",\"valueRequired\":true,\"valueName\":\"search_term_string\"}}],\"inLanguage\":\"fr-FR\"},{\"@type\":\"Organization\",\"@id\":\"https:\/\/hubsch-interior.com\/fr\/#organization\",\"name\":\"H\u00fcbsch\",\"url\":\"https:\/\/hubsch-interior.com\/fr\/\",\"logo\":{\"@type\":\"ImageObject\",\"inLanguage\":\"fr-FR\",\"@id\":\"https:\/\/hubsch-interior.com\/fr\/#\/schema\/logo\/image\/\",\"url\":\"https:\/\/hubsch-interior.com\/wp-content\/uploads\/2022\/12\/Hubsch_logo_black_one_line.svg\",\"contentUrl\":\"https:\/\/hubsch-interior.com\/wp-content\/uploads\/2022\/12\/Hubsch_logo_black_one_line.svg\",\"caption\":\"H\u00fcbsch\"},\"image\":{\"@id\":\"https:\/\/hubsch-interior.com\/fr\/#\/schema\/logo\/image\/\"}}]}<\/script>\n<!-- \/ Yoast SEO plugin. -->","yoast_head_json":{"title":"Amare Bidon Avec Couvercle Large Burgundy\/Rouge - H\u00fcbsch","description":"L'une de nos activit\u00e9s pr\u00e9f\u00e9r\u00e9es est de porter un nouveau regard sur les objets du quotidien : une nouvelle expression de style, une nouvelle couleur ou","robots":{"index":"index","follow":"follow","max-snippet":"max-snippet:-1","max-image-preview":"max-image-preview:large","max-video-preview":"max-video-preview:-1"},"canonical":"https:\/\/hubsch-interior.com\/fr\/wp-json\/wp\/v2\/product\/879698","og_locale":"fr_FR","og_type":"article","og_title":"Amare Bidon Avec Couvercle Large Burgundy\/Rouge - H\u00fcbsch","og_description":"L'une de nos activit\u00e9s pr\u00e9f\u00e9r\u00e9es est de porter un nouveau regard sur les objets du quotidien : une nouvelle expression de style, une nouvelle couleur ou","og_url":"https:\/\/hubsch-interior.com\/fr\/produit\/amare-bidon-avec-couvercle-large-burgundy-rouge\/","og_site_name":"H\u00fcbsch","article_modified_time":"2026-04-09T02:26:23+00:00","og_image":[{"width":1200,"height":1200,"url":"https:\/\/hubsch-interior.com\/wp-content\/uploads\/2023\/08\/amare-canister-with-lid-large-burgundyred-b9426e77db91088bd0bd92fa283fb563.jpg","type":"image\/jpeg"}],"twitter_card":"summary_large_image","twitter_misc":{"Dur\u00e9e de lecture estim\u00e9e":"1 minute"},"schema":{"@context":"https:\/\/schema.org","@graph":[{"@type":"WebPage","@id":"https:\/\/hubsch-interior.com\/fr\/produit\/amare-bidon-avec-couvercle-large-burgundy-rouge\/","url":"https:\/\/hubsch-interior.com\/fr\/produit\/amare-bidon-avec-couvercle-large-burgundy-rouge\/","name":"Amare Bidon Avec Couvercle Large Burgundy\/Rouge - H\u00fcbsch","isPartOf":{"@id":"https:\/\/hubsch-interior.com\/fr\/#website"},"primaryImageOfPage":{"@id":"https:\/\/hubsch-interior.com\/fr\/produit\/amare-bidon-avec-couvercle-large-burgundy-rouge\/#primaryimage"},"image":{"@id":"https:\/\/hubsch-interior.com\/fr\/produit\/amare-bidon-avec-couvercle-large-burgundy-rouge\/#primaryimage"},"thumbnailUrl":"https:\/\/hubsch-interior.com\/wp-content\/uploads\/2026\/02\/amare-canister-with-lid-large-burgundyred-42da1bdcb4973556718431642e6c85ee.jpg","datePublished":"2023-02-20T07:37:39+00:00","dateModified":"2026-04-09T02:26:23+00:00","description":"L'une de nos activit\u00e9s pr\u00e9f\u00e9r\u00e9es est de porter un nouveau regard sur les objets du quotidien : une nouvelle expression de style, une nouvelle couleur ou","breadcrumb":{"@id":"https:\/\/hubsch-interior.com\/fr\/produit\/amare-bidon-avec-couvercle-large-burgundy-rouge\/#breadcrumb"},"inLanguage":"fr-FR","potentialAction":[{"@type":"ReadAction","target":["https:\/\/hubsch-interior.com\/fr\/produit\/amare-bidon-avec-couvercle-large-burgundy-rouge\/"]}]},{"@type":"ImageObject","inLanguage":"fr-FR","@id":"https:\/\/hubsch-interior.com\/fr\/produit\/amare-bidon-avec-couvercle-large-burgundy-rouge\/#primaryimage","url":"https:\/\/hubsch-interior.com\/wp-content\/uploads\/2026\/02\/amare-canister-with-lid-large-burgundyred-42da1bdcb4973556718431642e6c85ee.jpg","contentUrl":"https:\/\/hubsch-interior.com\/wp-content\/uploads\/2026\/02\/amare-canister-with-lid-large-burgundyred-42da1bdcb4973556718431642e6c85ee.jpg","width":1024,"height":1024},{"@type":"BreadcrumbList","@id":"https:\/\/hubsch-interior.com\/fr\/produit\/amare-bidon-avec-couvercle-large-burgundy-rouge\/#breadcrumb","itemListElement":[{"@type":"ListItem","position":1,"name":"Page d'accueil","item":"https:\/\/hubsch-interior.com\/fr\/"},{"@type":"ListItem","position":2,"name":"Produits","item":"https:\/\/hubsch-interior.com\/fr\/shop-2\/"},{"@type":"ListItem","position":3,"name":"Accessoires maison","item":"https:\/\/hubsch-interior.com\/fr\/categorie-produit\/accessoires-maison\/"},{"@type":"ListItem","position":4,"name":"Accessoires de cuisine","item":"https:\/\/hubsch-interior.com\/fr\/categorie-produit\/accessoires-maison\/accessoires-de-cuisine-fr\/"},{"@type":"ListItem","position":5,"name":"Vaisselle","item":"https:\/\/hubsch-interior.com\/fr\/categorie-produit\/accessoires-maison\/accessoires-de-cuisine-fr\/vaisselle-fr\/"},{"@type":"ListItem","position":6,"name":"Amare Bidon Avec Couvercle Large Burgundy\/Rouge"}]},{"@type":"WebSite","@id":"https:\/\/hubsch-interior.com\/fr\/#website","url":"https:\/\/hubsch-interior.com\/fr\/","name":"H\u00fcbsch","description":"Danish Home Interior and Design","publisher":{"@id":"https:\/\/hubsch-interior.com\/fr\/#organization"},"potentialAction":[{"@type":"SearchAction","target":{"@type":"EntryPoint","urlTemplate":"https:\/\/hubsch-interior.com\/fr\/?s={search_term_string}"},"query-input":{"@type":"PropertyValueSpecification","valueRequired":true,"valueName":"search_term_string"}}],"inLanguage":"fr-FR"},{"@type":"Organization","@id":"https:\/\/hubsch-interior.com\/fr\/#organization","name":"H\u00fcbsch","url":"https:\/\/hubsch-interior.com\/fr\/","logo":{"@type":"ImageObject","inLanguage":"fr-FR","@id":"https:\/\/hubsch-interior.com\/fr\/#\/schema\/logo\/image\/","url":"https:\/\/hubsch-interior.com\/wp-content\/uploads\/2022\/12\/Hubsch_logo_black_one_line.svg","contentUrl":"https:\/\/hubsch-interior.com\/wp-content\/uploads\/2022\/12\/Hubsch_logo_black_one_line.svg","caption":"H\u00fcbsch"},"image":{"@id":"https:\/\/hubsch-interior.com\/fr\/#\/schema\/logo\/image\/"}}]}},"_links":{"self":[{"href":"https:\/\/hubsch-interior.com\/fr\/wp-json\/wp\/v2\/product\/879698","targetHints":{"allow":["GET"]}}],"collection":[{"href":"https:\/\/hubsch-interior.com\/fr\/wp-json\/wp\/v2\/product"}],"about":[{"href":"https:\/\/hubsch-interior.com\/fr\/wp-json\/wp\/v2\/types\/product"}],"wp:featuredmedia":[{"embeddable":true,"href":"https:\/\/hubsch-interior.com\/fr\/wp-json\/wp\/v2\/media\/1096027"}],"wp:attachment":[{"href":"https:\/\/hubsch-interior.com\/fr\/wp-json\/wp\/v2\/media?parent=879698"}],"wp:term":[{"taxonomy":"product_brand","embeddable":true,"href":"https:\/\/hubsch-interior.com\/fr\/wp-json\/wp\/v2\/product_brand?post=879698"},{"taxonomy":"product_cat","embeddable":true,"href":"https:\/\/hubsch-interior.com\/fr\/wp-json\/wp\/v2\/product_cat?post=879698"},{"taxonomy":"product_tag","embeddable":true,"href":"https:\/\/hubsch-interior.com\/fr\/wp-json\/wp\/v2\/product_tag?post=879698"}],"curies":[{"name":"wp","href":"https:\/\/api.w.org\/{rel}","templated":true}]}}