{"id":879742,"date":"2023-02-20T08:37:46","date_gmt":"2023-02-20T07:37:46","guid":{"rendered":"https:\/\/hubsch-interior.com\/product\/product\/"},"modified":"2026-04-09T04:26:31","modified_gmt":"2026-04-09T02:26:31","slug":"amare-organiseur-de-bureau-small-sable-vert","status":"publish","type":"product","link":"https:\/\/hubsch-interior.com\/fr\/produit\/amare-organiseur-de-bureau-small-sable-vert\/","title":{"rendered":"Amare Organiseur de bureau Small Sable\/Vert"},"content":{"rendered":"<p>Cet organisateur de bureau en c\u00e9ramique est un objet imagin\u00e9 pour tous ceux qui aiment allier le rangement \u00e0 l&#8217;esth\u00e9tisme. La sublime combinaison de couleurs vert et beige sable embellira votre espace et sa forme incurv\u00e9e offre une certaine douceur tout en respectant sa fonction premi\u00e8re \u00e0 savoir, \u00eatre un endroit pour y d\u00e9poser toutes les petites choses qui tra\u00eenent.<\/p>\n","protected":false},"excerpt":{"rendered":"<p>Cet organisateur de bureau en c\u00e9ramique est un objet imagin\u00e9 pour tous ceux qui aiment allier le rangement \u00e0 l&#8217;esth\u00e9tisme. La sublime combinaison de couleurs vert et beige sable embellira votre espace et sa forme incurv\u00e9e offre une certaine douceur tout en respectant sa fonction premi\u00e8re \u00e0 savoir, \u00eatre un endroit pour y d\u00e9poser toutes [&hellip;]<\/p>\n","protected":false},"featured_media":1113980,"template":"","meta":{"_acf_changed":false,"inline_featured_image":false},"product_brand":[],"product_cat":[7028,7047,7027,6582,6673,4053,4095,4932,3110,3428,4153,4960,5030],"product_tag":[],"class_list":{"0":"post-879742","1":"product","2":"type-product","3":"status-publish","4":"has-post-thumbnail","6":"product_cat-plateaux-et-assiettes-de-service-fr","7":"product_cat-rangement-de-cuisine-fr","8":"product_cat-vaisselle-fr-2","9":"product_cat-rekindle-collection-fr","10":"product_cat-amare-vaisselle-fr","11":"product_cat-accessoires-de-cuisine-fr","12":"product_cat-vaisselle-fr","13":"product_cat-bocaux-de-cuisine-fr","14":"product_cat-espace-de-rangement-fr","15":"product_cat-bocaux-fr","16":"product_cat-espace-de-travail-fr","17":"product_cat-rangement-fr","18":"product_cat-de-nouveau-en-stock-fr","19":"product_shipping_class-pk","21":"pa_color-sable","22":"pa_color-vert-2","23":"pa_material-stone-powder-100-3","25":"first","26":"instock","27":"taxable","28":"shipping-taxable","29":"purchasable","30":"product-type-simple"},"exclude_global_add_ons":[],"addons":[],"acf":[],"yoast_head":"<!-- This site is optimized with the Yoast SEO plugin v26.4 - https:\/\/yoast.com\/wordpress\/plugins\/seo\/ -->\n<title>Amare Organiseur de bureau Small Sable\/Vert - H\u00fcbsch<\/title>\n<meta name=\"description\" content=\"Cet organisateur de bureau en c\u00e9ramique est un objet imagin\u00e9 pour tous ceux qui aiment allier le rangement \u00e0 l&#039;esth\u00e9tisme. La sublime combinaison de\" \/>\n<meta name=\"robots\" content=\"index, follow, max-snippet:-1, max-image-preview:large, max-video-preview:-1\" \/>\n<link rel=\"canonical\" href=\"https:\/\/hubsch-interior.com\/fr\/wp-json\/wp\/v2\/product\/879742\" \/>\n<meta property=\"og:locale\" content=\"fr_FR\" \/>\n<meta property=\"og:type\" content=\"article\" \/>\n<meta property=\"og:title\" content=\"Amare Organiseur de bureau Small Sable\/Vert - H\u00fcbsch\" \/>\n<meta property=\"og:description\" content=\"Cet organisateur de bureau en c\u00e9ramique est un objet imagin\u00e9 pour tous ceux qui aiment allier le rangement \u00e0 l&#039;esth\u00e9tisme. La sublime combinaison de\" \/>\n<meta property=\"og:url\" content=\"https:\/\/hubsch-interior.com\/fr\/produit\/amare-organiseur-de-bureau-small-sable-vert\/\" \/>\n<meta property=\"og:site_name\" content=\"H\u00fcbsch\" \/>\n<meta property=\"article:modified_time\" content=\"2026-04-09T02:26:31+00:00\" \/>\n<meta property=\"og:image\" content=\"https:\/\/hubsch-interior.com\/wp-content\/uploads\/2025\/06\/amare-desk-organiser-small-sandgreen-e066c44e5ce61887a19e69391beb7e9a.jpg\" \/>\n\t<meta property=\"og:image:width\" content=\"1200\" \/>\n\t<meta property=\"og:image:height\" content=\"1200\" \/>\n\t<meta property=\"og:image:type\" content=\"image\/jpeg\" \/>\n<meta name=\"twitter:card\" content=\"summary_large_image\" \/>\n<script type=\"application\/ld+json\" class=\"yoast-schema-graph\">{\"@context\":\"https:\/\/schema.org\",\"@graph\":[{\"@type\":\"WebPage\",\"@id\":\"https:\/\/hubsch-interior.com\/fr\/produit\/amare-organiseur-de-bureau-small-sable-vert\/\",\"url\":\"https:\/\/hubsch-interior.com\/fr\/produit\/amare-organiseur-de-bureau-small-sable-vert\/\",\"name\":\"Amare Organiseur de bureau Small Sable\/Vert - H\u00fcbsch\",\"isPartOf\":{\"@id\":\"https:\/\/hubsch-interior.com\/fr\/#website\"},\"primaryImageOfPage\":{\"@id\":\"https:\/\/hubsch-interior.com\/fr\/produit\/amare-organiseur-de-bureau-small-sable-vert\/#primaryimage\"},\"image\":{\"@id\":\"https:\/\/hubsch-interior.com\/fr\/produit\/amare-organiseur-de-bureau-small-sable-vert\/#primaryimage\"},\"thumbnailUrl\":\"https:\/\/hubsch-interior.com\/wp-content\/uploads\/2026\/02\/amare-desk-organiser-small-sandgreen-a121f100733c3b7eab9dd4241fa4988e.jpg\",\"datePublished\":\"2023-02-20T07:37:46+00:00\",\"dateModified\":\"2026-04-09T02:26:31+00:00\",\"description\":\"Cet organisateur de bureau en c\u00e9ramique est un objet imagin\u00e9 pour tous ceux qui aiment allier le rangement \u00e0 l'esth\u00e9tisme. La sublime combinaison de\",\"breadcrumb\":{\"@id\":\"https:\/\/hubsch-interior.com\/fr\/produit\/amare-organiseur-de-bureau-small-sable-vert\/#breadcrumb\"},\"inLanguage\":\"fr-FR\",\"potentialAction\":[{\"@type\":\"ReadAction\",\"target\":[\"https:\/\/hubsch-interior.com\/fr\/produit\/amare-organiseur-de-bureau-small-sable-vert\/\"]}]},{\"@type\":\"ImageObject\",\"inLanguage\":\"fr-FR\",\"@id\":\"https:\/\/hubsch-interior.com\/fr\/produit\/amare-organiseur-de-bureau-small-sable-vert\/#primaryimage\",\"url\":\"https:\/\/hubsch-interior.com\/wp-content\/uploads\/2026\/02\/amare-desk-organiser-small-sandgreen-a121f100733c3b7eab9dd4241fa4988e.jpg\",\"contentUrl\":\"https:\/\/hubsch-interior.com\/wp-content\/uploads\/2026\/02\/amare-desk-organiser-small-sandgreen-a121f100733c3b7eab9dd4241fa4988e.jpg\",\"width\":1024,\"height\":1024},{\"@type\":\"BreadcrumbList\",\"@id\":\"https:\/\/hubsch-interior.com\/fr\/produit\/amare-organiseur-de-bureau-small-sable-vert\/#breadcrumb\",\"itemListElement\":[{\"@type\":\"ListItem\",\"position\":1,\"name\":\"Page d'accueil\",\"item\":\"https:\/\/hubsch-interior.com\/fr\/\"},{\"@type\":\"ListItem\",\"position\":2,\"name\":\"Produits\",\"item\":\"https:\/\/hubsch-interior.com\/fr\/shop-2\/\"},{\"@type\":\"ListItem\",\"position\":3,\"name\":\"Cuisine\",\"item\":\"https:\/\/hubsch-interior.com\/fr\/categorie-produit\/cuisine\/\"},{\"@type\":\"ListItem\",\"position\":4,\"name\":\"Vaisselle\",\"item\":\"https:\/\/hubsch-interior.com\/fr\/categorie-produit\/cuisine\/vaisselle-fr-2\/\"},{\"@type\":\"ListItem\",\"position\":5,\"name\":\"Plateaux et Assiettes de service\",\"item\":\"https:\/\/hubsch-interior.com\/fr\/categorie-produit\/cuisine\/vaisselle-fr-2\/plateaux-et-assiettes-de-service-fr\/\"},{\"@type\":\"ListItem\",\"position\":6,\"name\":\"Amare Organiseur de bureau Small Sable\/Vert\"}]},{\"@type\":\"WebSite\",\"@id\":\"https:\/\/hubsch-interior.com\/fr\/#website\",\"url\":\"https:\/\/hubsch-interior.com\/fr\/\",\"name\":\"H\u00fcbsch\",\"description\":\"Danish Home Interior and Design\",\"publisher\":{\"@id\":\"https:\/\/hubsch-interior.com\/fr\/#organization\"},\"potentialAction\":[{\"@type\":\"SearchAction\",\"target\":{\"@type\":\"EntryPoint\",\"urlTemplate\":\"https:\/\/hubsch-interior.com\/fr\/?s={search_term_string}\"},\"query-input\":{\"@type\":\"PropertyValueSpecification\",\"valueRequired\":true,\"valueName\":\"search_term_string\"}}],\"inLanguage\":\"fr-FR\"},{\"@type\":\"Organization\",\"@id\":\"https:\/\/hubsch-interior.com\/fr\/#organization\",\"name\":\"H\u00fcbsch\",\"url\":\"https:\/\/hubsch-interior.com\/fr\/\",\"logo\":{\"@type\":\"ImageObject\",\"inLanguage\":\"fr-FR\",\"@id\":\"https:\/\/hubsch-interior.com\/fr\/#\/schema\/logo\/image\/\",\"url\":\"https:\/\/hubsch-interior.com\/wp-content\/uploads\/2022\/12\/Hubsch_logo_black_one_line.svg\",\"contentUrl\":\"https:\/\/hubsch-interior.com\/wp-content\/uploads\/2022\/12\/Hubsch_logo_black_one_line.svg\",\"caption\":\"H\u00fcbsch\"},\"image\":{\"@id\":\"https:\/\/hubsch-interior.com\/fr\/#\/schema\/logo\/image\/\"}}]}<\/script>\n<!-- \/ Yoast SEO plugin. -->","yoast_head_json":{"title":"Amare Organiseur de bureau Small Sable\/Vert - H\u00fcbsch","description":"Cet organisateur de bureau en c\u00e9ramique est un objet imagin\u00e9 pour tous ceux qui aiment allier le rangement \u00e0 l'esth\u00e9tisme. La sublime combinaison de","robots":{"index":"index","follow":"follow","max-snippet":"max-snippet:-1","max-image-preview":"max-image-preview:large","max-video-preview":"max-video-preview:-1"},"canonical":"https:\/\/hubsch-interior.com\/fr\/wp-json\/wp\/v2\/product\/879742","og_locale":"fr_FR","og_type":"article","og_title":"Amare Organiseur de bureau Small Sable\/Vert - H\u00fcbsch","og_description":"Cet organisateur de bureau en c\u00e9ramique est un objet imagin\u00e9 pour tous ceux qui aiment allier le rangement \u00e0 l'esth\u00e9tisme. La sublime combinaison de","og_url":"https:\/\/hubsch-interior.com\/fr\/produit\/amare-organiseur-de-bureau-small-sable-vert\/","og_site_name":"H\u00fcbsch","article_modified_time":"2026-04-09T02:26:31+00:00","og_image":[{"width":1200,"height":1200,"url":"https:\/\/hubsch-interior.com\/wp-content\/uploads\/2025\/06\/amare-desk-organiser-small-sandgreen-e066c44e5ce61887a19e69391beb7e9a.jpg","type":"image\/jpeg"}],"twitter_card":"summary_large_image","schema":{"@context":"https:\/\/schema.org","@graph":[{"@type":"WebPage","@id":"https:\/\/hubsch-interior.com\/fr\/produit\/amare-organiseur-de-bureau-small-sable-vert\/","url":"https:\/\/hubsch-interior.com\/fr\/produit\/amare-organiseur-de-bureau-small-sable-vert\/","name":"Amare Organiseur de bureau Small Sable\/Vert - H\u00fcbsch","isPartOf":{"@id":"https:\/\/hubsch-interior.com\/fr\/#website"},"primaryImageOfPage":{"@id":"https:\/\/hubsch-interior.com\/fr\/produit\/amare-organiseur-de-bureau-small-sable-vert\/#primaryimage"},"image":{"@id":"https:\/\/hubsch-interior.com\/fr\/produit\/amare-organiseur-de-bureau-small-sable-vert\/#primaryimage"},"thumbnailUrl":"https:\/\/hubsch-interior.com\/wp-content\/uploads\/2026\/02\/amare-desk-organiser-small-sandgreen-a121f100733c3b7eab9dd4241fa4988e.jpg","datePublished":"2023-02-20T07:37:46+00:00","dateModified":"2026-04-09T02:26:31+00:00","description":"Cet organisateur de bureau en c\u00e9ramique est un objet imagin\u00e9 pour tous ceux qui aiment allier le rangement \u00e0 l'esth\u00e9tisme. La sublime combinaison de","breadcrumb":{"@id":"https:\/\/hubsch-interior.com\/fr\/produit\/amare-organiseur-de-bureau-small-sable-vert\/#breadcrumb"},"inLanguage":"fr-FR","potentialAction":[{"@type":"ReadAction","target":["https:\/\/hubsch-interior.com\/fr\/produit\/amare-organiseur-de-bureau-small-sable-vert\/"]}]},{"@type":"ImageObject","inLanguage":"fr-FR","@id":"https:\/\/hubsch-interior.com\/fr\/produit\/amare-organiseur-de-bureau-small-sable-vert\/#primaryimage","url":"https:\/\/hubsch-interior.com\/wp-content\/uploads\/2026\/02\/amare-desk-organiser-small-sandgreen-a121f100733c3b7eab9dd4241fa4988e.jpg","contentUrl":"https:\/\/hubsch-interior.com\/wp-content\/uploads\/2026\/02\/amare-desk-organiser-small-sandgreen-a121f100733c3b7eab9dd4241fa4988e.jpg","width":1024,"height":1024},{"@type":"BreadcrumbList","@id":"https:\/\/hubsch-interior.com\/fr\/produit\/amare-organiseur-de-bureau-small-sable-vert\/#breadcrumb","itemListElement":[{"@type":"ListItem","position":1,"name":"Page d'accueil","item":"https:\/\/hubsch-interior.com\/fr\/"},{"@type":"ListItem","position":2,"name":"Produits","item":"https:\/\/hubsch-interior.com\/fr\/shop-2\/"},{"@type":"ListItem","position":3,"name":"Cuisine","item":"https:\/\/hubsch-interior.com\/fr\/categorie-produit\/cuisine\/"},{"@type":"ListItem","position":4,"name":"Vaisselle","item":"https:\/\/hubsch-interior.com\/fr\/categorie-produit\/cuisine\/vaisselle-fr-2\/"},{"@type":"ListItem","position":5,"name":"Plateaux et Assiettes de service","item":"https:\/\/hubsch-interior.com\/fr\/categorie-produit\/cuisine\/vaisselle-fr-2\/plateaux-et-assiettes-de-service-fr\/"},{"@type":"ListItem","position":6,"name":"Amare Organiseur de bureau Small Sable\/Vert"}]},{"@type":"WebSite","@id":"https:\/\/hubsch-interior.com\/fr\/#website","url":"https:\/\/hubsch-interior.com\/fr\/","name":"H\u00fcbsch","description":"Danish Home Interior and Design","publisher":{"@id":"https:\/\/hubsch-interior.com\/fr\/#organization"},"potentialAction":[{"@type":"SearchAction","target":{"@type":"EntryPoint","urlTemplate":"https:\/\/hubsch-interior.com\/fr\/?s={search_term_string}"},"query-input":{"@type":"PropertyValueSpecification","valueRequired":true,"valueName":"search_term_string"}}],"inLanguage":"fr-FR"},{"@type":"Organization","@id":"https:\/\/hubsch-interior.com\/fr\/#organization","name":"H\u00fcbsch","url":"https:\/\/hubsch-interior.com\/fr\/","logo":{"@type":"ImageObject","inLanguage":"fr-FR","@id":"https:\/\/hubsch-interior.com\/fr\/#\/schema\/logo\/image\/","url":"https:\/\/hubsch-interior.com\/wp-content\/uploads\/2022\/12\/Hubsch_logo_black_one_line.svg","contentUrl":"https:\/\/hubsch-interior.com\/wp-content\/uploads\/2022\/12\/Hubsch_logo_black_one_line.svg","caption":"H\u00fcbsch"},"image":{"@id":"https:\/\/hubsch-interior.com\/fr\/#\/schema\/logo\/image\/"}}]}},"_links":{"self":[{"href":"https:\/\/hubsch-interior.com\/fr\/wp-json\/wp\/v2\/product\/879742","targetHints":{"allow":["GET"]}}],"collection":[{"href":"https:\/\/hubsch-interior.com\/fr\/wp-json\/wp\/v2\/product"}],"about":[{"href":"https:\/\/hubsch-interior.com\/fr\/wp-json\/wp\/v2\/types\/product"}],"wp:featuredmedia":[{"embeddable":true,"href":"https:\/\/hubsch-interior.com\/fr\/wp-json\/wp\/v2\/media\/1113980"}],"wp:attachment":[{"href":"https:\/\/hubsch-interior.com\/fr\/wp-json\/wp\/v2\/media?parent=879742"}],"wp:term":[{"taxonomy":"product_brand","embeddable":true,"href":"https:\/\/hubsch-interior.com\/fr\/wp-json\/wp\/v2\/product_brand?post=879742"},{"taxonomy":"product_cat","embeddable":true,"href":"https:\/\/hubsch-interior.com\/fr\/wp-json\/wp\/v2\/product_cat?post=879742"},{"taxonomy":"product_tag","embeddable":true,"href":"https:\/\/hubsch-interior.com\/fr\/wp-json\/wp\/v2\/product_tag?post=879742"}],"curies":[{"name":"wp","href":"https:\/\/api.w.org\/{rel}","templated":true}]}}