{"id":879822,"date":"2023-02-20T08:37:58","date_gmt":"2023-02-20T07:37:58","guid":{"rendered":"https:\/\/hubsch-interior.com\/product\/product\/"},"modified":"2026-04-09T04:26:46","modified_gmt":"2026-04-09T02:26:46","slug":"amare-tasse-soucoupe-bleu-claire-marron","status":"publish","type":"product","link":"https:\/\/hubsch-interior.com\/fr\/produit\/amare-tasse-soucoupe-bleu-claire-marron\/","title":{"rendered":"Amare Tasse\/Soucoupe Bleu claire\/Marron"},"content":{"rendered":"<p>D\u00e9couvrez ce duo d&#8217;inspiration r\u00e9tro pour l&#8217;amateur passionn\u00e9 de th\u00e9 ou de caf\u00e9 ! Si vous \u00eates un fan de design, ces deux objets en c\u00e9ramique ont \u00e9t\u00e9 imagin\u00e9 pour vous ! Observez cette combinaison de couleurs bleu clair et marron et la brillance de cet ensemble ; il vous inspirera dans votre routine, g\u00e9n\u00e8rera de l&#8217;\u00e9nergie et du bonheur que ce soit le matin ou l&#8217;apr\u00e8s-midi &#8211; D\u00e9gustez et arr\u00eatez le temps. Convient pour un lavage au lave-vaisselle.<\/p>\n","protected":false},"excerpt":{"rendered":"<p>D\u00e9couvrez ce duo d&#8217;inspiration r\u00e9tro pour l&#8217;amateur passionn\u00e9 de th\u00e9 ou de caf\u00e9 ! Si vous \u00eates un fan de design, ces deux objets en c\u00e9ramique ont \u00e9t\u00e9 imagin\u00e9 pour vous ! Observez cette combinaison de couleurs bleu clair et marron et la brillance de cet ensemble ; il vous inspirera dans votre routine, g\u00e9n\u00e8rera [&hellip;]<\/p>\n","protected":false},"featured_media":1114312,"template":"","meta":{"_acf_changed":false,"inline_featured_image":false},"product_brand":[],"product_cat":[6971,7027,7033,6582,6673,4053,4095,5026,6535],"product_tag":[],"class_list":{"0":"post-879822","1":"product","2":"type-product","3":"status-publish","4":"has-post-thumbnail","6":"product_cat-paques","7":"product_cat-vaisselle-fr-2","8":"product_cat-verres-et-carafes-fr","9":"product_cat-rekindle-collection-fr","10":"product_cat-amare-vaisselle-fr","11":"product_cat-accessoires-de-cuisine-fr","12":"product_cat-vaisselle-fr","13":"product_cat-bestsellers-fr","14":"product_cat-outlet-fr","15":"product_shipping_class-pk","17":"pa_color-marron","18":"pa_color-bleu-claire-2","19":"pa_material-stone-powder-100-3","21":"first","22":"instock","23":"sale","24":"featured","25":"taxable","26":"shipping-taxable","27":"purchasable","28":"product-type-simple"},"exclude_global_add_ons":[],"addons":[],"acf":[],"yoast_head":"<!-- This site is optimized with the Yoast SEO plugin v26.4 - https:\/\/yoast.com\/wordpress\/plugins\/seo\/ -->\n<title>Amare Tasse\/Soucoupe Bleu claire\/Marron - H\u00fcbsch<\/title>\n<meta name=\"description\" content=\"D\u00e9couvrez ce duo d&#039;inspiration r\u00e9tro pour l&#039;amateur passionn\u00e9 de th\u00e9 ou de caf\u00e9 ! Si vous \u00eates un fan de design, ces deux objets en c\u00e9ramique ont \u00e9t\u00e9\" \/>\n<meta name=\"robots\" content=\"index, follow, max-snippet:-1, max-image-preview:large, max-video-preview:-1\" \/>\n<link rel=\"canonical\" href=\"https:\/\/hubsch-interior.com\/fr\/wp-json\/wp\/v2\/product\/879822\" \/>\n<meta property=\"og:locale\" content=\"fr_FR\" \/>\n<meta property=\"og:type\" content=\"article\" \/>\n<meta property=\"og:title\" content=\"Amare Tasse\/Soucoupe Bleu claire\/Marron - H\u00fcbsch\" \/>\n<meta property=\"og:description\" content=\"D\u00e9couvrez ce duo d&#039;inspiration r\u00e9tro pour l&#039;amateur passionn\u00e9 de th\u00e9 ou de caf\u00e9 ! Si vous \u00eates un fan de design, ces deux objets en c\u00e9ramique ont \u00e9t\u00e9\" \/>\n<meta property=\"og:url\" content=\"https:\/\/hubsch-interior.com\/fr\/produit\/amare-tasse-soucoupe-bleu-claire-marron\/\" \/>\n<meta property=\"og:site_name\" content=\"H\u00fcbsch\" \/>\n<meta property=\"article:modified_time\" content=\"2026-04-09T02:26:46+00:00\" \/>\n<meta property=\"og:image\" content=\"https:\/\/hubsch-interior.com\/wp-content\/uploads\/2023\/11\/amare-cupsaucer-light-bluebrown-set-of-2-c58352b87ada2763e6517062b3737e6b.jpg\" \/>\n\t<meta property=\"og:image:width\" content=\"1200\" \/>\n\t<meta property=\"og:image:height\" content=\"1200\" \/>\n\t<meta property=\"og:image:type\" content=\"image\/jpeg\" \/>\n<meta name=\"twitter:card\" content=\"summary_large_image\" \/>\n<script type=\"application\/ld+json\" class=\"yoast-schema-graph\">{\"@context\":\"https:\/\/schema.org\",\"@graph\":[{\"@type\":\"WebPage\",\"@id\":\"https:\/\/hubsch-interior.com\/fr\/produit\/amare-tasse-soucoupe-bleu-claire-marron\/\",\"url\":\"https:\/\/hubsch-interior.com\/fr\/produit\/amare-tasse-soucoupe-bleu-claire-marron\/\",\"name\":\"Amare Tasse\/Soucoupe Bleu claire\/Marron - H\u00fcbsch\",\"isPartOf\":{\"@id\":\"https:\/\/hubsch-interior.com\/fr\/#website\"},\"primaryImageOfPage\":{\"@id\":\"https:\/\/hubsch-interior.com\/fr\/produit\/amare-tasse-soucoupe-bleu-claire-marron\/#primaryimage\"},\"image\":{\"@id\":\"https:\/\/hubsch-interior.com\/fr\/produit\/amare-tasse-soucoupe-bleu-claire-marron\/#primaryimage\"},\"thumbnailUrl\":\"https:\/\/hubsch-interior.com\/wp-content\/uploads\/2026\/02\/amare-cupsaucer-light-bluebrown-1ad09121bd07877200f3e99c77007bbb.jpg\",\"datePublished\":\"2023-02-20T07:37:58+00:00\",\"dateModified\":\"2026-04-09T02:26:46+00:00\",\"description\":\"D\u00e9couvrez ce duo d'inspiration r\u00e9tro pour l'amateur passionn\u00e9 de th\u00e9 ou de caf\u00e9 ! Si vous \u00eates un fan de design, ces deux objets en c\u00e9ramique ont \u00e9t\u00e9\",\"breadcrumb\":{\"@id\":\"https:\/\/hubsch-interior.com\/fr\/produit\/amare-tasse-soucoupe-bleu-claire-marron\/#breadcrumb\"},\"inLanguage\":\"fr-FR\",\"potentialAction\":[{\"@type\":\"ReadAction\",\"target\":[\"https:\/\/hubsch-interior.com\/fr\/produit\/amare-tasse-soucoupe-bleu-claire-marron\/\"]}]},{\"@type\":\"ImageObject\",\"inLanguage\":\"fr-FR\",\"@id\":\"https:\/\/hubsch-interior.com\/fr\/produit\/amare-tasse-soucoupe-bleu-claire-marron\/#primaryimage\",\"url\":\"https:\/\/hubsch-interior.com\/wp-content\/uploads\/2026\/02\/amare-cupsaucer-light-bluebrown-1ad09121bd07877200f3e99c77007bbb.jpg\",\"contentUrl\":\"https:\/\/hubsch-interior.com\/wp-content\/uploads\/2026\/02\/amare-cupsaucer-light-bluebrown-1ad09121bd07877200f3e99c77007bbb.jpg\",\"width\":1024,\"height\":1024},{\"@type\":\"BreadcrumbList\",\"@id\":\"https:\/\/hubsch-interior.com\/fr\/produit\/amare-tasse-soucoupe-bleu-claire-marron\/#breadcrumb\",\"itemListElement\":[{\"@type\":\"ListItem\",\"position\":1,\"name\":\"Page d'accueil\",\"item\":\"https:\/\/hubsch-interior.com\/fr\/\"},{\"@type\":\"ListItem\",\"position\":2,\"name\":\"Produits\",\"item\":\"https:\/\/hubsch-interior.com\/fr\/shop-2\/\"},{\"@type\":\"ListItem\",\"position\":3,\"name\":\"Cuisine\",\"item\":\"https:\/\/hubsch-interior.com\/fr\/categorie-produit\/cuisine\/\"},{\"@type\":\"ListItem\",\"position\":4,\"name\":\"Vaisselle\",\"item\":\"https:\/\/hubsch-interior.com\/fr\/categorie-produit\/cuisine\/vaisselle-fr-2\/\"},{\"@type\":\"ListItem\",\"position\":5,\"name\":\"Verres et Carafes\",\"item\":\"https:\/\/hubsch-interior.com\/fr\/categorie-produit\/cuisine\/vaisselle-fr-2\/verres-et-carafes-fr\/\"},{\"@type\":\"ListItem\",\"position\":6,\"name\":\"Amare Tasse\/Soucoupe Bleu claire\/Marron\"}]},{\"@type\":\"WebSite\",\"@id\":\"https:\/\/hubsch-interior.com\/fr\/#website\",\"url\":\"https:\/\/hubsch-interior.com\/fr\/\",\"name\":\"H\u00fcbsch\",\"description\":\"Danish Home Interior and Design\",\"publisher\":{\"@id\":\"https:\/\/hubsch-interior.com\/fr\/#organization\"},\"potentialAction\":[{\"@type\":\"SearchAction\",\"target\":{\"@type\":\"EntryPoint\",\"urlTemplate\":\"https:\/\/hubsch-interior.com\/fr\/?s={search_term_string}\"},\"query-input\":{\"@type\":\"PropertyValueSpecification\",\"valueRequired\":true,\"valueName\":\"search_term_string\"}}],\"inLanguage\":\"fr-FR\"},{\"@type\":\"Organization\",\"@id\":\"https:\/\/hubsch-interior.com\/fr\/#organization\",\"name\":\"H\u00fcbsch\",\"url\":\"https:\/\/hubsch-interior.com\/fr\/\",\"logo\":{\"@type\":\"ImageObject\",\"inLanguage\":\"fr-FR\",\"@id\":\"https:\/\/hubsch-interior.com\/fr\/#\/schema\/logo\/image\/\",\"url\":\"https:\/\/hubsch-interior.com\/wp-content\/uploads\/2022\/12\/Hubsch_logo_black_one_line.svg\",\"contentUrl\":\"https:\/\/hubsch-interior.com\/wp-content\/uploads\/2022\/12\/Hubsch_logo_black_one_line.svg\",\"caption\":\"H\u00fcbsch\"},\"image\":{\"@id\":\"https:\/\/hubsch-interior.com\/fr\/#\/schema\/logo\/image\/\"}}]}<\/script>\n<!-- \/ Yoast SEO plugin. -->","yoast_head_json":{"title":"Amare Tasse\/Soucoupe Bleu claire\/Marron - H\u00fcbsch","description":"D\u00e9couvrez ce duo d'inspiration r\u00e9tro pour l'amateur passionn\u00e9 de th\u00e9 ou de caf\u00e9 ! Si vous \u00eates un fan de design, ces deux objets en c\u00e9ramique ont \u00e9t\u00e9","robots":{"index":"index","follow":"follow","max-snippet":"max-snippet:-1","max-image-preview":"max-image-preview:large","max-video-preview":"max-video-preview:-1"},"canonical":"https:\/\/hubsch-interior.com\/fr\/wp-json\/wp\/v2\/product\/879822","og_locale":"fr_FR","og_type":"article","og_title":"Amare Tasse\/Soucoupe Bleu claire\/Marron - H\u00fcbsch","og_description":"D\u00e9couvrez ce duo d'inspiration r\u00e9tro pour l'amateur passionn\u00e9 de th\u00e9 ou de caf\u00e9 ! Si vous \u00eates un fan de design, ces deux objets en c\u00e9ramique ont \u00e9t\u00e9","og_url":"https:\/\/hubsch-interior.com\/fr\/produit\/amare-tasse-soucoupe-bleu-claire-marron\/","og_site_name":"H\u00fcbsch","article_modified_time":"2026-04-09T02:26:46+00:00","og_image":[{"width":1200,"height":1200,"url":"https:\/\/hubsch-interior.com\/wp-content\/uploads\/2023\/11\/amare-cupsaucer-light-bluebrown-set-of-2-c58352b87ada2763e6517062b3737e6b.jpg","type":"image\/jpeg"}],"twitter_card":"summary_large_image","schema":{"@context":"https:\/\/schema.org","@graph":[{"@type":"WebPage","@id":"https:\/\/hubsch-interior.com\/fr\/produit\/amare-tasse-soucoupe-bleu-claire-marron\/","url":"https:\/\/hubsch-interior.com\/fr\/produit\/amare-tasse-soucoupe-bleu-claire-marron\/","name":"Amare Tasse\/Soucoupe Bleu claire\/Marron - H\u00fcbsch","isPartOf":{"@id":"https:\/\/hubsch-interior.com\/fr\/#website"},"primaryImageOfPage":{"@id":"https:\/\/hubsch-interior.com\/fr\/produit\/amare-tasse-soucoupe-bleu-claire-marron\/#primaryimage"},"image":{"@id":"https:\/\/hubsch-interior.com\/fr\/produit\/amare-tasse-soucoupe-bleu-claire-marron\/#primaryimage"},"thumbnailUrl":"https:\/\/hubsch-interior.com\/wp-content\/uploads\/2026\/02\/amare-cupsaucer-light-bluebrown-1ad09121bd07877200f3e99c77007bbb.jpg","datePublished":"2023-02-20T07:37:58+00:00","dateModified":"2026-04-09T02:26:46+00:00","description":"D\u00e9couvrez ce duo d'inspiration r\u00e9tro pour l'amateur passionn\u00e9 de th\u00e9 ou de caf\u00e9 ! Si vous \u00eates un fan de design, ces deux objets en c\u00e9ramique ont \u00e9t\u00e9","breadcrumb":{"@id":"https:\/\/hubsch-interior.com\/fr\/produit\/amare-tasse-soucoupe-bleu-claire-marron\/#breadcrumb"},"inLanguage":"fr-FR","potentialAction":[{"@type":"ReadAction","target":["https:\/\/hubsch-interior.com\/fr\/produit\/amare-tasse-soucoupe-bleu-claire-marron\/"]}]},{"@type":"ImageObject","inLanguage":"fr-FR","@id":"https:\/\/hubsch-interior.com\/fr\/produit\/amare-tasse-soucoupe-bleu-claire-marron\/#primaryimage","url":"https:\/\/hubsch-interior.com\/wp-content\/uploads\/2026\/02\/amare-cupsaucer-light-bluebrown-1ad09121bd07877200f3e99c77007bbb.jpg","contentUrl":"https:\/\/hubsch-interior.com\/wp-content\/uploads\/2026\/02\/amare-cupsaucer-light-bluebrown-1ad09121bd07877200f3e99c77007bbb.jpg","width":1024,"height":1024},{"@type":"BreadcrumbList","@id":"https:\/\/hubsch-interior.com\/fr\/produit\/amare-tasse-soucoupe-bleu-claire-marron\/#breadcrumb","itemListElement":[{"@type":"ListItem","position":1,"name":"Page d'accueil","item":"https:\/\/hubsch-interior.com\/fr\/"},{"@type":"ListItem","position":2,"name":"Produits","item":"https:\/\/hubsch-interior.com\/fr\/shop-2\/"},{"@type":"ListItem","position":3,"name":"Cuisine","item":"https:\/\/hubsch-interior.com\/fr\/categorie-produit\/cuisine\/"},{"@type":"ListItem","position":4,"name":"Vaisselle","item":"https:\/\/hubsch-interior.com\/fr\/categorie-produit\/cuisine\/vaisselle-fr-2\/"},{"@type":"ListItem","position":5,"name":"Verres et Carafes","item":"https:\/\/hubsch-interior.com\/fr\/categorie-produit\/cuisine\/vaisselle-fr-2\/verres-et-carafes-fr\/"},{"@type":"ListItem","position":6,"name":"Amare Tasse\/Soucoupe Bleu claire\/Marron"}]},{"@type":"WebSite","@id":"https:\/\/hubsch-interior.com\/fr\/#website","url":"https:\/\/hubsch-interior.com\/fr\/","name":"H\u00fcbsch","description":"Danish Home Interior and Design","publisher":{"@id":"https:\/\/hubsch-interior.com\/fr\/#organization"},"potentialAction":[{"@type":"SearchAction","target":{"@type":"EntryPoint","urlTemplate":"https:\/\/hubsch-interior.com\/fr\/?s={search_term_string}"},"query-input":{"@type":"PropertyValueSpecification","valueRequired":true,"valueName":"search_term_string"}}],"inLanguage":"fr-FR"},{"@type":"Organization","@id":"https:\/\/hubsch-interior.com\/fr\/#organization","name":"H\u00fcbsch","url":"https:\/\/hubsch-interior.com\/fr\/","logo":{"@type":"ImageObject","inLanguage":"fr-FR","@id":"https:\/\/hubsch-interior.com\/fr\/#\/schema\/logo\/image\/","url":"https:\/\/hubsch-interior.com\/wp-content\/uploads\/2022\/12\/Hubsch_logo_black_one_line.svg","contentUrl":"https:\/\/hubsch-interior.com\/wp-content\/uploads\/2022\/12\/Hubsch_logo_black_one_line.svg","caption":"H\u00fcbsch"},"image":{"@id":"https:\/\/hubsch-interior.com\/fr\/#\/schema\/logo\/image\/"}}]}},"_links":{"self":[{"href":"https:\/\/hubsch-interior.com\/fr\/wp-json\/wp\/v2\/product\/879822","targetHints":{"allow":["GET"]}}],"collection":[{"href":"https:\/\/hubsch-interior.com\/fr\/wp-json\/wp\/v2\/product"}],"about":[{"href":"https:\/\/hubsch-interior.com\/fr\/wp-json\/wp\/v2\/types\/product"}],"wp:featuredmedia":[{"embeddable":true,"href":"https:\/\/hubsch-interior.com\/fr\/wp-json\/wp\/v2\/media\/1114312"}],"wp:attachment":[{"href":"https:\/\/hubsch-interior.com\/fr\/wp-json\/wp\/v2\/media?parent=879822"}],"wp:term":[{"taxonomy":"product_brand","embeddable":true,"href":"https:\/\/hubsch-interior.com\/fr\/wp-json\/wp\/v2\/product_brand?post=879822"},{"taxonomy":"product_cat","embeddable":true,"href":"https:\/\/hubsch-interior.com\/fr\/wp-json\/wp\/v2\/product_cat?post=879822"},{"taxonomy":"product_tag","embeddable":true,"href":"https:\/\/hubsch-interior.com\/fr\/wp-json\/wp\/v2\/product_tag?post=879822"}],"curies":[{"name":"wp","href":"https:\/\/api.w.org\/{rel}","templated":true}]}}