{"id":879954,"date":"2023-02-20T08:38:20","date_gmt":"2023-02-20T07:38:20","guid":{"rendered":"https:\/\/hubsch-interior.com\/product\/product\/"},"modified":"2026-04-09T04:26:59","modified_gmt":"2026-04-09T02:26:59","slug":"amare-plateau-burgundy-rouge-set-de-2","status":"publish","type":"product","link":"https:\/\/hubsch-interior.com\/fr\/produit\/amare-plateau-burgundy-rouge-set-de-2\/","title":{"rendered":"Amare Plateau Burgundy\/Rouge (set de 2)"},"content":{"rendered":"<p>Les objets qui allient fonctionnalit\u00e9 et beaut\u00e9 du design sont ceux qui sortent du lot ! Et ce grand plateau en c\u00e9ramique Amare en est un bel exemple ! Parfait pour un rangement de bureau : pour les stylos et le papier ou d&#8217;autres types de papeterie &#8211; ou pour une utilisation comme plateau de service pour les ap\u00e9ros, les tapas ou les sushi. La couleur bordeaux combin\u00e9e \u00e0 cette touche de rouge vif embellira un moment de partage convivial. Compatible alimentaire et lavable au lave-vaisselle.<\/p>\n","protected":false},"excerpt":{"rendered":"<p>Les objets qui allient fonctionnalit\u00e9 et beaut\u00e9 du design sont ceux qui sortent du lot ! Et ce grand plateau en c\u00e9ramique Amare en est un bel exemple ! Parfait pour un rangement de bureau : pour les stylos et le papier ou d&#8217;autres types de papeterie &#8211; ou pour une utilisation comme plateau de [&hellip;]<\/p>\n","protected":false},"featured_media":1096171,"template":"","meta":{"_acf_changed":false,"inline_featured_image":false},"product_brand":[],"product_cat":[7039,7028,6971,7027,6582,6673,4053,4095,4054,4153,4960,6535],"product_tag":[],"class_list":{"0":"post-879954","1":"product","2":"type-product","3":"status-publish","4":"has-post-thumbnail","6":"product_cat-cuisine-plateaux-fr","7":"product_cat-plateaux-et-assiettes-de-service-fr","8":"product_cat-paques","9":"product_cat-vaisselle-fr-2","10":"product_cat-rekindle-collection-fr","11":"product_cat-amare-vaisselle-fr","12":"product_cat-accessoires-de-cuisine-fr","13":"product_cat-vaisselle-fr","14":"product_cat-plateaux-fr","15":"product_cat-espace-de-travail-fr","16":"product_cat-rangement-fr","17":"product_cat-outlet-fr","18":"product_shipping_class-pk","20":"pa_color-burgundy-fr","21":"pa_color-rouge-2","22":"pa_material-stone-powder-100-3","24":"first","25":"instock","26":"sale","27":"taxable","28":"shipping-taxable","29":"purchasable","30":"product-type-simple"},"exclude_global_add_ons":[],"addons":[],"acf":[],"yoast_head":"<!-- This site is optimized with the Yoast SEO plugin v26.4 - https:\/\/yoast.com\/wordpress\/plugins\/seo\/ -->\n<title>Amare Plateau Burgundy\/Rouge (set de 2) - H\u00fcbsch<\/title>\n<meta name=\"description\" content=\"Les objets qui allient fonctionnalit\u00e9 et beaut\u00e9 du design sont ceux qui sortent du lot ! Et ce grand plateau en c\u00e9ramique Amare en est un bel exemple !\" \/>\n<meta name=\"robots\" content=\"index, follow, max-snippet:-1, max-image-preview:large, max-video-preview:-1\" \/>\n<link rel=\"canonical\" href=\"https:\/\/hubsch-interior.com\/fr\/wp-json\/wp\/v2\/product\/879954\" \/>\n<meta property=\"og:locale\" content=\"fr_FR\" \/>\n<meta property=\"og:type\" content=\"article\" \/>\n<meta property=\"og:title\" content=\"Amare Plateau Burgundy\/Rouge (set de 2) - H\u00fcbsch\" \/>\n<meta property=\"og:description\" content=\"Les objets qui allient fonctionnalit\u00e9 et beaut\u00e9 du design sont ceux qui sortent du lot ! Et ce grand plateau en c\u00e9ramique Amare en est un bel exemple !\" \/>\n<meta property=\"og:url\" content=\"https:\/\/hubsch-interior.com\/fr\/produit\/amare-plateau-burgundy-rouge-set-de-2\/\" \/>\n<meta property=\"og:site_name\" content=\"H\u00fcbsch\" \/>\n<meta property=\"article:modified_time\" content=\"2026-04-09T02:26:59+00:00\" \/>\n<meta property=\"og:image\" content=\"https:\/\/hubsch-interior.com\/wp-content\/uploads\/2023\/08\/amare-tray-burgundyred-set-of-2-6287058bf2022087fc607dc432a902ce.jpg\" \/>\n\t<meta property=\"og:image:width\" content=\"1200\" \/>\n\t<meta property=\"og:image:height\" content=\"1200\" \/>\n\t<meta property=\"og:image:type\" content=\"image\/jpeg\" \/>\n<meta name=\"twitter:card\" content=\"summary_large_image\" \/>\n<script type=\"application\/ld+json\" class=\"yoast-schema-graph\">{\"@context\":\"https:\/\/schema.org\",\"@graph\":[{\"@type\":\"WebPage\",\"@id\":\"https:\/\/hubsch-interior.com\/fr\/produit\/amare-plateau-burgundy-rouge-set-de-2\/\",\"url\":\"https:\/\/hubsch-interior.com\/fr\/produit\/amare-plateau-burgundy-rouge-set-de-2\/\",\"name\":\"Amare Plateau Burgundy\/Rouge (set de 2) - H\u00fcbsch\",\"isPartOf\":{\"@id\":\"https:\/\/hubsch-interior.com\/fr\/#website\"},\"primaryImageOfPage\":{\"@id\":\"https:\/\/hubsch-interior.com\/fr\/produit\/amare-plateau-burgundy-rouge-set-de-2\/#primaryimage\"},\"image\":{\"@id\":\"https:\/\/hubsch-interior.com\/fr\/produit\/amare-plateau-burgundy-rouge-set-de-2\/#primaryimage\"},\"thumbnailUrl\":\"https:\/\/hubsch-interior.com\/wp-content\/uploads\/2026\/02\/amare-tray-burgundyred-set-of-2-fa284210bff82eb9500e68f9480ce3f1.jpg\",\"datePublished\":\"2023-02-20T07:38:20+00:00\",\"dateModified\":\"2026-04-09T02:26:59+00:00\",\"description\":\"Les objets qui allient fonctionnalit\u00e9 et beaut\u00e9 du design sont ceux qui sortent du lot ! Et ce grand plateau en c\u00e9ramique Amare en est un bel exemple !\",\"breadcrumb\":{\"@id\":\"https:\/\/hubsch-interior.com\/fr\/produit\/amare-plateau-burgundy-rouge-set-de-2\/#breadcrumb\"},\"inLanguage\":\"fr-FR\",\"potentialAction\":[{\"@type\":\"ReadAction\",\"target\":[\"https:\/\/hubsch-interior.com\/fr\/produit\/amare-plateau-burgundy-rouge-set-de-2\/\"]}]},{\"@type\":\"ImageObject\",\"inLanguage\":\"fr-FR\",\"@id\":\"https:\/\/hubsch-interior.com\/fr\/produit\/amare-plateau-burgundy-rouge-set-de-2\/#primaryimage\",\"url\":\"https:\/\/hubsch-interior.com\/wp-content\/uploads\/2026\/02\/amare-tray-burgundyred-set-of-2-fa284210bff82eb9500e68f9480ce3f1.jpg\",\"contentUrl\":\"https:\/\/hubsch-interior.com\/wp-content\/uploads\/2026\/02\/amare-tray-burgundyred-set-of-2-fa284210bff82eb9500e68f9480ce3f1.jpg\",\"width\":1024,\"height\":1024},{\"@type\":\"BreadcrumbList\",\"@id\":\"https:\/\/hubsch-interior.com\/fr\/produit\/amare-plateau-burgundy-rouge-set-de-2\/#breadcrumb\",\"itemListElement\":[{\"@type\":\"ListItem\",\"position\":1,\"name\":\"Page d'accueil\",\"item\":\"https:\/\/hubsch-interior.com\/fr\/\"},{\"@type\":\"ListItem\",\"position\":2,\"name\":\"Produits\",\"item\":\"https:\/\/hubsch-interior.com\/fr\/shop-2\/\"},{\"@type\":\"ListItem\",\"position\":3,\"name\":\"Cuisine\",\"item\":\"https:\/\/hubsch-interior.com\/fr\/categorie-produit\/cuisine\/\"},{\"@type\":\"ListItem\",\"position\":4,\"name\":\"Vaisselle\",\"item\":\"https:\/\/hubsch-interior.com\/fr\/categorie-produit\/cuisine\/vaisselle-fr-2\/\"},{\"@type\":\"ListItem\",\"position\":5,\"name\":\"Plateaux\",\"item\":\"https:\/\/hubsch-interior.com\/fr\/categorie-produit\/cuisine\/vaisselle-fr-2\/cuisine-plateaux-fr\/\"},{\"@type\":\"ListItem\",\"position\":6,\"name\":\"Amare Plateau Burgundy\/Rouge (set de 2)\"}]},{\"@type\":\"WebSite\",\"@id\":\"https:\/\/hubsch-interior.com\/fr\/#website\",\"url\":\"https:\/\/hubsch-interior.com\/fr\/\",\"name\":\"H\u00fcbsch\",\"description\":\"Danish Home Interior and Design\",\"publisher\":{\"@id\":\"https:\/\/hubsch-interior.com\/fr\/#organization\"},\"potentialAction\":[{\"@type\":\"SearchAction\",\"target\":{\"@type\":\"EntryPoint\",\"urlTemplate\":\"https:\/\/hubsch-interior.com\/fr\/?s={search_term_string}\"},\"query-input\":{\"@type\":\"PropertyValueSpecification\",\"valueRequired\":true,\"valueName\":\"search_term_string\"}}],\"inLanguage\":\"fr-FR\"},{\"@type\":\"Organization\",\"@id\":\"https:\/\/hubsch-interior.com\/fr\/#organization\",\"name\":\"H\u00fcbsch\",\"url\":\"https:\/\/hubsch-interior.com\/fr\/\",\"logo\":{\"@type\":\"ImageObject\",\"inLanguage\":\"fr-FR\",\"@id\":\"https:\/\/hubsch-interior.com\/fr\/#\/schema\/logo\/image\/\",\"url\":\"https:\/\/hubsch-interior.com\/wp-content\/uploads\/2022\/12\/Hubsch_logo_black_one_line.svg\",\"contentUrl\":\"https:\/\/hubsch-interior.com\/wp-content\/uploads\/2022\/12\/Hubsch_logo_black_one_line.svg\",\"caption\":\"H\u00fcbsch\"},\"image\":{\"@id\":\"https:\/\/hubsch-interior.com\/fr\/#\/schema\/logo\/image\/\"}}]}<\/script>\n<!-- \/ Yoast SEO plugin. -->","yoast_head_json":{"title":"Amare Plateau Burgundy\/Rouge (set de 2) - H\u00fcbsch","description":"Les objets qui allient fonctionnalit\u00e9 et beaut\u00e9 du design sont ceux qui sortent du lot ! Et ce grand plateau en c\u00e9ramique Amare en est un bel exemple !","robots":{"index":"index","follow":"follow","max-snippet":"max-snippet:-1","max-image-preview":"max-image-preview:large","max-video-preview":"max-video-preview:-1"},"canonical":"https:\/\/hubsch-interior.com\/fr\/wp-json\/wp\/v2\/product\/879954","og_locale":"fr_FR","og_type":"article","og_title":"Amare Plateau Burgundy\/Rouge (set de 2) - H\u00fcbsch","og_description":"Les objets qui allient fonctionnalit\u00e9 et beaut\u00e9 du design sont ceux qui sortent du lot ! Et ce grand plateau en c\u00e9ramique Amare en est un bel exemple !","og_url":"https:\/\/hubsch-interior.com\/fr\/produit\/amare-plateau-burgundy-rouge-set-de-2\/","og_site_name":"H\u00fcbsch","article_modified_time":"2026-04-09T02:26:59+00:00","og_image":[{"width":1200,"height":1200,"url":"https:\/\/hubsch-interior.com\/wp-content\/uploads\/2023\/08\/amare-tray-burgundyred-set-of-2-6287058bf2022087fc607dc432a902ce.jpg","type":"image\/jpeg"}],"twitter_card":"summary_large_image","schema":{"@context":"https:\/\/schema.org","@graph":[{"@type":"WebPage","@id":"https:\/\/hubsch-interior.com\/fr\/produit\/amare-plateau-burgundy-rouge-set-de-2\/","url":"https:\/\/hubsch-interior.com\/fr\/produit\/amare-plateau-burgundy-rouge-set-de-2\/","name":"Amare Plateau Burgundy\/Rouge (set de 2) - H\u00fcbsch","isPartOf":{"@id":"https:\/\/hubsch-interior.com\/fr\/#website"},"primaryImageOfPage":{"@id":"https:\/\/hubsch-interior.com\/fr\/produit\/amare-plateau-burgundy-rouge-set-de-2\/#primaryimage"},"image":{"@id":"https:\/\/hubsch-interior.com\/fr\/produit\/amare-plateau-burgundy-rouge-set-de-2\/#primaryimage"},"thumbnailUrl":"https:\/\/hubsch-interior.com\/wp-content\/uploads\/2026\/02\/amare-tray-burgundyred-set-of-2-fa284210bff82eb9500e68f9480ce3f1.jpg","datePublished":"2023-02-20T07:38:20+00:00","dateModified":"2026-04-09T02:26:59+00:00","description":"Les objets qui allient fonctionnalit\u00e9 et beaut\u00e9 du design sont ceux qui sortent du lot ! Et ce grand plateau en c\u00e9ramique Amare en est un bel exemple !","breadcrumb":{"@id":"https:\/\/hubsch-interior.com\/fr\/produit\/amare-plateau-burgundy-rouge-set-de-2\/#breadcrumb"},"inLanguage":"fr-FR","potentialAction":[{"@type":"ReadAction","target":["https:\/\/hubsch-interior.com\/fr\/produit\/amare-plateau-burgundy-rouge-set-de-2\/"]}]},{"@type":"ImageObject","inLanguage":"fr-FR","@id":"https:\/\/hubsch-interior.com\/fr\/produit\/amare-plateau-burgundy-rouge-set-de-2\/#primaryimage","url":"https:\/\/hubsch-interior.com\/wp-content\/uploads\/2026\/02\/amare-tray-burgundyred-set-of-2-fa284210bff82eb9500e68f9480ce3f1.jpg","contentUrl":"https:\/\/hubsch-interior.com\/wp-content\/uploads\/2026\/02\/amare-tray-burgundyred-set-of-2-fa284210bff82eb9500e68f9480ce3f1.jpg","width":1024,"height":1024},{"@type":"BreadcrumbList","@id":"https:\/\/hubsch-interior.com\/fr\/produit\/amare-plateau-burgundy-rouge-set-de-2\/#breadcrumb","itemListElement":[{"@type":"ListItem","position":1,"name":"Page d'accueil","item":"https:\/\/hubsch-interior.com\/fr\/"},{"@type":"ListItem","position":2,"name":"Produits","item":"https:\/\/hubsch-interior.com\/fr\/shop-2\/"},{"@type":"ListItem","position":3,"name":"Cuisine","item":"https:\/\/hubsch-interior.com\/fr\/categorie-produit\/cuisine\/"},{"@type":"ListItem","position":4,"name":"Vaisselle","item":"https:\/\/hubsch-interior.com\/fr\/categorie-produit\/cuisine\/vaisselle-fr-2\/"},{"@type":"ListItem","position":5,"name":"Plateaux","item":"https:\/\/hubsch-interior.com\/fr\/categorie-produit\/cuisine\/vaisselle-fr-2\/cuisine-plateaux-fr\/"},{"@type":"ListItem","position":6,"name":"Amare Plateau Burgundy\/Rouge (set de 2)"}]},{"@type":"WebSite","@id":"https:\/\/hubsch-interior.com\/fr\/#website","url":"https:\/\/hubsch-interior.com\/fr\/","name":"H\u00fcbsch","description":"Danish Home Interior and Design","publisher":{"@id":"https:\/\/hubsch-interior.com\/fr\/#organization"},"potentialAction":[{"@type":"SearchAction","target":{"@type":"EntryPoint","urlTemplate":"https:\/\/hubsch-interior.com\/fr\/?s={search_term_string}"},"query-input":{"@type":"PropertyValueSpecification","valueRequired":true,"valueName":"search_term_string"}}],"inLanguage":"fr-FR"},{"@type":"Organization","@id":"https:\/\/hubsch-interior.com\/fr\/#organization","name":"H\u00fcbsch","url":"https:\/\/hubsch-interior.com\/fr\/","logo":{"@type":"ImageObject","inLanguage":"fr-FR","@id":"https:\/\/hubsch-interior.com\/fr\/#\/schema\/logo\/image\/","url":"https:\/\/hubsch-interior.com\/wp-content\/uploads\/2022\/12\/Hubsch_logo_black_one_line.svg","contentUrl":"https:\/\/hubsch-interior.com\/wp-content\/uploads\/2022\/12\/Hubsch_logo_black_one_line.svg","caption":"H\u00fcbsch"},"image":{"@id":"https:\/\/hubsch-interior.com\/fr\/#\/schema\/logo\/image\/"}}]}},"_links":{"self":[{"href":"https:\/\/hubsch-interior.com\/fr\/wp-json\/wp\/v2\/product\/879954","targetHints":{"allow":["GET"]}}],"collection":[{"href":"https:\/\/hubsch-interior.com\/fr\/wp-json\/wp\/v2\/product"}],"about":[{"href":"https:\/\/hubsch-interior.com\/fr\/wp-json\/wp\/v2\/types\/product"}],"wp:featuredmedia":[{"embeddable":true,"href":"https:\/\/hubsch-interior.com\/fr\/wp-json\/wp\/v2\/media\/1096171"}],"wp:attachment":[{"href":"https:\/\/hubsch-interior.com\/fr\/wp-json\/wp\/v2\/media?parent=879954"}],"wp:term":[{"taxonomy":"product_brand","embeddable":true,"href":"https:\/\/hubsch-interior.com\/fr\/wp-json\/wp\/v2\/product_brand?post=879954"},{"taxonomy":"product_cat","embeddable":true,"href":"https:\/\/hubsch-interior.com\/fr\/wp-json\/wp\/v2\/product_cat?post=879954"},{"taxonomy":"product_tag","embeddable":true,"href":"https:\/\/hubsch-interior.com\/fr\/wp-json\/wp\/v2\/product_tag?post=879954"}],"curies":[{"name":"wp","href":"https:\/\/api.w.org\/{rel}","templated":true}]}}