{"id":880118,"date":"2023-02-20T08:40:08","date_gmt":"2023-02-20T07:40:08","guid":{"rendered":"https:\/\/hubsch-interior.com\/product\/product\/"},"modified":"2026-04-09T04:27:25","modified_gmt":"2026-04-09T02:27:25","slug":"amare-assiette-a-diner-bleu-claire","status":"publish","type":"product","link":"https:\/\/hubsch-interior.com\/fr\/produit\/amare-assiette-a-diner-bleu-claire\/","title":{"rendered":"Amare Assiette \u00e0 Diner Bleu claire"},"content":{"rendered":"<p>Aimez-vous prendre le temps de dresser une tr\u00e8s jolie table incroyable ou pr\u00e9f\u00e9rez-vous les surprises de derni\u00e8re minute ? Quoi qu&#8217;il en soit, l&#8217;assiette plate Amare avec sa brillance incroyable en c\u00e9ramique d&#8217;inspiration r\u00e9tro est l&#8217;assiette parfaite pour les deux occasions. Amare signifie aimer en italien et nous aimons cette id\u00e9e que les gens se rassemblent pour appr\u00e9cier un repas et discuter de tout. Que ce soit pour les d\u00eeners de tous les jours ou pour les occasions sp\u00e9ciales, tant que vous vous amusez et que vous prenez du plaisir, c&#8217;est l&#8217;essentiel. Cette assiette se lave au lave-vaisselle, passe \u00e9galement au four et au micro-ondes. \u00c0 assortir avec d&#8217;autres articles de notre collection Amare.<\/p>\n","protected":false},"excerpt":{"rendered":"<p>Aimez-vous prendre le temps de dresser une tr\u00e8s jolie table incroyable ou pr\u00e9f\u00e9rez-vous les surprises de derni\u00e8re minute ? Quoi qu&#8217;il en soit, l&#8217;assiette plate Amare avec sa brillance incroyable en c\u00e9ramique d&#8217;inspiration r\u00e9tro est l&#8217;assiette parfaite pour les deux occasions. Amare signifie aimer en italien et nous aimons cette id\u00e9e que les gens se [&hellip;]<\/p>\n","protected":false},"featured_media":1096287,"template":"","meta":{"_acf_changed":false,"inline_featured_image":false},"product_brand":[],"product_cat":[7077,6971,7027,6582,6673,4053,4095,5026,6535],"product_tag":[],"class_list":{"0":"post-880118","1":"product","2":"type-product","3":"status-publish","4":"has-post-thumbnail","6":"product_cat-assiettes-et-bols-fr","7":"product_cat-paques","8":"product_cat-vaisselle-fr-2","9":"product_cat-rekindle-collection-fr","10":"product_cat-amare-vaisselle-fr","11":"product_cat-accessoires-de-cuisine-fr","12":"product_cat-vaisselle-fr","13":"product_cat-bestsellers-fr","14":"product_cat-outlet-fr","15":"product_shipping_class-pk","17":"pa_color-bleu-claire-2","18":"pa_material-stone-powder-100-3","20":"first","21":"instock","22":"sale","23":"featured","24":"taxable","25":"shipping-taxable","26":"purchasable","27":"product-type-simple"},"exclude_global_add_ons":[],"addons":[],"acf":[],"yoast_head":"<!-- This site is optimized with the Yoast SEO plugin v26.4 - https:\/\/yoast.com\/wordpress\/plugins\/seo\/ -->\n<title>Amare Assiette \u00e0 Diner Bleu claire - H\u00fcbsch<\/title>\n<meta name=\"description\" content=\"Aimez-vous prendre le temps de dresser une tr\u00e8s jolie table incroyable ou pr\u00e9f\u00e9rez-vous les surprises de derni\u00e8re minute ? Quoi qu&#039;il en soit, l&#039;assiette\" \/>\n<meta name=\"robots\" content=\"index, follow, max-snippet:-1, max-image-preview:large, max-video-preview:-1\" \/>\n<link rel=\"canonical\" href=\"https:\/\/hubsch-interior.com\/fr\/wp-json\/wp\/v2\/product\/880118\" \/>\n<meta property=\"og:locale\" content=\"fr_FR\" \/>\n<meta property=\"og:type\" content=\"article\" \/>\n<meta property=\"og:title\" content=\"Amare Assiette \u00e0 Diner Bleu claire - H\u00fcbsch\" \/>\n<meta property=\"og:description\" content=\"Aimez-vous prendre le temps de dresser une tr\u00e8s jolie table incroyable ou pr\u00e9f\u00e9rez-vous les surprises de derni\u00e8re minute ? Quoi qu&#039;il en soit, l&#039;assiette\" \/>\n<meta property=\"og:url\" content=\"https:\/\/hubsch-interior.com\/fr\/produit\/amare-assiette-a-diner-bleu-claire\/\" \/>\n<meta property=\"og:site_name\" content=\"H\u00fcbsch\" \/>\n<meta property=\"article:modified_time\" content=\"2026-04-09T02:27:25+00:00\" \/>\n<meta property=\"og:image\" content=\"https:\/\/hubsch-interior.com\/wp-content\/uploads\/2024\/11\/amare-dinner-plate-light-blue-c84769ed21083baeb8cedfe006c7a26f.jpg\" \/>\n\t<meta property=\"og:image:width\" content=\"1200\" \/>\n\t<meta property=\"og:image:height\" content=\"1200\" \/>\n\t<meta property=\"og:image:type\" content=\"image\/jpeg\" \/>\n<meta name=\"twitter:card\" content=\"summary_large_image\" \/>\n<meta name=\"twitter:label1\" content=\"Dur\u00e9e de lecture estim\u00e9e\" \/>\n\t<meta name=\"twitter:data1\" content=\"1 minute\" \/>\n<script type=\"application\/ld+json\" class=\"yoast-schema-graph\">{\"@context\":\"https:\/\/schema.org\",\"@graph\":[{\"@type\":\"WebPage\",\"@id\":\"https:\/\/hubsch-interior.com\/fr\/produit\/amare-assiette-a-diner-bleu-claire\/\",\"url\":\"https:\/\/hubsch-interior.com\/fr\/produit\/amare-assiette-a-diner-bleu-claire\/\",\"name\":\"Amare Assiette \u00e0 Diner Bleu claire - H\u00fcbsch\",\"isPartOf\":{\"@id\":\"https:\/\/hubsch-interior.com\/fr\/#website\"},\"primaryImageOfPage\":{\"@id\":\"https:\/\/hubsch-interior.com\/fr\/produit\/amare-assiette-a-diner-bleu-claire\/#primaryimage\"},\"image\":{\"@id\":\"https:\/\/hubsch-interior.com\/fr\/produit\/amare-assiette-a-diner-bleu-claire\/#primaryimage\"},\"thumbnailUrl\":\"https:\/\/hubsch-interior.com\/wp-content\/uploads\/2026\/02\/amare-dinner-plate-light-blue-25fac570d60cdde73e1caf3f3331bb4f.jpg\",\"datePublished\":\"2023-02-20T07:40:08+00:00\",\"dateModified\":\"2026-04-09T02:27:25+00:00\",\"description\":\"Aimez-vous prendre le temps de dresser une tr\u00e8s jolie table incroyable ou pr\u00e9f\u00e9rez-vous les surprises de derni\u00e8re minute ? Quoi qu'il en soit, l'assiette\",\"breadcrumb\":{\"@id\":\"https:\/\/hubsch-interior.com\/fr\/produit\/amare-assiette-a-diner-bleu-claire\/#breadcrumb\"},\"inLanguage\":\"fr-FR\",\"potentialAction\":[{\"@type\":\"ReadAction\",\"target\":[\"https:\/\/hubsch-interior.com\/fr\/produit\/amare-assiette-a-diner-bleu-claire\/\"]}]},{\"@type\":\"ImageObject\",\"inLanguage\":\"fr-FR\",\"@id\":\"https:\/\/hubsch-interior.com\/fr\/produit\/amare-assiette-a-diner-bleu-claire\/#primaryimage\",\"url\":\"https:\/\/hubsch-interior.com\/wp-content\/uploads\/2026\/02\/amare-dinner-plate-light-blue-25fac570d60cdde73e1caf3f3331bb4f.jpg\",\"contentUrl\":\"https:\/\/hubsch-interior.com\/wp-content\/uploads\/2026\/02\/amare-dinner-plate-light-blue-25fac570d60cdde73e1caf3f3331bb4f.jpg\",\"width\":1024,\"height\":1024},{\"@type\":\"BreadcrumbList\",\"@id\":\"https:\/\/hubsch-interior.com\/fr\/produit\/amare-assiette-a-diner-bleu-claire\/#breadcrumb\",\"itemListElement\":[{\"@type\":\"ListItem\",\"position\":1,\"name\":\"Page d'accueil\",\"item\":\"https:\/\/hubsch-interior.com\/fr\/\"},{\"@type\":\"ListItem\",\"position\":2,\"name\":\"Produits\",\"item\":\"https:\/\/hubsch-interior.com\/fr\/shop-2\/\"},{\"@type\":\"ListItem\",\"position\":3,\"name\":\"Cuisine\",\"item\":\"https:\/\/hubsch-interior.com\/fr\/categorie-produit\/cuisine\/\"},{\"@type\":\"ListItem\",\"position\":4,\"name\":\"Vaisselle\",\"item\":\"https:\/\/hubsch-interior.com\/fr\/categorie-produit\/cuisine\/vaisselle-fr-2\/\"},{\"@type\":\"ListItem\",\"position\":5,\"name\":\"Assiettes et bols\",\"item\":\"https:\/\/hubsch-interior.com\/fr\/categorie-produit\/cuisine\/vaisselle-fr-2\/assiettes-et-bols-fr\/\"},{\"@type\":\"ListItem\",\"position\":6,\"name\":\"Amare Assiette \u00e0 Diner Bleu claire\"}]},{\"@type\":\"WebSite\",\"@id\":\"https:\/\/hubsch-interior.com\/fr\/#website\",\"url\":\"https:\/\/hubsch-interior.com\/fr\/\",\"name\":\"H\u00fcbsch\",\"description\":\"Danish Home Interior and Design\",\"publisher\":{\"@id\":\"https:\/\/hubsch-interior.com\/fr\/#organization\"},\"potentialAction\":[{\"@type\":\"SearchAction\",\"target\":{\"@type\":\"EntryPoint\",\"urlTemplate\":\"https:\/\/hubsch-interior.com\/fr\/?s={search_term_string}\"},\"query-input\":{\"@type\":\"PropertyValueSpecification\",\"valueRequired\":true,\"valueName\":\"search_term_string\"}}],\"inLanguage\":\"fr-FR\"},{\"@type\":\"Organization\",\"@id\":\"https:\/\/hubsch-interior.com\/fr\/#organization\",\"name\":\"H\u00fcbsch\",\"url\":\"https:\/\/hubsch-interior.com\/fr\/\",\"logo\":{\"@type\":\"ImageObject\",\"inLanguage\":\"fr-FR\",\"@id\":\"https:\/\/hubsch-interior.com\/fr\/#\/schema\/logo\/image\/\",\"url\":\"https:\/\/hubsch-interior.com\/wp-content\/uploads\/2022\/12\/Hubsch_logo_black_one_line.svg\",\"contentUrl\":\"https:\/\/hubsch-interior.com\/wp-content\/uploads\/2022\/12\/Hubsch_logo_black_one_line.svg\",\"caption\":\"H\u00fcbsch\"},\"image\":{\"@id\":\"https:\/\/hubsch-interior.com\/fr\/#\/schema\/logo\/image\/\"}}]}<\/script>\n<!-- \/ Yoast SEO plugin. -->","yoast_head_json":{"title":"Amare Assiette \u00e0 Diner Bleu claire - H\u00fcbsch","description":"Aimez-vous prendre le temps de dresser une tr\u00e8s jolie table incroyable ou pr\u00e9f\u00e9rez-vous les surprises de derni\u00e8re minute ? Quoi qu'il en soit, l'assiette","robots":{"index":"index","follow":"follow","max-snippet":"max-snippet:-1","max-image-preview":"max-image-preview:large","max-video-preview":"max-video-preview:-1"},"canonical":"https:\/\/hubsch-interior.com\/fr\/wp-json\/wp\/v2\/product\/880118","og_locale":"fr_FR","og_type":"article","og_title":"Amare Assiette \u00e0 Diner Bleu claire - H\u00fcbsch","og_description":"Aimez-vous prendre le temps de dresser une tr\u00e8s jolie table incroyable ou pr\u00e9f\u00e9rez-vous les surprises de derni\u00e8re minute ? Quoi qu'il en soit, l'assiette","og_url":"https:\/\/hubsch-interior.com\/fr\/produit\/amare-assiette-a-diner-bleu-claire\/","og_site_name":"H\u00fcbsch","article_modified_time":"2026-04-09T02:27:25+00:00","og_image":[{"width":1200,"height":1200,"url":"https:\/\/hubsch-interior.com\/wp-content\/uploads\/2024\/11\/amare-dinner-plate-light-blue-c84769ed21083baeb8cedfe006c7a26f.jpg","type":"image\/jpeg"}],"twitter_card":"summary_large_image","twitter_misc":{"Dur\u00e9e de lecture estim\u00e9e":"1 minute"},"schema":{"@context":"https:\/\/schema.org","@graph":[{"@type":"WebPage","@id":"https:\/\/hubsch-interior.com\/fr\/produit\/amare-assiette-a-diner-bleu-claire\/","url":"https:\/\/hubsch-interior.com\/fr\/produit\/amare-assiette-a-diner-bleu-claire\/","name":"Amare Assiette \u00e0 Diner Bleu claire - H\u00fcbsch","isPartOf":{"@id":"https:\/\/hubsch-interior.com\/fr\/#website"},"primaryImageOfPage":{"@id":"https:\/\/hubsch-interior.com\/fr\/produit\/amare-assiette-a-diner-bleu-claire\/#primaryimage"},"image":{"@id":"https:\/\/hubsch-interior.com\/fr\/produit\/amare-assiette-a-diner-bleu-claire\/#primaryimage"},"thumbnailUrl":"https:\/\/hubsch-interior.com\/wp-content\/uploads\/2026\/02\/amare-dinner-plate-light-blue-25fac570d60cdde73e1caf3f3331bb4f.jpg","datePublished":"2023-02-20T07:40:08+00:00","dateModified":"2026-04-09T02:27:25+00:00","description":"Aimez-vous prendre le temps de dresser une tr\u00e8s jolie table incroyable ou pr\u00e9f\u00e9rez-vous les surprises de derni\u00e8re minute ? Quoi qu'il en soit, l'assiette","breadcrumb":{"@id":"https:\/\/hubsch-interior.com\/fr\/produit\/amare-assiette-a-diner-bleu-claire\/#breadcrumb"},"inLanguage":"fr-FR","potentialAction":[{"@type":"ReadAction","target":["https:\/\/hubsch-interior.com\/fr\/produit\/amare-assiette-a-diner-bleu-claire\/"]}]},{"@type":"ImageObject","inLanguage":"fr-FR","@id":"https:\/\/hubsch-interior.com\/fr\/produit\/amare-assiette-a-diner-bleu-claire\/#primaryimage","url":"https:\/\/hubsch-interior.com\/wp-content\/uploads\/2026\/02\/amare-dinner-plate-light-blue-25fac570d60cdde73e1caf3f3331bb4f.jpg","contentUrl":"https:\/\/hubsch-interior.com\/wp-content\/uploads\/2026\/02\/amare-dinner-plate-light-blue-25fac570d60cdde73e1caf3f3331bb4f.jpg","width":1024,"height":1024},{"@type":"BreadcrumbList","@id":"https:\/\/hubsch-interior.com\/fr\/produit\/amare-assiette-a-diner-bleu-claire\/#breadcrumb","itemListElement":[{"@type":"ListItem","position":1,"name":"Page d'accueil","item":"https:\/\/hubsch-interior.com\/fr\/"},{"@type":"ListItem","position":2,"name":"Produits","item":"https:\/\/hubsch-interior.com\/fr\/shop-2\/"},{"@type":"ListItem","position":3,"name":"Cuisine","item":"https:\/\/hubsch-interior.com\/fr\/categorie-produit\/cuisine\/"},{"@type":"ListItem","position":4,"name":"Vaisselle","item":"https:\/\/hubsch-interior.com\/fr\/categorie-produit\/cuisine\/vaisselle-fr-2\/"},{"@type":"ListItem","position":5,"name":"Assiettes et bols","item":"https:\/\/hubsch-interior.com\/fr\/categorie-produit\/cuisine\/vaisselle-fr-2\/assiettes-et-bols-fr\/"},{"@type":"ListItem","position":6,"name":"Amare Assiette \u00e0 Diner Bleu claire"}]},{"@type":"WebSite","@id":"https:\/\/hubsch-interior.com\/fr\/#website","url":"https:\/\/hubsch-interior.com\/fr\/","name":"H\u00fcbsch","description":"Danish Home Interior and Design","publisher":{"@id":"https:\/\/hubsch-interior.com\/fr\/#organization"},"potentialAction":[{"@type":"SearchAction","target":{"@type":"EntryPoint","urlTemplate":"https:\/\/hubsch-interior.com\/fr\/?s={search_term_string}"},"query-input":{"@type":"PropertyValueSpecification","valueRequired":true,"valueName":"search_term_string"}}],"inLanguage":"fr-FR"},{"@type":"Organization","@id":"https:\/\/hubsch-interior.com\/fr\/#organization","name":"H\u00fcbsch","url":"https:\/\/hubsch-interior.com\/fr\/","logo":{"@type":"ImageObject","inLanguage":"fr-FR","@id":"https:\/\/hubsch-interior.com\/fr\/#\/schema\/logo\/image\/","url":"https:\/\/hubsch-interior.com\/wp-content\/uploads\/2022\/12\/Hubsch_logo_black_one_line.svg","contentUrl":"https:\/\/hubsch-interior.com\/wp-content\/uploads\/2022\/12\/Hubsch_logo_black_one_line.svg","caption":"H\u00fcbsch"},"image":{"@id":"https:\/\/hubsch-interior.com\/fr\/#\/schema\/logo\/image\/"}}]}},"_links":{"self":[{"href":"https:\/\/hubsch-interior.com\/fr\/wp-json\/wp\/v2\/product\/880118","targetHints":{"allow":["GET"]}}],"collection":[{"href":"https:\/\/hubsch-interior.com\/fr\/wp-json\/wp\/v2\/product"}],"about":[{"href":"https:\/\/hubsch-interior.com\/fr\/wp-json\/wp\/v2\/types\/product"}],"wp:featuredmedia":[{"embeddable":true,"href":"https:\/\/hubsch-interior.com\/fr\/wp-json\/wp\/v2\/media\/1096287"}],"wp:attachment":[{"href":"https:\/\/hubsch-interior.com\/fr\/wp-json\/wp\/v2\/media?parent=880118"}],"wp:term":[{"taxonomy":"product_brand","embeddable":true,"href":"https:\/\/hubsch-interior.com\/fr\/wp-json\/wp\/v2\/product_brand?post=880118"},{"taxonomy":"product_cat","embeddable":true,"href":"https:\/\/hubsch-interior.com\/fr\/wp-json\/wp\/v2\/product_cat?post=880118"},{"taxonomy":"product_tag","embeddable":true,"href":"https:\/\/hubsch-interior.com\/fr\/wp-json\/wp\/v2\/product_tag?post=880118"}],"curies":[{"name":"wp","href":"https:\/\/api.w.org\/{rel}","templated":true}]}}