{"id":880234,"date":"2023-02-20T08:40:29","date_gmt":"2023-02-20T07:40:29","guid":{"rendered":"https:\/\/hubsch-interior.com\/product\/product\/"},"modified":"2026-04-05T04:27:45","modified_gmt":"2026-04-05T02:27:45","slug":"amare-assiette-creuse-bleu-claire","status":"publish","type":"product","link":"https:\/\/hubsch-interior.com\/fr\/produit\/amare-assiette-creuse-bleu-claire\/","title":{"rendered":"Amare Assiette Creuse Bleu claire"},"content":{"rendered":"<p>Cette assiette \u00e0 soupe d&#8217;inspiration r\u00e9tro ultra-brillante bleu clair est sublime et r\u00e9haussera vos repas quotidiens autant qu&#8217;une cuisine raffin\u00e9e ! L&#8217;assiette \u00e0 soupe Amare est l&#8217;\u00e9l\u00e9ment parfait pour r\u00e9v\u00e9ler vos p\u00e2tes, vos salades ou vos soupes avec style &#8211; mais elle convient parfaitement pour une cuisson au four. Pour une utilisation extr\u00eamement facile, la collection Amare passe au lave-vaisselle et au four \u00e0 micro-ondes, mais si vous avez envie de profiter de votre vaisselle plus longtemps, vous pouvez bien entendu laver votre vaisselle \u00e0 la main. Profitez surtout des moments de partage. Et m\u00e9langez, assortissez selon vos envies avec d&#8217;autres articles de notre collection Amare.<\/p>\n","protected":false},"excerpt":{"rendered":"<p>Cette assiette \u00e0 soupe d&#8217;inspiration r\u00e9tro ultra-brillante bleu clair est sublime et r\u00e9haussera vos repas quotidiens autant qu&#8217;une cuisine raffin\u00e9e ! L&#8217;assiette \u00e0 soupe Amare est l&#8217;\u00e9l\u00e9ment parfait pour r\u00e9v\u00e9ler vos p\u00e2tes, vos salades ou vos soupes avec style &#8211; mais elle convient parfaitement pour une cuisson au four. Pour une utilisation extr\u00eamement facile, la [&hellip;]<\/p>\n","protected":false},"featured_media":1096355,"template":"","meta":{"_acf_changed":false,"inline_featured_image":false},"product_brand":[],"product_cat":[7077,7043,6971,7027,6582,6673,4053,4095,6535],"product_tag":[],"class_list":{"0":"post-880234","1":"product","2":"type-product","3":"status-publish","4":"has-post-thumbnail","6":"product_cat-assiettes-et-bols-fr","7":"product_cat-bols-de-service-fr","8":"product_cat-paques","9":"product_cat-vaisselle-fr-2","10":"product_cat-rekindle-collection-fr","11":"product_cat-amare-vaisselle-fr","12":"product_cat-accessoires-de-cuisine-fr","13":"product_cat-vaisselle-fr","14":"product_cat-outlet-fr","15":"product_shipping_class-pk","17":"pa_color-bleu-claire-2","18":"pa_material-stone-powder-100-3","20":"first","21":"instock","22":"sale","23":"taxable","24":"shipping-taxable","25":"purchasable","26":"product-type-simple"},"exclude_global_add_ons":[],"addons":[],"acf":[],"yoast_head":"<!-- This site is optimized with the Yoast SEO plugin v26.4 - https:\/\/yoast.com\/wordpress\/plugins\/seo\/ -->\n<title>Amare Assiette Creuse Bleu claire - H\u00fcbsch<\/title>\n<meta name=\"description\" content=\"Cette assiette \u00e0 soupe d&#039;inspiration r\u00e9tro ultra-brillante bleu clair est sublime et r\u00e9haussera vos repas quotidiens autant qu&#039;une cuisine raffin\u00e9e !\" \/>\n<meta name=\"robots\" content=\"index, follow, max-snippet:-1, max-image-preview:large, max-video-preview:-1\" \/>\n<link rel=\"canonical\" href=\"https:\/\/hubsch-interior.com\/fr\/wp-json\/wp\/v2\/product\/880234\" \/>\n<meta property=\"og:locale\" content=\"fr_FR\" \/>\n<meta property=\"og:type\" content=\"article\" \/>\n<meta property=\"og:title\" content=\"Amare Assiette Creuse Bleu claire - H\u00fcbsch\" \/>\n<meta property=\"og:description\" content=\"Cette assiette \u00e0 soupe d&#039;inspiration r\u00e9tro ultra-brillante bleu clair est sublime et r\u00e9haussera vos repas quotidiens autant qu&#039;une cuisine raffin\u00e9e !\" \/>\n<meta property=\"og:url\" content=\"https:\/\/hubsch-interior.com\/fr\/produit\/amare-assiette-creuse-bleu-claire\/\" \/>\n<meta property=\"og:site_name\" content=\"H\u00fcbsch\" \/>\n<meta property=\"article:modified_time\" content=\"2026-04-05T02:27:45+00:00\" \/>\n<meta property=\"og:image\" content=\"https:\/\/hubsch-interior.com\/wp-content\/uploads\/2023\/08\/amare-soup-plate-light-blue-3eeff8ef9dfe4999f4217f7bc963b285.jpg\" \/>\n\t<meta property=\"og:image:width\" content=\"1200\" \/>\n\t<meta property=\"og:image:height\" content=\"1200\" \/>\n\t<meta property=\"og:image:type\" content=\"image\/jpeg\" \/>\n<meta name=\"twitter:card\" content=\"summary_large_image\" \/>\n<meta name=\"twitter:label1\" content=\"Dur\u00e9e de lecture estim\u00e9e\" \/>\n\t<meta name=\"twitter:data1\" content=\"1 minute\" \/>\n<script type=\"application\/ld+json\" class=\"yoast-schema-graph\">{\"@context\":\"https:\/\/schema.org\",\"@graph\":[{\"@type\":\"WebPage\",\"@id\":\"https:\/\/hubsch-interior.com\/fr\/produit\/amare-assiette-creuse-bleu-claire\/\",\"url\":\"https:\/\/hubsch-interior.com\/fr\/produit\/amare-assiette-creuse-bleu-claire\/\",\"name\":\"Amare Assiette Creuse Bleu claire - H\u00fcbsch\",\"isPartOf\":{\"@id\":\"https:\/\/hubsch-interior.com\/fr\/#website\"},\"primaryImageOfPage\":{\"@id\":\"https:\/\/hubsch-interior.com\/fr\/produit\/amare-assiette-creuse-bleu-claire\/#primaryimage\"},\"image\":{\"@id\":\"https:\/\/hubsch-interior.com\/fr\/produit\/amare-assiette-creuse-bleu-claire\/#primaryimage\"},\"thumbnailUrl\":\"https:\/\/hubsch-interior.com\/wp-content\/uploads\/2026\/02\/amare-soup-plate-light-blue-09634cbb72558b47043b600bea8c8815.jpg\",\"datePublished\":\"2023-02-20T07:40:29+00:00\",\"dateModified\":\"2026-04-05T02:27:45+00:00\",\"description\":\"Cette assiette \u00e0 soupe d'inspiration r\u00e9tro ultra-brillante bleu clair est sublime et r\u00e9haussera vos repas quotidiens autant qu'une cuisine raffin\u00e9e !\",\"breadcrumb\":{\"@id\":\"https:\/\/hubsch-interior.com\/fr\/produit\/amare-assiette-creuse-bleu-claire\/#breadcrumb\"},\"inLanguage\":\"fr-FR\",\"potentialAction\":[{\"@type\":\"ReadAction\",\"target\":[\"https:\/\/hubsch-interior.com\/fr\/produit\/amare-assiette-creuse-bleu-claire\/\"]}]},{\"@type\":\"ImageObject\",\"inLanguage\":\"fr-FR\",\"@id\":\"https:\/\/hubsch-interior.com\/fr\/produit\/amare-assiette-creuse-bleu-claire\/#primaryimage\",\"url\":\"https:\/\/hubsch-interior.com\/wp-content\/uploads\/2026\/02\/amare-soup-plate-light-blue-09634cbb72558b47043b600bea8c8815.jpg\",\"contentUrl\":\"https:\/\/hubsch-interior.com\/wp-content\/uploads\/2026\/02\/amare-soup-plate-light-blue-09634cbb72558b47043b600bea8c8815.jpg\",\"width\":1024,\"height\":1024},{\"@type\":\"BreadcrumbList\",\"@id\":\"https:\/\/hubsch-interior.com\/fr\/produit\/amare-assiette-creuse-bleu-claire\/#breadcrumb\",\"itemListElement\":[{\"@type\":\"ListItem\",\"position\":1,\"name\":\"Page d'accueil\",\"item\":\"https:\/\/hubsch-interior.com\/fr\/\"},{\"@type\":\"ListItem\",\"position\":2,\"name\":\"Produits\",\"item\":\"https:\/\/hubsch-interior.com\/fr\/shop-2\/\"},{\"@type\":\"ListItem\",\"position\":3,\"name\":\"Cuisine\",\"item\":\"https:\/\/hubsch-interior.com\/fr\/categorie-produit\/cuisine\/\"},{\"@type\":\"ListItem\",\"position\":4,\"name\":\"Vaisselle\",\"item\":\"https:\/\/hubsch-interior.com\/fr\/categorie-produit\/cuisine\/vaisselle-fr-2\/\"},{\"@type\":\"ListItem\",\"position\":5,\"name\":\"Assiettes et bols\",\"item\":\"https:\/\/hubsch-interior.com\/fr\/categorie-produit\/cuisine\/vaisselle-fr-2\/assiettes-et-bols-fr\/\"},{\"@type\":\"ListItem\",\"position\":6,\"name\":\"Amare Assiette Creuse Bleu claire\"}]},{\"@type\":\"WebSite\",\"@id\":\"https:\/\/hubsch-interior.com\/fr\/#website\",\"url\":\"https:\/\/hubsch-interior.com\/fr\/\",\"name\":\"H\u00fcbsch\",\"description\":\"Danish Home Interior and Design\",\"publisher\":{\"@id\":\"https:\/\/hubsch-interior.com\/fr\/#organization\"},\"potentialAction\":[{\"@type\":\"SearchAction\",\"target\":{\"@type\":\"EntryPoint\",\"urlTemplate\":\"https:\/\/hubsch-interior.com\/fr\/?s={search_term_string}\"},\"query-input\":{\"@type\":\"PropertyValueSpecification\",\"valueRequired\":true,\"valueName\":\"search_term_string\"}}],\"inLanguage\":\"fr-FR\"},{\"@type\":\"Organization\",\"@id\":\"https:\/\/hubsch-interior.com\/fr\/#organization\",\"name\":\"H\u00fcbsch\",\"url\":\"https:\/\/hubsch-interior.com\/fr\/\",\"logo\":{\"@type\":\"ImageObject\",\"inLanguage\":\"fr-FR\",\"@id\":\"https:\/\/hubsch-interior.com\/fr\/#\/schema\/logo\/image\/\",\"url\":\"https:\/\/hubsch-interior.com\/wp-content\/uploads\/2022\/12\/Hubsch_logo_black_one_line.svg\",\"contentUrl\":\"https:\/\/hubsch-interior.com\/wp-content\/uploads\/2022\/12\/Hubsch_logo_black_one_line.svg\",\"caption\":\"H\u00fcbsch\"},\"image\":{\"@id\":\"https:\/\/hubsch-interior.com\/fr\/#\/schema\/logo\/image\/\"}}]}<\/script>\n<!-- \/ Yoast SEO plugin. -->","yoast_head_json":{"title":"Amare Assiette Creuse Bleu claire - H\u00fcbsch","description":"Cette assiette \u00e0 soupe d'inspiration r\u00e9tro ultra-brillante bleu clair est sublime et r\u00e9haussera vos repas quotidiens autant qu'une cuisine raffin\u00e9e !","robots":{"index":"index","follow":"follow","max-snippet":"max-snippet:-1","max-image-preview":"max-image-preview:large","max-video-preview":"max-video-preview:-1"},"canonical":"https:\/\/hubsch-interior.com\/fr\/wp-json\/wp\/v2\/product\/880234","og_locale":"fr_FR","og_type":"article","og_title":"Amare Assiette Creuse Bleu claire - H\u00fcbsch","og_description":"Cette assiette \u00e0 soupe d'inspiration r\u00e9tro ultra-brillante bleu clair est sublime et r\u00e9haussera vos repas quotidiens autant qu'une cuisine raffin\u00e9e !","og_url":"https:\/\/hubsch-interior.com\/fr\/produit\/amare-assiette-creuse-bleu-claire\/","og_site_name":"H\u00fcbsch","article_modified_time":"2026-04-05T02:27:45+00:00","og_image":[{"width":1200,"height":1200,"url":"https:\/\/hubsch-interior.com\/wp-content\/uploads\/2023\/08\/amare-soup-plate-light-blue-3eeff8ef9dfe4999f4217f7bc963b285.jpg","type":"image\/jpeg"}],"twitter_card":"summary_large_image","twitter_misc":{"Dur\u00e9e de lecture estim\u00e9e":"1 minute"},"schema":{"@context":"https:\/\/schema.org","@graph":[{"@type":"WebPage","@id":"https:\/\/hubsch-interior.com\/fr\/produit\/amare-assiette-creuse-bleu-claire\/","url":"https:\/\/hubsch-interior.com\/fr\/produit\/amare-assiette-creuse-bleu-claire\/","name":"Amare Assiette Creuse Bleu claire - H\u00fcbsch","isPartOf":{"@id":"https:\/\/hubsch-interior.com\/fr\/#website"},"primaryImageOfPage":{"@id":"https:\/\/hubsch-interior.com\/fr\/produit\/amare-assiette-creuse-bleu-claire\/#primaryimage"},"image":{"@id":"https:\/\/hubsch-interior.com\/fr\/produit\/amare-assiette-creuse-bleu-claire\/#primaryimage"},"thumbnailUrl":"https:\/\/hubsch-interior.com\/wp-content\/uploads\/2026\/02\/amare-soup-plate-light-blue-09634cbb72558b47043b600bea8c8815.jpg","datePublished":"2023-02-20T07:40:29+00:00","dateModified":"2026-04-05T02:27:45+00:00","description":"Cette assiette \u00e0 soupe d'inspiration r\u00e9tro ultra-brillante bleu clair est sublime et r\u00e9haussera vos repas quotidiens autant qu'une cuisine raffin\u00e9e !","breadcrumb":{"@id":"https:\/\/hubsch-interior.com\/fr\/produit\/amare-assiette-creuse-bleu-claire\/#breadcrumb"},"inLanguage":"fr-FR","potentialAction":[{"@type":"ReadAction","target":["https:\/\/hubsch-interior.com\/fr\/produit\/amare-assiette-creuse-bleu-claire\/"]}]},{"@type":"ImageObject","inLanguage":"fr-FR","@id":"https:\/\/hubsch-interior.com\/fr\/produit\/amare-assiette-creuse-bleu-claire\/#primaryimage","url":"https:\/\/hubsch-interior.com\/wp-content\/uploads\/2026\/02\/amare-soup-plate-light-blue-09634cbb72558b47043b600bea8c8815.jpg","contentUrl":"https:\/\/hubsch-interior.com\/wp-content\/uploads\/2026\/02\/amare-soup-plate-light-blue-09634cbb72558b47043b600bea8c8815.jpg","width":1024,"height":1024},{"@type":"BreadcrumbList","@id":"https:\/\/hubsch-interior.com\/fr\/produit\/amare-assiette-creuse-bleu-claire\/#breadcrumb","itemListElement":[{"@type":"ListItem","position":1,"name":"Page d'accueil","item":"https:\/\/hubsch-interior.com\/fr\/"},{"@type":"ListItem","position":2,"name":"Produits","item":"https:\/\/hubsch-interior.com\/fr\/shop-2\/"},{"@type":"ListItem","position":3,"name":"Cuisine","item":"https:\/\/hubsch-interior.com\/fr\/categorie-produit\/cuisine\/"},{"@type":"ListItem","position":4,"name":"Vaisselle","item":"https:\/\/hubsch-interior.com\/fr\/categorie-produit\/cuisine\/vaisselle-fr-2\/"},{"@type":"ListItem","position":5,"name":"Assiettes et bols","item":"https:\/\/hubsch-interior.com\/fr\/categorie-produit\/cuisine\/vaisselle-fr-2\/assiettes-et-bols-fr\/"},{"@type":"ListItem","position":6,"name":"Amare Assiette Creuse Bleu claire"}]},{"@type":"WebSite","@id":"https:\/\/hubsch-interior.com\/fr\/#website","url":"https:\/\/hubsch-interior.com\/fr\/","name":"H\u00fcbsch","description":"Danish Home Interior and Design","publisher":{"@id":"https:\/\/hubsch-interior.com\/fr\/#organization"},"potentialAction":[{"@type":"SearchAction","target":{"@type":"EntryPoint","urlTemplate":"https:\/\/hubsch-interior.com\/fr\/?s={search_term_string}"},"query-input":{"@type":"PropertyValueSpecification","valueRequired":true,"valueName":"search_term_string"}}],"inLanguage":"fr-FR"},{"@type":"Organization","@id":"https:\/\/hubsch-interior.com\/fr\/#organization","name":"H\u00fcbsch","url":"https:\/\/hubsch-interior.com\/fr\/","logo":{"@type":"ImageObject","inLanguage":"fr-FR","@id":"https:\/\/hubsch-interior.com\/fr\/#\/schema\/logo\/image\/","url":"https:\/\/hubsch-interior.com\/wp-content\/uploads\/2022\/12\/Hubsch_logo_black_one_line.svg","contentUrl":"https:\/\/hubsch-interior.com\/wp-content\/uploads\/2022\/12\/Hubsch_logo_black_one_line.svg","caption":"H\u00fcbsch"},"image":{"@id":"https:\/\/hubsch-interior.com\/fr\/#\/schema\/logo\/image\/"}}]}},"_links":{"self":[{"href":"https:\/\/hubsch-interior.com\/fr\/wp-json\/wp\/v2\/product\/880234","targetHints":{"allow":["GET"]}}],"collection":[{"href":"https:\/\/hubsch-interior.com\/fr\/wp-json\/wp\/v2\/product"}],"about":[{"href":"https:\/\/hubsch-interior.com\/fr\/wp-json\/wp\/v2\/types\/product"}],"wp:featuredmedia":[{"embeddable":true,"href":"https:\/\/hubsch-interior.com\/fr\/wp-json\/wp\/v2\/media\/1096355"}],"wp:attachment":[{"href":"https:\/\/hubsch-interior.com\/fr\/wp-json\/wp\/v2\/media?parent=880234"}],"wp:term":[{"taxonomy":"product_brand","embeddable":true,"href":"https:\/\/hubsch-interior.com\/fr\/wp-json\/wp\/v2\/product_brand?post=880234"},{"taxonomy":"product_cat","embeddable":true,"href":"https:\/\/hubsch-interior.com\/fr\/wp-json\/wp\/v2\/product_cat?post=880234"},{"taxonomy":"product_tag","embeddable":true,"href":"https:\/\/hubsch-interior.com\/fr\/wp-json\/wp\/v2\/product_tag?post=880234"}],"curies":[{"name":"wp","href":"https:\/\/api.w.org\/{rel}","templated":true}]}}