{"id":880338,"date":"2023-02-20T08:40:57","date_gmt":"2023-02-20T07:40:57","guid":{"rendered":"https:\/\/hubsch-interior.com\/product\/product\/"},"modified":"2026-04-09T04:38:20","modified_gmt":"2026-04-09T02:38:20","slug":"crave-couverts-a-salade-multicolore-set-de-2","status":"publish","type":"product","link":"https:\/\/hubsch-interior.com\/fr\/produit\/crave-couverts-a-salade-multicolore-set-de-2\/","title":{"rendered":"Crave Couverts \u00e0 salade \u00a0Multicolor\u00e9 (set de 2)"},"content":{"rendered":"<p>Nous recherchons toujours une fa\u00e7on d&#8217;embellir une belle salade color\u00e9e et d\u00e9licieuse. C&#8217;est ce qui a motiv\u00e9 nos \u00e9quipes lors de la conception de ces ravissants couverts \u00e0 salade. D&#8217;une beaut\u00e9 rare, ces couverts \u00e0 salade en verre ambr\u00e9 et vert clair sont ceux qui mettront le plus en valeur votre magnifique salade. Et puis, m\u00eame avec une salade un peu plus modeste, ces couverts \u00e0 salade donneront du peps \u00e0 vos compositions. Testez, et appr\u00e9ciez !<\/p>\n","protected":false},"excerpt":{"rendered":"<p>Nous recherchons toujours une fa\u00e7on d&#8217;embellir une belle salade color\u00e9e et d\u00e9licieuse. C&#8217;est ce qui a motiv\u00e9 nos \u00e9quipes lors de la conception de ces ravissants couverts \u00e0 salade. D&#8217;une beaut\u00e9 rare, ces couverts \u00e0 salade en verre ambr\u00e9 et vert clair sont ceux qui mettront le plus en valeur votre magnifique salade. Et puis, [&hellip;]<\/p>\n","protected":false},"featured_media":1099167,"template":"","meta":{"_acf_changed":false,"inline_featured_image":false},"product_brand":[],"product_cat":[7051,6971,7027,6582,4053,4095,5026,6535],"product_tag":[],"class_list":{"0":"post-880338","1":"product","2":"type-product","3":"status-publish","4":"has-post-thumbnail","6":"product_cat-couverts-fr","7":"product_cat-paques","8":"product_cat-vaisselle-fr-2","9":"product_cat-rekindle-collection-fr","10":"product_cat-accessoires-de-cuisine-fr","11":"product_cat-vaisselle-fr","12":"product_cat-bestsellers-fr","13":"product_cat-outlet-fr","14":"product_shipping_class-pk","16":"pa_color-multicolor-2","17":"pa_material-verre-fr","19":"first","20":"instock","21":"sale","22":"featured","23":"taxable","24":"shipping-taxable","25":"purchasable","26":"product-type-simple"},"exclude_global_add_ons":[],"addons":[],"acf":[],"yoast_head":"<!-- This site is optimized with the Yoast SEO plugin v26.4 - https:\/\/yoast.com\/wordpress\/plugins\/seo\/ -->\n<title>Crave Couverts \u00e0 salade \u00a0Multicolor\u00e9 (set de 2) - H\u00fcbsch<\/title>\n<meta name=\"description\" content=\"Nous recherchons toujours une fa\u00e7on d&#039;embellir une belle salade color\u00e9e et d\u00e9licieuse. C&#039;est ce qui a motiv\u00e9 nos \u00e9quipes lors de la conception de ces\" \/>\n<meta name=\"robots\" content=\"index, follow, max-snippet:-1, max-image-preview:large, max-video-preview:-1\" \/>\n<link rel=\"canonical\" href=\"https:\/\/hubsch-interior.com\/fr\/wp-json\/wp\/v2\/product\/880338\" \/>\n<meta property=\"og:locale\" content=\"fr_FR\" \/>\n<meta property=\"og:type\" content=\"article\" \/>\n<meta property=\"og:title\" content=\"Crave Couverts \u00e0 salade \u00a0Multicolor\u00e9 (set de 2) - H\u00fcbsch\" \/>\n<meta property=\"og:description\" content=\"Nous recherchons toujours une fa\u00e7on d&#039;embellir une belle salade color\u00e9e et d\u00e9licieuse. C&#039;est ce qui a motiv\u00e9 nos \u00e9quipes lors de la conception de ces\" \/>\n<meta property=\"og:url\" content=\"https:\/\/hubsch-interior.com\/fr\/produit\/crave-couverts-a-salade-multicolore-set-de-2\/\" \/>\n<meta property=\"og:site_name\" content=\"H\u00fcbsch\" \/>\n<meta property=\"article:modified_time\" content=\"2026-04-09T02:38:20+00:00\" \/>\n<meta property=\"og:image\" content=\"https:\/\/hubsch-interior.com\/wp-content\/uploads\/2024\/01\/crave-salad-servers-multicolour-set-of-2-c9cd1e3c75b1cdf6ac687892faaa7d3c.jpg\" \/>\n\t<meta property=\"og:image:width\" content=\"1200\" \/>\n\t<meta property=\"og:image:height\" content=\"1200\" \/>\n\t<meta property=\"og:image:type\" content=\"image\/jpeg\" \/>\n<meta name=\"twitter:card\" content=\"summary_large_image\" \/>\n<script type=\"application\/ld+json\" class=\"yoast-schema-graph\">{\"@context\":\"https:\/\/schema.org\",\"@graph\":[{\"@type\":\"WebPage\",\"@id\":\"https:\/\/hubsch-interior.com\/fr\/produit\/crave-couverts-a-salade-multicolore-set-de-2\/\",\"url\":\"https:\/\/hubsch-interior.com\/fr\/produit\/crave-couverts-a-salade-multicolore-set-de-2\/\",\"name\":\"Crave Couverts \u00e0 salade \u00a0Multicolor\u00e9 (set de 2) - H\u00fcbsch\",\"isPartOf\":{\"@id\":\"https:\/\/hubsch-interior.com\/fr\/#website\"},\"primaryImageOfPage\":{\"@id\":\"https:\/\/hubsch-interior.com\/fr\/produit\/crave-couverts-a-salade-multicolore-set-de-2\/#primaryimage\"},\"image\":{\"@id\":\"https:\/\/hubsch-interior.com\/fr\/produit\/crave-couverts-a-salade-multicolore-set-de-2\/#primaryimage\"},\"thumbnailUrl\":\"https:\/\/hubsch-interior.com\/wp-content\/uploads\/2026\/02\/crave-salad-servers-multicolour-set-of-2-ef9f82fc657192840bb7a74fa057a150.jpg\",\"datePublished\":\"2023-02-20T07:40:57+00:00\",\"dateModified\":\"2026-04-09T02:38:20+00:00\",\"description\":\"Nous recherchons toujours une fa\u00e7on d'embellir une belle salade color\u00e9e et d\u00e9licieuse. C'est ce qui a motiv\u00e9 nos \u00e9quipes lors de la conception de ces\",\"breadcrumb\":{\"@id\":\"https:\/\/hubsch-interior.com\/fr\/produit\/crave-couverts-a-salade-multicolore-set-de-2\/#breadcrumb\"},\"inLanguage\":\"fr-FR\",\"potentialAction\":[{\"@type\":\"ReadAction\",\"target\":[\"https:\/\/hubsch-interior.com\/fr\/produit\/crave-couverts-a-salade-multicolore-set-de-2\/\"]}]},{\"@type\":\"ImageObject\",\"inLanguage\":\"fr-FR\",\"@id\":\"https:\/\/hubsch-interior.com\/fr\/produit\/crave-couverts-a-salade-multicolore-set-de-2\/#primaryimage\",\"url\":\"https:\/\/hubsch-interior.com\/wp-content\/uploads\/2026\/02\/crave-salad-servers-multicolour-set-of-2-ef9f82fc657192840bb7a74fa057a150.jpg\",\"contentUrl\":\"https:\/\/hubsch-interior.com\/wp-content\/uploads\/2026\/02\/crave-salad-servers-multicolour-set-of-2-ef9f82fc657192840bb7a74fa057a150.jpg\",\"width\":1024,\"height\":1024},{\"@type\":\"BreadcrumbList\",\"@id\":\"https:\/\/hubsch-interior.com\/fr\/produit\/crave-couverts-a-salade-multicolore-set-de-2\/#breadcrumb\",\"itemListElement\":[{\"@type\":\"ListItem\",\"position\":1,\"name\":\"Page d'accueil\",\"item\":\"https:\/\/hubsch-interior.com\/fr\/\"},{\"@type\":\"ListItem\",\"position\":2,\"name\":\"Produits\",\"item\":\"https:\/\/hubsch-interior.com\/fr\/shop-2\/\"},{\"@type\":\"ListItem\",\"position\":3,\"name\":\"Cuisine\",\"item\":\"https:\/\/hubsch-interior.com\/fr\/categorie-produit\/cuisine\/\"},{\"@type\":\"ListItem\",\"position\":4,\"name\":\"Vaisselle\",\"item\":\"https:\/\/hubsch-interior.com\/fr\/categorie-produit\/cuisine\/vaisselle-fr-2\/\"},{\"@type\":\"ListItem\",\"position\":5,\"name\":\"Couverts\",\"item\":\"https:\/\/hubsch-interior.com\/fr\/categorie-produit\/cuisine\/vaisselle-fr-2\/couverts-fr\/\"},{\"@type\":\"ListItem\",\"position\":6,\"name\":\"Crave Couverts \u00e0 salade \u00a0Multicolor\u00e9 (set de 2)\"}]},{\"@type\":\"WebSite\",\"@id\":\"https:\/\/hubsch-interior.com\/fr\/#website\",\"url\":\"https:\/\/hubsch-interior.com\/fr\/\",\"name\":\"H\u00fcbsch\",\"description\":\"Danish Home Interior and Design\",\"publisher\":{\"@id\":\"https:\/\/hubsch-interior.com\/fr\/#organization\"},\"potentialAction\":[{\"@type\":\"SearchAction\",\"target\":{\"@type\":\"EntryPoint\",\"urlTemplate\":\"https:\/\/hubsch-interior.com\/fr\/?s={search_term_string}\"},\"query-input\":{\"@type\":\"PropertyValueSpecification\",\"valueRequired\":true,\"valueName\":\"search_term_string\"}}],\"inLanguage\":\"fr-FR\"},{\"@type\":\"Organization\",\"@id\":\"https:\/\/hubsch-interior.com\/fr\/#organization\",\"name\":\"H\u00fcbsch\",\"url\":\"https:\/\/hubsch-interior.com\/fr\/\",\"logo\":{\"@type\":\"ImageObject\",\"inLanguage\":\"fr-FR\",\"@id\":\"https:\/\/hubsch-interior.com\/fr\/#\/schema\/logo\/image\/\",\"url\":\"https:\/\/hubsch-interior.com\/wp-content\/uploads\/2022\/12\/Hubsch_logo_black_one_line.svg\",\"contentUrl\":\"https:\/\/hubsch-interior.com\/wp-content\/uploads\/2022\/12\/Hubsch_logo_black_one_line.svg\",\"caption\":\"H\u00fcbsch\"},\"image\":{\"@id\":\"https:\/\/hubsch-interior.com\/fr\/#\/schema\/logo\/image\/\"}}]}<\/script>\n<!-- \/ Yoast SEO plugin. -->","yoast_head_json":{"title":"Crave Couverts \u00e0 salade \u00a0Multicolor\u00e9 (set de 2) - H\u00fcbsch","description":"Nous recherchons toujours une fa\u00e7on d'embellir une belle salade color\u00e9e et d\u00e9licieuse. C'est ce qui a motiv\u00e9 nos \u00e9quipes lors de la conception de ces","robots":{"index":"index","follow":"follow","max-snippet":"max-snippet:-1","max-image-preview":"max-image-preview:large","max-video-preview":"max-video-preview:-1"},"canonical":"https:\/\/hubsch-interior.com\/fr\/wp-json\/wp\/v2\/product\/880338","og_locale":"fr_FR","og_type":"article","og_title":"Crave Couverts \u00e0 salade \u00a0Multicolor\u00e9 (set de 2) - H\u00fcbsch","og_description":"Nous recherchons toujours une fa\u00e7on d'embellir une belle salade color\u00e9e et d\u00e9licieuse. C'est ce qui a motiv\u00e9 nos \u00e9quipes lors de la conception de ces","og_url":"https:\/\/hubsch-interior.com\/fr\/produit\/crave-couverts-a-salade-multicolore-set-de-2\/","og_site_name":"H\u00fcbsch","article_modified_time":"2026-04-09T02:38:20+00:00","og_image":[{"width":1200,"height":1200,"url":"https:\/\/hubsch-interior.com\/wp-content\/uploads\/2024\/01\/crave-salad-servers-multicolour-set-of-2-c9cd1e3c75b1cdf6ac687892faaa7d3c.jpg","type":"image\/jpeg"}],"twitter_card":"summary_large_image","schema":{"@context":"https:\/\/schema.org","@graph":[{"@type":"WebPage","@id":"https:\/\/hubsch-interior.com\/fr\/produit\/crave-couverts-a-salade-multicolore-set-de-2\/","url":"https:\/\/hubsch-interior.com\/fr\/produit\/crave-couverts-a-salade-multicolore-set-de-2\/","name":"Crave Couverts \u00e0 salade \u00a0Multicolor\u00e9 (set de 2) - H\u00fcbsch","isPartOf":{"@id":"https:\/\/hubsch-interior.com\/fr\/#website"},"primaryImageOfPage":{"@id":"https:\/\/hubsch-interior.com\/fr\/produit\/crave-couverts-a-salade-multicolore-set-de-2\/#primaryimage"},"image":{"@id":"https:\/\/hubsch-interior.com\/fr\/produit\/crave-couverts-a-salade-multicolore-set-de-2\/#primaryimage"},"thumbnailUrl":"https:\/\/hubsch-interior.com\/wp-content\/uploads\/2026\/02\/crave-salad-servers-multicolour-set-of-2-ef9f82fc657192840bb7a74fa057a150.jpg","datePublished":"2023-02-20T07:40:57+00:00","dateModified":"2026-04-09T02:38:20+00:00","description":"Nous recherchons toujours une fa\u00e7on d'embellir une belle salade color\u00e9e et d\u00e9licieuse. C'est ce qui a motiv\u00e9 nos \u00e9quipes lors de la conception de ces","breadcrumb":{"@id":"https:\/\/hubsch-interior.com\/fr\/produit\/crave-couverts-a-salade-multicolore-set-de-2\/#breadcrumb"},"inLanguage":"fr-FR","potentialAction":[{"@type":"ReadAction","target":["https:\/\/hubsch-interior.com\/fr\/produit\/crave-couverts-a-salade-multicolore-set-de-2\/"]}]},{"@type":"ImageObject","inLanguage":"fr-FR","@id":"https:\/\/hubsch-interior.com\/fr\/produit\/crave-couverts-a-salade-multicolore-set-de-2\/#primaryimage","url":"https:\/\/hubsch-interior.com\/wp-content\/uploads\/2026\/02\/crave-salad-servers-multicolour-set-of-2-ef9f82fc657192840bb7a74fa057a150.jpg","contentUrl":"https:\/\/hubsch-interior.com\/wp-content\/uploads\/2026\/02\/crave-salad-servers-multicolour-set-of-2-ef9f82fc657192840bb7a74fa057a150.jpg","width":1024,"height":1024},{"@type":"BreadcrumbList","@id":"https:\/\/hubsch-interior.com\/fr\/produit\/crave-couverts-a-salade-multicolore-set-de-2\/#breadcrumb","itemListElement":[{"@type":"ListItem","position":1,"name":"Page d'accueil","item":"https:\/\/hubsch-interior.com\/fr\/"},{"@type":"ListItem","position":2,"name":"Produits","item":"https:\/\/hubsch-interior.com\/fr\/shop-2\/"},{"@type":"ListItem","position":3,"name":"Cuisine","item":"https:\/\/hubsch-interior.com\/fr\/categorie-produit\/cuisine\/"},{"@type":"ListItem","position":4,"name":"Vaisselle","item":"https:\/\/hubsch-interior.com\/fr\/categorie-produit\/cuisine\/vaisselle-fr-2\/"},{"@type":"ListItem","position":5,"name":"Couverts","item":"https:\/\/hubsch-interior.com\/fr\/categorie-produit\/cuisine\/vaisselle-fr-2\/couverts-fr\/"},{"@type":"ListItem","position":6,"name":"Crave Couverts \u00e0 salade \u00a0Multicolor\u00e9 (set de 2)"}]},{"@type":"WebSite","@id":"https:\/\/hubsch-interior.com\/fr\/#website","url":"https:\/\/hubsch-interior.com\/fr\/","name":"H\u00fcbsch","description":"Danish Home Interior and Design","publisher":{"@id":"https:\/\/hubsch-interior.com\/fr\/#organization"},"potentialAction":[{"@type":"SearchAction","target":{"@type":"EntryPoint","urlTemplate":"https:\/\/hubsch-interior.com\/fr\/?s={search_term_string}"},"query-input":{"@type":"PropertyValueSpecification","valueRequired":true,"valueName":"search_term_string"}}],"inLanguage":"fr-FR"},{"@type":"Organization","@id":"https:\/\/hubsch-interior.com\/fr\/#organization","name":"H\u00fcbsch","url":"https:\/\/hubsch-interior.com\/fr\/","logo":{"@type":"ImageObject","inLanguage":"fr-FR","@id":"https:\/\/hubsch-interior.com\/fr\/#\/schema\/logo\/image\/","url":"https:\/\/hubsch-interior.com\/wp-content\/uploads\/2022\/12\/Hubsch_logo_black_one_line.svg","contentUrl":"https:\/\/hubsch-interior.com\/wp-content\/uploads\/2022\/12\/Hubsch_logo_black_one_line.svg","caption":"H\u00fcbsch"},"image":{"@id":"https:\/\/hubsch-interior.com\/fr\/#\/schema\/logo\/image\/"}}]}},"_links":{"self":[{"href":"https:\/\/hubsch-interior.com\/fr\/wp-json\/wp\/v2\/product\/880338","targetHints":{"allow":["GET"]}}],"collection":[{"href":"https:\/\/hubsch-interior.com\/fr\/wp-json\/wp\/v2\/product"}],"about":[{"href":"https:\/\/hubsch-interior.com\/fr\/wp-json\/wp\/v2\/types\/product"}],"wp:featuredmedia":[{"embeddable":true,"href":"https:\/\/hubsch-interior.com\/fr\/wp-json\/wp\/v2\/media\/1099167"}],"wp:attachment":[{"href":"https:\/\/hubsch-interior.com\/fr\/wp-json\/wp\/v2\/media?parent=880338"}],"wp:term":[{"taxonomy":"product_brand","embeddable":true,"href":"https:\/\/hubsch-interior.com\/fr\/wp-json\/wp\/v2\/product_brand?post=880338"},{"taxonomy":"product_cat","embeddable":true,"href":"https:\/\/hubsch-interior.com\/fr\/wp-json\/wp\/v2\/product_cat?post=880338"},{"taxonomy":"product_tag","embeddable":true,"href":"https:\/\/hubsch-interior.com\/fr\/wp-json\/wp\/v2\/product_tag?post=880338"}],"curies":[{"name":"wp","href":"https:\/\/api.w.org\/{rel}","templated":true}]}}