{"id":880550,"date":"2023-02-20T08:41:36","date_gmt":"2023-02-20T07:41:36","guid":{"rendered":"https:\/\/hubsch-interior.com\/product\/product\/"},"modified":"2026-04-08T04:41:57","modified_gmt":"2026-04-08T02:41:57","slug":"playful-torchons-multicolore-set-de-2","status":"publish","type":"product","link":"https:\/\/hubsch-interior.com\/fr\/produit\/playful-torchons-multicolore-set-de-2\/","title":{"rendered":"Playful Torchons \u00a0Multicolor\u00e9 (set de 2)"},"content":{"rendered":"<p>Pensez-vous que votre salon et votre canap\u00e9 soient les seuls \u00e0 avoir le privil\u00e8ge d&#8217;introduire des touches de couleurs ? Non. Votre cuisine, elle aussi, m\u00e9rite d&#8217;opter pour plus de fun ! C&#8217;est pourquoi nous avons imagin\u00e9 ces torchons \u00e0 carreaux merveilleux dans un m\u00e9lange de couleurs audacieuses. Et nous sommes s\u00fbrs que ces torchons apporteront de la gaiet\u00e9 \u00e0 vos repas quotidiens!<\/p>\n","protected":false},"excerpt":{"rendered":"<p>Pensez-vous que votre salon et votre canap\u00e9 soient les seuls \u00e0 avoir le privil\u00e8ge d&#8217;introduire des touches de couleurs ? Non. Votre cuisine, elle aussi, m\u00e9rite d&#8217;opter pour plus de fun ! C&#8217;est pourquoi nous avons imagin\u00e9 ces torchons \u00e0 carreaux merveilleux dans un m\u00e9lange de couleurs audacieuses. Et nous sommes s\u00fbrs que ces torchons [&hellip;]<\/p>\n","protected":false},"featured_media":1100240,"template":"","meta":{"_acf_changed":false,"inline_featured_image":false},"product_brand":[],"product_cat":[6971,6582,3002,4091,5026,6535],"product_tag":[],"class_list":{"0":"post-880550","1":"product","2":"type-product","3":"status-publish","4":"has-post-thumbnail","6":"product_cat-paques","7":"product_cat-rekindle-collection-fr","8":"product_cat-textile","9":"product_cat-textiles-de-cuisine-fr","10":"product_cat-bestsellers-fr","11":"product_cat-outlet-fr","12":"product_shipping_class-pk","13":"pa_color-multicolor-2","14":"pa_material-cotton-100-fr","16":"first","17":"instock","18":"sale","19":"featured","20":"taxable","21":"shipping-taxable","22":"purchasable","23":"product-type-simple"},"exclude_global_add_ons":[],"addons":[],"acf":[],"yoast_head":"<!-- This site is optimized with the Yoast SEO plugin v26.4 - https:\/\/yoast.com\/wordpress\/plugins\/seo\/ -->\n<title>Playful Torchons \u00a0Multicolor\u00e9 (set de 2) - H\u00fcbsch<\/title>\n<meta name=\"description\" content=\"Pensez-vous que votre salon et votre canap\u00e9 soient les seuls \u00e0 avoir le privil\u00e8ge d&#039;introduire des touches de couleurs ? Non. Votre cuisine, elle aussi,\" \/>\n<meta name=\"robots\" content=\"index, follow, max-snippet:-1, max-image-preview:large, max-video-preview:-1\" \/>\n<link rel=\"canonical\" href=\"https:\/\/hubsch-interior.com\/fr\/wp-json\/wp\/v2\/product\/880550\" \/>\n<meta property=\"og:locale\" content=\"fr_FR\" \/>\n<meta property=\"og:type\" content=\"article\" \/>\n<meta property=\"og:title\" content=\"Playful Torchons \u00a0Multicolor\u00e9 (set de 2) - H\u00fcbsch\" \/>\n<meta property=\"og:description\" content=\"Pensez-vous que votre salon et votre canap\u00e9 soient les seuls \u00e0 avoir le privil\u00e8ge d&#039;introduire des touches de couleurs ? Non. Votre cuisine, elle aussi,\" \/>\n<meta property=\"og:url\" content=\"https:\/\/hubsch-interior.com\/fr\/produit\/playful-torchons-multicolore-set-de-2\/\" \/>\n<meta property=\"og:site_name\" content=\"H\u00fcbsch\" \/>\n<meta property=\"article:modified_time\" content=\"2026-04-08T02:41:57+00:00\" \/>\n<meta property=\"og:image\" content=\"https:\/\/hubsch-interior.com\/wp-content\/uploads\/2024\/01\/playful-tea-towels-multicolour-set-of-2-0ed44c257f68755573f55c6027c1c285.jpg\" \/>\n\t<meta property=\"og:image:width\" content=\"1200\" \/>\n\t<meta property=\"og:image:height\" content=\"1200\" \/>\n\t<meta property=\"og:image:type\" content=\"image\/jpeg\" \/>\n<meta name=\"twitter:card\" content=\"summary_large_image\" \/>\n<script type=\"application\/ld+json\" class=\"yoast-schema-graph\">{\"@context\":\"https:\/\/schema.org\",\"@graph\":[{\"@type\":\"WebPage\",\"@id\":\"https:\/\/hubsch-interior.com\/fr\/produit\/playful-torchons-multicolore-set-de-2\/\",\"url\":\"https:\/\/hubsch-interior.com\/fr\/produit\/playful-torchons-multicolore-set-de-2\/\",\"name\":\"Playful Torchons \u00a0Multicolor\u00e9 (set de 2) - H\u00fcbsch\",\"isPartOf\":{\"@id\":\"https:\/\/hubsch-interior.com\/fr\/#website\"},\"primaryImageOfPage\":{\"@id\":\"https:\/\/hubsch-interior.com\/fr\/produit\/playful-torchons-multicolore-set-de-2\/#primaryimage\"},\"image\":{\"@id\":\"https:\/\/hubsch-interior.com\/fr\/produit\/playful-torchons-multicolore-set-de-2\/#primaryimage\"},\"thumbnailUrl\":\"https:\/\/hubsch-interior.com\/wp-content\/uploads\/2026\/02\/playful-tea-towels-multicolour-set-of-2-8518103b6afeee85f4098ef2142d5ad9.jpg\",\"datePublished\":\"2023-02-20T07:41:36+00:00\",\"dateModified\":\"2026-04-08T02:41:57+00:00\",\"description\":\"Pensez-vous que votre salon et votre canap\u00e9 soient les seuls \u00e0 avoir le privil\u00e8ge d'introduire des touches de couleurs ? Non. Votre cuisine, elle aussi,\",\"breadcrumb\":{\"@id\":\"https:\/\/hubsch-interior.com\/fr\/produit\/playful-torchons-multicolore-set-de-2\/#breadcrumb\"},\"inLanguage\":\"fr-FR\",\"potentialAction\":[{\"@type\":\"ReadAction\",\"target\":[\"https:\/\/hubsch-interior.com\/fr\/produit\/playful-torchons-multicolore-set-de-2\/\"]}]},{\"@type\":\"ImageObject\",\"inLanguage\":\"fr-FR\",\"@id\":\"https:\/\/hubsch-interior.com\/fr\/produit\/playful-torchons-multicolore-set-de-2\/#primaryimage\",\"url\":\"https:\/\/hubsch-interior.com\/wp-content\/uploads\/2026\/02\/playful-tea-towels-multicolour-set-of-2-8518103b6afeee85f4098ef2142d5ad9.jpg\",\"contentUrl\":\"https:\/\/hubsch-interior.com\/wp-content\/uploads\/2026\/02\/playful-tea-towels-multicolour-set-of-2-8518103b6afeee85f4098ef2142d5ad9.jpg\",\"width\":1024,\"height\":1024},{\"@type\":\"BreadcrumbList\",\"@id\":\"https:\/\/hubsch-interior.com\/fr\/produit\/playful-torchons-multicolore-set-de-2\/#breadcrumb\",\"itemListElement\":[{\"@type\":\"ListItem\",\"position\":1,\"name\":\"Page d'accueil\",\"item\":\"https:\/\/hubsch-interior.com\/fr\/\"},{\"@type\":\"ListItem\",\"position\":2,\"name\":\"Produits\",\"item\":\"https:\/\/hubsch-interior.com\/fr\/shop-2\/\"},{\"@type\":\"ListItem\",\"position\":3,\"name\":\"Textiles\",\"item\":\"https:\/\/hubsch-interior.com\/fr\/categorie-produit\/textile\/\"},{\"@type\":\"ListItem\",\"position\":4,\"name\":\"Textiles de cuisine\",\"item\":\"https:\/\/hubsch-interior.com\/fr\/categorie-produit\/textile\/textiles-de-cuisine-fr\/\"},{\"@type\":\"ListItem\",\"position\":5,\"name\":\"Playful Torchons \u00a0Multicolor\u00e9 (set de 2)\"}]},{\"@type\":\"WebSite\",\"@id\":\"https:\/\/hubsch-interior.com\/fr\/#website\",\"url\":\"https:\/\/hubsch-interior.com\/fr\/\",\"name\":\"H\u00fcbsch\",\"description\":\"Danish Home Interior and Design\",\"publisher\":{\"@id\":\"https:\/\/hubsch-interior.com\/fr\/#organization\"},\"potentialAction\":[{\"@type\":\"SearchAction\",\"target\":{\"@type\":\"EntryPoint\",\"urlTemplate\":\"https:\/\/hubsch-interior.com\/fr\/?s={search_term_string}\"},\"query-input\":{\"@type\":\"PropertyValueSpecification\",\"valueRequired\":true,\"valueName\":\"search_term_string\"}}],\"inLanguage\":\"fr-FR\"},{\"@type\":\"Organization\",\"@id\":\"https:\/\/hubsch-interior.com\/fr\/#organization\",\"name\":\"H\u00fcbsch\",\"url\":\"https:\/\/hubsch-interior.com\/fr\/\",\"logo\":{\"@type\":\"ImageObject\",\"inLanguage\":\"fr-FR\",\"@id\":\"https:\/\/hubsch-interior.com\/fr\/#\/schema\/logo\/image\/\",\"url\":\"https:\/\/hubsch-interior.com\/wp-content\/uploads\/2022\/12\/Hubsch_logo_black_one_line.svg\",\"contentUrl\":\"https:\/\/hubsch-interior.com\/wp-content\/uploads\/2022\/12\/Hubsch_logo_black_one_line.svg\",\"caption\":\"H\u00fcbsch\"},\"image\":{\"@id\":\"https:\/\/hubsch-interior.com\/fr\/#\/schema\/logo\/image\/\"}}]}<\/script>\n<!-- \/ Yoast SEO plugin. -->","yoast_head_json":{"title":"Playful Torchons \u00a0Multicolor\u00e9 (set de 2) - H\u00fcbsch","description":"Pensez-vous que votre salon et votre canap\u00e9 soient les seuls \u00e0 avoir le privil\u00e8ge d'introduire des touches de couleurs ? Non. Votre cuisine, elle aussi,","robots":{"index":"index","follow":"follow","max-snippet":"max-snippet:-1","max-image-preview":"max-image-preview:large","max-video-preview":"max-video-preview:-1"},"canonical":"https:\/\/hubsch-interior.com\/fr\/wp-json\/wp\/v2\/product\/880550","og_locale":"fr_FR","og_type":"article","og_title":"Playful Torchons \u00a0Multicolor\u00e9 (set de 2) - H\u00fcbsch","og_description":"Pensez-vous que votre salon et votre canap\u00e9 soient les seuls \u00e0 avoir le privil\u00e8ge d'introduire des touches de couleurs ? Non. Votre cuisine, elle aussi,","og_url":"https:\/\/hubsch-interior.com\/fr\/produit\/playful-torchons-multicolore-set-de-2\/","og_site_name":"H\u00fcbsch","article_modified_time":"2026-04-08T02:41:57+00:00","og_image":[{"width":1200,"height":1200,"url":"https:\/\/hubsch-interior.com\/wp-content\/uploads\/2024\/01\/playful-tea-towels-multicolour-set-of-2-0ed44c257f68755573f55c6027c1c285.jpg","type":"image\/jpeg"}],"twitter_card":"summary_large_image","schema":{"@context":"https:\/\/schema.org","@graph":[{"@type":"WebPage","@id":"https:\/\/hubsch-interior.com\/fr\/produit\/playful-torchons-multicolore-set-de-2\/","url":"https:\/\/hubsch-interior.com\/fr\/produit\/playful-torchons-multicolore-set-de-2\/","name":"Playful Torchons \u00a0Multicolor\u00e9 (set de 2) - H\u00fcbsch","isPartOf":{"@id":"https:\/\/hubsch-interior.com\/fr\/#website"},"primaryImageOfPage":{"@id":"https:\/\/hubsch-interior.com\/fr\/produit\/playful-torchons-multicolore-set-de-2\/#primaryimage"},"image":{"@id":"https:\/\/hubsch-interior.com\/fr\/produit\/playful-torchons-multicolore-set-de-2\/#primaryimage"},"thumbnailUrl":"https:\/\/hubsch-interior.com\/wp-content\/uploads\/2026\/02\/playful-tea-towels-multicolour-set-of-2-8518103b6afeee85f4098ef2142d5ad9.jpg","datePublished":"2023-02-20T07:41:36+00:00","dateModified":"2026-04-08T02:41:57+00:00","description":"Pensez-vous que votre salon et votre canap\u00e9 soient les seuls \u00e0 avoir le privil\u00e8ge d'introduire des touches de couleurs ? Non. Votre cuisine, elle aussi,","breadcrumb":{"@id":"https:\/\/hubsch-interior.com\/fr\/produit\/playful-torchons-multicolore-set-de-2\/#breadcrumb"},"inLanguage":"fr-FR","potentialAction":[{"@type":"ReadAction","target":["https:\/\/hubsch-interior.com\/fr\/produit\/playful-torchons-multicolore-set-de-2\/"]}]},{"@type":"ImageObject","inLanguage":"fr-FR","@id":"https:\/\/hubsch-interior.com\/fr\/produit\/playful-torchons-multicolore-set-de-2\/#primaryimage","url":"https:\/\/hubsch-interior.com\/wp-content\/uploads\/2026\/02\/playful-tea-towels-multicolour-set-of-2-8518103b6afeee85f4098ef2142d5ad9.jpg","contentUrl":"https:\/\/hubsch-interior.com\/wp-content\/uploads\/2026\/02\/playful-tea-towels-multicolour-set-of-2-8518103b6afeee85f4098ef2142d5ad9.jpg","width":1024,"height":1024},{"@type":"BreadcrumbList","@id":"https:\/\/hubsch-interior.com\/fr\/produit\/playful-torchons-multicolore-set-de-2\/#breadcrumb","itemListElement":[{"@type":"ListItem","position":1,"name":"Page d'accueil","item":"https:\/\/hubsch-interior.com\/fr\/"},{"@type":"ListItem","position":2,"name":"Produits","item":"https:\/\/hubsch-interior.com\/fr\/shop-2\/"},{"@type":"ListItem","position":3,"name":"Textiles","item":"https:\/\/hubsch-interior.com\/fr\/categorie-produit\/textile\/"},{"@type":"ListItem","position":4,"name":"Textiles de cuisine","item":"https:\/\/hubsch-interior.com\/fr\/categorie-produit\/textile\/textiles-de-cuisine-fr\/"},{"@type":"ListItem","position":5,"name":"Playful Torchons \u00a0Multicolor\u00e9 (set de 2)"}]},{"@type":"WebSite","@id":"https:\/\/hubsch-interior.com\/fr\/#website","url":"https:\/\/hubsch-interior.com\/fr\/","name":"H\u00fcbsch","description":"Danish Home Interior and Design","publisher":{"@id":"https:\/\/hubsch-interior.com\/fr\/#organization"},"potentialAction":[{"@type":"SearchAction","target":{"@type":"EntryPoint","urlTemplate":"https:\/\/hubsch-interior.com\/fr\/?s={search_term_string}"},"query-input":{"@type":"PropertyValueSpecification","valueRequired":true,"valueName":"search_term_string"}}],"inLanguage":"fr-FR"},{"@type":"Organization","@id":"https:\/\/hubsch-interior.com\/fr\/#organization","name":"H\u00fcbsch","url":"https:\/\/hubsch-interior.com\/fr\/","logo":{"@type":"ImageObject","inLanguage":"fr-FR","@id":"https:\/\/hubsch-interior.com\/fr\/#\/schema\/logo\/image\/","url":"https:\/\/hubsch-interior.com\/wp-content\/uploads\/2022\/12\/Hubsch_logo_black_one_line.svg","contentUrl":"https:\/\/hubsch-interior.com\/wp-content\/uploads\/2022\/12\/Hubsch_logo_black_one_line.svg","caption":"H\u00fcbsch"},"image":{"@id":"https:\/\/hubsch-interior.com\/fr\/#\/schema\/logo\/image\/"}}]}},"_links":{"self":[{"href":"https:\/\/hubsch-interior.com\/fr\/wp-json\/wp\/v2\/product\/880550","targetHints":{"allow":["GET"]}}],"collection":[{"href":"https:\/\/hubsch-interior.com\/fr\/wp-json\/wp\/v2\/product"}],"about":[{"href":"https:\/\/hubsch-interior.com\/fr\/wp-json\/wp\/v2\/types\/product"}],"wp:featuredmedia":[{"embeddable":true,"href":"https:\/\/hubsch-interior.com\/fr\/wp-json\/wp\/v2\/media\/1100240"}],"wp:attachment":[{"href":"https:\/\/hubsch-interior.com\/fr\/wp-json\/wp\/v2\/media?parent=880550"}],"wp:term":[{"taxonomy":"product_brand","embeddable":true,"href":"https:\/\/hubsch-interior.com\/fr\/wp-json\/wp\/v2\/product_brand?post=880550"},{"taxonomy":"product_cat","embeddable":true,"href":"https:\/\/hubsch-interior.com\/fr\/wp-json\/wp\/v2\/product_cat?post=880550"},{"taxonomy":"product_tag","embeddable":true,"href":"https:\/\/hubsch-interior.com\/fr\/wp-json\/wp\/v2\/product_tag?post=880550"}],"curies":[{"name":"wp","href":"https:\/\/api.w.org\/{rel}","templated":true}]}}