{"id":880646,"date":"2023-02-20T08:42:01","date_gmt":"2023-02-20T07:42:01","guid":{"rendered":"https:\/\/hubsch-interior.com\/product\/product\/"},"modified":"2026-04-09T04:51:20","modified_gmt":"2026-04-09T02:51:20","slug":"straight-etagere-naturel","status":"publish","type":"product","link":"https:\/\/hubsch-interior.com\/fr\/produit\/straight-etagere-naturel\/","title":{"rendered":"Straight \u00c9tag\u00e8re Naturel"},"content":{"rendered":"<p>Nous aimons exposer les belles choses. Cette \u00e9tag\u00e8re en bois, fabriqu\u00e9e \u00e0 partir de placage de ch\u00eane certifi\u00e9 FSC\u00ae, est l&#8217;\u00e9l\u00e9ment parfait pour mettre en valeur tous les petits objets tels que les tasses \u00e0 caf\u00e9, les bols ou les objets glan\u00e9s lors de vos derniers voyages. Utile et esth\u00e9tique, ce panneau en bois est une pi\u00e8ce de d\u00e9coration \u00e0 part enti\u00e8re !<\/p>\n","protected":false},"excerpt":{"rendered":"<p>Nous aimons exposer les belles choses. Cette \u00e9tag\u00e8re en bois, fabriqu\u00e9e \u00e0 partir de placage de ch\u00eane certifi\u00e9 FSC\u00ae, est l&#8217;\u00e9l\u00e9ment parfait pour mettre en valeur tous les petits objets tels que les tasses \u00e0 caf\u00e9, les bols ou les objets glan\u00e9s lors de vos derniers voyages. Utile et esth\u00e9tique, ce panneau en bois est [&hellip;]<\/p>\n","protected":false},"featured_media":1103368,"template":"","meta":{"_acf_changed":false,"inline_featured_image":false},"product_brand":[],"product_cat":[7071,7072,6582,6322,4001,4023,5026],"product_tag":[],"class_list":{"0":"post-880646","1":"product","2":"type-product","3":"status-publish","4":"has-post-thumbnail","6":"product_cat-crochets-et-etageres-fr","7":"product_cat-cuisine-crochets-fr","8":"product_cat-rekindle-collection-fr","9":"product_cat-fsc-fr","10":"product_cat-etageres-et-meubles-de-rangement-fr","11":"product_cat-etageres-murales-fr","12":"product_cat-bestsellers-fr","13":"product_shipping_class-pk","15":"pa_color-naturel-2","16":"pa_material-mdf-fr","17":"pa_material-placage-de-chne-2","19":"first","20":"instock","21":"featured","22":"taxable","23":"shipping-taxable","24":"purchasable","25":"product-type-simple"},"exclude_global_add_ons":[],"addons":[],"acf":[],"yoast_head":"<!-- This site is optimized with the Yoast SEO plugin v26.4 - https:\/\/yoast.com\/wordpress\/plugins\/seo\/ -->\n<title>Straight \u00c9tag\u00e8re Naturel - H\u00fcbsch<\/title>\n<meta name=\"description\" content=\"Nous aimons exposer les belles choses. Cette \u00e9tag\u00e8re en bois, fabriqu\u00e9e \u00e0 partir de placage de ch\u00eane certifi\u00e9 FSC\u00ae, est l&#039;\u00e9l\u00e9ment parfait pour mettre en\" \/>\n<meta name=\"robots\" content=\"index, follow, max-snippet:-1, max-image-preview:large, max-video-preview:-1\" \/>\n<link rel=\"canonical\" href=\"https:\/\/hubsch-interior.com\/fr\/wp-json\/wp\/v2\/product\/880646\" \/>\n<meta property=\"og:locale\" content=\"fr_FR\" \/>\n<meta property=\"og:type\" content=\"article\" \/>\n<meta property=\"og:title\" content=\"Straight \u00c9tag\u00e8re Naturel - H\u00fcbsch\" \/>\n<meta property=\"og:description\" content=\"Nous aimons exposer les belles choses. Cette \u00e9tag\u00e8re en bois, fabriqu\u00e9e \u00e0 partir de placage de ch\u00eane certifi\u00e9 FSC\u00ae, est l&#039;\u00e9l\u00e9ment parfait pour mettre en\" \/>\n<meta property=\"og:url\" content=\"https:\/\/hubsch-interior.com\/fr\/produit\/straight-etagere-naturel\/\" \/>\n<meta property=\"og:site_name\" content=\"H\u00fcbsch\" \/>\n<meta property=\"article:modified_time\" content=\"2026-04-09T02:51:20+00:00\" \/>\n<meta property=\"og:image\" content=\"https:\/\/hubsch-interior.com\/wp-content\/uploads\/2023\/08\/straight-shelf-unit-natural-c79e28cd21a9afc99a0d9d599b0e9489.jpg\" \/>\n\t<meta property=\"og:image:width\" content=\"1200\" \/>\n\t<meta property=\"og:image:height\" content=\"1200\" \/>\n\t<meta property=\"og:image:type\" content=\"image\/jpeg\" \/>\n<meta name=\"twitter:card\" content=\"summary_large_image\" \/>\n<script type=\"application\/ld+json\" class=\"yoast-schema-graph\">{\"@context\":\"https:\/\/schema.org\",\"@graph\":[{\"@type\":\"WebPage\",\"@id\":\"https:\/\/hubsch-interior.com\/fr\/produit\/straight-etagere-naturel\/\",\"url\":\"https:\/\/hubsch-interior.com\/fr\/produit\/straight-etagere-naturel\/\",\"name\":\"Straight \u00c9tag\u00e8re Naturel - H\u00fcbsch\",\"isPartOf\":{\"@id\":\"https:\/\/hubsch-interior.com\/fr\/#website\"},\"primaryImageOfPage\":{\"@id\":\"https:\/\/hubsch-interior.com\/fr\/produit\/straight-etagere-naturel\/#primaryimage\"},\"image\":{\"@id\":\"https:\/\/hubsch-interior.com\/fr\/produit\/straight-etagere-naturel\/#primaryimage\"},\"thumbnailUrl\":\"https:\/\/hubsch-interior.com\/wp-content\/uploads\/2026\/02\/straight-shelf-unit-natural-a141b798764deb59fe46de117e68fc60.jpg\",\"datePublished\":\"2023-02-20T07:42:01+00:00\",\"dateModified\":\"2026-04-09T02:51:20+00:00\",\"description\":\"Nous aimons exposer les belles choses. Cette \u00e9tag\u00e8re en bois, fabriqu\u00e9e \u00e0 partir de placage de ch\u00eane certifi\u00e9 FSC\u00ae, est l'\u00e9l\u00e9ment parfait pour mettre en\",\"breadcrumb\":{\"@id\":\"https:\/\/hubsch-interior.com\/fr\/produit\/straight-etagere-naturel\/#breadcrumb\"},\"inLanguage\":\"fr-FR\",\"potentialAction\":[{\"@type\":\"ReadAction\",\"target\":[\"https:\/\/hubsch-interior.com\/fr\/produit\/straight-etagere-naturel\/\"]}]},{\"@type\":\"ImageObject\",\"inLanguage\":\"fr-FR\",\"@id\":\"https:\/\/hubsch-interior.com\/fr\/produit\/straight-etagere-naturel\/#primaryimage\",\"url\":\"https:\/\/hubsch-interior.com\/wp-content\/uploads\/2026\/02\/straight-shelf-unit-natural-a141b798764deb59fe46de117e68fc60.jpg\",\"contentUrl\":\"https:\/\/hubsch-interior.com\/wp-content\/uploads\/2026\/02\/straight-shelf-unit-natural-a141b798764deb59fe46de117e68fc60.jpg\",\"width\":1024,\"height\":1024},{\"@type\":\"BreadcrumbList\",\"@id\":\"https:\/\/hubsch-interior.com\/fr\/produit\/straight-etagere-naturel\/#breadcrumb\",\"itemListElement\":[{\"@type\":\"ListItem\",\"position\":1,\"name\":\"Page d'accueil\",\"item\":\"https:\/\/hubsch-interior.com\/fr\/\"},{\"@type\":\"ListItem\",\"position\":2,\"name\":\"Produits\",\"item\":\"https:\/\/hubsch-interior.com\/fr\/shop-2\/\"},{\"@type\":\"ListItem\",\"position\":3,\"name\":\"Meubles\",\"item\":\"https:\/\/hubsch-interior.com\/fr\/categorie-produit\/meubles\/\"},{\"@type\":\"ListItem\",\"position\":4,\"name\":\"Etag&egrave;res et meubles de rangement\",\"item\":\"https:\/\/hubsch-interior.com\/fr\/categorie-produit\/meubles\/etageres-et-meubles-de-rangement-fr\/\"},{\"@type\":\"ListItem\",\"position\":5,\"name\":\"Etag&egrave;res murales\",\"item\":\"https:\/\/hubsch-interior.com\/fr\/categorie-produit\/meubles\/etageres-et-meubles-de-rangement-fr\/etageres-murales-fr\/\"},{\"@type\":\"ListItem\",\"position\":6,\"name\":\"Straight \u00c9tag\u00e8re Naturel\"}]},{\"@type\":\"WebSite\",\"@id\":\"https:\/\/hubsch-interior.com\/fr\/#website\",\"url\":\"https:\/\/hubsch-interior.com\/fr\/\",\"name\":\"H\u00fcbsch\",\"description\":\"Danish Home Interior and Design\",\"publisher\":{\"@id\":\"https:\/\/hubsch-interior.com\/fr\/#organization\"},\"potentialAction\":[{\"@type\":\"SearchAction\",\"target\":{\"@type\":\"EntryPoint\",\"urlTemplate\":\"https:\/\/hubsch-interior.com\/fr\/?s={search_term_string}\"},\"query-input\":{\"@type\":\"PropertyValueSpecification\",\"valueRequired\":true,\"valueName\":\"search_term_string\"}}],\"inLanguage\":\"fr-FR\"},{\"@type\":\"Organization\",\"@id\":\"https:\/\/hubsch-interior.com\/fr\/#organization\",\"name\":\"H\u00fcbsch\",\"url\":\"https:\/\/hubsch-interior.com\/fr\/\",\"logo\":{\"@type\":\"ImageObject\",\"inLanguage\":\"fr-FR\",\"@id\":\"https:\/\/hubsch-interior.com\/fr\/#\/schema\/logo\/image\/\",\"url\":\"https:\/\/hubsch-interior.com\/wp-content\/uploads\/2022\/12\/Hubsch_logo_black_one_line.svg\",\"contentUrl\":\"https:\/\/hubsch-interior.com\/wp-content\/uploads\/2022\/12\/Hubsch_logo_black_one_line.svg\",\"caption\":\"H\u00fcbsch\"},\"image\":{\"@id\":\"https:\/\/hubsch-interior.com\/fr\/#\/schema\/logo\/image\/\"}}]}<\/script>\n<!-- \/ Yoast SEO plugin. -->","yoast_head_json":{"title":"Straight \u00c9tag\u00e8re Naturel - H\u00fcbsch","description":"Nous aimons exposer les belles choses. Cette \u00e9tag\u00e8re en bois, fabriqu\u00e9e \u00e0 partir de placage de ch\u00eane certifi\u00e9 FSC\u00ae, est l'\u00e9l\u00e9ment parfait pour mettre en","robots":{"index":"index","follow":"follow","max-snippet":"max-snippet:-1","max-image-preview":"max-image-preview:large","max-video-preview":"max-video-preview:-1"},"canonical":"https:\/\/hubsch-interior.com\/fr\/wp-json\/wp\/v2\/product\/880646","og_locale":"fr_FR","og_type":"article","og_title":"Straight \u00c9tag\u00e8re Naturel - H\u00fcbsch","og_description":"Nous aimons exposer les belles choses. Cette \u00e9tag\u00e8re en bois, fabriqu\u00e9e \u00e0 partir de placage de ch\u00eane certifi\u00e9 FSC\u00ae, est l'\u00e9l\u00e9ment parfait pour mettre en","og_url":"https:\/\/hubsch-interior.com\/fr\/produit\/straight-etagere-naturel\/","og_site_name":"H\u00fcbsch","article_modified_time":"2026-04-09T02:51:20+00:00","og_image":[{"width":1200,"height":1200,"url":"https:\/\/hubsch-interior.com\/wp-content\/uploads\/2023\/08\/straight-shelf-unit-natural-c79e28cd21a9afc99a0d9d599b0e9489.jpg","type":"image\/jpeg"}],"twitter_card":"summary_large_image","schema":{"@context":"https:\/\/schema.org","@graph":[{"@type":"WebPage","@id":"https:\/\/hubsch-interior.com\/fr\/produit\/straight-etagere-naturel\/","url":"https:\/\/hubsch-interior.com\/fr\/produit\/straight-etagere-naturel\/","name":"Straight \u00c9tag\u00e8re Naturel - H\u00fcbsch","isPartOf":{"@id":"https:\/\/hubsch-interior.com\/fr\/#website"},"primaryImageOfPage":{"@id":"https:\/\/hubsch-interior.com\/fr\/produit\/straight-etagere-naturel\/#primaryimage"},"image":{"@id":"https:\/\/hubsch-interior.com\/fr\/produit\/straight-etagere-naturel\/#primaryimage"},"thumbnailUrl":"https:\/\/hubsch-interior.com\/wp-content\/uploads\/2026\/02\/straight-shelf-unit-natural-a141b798764deb59fe46de117e68fc60.jpg","datePublished":"2023-02-20T07:42:01+00:00","dateModified":"2026-04-09T02:51:20+00:00","description":"Nous aimons exposer les belles choses. Cette \u00e9tag\u00e8re en bois, fabriqu\u00e9e \u00e0 partir de placage de ch\u00eane certifi\u00e9 FSC\u00ae, est l'\u00e9l\u00e9ment parfait pour mettre en","breadcrumb":{"@id":"https:\/\/hubsch-interior.com\/fr\/produit\/straight-etagere-naturel\/#breadcrumb"},"inLanguage":"fr-FR","potentialAction":[{"@type":"ReadAction","target":["https:\/\/hubsch-interior.com\/fr\/produit\/straight-etagere-naturel\/"]}]},{"@type":"ImageObject","inLanguage":"fr-FR","@id":"https:\/\/hubsch-interior.com\/fr\/produit\/straight-etagere-naturel\/#primaryimage","url":"https:\/\/hubsch-interior.com\/wp-content\/uploads\/2026\/02\/straight-shelf-unit-natural-a141b798764deb59fe46de117e68fc60.jpg","contentUrl":"https:\/\/hubsch-interior.com\/wp-content\/uploads\/2026\/02\/straight-shelf-unit-natural-a141b798764deb59fe46de117e68fc60.jpg","width":1024,"height":1024},{"@type":"BreadcrumbList","@id":"https:\/\/hubsch-interior.com\/fr\/produit\/straight-etagere-naturel\/#breadcrumb","itemListElement":[{"@type":"ListItem","position":1,"name":"Page d'accueil","item":"https:\/\/hubsch-interior.com\/fr\/"},{"@type":"ListItem","position":2,"name":"Produits","item":"https:\/\/hubsch-interior.com\/fr\/shop-2\/"},{"@type":"ListItem","position":3,"name":"Meubles","item":"https:\/\/hubsch-interior.com\/fr\/categorie-produit\/meubles\/"},{"@type":"ListItem","position":4,"name":"Etag&egrave;res et meubles de rangement","item":"https:\/\/hubsch-interior.com\/fr\/categorie-produit\/meubles\/etageres-et-meubles-de-rangement-fr\/"},{"@type":"ListItem","position":5,"name":"Etag&egrave;res murales","item":"https:\/\/hubsch-interior.com\/fr\/categorie-produit\/meubles\/etageres-et-meubles-de-rangement-fr\/etageres-murales-fr\/"},{"@type":"ListItem","position":6,"name":"Straight \u00c9tag\u00e8re Naturel"}]},{"@type":"WebSite","@id":"https:\/\/hubsch-interior.com\/fr\/#website","url":"https:\/\/hubsch-interior.com\/fr\/","name":"H\u00fcbsch","description":"Danish Home Interior and Design","publisher":{"@id":"https:\/\/hubsch-interior.com\/fr\/#organization"},"potentialAction":[{"@type":"SearchAction","target":{"@type":"EntryPoint","urlTemplate":"https:\/\/hubsch-interior.com\/fr\/?s={search_term_string}"},"query-input":{"@type":"PropertyValueSpecification","valueRequired":true,"valueName":"search_term_string"}}],"inLanguage":"fr-FR"},{"@type":"Organization","@id":"https:\/\/hubsch-interior.com\/fr\/#organization","name":"H\u00fcbsch","url":"https:\/\/hubsch-interior.com\/fr\/","logo":{"@type":"ImageObject","inLanguage":"fr-FR","@id":"https:\/\/hubsch-interior.com\/fr\/#\/schema\/logo\/image\/","url":"https:\/\/hubsch-interior.com\/wp-content\/uploads\/2022\/12\/Hubsch_logo_black_one_line.svg","contentUrl":"https:\/\/hubsch-interior.com\/wp-content\/uploads\/2022\/12\/Hubsch_logo_black_one_line.svg","caption":"H\u00fcbsch"},"image":{"@id":"https:\/\/hubsch-interior.com\/fr\/#\/schema\/logo\/image\/"}}]}},"_links":{"self":[{"href":"https:\/\/hubsch-interior.com\/fr\/wp-json\/wp\/v2\/product\/880646","targetHints":{"allow":["GET"]}}],"collection":[{"href":"https:\/\/hubsch-interior.com\/fr\/wp-json\/wp\/v2\/product"}],"about":[{"href":"https:\/\/hubsch-interior.com\/fr\/wp-json\/wp\/v2\/types\/product"}],"wp:featuredmedia":[{"embeddable":true,"href":"https:\/\/hubsch-interior.com\/fr\/wp-json\/wp\/v2\/media\/1103368"}],"wp:attachment":[{"href":"https:\/\/hubsch-interior.com\/fr\/wp-json\/wp\/v2\/media?parent=880646"}],"wp:term":[{"taxonomy":"product_brand","embeddable":true,"href":"https:\/\/hubsch-interior.com\/fr\/wp-json\/wp\/v2\/product_brand?post=880646"},{"taxonomy":"product_cat","embeddable":true,"href":"https:\/\/hubsch-interior.com\/fr\/wp-json\/wp\/v2\/product_cat?post=880646"},{"taxonomy":"product_tag","embeddable":true,"href":"https:\/\/hubsch-interior.com\/fr\/wp-json\/wp\/v2\/product_tag?post=880646"}],"curies":[{"name":"wp","href":"https:\/\/api.w.org\/{rel}","templated":true}]}}