{"id":880682,"date":"2023-02-20T08:42:06","date_gmt":"2023-02-20T07:42:06","guid":{"rendered":"https:\/\/hubsch-interior.com\/product\/product\/"},"modified":"2026-04-05T04:54:07","modified_gmt":"2026-04-05T02:54:07","slug":"herringbone-meuble-a-chaussures-large-naturel","status":"publish","type":"product","link":"https:\/\/hubsch-interior.com\/fr\/produit\/herringbone-meuble-a-chaussures-large-naturel\/","title":{"rendered":"Herringbone Meuble \u00e0 chaussures Large Naturel"},"content":{"rendered":"<p>Une merveilleuse occasion de ranger vos chaussures avec style ! Lorsque nous avons imagin\u00e9 cette armoire \u00e0 chaussures en bois \u00e0 chevrons, l&#8217;id\u00e9e \u00e9tait de concilier la fonction ou le style. Ce meuble \u00e0 chaussures en bois certifi\u00e9 FSC\u00ae est particuli\u00e8rement magnifique avec ses motifs \u00e0 chevrons. Ce module de rangement de chaussures peut contenir au moins quatre paires de chaussures.<\/p>\n","protected":false},"excerpt":{"rendered":"<p>Une merveilleuse occasion de ranger vos chaussures avec style ! Lorsque nous avons imagin\u00e9 cette armoire \u00e0 chaussures en bois \u00e0 chevrons, l&#8217;id\u00e9e \u00e9tait de concilier la fonction ou le style. Ce meuble \u00e0 chaussures en bois certifi\u00e9 FSC\u00ae est particuli\u00e8rement magnifique avec ses motifs \u00e0 chevrons. Ce module de rangement de chaussures peut contenir [&hellip;]<\/p>\n","protected":false},"featured_media":1103384,"template":"","meta":{"_acf_changed":false,"inline_featured_image":false},"product_brand":[],"product_cat":[6582,4001,4852,5026],"product_tag":[],"class_list":{"0":"post-880682","1":"product","2":"type-product","3":"status-publish","4":"has-post-thumbnail","6":"product_cat-rekindle-collection-fr","7":"product_cat-etageres-et-meubles-de-rangement-fr","8":"product_cat-meuble-a-chaussures-fr","9":"product_cat-bestsellers-fr","10":"product_shipping_class-p05","11":"pa_color-naturel-2","12":"pa_material-mdf-fr","13":"pa_material-bois-de-chne-2","14":"pa_material-placage-de-chne-2","16":"first","17":"outofstock","18":"featured","19":"taxable","20":"shipping-taxable","21":"purchasable","22":"product-type-simple"},"exclude_global_add_ons":[],"addons":[],"acf":[],"yoast_head":"<!-- This site is optimized with the Yoast SEO plugin v26.4 - https:\/\/yoast.com\/wordpress\/plugins\/seo\/ -->\n<title>Herringbone Meuble \u00e0 chaussures Large Naturel - H\u00fcbsch<\/title>\n<meta name=\"description\" content=\"Une merveilleuse occasion de ranger vos chaussures avec style ! Lorsque nous avons imagin\u00e9 cette armoire \u00e0 chaussures en bois \u00e0 chevrons, l&#039;id\u00e9e \u00e9tait de\" \/>\n<meta name=\"robots\" content=\"index, follow, max-snippet:-1, max-image-preview:large, max-video-preview:-1\" \/>\n<link rel=\"canonical\" href=\"https:\/\/hubsch-interior.com\/fr\/wp-json\/wp\/v2\/product\/880682\" \/>\n<meta property=\"og:locale\" content=\"fr_FR\" \/>\n<meta property=\"og:type\" content=\"article\" \/>\n<meta property=\"og:title\" content=\"Herringbone Meuble \u00e0 chaussures Large Naturel - H\u00fcbsch\" \/>\n<meta property=\"og:description\" content=\"Une merveilleuse occasion de ranger vos chaussures avec style ! Lorsque nous avons imagin\u00e9 cette armoire \u00e0 chaussures en bois \u00e0 chevrons, l&#039;id\u00e9e \u00e9tait de\" \/>\n<meta property=\"og:url\" content=\"https:\/\/hubsch-interior.com\/fr\/produit\/herringbone-meuble-a-chaussures-large-naturel\/\" \/>\n<meta property=\"og:site_name\" content=\"H\u00fcbsch\" \/>\n<meta property=\"article:modified_time\" content=\"2026-04-05T02:54:07+00:00\" \/>\n<meta property=\"og:image\" content=\"https:\/\/hubsch-interior.com\/wp-content\/uploads\/2023\/08\/herringbone-shoe-cabinet-large-natural-06dfc64d4f151d951414d9860ddf7f48.jpg\" \/>\n\t<meta property=\"og:image:width\" content=\"1200\" \/>\n\t<meta property=\"og:image:height\" content=\"1200\" \/>\n\t<meta property=\"og:image:type\" content=\"image\/jpeg\" \/>\n<meta name=\"twitter:card\" content=\"summary_large_image\" \/>\n<script type=\"application\/ld+json\" class=\"yoast-schema-graph\">{\"@context\":\"https:\/\/schema.org\",\"@graph\":[{\"@type\":\"WebPage\",\"@id\":\"https:\/\/hubsch-interior.com\/fr\/produit\/herringbone-meuble-a-chaussures-large-naturel\/\",\"url\":\"https:\/\/hubsch-interior.com\/fr\/produit\/herringbone-meuble-a-chaussures-large-naturel\/\",\"name\":\"Herringbone Meuble \u00e0 chaussures Large Naturel - H\u00fcbsch\",\"isPartOf\":{\"@id\":\"https:\/\/hubsch-interior.com\/fr\/#website\"},\"primaryImageOfPage\":{\"@id\":\"https:\/\/hubsch-interior.com\/fr\/produit\/herringbone-meuble-a-chaussures-large-naturel\/#primaryimage\"},\"image\":{\"@id\":\"https:\/\/hubsch-interior.com\/fr\/produit\/herringbone-meuble-a-chaussures-large-naturel\/#primaryimage\"},\"thumbnailUrl\":\"https:\/\/hubsch-interior.com\/wp-content\/uploads\/2026\/02\/herringbone-shoe-cabinet-large-natural-69922886f7a0f1ccb9773e6ceb71c824.jpg\",\"datePublished\":\"2023-02-20T07:42:06+00:00\",\"dateModified\":\"2026-04-05T02:54:07+00:00\",\"description\":\"Une merveilleuse occasion de ranger vos chaussures avec style ! Lorsque nous avons imagin\u00e9 cette armoire \u00e0 chaussures en bois \u00e0 chevrons, l'id\u00e9e \u00e9tait de\",\"breadcrumb\":{\"@id\":\"https:\/\/hubsch-interior.com\/fr\/produit\/herringbone-meuble-a-chaussures-large-naturel\/#breadcrumb\"},\"inLanguage\":\"fr-FR\",\"potentialAction\":[{\"@type\":\"ReadAction\",\"target\":[\"https:\/\/hubsch-interior.com\/fr\/produit\/herringbone-meuble-a-chaussures-large-naturel\/\"]}]},{\"@type\":\"ImageObject\",\"inLanguage\":\"fr-FR\",\"@id\":\"https:\/\/hubsch-interior.com\/fr\/produit\/herringbone-meuble-a-chaussures-large-naturel\/#primaryimage\",\"url\":\"https:\/\/hubsch-interior.com\/wp-content\/uploads\/2026\/02\/herringbone-shoe-cabinet-large-natural-69922886f7a0f1ccb9773e6ceb71c824.jpg\",\"contentUrl\":\"https:\/\/hubsch-interior.com\/wp-content\/uploads\/2026\/02\/herringbone-shoe-cabinet-large-natural-69922886f7a0f1ccb9773e6ceb71c824.jpg\",\"width\":1024,\"height\":1024},{\"@type\":\"BreadcrumbList\",\"@id\":\"https:\/\/hubsch-interior.com\/fr\/produit\/herringbone-meuble-a-chaussures-large-naturel\/#breadcrumb\",\"itemListElement\":[{\"@type\":\"ListItem\",\"position\":1,\"name\":\"Page d'accueil\",\"item\":\"https:\/\/hubsch-interior.com\/fr\/\"},{\"@type\":\"ListItem\",\"position\":2,\"name\":\"Produits\",\"item\":\"https:\/\/hubsch-interior.com\/fr\/shop-2\/\"},{\"@type\":\"ListItem\",\"position\":3,\"name\":\"Meubles\",\"item\":\"https:\/\/hubsch-interior.com\/fr\/categorie-produit\/meubles\/\"},{\"@type\":\"ListItem\",\"position\":4,\"name\":\"Etag&egrave;res et meubles de rangement\",\"item\":\"https:\/\/hubsch-interior.com\/fr\/categorie-produit\/meubles\/etageres-et-meubles-de-rangement-fr\/\"},{\"@type\":\"ListItem\",\"position\":5,\"name\":\"Meuble &agrave; chaussures\",\"item\":\"https:\/\/hubsch-interior.com\/fr\/categorie-produit\/meubles\/etageres-et-meubles-de-rangement-fr\/meuble-a-chaussures-fr\/\"},{\"@type\":\"ListItem\",\"position\":6,\"name\":\"Herringbone Meuble \u00e0 chaussures Large Naturel\"}]},{\"@type\":\"WebSite\",\"@id\":\"https:\/\/hubsch-interior.com\/fr\/#website\",\"url\":\"https:\/\/hubsch-interior.com\/fr\/\",\"name\":\"H\u00fcbsch\",\"description\":\"Danish Home Interior and Design\",\"publisher\":{\"@id\":\"https:\/\/hubsch-interior.com\/fr\/#organization\"},\"potentialAction\":[{\"@type\":\"SearchAction\",\"target\":{\"@type\":\"EntryPoint\",\"urlTemplate\":\"https:\/\/hubsch-interior.com\/fr\/?s={search_term_string}\"},\"query-input\":{\"@type\":\"PropertyValueSpecification\",\"valueRequired\":true,\"valueName\":\"search_term_string\"}}],\"inLanguage\":\"fr-FR\"},{\"@type\":\"Organization\",\"@id\":\"https:\/\/hubsch-interior.com\/fr\/#organization\",\"name\":\"H\u00fcbsch\",\"url\":\"https:\/\/hubsch-interior.com\/fr\/\",\"logo\":{\"@type\":\"ImageObject\",\"inLanguage\":\"fr-FR\",\"@id\":\"https:\/\/hubsch-interior.com\/fr\/#\/schema\/logo\/image\/\",\"url\":\"https:\/\/hubsch-interior.com\/wp-content\/uploads\/2022\/12\/Hubsch_logo_black_one_line.svg\",\"contentUrl\":\"https:\/\/hubsch-interior.com\/wp-content\/uploads\/2022\/12\/Hubsch_logo_black_one_line.svg\",\"caption\":\"H\u00fcbsch\"},\"image\":{\"@id\":\"https:\/\/hubsch-interior.com\/fr\/#\/schema\/logo\/image\/\"}}]}<\/script>\n<!-- \/ Yoast SEO plugin. -->","yoast_head_json":{"title":"Herringbone Meuble \u00e0 chaussures Large Naturel - H\u00fcbsch","description":"Une merveilleuse occasion de ranger vos chaussures avec style ! Lorsque nous avons imagin\u00e9 cette armoire \u00e0 chaussures en bois \u00e0 chevrons, l'id\u00e9e \u00e9tait de","robots":{"index":"index","follow":"follow","max-snippet":"max-snippet:-1","max-image-preview":"max-image-preview:large","max-video-preview":"max-video-preview:-1"},"canonical":"https:\/\/hubsch-interior.com\/fr\/wp-json\/wp\/v2\/product\/880682","og_locale":"fr_FR","og_type":"article","og_title":"Herringbone Meuble \u00e0 chaussures Large Naturel - H\u00fcbsch","og_description":"Une merveilleuse occasion de ranger vos chaussures avec style ! Lorsque nous avons imagin\u00e9 cette armoire \u00e0 chaussures en bois \u00e0 chevrons, l'id\u00e9e \u00e9tait de","og_url":"https:\/\/hubsch-interior.com\/fr\/produit\/herringbone-meuble-a-chaussures-large-naturel\/","og_site_name":"H\u00fcbsch","article_modified_time":"2026-04-05T02:54:07+00:00","og_image":[{"width":1200,"height":1200,"url":"https:\/\/hubsch-interior.com\/wp-content\/uploads\/2023\/08\/herringbone-shoe-cabinet-large-natural-06dfc64d4f151d951414d9860ddf7f48.jpg","type":"image\/jpeg"}],"twitter_card":"summary_large_image","schema":{"@context":"https:\/\/schema.org","@graph":[{"@type":"WebPage","@id":"https:\/\/hubsch-interior.com\/fr\/produit\/herringbone-meuble-a-chaussures-large-naturel\/","url":"https:\/\/hubsch-interior.com\/fr\/produit\/herringbone-meuble-a-chaussures-large-naturel\/","name":"Herringbone Meuble \u00e0 chaussures Large Naturel - H\u00fcbsch","isPartOf":{"@id":"https:\/\/hubsch-interior.com\/fr\/#website"},"primaryImageOfPage":{"@id":"https:\/\/hubsch-interior.com\/fr\/produit\/herringbone-meuble-a-chaussures-large-naturel\/#primaryimage"},"image":{"@id":"https:\/\/hubsch-interior.com\/fr\/produit\/herringbone-meuble-a-chaussures-large-naturel\/#primaryimage"},"thumbnailUrl":"https:\/\/hubsch-interior.com\/wp-content\/uploads\/2026\/02\/herringbone-shoe-cabinet-large-natural-69922886f7a0f1ccb9773e6ceb71c824.jpg","datePublished":"2023-02-20T07:42:06+00:00","dateModified":"2026-04-05T02:54:07+00:00","description":"Une merveilleuse occasion de ranger vos chaussures avec style ! Lorsque nous avons imagin\u00e9 cette armoire \u00e0 chaussures en bois \u00e0 chevrons, l'id\u00e9e \u00e9tait de","breadcrumb":{"@id":"https:\/\/hubsch-interior.com\/fr\/produit\/herringbone-meuble-a-chaussures-large-naturel\/#breadcrumb"},"inLanguage":"fr-FR","potentialAction":[{"@type":"ReadAction","target":["https:\/\/hubsch-interior.com\/fr\/produit\/herringbone-meuble-a-chaussures-large-naturel\/"]}]},{"@type":"ImageObject","inLanguage":"fr-FR","@id":"https:\/\/hubsch-interior.com\/fr\/produit\/herringbone-meuble-a-chaussures-large-naturel\/#primaryimage","url":"https:\/\/hubsch-interior.com\/wp-content\/uploads\/2026\/02\/herringbone-shoe-cabinet-large-natural-69922886f7a0f1ccb9773e6ceb71c824.jpg","contentUrl":"https:\/\/hubsch-interior.com\/wp-content\/uploads\/2026\/02\/herringbone-shoe-cabinet-large-natural-69922886f7a0f1ccb9773e6ceb71c824.jpg","width":1024,"height":1024},{"@type":"BreadcrumbList","@id":"https:\/\/hubsch-interior.com\/fr\/produit\/herringbone-meuble-a-chaussures-large-naturel\/#breadcrumb","itemListElement":[{"@type":"ListItem","position":1,"name":"Page d'accueil","item":"https:\/\/hubsch-interior.com\/fr\/"},{"@type":"ListItem","position":2,"name":"Produits","item":"https:\/\/hubsch-interior.com\/fr\/shop-2\/"},{"@type":"ListItem","position":3,"name":"Meubles","item":"https:\/\/hubsch-interior.com\/fr\/categorie-produit\/meubles\/"},{"@type":"ListItem","position":4,"name":"Etag&egrave;res et meubles de rangement","item":"https:\/\/hubsch-interior.com\/fr\/categorie-produit\/meubles\/etageres-et-meubles-de-rangement-fr\/"},{"@type":"ListItem","position":5,"name":"Meuble &agrave; chaussures","item":"https:\/\/hubsch-interior.com\/fr\/categorie-produit\/meubles\/etageres-et-meubles-de-rangement-fr\/meuble-a-chaussures-fr\/"},{"@type":"ListItem","position":6,"name":"Herringbone Meuble \u00e0 chaussures Large Naturel"}]},{"@type":"WebSite","@id":"https:\/\/hubsch-interior.com\/fr\/#website","url":"https:\/\/hubsch-interior.com\/fr\/","name":"H\u00fcbsch","description":"Danish Home Interior and Design","publisher":{"@id":"https:\/\/hubsch-interior.com\/fr\/#organization"},"potentialAction":[{"@type":"SearchAction","target":{"@type":"EntryPoint","urlTemplate":"https:\/\/hubsch-interior.com\/fr\/?s={search_term_string}"},"query-input":{"@type":"PropertyValueSpecification","valueRequired":true,"valueName":"search_term_string"}}],"inLanguage":"fr-FR"},{"@type":"Organization","@id":"https:\/\/hubsch-interior.com\/fr\/#organization","name":"H\u00fcbsch","url":"https:\/\/hubsch-interior.com\/fr\/","logo":{"@type":"ImageObject","inLanguage":"fr-FR","@id":"https:\/\/hubsch-interior.com\/fr\/#\/schema\/logo\/image\/","url":"https:\/\/hubsch-interior.com\/wp-content\/uploads\/2022\/12\/Hubsch_logo_black_one_line.svg","contentUrl":"https:\/\/hubsch-interior.com\/wp-content\/uploads\/2022\/12\/Hubsch_logo_black_one_line.svg","caption":"H\u00fcbsch"},"image":{"@id":"https:\/\/hubsch-interior.com\/fr\/#\/schema\/logo\/image\/"}}]}},"_links":{"self":[{"href":"https:\/\/hubsch-interior.com\/fr\/wp-json\/wp\/v2\/product\/880682","targetHints":{"allow":["GET"]}}],"collection":[{"href":"https:\/\/hubsch-interior.com\/fr\/wp-json\/wp\/v2\/product"}],"about":[{"href":"https:\/\/hubsch-interior.com\/fr\/wp-json\/wp\/v2\/types\/product"}],"wp:featuredmedia":[{"embeddable":true,"href":"https:\/\/hubsch-interior.com\/fr\/wp-json\/wp\/v2\/media\/1103384"}],"wp:attachment":[{"href":"https:\/\/hubsch-interior.com\/fr\/wp-json\/wp\/v2\/media?parent=880682"}],"wp:term":[{"taxonomy":"product_brand","embeddable":true,"href":"https:\/\/hubsch-interior.com\/fr\/wp-json\/wp\/v2\/product_brand?post=880682"},{"taxonomy":"product_cat","embeddable":true,"href":"https:\/\/hubsch-interior.com\/fr\/wp-json\/wp\/v2\/product_cat?post=880682"},{"taxonomy":"product_tag","embeddable":true,"href":"https:\/\/hubsch-interior.com\/fr\/wp-json\/wp\/v2\/product_tag?post=880682"}],"curies":[{"name":"wp","href":"https:\/\/api.w.org\/{rel}","templated":true}]}}