{"id":880714,"date":"2023-02-20T08:42:13","date_gmt":"2023-02-20T07:42:13","guid":{"rendered":"https:\/\/hubsch-interior.com\/product\/product\/"},"modified":"2026-04-14T05:03:52","modified_gmt":"2026-04-14T03:03:52","slug":"ateliers-lampe-de-table-bleu-fonce-blanc","status":"publish","type":"product","link":"https:\/\/hubsch-interior.com\/fr\/produit\/ateliers-lampe-de-table-bleu-fonce-blanc\/","title":{"rendered":"Ateliers Lampe de table Bleu fonc\u00e9\/Blanc"},"content":{"rendered":"<p>Cette lampe est juste incroyable ! Que vous la posiez sur une table de chevet dans votre chambre, ou dans votre salon pour cr\u00e9er une ambiance chaleureuse ou juste pour apporter un \u00e9clairage suppl\u00e9mentaire, cette lampe est d&#8217;une \u00e9l\u00e9gance particuli\u00e8re. Avec sa couleur bleu profond et son abat-jour en verre blanc opale, cette jolie lampe a une silhouette parfaite, elle s&#8217;adaptera \u00e0 merveille \u00e0 tout style d&#8217;int\u00e9rieur.<\/p>\n","protected":false},"excerpt":{"rendered":"<p>Cette lampe est juste incroyable ! Que vous la posiez sur une table de chevet dans votre chambre, ou dans votre salon pour cr\u00e9er une ambiance chaleureuse ou juste pour apporter un \u00e9clairage suppl\u00e9mentaire, cette lampe est d&#8217;une \u00e9l\u00e9gance particuli\u00e8re. Avec sa couleur bleu profond et son abat-jour en verre blanc opale, cette jolie lampe [&hellip;]<\/p>\n","protected":false},"featured_media":1106663,"template":"","meta":{"_acf_changed":false,"inline_featured_image":false},"product_brand":[],"product_cat":[6582,3810,3500,5026],"product_tag":[],"class_list":{"0":"post-880714","1":"product","2":"type-product","3":"status-publish","4":"has-post-thumbnail","6":"product_cat-rekindle-collection-fr","7":"product_cat-luminaires","8":"product_cat-lampes-a-poser-fr","9":"product_cat-bestsellers-fr","10":"product_shipping_class-pk","12":"pa_color-blanc","13":"pa_color-bleu-fonc-2","14":"pa_material-fer-fr","15":"pa_material-verre-fr","17":"first","18":"instock","19":"featured","20":"taxable","21":"shipping-taxable","22":"purchasable","23":"product-type-simple"},"exclude_global_add_ons":[],"addons":[],"acf":[],"yoast_head":"<!-- This site is optimized with the Yoast SEO plugin v26.4 - https:\/\/yoast.com\/wordpress\/plugins\/seo\/ -->\n<title>Ateliers Lampe de table Bleu fonc\u00e9\/Blanc - H\u00fcbsch<\/title>\n<meta name=\"description\" content=\"Cette lampe est juste incroyable ! Que vous la posiez sur une table de chevet dans votre chambre, ou dans votre salon pour cr\u00e9er une ambiance chaleureuse\" \/>\n<meta name=\"robots\" content=\"index, follow, max-snippet:-1, max-image-preview:large, max-video-preview:-1\" \/>\n<link rel=\"canonical\" href=\"https:\/\/hubsch-interior.com\/fr\/wp-json\/wp\/v2\/product\/880714\" \/>\n<meta property=\"og:locale\" content=\"fr_FR\" \/>\n<meta property=\"og:type\" content=\"article\" \/>\n<meta property=\"og:title\" content=\"Ateliers Lampe de table Bleu fonc\u00e9\/Blanc - H\u00fcbsch\" \/>\n<meta property=\"og:description\" content=\"Cette lampe est juste incroyable ! Que vous la posiez sur une table de chevet dans votre chambre, ou dans votre salon pour cr\u00e9er une ambiance chaleureuse\" \/>\n<meta property=\"og:url\" content=\"https:\/\/hubsch-interior.com\/fr\/produit\/ateliers-lampe-de-table-bleu-fonce-blanc\/\" \/>\n<meta property=\"og:site_name\" content=\"H\u00fcbsch\" \/>\n<meta property=\"article:modified_time\" content=\"2026-04-14T03:03:52+00:00\" \/>\n<meta property=\"og:image\" content=\"https:\/\/hubsch-interior.com\/wp-content\/uploads\/2023\/08\/ateliers-table-lamp-dark-blue-253b846e84d76d3d0483441d1419d042.jpg\" \/>\n\t<meta property=\"og:image:width\" content=\"1200\" \/>\n\t<meta property=\"og:image:height\" content=\"1200\" \/>\n\t<meta property=\"og:image:type\" content=\"image\/jpeg\" \/>\n<meta name=\"twitter:card\" content=\"summary_large_image\" \/>\n<script type=\"application\/ld+json\" class=\"yoast-schema-graph\">{\"@context\":\"https:\/\/schema.org\",\"@graph\":[{\"@type\":\"WebPage\",\"@id\":\"https:\/\/hubsch-interior.com\/fr\/produit\/ateliers-lampe-de-table-bleu-fonce-blanc\/\",\"url\":\"https:\/\/hubsch-interior.com\/fr\/produit\/ateliers-lampe-de-table-bleu-fonce-blanc\/\",\"name\":\"Ateliers Lampe de table Bleu fonc\u00e9\/Blanc - H\u00fcbsch\",\"isPartOf\":{\"@id\":\"https:\/\/hubsch-interior.com\/fr\/#website\"},\"primaryImageOfPage\":{\"@id\":\"https:\/\/hubsch-interior.com\/fr\/produit\/ateliers-lampe-de-table-bleu-fonce-blanc\/#primaryimage\"},\"image\":{\"@id\":\"https:\/\/hubsch-interior.com\/fr\/produit\/ateliers-lampe-de-table-bleu-fonce-blanc\/#primaryimage\"},\"thumbnailUrl\":\"https:\/\/hubsch-interior.com\/wp-content\/uploads\/2026\/02\/ateliers-table-lamp-dark-bluewhite-9c9512746692f616d5058f65eaa61fda.jpg\",\"datePublished\":\"2023-02-20T07:42:13+00:00\",\"dateModified\":\"2026-04-14T03:03:52+00:00\",\"description\":\"Cette lampe est juste incroyable ! Que vous la posiez sur une table de chevet dans votre chambre, ou dans votre salon pour cr\u00e9er une ambiance chaleureuse\",\"breadcrumb\":{\"@id\":\"https:\/\/hubsch-interior.com\/fr\/produit\/ateliers-lampe-de-table-bleu-fonce-blanc\/#breadcrumb\"},\"inLanguage\":\"fr-FR\",\"potentialAction\":[{\"@type\":\"ReadAction\",\"target\":[\"https:\/\/hubsch-interior.com\/fr\/produit\/ateliers-lampe-de-table-bleu-fonce-blanc\/\"]}]},{\"@type\":\"ImageObject\",\"inLanguage\":\"fr-FR\",\"@id\":\"https:\/\/hubsch-interior.com\/fr\/produit\/ateliers-lampe-de-table-bleu-fonce-blanc\/#primaryimage\",\"url\":\"https:\/\/hubsch-interior.com\/wp-content\/uploads\/2026\/02\/ateliers-table-lamp-dark-bluewhite-9c9512746692f616d5058f65eaa61fda.jpg\",\"contentUrl\":\"https:\/\/hubsch-interior.com\/wp-content\/uploads\/2026\/02\/ateliers-table-lamp-dark-bluewhite-9c9512746692f616d5058f65eaa61fda.jpg\",\"width\":1024,\"height\":1024},{\"@type\":\"BreadcrumbList\",\"@id\":\"https:\/\/hubsch-interior.com\/fr\/produit\/ateliers-lampe-de-table-bleu-fonce-blanc\/#breadcrumb\",\"itemListElement\":[{\"@type\":\"ListItem\",\"position\":1,\"name\":\"Page d'accueil\",\"item\":\"https:\/\/hubsch-interior.com\/fr\/\"},{\"@type\":\"ListItem\",\"position\":2,\"name\":\"Produits\",\"item\":\"https:\/\/hubsch-interior.com\/fr\/shop-2\/\"},{\"@type\":\"ListItem\",\"position\":3,\"name\":\"Luminaires\",\"item\":\"https:\/\/hubsch-interior.com\/fr\/categorie-produit\/luminaires\/\"},{\"@type\":\"ListItem\",\"position\":4,\"name\":\"Lampes &agrave; poser\",\"item\":\"https:\/\/hubsch-interior.com\/fr\/categorie-produit\/luminaires\/lampes-a-poser-fr\/\"},{\"@type\":\"ListItem\",\"position\":5,\"name\":\"Ateliers Lampe de table Bleu fonc\u00e9\/Blanc\"}]},{\"@type\":\"WebSite\",\"@id\":\"https:\/\/hubsch-interior.com\/fr\/#website\",\"url\":\"https:\/\/hubsch-interior.com\/fr\/\",\"name\":\"H\u00fcbsch\",\"description\":\"Danish Home Interior and Design\",\"publisher\":{\"@id\":\"https:\/\/hubsch-interior.com\/fr\/#organization\"},\"potentialAction\":[{\"@type\":\"SearchAction\",\"target\":{\"@type\":\"EntryPoint\",\"urlTemplate\":\"https:\/\/hubsch-interior.com\/fr\/?s={search_term_string}\"},\"query-input\":{\"@type\":\"PropertyValueSpecification\",\"valueRequired\":true,\"valueName\":\"search_term_string\"}}],\"inLanguage\":\"fr-FR\"},{\"@type\":\"Organization\",\"@id\":\"https:\/\/hubsch-interior.com\/fr\/#organization\",\"name\":\"H\u00fcbsch\",\"url\":\"https:\/\/hubsch-interior.com\/fr\/\",\"logo\":{\"@type\":\"ImageObject\",\"inLanguage\":\"fr-FR\",\"@id\":\"https:\/\/hubsch-interior.com\/fr\/#\/schema\/logo\/image\/\",\"url\":\"https:\/\/hubsch-interior.com\/wp-content\/uploads\/2022\/12\/Hubsch_logo_black_one_line.svg\",\"contentUrl\":\"https:\/\/hubsch-interior.com\/wp-content\/uploads\/2022\/12\/Hubsch_logo_black_one_line.svg\",\"caption\":\"H\u00fcbsch\"},\"image\":{\"@id\":\"https:\/\/hubsch-interior.com\/fr\/#\/schema\/logo\/image\/\"}}]}<\/script>\n<!-- \/ Yoast SEO plugin. -->","yoast_head_json":{"title":"Ateliers Lampe de table Bleu fonc\u00e9\/Blanc - H\u00fcbsch","description":"Cette lampe est juste incroyable ! Que vous la posiez sur une table de chevet dans votre chambre, ou dans votre salon pour cr\u00e9er une ambiance chaleureuse","robots":{"index":"index","follow":"follow","max-snippet":"max-snippet:-1","max-image-preview":"max-image-preview:large","max-video-preview":"max-video-preview:-1"},"canonical":"https:\/\/hubsch-interior.com\/fr\/wp-json\/wp\/v2\/product\/880714","og_locale":"fr_FR","og_type":"article","og_title":"Ateliers Lampe de table Bleu fonc\u00e9\/Blanc - H\u00fcbsch","og_description":"Cette lampe est juste incroyable ! Que vous la posiez sur une table de chevet dans votre chambre, ou dans votre salon pour cr\u00e9er une ambiance chaleureuse","og_url":"https:\/\/hubsch-interior.com\/fr\/produit\/ateliers-lampe-de-table-bleu-fonce-blanc\/","og_site_name":"H\u00fcbsch","article_modified_time":"2026-04-14T03:03:52+00:00","og_image":[{"width":1200,"height":1200,"url":"https:\/\/hubsch-interior.com\/wp-content\/uploads\/2023\/08\/ateliers-table-lamp-dark-blue-253b846e84d76d3d0483441d1419d042.jpg","type":"image\/jpeg"}],"twitter_card":"summary_large_image","schema":{"@context":"https:\/\/schema.org","@graph":[{"@type":"WebPage","@id":"https:\/\/hubsch-interior.com\/fr\/produit\/ateliers-lampe-de-table-bleu-fonce-blanc\/","url":"https:\/\/hubsch-interior.com\/fr\/produit\/ateliers-lampe-de-table-bleu-fonce-blanc\/","name":"Ateliers Lampe de table Bleu fonc\u00e9\/Blanc - H\u00fcbsch","isPartOf":{"@id":"https:\/\/hubsch-interior.com\/fr\/#website"},"primaryImageOfPage":{"@id":"https:\/\/hubsch-interior.com\/fr\/produit\/ateliers-lampe-de-table-bleu-fonce-blanc\/#primaryimage"},"image":{"@id":"https:\/\/hubsch-interior.com\/fr\/produit\/ateliers-lampe-de-table-bleu-fonce-blanc\/#primaryimage"},"thumbnailUrl":"https:\/\/hubsch-interior.com\/wp-content\/uploads\/2026\/02\/ateliers-table-lamp-dark-bluewhite-9c9512746692f616d5058f65eaa61fda.jpg","datePublished":"2023-02-20T07:42:13+00:00","dateModified":"2026-04-14T03:03:52+00:00","description":"Cette lampe est juste incroyable ! Que vous la posiez sur une table de chevet dans votre chambre, ou dans votre salon pour cr\u00e9er une ambiance chaleureuse","breadcrumb":{"@id":"https:\/\/hubsch-interior.com\/fr\/produit\/ateliers-lampe-de-table-bleu-fonce-blanc\/#breadcrumb"},"inLanguage":"fr-FR","potentialAction":[{"@type":"ReadAction","target":["https:\/\/hubsch-interior.com\/fr\/produit\/ateliers-lampe-de-table-bleu-fonce-blanc\/"]}]},{"@type":"ImageObject","inLanguage":"fr-FR","@id":"https:\/\/hubsch-interior.com\/fr\/produit\/ateliers-lampe-de-table-bleu-fonce-blanc\/#primaryimage","url":"https:\/\/hubsch-interior.com\/wp-content\/uploads\/2026\/02\/ateliers-table-lamp-dark-bluewhite-9c9512746692f616d5058f65eaa61fda.jpg","contentUrl":"https:\/\/hubsch-interior.com\/wp-content\/uploads\/2026\/02\/ateliers-table-lamp-dark-bluewhite-9c9512746692f616d5058f65eaa61fda.jpg","width":1024,"height":1024},{"@type":"BreadcrumbList","@id":"https:\/\/hubsch-interior.com\/fr\/produit\/ateliers-lampe-de-table-bleu-fonce-blanc\/#breadcrumb","itemListElement":[{"@type":"ListItem","position":1,"name":"Page d'accueil","item":"https:\/\/hubsch-interior.com\/fr\/"},{"@type":"ListItem","position":2,"name":"Produits","item":"https:\/\/hubsch-interior.com\/fr\/shop-2\/"},{"@type":"ListItem","position":3,"name":"Luminaires","item":"https:\/\/hubsch-interior.com\/fr\/categorie-produit\/luminaires\/"},{"@type":"ListItem","position":4,"name":"Lampes &agrave; poser","item":"https:\/\/hubsch-interior.com\/fr\/categorie-produit\/luminaires\/lampes-a-poser-fr\/"},{"@type":"ListItem","position":5,"name":"Ateliers Lampe de table Bleu fonc\u00e9\/Blanc"}]},{"@type":"WebSite","@id":"https:\/\/hubsch-interior.com\/fr\/#website","url":"https:\/\/hubsch-interior.com\/fr\/","name":"H\u00fcbsch","description":"Danish Home Interior and Design","publisher":{"@id":"https:\/\/hubsch-interior.com\/fr\/#organization"},"potentialAction":[{"@type":"SearchAction","target":{"@type":"EntryPoint","urlTemplate":"https:\/\/hubsch-interior.com\/fr\/?s={search_term_string}"},"query-input":{"@type":"PropertyValueSpecification","valueRequired":true,"valueName":"search_term_string"}}],"inLanguage":"fr-FR"},{"@type":"Organization","@id":"https:\/\/hubsch-interior.com\/fr\/#organization","name":"H\u00fcbsch","url":"https:\/\/hubsch-interior.com\/fr\/","logo":{"@type":"ImageObject","inLanguage":"fr-FR","@id":"https:\/\/hubsch-interior.com\/fr\/#\/schema\/logo\/image\/","url":"https:\/\/hubsch-interior.com\/wp-content\/uploads\/2022\/12\/Hubsch_logo_black_one_line.svg","contentUrl":"https:\/\/hubsch-interior.com\/wp-content\/uploads\/2022\/12\/Hubsch_logo_black_one_line.svg","caption":"H\u00fcbsch"},"image":{"@id":"https:\/\/hubsch-interior.com\/fr\/#\/schema\/logo\/image\/"}}]}},"_links":{"self":[{"href":"https:\/\/hubsch-interior.com\/fr\/wp-json\/wp\/v2\/product\/880714","targetHints":{"allow":["GET"]}}],"collection":[{"href":"https:\/\/hubsch-interior.com\/fr\/wp-json\/wp\/v2\/product"}],"about":[{"href":"https:\/\/hubsch-interior.com\/fr\/wp-json\/wp\/v2\/types\/product"}],"wp:featuredmedia":[{"embeddable":true,"href":"https:\/\/hubsch-interior.com\/fr\/wp-json\/wp\/v2\/media\/1106663"}],"wp:attachment":[{"href":"https:\/\/hubsch-interior.com\/fr\/wp-json\/wp\/v2\/media?parent=880714"}],"wp:term":[{"taxonomy":"product_brand","embeddable":true,"href":"https:\/\/hubsch-interior.com\/fr\/wp-json\/wp\/v2\/product_brand?post=880714"},{"taxonomy":"product_cat","embeddable":true,"href":"https:\/\/hubsch-interior.com\/fr\/wp-json\/wp\/v2\/product_cat?post=880714"},{"taxonomy":"product_tag","embeddable":true,"href":"https:\/\/hubsch-interior.com\/fr\/wp-json\/wp\/v2\/product_tag?post=880714"}],"curies":[{"name":"wp","href":"https:\/\/api.w.org\/{rel}","templated":true}]}}