{"id":880978,"date":"2023-02-20T08:43:01","date_gmt":"2023-02-20T07:43:01","guid":{"rendered":"https:\/\/hubsch-interior.com\/product\/product\/"},"modified":"2026-04-09T05:18:09","modified_gmt":"2026-04-09T03:18:09","slug":"district-boite-de-rangement-small-marron-jaune","status":"publish","type":"product","link":"https:\/\/hubsch-interior.com\/fr\/produit\/district-boite-de-rangement-small-marron-jaune\/","title":{"rendered":"District Bo\u00eete de rangement Small Marron\/Jaune"},"content":{"rendered":"<p>Voici un petit bijou de rangement pour tous vos bibelots de bureau. La bo\u00eete de rangement District en m\u00e9tal poudr\u00e9 marron et jaune est la cachette id\u00e9ale pour vos gommes, trombones ou taille-crayons. Si vous \u00eates fan de couture, cette petite bo\u00eete de rangement est le parfait endroit pour stocker votre d\u00e9 \u00e0 coudre, vos aiguilles et boutons.<\/p>\n","protected":false},"excerpt":{"rendered":"<p>Voici un petit bijou de rangement pour tous vos bibelots de bureau. La bo\u00eete de rangement District en m\u00e9tal poudr\u00e9 marron et jaune est la cachette id\u00e9ale pour vos gommes, trombones ou taille-crayons. Si vous \u00eates fan de couture, cette petite bo\u00eete de rangement est le parfait endroit pour stocker votre d\u00e9 \u00e0 coudre, vos [&hellip;]<\/p>\n","protected":false},"featured_media":1110724,"template":"","meta":{"_acf_changed":false,"inline_featured_image":false},"product_brand":[],"product_cat":[6582,3110,3428,4153,4960,6535],"product_tag":[],"class_list":{"0":"post-880978","1":"product","2":"type-product","3":"status-publish","4":"has-post-thumbnail","6":"product_cat-rekindle-collection-fr","7":"product_cat-espace-de-rangement-fr","8":"product_cat-bocaux-fr","9":"product_cat-espace-de-travail-fr","10":"product_cat-rangement-fr","11":"product_cat-outlet-fr","12":"product_shipping_class-pk","14":"pa_color-jaune","15":"pa_color-marron","16":"pa_material-fer-fr","18":"first","19":"instock","20":"sale","21":"taxable","22":"shipping-taxable","23":"purchasable","24":"product-type-simple"},"exclude_global_add_ons":[],"addons":[],"acf":[],"yoast_head":"<!-- This site is optimized with the Yoast SEO plugin v26.4 - https:\/\/yoast.com\/wordpress\/plugins\/seo\/ -->\n<title>District Bo\u00eete de rangement Small Marron\/Jaune - H\u00fcbsch<\/title>\n<meta name=\"description\" content=\"Voici un petit bijou de rangement pour tous vos bibelots de bureau. La bo\u00eete de rangement District en m\u00e9tal poudr\u00e9 marron et jaune est la cachette id\u00e9ale\" \/>\n<meta name=\"robots\" content=\"index, follow, max-snippet:-1, max-image-preview:large, max-video-preview:-1\" \/>\n<link rel=\"canonical\" href=\"https:\/\/hubsch-interior.com\/fr\/wp-json\/wp\/v2\/product\/880978\" \/>\n<meta property=\"og:locale\" content=\"fr_FR\" \/>\n<meta property=\"og:type\" content=\"article\" \/>\n<meta property=\"og:title\" content=\"District Bo\u00eete de rangement Small Marron\/Jaune - H\u00fcbsch\" \/>\n<meta property=\"og:description\" content=\"Voici un petit bijou de rangement pour tous vos bibelots de bureau. La bo\u00eete de rangement District en m\u00e9tal poudr\u00e9 marron et jaune est la cachette id\u00e9ale\" \/>\n<meta property=\"og:url\" content=\"https:\/\/hubsch-interior.com\/fr\/produit\/district-boite-de-rangement-small-marron-jaune\/\" \/>\n<meta property=\"og:site_name\" content=\"H\u00fcbsch\" \/>\n<meta property=\"article:modified_time\" content=\"2026-04-09T03:18:09+00:00\" \/>\n<meta property=\"og:image\" content=\"https:\/\/hubsch-interior.com\/wp-content\/uploads\/2024\/01\/district-storage-box-small-brownyellow-9b125a5d86592df379c49ee13bd4cab1.jpg\" \/>\n\t<meta property=\"og:image:width\" content=\"1200\" \/>\n\t<meta property=\"og:image:height\" content=\"1200\" \/>\n\t<meta property=\"og:image:type\" content=\"image\/jpeg\" \/>\n<meta name=\"twitter:card\" content=\"summary_large_image\" \/>\n<script type=\"application\/ld+json\" class=\"yoast-schema-graph\">{\"@context\":\"https:\/\/schema.org\",\"@graph\":[{\"@type\":\"WebPage\",\"@id\":\"https:\/\/hubsch-interior.com\/fr\/produit\/district-boite-de-rangement-small-marron-jaune\/\",\"url\":\"https:\/\/hubsch-interior.com\/fr\/produit\/district-boite-de-rangement-small-marron-jaune\/\",\"name\":\"District Bo\u00eete de rangement Small Marron\/Jaune - H\u00fcbsch\",\"isPartOf\":{\"@id\":\"https:\/\/hubsch-interior.com\/fr\/#website\"},\"primaryImageOfPage\":{\"@id\":\"https:\/\/hubsch-interior.com\/fr\/produit\/district-boite-de-rangement-small-marron-jaune\/#primaryimage\"},\"image\":{\"@id\":\"https:\/\/hubsch-interior.com\/fr\/produit\/district-boite-de-rangement-small-marron-jaune\/#primaryimage\"},\"thumbnailUrl\":\"https:\/\/hubsch-interior.com\/wp-content\/uploads\/2026\/02\/district-storage-box-small-brownyellow-793fc874cfe3cf3e7a5c90a2fa870756.jpg\",\"datePublished\":\"2023-02-20T07:43:01+00:00\",\"dateModified\":\"2026-04-09T03:18:09+00:00\",\"description\":\"Voici un petit bijou de rangement pour tous vos bibelots de bureau. La bo\u00eete de rangement District en m\u00e9tal poudr\u00e9 marron et jaune est la cachette id\u00e9ale\",\"breadcrumb\":{\"@id\":\"https:\/\/hubsch-interior.com\/fr\/produit\/district-boite-de-rangement-small-marron-jaune\/#breadcrumb\"},\"inLanguage\":\"fr-FR\",\"potentialAction\":[{\"@type\":\"ReadAction\",\"target\":[\"https:\/\/hubsch-interior.com\/fr\/produit\/district-boite-de-rangement-small-marron-jaune\/\"]}]},{\"@type\":\"ImageObject\",\"inLanguage\":\"fr-FR\",\"@id\":\"https:\/\/hubsch-interior.com\/fr\/produit\/district-boite-de-rangement-small-marron-jaune\/#primaryimage\",\"url\":\"https:\/\/hubsch-interior.com\/wp-content\/uploads\/2026\/02\/district-storage-box-small-brownyellow-793fc874cfe3cf3e7a5c90a2fa870756.jpg\",\"contentUrl\":\"https:\/\/hubsch-interior.com\/wp-content\/uploads\/2026\/02\/district-storage-box-small-brownyellow-793fc874cfe3cf3e7a5c90a2fa870756.jpg\",\"width\":1024,\"height\":1024},{\"@type\":\"BreadcrumbList\",\"@id\":\"https:\/\/hubsch-interior.com\/fr\/produit\/district-boite-de-rangement-small-marron-jaune\/#breadcrumb\",\"itemListElement\":[{\"@type\":\"ListItem\",\"position\":1,\"name\":\"Page d'accueil\",\"item\":\"https:\/\/hubsch-interior.com\/fr\/\"},{\"@type\":\"ListItem\",\"position\":2,\"name\":\"Produits\",\"item\":\"https:\/\/hubsch-interior.com\/fr\/shop-2\/\"},{\"@type\":\"ListItem\",\"position\":3,\"name\":\"Accessoires maison\",\"item\":\"https:\/\/hubsch-interior.com\/fr\/categorie-produit\/accessoires-maison\/\"},{\"@type\":\"ListItem\",\"position\":4,\"name\":\"Espace de rangement\",\"item\":\"https:\/\/hubsch-interior.com\/fr\/categorie-produit\/accessoires-maison\/espace-de-rangement-fr\/\"},{\"@type\":\"ListItem\",\"position\":5,\"name\":\"Bocaux\",\"item\":\"https:\/\/hubsch-interior.com\/fr\/categorie-produit\/accessoires-maison\/espace-de-rangement-fr\/bocaux-fr\/\"},{\"@type\":\"ListItem\",\"position\":6,\"name\":\"District Bo\u00eete de rangement Small Marron\/Jaune\"}]},{\"@type\":\"WebSite\",\"@id\":\"https:\/\/hubsch-interior.com\/fr\/#website\",\"url\":\"https:\/\/hubsch-interior.com\/fr\/\",\"name\":\"H\u00fcbsch\",\"description\":\"Danish Home Interior and Design\",\"publisher\":{\"@id\":\"https:\/\/hubsch-interior.com\/fr\/#organization\"},\"potentialAction\":[{\"@type\":\"SearchAction\",\"target\":{\"@type\":\"EntryPoint\",\"urlTemplate\":\"https:\/\/hubsch-interior.com\/fr\/?s={search_term_string}\"},\"query-input\":{\"@type\":\"PropertyValueSpecification\",\"valueRequired\":true,\"valueName\":\"search_term_string\"}}],\"inLanguage\":\"fr-FR\"},{\"@type\":\"Organization\",\"@id\":\"https:\/\/hubsch-interior.com\/fr\/#organization\",\"name\":\"H\u00fcbsch\",\"url\":\"https:\/\/hubsch-interior.com\/fr\/\",\"logo\":{\"@type\":\"ImageObject\",\"inLanguage\":\"fr-FR\",\"@id\":\"https:\/\/hubsch-interior.com\/fr\/#\/schema\/logo\/image\/\",\"url\":\"https:\/\/hubsch-interior.com\/wp-content\/uploads\/2022\/12\/Hubsch_logo_black_one_line.svg\",\"contentUrl\":\"https:\/\/hubsch-interior.com\/wp-content\/uploads\/2022\/12\/Hubsch_logo_black_one_line.svg\",\"caption\":\"H\u00fcbsch\"},\"image\":{\"@id\":\"https:\/\/hubsch-interior.com\/fr\/#\/schema\/logo\/image\/\"}}]}<\/script>\n<!-- \/ Yoast SEO plugin. -->","yoast_head_json":{"title":"District Bo\u00eete de rangement Small Marron\/Jaune - H\u00fcbsch","description":"Voici un petit bijou de rangement pour tous vos bibelots de bureau. La bo\u00eete de rangement District en m\u00e9tal poudr\u00e9 marron et jaune est la cachette id\u00e9ale","robots":{"index":"index","follow":"follow","max-snippet":"max-snippet:-1","max-image-preview":"max-image-preview:large","max-video-preview":"max-video-preview:-1"},"canonical":"https:\/\/hubsch-interior.com\/fr\/wp-json\/wp\/v2\/product\/880978","og_locale":"fr_FR","og_type":"article","og_title":"District Bo\u00eete de rangement Small Marron\/Jaune - H\u00fcbsch","og_description":"Voici un petit bijou de rangement pour tous vos bibelots de bureau. La bo\u00eete de rangement District en m\u00e9tal poudr\u00e9 marron et jaune est la cachette id\u00e9ale","og_url":"https:\/\/hubsch-interior.com\/fr\/produit\/district-boite-de-rangement-small-marron-jaune\/","og_site_name":"H\u00fcbsch","article_modified_time":"2026-04-09T03:18:09+00:00","og_image":[{"width":1200,"height":1200,"url":"https:\/\/hubsch-interior.com\/wp-content\/uploads\/2024\/01\/district-storage-box-small-brownyellow-9b125a5d86592df379c49ee13bd4cab1.jpg","type":"image\/jpeg"}],"twitter_card":"summary_large_image","schema":{"@context":"https:\/\/schema.org","@graph":[{"@type":"WebPage","@id":"https:\/\/hubsch-interior.com\/fr\/produit\/district-boite-de-rangement-small-marron-jaune\/","url":"https:\/\/hubsch-interior.com\/fr\/produit\/district-boite-de-rangement-small-marron-jaune\/","name":"District Bo\u00eete de rangement Small Marron\/Jaune - H\u00fcbsch","isPartOf":{"@id":"https:\/\/hubsch-interior.com\/fr\/#website"},"primaryImageOfPage":{"@id":"https:\/\/hubsch-interior.com\/fr\/produit\/district-boite-de-rangement-small-marron-jaune\/#primaryimage"},"image":{"@id":"https:\/\/hubsch-interior.com\/fr\/produit\/district-boite-de-rangement-small-marron-jaune\/#primaryimage"},"thumbnailUrl":"https:\/\/hubsch-interior.com\/wp-content\/uploads\/2026\/02\/district-storage-box-small-brownyellow-793fc874cfe3cf3e7a5c90a2fa870756.jpg","datePublished":"2023-02-20T07:43:01+00:00","dateModified":"2026-04-09T03:18:09+00:00","description":"Voici un petit bijou de rangement pour tous vos bibelots de bureau. La bo\u00eete de rangement District en m\u00e9tal poudr\u00e9 marron et jaune est la cachette id\u00e9ale","breadcrumb":{"@id":"https:\/\/hubsch-interior.com\/fr\/produit\/district-boite-de-rangement-small-marron-jaune\/#breadcrumb"},"inLanguage":"fr-FR","potentialAction":[{"@type":"ReadAction","target":["https:\/\/hubsch-interior.com\/fr\/produit\/district-boite-de-rangement-small-marron-jaune\/"]}]},{"@type":"ImageObject","inLanguage":"fr-FR","@id":"https:\/\/hubsch-interior.com\/fr\/produit\/district-boite-de-rangement-small-marron-jaune\/#primaryimage","url":"https:\/\/hubsch-interior.com\/wp-content\/uploads\/2026\/02\/district-storage-box-small-brownyellow-793fc874cfe3cf3e7a5c90a2fa870756.jpg","contentUrl":"https:\/\/hubsch-interior.com\/wp-content\/uploads\/2026\/02\/district-storage-box-small-brownyellow-793fc874cfe3cf3e7a5c90a2fa870756.jpg","width":1024,"height":1024},{"@type":"BreadcrumbList","@id":"https:\/\/hubsch-interior.com\/fr\/produit\/district-boite-de-rangement-small-marron-jaune\/#breadcrumb","itemListElement":[{"@type":"ListItem","position":1,"name":"Page d'accueil","item":"https:\/\/hubsch-interior.com\/fr\/"},{"@type":"ListItem","position":2,"name":"Produits","item":"https:\/\/hubsch-interior.com\/fr\/shop-2\/"},{"@type":"ListItem","position":3,"name":"Accessoires maison","item":"https:\/\/hubsch-interior.com\/fr\/categorie-produit\/accessoires-maison\/"},{"@type":"ListItem","position":4,"name":"Espace de rangement","item":"https:\/\/hubsch-interior.com\/fr\/categorie-produit\/accessoires-maison\/espace-de-rangement-fr\/"},{"@type":"ListItem","position":5,"name":"Bocaux","item":"https:\/\/hubsch-interior.com\/fr\/categorie-produit\/accessoires-maison\/espace-de-rangement-fr\/bocaux-fr\/"},{"@type":"ListItem","position":6,"name":"District Bo\u00eete de rangement Small Marron\/Jaune"}]},{"@type":"WebSite","@id":"https:\/\/hubsch-interior.com\/fr\/#website","url":"https:\/\/hubsch-interior.com\/fr\/","name":"H\u00fcbsch","description":"Danish Home Interior and Design","publisher":{"@id":"https:\/\/hubsch-interior.com\/fr\/#organization"},"potentialAction":[{"@type":"SearchAction","target":{"@type":"EntryPoint","urlTemplate":"https:\/\/hubsch-interior.com\/fr\/?s={search_term_string}"},"query-input":{"@type":"PropertyValueSpecification","valueRequired":true,"valueName":"search_term_string"}}],"inLanguage":"fr-FR"},{"@type":"Organization","@id":"https:\/\/hubsch-interior.com\/fr\/#organization","name":"H\u00fcbsch","url":"https:\/\/hubsch-interior.com\/fr\/","logo":{"@type":"ImageObject","inLanguage":"fr-FR","@id":"https:\/\/hubsch-interior.com\/fr\/#\/schema\/logo\/image\/","url":"https:\/\/hubsch-interior.com\/wp-content\/uploads\/2022\/12\/Hubsch_logo_black_one_line.svg","contentUrl":"https:\/\/hubsch-interior.com\/wp-content\/uploads\/2022\/12\/Hubsch_logo_black_one_line.svg","caption":"H\u00fcbsch"},"image":{"@id":"https:\/\/hubsch-interior.com\/fr\/#\/schema\/logo\/image\/"}}]}},"_links":{"self":[{"href":"https:\/\/hubsch-interior.com\/fr\/wp-json\/wp\/v2\/product\/880978","targetHints":{"allow":["GET"]}}],"collection":[{"href":"https:\/\/hubsch-interior.com\/fr\/wp-json\/wp\/v2\/product"}],"about":[{"href":"https:\/\/hubsch-interior.com\/fr\/wp-json\/wp\/v2\/types\/product"}],"wp:featuredmedia":[{"embeddable":true,"href":"https:\/\/hubsch-interior.com\/fr\/wp-json\/wp\/v2\/media\/1110724"}],"wp:attachment":[{"href":"https:\/\/hubsch-interior.com\/fr\/wp-json\/wp\/v2\/media?parent=880978"}],"wp:term":[{"taxonomy":"product_brand","embeddable":true,"href":"https:\/\/hubsch-interior.com\/fr\/wp-json\/wp\/v2\/product_brand?post=880978"},{"taxonomy":"product_cat","embeddable":true,"href":"https:\/\/hubsch-interior.com\/fr\/wp-json\/wp\/v2\/product_cat?post=880978"},{"taxonomy":"product_tag","embeddable":true,"href":"https:\/\/hubsch-interior.com\/fr\/wp-json\/wp\/v2\/product_tag?post=880978"}],"curies":[{"name":"wp","href":"https:\/\/api.w.org\/{rel}","templated":true}]}}