{"id":882798,"date":"2023-02-20T09:57:04","date_gmt":"2023-02-20T08:57:04","guid":{"rendered":"https:\/\/hubsch-interior.com\/product\/product\/"},"modified":"2026-04-05T04:24:48","modified_gmt":"2026-04-05T02:24:48","slug":"luna-paniers-naturel-set-de-2","status":"publish","type":"product","link":"https:\/\/hubsch-interior.com\/fr\/produit\/luna-paniers-naturel-set-de-2\/","title":{"rendered":"Luna Paniers Naturel (set de 2)"},"content":{"rendered":"<p>Un panier en osier naturel fabriqu\u00e9 \u00e0 partir de rotin : c&#8217;est toujours une valeur s\u00fbre. Ce duo de paniers de rangement a un look a\u00e9rien qui se m\u00e9tamorphose avec son contenu. Parfait pour y d\u00e9poser les plaids et les coussins, les magazines ou les livres. M\u00eame votre plus joli v\u00eatement s&#8217;y perdrait volontiers !<\/p>\n","protected":false},"excerpt":{"rendered":"<p>Un panier en osier naturel fabriqu\u00e9 \u00e0 partir de rotin : c&#8217;est toujours une valeur s\u00fbre. Ce duo de paniers de rangement a un look a\u00e9rien qui se m\u00e9tamorphose avec son contenu. Parfait pour y d\u00e9poser les plaids et les coussins, les magazines ou les livres. M\u00eame votre plus joli v\u00eatement s&#8217;y perdrait volontiers !<\/p>\n","protected":false},"featured_media":1095592,"template":"","meta":{"_acf_changed":false,"inline_featured_image":false},"product_brand":[],"product_cat":[6582,3110,4075],"product_tag":[],"class_list":{"0":"post-882798","1":"product","2":"type-product","3":"status-publish","4":"has-post-thumbnail","6":"product_cat-rekindle-collection-fr","7":"product_cat-espace-de-rangement-fr","8":"product_cat-paniers-fr","9":"product_shipping_class-pk","11":"pa_color-naturel-2","12":"pa_material-rotin-fr","14":"first","15":"instock","16":"taxable","17":"shipping-taxable","18":"purchasable","19":"product-type-simple"},"exclude_global_add_ons":[],"addons":[],"acf":[],"yoast_head":"<!-- This site is optimized with the Yoast SEO plugin v26.4 - https:\/\/yoast.com\/wordpress\/plugins\/seo\/ -->\n<title>Luna Paniers Naturel (set de 2) - H\u00fcbsch<\/title>\n<meta name=\"description\" content=\"Un panier en osier naturel fabriqu\u00e9 \u00e0 partir de rotin : c&#039;est toujours une valeur s\u00fbre. Ce duo de paniers de rangement a un look a\u00e9rien qui se\" \/>\n<meta name=\"robots\" content=\"index, follow, max-snippet:-1, max-image-preview:large, max-video-preview:-1\" \/>\n<link rel=\"canonical\" href=\"https:\/\/hubsch-interior.com\/fr\/wp-json\/wp\/v2\/product\/882798\" \/>\n<meta property=\"og:locale\" content=\"fr_FR\" \/>\n<meta property=\"og:type\" content=\"article\" \/>\n<meta property=\"og:title\" content=\"Luna Paniers Naturel (set de 2) - H\u00fcbsch\" \/>\n<meta property=\"og:description\" content=\"Un panier en osier naturel fabriqu\u00e9 \u00e0 partir de rotin : c&#039;est toujours une valeur s\u00fbre. Ce duo de paniers de rangement a un look a\u00e9rien qui se\" \/>\n<meta property=\"og:url\" content=\"https:\/\/hubsch-interior.com\/fr\/produit\/luna-paniers-naturel-set-de-2\/\" \/>\n<meta property=\"og:site_name\" content=\"H\u00fcbsch\" \/>\n<meta property=\"article:modified_time\" content=\"2026-04-05T02:24:48+00:00\" \/>\n<meta property=\"og:image\" content=\"https:\/\/hubsch-interior.com\/wp-content\/uploads\/2023\/08\/luna-baskets-natural-set-of-2-e851fcdd82bf1340e2083b5bf711ac54.jpg\" \/>\n\t<meta property=\"og:image:width\" content=\"1200\" \/>\n\t<meta property=\"og:image:height\" content=\"1200\" \/>\n\t<meta property=\"og:image:type\" content=\"image\/jpeg\" \/>\n<meta name=\"twitter:card\" content=\"summary_large_image\" \/>\n<script type=\"application\/ld+json\" class=\"yoast-schema-graph\">{\"@context\":\"https:\/\/schema.org\",\"@graph\":[{\"@type\":\"WebPage\",\"@id\":\"https:\/\/hubsch-interior.com\/fr\/produit\/luna-paniers-naturel-set-de-2\/\",\"url\":\"https:\/\/hubsch-interior.com\/fr\/produit\/luna-paniers-naturel-set-de-2\/\",\"name\":\"Luna Paniers Naturel (set de 2) - H\u00fcbsch\",\"isPartOf\":{\"@id\":\"https:\/\/hubsch-interior.com\/fr\/#website\"},\"primaryImageOfPage\":{\"@id\":\"https:\/\/hubsch-interior.com\/fr\/produit\/luna-paniers-naturel-set-de-2\/#primaryimage\"},\"image\":{\"@id\":\"https:\/\/hubsch-interior.com\/fr\/produit\/luna-paniers-naturel-set-de-2\/#primaryimage\"},\"thumbnailUrl\":\"https:\/\/hubsch-interior.com\/wp-content\/uploads\/2026\/02\/luna-baskets-natural-set-of-2-398c954964e8e2a2f35390dc64b28714.jpg\",\"datePublished\":\"2023-02-20T08:57:04+00:00\",\"dateModified\":\"2026-04-05T02:24:48+00:00\",\"description\":\"Un panier en osier naturel fabriqu\u00e9 \u00e0 partir de rotin : c'est toujours une valeur s\u00fbre. Ce duo de paniers de rangement a un look a\u00e9rien qui se\",\"breadcrumb\":{\"@id\":\"https:\/\/hubsch-interior.com\/fr\/produit\/luna-paniers-naturel-set-de-2\/#breadcrumb\"},\"inLanguage\":\"fr-FR\",\"potentialAction\":[{\"@type\":\"ReadAction\",\"target\":[\"https:\/\/hubsch-interior.com\/fr\/produit\/luna-paniers-naturel-set-de-2\/\"]}]},{\"@type\":\"ImageObject\",\"inLanguage\":\"fr-FR\",\"@id\":\"https:\/\/hubsch-interior.com\/fr\/produit\/luna-paniers-naturel-set-de-2\/#primaryimage\",\"url\":\"https:\/\/hubsch-interior.com\/wp-content\/uploads\/2026\/02\/luna-baskets-natural-set-of-2-398c954964e8e2a2f35390dc64b28714.jpg\",\"contentUrl\":\"https:\/\/hubsch-interior.com\/wp-content\/uploads\/2026\/02\/luna-baskets-natural-set-of-2-398c954964e8e2a2f35390dc64b28714.jpg\",\"width\":1024,\"height\":1024},{\"@type\":\"BreadcrumbList\",\"@id\":\"https:\/\/hubsch-interior.com\/fr\/produit\/luna-paniers-naturel-set-de-2\/#breadcrumb\",\"itemListElement\":[{\"@type\":\"ListItem\",\"position\":1,\"name\":\"Page d'accueil\",\"item\":\"https:\/\/hubsch-interior.com\/fr\/\"},{\"@type\":\"ListItem\",\"position\":2,\"name\":\"Produits\",\"item\":\"https:\/\/hubsch-interior.com\/fr\/shop-2\/\"},{\"@type\":\"ListItem\",\"position\":3,\"name\":\"Rekindle Collection\",\"item\":\"https:\/\/hubsch-interior.com\/fr\/categorie-produit\/rekindle-collection-fr\/\"},{\"@type\":\"ListItem\",\"position\":4,\"name\":\"Luna Paniers Naturel (set de 2)\"}]},{\"@type\":\"WebSite\",\"@id\":\"https:\/\/hubsch-interior.com\/fr\/#website\",\"url\":\"https:\/\/hubsch-interior.com\/fr\/\",\"name\":\"H\u00fcbsch\",\"description\":\"Danish Home Interior and Design\",\"publisher\":{\"@id\":\"https:\/\/hubsch-interior.com\/fr\/#organization\"},\"potentialAction\":[{\"@type\":\"SearchAction\",\"target\":{\"@type\":\"EntryPoint\",\"urlTemplate\":\"https:\/\/hubsch-interior.com\/fr\/?s={search_term_string}\"},\"query-input\":{\"@type\":\"PropertyValueSpecification\",\"valueRequired\":true,\"valueName\":\"search_term_string\"}}],\"inLanguage\":\"fr-FR\"},{\"@type\":\"Organization\",\"@id\":\"https:\/\/hubsch-interior.com\/fr\/#organization\",\"name\":\"H\u00fcbsch\",\"url\":\"https:\/\/hubsch-interior.com\/fr\/\",\"logo\":{\"@type\":\"ImageObject\",\"inLanguage\":\"fr-FR\",\"@id\":\"https:\/\/hubsch-interior.com\/fr\/#\/schema\/logo\/image\/\",\"url\":\"https:\/\/hubsch-interior.com\/wp-content\/uploads\/2022\/12\/Hubsch_logo_black_one_line.svg\",\"contentUrl\":\"https:\/\/hubsch-interior.com\/wp-content\/uploads\/2022\/12\/Hubsch_logo_black_one_line.svg\",\"caption\":\"H\u00fcbsch\"},\"image\":{\"@id\":\"https:\/\/hubsch-interior.com\/fr\/#\/schema\/logo\/image\/\"}}]}<\/script>\n<!-- \/ Yoast SEO plugin. -->","yoast_head_json":{"title":"Luna Paniers Naturel (set de 2) - H\u00fcbsch","description":"Un panier en osier naturel fabriqu\u00e9 \u00e0 partir de rotin : c'est toujours une valeur s\u00fbre. Ce duo de paniers de rangement a un look a\u00e9rien qui se","robots":{"index":"index","follow":"follow","max-snippet":"max-snippet:-1","max-image-preview":"max-image-preview:large","max-video-preview":"max-video-preview:-1"},"canonical":"https:\/\/hubsch-interior.com\/fr\/wp-json\/wp\/v2\/product\/882798","og_locale":"fr_FR","og_type":"article","og_title":"Luna Paniers Naturel (set de 2) - H\u00fcbsch","og_description":"Un panier en osier naturel fabriqu\u00e9 \u00e0 partir de rotin : c'est toujours une valeur s\u00fbre. Ce duo de paniers de rangement a un look a\u00e9rien qui se","og_url":"https:\/\/hubsch-interior.com\/fr\/produit\/luna-paniers-naturel-set-de-2\/","og_site_name":"H\u00fcbsch","article_modified_time":"2026-04-05T02:24:48+00:00","og_image":[{"width":1200,"height":1200,"url":"https:\/\/hubsch-interior.com\/wp-content\/uploads\/2023\/08\/luna-baskets-natural-set-of-2-e851fcdd82bf1340e2083b5bf711ac54.jpg","type":"image\/jpeg"}],"twitter_card":"summary_large_image","schema":{"@context":"https:\/\/schema.org","@graph":[{"@type":"WebPage","@id":"https:\/\/hubsch-interior.com\/fr\/produit\/luna-paniers-naturel-set-de-2\/","url":"https:\/\/hubsch-interior.com\/fr\/produit\/luna-paniers-naturel-set-de-2\/","name":"Luna Paniers Naturel (set de 2) - H\u00fcbsch","isPartOf":{"@id":"https:\/\/hubsch-interior.com\/fr\/#website"},"primaryImageOfPage":{"@id":"https:\/\/hubsch-interior.com\/fr\/produit\/luna-paniers-naturel-set-de-2\/#primaryimage"},"image":{"@id":"https:\/\/hubsch-interior.com\/fr\/produit\/luna-paniers-naturel-set-de-2\/#primaryimage"},"thumbnailUrl":"https:\/\/hubsch-interior.com\/wp-content\/uploads\/2026\/02\/luna-baskets-natural-set-of-2-398c954964e8e2a2f35390dc64b28714.jpg","datePublished":"2023-02-20T08:57:04+00:00","dateModified":"2026-04-05T02:24:48+00:00","description":"Un panier en osier naturel fabriqu\u00e9 \u00e0 partir de rotin : c'est toujours une valeur s\u00fbre. Ce duo de paniers de rangement a un look a\u00e9rien qui se","breadcrumb":{"@id":"https:\/\/hubsch-interior.com\/fr\/produit\/luna-paniers-naturel-set-de-2\/#breadcrumb"},"inLanguage":"fr-FR","potentialAction":[{"@type":"ReadAction","target":["https:\/\/hubsch-interior.com\/fr\/produit\/luna-paniers-naturel-set-de-2\/"]}]},{"@type":"ImageObject","inLanguage":"fr-FR","@id":"https:\/\/hubsch-interior.com\/fr\/produit\/luna-paniers-naturel-set-de-2\/#primaryimage","url":"https:\/\/hubsch-interior.com\/wp-content\/uploads\/2026\/02\/luna-baskets-natural-set-of-2-398c954964e8e2a2f35390dc64b28714.jpg","contentUrl":"https:\/\/hubsch-interior.com\/wp-content\/uploads\/2026\/02\/luna-baskets-natural-set-of-2-398c954964e8e2a2f35390dc64b28714.jpg","width":1024,"height":1024},{"@type":"BreadcrumbList","@id":"https:\/\/hubsch-interior.com\/fr\/produit\/luna-paniers-naturel-set-de-2\/#breadcrumb","itemListElement":[{"@type":"ListItem","position":1,"name":"Page d'accueil","item":"https:\/\/hubsch-interior.com\/fr\/"},{"@type":"ListItem","position":2,"name":"Produits","item":"https:\/\/hubsch-interior.com\/fr\/shop-2\/"},{"@type":"ListItem","position":3,"name":"Rekindle Collection","item":"https:\/\/hubsch-interior.com\/fr\/categorie-produit\/rekindle-collection-fr\/"},{"@type":"ListItem","position":4,"name":"Luna Paniers Naturel (set de 2)"}]},{"@type":"WebSite","@id":"https:\/\/hubsch-interior.com\/fr\/#website","url":"https:\/\/hubsch-interior.com\/fr\/","name":"H\u00fcbsch","description":"Danish Home Interior and Design","publisher":{"@id":"https:\/\/hubsch-interior.com\/fr\/#organization"},"potentialAction":[{"@type":"SearchAction","target":{"@type":"EntryPoint","urlTemplate":"https:\/\/hubsch-interior.com\/fr\/?s={search_term_string}"},"query-input":{"@type":"PropertyValueSpecification","valueRequired":true,"valueName":"search_term_string"}}],"inLanguage":"fr-FR"},{"@type":"Organization","@id":"https:\/\/hubsch-interior.com\/fr\/#organization","name":"H\u00fcbsch","url":"https:\/\/hubsch-interior.com\/fr\/","logo":{"@type":"ImageObject","inLanguage":"fr-FR","@id":"https:\/\/hubsch-interior.com\/fr\/#\/schema\/logo\/image\/","url":"https:\/\/hubsch-interior.com\/wp-content\/uploads\/2022\/12\/Hubsch_logo_black_one_line.svg","contentUrl":"https:\/\/hubsch-interior.com\/wp-content\/uploads\/2022\/12\/Hubsch_logo_black_one_line.svg","caption":"H\u00fcbsch"},"image":{"@id":"https:\/\/hubsch-interior.com\/fr\/#\/schema\/logo\/image\/"}}]}},"_links":{"self":[{"href":"https:\/\/hubsch-interior.com\/fr\/wp-json\/wp\/v2\/product\/882798","targetHints":{"allow":["GET"]}}],"collection":[{"href":"https:\/\/hubsch-interior.com\/fr\/wp-json\/wp\/v2\/product"}],"about":[{"href":"https:\/\/hubsch-interior.com\/fr\/wp-json\/wp\/v2\/types\/product"}],"wp:featuredmedia":[{"embeddable":true,"href":"https:\/\/hubsch-interior.com\/fr\/wp-json\/wp\/v2\/media\/1095592"}],"wp:attachment":[{"href":"https:\/\/hubsch-interior.com\/fr\/wp-json\/wp\/v2\/media?parent=882798"}],"wp:term":[{"taxonomy":"product_brand","embeddable":true,"href":"https:\/\/hubsch-interior.com\/fr\/wp-json\/wp\/v2\/product_brand?post=882798"},{"taxonomy":"product_cat","embeddable":true,"href":"https:\/\/hubsch-interior.com\/fr\/wp-json\/wp\/v2\/product_cat?post=882798"},{"taxonomy":"product_tag","embeddable":true,"href":"https:\/\/hubsch-interior.com\/fr\/wp-json\/wp\/v2\/product_tag?post=882798"}],"curies":[{"name":"wp","href":"https:\/\/api.w.org\/{rel}","templated":true}]}}