{"id":894204,"date":"2023-05-17T11:43:37","date_gmt":"2023-05-17T09:43:37","guid":{"rendered":"https:\/\/hubsch-interior.com\/product\/product-2\/"},"modified":"2026-04-15T04:18:36","modified_gmt":"2026-04-15T02:18:36","slug":"block-canape-maroon","status":"publish","type":"product","link":"https:\/\/hubsch-interior.com\/fr\/produit\/block-canape-maroon\/","title":{"rendered":"Block Canap\u00e9 Maroon"},"content":{"rendered":"<p>Le Block Sofa Amber\/Black est un produit unique qui allie modernit\u00e9 et confort. Fabriqu\u00e9 \u00e0 partir de m\u00e9tal et de polyester certifi\u00e9 OEKO-TEX\u00ae STANDARD 100, ce meuble offre une qualit\u00e9 et une durabilit\u00e9 exceptionnelles. Son design audacieux et son rev\u00eatement r\u00e9sistant ajoutent \u00e0 son attrait. Des coussins moelleux et des pieds stables compl\u00e8tent le look. Le Block Sofa Amber\/Black est le choix parfait pour votre salon ou votre chambre.<\/p>\n","protected":false},"excerpt":{"rendered":"<p>Le Block Sofa Amber\/Black est un produit unique qui allie modernit\u00e9 et confort. Fabriqu\u00e9 \u00e0 partir de m\u00e9tal et de polyester certifi\u00e9 OEKO-TEX\u00ae STANDARD 100, ce meuble offre une qualit\u00e9 et une durabilit\u00e9 exceptionnelles. Son design audacieux et son rev\u00eatement r\u00e9sistant ajoutent \u00e0 son attrait. Des coussins moelleux et des pieds stables compl\u00e8tent le look. [&hellip;]<\/p>\n","protected":false},"featured_media":1093507,"template":"","meta":{"_acf_changed":false,"inline_featured_image":false},"product_brand":[],"product_cat":[2843,4199,5026],"product_tag":[],"class_list":{"0":"post-894204","1":"product","2":"type-product","3":"status-publish","4":"has-post-thumbnail","6":"product_cat-assises-fr","7":"product_cat-canapes-lits-de-jour-fr","8":"product_cat-bestsellers-fr","9":"product_shipping_class-p10","11":"pa_color-maroon-2","12":"pa_material-fer-fr","13":"pa_material-polyester-100-fr","15":"first","16":"instock","17":"featured","18":"taxable","19":"shipping-taxable","20":"purchasable","21":"product-type-simple"},"exclude_global_add_ons":[],"addons":[],"acf":[],"yoast_head":"<!-- This site is optimized with the Yoast SEO plugin v26.4 - https:\/\/yoast.com\/wordpress\/plugins\/seo\/ -->\n<title>Block Canap\u00e9 Maroon - H\u00fcbsch<\/title>\n<meta name=\"description\" content=\"Le Block Sofa Amber\/Black est un produit unique qui allie modernit\u00e9 et confort. Fabriqu\u00e9 \u00e0 partir de m\u00e9tal et de polyester certifi\u00e9 OEKO-TEX\u00ae STANDARD\" \/>\n<meta name=\"robots\" content=\"index, follow, max-snippet:-1, max-image-preview:large, max-video-preview:-1\" \/>\n<link rel=\"canonical\" href=\"https:\/\/hubsch-interior.com\/fr\/wp-json\/wp\/v2\/product\/894204\" \/>\n<meta property=\"og:locale\" content=\"fr_FR\" \/>\n<meta property=\"og:type\" content=\"article\" \/>\n<meta property=\"og:title\" content=\"Block Canap\u00e9 Maroon - H\u00fcbsch\" \/>\n<meta property=\"og:description\" content=\"Le Block Sofa Amber\/Black est un produit unique qui allie modernit\u00e9 et confort. Fabriqu\u00e9 \u00e0 partir de m\u00e9tal et de polyester certifi\u00e9 OEKO-TEX\u00ae STANDARD\" \/>\n<meta property=\"og:url\" content=\"https:\/\/hubsch-interior.com\/fr\/produit\/block-canape-maroon\/\" \/>\n<meta property=\"og:site_name\" content=\"H\u00fcbsch\" \/>\n<meta property=\"article:modified_time\" content=\"2026-04-15T02:18:36+00:00\" \/>\n<meta property=\"og:image\" content=\"https:\/\/hubsch-interior.com\/wp-content\/uploads\/2023\/08\/block-sofa-amberblack-5b9ef0d7404dc5b765bc34256ef0fc60.jpg\" \/>\n\t<meta property=\"og:image:width\" content=\"1200\" \/>\n\t<meta property=\"og:image:height\" content=\"1200\" \/>\n\t<meta property=\"og:image:type\" content=\"image\/jpeg\" \/>\n<meta name=\"twitter:card\" content=\"summary_large_image\" \/>\n<script type=\"application\/ld+json\" class=\"yoast-schema-graph\">{\"@context\":\"https:\/\/schema.org\",\"@graph\":[{\"@type\":\"WebPage\",\"@id\":\"https:\/\/hubsch-interior.com\/fr\/produit\/block-canape-maroon\/\",\"url\":\"https:\/\/hubsch-interior.com\/fr\/produit\/block-canape-maroon\/\",\"name\":\"Block Canap\u00e9 Maroon - H\u00fcbsch\",\"isPartOf\":{\"@id\":\"https:\/\/hubsch-interior.com\/fr\/#website\"},\"primaryImageOfPage\":{\"@id\":\"https:\/\/hubsch-interior.com\/fr\/produit\/block-canape-maroon\/#primaryimage\"},\"image\":{\"@id\":\"https:\/\/hubsch-interior.com\/fr\/produit\/block-canape-maroon\/#primaryimage\"},\"thumbnailUrl\":\"https:\/\/hubsch-interior.com\/wp-content\/uploads\/2026\/02\/block-sofa-maroon-b3f3b84cc7c5fab22db4fc2e5f5507ab.jpg\",\"datePublished\":\"2023-05-17T09:43:37+00:00\",\"dateModified\":\"2026-04-15T02:18:36+00:00\",\"description\":\"Le Block Sofa Amber\/Black est un produit unique qui allie modernit\u00e9 et confort. Fabriqu\u00e9 \u00e0 partir de m\u00e9tal et de polyester certifi\u00e9 OEKO-TEX\u00ae STANDARD\",\"breadcrumb\":{\"@id\":\"https:\/\/hubsch-interior.com\/fr\/produit\/block-canape-maroon\/#breadcrumb\"},\"inLanguage\":\"fr-FR\",\"potentialAction\":[{\"@type\":\"ReadAction\",\"target\":[\"https:\/\/hubsch-interior.com\/fr\/produit\/block-canape-maroon\/\"]}]},{\"@type\":\"ImageObject\",\"inLanguage\":\"fr-FR\",\"@id\":\"https:\/\/hubsch-interior.com\/fr\/produit\/block-canape-maroon\/#primaryimage\",\"url\":\"https:\/\/hubsch-interior.com\/wp-content\/uploads\/2026\/02\/block-sofa-maroon-b3f3b84cc7c5fab22db4fc2e5f5507ab.jpg\",\"contentUrl\":\"https:\/\/hubsch-interior.com\/wp-content\/uploads\/2026\/02\/block-sofa-maroon-b3f3b84cc7c5fab22db4fc2e5f5507ab.jpg\",\"width\":1024,\"height\":1024},{\"@type\":\"BreadcrumbList\",\"@id\":\"https:\/\/hubsch-interior.com\/fr\/produit\/block-canape-maroon\/#breadcrumb\",\"itemListElement\":[{\"@type\":\"ListItem\",\"position\":1,\"name\":\"Page d'accueil\",\"item\":\"https:\/\/hubsch-interior.com\/fr\/\"},{\"@type\":\"ListItem\",\"position\":2,\"name\":\"Produits\",\"item\":\"https:\/\/hubsch-interior.com\/fr\/shop-2\/\"},{\"@type\":\"ListItem\",\"position\":3,\"name\":\"Meubles\",\"item\":\"https:\/\/hubsch-interior.com\/fr\/categorie-produit\/meubles\/\"},{\"@type\":\"ListItem\",\"position\":4,\"name\":\"Assises\",\"item\":\"https:\/\/hubsch-interior.com\/fr\/categorie-produit\/meubles\/assises-fr\/\"},{\"@type\":\"ListItem\",\"position\":5,\"name\":\"Canap&eacute;s &amp; lits de jour\",\"item\":\"https:\/\/hubsch-interior.com\/fr\/categorie-produit\/meubles\/assises-fr\/canapes-lits-de-jour-fr\/\"},{\"@type\":\"ListItem\",\"position\":6,\"name\":\"Block Canap\u00e9 Maroon\"}]},{\"@type\":\"WebSite\",\"@id\":\"https:\/\/hubsch-interior.com\/fr\/#website\",\"url\":\"https:\/\/hubsch-interior.com\/fr\/\",\"name\":\"H\u00fcbsch\",\"description\":\"Danish Home Interior and Design\",\"publisher\":{\"@id\":\"https:\/\/hubsch-interior.com\/fr\/#organization\"},\"potentialAction\":[{\"@type\":\"SearchAction\",\"target\":{\"@type\":\"EntryPoint\",\"urlTemplate\":\"https:\/\/hubsch-interior.com\/fr\/?s={search_term_string}\"},\"query-input\":{\"@type\":\"PropertyValueSpecification\",\"valueRequired\":true,\"valueName\":\"search_term_string\"}}],\"inLanguage\":\"fr-FR\"},{\"@type\":\"Organization\",\"@id\":\"https:\/\/hubsch-interior.com\/fr\/#organization\",\"name\":\"H\u00fcbsch\",\"url\":\"https:\/\/hubsch-interior.com\/fr\/\",\"logo\":{\"@type\":\"ImageObject\",\"inLanguage\":\"fr-FR\",\"@id\":\"https:\/\/hubsch-interior.com\/fr\/#\/schema\/logo\/image\/\",\"url\":\"https:\/\/hubsch-interior.com\/wp-content\/uploads\/2022\/12\/Hubsch_logo_black_one_line.svg\",\"contentUrl\":\"https:\/\/hubsch-interior.com\/wp-content\/uploads\/2022\/12\/Hubsch_logo_black_one_line.svg\",\"caption\":\"H\u00fcbsch\"},\"image\":{\"@id\":\"https:\/\/hubsch-interior.com\/fr\/#\/schema\/logo\/image\/\"}}]}<\/script>\n<!-- \/ Yoast SEO plugin. -->","yoast_head_json":{"title":"Block Canap\u00e9 Maroon - H\u00fcbsch","description":"Le Block Sofa Amber\/Black est un produit unique qui allie modernit\u00e9 et confort. Fabriqu\u00e9 \u00e0 partir de m\u00e9tal et de polyester certifi\u00e9 OEKO-TEX\u00ae STANDARD","robots":{"index":"index","follow":"follow","max-snippet":"max-snippet:-1","max-image-preview":"max-image-preview:large","max-video-preview":"max-video-preview:-1"},"canonical":"https:\/\/hubsch-interior.com\/fr\/wp-json\/wp\/v2\/product\/894204","og_locale":"fr_FR","og_type":"article","og_title":"Block Canap\u00e9 Maroon - H\u00fcbsch","og_description":"Le Block Sofa Amber\/Black est un produit unique qui allie modernit\u00e9 et confort. Fabriqu\u00e9 \u00e0 partir de m\u00e9tal et de polyester certifi\u00e9 OEKO-TEX\u00ae STANDARD","og_url":"https:\/\/hubsch-interior.com\/fr\/produit\/block-canape-maroon\/","og_site_name":"H\u00fcbsch","article_modified_time":"2026-04-15T02:18:36+00:00","og_image":[{"width":1200,"height":1200,"url":"https:\/\/hubsch-interior.com\/wp-content\/uploads\/2023\/08\/block-sofa-amberblack-5b9ef0d7404dc5b765bc34256ef0fc60.jpg","type":"image\/jpeg"}],"twitter_card":"summary_large_image","schema":{"@context":"https:\/\/schema.org","@graph":[{"@type":"WebPage","@id":"https:\/\/hubsch-interior.com\/fr\/produit\/block-canape-maroon\/","url":"https:\/\/hubsch-interior.com\/fr\/produit\/block-canape-maroon\/","name":"Block Canap\u00e9 Maroon - H\u00fcbsch","isPartOf":{"@id":"https:\/\/hubsch-interior.com\/fr\/#website"},"primaryImageOfPage":{"@id":"https:\/\/hubsch-interior.com\/fr\/produit\/block-canape-maroon\/#primaryimage"},"image":{"@id":"https:\/\/hubsch-interior.com\/fr\/produit\/block-canape-maroon\/#primaryimage"},"thumbnailUrl":"https:\/\/hubsch-interior.com\/wp-content\/uploads\/2026\/02\/block-sofa-maroon-b3f3b84cc7c5fab22db4fc2e5f5507ab.jpg","datePublished":"2023-05-17T09:43:37+00:00","dateModified":"2026-04-15T02:18:36+00:00","description":"Le Block Sofa Amber\/Black est un produit unique qui allie modernit\u00e9 et confort. Fabriqu\u00e9 \u00e0 partir de m\u00e9tal et de polyester certifi\u00e9 OEKO-TEX\u00ae STANDARD","breadcrumb":{"@id":"https:\/\/hubsch-interior.com\/fr\/produit\/block-canape-maroon\/#breadcrumb"},"inLanguage":"fr-FR","potentialAction":[{"@type":"ReadAction","target":["https:\/\/hubsch-interior.com\/fr\/produit\/block-canape-maroon\/"]}]},{"@type":"ImageObject","inLanguage":"fr-FR","@id":"https:\/\/hubsch-interior.com\/fr\/produit\/block-canape-maroon\/#primaryimage","url":"https:\/\/hubsch-interior.com\/wp-content\/uploads\/2026\/02\/block-sofa-maroon-b3f3b84cc7c5fab22db4fc2e5f5507ab.jpg","contentUrl":"https:\/\/hubsch-interior.com\/wp-content\/uploads\/2026\/02\/block-sofa-maroon-b3f3b84cc7c5fab22db4fc2e5f5507ab.jpg","width":1024,"height":1024},{"@type":"BreadcrumbList","@id":"https:\/\/hubsch-interior.com\/fr\/produit\/block-canape-maroon\/#breadcrumb","itemListElement":[{"@type":"ListItem","position":1,"name":"Page d'accueil","item":"https:\/\/hubsch-interior.com\/fr\/"},{"@type":"ListItem","position":2,"name":"Produits","item":"https:\/\/hubsch-interior.com\/fr\/shop-2\/"},{"@type":"ListItem","position":3,"name":"Meubles","item":"https:\/\/hubsch-interior.com\/fr\/categorie-produit\/meubles\/"},{"@type":"ListItem","position":4,"name":"Assises","item":"https:\/\/hubsch-interior.com\/fr\/categorie-produit\/meubles\/assises-fr\/"},{"@type":"ListItem","position":5,"name":"Canap&eacute;s &amp; lits de jour","item":"https:\/\/hubsch-interior.com\/fr\/categorie-produit\/meubles\/assises-fr\/canapes-lits-de-jour-fr\/"},{"@type":"ListItem","position":6,"name":"Block Canap\u00e9 Maroon"}]},{"@type":"WebSite","@id":"https:\/\/hubsch-interior.com\/fr\/#website","url":"https:\/\/hubsch-interior.com\/fr\/","name":"H\u00fcbsch","description":"Danish Home Interior and Design","publisher":{"@id":"https:\/\/hubsch-interior.com\/fr\/#organization"},"potentialAction":[{"@type":"SearchAction","target":{"@type":"EntryPoint","urlTemplate":"https:\/\/hubsch-interior.com\/fr\/?s={search_term_string}"},"query-input":{"@type":"PropertyValueSpecification","valueRequired":true,"valueName":"search_term_string"}}],"inLanguage":"fr-FR"},{"@type":"Organization","@id":"https:\/\/hubsch-interior.com\/fr\/#organization","name":"H\u00fcbsch","url":"https:\/\/hubsch-interior.com\/fr\/","logo":{"@type":"ImageObject","inLanguage":"fr-FR","@id":"https:\/\/hubsch-interior.com\/fr\/#\/schema\/logo\/image\/","url":"https:\/\/hubsch-interior.com\/wp-content\/uploads\/2022\/12\/Hubsch_logo_black_one_line.svg","contentUrl":"https:\/\/hubsch-interior.com\/wp-content\/uploads\/2022\/12\/Hubsch_logo_black_one_line.svg","caption":"H\u00fcbsch"},"image":{"@id":"https:\/\/hubsch-interior.com\/fr\/#\/schema\/logo\/image\/"}}]}},"_links":{"self":[{"href":"https:\/\/hubsch-interior.com\/fr\/wp-json\/wp\/v2\/product\/894204","targetHints":{"allow":["GET"]}}],"collection":[{"href":"https:\/\/hubsch-interior.com\/fr\/wp-json\/wp\/v2\/product"}],"about":[{"href":"https:\/\/hubsch-interior.com\/fr\/wp-json\/wp\/v2\/types\/product"}],"wp:featuredmedia":[{"embeddable":true,"href":"https:\/\/hubsch-interior.com\/fr\/wp-json\/wp\/v2\/media\/1093507"}],"wp:attachment":[{"href":"https:\/\/hubsch-interior.com\/fr\/wp-json\/wp\/v2\/media?parent=894204"}],"wp:term":[{"taxonomy":"product_brand","embeddable":true,"href":"https:\/\/hubsch-interior.com\/fr\/wp-json\/wp\/v2\/product_brand?post=894204"},{"taxonomy":"product_cat","embeddable":true,"href":"https:\/\/hubsch-interior.com\/fr\/wp-json\/wp\/v2\/product_cat?post=894204"},{"taxonomy":"product_tag","embeddable":true,"href":"https:\/\/hubsch-interior.com\/fr\/wp-json\/wp\/v2\/product_tag?post=894204"}],"curies":[{"name":"wp","href":"https:\/\/api.w.org\/{rel}","templated":true}]}}