{"id":899467,"date":"2023-06-13T09:07:52","date_gmt":"2023-06-13T07:07:52","guid":{"rendered":"https:\/\/hubsch-interior.com\/product\/product\/"},"modified":"2026-04-05T04:25:53","modified_gmt":"2026-04-05T02:25:53","slug":"bonbon-bols-en-verre-medium-vert-marron","status":"publish","type":"product","link":"https:\/\/hubsch-interior.com\/fr\/produit\/bonbon-bols-en-verre-medium-vert-marron\/","title":{"rendered":"Bonbon Bols en verre Medium Vert\/Marron"},"content":{"rendered":"<p>Fabriqu\u00e9s \u00e0 la main et dot\u00e9s d&#8217;une surface textur\u00e9e, ces r\u00e9cipients apportent une \u00e9l\u00e9gante touche \u00e0 vos bibelots de tous les jours. Sa conception originale permet au bol et au pied d&#8217;\u00eatre s\u00e9par\u00e9s, m\u00e9lang\u00e9s et assortis avec d&#8217;autres pi\u00e8ces de la s\u00e9rie. Cela signifie que vous pouvez cr\u00e9er des combinaisons de couleurs en fonction de vos envies et de vos go\u00fbts du moment. Que vous utilisiez cette coupe Bonbon verte et marron comme coupe \u00e0 fruits dans la cuisine ou que vous l&#8217;exposiez sur une \u00e9tag\u00e8re comme accessoire d\u00e9coratif, cet objet fera sensation. Les coupes Bonbon Bowls ont \u00e9t\u00e9 imagin\u00e9es pour y accueillir aussi des aliments (confiseries, chocolats).<\/p>\n","protected":false},"excerpt":{"rendered":"<p>Fabriqu\u00e9s \u00e0 la main et dot\u00e9s d&#8217;une surface textur\u00e9e, ces r\u00e9cipients apportent une \u00e9l\u00e9gante touche \u00e0 vos bibelots de tous les jours. Sa conception originale permet au bol et au pied d&#8217;\u00eatre s\u00e9par\u00e9s, m\u00e9lang\u00e9s et assortis avec d&#8217;autres pi\u00e8ces de la s\u00e9rie. Cela signifie que vous pouvez cr\u00e9er des combinaisons de couleurs en fonction de [&hellip;]<\/p>\n","protected":false},"featured_media":1095901,"template":"","meta":{"_acf_changed":false,"inline_featured_image":false},"product_brand":[],"product_cat":[7043,6738,6971,7027,4053,4095,6535],"product_tag":[],"class_list":{"0":"post-899467","1":"product","2":"type-product","3":"status-publish","4":"has-post-thumbnail","6":"product_cat-bols-de-service-fr","7":"product_cat-colour-revival-fr","8":"product_cat-paques","9":"product_cat-vaisselle-fr-2","10":"product_cat-accessoires-de-cuisine-fr","11":"product_cat-vaisselle-fr","12":"product_cat-outlet-fr","13":"product_shipping_class-pk","15":"pa_color-marron","16":"pa_color-vert-2","17":"pa_material-verre-fr","19":"first","20":"instock","21":"sale","22":"taxable","23":"shipping-taxable","24":"purchasable","25":"product-type-simple"},"exclude_global_add_ons":[],"addons":[],"acf":[],"yoast_head":"<!-- This site is optimized with the Yoast SEO plugin v26.4 - https:\/\/yoast.com\/wordpress\/plugins\/seo\/ -->\n<title>Bonbon Bols en verre Medium Vert\/Marron - H\u00fcbsch<\/title>\n<meta name=\"description\" content=\"Fabriqu\u00e9s \u00e0 la main et dot\u00e9s d&#039;une surface textur\u00e9e, ces r\u00e9cipients apportent une \u00e9l\u00e9gante touche \u00e0 vos bibelots de tous les jours. Sa conception\" \/>\n<meta name=\"robots\" content=\"index, follow, max-snippet:-1, max-image-preview:large, max-video-preview:-1\" \/>\n<link rel=\"canonical\" href=\"https:\/\/hubsch-interior.com\/fr\/wp-json\/wp\/v2\/product\/899467\" \/>\n<meta property=\"og:locale\" content=\"fr_FR\" \/>\n<meta property=\"og:type\" content=\"article\" \/>\n<meta property=\"og:title\" content=\"Bonbon Bols en verre Medium Vert\/Marron - H\u00fcbsch\" \/>\n<meta property=\"og:description\" content=\"Fabriqu\u00e9s \u00e0 la main et dot\u00e9s d&#039;une surface textur\u00e9e, ces r\u00e9cipients apportent une \u00e9l\u00e9gante touche \u00e0 vos bibelots de tous les jours. Sa conception\" \/>\n<meta property=\"og:url\" content=\"https:\/\/hubsch-interior.com\/fr\/produit\/bonbon-bols-en-verre-medium-vert-marron\/\" \/>\n<meta property=\"og:site_name\" content=\"H\u00fcbsch\" \/>\n<meta property=\"article:modified_time\" content=\"2026-04-05T02:25:53+00:00\" \/>\n<meta property=\"og:image\" content=\"https:\/\/hubsch-interior.com\/wp-content\/uploads\/2023\/11\/bonbon-glass-bowl-medium-greenbrown-43de43c4f6d5afff296146d73be23441.jpg\" \/>\n\t<meta property=\"og:image:width\" content=\"1200\" \/>\n\t<meta property=\"og:image:height\" content=\"1200\" \/>\n\t<meta property=\"og:image:type\" content=\"image\/jpeg\" \/>\n<meta name=\"twitter:card\" content=\"summary_large_image\" \/>\n<meta name=\"twitter:label1\" content=\"Dur\u00e9e de lecture estim\u00e9e\" \/>\n\t<meta name=\"twitter:data1\" content=\"1 minute\" \/>\n<script type=\"application\/ld+json\" class=\"yoast-schema-graph\">{\"@context\":\"https:\/\/schema.org\",\"@graph\":[{\"@type\":\"WebPage\",\"@id\":\"https:\/\/hubsch-interior.com\/fr\/produit\/bonbon-bols-en-verre-medium-vert-marron\/\",\"url\":\"https:\/\/hubsch-interior.com\/fr\/produit\/bonbon-bols-en-verre-medium-vert-marron\/\",\"name\":\"Bonbon Bols en verre Medium Vert\/Marron - H\u00fcbsch\",\"isPartOf\":{\"@id\":\"https:\/\/hubsch-interior.com\/fr\/#website\"},\"primaryImageOfPage\":{\"@id\":\"https:\/\/hubsch-interior.com\/fr\/produit\/bonbon-bols-en-verre-medium-vert-marron\/#primaryimage\"},\"image\":{\"@id\":\"https:\/\/hubsch-interior.com\/fr\/produit\/bonbon-bols-en-verre-medium-vert-marron\/#primaryimage\"},\"thumbnailUrl\":\"https:\/\/hubsch-interior.com\/wp-content\/uploads\/2026\/02\/bonbon-glass-bowl-medium-greenbrown-b879ffe24099ea5903e858c2f08c455b.jpg\",\"datePublished\":\"2023-06-13T07:07:52+00:00\",\"dateModified\":\"2026-04-05T02:25:53+00:00\",\"description\":\"Fabriqu\u00e9s \u00e0 la main et dot\u00e9s d'une surface textur\u00e9e, ces r\u00e9cipients apportent une \u00e9l\u00e9gante touche \u00e0 vos bibelots de tous les jours. Sa conception\",\"breadcrumb\":{\"@id\":\"https:\/\/hubsch-interior.com\/fr\/produit\/bonbon-bols-en-verre-medium-vert-marron\/#breadcrumb\"},\"inLanguage\":\"fr-FR\",\"potentialAction\":[{\"@type\":\"ReadAction\",\"target\":[\"https:\/\/hubsch-interior.com\/fr\/produit\/bonbon-bols-en-verre-medium-vert-marron\/\"]}]},{\"@type\":\"ImageObject\",\"inLanguage\":\"fr-FR\",\"@id\":\"https:\/\/hubsch-interior.com\/fr\/produit\/bonbon-bols-en-verre-medium-vert-marron\/#primaryimage\",\"url\":\"https:\/\/hubsch-interior.com\/wp-content\/uploads\/2026\/02\/bonbon-glass-bowl-medium-greenbrown-b879ffe24099ea5903e858c2f08c455b.jpg\",\"contentUrl\":\"https:\/\/hubsch-interior.com\/wp-content\/uploads\/2026\/02\/bonbon-glass-bowl-medium-greenbrown-b879ffe24099ea5903e858c2f08c455b.jpg\",\"width\":1024,\"height\":1024},{\"@type\":\"BreadcrumbList\",\"@id\":\"https:\/\/hubsch-interior.com\/fr\/produit\/bonbon-bols-en-verre-medium-vert-marron\/#breadcrumb\",\"itemListElement\":[{\"@type\":\"ListItem\",\"position\":1,\"name\":\"Page d'accueil\",\"item\":\"https:\/\/hubsch-interior.com\/fr\/\"},{\"@type\":\"ListItem\",\"position\":2,\"name\":\"Produits\",\"item\":\"https:\/\/hubsch-interior.com\/fr\/shop-2\/\"},{\"@type\":\"ListItem\",\"position\":3,\"name\":\"Cuisine\",\"item\":\"https:\/\/hubsch-interior.com\/fr\/categorie-produit\/cuisine\/\"},{\"@type\":\"ListItem\",\"position\":4,\"name\":\"Vaisselle\",\"item\":\"https:\/\/hubsch-interior.com\/fr\/categorie-produit\/cuisine\/vaisselle-fr-2\/\"},{\"@type\":\"ListItem\",\"position\":5,\"name\":\"Bols de service\",\"item\":\"https:\/\/hubsch-interior.com\/fr\/categorie-produit\/cuisine\/vaisselle-fr-2\/bols-de-service-fr\/\"},{\"@type\":\"ListItem\",\"position\":6,\"name\":\"Bonbon Bols en verre Medium Vert\/Marron\"}]},{\"@type\":\"WebSite\",\"@id\":\"https:\/\/hubsch-interior.com\/fr\/#website\",\"url\":\"https:\/\/hubsch-interior.com\/fr\/\",\"name\":\"H\u00fcbsch\",\"description\":\"Danish Home Interior and Design\",\"publisher\":{\"@id\":\"https:\/\/hubsch-interior.com\/fr\/#organization\"},\"potentialAction\":[{\"@type\":\"SearchAction\",\"target\":{\"@type\":\"EntryPoint\",\"urlTemplate\":\"https:\/\/hubsch-interior.com\/fr\/?s={search_term_string}\"},\"query-input\":{\"@type\":\"PropertyValueSpecification\",\"valueRequired\":true,\"valueName\":\"search_term_string\"}}],\"inLanguage\":\"fr-FR\"},{\"@type\":\"Organization\",\"@id\":\"https:\/\/hubsch-interior.com\/fr\/#organization\",\"name\":\"H\u00fcbsch\",\"url\":\"https:\/\/hubsch-interior.com\/fr\/\",\"logo\":{\"@type\":\"ImageObject\",\"inLanguage\":\"fr-FR\",\"@id\":\"https:\/\/hubsch-interior.com\/fr\/#\/schema\/logo\/image\/\",\"url\":\"https:\/\/hubsch-interior.com\/wp-content\/uploads\/2022\/12\/Hubsch_logo_black_one_line.svg\",\"contentUrl\":\"https:\/\/hubsch-interior.com\/wp-content\/uploads\/2022\/12\/Hubsch_logo_black_one_line.svg\",\"caption\":\"H\u00fcbsch\"},\"image\":{\"@id\":\"https:\/\/hubsch-interior.com\/fr\/#\/schema\/logo\/image\/\"}}]}<\/script>\n<!-- \/ Yoast SEO plugin. -->","yoast_head_json":{"title":"Bonbon Bols en verre Medium Vert\/Marron - H\u00fcbsch","description":"Fabriqu\u00e9s \u00e0 la main et dot\u00e9s d'une surface textur\u00e9e, ces r\u00e9cipients apportent une \u00e9l\u00e9gante touche \u00e0 vos bibelots de tous les jours. Sa conception","robots":{"index":"index","follow":"follow","max-snippet":"max-snippet:-1","max-image-preview":"max-image-preview:large","max-video-preview":"max-video-preview:-1"},"canonical":"https:\/\/hubsch-interior.com\/fr\/wp-json\/wp\/v2\/product\/899467","og_locale":"fr_FR","og_type":"article","og_title":"Bonbon Bols en verre Medium Vert\/Marron - H\u00fcbsch","og_description":"Fabriqu\u00e9s \u00e0 la main et dot\u00e9s d'une surface textur\u00e9e, ces r\u00e9cipients apportent une \u00e9l\u00e9gante touche \u00e0 vos bibelots de tous les jours. Sa conception","og_url":"https:\/\/hubsch-interior.com\/fr\/produit\/bonbon-bols-en-verre-medium-vert-marron\/","og_site_name":"H\u00fcbsch","article_modified_time":"2026-04-05T02:25:53+00:00","og_image":[{"width":1200,"height":1200,"url":"https:\/\/hubsch-interior.com\/wp-content\/uploads\/2023\/11\/bonbon-glass-bowl-medium-greenbrown-43de43c4f6d5afff296146d73be23441.jpg","type":"image\/jpeg"}],"twitter_card":"summary_large_image","twitter_misc":{"Dur\u00e9e de lecture estim\u00e9e":"1 minute"},"schema":{"@context":"https:\/\/schema.org","@graph":[{"@type":"WebPage","@id":"https:\/\/hubsch-interior.com\/fr\/produit\/bonbon-bols-en-verre-medium-vert-marron\/","url":"https:\/\/hubsch-interior.com\/fr\/produit\/bonbon-bols-en-verre-medium-vert-marron\/","name":"Bonbon Bols en verre Medium Vert\/Marron - H\u00fcbsch","isPartOf":{"@id":"https:\/\/hubsch-interior.com\/fr\/#website"},"primaryImageOfPage":{"@id":"https:\/\/hubsch-interior.com\/fr\/produit\/bonbon-bols-en-verre-medium-vert-marron\/#primaryimage"},"image":{"@id":"https:\/\/hubsch-interior.com\/fr\/produit\/bonbon-bols-en-verre-medium-vert-marron\/#primaryimage"},"thumbnailUrl":"https:\/\/hubsch-interior.com\/wp-content\/uploads\/2026\/02\/bonbon-glass-bowl-medium-greenbrown-b879ffe24099ea5903e858c2f08c455b.jpg","datePublished":"2023-06-13T07:07:52+00:00","dateModified":"2026-04-05T02:25:53+00:00","description":"Fabriqu\u00e9s \u00e0 la main et dot\u00e9s d'une surface textur\u00e9e, ces r\u00e9cipients apportent une \u00e9l\u00e9gante touche \u00e0 vos bibelots de tous les jours. Sa conception","breadcrumb":{"@id":"https:\/\/hubsch-interior.com\/fr\/produit\/bonbon-bols-en-verre-medium-vert-marron\/#breadcrumb"},"inLanguage":"fr-FR","potentialAction":[{"@type":"ReadAction","target":["https:\/\/hubsch-interior.com\/fr\/produit\/bonbon-bols-en-verre-medium-vert-marron\/"]}]},{"@type":"ImageObject","inLanguage":"fr-FR","@id":"https:\/\/hubsch-interior.com\/fr\/produit\/bonbon-bols-en-verre-medium-vert-marron\/#primaryimage","url":"https:\/\/hubsch-interior.com\/wp-content\/uploads\/2026\/02\/bonbon-glass-bowl-medium-greenbrown-b879ffe24099ea5903e858c2f08c455b.jpg","contentUrl":"https:\/\/hubsch-interior.com\/wp-content\/uploads\/2026\/02\/bonbon-glass-bowl-medium-greenbrown-b879ffe24099ea5903e858c2f08c455b.jpg","width":1024,"height":1024},{"@type":"BreadcrumbList","@id":"https:\/\/hubsch-interior.com\/fr\/produit\/bonbon-bols-en-verre-medium-vert-marron\/#breadcrumb","itemListElement":[{"@type":"ListItem","position":1,"name":"Page d'accueil","item":"https:\/\/hubsch-interior.com\/fr\/"},{"@type":"ListItem","position":2,"name":"Produits","item":"https:\/\/hubsch-interior.com\/fr\/shop-2\/"},{"@type":"ListItem","position":3,"name":"Cuisine","item":"https:\/\/hubsch-interior.com\/fr\/categorie-produit\/cuisine\/"},{"@type":"ListItem","position":4,"name":"Vaisselle","item":"https:\/\/hubsch-interior.com\/fr\/categorie-produit\/cuisine\/vaisselle-fr-2\/"},{"@type":"ListItem","position":5,"name":"Bols de service","item":"https:\/\/hubsch-interior.com\/fr\/categorie-produit\/cuisine\/vaisselle-fr-2\/bols-de-service-fr\/"},{"@type":"ListItem","position":6,"name":"Bonbon Bols en verre Medium Vert\/Marron"}]},{"@type":"WebSite","@id":"https:\/\/hubsch-interior.com\/fr\/#website","url":"https:\/\/hubsch-interior.com\/fr\/","name":"H\u00fcbsch","description":"Danish Home Interior and Design","publisher":{"@id":"https:\/\/hubsch-interior.com\/fr\/#organization"},"potentialAction":[{"@type":"SearchAction","target":{"@type":"EntryPoint","urlTemplate":"https:\/\/hubsch-interior.com\/fr\/?s={search_term_string}"},"query-input":{"@type":"PropertyValueSpecification","valueRequired":true,"valueName":"search_term_string"}}],"inLanguage":"fr-FR"},{"@type":"Organization","@id":"https:\/\/hubsch-interior.com\/fr\/#organization","name":"H\u00fcbsch","url":"https:\/\/hubsch-interior.com\/fr\/","logo":{"@type":"ImageObject","inLanguage":"fr-FR","@id":"https:\/\/hubsch-interior.com\/fr\/#\/schema\/logo\/image\/","url":"https:\/\/hubsch-interior.com\/wp-content\/uploads\/2022\/12\/Hubsch_logo_black_one_line.svg","contentUrl":"https:\/\/hubsch-interior.com\/wp-content\/uploads\/2022\/12\/Hubsch_logo_black_one_line.svg","caption":"H\u00fcbsch"},"image":{"@id":"https:\/\/hubsch-interior.com\/fr\/#\/schema\/logo\/image\/"}}]}},"_links":{"self":[{"href":"https:\/\/hubsch-interior.com\/fr\/wp-json\/wp\/v2\/product\/899467","targetHints":{"allow":["GET"]}}],"collection":[{"href":"https:\/\/hubsch-interior.com\/fr\/wp-json\/wp\/v2\/product"}],"about":[{"href":"https:\/\/hubsch-interior.com\/fr\/wp-json\/wp\/v2\/types\/product"}],"wp:featuredmedia":[{"embeddable":true,"href":"https:\/\/hubsch-interior.com\/fr\/wp-json\/wp\/v2\/media\/1095901"}],"wp:attachment":[{"href":"https:\/\/hubsch-interior.com\/fr\/wp-json\/wp\/v2\/media?parent=899467"}],"wp:term":[{"taxonomy":"product_brand","embeddable":true,"href":"https:\/\/hubsch-interior.com\/fr\/wp-json\/wp\/v2\/product_brand?post=899467"},{"taxonomy":"product_cat","embeddable":true,"href":"https:\/\/hubsch-interior.com\/fr\/wp-json\/wp\/v2\/product_cat?post=899467"},{"taxonomy":"product_tag","embeddable":true,"href":"https:\/\/hubsch-interior.com\/fr\/wp-json\/wp\/v2\/product_tag?post=899467"}],"curies":[{"name":"wp","href":"https:\/\/api.w.org\/{rel}","templated":true}]}}